{"id":25120,"date":"2020-03-21T12:40:14","date_gmt":"2020-03-21T11:40:14","guid":{"rendered":"https:\/\/pjama.eu\/product\/pjama-protect-bettnaesserhosen-fuer-erwachsene\/"},"modified":"2026-04-15T12:33:59","modified_gmt":"2026-04-15T10:33:59","slug":"bettnaesserhosen-fuer-erwachsene","status":"publish","type":"product","link":"https:\/\/pjama.eu\/de\/produkt\/bettnaesserhosen-fuer-erwachsene\/","title":{"rendered":"Pjama Protect Bettn\u00e4sserhosen f\u00fcr Erwachsene"},"content":{"rendered":"<h3 style=\"color: #d35917;\">Pjama Protect Bettn\u00e4sserhosen f\u00fcr Erwachsene<\/h3>\n<h4 style=\"color: #072130;\">&#8211; Wiederverwendbare Inkontinenzhosen f\u00fcr eine trockene Nacht<\/h4>\n<p>Suchen Sie eine diskrete L\u00f6sung bei n\u00e4chtlicher Enuresis? Pjama\u00ae Bettn\u00e4sserhosen f\u00fcr Erwachsene vereinen Tragekomfort mit maximaler Sicherheit. Unsere waschbaren Bettn\u00e4sserhosen f\u00fcr Erwachsene sind die ideale Alternative zu Einwegprodukten und bieten zuverl\u00e4ssigen Schutz bei n\u00e4chtlicher Harninkontinenz. Die Hosen sind weich, wasserdicht und wiederverwendbar und sorgen sowohl zu Hause als auch bei \u00dcbernachtungen f\u00fcr ein beruhigendes Gef\u00fchl.  <\/p>\n<h4 style=\"color: #072130;\">Vorteile unserer Bettn\u00e4sserhosen f\u00fcr Erwachsene<\/h4>\n<ul>\n<li><strong>Schutz und Komfort:<\/strong> Unsere Bettn\u00e4sserhosen halten Matratze und Bettzeug bei unfreiwilligem Urinverlust zuverl\u00e4ssig trocken.<\/li>\n<li><strong>Diskretes und funktionelles Design:<\/strong> Sieht aus wie eine normale Pyjama-\/Nachthose und eignet sich daher f\u00fcr Erwachsene, die eine diskrete L\u00f6sung suchen.<\/li>\n<li><strong>Umweltfreundlich und wirtschaftlich:<\/strong> Waschbar und wiederverwendbar, was den Bedarf an Einwegprodukten reduziert und die Umwelt schont.<\/li>\n<li><strong>Therapeutischer Effekt: <\/strong>F\u00f6rdert das Aufwachen durch gezieltes Feuchtigkeits-Feedback \u2013 ein entscheidender Vorteil gegen\u00fcber herk\u00f6mmlichen Windeln f\u00fcr Erwachsene.<\/li>\n<\/ul>\n<h4 style=\"color: #072130;\">Wasserdichte Schutzhosen f\u00fcr M\u00e4nner und Frauen<\/h4>\n<p>Pjama Protect Bettn\u00e4sserhosen f\u00fcr Erwachsene bestehen aus einem atmungsaktiven und wasserdichten Material, das sowohl Matratzen als auch Bettlaken sch\u00fctzt. Sie sind f\u00fcr Erwachsene geeignet, die unter n\u00e4chtlichem Einn\u00e4ssen leiden, egal ob es sich um ein vor\u00fcbergehendes oder langfristiges Problem handelt. Die Hosen sind sowohl f\u00fcr M\u00e4nner als auch f\u00fcr Frauen geeignet.  <\/p>\n<h4 style=\"color: #072130;\">Passform &amp; Gr\u00f6\u00dfen: Bettn\u00e4sserhosen von S bis XL<\/h4>\n<p>Wir bieten Gr\u00f6\u00dfen von Small bis XL an, um allen K\u00f6rpertypen gerecht zu werden. Die Hosen bestehen aus Tencel-Gewebe, das laminiert ist, um sie wasserdicht zu machen und trotzdem sanft zur Haut zu sein. Die verwendeten Stoffe sind <a href=\"https:\/\/www.oeko-tex.com\/en\/our-standards\/oeko-tex-standard-100\" target=\"_blank\" rel=\"noopener\">\u00d6ko-Tex-zertifiziert<\/a>. Um die richtige Gr\u00f6\u00dfe zu finden und um zu sehen, wie viel jede Gr\u00f6\u00dfe aufnehmen kann, sehen Sie sich unseren <a href=\"https:\/\/pjama.eu\/de\/groessentabelle-bettnaesserhose\/\">Gr\u00f6\u00dfenf\u00fchrer<\/a> an.   <\/p>\n<p>Sie ben\u00f6tigen eine kleinere Gr\u00f6\u00dfe? Entdecken Sie unser <a href=\"https:\/\/pjama.eu\/de\/bettnaesserhosen\/\">Kindersortiment <\/a>, das den gleichen Schutz und Komfort in gr\u00f6\u00dferen Gr\u00f6\u00dfen bietet. <\/p>\n<h4 style=\"color: #072130;\">Sorgenfrei Reisen trotz n\u00e4chtlichem Einn\u00e4ssen<\/h4>\n<p>Erwachsene, die Probleme mit dem Bettn\u00e4ssen haben, k\u00f6nnen sich unsicher f\u00fchlen, wenn sie sich au\u00dferhalb ihres Zuhauses aufhalten, z. B. auf Reisen oder bei Familie und Freunden. Pjama Protect Bettn\u00e4sserhosen f\u00fcr Erwachsene bieten Sicherheit und eine diskrete L\u00f6sung, die die Bedenken in solchen Situationen zerstreuen. Die Vision von Pjama ist es, Menschen, die unter Bettn\u00e4ssen leiden, dabei zu helfen, ein m\u00f6glichst normales Leben ohne Einschr\u00e4nkungen zu f\u00fchren.  <\/p>\n<h4 style=\"color: #072130;\">Pflegeleicht<\/h4>\n<p>Pjama Protect Bettn\u00e4sserhosen f\u00fcr Erwachsene sind bei 60\u00b0C in der Maschine waschbar und k\u00f6nnen im Trockner getrocknet werden. Bitte beachten Sie, dass sie aufgrund der saugf\u00e4higen Eigenschaft l\u00e4nger zum Trocknen brauchen k\u00f6nnen. Drehen Sie das Kleidungsst\u00fcck beim Waschen auf links, um die Feuchtigkeit optimal abzuleiten. Diese Hosen sind sowohl langlebig als auch wirtschaftlich &#8211; eine perfekte L\u00f6sung f\u00fcr Erwachsene mit n\u00e4chtlichem Bettn\u00e4ssen.<br \/>\n<b>Langlebig &amp; Nachhaltig: Pjama\u00ae garantiert mindestens 100 Waschzyklen bei sachgem\u00e4\u00dfer Pflege Ihrer Bettn\u00e4sserhosen f\u00fcr Erwachsene.<\/b><span style=\"font-weight: 400;\"> <\/span> <a href=\"https:\/\/pjama.eu\/de\/pjama-waschanleitung\/\"><span style=\"font-weight: 400;\">Vollst\u00e4ndige Pflegeanleitung lesen &#8218;<\/span><\/a><\/p>\n<h4 style=\"color: #072130;\">Ratgeber: Bettn\u00e4ssen bei Erwachsenen bew\u00e4ltigen<\/h4>\n<p>Practical Aids for Dry Sleep<\/p>\n<ul>\n<li><strong>Verwenden Sie Pjama Protect Bettn\u00e4sserhosen f\u00fcr Erwachsene:<\/strong> Eine einfache und bequeme Hilfe, um das Bett sowohl zu Hause als auch unterwegs trocken zu halten. Perfekt, um das l\u00e4stige Wechseln des Bettzeugs mitten in der Nacht zu vermeiden und Komfort und Sicherheit zu gew\u00e4hrleisten. <\/li>\n<\/ul>\n<h4 style=\"color: #072130;\">Erg\u00e4nzende Hilfsmittel gegen Bettn\u00e4ssen<\/h4>\n<ul>\n<li><a href=\"https:\/\/pjama.eu\/de\/bettnaesser-alarm-kabellos\/\">Pjama Bettn\u00e4sser-Alarm<\/a>: Ein wirksames Hilfsmittel, um die Kontrolle \u00fcber die Blase zu verbessern und eine n\u00e4chtliche Routine zu entwickeln. Sowohl <a href=\"https:\/\/pjama.eu\/de\/produkt\/pjama-dryguardians-unterwaesche-boxershorts\/\">Boxershorts<\/a> f\u00fcr M\u00e4nner als auch <a href=\"https:\/\/pjama.eu\/de\/produkt\/pjama-dryguardians-unterwaesche-slips\/\">Slips<\/a> f\u00fcr Frauen sind in Erwachsenengr\u00f6\u00dfen mit begleitenden Bettn\u00e4sser-Alarmen erh\u00e4ltlich. Verwenden Sie diese unter Ihrer sch\u00fctzenden Schlafanzughose, um sofortige R\u00fcckmeldung zu erhalten, wenn Feuchtigkeit auftritt.  <\/li>\n<li><a href=\"https:\/\/pjama.eu\/de\/bettnaesser-alarm-app\/\">DryGuardians App<\/a>: Verfolgen Sie den Fortschritt und gewinnen Sie Erkenntnisse \u00fcber die Wirksamkeit Ihrer Behandlung. Die App unterst\u00fctzt auch die Kommunikation mit Gesundheitsdienstleistern. <\/li>\n<\/ul>\n<p>Wenn Sie noch nie wegen Bettn\u00e4ssen oder n\u00e4chtlichem Einn\u00e4ssen behandelt worden sind, k\u00f6nnte dies eine Option f\u00fcr Sie sein. Pjama arbeitet mit dem schwedischen Gesundheitswesen zusammen, um Hilfsmittel und Behandlungsm\u00f6glichkeiten f\u00fcr Bettn\u00e4sser anzubieten. <\/p>\n<h4 style=\"color: #072130;\">Hintergrund: Was ist n\u00e4chtliche Enuresis bei Erwachsenen?<\/h4>\n<p>Bettn\u00e4ssen oder n\u00e4chtliches Einn\u00e4ssen ist unter Erwachsenen weiter verbreitet, als viele denken. Es bedeutet, dass eine Person ungewollt Urin verliert oder w\u00e4hrend des Schlafs ins Bett macht. Es ist wichtig zu verstehen, dass es sich dabei um eine kontrollierbare Situation handelt, die nicht zu Scham oder Schuldgef\u00fchlen f\u00fchren sollte. Ein offenes Gespr\u00e4ch \u00fcber das Bettn\u00e4ssen kann Stress und Schamgef\u00fchle reduzieren und die n\u00f6tige Sicherheit geben, um n\u00e4chtliches Einn\u00e4ssen zu bew\u00e4ltigen.  <\/p>\n<h4 style=\"color: #072130;\">Pers\u00f6nliche Beratung &amp; Medizinische Hilfe<\/h4>\n<p>Wenden Sie sich an eine Krankenschwester oder einen Arzt, um sich \u00fcber die Behandlung beraten zu lassen und m\u00f6gliche Optionen zu besprechen. Die Inanspruchnahme professioneller Hilfe kann ein wichtiger Schritt sein, um das Bettn\u00e4ssen oder die n\u00e4chtliche Enuresis in den Griff zu bekommen und zu behandeln. <\/p>\n<footer>\u00a9 2024 Pjama.<\/footer>\n","protected":false},"excerpt":{"rendered":"<div class=\"product-description\">\n<h3>Saugf\u00e4hige Bettn\u00e4sserhosen f\u00fcr Erwachsene &#8211; diskret und bequem.<\/h3>\n<p>Pjama Protect Bettn\u00e4sserhosen f\u00fcr Erwachsene sind eine pflegeleichte, diskrete und bequeme L\u00f6sung f\u00fcr Erwachsene mit Bettn\u00e4sserproblemen.<\/p>\n<ul>\n<li>Atmungsaktiv und absolut wasserdicht, damit das Bett trocken bleibt.<\/li>\n<li>Weich und so bequem wie eine normale Pyjamahose.<\/li>\n<li>Maschinenwaschbar bei 60\u00b0C und trocknergeeignet.<\/li>\n<\/ul>\n<p>Ben\u00f6tigen Sie eine kleinere Gr\u00f6\u00dfe? Entdecken Sie unser <a href=\"https:\/\/pjama.eu\/de\/bettnaesserhosen\/\">Kindersortiment <\/a> f\u00fcr den gleichen Schutz und Komfort in erweiterten Gr\u00f6\u00dfen <\/p>\n<\/div>\n","protected":false},"featured_media":31313,"template":"","meta":{"_et_pb_use_builder":"","_et_pb_old_content":"","_et_gb_content_width":""},"product_brand":[],"product_cat":[437,404,438],"product_tag":[],"class_list":{"0":"post-25120","1":"product","2":"type-product","3":"status-publish","4":"has-post-thumbnail","6":"product_cat-pjama-original","7":"product_cat-erwachsene","8":"product_cat-pyjamaschutz_2025","9":"product_shipping_class-eu","10":"pa_size-gros","11":"pa_size-klein","12":"pa_size-mittel","13":"pa_size-xlarge","15":"first","16":"instock","17":"taxable","18":"shipping-taxable","19":"purchasable","20":"product-type-variable"},"composite_virtual":false,"composite_layout":"","composite_add_to_cart_form_location":"","composite_editable_in_cart":false,"composite_sold_individually_context":"","composite_shop_price_calc":"","composite_components":[],"composite_scenarios":[],"_links":{"self":[{"href":"https:\/\/pjama.eu\/de\/wp-json\/wp\/v2\/product\/25120","targetHints":{"allow":["GET"]}}],"collection":[{"href":"https:\/\/pjama.eu\/de\/wp-json\/wp\/v2\/product"}],"about":[{"href":"https:\/\/pjama.eu\/de\/wp-json\/wp\/v2\/types\/product"}],"wp:featuredmedia":[{"embeddable":true,"href":"https:\/\/pjama.eu\/de\/wp-json\/wp\/v2\/media\/31313"}],"wp:attachment":[{"href":"https:\/\/pjama.eu\/de\/wp-json\/wp\/v2\/media?parent=25120"}],"wp:term":[{"taxonomy":"product_brand","embeddable":true,"href":"https:\/\/pjama.eu\/de\/wp-json\/wp\/v2\/product_brand?post=25120"},{"taxonomy":"product_cat","embeddable":true,"href":"https:\/\/pjama.eu\/de\/wp-json\/wp\/v2\/product_cat?post=25120"},{"taxonomy":"product_tag","embeddable":true,"href":"https:\/\/pjama.eu\/de\/wp-json\/wp\/v2\/product_tag?post=25120"}],"curies":[{"name":"wp","href":"https:\/\/api.w.org\/{rel}","templated":true}]}}