{"id":25166,"date":"2020-03-21T12:49:41","date_gmt":"2020-03-21T11:49:41","guid":{"rendered":"https:\/\/pjama.eu\/product\/pjama-protect-bettnaessershorts-fuer-erwachsene\/"},"modified":"2026-03-27T10:10:37","modified_gmt":"2026-03-27T09:10:37","slug":"bettnaessershorts-fuer-erwachsene","status":"publish","type":"product","link":"https:\/\/pjama.eu\/de\/produkt\/bettnaessershorts-fuer-erwachsene\/","title":{"rendered":"Pjama Protect: Diskrete Bettn\u00e4ssershorts f\u00fcr Erwachsene"},"content":{"rendered":"<h3 style=\"color: #d35917;\">Pjama Protect: Diskrete Bettn\u00e4ssershorts f\u00fcr Erwachsene<\/h3>\n<h4 style=\"color: #072130;\">Die effektive L\u00f6sung bei n\u00e4chtlichem Einn\u00e4ssen und Harninkontinenz f\u00fcr Erwachsene<\/h4>\n<p>Suchen Sie eine diskrete L\u00f6sung f\u00fcr n\u00e4chtliches Einn\u00e4ssen? Die Pjama Protect Bettn\u00e4ssershorts f\u00fcr Erwachsene bieten maximalen Schutz und Komfort. Diese waschbaren Inkontinenz-Shorts sind die ideale Alternative zu Einwegprodukten f\u00fcr Erwachsene, die unter n\u00e4chtlicher Harninkontinenz (Enuresis) leiden. Sie sind weich, 100% wasserdicht und bieten Sicherheit \u2013 egal ob zu Hause oder auf Reisen.   <\/p>\n<h4 style=\"color: #072130;\">Warum Pjama Protect Bettn\u00e4ssershorts f\u00fcr Erwachsene w\u00e4hlen?<\/h4>\n<ul>\n<li><strong>Maximaler Schutz &amp; Komfort:<\/strong> Unsere Bettn\u00e4ssershorts f\u00fcr Erwachsene halten Matratze und Bettzeug bei Urinverlust zuverl\u00e4ssig trocken.<\/li>\n<li><strong>Diskretes und funktionelles Design:<\/strong> Sieht aus wie eine normale Pyjamashorts und eignet sich daher f\u00fcr Erwachsene, die eine diskrete L\u00f6sung suchen.<\/li>\n<li><strong>Umweltfreundlich und kosteneffektiv:<\/strong> Waschbar und wiederverwendbar, was den Bedarf an Einwegprodukten reduziert und die Umwelt schont.<\/li>\n<li><strong>Therapeutisches Feedback: <\/strong>F\u00f6rdert im Gegensatz zu herk\u00f6mmlichen Windeln das Bewusstsein f\u00fcr Feuchtigkeit, was die Behandlung von n\u00e4chtlicher Enuresis unterst\u00fctzt.<\/li>\n<\/ul>\n<h4 style=\"color: #072130;\">Wasserdichte Schutzhosen f\u00fcr M\u00e4nner und Frauen<\/h4>\n<p>Unsere Bettn\u00e4ssershorts f\u00fcr Erwachsene bestehen aus atmungsaktivem, wasserdichtem High-Tech-Material. Sie sch\u00fctzen Laken und Matratze zuverl\u00e4ssig bei Enuresis nocturna. Das Unisex-Design ist sowohl f\u00fcr M\u00e4nner als auch f\u00fcr Frauen geeignet, die eine langlebige L\u00f6sung f\u00fcr n\u00e4chtliches Einn\u00e4ssen suchen.  <\/p>\n<h4 style=\"color: #072130;\">Gr\u00f6\u00dfen f\u00fcr Erwachsene<\/h4>\n<p>Wir bieten unsere Bettn\u00e4ssershorts f\u00fcr Erwachsene in den Gr\u00f6\u00dfen S bis XL an, um eine optimale Passform f\u00fcr jeden K\u00f6rpertyp zu gew\u00e4hrleisten. Die Shorts bestehen aus Tencel-Gewebe, das laminiert ist, um sie wasserdicht und dennoch sanft zur Haut zu machen. Die verwendeten Stoffe sind <a href=\"https:\/\/www.oeko-tex.com\/en\/our-standards\/oeko-tex-standard-100\" target=\"_blank\" rel=\"noopener\">\u00d6ko-Tex-zertifiziert<\/a>. Um die richtige Gr\u00f6\u00dfe zu finden und die Absorptionskapazit\u00e4t f\u00fcr jede Gr\u00f6\u00dfe zu sehen, sehen Sie sich unseren <a href=\"https:\/\/pjama.eu\/de\/groessentabelle-bettnaesserhose\/\">Gr\u00f6\u00dfenf\u00fchrer<\/a> an.   <\/p>\n<p>Sie ben\u00f6tigen eine kleinere Gr\u00f6\u00dfe? In unserem <a href=\"https:\/\/pjama.eu\/de\/bettnaesserhosen\/\">Kindersortiment<\/a> finden Sie den gleichen Schutz und Komfort in gr\u00f6\u00dferen Gr\u00f6\u00dfen. <\/p>\n<h4 style=\"color: #072130;\">Sorgenfrei Reisen trotz n\u00e4chtlichem Einn\u00e4ssen<\/h4>\n<p>Erwachsene, die unter Bettn\u00e4ssen leiden, k\u00f6nnen sich unsicher f\u00fchlen, wenn sie sich au\u00dferhalb ihres Zuhauses aufhalten, z. B. bei Reisen oder \u00dcbernachtungen bei Familie und Freunden. Pjama Protect Bettn\u00e4ssershorts f\u00fcr Erwachsene bieten eine sichere und diskrete L\u00f6sung, die die Angst vor solchen Situationen verringern kann. Die Vision von Pjama ist es, das Leben von Menschen, die unter Bettn\u00e4ssen leiden, zu erleichtern, damit sie ein m\u00f6glichst normales Leben ohne Einschr\u00e4nkungen f\u00fchren k\u00f6nnen.  <\/p>\n<h4 style=\"color: #072130;\">Einfache Wartung<\/h4>\n<p>Pjama Protect Bettn\u00e4ssershorts f\u00fcr Erwachsene sind bei 60\u00b0C in der Maschine waschbar und k\u00f6nnen im Trockner getrocknet werden. Bitte beachten Sie, dass sie aufgrund ihrer saugf\u00e4higen Funktion l\u00e4nger zum Trocknen brauchen k\u00f6nnen. Drehen Sie das Kleidungsst\u00fcck beim Waschen auf links, damit die Fl\u00fcssigkeit optimal abflie\u00dfen kann. Diese Shorts sind langlebig und kosteng\u00fcnstig &#8211; eine perfekte L\u00f6sung f\u00fcr Erwachsene mit n\u00e4chtlichem Einn\u00e4ssen.<br \/>\n<b>Langlebig &amp; Nachhaltig: Pjama\u00ae garantiert mindestens 100 Waschzyklen bei sachgem\u00e4\u00dfer Pflege Ihrer Bettn\u00e4sserhosen f\u00fcr Erwachsene.<\/b> <a href=\"https:\/\/pjama.eu\/de\/pjama-waschanleitung\/\"><span style=\"font-weight: 400;\">Vollst\u00e4ndige Pflegeanleitung lesen &#8218;<\/span><\/a><\/p>\n<h4 style=\"color: #072130;\">Ratgeber: Bettn\u00e4ssen bei Erwachsenen bew\u00e4ltigen<\/h4>\n<p><strong>Praktische Hilfsmittel f\u00fcr trockenen Schlaf<\/strong><\/p>\n<ul>\n<li>Pjama Protect Bettn\u00e4ssershorts f\u00fcr Erwachsene nutzen: Die diskreteste Art, das Bett trocken zu halten. Ersparen Sie sich n\u00e4chtliches Beziehen der Bettw\u00e4sche und gewinnen Sie Ihre Freiheit auf Reisen zur\u00fcck.\n<\/li>\n<\/ul>\n<h4 style=\"color: #072130;\">Erg\u00e4nzende Produkte zur Behandlung von Bettn\u00e4ssen bei Erwachsenen<\/h4>\n<ul>\n<li><a href=\"https:\/\/pjama.eu\/de\/bettnaesser-alarm-kabellos\/\">Pjama Bettn\u00e4sser-Alarm<\/a>:\n<p>Trainieren Sie Ihre Blasenkontrolle effektiv. Kombinieren Sie den Alarm mit unseren speziellen Sensor-<a href=\"https:\/\/pjama.eu\/de\/produkt\/pjama-dryguardians-unterwaesche-boxershorts\/\">Boxershorts <\/a>f\u00fcr Herren oder <a href=\"https:\/\/pjama.eu\/de\/produkt\/pjama-dryguardians-unterwaesche-slips\/\">Slips<\/a> f\u00fcr Damen unter Ihren Bettn\u00e4ssershorts f\u00fcr Erwachsene f\u00fcr ein optimales Trainingseffekt.Verwenden Sie diese in Verbindung mit Ihren sch\u00fctzenden Schlafanzugshorts, um sofortige R\u00fcckmeldung zu erhalten, wenn Feuchtigkeit auftritt.<\/p>\n<\/li>\n<li><a href=\"https:\/\/pjama.eu\/de\/bettnaesser-alarm-app\/\">DryGuardians App<\/a>: Verfolgen Sie den Fortschritt und erhalten Sie Einblicke in die Wirksamkeit der Behandlung. Die App unterst\u00fctzt auch die Kommunikation mit Gesundheitsdienstleistern. <\/li>\n<\/ul>\n<p>Wenn Sie noch nie wegen Bettn\u00e4ssen oder n\u00e4chtlichem Einn\u00e4ssen behandelt worden sind, k\u00f6nnte dies eine L\u00f6sung f\u00fcr Sie sein. Pjama arbeitet mit dem schwedischen Gesundheitswesen zusammen, um Hilfsmittel und Behandlungsm\u00f6glichkeiten f\u00fcr Bettn\u00e4sser anzubieten. <\/p>\n<h4 style=\"color: #072130;\">Hintergrund: Was ist n\u00e4chtliche Enuresis bei Erwachsenen?<\/h4>\n<p>Bettn\u00e4ssen, oder n\u00e4chtliche Enuresis, ist bei Erwachsenen weit verbreiteter als oft angenommen. Es handelt sich um den unwillk\u00fcrlichen Urinverlust w\u00e4hrend des Schlafes. Wichtig ist: Dies ist ein behandelbares Problem, f\u00fcr das man sich nicht sch\u00e4men muss. Ein offener Umgang und die richtigen Hilfsmittel wie unsere Bettn\u00e4ssershorts f\u00fcr Erwachsene reduzieren Stress und steigern die Lebensqualit\u00e4t.  <\/p>\n<h4 style=\"color: #072130;\">Pers\u00f6nliche Beratung &amp; Medizinische Hilfe<\/h4>\n<p>Wenden Sie sich an eine Krankenschwester oder einen Arzt, um sich \u00fcber die Behandlung beraten zu lassen und m\u00f6gliche Optionen zu besprechen. Die Inanspruchnahme professioneller Hilfe kann ein wichtiger Schritt sein, um Bettn\u00e4ssen oder n\u00e4chtliches Einn\u00e4ssen in den Griff zu bekommen und zu behandeln. <\/p>\n<footer>\u00a9 2024 Pjama.<\/footer>\n","protected":false},"excerpt":{"rendered":"<div class=\"product-description\">\n<h3><span data-sheets-root=\"1\">Absorbierende Bettn\u00e4ssershorts f\u00fcr Erwachsene &#8211; diskret und bequem.<\/span><\/h3>\n<p>Pjama Protect Bettn\u00e4ssershorts f\u00fcr Erwachsene sind eine pflegeleichte, diskrete und bequeme L\u00f6sung f\u00fcr Erwachsene mit Bettn\u00e4ssungsproblemen.<\/p>\n<ul>\n<li>Atmungsaktiv und absolut wasserdicht, damit das Bett trocken bleibt.<\/li>\n<li>So weich und bequem wie normale Pyjama-Shorts.<\/li>\n<li>Maschinenwaschbar bei 60\u00b0C und trocknergeeignet.<\/li>\n<\/ul>\n<p>Ben\u00f6tigen Sie eine kleinere Gr\u00f6\u00dfe? In unserem <a href=\"https:\/\/pjama.eu\/de\/bettnaesserhosen\/\">Kindersortiment<\/a> finden Sie den gleichen Schutz und Komfort in gr\u00f6\u00dferen Gr\u00f6\u00dfen. <\/p>\n<\/div>\n","protected":false},"featured_media":31304,"template":"","meta":{"_et_pb_use_builder":"","_et_pb_old_content":"","_et_gb_content_width":""},"product_brand":[],"product_cat":[437,404,438],"product_tag":[],"class_list":{"0":"post-25166","1":"product","2":"type-product","3":"status-publish","4":"has-post-thumbnail","6":"product_cat-pjama-original","7":"product_cat-erwachsene","8":"product_cat-pyjamaschutz_2025","9":"product_shipping_class-eu","10":"pa_size-breit","11":"pa_size-gros","12":"pa_size-klein","13":"pa_size-mittel","14":"pa_size-xlarge","15":"pa_size-xwide","16":"pa_size-xxbreit","18":"first","19":"instock","20":"taxable","21":"shipping-taxable","22":"purchasable","23":"product-type-variable"},"composite_virtual":false,"composite_layout":"","composite_add_to_cart_form_location":"","composite_editable_in_cart":false,"composite_sold_individually_context":"","composite_shop_price_calc":"","composite_components":[],"composite_scenarios":[],"_links":{"self":[{"href":"https:\/\/pjama.eu\/de\/wp-json\/wp\/v2\/product\/25166","targetHints":{"allow":["GET"]}}],"collection":[{"href":"https:\/\/pjama.eu\/de\/wp-json\/wp\/v2\/product"}],"about":[{"href":"https:\/\/pjama.eu\/de\/wp-json\/wp\/v2\/types\/product"}],"wp:featuredmedia":[{"embeddable":true,"href":"https:\/\/pjama.eu\/de\/wp-json\/wp\/v2\/media\/31304"}],"wp:attachment":[{"href":"https:\/\/pjama.eu\/de\/wp-json\/wp\/v2\/media?parent=25166"}],"wp:term":[{"taxonomy":"product_brand","embeddable":true,"href":"https:\/\/pjama.eu\/de\/wp-json\/wp\/v2\/product_brand?post=25166"},{"taxonomy":"product_cat","embeddable":true,"href":"https:\/\/pjama.eu\/de\/wp-json\/wp\/v2\/product_cat?post=25166"},{"taxonomy":"product_tag","embeddable":true,"href":"https:\/\/pjama.eu\/de\/wp-json\/wp\/v2\/product_tag?post=25166"}],"curies":[{"name":"wp","href":"https:\/\/api.w.org\/{rel}","templated":true}]}}