{"id":25683,"date":"2023-12-01T14:09:29","date_gmt":"2023-12-01T13:09:29","guid":{"rendered":"https:\/\/pjama.eu\/product\/pjama-protect-kopfkissenbezug\/"},"modified":"2026-03-23T16:54:37","modified_gmt":"2026-03-23T15:54:37","slug":"pjama-protect-kopfkissenbezug","status":"publish","type":"product","link":"https:\/\/pjama.eu\/de\/produkt\/pjama-protect-kopfkissenbezug\/","title":{"rendered":"Pjama Protect Kopfkissenbezug"},"content":{"rendered":"<h3 style=\"color:#d35917;\">Schutz f\u00fcr Ihr Kopfkissen und Kopfkissenbezug in Einem!<\/h3>\n<p><strong>Der Pjama Protect Kopfkissenbezug besteht aus Tencel-Fasern, die weicher als Seide sind und Ihr Kopfkissen zu einem Traum machen.<\/strong><\/p>\n<p> <strong> Wasserdicht <\/strong><br \/>\nDie feine Polyurethanmembran verhindert das Eindringen von Fl\u00fcssigkeiten in das Kissen und wirkt gleichzeitig als Barriere f\u00fcr Staub. Sie umschlie\u00dft das gesamte Kissen mit einem Rei\u00dfverschluss an der Seite. <\/p>\n<p> <strong> Staubbarriere <\/strong><br \/>\nDank der feinen Polyurethanmembran dient das Gewebe als Staubbarriere und verhindert so das Einatmen von Staubmilben, die Atemwegsallergien verursachen. Frei von chemischen Behandlungen. <\/p>\n<p> <strong> Atmungsaktiv <\/strong><br \/>\nDer Stoff verhindert das Durchsickern von Fl\u00fcssigkeiten und bleibt dabei absolut atmungsaktiv.<\/p>\n<p> <strong> Natural <\/strong><br \/>\nDie Oberfl\u00e4che des Stoffes ist 100% nat\u00fcrlich, hergestellt aus Holzfasern: TENCEL\u2122 \/ SMARTCEL\u2122. Frei von chemischen Behandlungen. <\/p>\n<p> <strong> Silent <\/strong><br \/>\nEin v\u00f6llig unauff\u00e4lliger Stoff: unmerklich und leise.<\/p>\n<p> <strong> Antibakteriell <\/strong><br \/>\nDank der TENCEL\u2122 Lyocell-Fasern mit hervorragender Feuchtigkeitsregulierung und der SMARTCEL\u2122-Fasern, die wichtige antibakterielle Eigenschaften besitzen, wird das Wachstum von Bakterien verhindert.<\/p>\n<p> <strong> Pflegeleicht <\/strong><br \/>\nMaschinenwaschbar bei 60\u00b0C und trocknergeeignet bei geringer Hitze.<\/p>\n<p> <strong> Bi-elastisch <\/strong><br \/>\nEs passt sich perfekt an das Kissen an, das es sch\u00fctzt.<\/p>\n<p> <strong> Kosmetische Wirkung <\/strong><br \/>\nZinkoxid ist gut f\u00fcr Ihre Haut und unterst\u00fctzt die nat\u00fcrliche Regeneration der Hautzellen.<\/p>\n<p> <strong> Geruchskontrolle <\/strong><br \/>\nTENCEL\u2122 und SMARTCEL\u2122 Fasern verhindern Ger\u00fcche, die durch Bakterien- und Pilzwachstum verursacht werden.<\/p>\n<p> <strong> Umweltfreundlich <\/strong><br \/>\nDas Herstellungsverfahren sowohl f\u00fcr den Stoff als auch f\u00fcr das fertige Produkt ist umweltfreundlich.<\/p>\n","protected":false},"excerpt":{"rendered":"<h4><span data-sheets-root=\"1\">Sch\u00fctzende Kissenh\u00fclle mit atmungsaktiver Membran<\/span><\/h4>\n<p><strong>Der Pjama Protect Kopfkissenbezug besteht aus Tencel-Fasern, die weicher als Seide sind und Ihr Kopfkissen zu einem Traum machen.<\/strong><\/p>\n<p>Unsere Betten und Kopfkissen sind t\u00e4glich einer Vielzahl von sch\u00e4dlichen Faktoren ausgesetzt. Unsere Kissenbez\u00fcge sch\u00fctzen Ihr Kopfkissen vor Problemen wie: <\/p>\n<p>&#8211; Feuchtigkeit &#8211; Jede Nacht verliert der Mensch bis zu 0,5 Liter Wasser durch Verdunstung.<br \/>\n&#8211; Inkontinenzlecks &#8211; In verschiedenen Lebensphasen kann es zu Bettn\u00e4ssen oder Enuresis kommen.<br \/>\n&#8211; Schmutz und Fl\u00fcssigkeiten &#8211; von Lebensmitteln, Haustieren und anderen Quellen.<br \/>\n&#8211; Hausstaubmilben und Allergene.<\/p>\n<p>Die feine Polyurethanmembran verhindert das Eindringen von Fl\u00fcssigkeiten in das Kissen und wirkt gleichzeitig als Staubbarriere, die das Einatmen von Hausstaubmilben verhindert und bei Allergien hilft. Sie sch\u00fctzt das gesamte Kissen, das an der Seite mit einem Rei\u00dfverschluss geschlossen wird. Die Protektoren sind von h\u00f6chster Qualit\u00e4t und werden als medizinisch-technische Produkte eingestuft.  <\/p>\n<p>Wenn Sie oder Ihr Kind unter Bettn\u00e4ssen oder <em>Enuresis<\/em> leiden, k\u00f6nnen Sie <a href=\"https:\/\/pjama.eu\/de\/was-ist-enuresis\/\">hier<\/a> mehr dar\u00fcber lesen.<\/p>\n","protected":false},"featured_media":22884,"template":"","meta":{"_et_pb_use_builder":"","_et_pb_old_content":"","_et_gb_content_width":""},"product_brand":[],"product_cat":[546,304,438],"product_tag":[],"class_list":{"0":"post-25683","1":"product","2":"type-product","3":"status-publish","4":"has-post-thumbnail","6":"product_cat-schutz-von-matratzen-und-bettzeug","7":"product_cat-kinder","8":"product_cat-pyjamaschutz_2025","9":"product_shipping_class-eu","10":"pa_size-55-x-35-cm","11":"pa_size-55-x-60-cm","13":"first","14":"instock","15":"taxable","16":"shipping-taxable","17":"purchasable","18":"product-type-variable"},"composite_virtual":false,"composite_layout":"","composite_add_to_cart_form_location":"","composite_editable_in_cart":false,"composite_sold_individually_context":"","composite_shop_price_calc":"","composite_components":[],"composite_scenarios":[],"_links":{"self":[{"href":"https:\/\/pjama.eu\/de\/wp-json\/wp\/v2\/product\/25683","targetHints":{"allow":["GET"]}}],"collection":[{"href":"https:\/\/pjama.eu\/de\/wp-json\/wp\/v2\/product"}],"about":[{"href":"https:\/\/pjama.eu\/de\/wp-json\/wp\/v2\/types\/product"}],"wp:featuredmedia":[{"embeddable":true,"href":"https:\/\/pjama.eu\/de\/wp-json\/wp\/v2\/media\/22884"}],"wp:attachment":[{"href":"https:\/\/pjama.eu\/de\/wp-json\/wp\/v2\/media?parent=25683"}],"wp:term":[{"taxonomy":"product_brand","embeddable":true,"href":"https:\/\/pjama.eu\/de\/wp-json\/wp\/v2\/product_brand?post=25683"},{"taxonomy":"product_cat","embeddable":true,"href":"https:\/\/pjama.eu\/de\/wp-json\/wp\/v2\/product_cat?post=25683"},{"taxonomy":"product_tag","embeddable":true,"href":"https:\/\/pjama.eu\/de\/wp-json\/wp\/v2\/product_tag?post=25683"}],"curies":[{"name":"wp","href":"https:\/\/api.w.org\/{rel}","templated":true}]}}