{"id":30138,"date":"2020-03-21T12:23:06","date_gmt":"2020-03-21T11:23:06","guid":{"rendered":"https:\/\/pjama.eu\/product\/pjama-protect-bettnaessershorts-fuer-kinder-starter-kit\/"},"modified":"2026-04-15T12:31:42","modified_gmt":"2026-04-15T10:31:42","slug":"pjama-protect-bettnaessershorts-fuer-kinder-starter-kit","status":"publish","type":"product","link":"https:\/\/pjama.eu\/de\/produkt\/pjama-protect-bettnaessershorts-fuer-kinder-starter-kit\/","title":{"rendered":"Pjama Protect Bettn\u00e4ssershorts f\u00fcr Kinder &#8211; Starter Kit"},"content":{"rendered":"<h3 style=\"color: #d35917;\">Pjama Protect Bettn\u00e4ssershorts f\u00fcr Kinder &#8211; Starter Kit. Eine komplette L\u00f6sung f\u00fcr Bettn\u00e4ssen <\/h3>\n<p>Die Pjama Protect Bettn\u00e4ssershorts f\u00fcr Kinder &#8211; Starter Kit ist eine innovative und praktische L\u00f6sung, um das Bettn\u00e4ssen auf bequeme, sichere und effektive Weise zu behandeln. Dieses Starter-Kit enth\u00e4lt <strong>zwei (2) Paar Pjama Protect Bettn\u00e4sser-Shorts und eine (1) wasserdichte Pjama-Tasche<\/strong> und ist damit eine All-in-One-L\u00f6sung, die sowohl zu Hause als auch auf Reisen einfach zu verwenden ist. <\/p>\n<p>Die wasserdichten, wiederverwendbaren Shorts wurden entwickelt, um Kindern und Eltern im Alltag mehr Sicherheit und Komfort zu geben. Erg\u00e4nzt wird das System durch die wasserdichte Pjama Tasche, mit der sich gebrauchte Shorts bei \u00dcbernachtungen oder unterwegs sauber und unkompliziert verstauen lassen. Die Shorts helfen dabei, das Bett \u00fcber Nacht trocken zu halten, sodass ein n\u00e4chtliches Wechseln der Bettw\u00e4sche nach kleinen Missgeschicken entf\u00e4llt und die ganze Familie ruhiger schlafen kann. <\/p>\n<p>Das Starter-Kit ist die passende Wahl f\u00fcr Eltern, die beim Umgang mit Bettn\u00e4ssen auf eine nachhaltige und zugleich wirtschaftliche L\u00f6sung setzen m\u00f6chten. Die wiederverwendbaren Shorts verringern den Bedarf an Einwegprodukten wie Windeln und entlasten damit sowohl die Umwelt als auch Ihr Budget. Gleichzeitig sind sie angenehm zur Haut, komfortabel zu tragen und aus hochwertigen Materialien gefertigt, die f\u00fcr eine sichere Anwendung zertifiziert sind.  <\/p>\n<p>Ob zu Hause, auf Reisen oder wenn das Kind verreist, die Pjama Protect Bettn\u00e4ssershorts f\u00fcr Kinder &#8211; Starter Kit bietet eine diskrete und praktische L\u00f6sung, die den Alltag sowohl f\u00fcr Kinder als auch f\u00fcr Eltern einfacher und bequemer macht.<\/p>\n<h4 style=\"color: #072130;\">Was ist im Starter Kit enthalten?<\/h4>\n<ul>\n<li><strong>2 Paar Pjama Protect Bettn\u00e4ssershorts f\u00fcr Kinder<\/strong> &#8211; Bequeme, diskrete und wasserdichte Shorts, die das Bett vor Unf\u00e4llen sch\u00fctzen.<\/li>\n<li><strong>1 wasserdichte Pjama-Tasche<\/strong> &#8211; Ideal f\u00fcr die Aufbewahrung benutzter Shorts bei \u00dcbernachtungen oder auf Reisen.<\/li>\n<\/ul>\n<h4 style=\"color: #072130;\">Vorteile der Pjama Protect Bettn\u00e4sser-Shorts f\u00fcr Kinder &#8211; Starter Kit<\/h4>\n<ul>\n<li><strong>Sch\u00fctzt das Bett:<\/strong> Die Shorts halten das Bett trocken und reduzieren die Notwendigkeit, das Bettzeug mitten in der Nacht zu wechseln.<\/li>\n<li><strong>Unauff\u00e4llig und stilvoll:<\/strong> Sieht aus wie eine normale Pyjamahose und eignet sich daher perfekt f\u00fcr \u00dcbernachtungen mit Freunden oder der Familie.<\/li>\n<li><strong>Umweltfreundliche Option:<\/strong> Wiederverwendbare Shorts, die den Abfall von Einwegprodukten reduzieren.<\/li>\n<li><strong>Praktisches Pjama:<\/strong> Der wasserdichte Beutel macht es einfach, gebrauchte Shorts ohne Auslaufen zu lagern.<\/li>\n<\/ul>\n<h4 style=\"color: #072130;\">Eine sichere und komfortable L\u00f6sung<\/h4>\n<p>Die Pjama Protect Bettn\u00e4ssershorts sind aus atmungsaktiven und wasserdichten Materialien gefertigt und bieten somit einen hohen Tragekomfort f\u00fcr die ganze Nacht. Das hochwertige Tencel-Gewebe, das <a href=\"https:\/\/www.oeko-tex.com\/en\/our-standards\/oeko-tex-standard-100\" target=\"_blank\" rel=\"noopener\">\u00d6ko-Tex-zertifiziert<\/a> ist, sorgt f\u00fcr Komfort f\u00fcr empfindliche Haut. Der mitgelieferte wasserdichte Pjama-Beutel macht es einfach, die Shorts auf Reisen oder bei \u00dcbernachtungen zu verstauen.  <\/p>\n<h4 style=\"color: #072130;\">Perfekt f\u00fcr \u00dcbernachtungen und Reisen<\/h4>\n<p>Mit den Pjama Protect Bettn\u00e4ssershorts f\u00fcr Kinder &#8211; Starter Kit kann sich Ihr Kind sicher und geborgen f\u00fchlen, auch wenn es ausw\u00e4rts schl\u00e4ft. Die Shorts sehen aus wie normale Pyjama-Shorts, und die mitgelieferte Tasche macht es einfach, sie ohne Probleme zu verwalten, wenn ein Unfall passiert. <\/p>\n<h4 style=\"color: #072130;\">Gr\u00f6\u00dfen f\u00fcr Kinder aller Altersgruppen<\/h4>\n<p>Die Shorts sind in Gr\u00f6\u00dfen von 98 bis 164 cm erh\u00e4ltlich und damit f\u00fcr Kinder verschiedener Altersgruppen geeignet. F\u00fcr gr\u00f6\u00dfere Gr\u00f6\u00dfen sehen Sie sich unsere <a href=\"https:\/\/pjama.eu\/de\/bettnaessen-erwachsene\/\">Modelle f\u00fcr Erwachsene<\/a> an. Nutzen Sie unsere <a href=\"https:\/\/pjama.eu\/de\/groessentabelle-bettnaesserhose\/\">Gr\u00f6\u00dfentabelle<\/a>, um die richtige Passform f\u00fcr Ihr Kind zu finden. Es ist wichtig, dass die Shorts an der Taille gut sitzen, aber nicht zu eng sind.   <\/p>\n<h4 style=\"color: #072130;\">Pflegeleicht<\/h4>\n<ul>\n<li>Die Shorts sind bei 60\u00b0C maschinenwaschbar und trocknergeeignet.<\/li>\n<li>Drehen Sie die Shorts beim Waschen auf links, um sicherzustellen, dass die Feuchtigkeit w\u00e4hrend des Schleudergangs herausgepresst wird.<\/li>\n<li>Die wasserdichte Pjama Tasche kann in der Maschine gewaschen oder einfach ausgesp\u00fclt und wiederverwendet werden.<\/li>\n<li>Weitere Einzelheiten finden Sie in unserer <a href=\"https:\/\/pjama.eu\/de\/pjama-waschanleitung\/\">Pflegeanleitung<\/a>.<br \/>\nPjama<b>garantiert mindestens 100 W\u00e4schen und bis zu 4 Monate regelm\u00e4\u00dfigen Gebrauch, wenn es gem\u00e4\u00df unserer Waschanleitung gepflegt wird.<\/b><\/li>\n<\/ul>\n<h4 style=\"color: #072130;\">Bettn\u00e4ssen wirksam bek\u00e4mpfen<\/h4>\n<ul>\n<li><strong>Use as an aid:<\/strong> Bedwetting shorts are a simple solution for keeping the bed dry.<\/li>\n<li><strong>Zur Behandlung:<\/strong> Kombinieren Sie sie mit unseren <a href=\"https:\/\/pjama.eu\/de\/bettnaesser-alarm\/\">Bettn\u00e4sser-Alarmen und Behandlungsunterw\u00e4sche<\/a>, um Ihrem Kind zu helfen, mit dem Bettn\u00e4ssen aufzuh\u00f6ren.<\/li>\n<li><strong>DryGuardians App:<\/strong> Verfolgen Sie die Fortschritte Ihres Kindes und protokollieren Sie sie in der <a href=\"https:\/\/pjama.eu\/de\/bettnaesser-alarm-app\/\">DryGuardians App<\/a>.<\/li>\n<\/ul>\n<h4 style=\"color: #072130;\">Was ist Bettn\u00e4ssen (n\u00e4chtliche Enuresis)?<\/h4>\n<p>Bettn\u00e4ssen ist ein h\u00e4ufiges Problem, das durch Blasenreifung oder Tiefschlaf verursacht werden kann. Es ist wichtig, sich daran zu erinnern, dass es nicht die Schuld des Kindes ist und dass mit der richtigen Unterst\u00fctzung<br \/>\nerhebliche Fortschritte erzielt werden k\u00f6nnen. <\/p>\n<h4 style=\"color: #072130;\">Brauchen Sie mehr Hilfe?<\/h4>\n<p>Wenden Sie sich an Ihren Arzt oder die Krankenschwester, wenn Sie Fragen zum Bettn\u00e4ssen oder zu Behandlungsm\u00f6glichkeiten haben.<br \/>\nMit den Pjama Protect Bettn\u00e4ssershorts f\u00fcr Kinder &#8211; Starter Kit haben Sie sowohl zu Hause als auch unterwegs Ruhe und Komfort!<\/p>\n<footer>\u00a9 2024 Pjama.<\/footer>\n","protected":false},"excerpt":{"rendered":"<h3><span data-sheets-root=\"1\">Bundle: saugf\u00e4hige Bettn\u00e4ssershorts + Grundausstattung f\u00fcr den Einstieg in den Bettschutz.<\/span><\/h3>\n<p>Ein praktisches Starterset mit zwei wasserdichten und bequemen Pjama Protect Bettn\u00e4sser-Shorts f\u00fcr Kinder,<br \/>\nsowie einer wasserdichten Aufbewahrungstasche.<\/p>\n<ul>\n<li>Sch\u00fctzt das Bett: Wasserdicht und atmungsaktiv.<\/li>\n<li>Discreet and soft: Looks like regular pajama pants.<\/li>\n<li>Pflegeleicht: Maschinenwaschbar und trocknergeeignet.<\/li>\n<\/ul>\n<p>Perfekt f\u00fcr den Gebrauch zu Hause und f\u00fcr \u00dcbernachtungen!<\/p>\n","protected":false},"featured_media":31334,"template":"","meta":{"_et_pb_use_builder":"","_et_pb_old_content":"","_et_gb_content_width":""},"product_brand":[],"product_cat":[437,304,438],"product_tag":[],"class_list":{"0":"post-30138","1":"product","2":"type-product","3":"status-publish","4":"has-post-thumbnail","6":"product_cat-pjama-original","7":"product_cat-kinder","8":"product_cat-pyjamaschutz_2025","9":"product_shipping_class-eu","10":"pa_size-alter-10-12","11":"pa_size-alter-3-4","12":"pa_size-alter-5-6-jahre","13":"pa_size-alter-6-8","14":"pa_size-alter-8-10","15":"pa_size-klein","17":"first","18":"instock","19":"taxable","20":"shipping-taxable","21":"purchasable","22":"product-type-composite"},"composite_virtual":false,"composite_layout":"single","composite_add_to_cart_form_location":"default","composite_editable_in_cart":false,"composite_sold_individually_context":"product","composite_shop_price_calc":"min_max","composite_components":[{"id":"1743168533","title":"Pjama Tasche","description":"<p>Wasserdichter Beutel zur Aufbewahrung nasser Kleidung, wenn man ausw\u00e4rts schl\u00e4ft.<\/p>\n","query_type":"product_ids","query_ids":[24754],"default_option_id":24754,"thumbnail_id":4402,"thumbnail_src":"https:\/\/pjama.eu\/wp-content\/uploads\/Pjama_bag.jpeg","quantity_min":1,"quantity_max":1,"priced_individually":true,"shipped_individually":false,"optional":false,"discount":"","options_style":"dropdowns","pagination_style":"classic","display_prices":"absolute","show_sorting_options":false,"show_filtering_options":false,"attribute_filter_ids":[],"select_action":"view","product_title_visible":false,"product_descr_visible":false,"product_price_visible":true,"product_thumb_visible":true,"subtotal_visible_product":false,"subtotal_visible_cart":true,"subtotal_visible_orders":true},{"id":"1743168534","title":"Pjama Bettn\u00e4ssershorts","description":"<p>Ein saugf\u00e4higes Pyjama-Kleidungsst\u00fcck, das das Bett trocken h\u00e4lt.<\/p>\n","query_type":"product_ids","query_ids":[24983],"default_option_id":24983,"thumbnail_id":7507,"thumbnail_src":"https:\/\/pjama.eu\/wp-content\/uploads\/Shorts_Pjama-1-1.jpeg","quantity_min":2,"quantity_max":6,"priced_individually":true,"shipped_individually":false,"optional":false,"discount":"","options_style":"dropdowns","pagination_style":"classic","display_prices":"absolute","show_sorting_options":false,"show_filtering_options":false,"attribute_filter_ids":[],"select_action":"view","product_title_visible":false,"product_descr_visible":false,"product_price_visible":true,"product_thumb_visible":true,"subtotal_visible_product":false,"subtotal_visible_cart":true,"subtotal_visible_orders":true}],"composite_scenarios":[],"_links":{"self":[{"href":"https:\/\/pjama.eu\/de\/wp-json\/wp\/v2\/product\/30138","targetHints":{"allow":["GET"]}}],"collection":[{"href":"https:\/\/pjama.eu\/de\/wp-json\/wp\/v2\/product"}],"about":[{"href":"https:\/\/pjama.eu\/de\/wp-json\/wp\/v2\/types\/product"}],"wp:featuredmedia":[{"embeddable":true,"href":"https:\/\/pjama.eu\/de\/wp-json\/wp\/v2\/media\/31334"}],"wp:attachment":[{"href":"https:\/\/pjama.eu\/de\/wp-json\/wp\/v2\/media?parent=30138"}],"wp:term":[{"taxonomy":"product_brand","embeddable":true,"href":"https:\/\/pjama.eu\/de\/wp-json\/wp\/v2\/product_brand?post=30138"},{"taxonomy":"product_cat","embeddable":true,"href":"https:\/\/pjama.eu\/de\/wp-json\/wp\/v2\/product_cat?post=30138"},{"taxonomy":"product_tag","embeddable":true,"href":"https:\/\/pjama.eu\/de\/wp-json\/wp\/v2\/product_tag?post=30138"}],"curies":[{"name":"wp","href":"https:\/\/api.w.org\/{rel}","templated":true}]}}