{"id":30142,"date":"2021-02-01T11:50:10","date_gmt":"2021-02-01T10:50:10","guid":{"rendered":"https:\/\/pjama.eu\/product\/pjama-dryguardians-unterwaesche-und-alarm-set-slips\/"},"modified":"2026-03-23T17:09:16","modified_gmt":"2026-03-23T16:09:16","slug":"pjama-dryguardians-unterwaesche-und-alarm-set-slips","status":"publish","type":"product","link":"https:\/\/pjama.eu\/de\/produkt\/pjama-dryguardians-unterwaesche-und-alarm-set-slips\/","title":{"rendered":"Pjama DryGuardians &#8211; Unterw\u00e4sche- und Alarm Set &#8211; Slips"},"content":{"rendered":"<h3 style=\"color: #d35917;\">Pjama DryGuardians &#8211; Unterw\u00e4sche- und Alarm Set &#8211; Slips &#8211; Effektive Alarmbehandlung bei Bettn\u00e4ssen<\/h3>\n<p>Pjama DryGuardians &#8211; Unterw\u00e4sche- und Alarm Set &#8211; Slips ist die perfekte L\u00f6sung f\u00fcr M\u00e4dchen, die unter Bettn\u00e4ssen (n\u00e4chtlicher Enuresis) leiden. In Kombination mit unserer DryGuardians App erhalten Sie eine effektive und komfortable Behandlung des Bettn\u00e4ssens. Diese bettn\u00e4ssenden Slips sind mit eingen\u00e4hten Sensordr\u00e4hten ausgestattet, die schnell Feuchtigkeit erkennen und den Bettn\u00e4sser-Alarm aktivieren, um dem Kind zu helfen, aufzuwachen und das Wasserlassen zu unterbrechen. Der DryGuardians-Behandlungsservice analysiert das Bettn\u00e4ssen und gibt individuelle Tipps, Ratschl\u00e4ge und Prognosen.   <\/p>\n<p>Laden Sie die DryGuardians App bei <a href=\"https:\/\/play.google.com\/store\/apps\/details?id=com.pjama&amp;gl=de&amp;hl=de\" target=\"_blank\" rel=\"noopener\">Google Play<\/a> oder im <a href=\"https:\/\/apps.apple.com\/de\/app\/pjama\/id1498084664?mt=8&amp;l=de\" target=\"_blank\" rel=\"noopener\">App Store<\/a> herunter, um den Fortschritt zu verfolgen und eine ma\u00dfgeschneiderte Anleitung f\u00fcr die Behandlung der n\u00e4chtlichen Enuresis zu erhalten.<\/p>\n<h4 style=\"color: #072130;\">Eigenschaften<\/h4>\n<p>Der Bettn\u00e4sser-Alarm wurde entwickelt, um sowohl Kindern als auch Erwachsenen mit Bettn\u00e4ssen zu helfen und dient als Erstbehandlung bei Enuresis. Der an der Pjama-Kleidung angebrachte Sensor ist mit einer Alarmeinheit verbunden, die bei Feuchtigkeitskontakt aktiviert wird. Diese Alarmbehandlung gegen Enuresis unterbricht das Bettn\u00e4ssen sofort und trainiert das Gehirn, auf die Signale des K\u00f6rpers zu reagieren.  <\/p>\n<p>Pjama DryGuardians &#8211; Unterw\u00e4sche- und Alarm Set &#8211; Slips ist speziell auf die Anatomie von M\u00e4dchen und den Kontaktpunkt des Harnstrahls abgestimmt. Die Slips sind mit zwei kleinen Kn\u00f6pfen an der Taille ausgestattet, mit denen sich der Sensor des Bettn\u00e4sser-Alarms leicht befestigen l\u00e4sst. Eingen\u00e4hte Sensordr\u00e4hte im Schrittbereich erm\u00f6glichen es dem Alarmsystem, Feuchtigkeit zu erkennen und schnell einen Bettn\u00e4sser-Alarm auszul\u00f6sen, um n\u00e4chtliches Einn\u00e4ssen effektiv und sicher zu behandeln.  <\/p>\n<p>Die eingen\u00e4hten Sensordr\u00e4hte in Pjama DryGuardians &#8211; Unterw\u00e4sche- und Alarm Set &#8211; Slips vergr\u00f6\u00dfern den Zielbereich und sorgen f\u00fcr eine zuverl\u00e4ssigere Erkennung. Praktisch bedeutet dies, dass der Alarm unabh\u00e4ngig davon, wo der Urin auftrifft oder wie Ihr Kind schl\u00e4ft, das Bettn\u00e4ssen zuverl\u00e4ssig erkennt. F\u00fcr M\u00e4dchen, vor allem wenn sie auf dem R\u00fccken schlafen, ist dies besonders n\u00fctzlich, da die Stelle, an der der Urin zuerst auftrifft, unterschiedlich sein kann.  <\/p>\n<h4 style=\"color: #072130;\">Verwendung<\/h4>\n<p>Der Slips f\u00fcr Bettn\u00e4sser ist so bequem wie normale Unterw\u00e4sche und daher ideal f\u00fcr Kinder, die unter Bettn\u00e4ssen leiden. Pjama DryGuardians &#8211; Unterw\u00e4sche- und Alarm Set &#8211; Slips f\u00fcr n\u00e4chtliches Einn\u00e4ssen absorbiert keine Fl\u00fcssigkeit. Die Behandlung konzentriert sich darauf, die Gewohnheit des Urinierens im Bett zu durchbrechen.  <\/p>\n<p>Das Paket enth\u00e4lt:<\/p>\n<ul>\n<li>2 x Pjama DryGuardians Unterw\u00e4sche &#8211; Slips<\/li>\n<li>1 x Pjama DryGuardians &#8211; Komplettes Alarmset (Sensor und Toneinheit)<\/li>\n<\/ul>\n<p>Einfach den Sensor am vorderen Bund des Slips einrasten lassen und den Bettn\u00e4sser-Alarm starten, um die Behandlung zu beginnen! Legen Sie den Bettn\u00e4sser-Alarm neben das Bett.<br \/>\nWenn das Kind uriniert, reagieren die empfindlichen eingen\u00e4hten Sensordr\u00e4hte im Slips schnell und aktivieren den Alarm. Das Kind kann den Alarm einfach durch Dr\u00fccken des &#8222;ON\/OFF-Knopfes&#8220; auf der Oberseite des Alarms abstellen und dann ins Badezimmer gehen, um den Uriniervorgang zu beenden.  <\/p>\n<p>Um den Bettn\u00e4sser-Alarm mit Ihrem Smartphone zu verwenden und auf den Behandlungsservice zuzugreifen, laden Sie die DryGuardians-App herunter. Der Alarm verbindet sich automatisch mit der DryGuardians App, wenn diese auf dem Telefon ge\u00f6ffnet ist. <\/p>\n<h4 style=\"color: #072130;\">Pflege der Sensoren<\/h4>\n<p><span style=\"font-weight: 400;\">Um die beste Leistung zu erzielen, sollten Sie den Sensor nach dem Gebrauch immer entfernen und abtrocknen.<\/span> <span style=\"font-weight: 400;\">Vermeiden Sie es, das Ger\u00e4t an einem nassen Kleidungsst\u00fcck befestigt zu lassen &#8211; dies verhindert Korrosion und verl\u00e4ngert die Lebensdauer der Batterie.<\/span><\/p>\n<h4 style=\"color: #072130;\">Eigenschaften und Vorteile Pjama DryGuardians &#8211; Unterw\u00e4sche- und Alarm Set &#8211; Slips<\/h4>\n<ul>\n<li><strong>Wirksame Behandlung:<\/strong> Hilft bei n\u00e4chtlichem Einn\u00e4ssen bei Kindern.<\/li>\n<li><strong>F\u00fcr die Anwendung \u00fcber Nacht konzipiert:<\/strong> Verwenden Sie Ihr Smartphone und die DryGuardians-App f\u00fcr eine diskrete Behandlung.<\/li>\n<li><strong>USB-Laden:<\/strong> Das Weckger\u00e4t l\u00e4sst sich problemlos mit einem USB-Ladeger\u00e4t aufladen.<\/li>\n<li><strong>Drahtloses System:<\/strong> Die Alarmeinheit kann bis zu 10 Meter vom Sensor entfernt aufgestellt werden.<\/li>\n<li><strong>Benachrichtigungen f\u00fcr Eltern:<\/strong> Verkn\u00fcpfen Sie den Bettn\u00e4sser-Alarm mit dem Mobiltelefon der Eltern, um Benachrichtigungen \u00fcber undichte Stellen zu erhalten.<\/li>\n<li><strong>Zuverl\u00e4ssige Detektion:<\/strong> Gro\u00dfer, an den Urinstrahl angepasster Zielbereich.<\/li>\n<li><strong>Bequem und weich:<\/strong> Hergestellt aus hochwertigen, \u00d6ko-Tex-zertifizierten Stoffen, die sicher und sanft zur Kinderhaut sind.<\/li>\n<li><strong>Langlebig:<\/strong> Maschinenwaschbar bei 60\u00b0C und trocknergeeignet.<\/li>\n<\/ul>\n<p><span style=\"color: #666666; font-size: 14px;\">Denken Sie daran, den Pjama-Sensor f\u00fcr den Bettn\u00e4sser-Alarm bei Nichtgebrauch und vor dem Waschen abzunehmen.<\/span><\/p>\n<h4 style=\"color: #072130;\">DryGuardians App und Klinik f\u00fcr Bettn\u00e4ssen<\/h4>\n<p>Mit der DryGuardians-App k\u00f6nnen Sie die Fortschritte bei der Behandlung von Bettn\u00e4ssen und n\u00e4chtlichem Einn\u00e4ssen leicht verfolgen. DryGuardians bietet Vorhersagen und Empfehlungen, die in Zusammenarbeit mit dem schwedischen Gesundheitswesen entwickelt wurden und auf Ihre Behandlungsfortschritte zugeschnitten sind, um sicherzustellen, dass sie f\u00fcr Ihre spezifische Situation optimiert sind. Sie k\u00f6nnen alle Unf\u00e4lle protokollieren und Trends im Laufe der Zeit verfolgen, was Ihnen oder Ihrem Kind helfen kann, motiviert zu bleiben. Die gesammelten Informationen sind auch f\u00fcr den Austausch mit \u00c4rzten wertvoll, wenn weiterer Rat ben\u00f6tigt wird.   <\/p>\n<ul>\n<li>Verwenden Sie die App als Soundeinheit f\u00fcr Ihren Bettn\u00e4sser-Alarm und w\u00e4hlen Sie verschiedene Alarmsignale aus.<\/li>\n<li>Tragen Sie die n\u00e4chtlichen Ergebnisse in den Kalender ein, um den Fortschritt zu verfolgen und personalisierte Tipps zu erhalten.<\/li>\n<li>Pers\u00f6nliche Beratung und Unterst\u00fctzung bei der Behandlung der Enuresis.<\/li>\n<li>Stellen Sie einen Tagesalarm ein, der Sie oder Ihr Kind daran erinnert, tags\u00fcber auf die Toilette zu gehen.<\/li>\n<\/ul>\n<p>Die DryGuardians-App kann kostenlos bei <a href=\"https:\/\/play.google.com\/store\/apps\/details?id=com.pjama&amp;gl=de&amp;hl=de\" target=\"_blank\" rel=\"noopener\">Google Play<\/a> oder im <a href=\"https:\/\/apps.apple.com\/de\/app\/pjama\/id1498084664?mt=8&amp;l=de\" target=\"_blank\" rel=\"noopener\">App Store<\/a> heruntergeladen werden. Erfahren Sie auf unserer <a href=\"https:\/\/pjama.eu\/de\/\">Website<\/a> mehr \u00fcber unsere Bettn\u00e4sseklinik und wie wir Ihnen oder Ihrem Kind helfen k\u00f6nnen. <\/p>\n<h4 style=\"color: #072130;\">Der Behandlungsprozess &#8211; Motivation und Geduld sind der Schl\u00fcssel<\/h4>\n<p>Die Behandlung der n\u00e4chtlichen Enuresis erfordert Motivation und Geduld, vor allem in den ersten Wochen. Sowohl f\u00fcr Kinder als auch f\u00fcr Eltern ist es wichtig, sich realistische Ziele zu setzen und Fortschritte zu feiern. Denken Sie daran, dass ein trockenes Bett ohne Hilfsmittel das Ziel ist, und der Weg dorthin kann durch Hilfsmittel wie DryGuardians f\u00fcr M\u00e4dchen erleichtert werden.  <\/p>\n<p>Als Elternteil k\u00f6nnen Sie Ihr Kind motivieren, indem Sie ihm positives Feedback und Komplimente geben. Mit Hilfe der <em>DryGuardians App<\/em> k\u00f6nnen Sie Tipps und Ratschl\u00e4ge erhalten, die auf den Fortschritt der Behandlung zugeschnitten sind. Dies ist ein sicherer und effektiver Weg zu einem besseren Alltagsleben f\u00fcr Kinder und Erwachsene, die unter Einn\u00e4ssen leiden.  <\/p>\n<p>\u00a9 2024 Pjama.<\/p>\n","protected":false},"excerpt":{"rendered":"<h3>Pjama DryGuardians &#8211; Unterw\u00e4sche- und Alarm Set &#8211; Slips<\/h3>\n<p>Pjama DryGuardians &#8211; Unterw\u00e4sche- und Alarm Set &#8211; Slips ist ein kompletter Service, der eine wirksame und sichere Behandlung von Enuresis (Bettn\u00e4ssen) bietet.<\/p>\n<ul>\n<li>Beinhaltet 2 x Pjama DryGuardians &#8211; Unterw\u00e4sche &#8211; Slips und 1 x Pjama DryGuardians Bettn\u00e4sser-Alarmanlagen-Set (Sensor und Toneinheit)<\/li>\n<li>Gro\u00dfer Zielbereich f\u00fcr eine sichere und schnelle Reaktion auf Bettn\u00e4ssen.<\/li>\n<li>So weich und bequem wie normale Unterw\u00e4sche.<\/li>\n<li>Maschinenwaschbar bei 60\u00b0C und trocknergeeignet.<\/li>\n<\/ul>\n<p>Laden Sie die DryGuardians App, einen kostenlosen Behandlungsservice f\u00fcr Bettn\u00e4ssen, bei <a href=\"https:\/\/play.google.com\/store\/apps\/details?id=com.pjama&amp;gl=de&amp;hl=de\">Google Play<\/a> oder im <a href=\"https:\/\/apps.apple.com\/de\/app\/pjama\/id1498084664?mt=8&amp;l=de\">App Store<\/a> herunter.<\/p>\n","protected":false},"featured_media":31184,"template":"","meta":{"_et_pb_use_builder":"off","_et_pb_old_content":"<h3>BEDWETTING ALARM WITH UNISEX BRIEFS UNDERWEAR- STARTER KIT<\/h3>\r\nPjama Bedwetting Alarm with Unisex Briefs Underwear-Starter Kit is a complete product for treatment of bedwetting. The Pjama Bedwetting Alarm also connects to smartphone. Download the app from <a href=\"https:\/\/play.google.com\/store\/apps\/details?id=com.pjama\">Google Play<\/a> or <a href=\"https:\/\/apps.apple.com\/us\/app\/pjama\/id1498084664\">App Store<\/a>.\r\n\r\nPjama Treatment Unisex Briefs underwear has sewn-in sensor threads, adapted for both boys and girls, to which you easily connect the Pjama Bedwetting Alarm. The Pjama Bedwetting Alarm includes 1 Pjama Sensor and 1 Pjama Speaker.\r\n\r\nFor treatment, you simply connect the Pjama Sensor to 2 small buttons by the waist of the Pjama Treatment Unisex Briefs underwear which in turn wirelessly communicates with the bedwetting alarm unit or your smartphone.\r\nSuitable for laundry in the washing machine at 60 degrees and tumble dry.\r\n\r\nWearing Pjama Treatment Unisex Briefs underwear are as nice as wearing any other underwear, while being able to connect to a sensitive bedwetting alarm system.\r\n<h4>The Product includes:<\/h4>\r\n2 x Pjama Treatment Unisecx Briefs Underwear\r\n1 x Pjama Bedwetting Alarm (Sensor and Speaker)\r\n<h4>MATERIAL<\/h4>\r\nThe Pjama Treatment Unisex Briefs are made of fabrics that are Oeko-Tex certified.\r\n<h4>WASHING<\/h4>\r\nWash and tumble dry product at maximum 60 degrees.\r\nPlease note that when you use Pjama Bedwetting Alarm with the product, be sure to snap off the small Pjama Sensor for Bedwetting Alarm connected to the briefs before washing.\r\n<h4>FOLLOW YOUR DEVELOPMENT WITH THE PJAMA APP AND PJAMA BEDWETTING CLINIC<\/h4>\r\nThe Pjama App includes several functionalities; you get access to the alarm function and can set different alarm signals, in the calendar you can log the progress and success, you can find general tips and advice to assist with the bedwetting treatment. It is also possible to set day alarms for the children who suffer from leakage even during the day. The Pjama app is free to download from <a href=\"https:\/\/play.google.com\/store\/apps\/details?id=com.pjama\">Google Play<\/a> or <a href=\"https:\/\/apps.apple.com\/us\/app\/pjama\/id1498084664\">App Store<\/a>.\r\n\r\nPjama Bedwetting Clinic gives you customized tips and advice during bedwetting treatment.\r\nDo not forget to record the outcome of the night in the Pjama App so that you can keep track of your, or your child's, progress.\r\n\r\nRead more about the Pjama App and <a href=\"https:\/\/pjama.eu\/bedwetting-clinic\/\">Bedwetting Clinic on our website.<\/a>\r\n<h4>TREATMENT IS A PROCESS WHERE MOTIVATION IS THE KEY<\/h4>\r\nPatience is the key! For a faster and long-term improvement, patience and motivation is needed. If you are a new Pjama user, it is good if you have your ultimate goal in mind - a dry bed without aids. If your end goal feels far away, you can set smaller goals along the way.\r\nAnd never forget that you will get through this!","_et_gb_content_width":""},"product_brand":[],"product_cat":[355,304,354,356],"product_tag":[],"class_list":{"0":"post-30142","1":"product","2":"type-product","3":"status-publish","4":"has-post-thumbnail","6":"product_cat-bettnasser-alarm","7":"product_cat-kinder","8":"product_cat-pjama-behandlung","9":"product_cat-pjamadryguardians_2025","10":"product_shipping_class-eu","11":"pa_size-alter-10-12","12":"pa_size-alter-5-6-jahre","13":"pa_size-alter-6-8","14":"pa_size-alter-8-10","15":"pa_size-klein","17":"first","18":"instock","19":"taxable","20":"shipping-taxable","21":"purchasable","22":"product-type-composite"},"composite_virtual":false,"composite_layout":"single","composite_add_to_cart_form_location":"default","composite_editable_in_cart":false,"composite_sold_individually_context":"product","composite_shop_price_calc":"min_max","composite_components":[{"id":"1743166762","title":"Pjama Bettn\u00e4sser-Alarm","description":"<p>Bettn\u00e4sser-Alarm mit Lautsprecher und Sensor.<\/p>\n","query_type":"product_ids","query_ids":[24646],"default_option_id":24646,"thumbnail_id":6376,"thumbnail_src":"https:\/\/pjama.eu\/wp-content\/uploads\/Pjama-alarm-600x400-1-300x300-1.jpeg","quantity_min":1,"quantity_max":1,"priced_individually":true,"shipped_individually":false,"optional":false,"discount":"","options_style":"dropdowns","pagination_style":"classic","display_prices":"absolute","show_sorting_options":false,"show_filtering_options":false,"attribute_filter_ids":[],"select_action":"view","product_title_visible":false,"product_descr_visible":false,"product_price_visible":true,"product_thumb_visible":true,"subtotal_visible_product":false,"subtotal_visible_cart":true,"subtotal_visible_orders":true},{"id":"1743166763","title":"Behandlungs-Slips","description":"<p>Unterw\u00e4sche zur Behandlung von Bettn\u00e4ssen. Nicht saugf\u00e4hig. <\/p>\n","query_type":"product_ids","query_ids":[24693],"default_option_id":24693,"thumbnail_id":3729,"thumbnail_src":"https:\/\/pjama.eu\/wp-content\/uploads\/hipster-only.jpg","quantity_min":2,"quantity_max":6,"priced_individually":true,"shipped_individually":false,"optional":false,"discount":"","options_style":"dropdowns","pagination_style":"classic","display_prices":"absolute","show_sorting_options":false,"show_filtering_options":false,"attribute_filter_ids":[],"select_action":"view","product_title_visible":false,"product_descr_visible":false,"product_price_visible":true,"product_thumb_visible":true,"subtotal_visible_product":false,"subtotal_visible_cart":true,"subtotal_visible_orders":true}],"composite_scenarios":[],"_links":{"self":[{"href":"https:\/\/pjama.eu\/de\/wp-json\/wp\/v2\/product\/30142","targetHints":{"allow":["GET"]}}],"collection":[{"href":"https:\/\/pjama.eu\/de\/wp-json\/wp\/v2\/product"}],"about":[{"href":"https:\/\/pjama.eu\/de\/wp-json\/wp\/v2\/types\/product"}],"wp:featuredmedia":[{"embeddable":true,"href":"https:\/\/pjama.eu\/de\/wp-json\/wp\/v2\/media\/31184"}],"wp:attachment":[{"href":"https:\/\/pjama.eu\/de\/wp-json\/wp\/v2\/media?parent=30142"}],"wp:term":[{"taxonomy":"product_brand","embeddable":true,"href":"https:\/\/pjama.eu\/de\/wp-json\/wp\/v2\/product_brand?post=30142"},{"taxonomy":"product_cat","embeddable":true,"href":"https:\/\/pjama.eu\/de\/wp-json\/wp\/v2\/product_cat?post=30142"},{"taxonomy":"product_tag","embeddable":true,"href":"https:\/\/pjama.eu\/de\/wp-json\/wp\/v2\/product_tag?post=30142"}],"curies":[{"name":"wp","href":"https:\/\/api.w.org\/{rel}","templated":true}]}}