{"id":30150,"date":"2023-09-26T14:56:47","date_gmt":"2023-09-26T12:56:47","guid":{"rendered":"https:\/\/pjama.eu\/product\/pjama-dryguardians-fuer-maenner-boxershorts\/"},"modified":"2026-04-16T20:38:03","modified_gmt":"2026-04-16T18:38:03","slug":"pjama-dryguardians-fuer-maenner-boxershorts","status":"publish","type":"product","link":"https:\/\/pjama.eu\/de\/produkt\/pjama-dryguardians-fuer-maenner-boxershorts\/","title":{"rendered":"Pjama DryGuardians &#8211; F\u00fcr M\u00e4nner &#8211; Boxershorts"},"content":{"rendered":"<h3 style=\"color: #d35917;\">Pjama DryGuardians &#8211; F\u00fcr M\u00e4nner &#8211; Boxershorts<\/h3>\n<p>Pjama DryGuardians &#8211; For Men &#8211; Boxers ist die perfekte L\u00f6sung f\u00fcr M\u00e4nner, die unter Bettn\u00e4ssen (n\u00e4chtlicher Enuresis) leiden. In Kombination mit der DryGuardians App erhalten Sie eine effektive und komfortable Behandlung. Die Boxershorts verf\u00fcgen \u00fcber eingebaute Sensorf\u00e4den, die Feuchtigkeit schnell erkennen und den Alarm aktivieren, so dass der Benutzer aufwachen und das Wasserlassen unterbrechen kann. Der DryGuardians-Service analysiert au\u00dferdem das Bettn\u00e4ssen und gibt pers\u00f6nliche Tipps, Ratschl\u00e4ge und Vorhersagen f\u00fcr den weiteren Verlauf.   <\/p>\n<p>Laden Sie die DryGuardians App bei <a href=\"https:\/\/play.google.com\/store\/apps\/details?id=com.pjama&amp;hl=de&amp;gl=de\" target=\"_blank\" rel=\"noopener\">Google Play<\/a> oder im <a href=\"https:\/\/apps.apple.com\/de\/app\/pjama\/id1498084664?l=de\" target=\"_blank\" rel=\"noopener\">App Store<\/a> herunter, um Ihre Fortschritte zu verfolgen und individuelle Anleitungen zu erhalten.<\/p>\n<h4 style=\"color: #072130;\">Eigenschaften<\/h4>\n<p>Der Alarm ist sowohl f\u00fcr Kinder als auch f\u00fcr Erwachsene geeignet und gilt als Erstbehandlung bei Einn\u00e4ssen. Der Sensor wird \u00fcber zwei kleine Kn\u00f6pfe am Hosenbund mit der Boxershorts verbunden. Eingebaute Sensorf\u00e4den im Schrittbereich sorgen f\u00fcr eine zuverl\u00e4ssige Erkennung unabh\u00e4ngig von der Schlafposition. Dies macht ihn besonders effektiv f\u00fcr M\u00e4nner, bei denen der Urinfluss und die Kontaktpunkte variieren k\u00f6nnen.   <\/p>\n<h4 style=\"color: #072130;\">Verwendung<\/h4>\n<p>Die Boxershorts lassen sich so bequem wie normale Unterw\u00e4sche tragen und sind daher ideal f\u00fcr eine diskrete Behandlung. <strong>Hinweis: Dieses Produkt absorbiert keine Fl\u00fcssigkeit.<\/strong><br \/>\nF\u00fcr zus\u00e4tzlichen Schutz vor <a href=\"https:\/\/pjama.eu\/de\/produkt\/bettnaessershorts-fuer-erwachsene\/\">Bettn\u00e4ssen kann das Behandlungsset mit Pjama absorbierender Bettn\u00e4sser-Unterw\u00e4sche<\/a> kombiniert werden. <\/p>\n<ul>\n<li>2 \u00d7 Pjama DryGuardians &#8211; F\u00fcr M\u00e4nner &#8211; Boxershorts<\/li>\n<li>1 \u00d7 Pjama DryGuardians Bettn\u00e4sser-Alarmanlagen-Set (Sensor und Toneinheit)<\/li>\n<\/ul>\n<p>Befestigen Sie den Sensor am Hosenbund und l\u00f6sen Sie den Alarm aus. Bei einem Unfall erkennen die F\u00e4den Feuchtigkeit und aktivieren den Alarm. Der Alarm kann mit der ON\/OFF-Taste gestoppt werden. Die DryGuardians App stellt automatisch eine Verbindung her, wenn sie auf Ihrem Smartphone ge\u00f6ffnet ist.   <\/p>\n<h4 style=\"color: #072130;\">Merkmale und Vorteile<\/h4>\n<ul>\n<li><strong>Wirksame Behandlung:<\/strong> Unterst\u00fctzt Erwachsene und Kinder mit n\u00e4chtlichem Einn\u00e4ssen.<\/li>\n<li>Diskret: Verbindet sich mit der DryGuardians App und erm\u00f6glicht eine unauff\u00e4llige Anwendung \u00fcberall.<\/li>\n<li><strong>USB-Laden:<\/strong> Einfaches Aufladen \u00fcber USB.<\/li>\n<li><strong>Drahtlos:<\/strong> Der Alarm funktioniert in einer Entfernung von bis zu 10 Metern vom Sensor.<\/li>\n<li><strong>Telefonische Benachrichtigungen:<\/strong> Erhalten Sie Benachrichtigungen direkt auf Ihrem Smartphone.<\/li>\n<li><strong>Zuverl\u00e4ssige Erkennung:<\/strong> Gro\u00dfer Sensorbereich f\u00fcr sichere Erkennung.<\/li>\n<li><strong>Bequem und weich:<\/strong> \u00d6ko-Tex-zertifizierte Stoffe, sanft zur Haut.<\/li>\n<li><strong>Langlebig:<\/strong> Waschbar bei 60\u00b0C und trocknergeeignet.<\/li>\n<\/ul>\n<h4 style=\"color: #d35917;\"><strong>Denken Sie daran, den Pjama-Sensor vor dem Waschen zu entfernen.<\/strong><\/h4>\n<p>&nbsp;<\/p>\n<h4 style=\"color: #072130;\">DryGuardians App und Klinik f\u00fcr Bettn\u00e4ssen<\/h4>\n<p>Mit der DryGuardians App k\u00f6nnen Benutzer ihre Fortschritte verfolgen und erhalten ma\u00dfgeschneiderte Empfehlungen, die mit schwedischem Fachwissen im Gesundheitswesen entwickelt wurden. Sie hilft, die Motivation aufrechtzuerhalten, indem sie die Ergebnisse protokolliert, Trends identifiziert und Daten bei Bedarf mit Gesundheitsdienstleistern teilt. <\/p>\n<ul>\n<li>W\u00e4hlen Sie die Alarmt\u00f6ne direkt in der App aus.<\/li>\n<li>Protokollieren Sie die n\u00e4chtlichen Ergebnisse, um Verbesserungen zu verfolgen.<\/li>\n<li>Sie erhalten individuelle Unterst\u00fctzung w\u00e4hrend der Behandlung.<\/li>\n<li>Stellen Sie Erinnerungen f\u00fcr Toiletteng\u00e4nge w\u00e4hrend des Tages ein.<\/li>\n<\/ul>\n<p>Die App kann kostenlos bei <a href=\"https:\/\/play.google.com\/store\/apps\/details?id=com.pjama&amp;hl=de&amp;gl=de\" target=\"_blank\" rel=\"noopener\">Google Play<\/a> oder im <a href=\"https:\/\/apps.apple.com\/de\/app\/pjama\/id1498084664?l=de\" target=\"_blank\" rel=\"noopener\">App Store<\/a> heruntergeladen werden. Erfahren Sie mehr \u00fcber unsere Bettn\u00e4sser-Klinik auf unserer <a href=\"https:\/\/pjama.eu\/de\/\">Website<\/a>. <\/p>\n<h4 style=\"color: #072130;\">Der Behandlungsprozess &#8211; Motivation und Geduld sind der Schl\u00fcssel<\/h4>\n<p>Die Behandlung der n\u00e4chtlichen Enuresis erfordert Motivation und Geduld, vor allem in den ersten Wochen. Das ultimative Ziel ist ein trockenes Bett ohne Hilfsmittel, aber das Setzen kleinerer Etappenziele auf dem Weg dorthin hilft. Mit Unterst\u00fctzung der DryGuardians App k\u00f6nnen Sie motiviert bleiben, Ihre Fortschritte verfolgen und auf Ihren Weg zugeschnittene Ratschl\u00e4ge erhalten. Dies macht Pjama DryGuardians &#8211; For Men (Boxers) zu einer sicheren und effektiven L\u00f6sung f\u00fcr ein besseres t\u00e4gliches Leben.   <\/p>\n","protected":false},"excerpt":{"rendered":"<h3><span data-sheets-root=\"1\">B\u00fcndel: Komplettes Set zur Behandlung von Bettn\u00e4ssen f\u00fcr M\u00e4nner &#8211; Teil der DryGuardians Methode<\/span><\/h3>\n<p>Pjama DryGuardians Unterw\u00e4sche &#8211; F\u00fcr M\u00e4nner &#8211; Boxershorts ist ein kompletter Service, der eine wirksame und sichere Behandlung von Enuresis (Bettn\u00e4ssen) bei Erwachsenen erm\u00f6glicht.<\/p>\n<ul>\n<li>Enth\u00e4lt 2 \u00d7 Pjama DryGuardians &#8211; F\u00fcr M\u00e4nner &#8211; Boxershorts und 1 \u00d7 Pjama DryGuardians Bettn\u00e4sser-Alarmanlagen-Set (Sensor und Toneinheit)<\/li>\n<li>Gro\u00dfer Erfassungsbereich f\u00fcr eine sichere und schnelle Reaktion auf Bettn\u00e4ssen.<\/li>\n<li>So weich und bequem wie normale Unterw\u00e4sche.<\/li>\n<li>Maschinenwaschbar bei 60\u00b0C und trocknergeeignet.<\/li>\n<\/ul>\n<p>Laden Sie die DryGuardians App, einen kostenlosen Service zur Behandlung von Bettn\u00e4ssen, bei <a href=\"https:\/\/play.google.com\/store\/apps\/details?id=com.pjama&amp;hl=de&amp;gl=de\" target=\"_blank\" rel=\"noopener\">Google Play<\/a> oder im <a href=\"https:\/\/apps.apple.com\/de\/app\/pjama\/id1498084664?l=de\">App Store<\/a> herunter.<\/p>\n","protected":false},"featured_media":31044,"template":"","meta":{"_et_pb_use_builder":"","_et_pb_old_content":"","_et_gb_content_width":""},"product_brand":[],"product_cat":[404],"product_tag":[],"class_list":{"0":"post-30150","1":"product","2":"type-product","3":"status-publish","4":"has-post-thumbnail","6":"product_cat-erwachsene","7":"product_shipping_class-eu","8":"pa_size-alter-10-12","9":"pa_size-alter-5-6-jahre","10":"pa_size-alter-6-8","11":"pa_size-alter-8-10","12":"pa_size-klein","14":"first","15":"instock","16":"taxable","17":"shipping-taxable","18":"purchasable","19":"product-type-composite"},"composite_virtual":false,"composite_layout":"single","composite_add_to_cart_form_location":"default","composite_editable_in_cart":false,"composite_sold_individually_context":"product","composite_shop_price_calc":"min_max","composite_components":[{"id":"1743167139","title":"Pjama Bettn\u00e4sser-Alarm","description":"<p>Bettn\u00e4sser-Alarm mit Lautsprecher und Sensor. <\/p>\n","query_type":"product_ids","query_ids":[24646],"default_option_id":24646,"thumbnail_id":6376,"thumbnail_src":"https:\/\/pjama.eu\/wp-content\/uploads\/Pjama-alarm-600x400-1-300x300-1.jpeg","quantity_min":1,"quantity_max":1,"priced_individually":true,"shipped_individually":false,"optional":false,"discount":"","options_style":"dropdowns","pagination_style":"classic","display_prices":"absolute","show_sorting_options":false,"show_filtering_options":false,"attribute_filter_ids":[],"select_action":"view","product_title_visible":false,"product_descr_visible":false,"product_price_visible":true,"product_thumb_visible":true,"subtotal_visible_product":false,"subtotal_visible_cart":true,"subtotal_visible_orders":true},{"id":"1743167140","title":"Behandlung Boxer-Unterw\u00e4sche","description":"<p>Boxer Bettn\u00e4ssen Behandlung Unterw\u00e4sche. Nicht saugf\u00e4hig. <\/p>\n","query_type":"product_ids","query_ids":[24932],"default_option_id":24932,"thumbnail_id":3726,"thumbnail_src":"https:\/\/pjama.eu\/wp-content\/uploads\/Boxer-underwear.jpg","quantity_min":2,"quantity_max":9,"priced_individually":true,"shipped_individually":false,"optional":false,"discount":"","options_style":"dropdowns","pagination_style":"classic","display_prices":"absolute","show_sorting_options":false,"show_filtering_options":false,"attribute_filter_ids":[],"select_action":"view","product_title_visible":false,"product_descr_visible":false,"product_price_visible":true,"product_thumb_visible":true,"subtotal_visible_product":false,"subtotal_visible_cart":true,"subtotal_visible_orders":true}],"composite_scenarios":[],"_links":{"self":[{"href":"https:\/\/pjama.eu\/de\/wp-json\/wp\/v2\/product\/30150","targetHints":{"allow":["GET"]}}],"collection":[{"href":"https:\/\/pjama.eu\/de\/wp-json\/wp\/v2\/product"}],"about":[{"href":"https:\/\/pjama.eu\/de\/wp-json\/wp\/v2\/types\/product"}],"wp:featuredmedia":[{"embeddable":true,"href":"https:\/\/pjama.eu\/de\/wp-json\/wp\/v2\/media\/31044"}],"wp:attachment":[{"href":"https:\/\/pjama.eu\/de\/wp-json\/wp\/v2\/media?parent=30150"}],"wp:term":[{"taxonomy":"product_brand","embeddable":true,"href":"https:\/\/pjama.eu\/de\/wp-json\/wp\/v2\/product_brand?post=30150"},{"taxonomy":"product_cat","embeddable":true,"href":"https:\/\/pjama.eu\/de\/wp-json\/wp\/v2\/product_cat?post=30150"},{"taxonomy":"product_tag","embeddable":true,"href":"https:\/\/pjama.eu\/de\/wp-json\/wp\/v2\/product_tag?post=30150"}],"curies":[{"name":"wp","href":"https:\/\/api.w.org\/{rel}","templated":true}]}}