{"id":30154,"date":"2023-01-09T16:29:02","date_gmt":"2023-01-09T15:29:02","guid":{"rendered":"https:\/\/pjama.eu\/product\/pjama-dryguardians-mix-kit-slips\/"},"modified":"2026-04-16T20:34:20","modified_gmt":"2026-04-16T18:34:20","slug":"pjama-dryguardians-mix-kit-slips","status":"publish","type":"product","link":"https:\/\/pjama.eu\/de\/produkt\/pjama-dryguardians-mix-kit-slips\/","title":{"rendered":"Pjama DryGuardians &#8211; Mix-Kit Slips"},"content":{"rendered":"<h3 style=\"color: #d35917;\">Pjama DryGuardians &#8211; Mix-Kit Slips<\/h3>\n<p>Das Pjama DryGuardians &#8211; Mix-Kit Slips bietet eine Komplettl\u00f6sung f\u00fcr die Behandlung von Bettn\u00e4ssen, einschlie\u00dflich des Pjama DryGuardians Bettn\u00e4sser-Alarmanlagen-Sets, des Behandlungsservices, der Shorts und der Slips. Es bietet sowohl Behandlung als auch Schutz, um das Bett nachts trocken zu halten. Sie k\u00f6nnen auf den Behandlungsservice in der DryGuardians App ohne zus\u00e4tzliche Kosten zugreifen. Laden Sie die DryGuardians App bei <a href=\"https:\/\/play.google.com\/store\/apps\/details?id=com.pjama&amp;hl=de&amp;gl=de\" target=\"_blank\" rel=\"noopener\">Google Play<\/a> oder im <a href=\"https:\/\/apps.apple.com\/de\/app\/pjama\/id1498084664?l=de\" target=\"_blank\" rel=\"noopener\">App Store<\/a> herunter.   <\/p>\n<p>Pjama DryGuardians Schlafkleidung Shorts f\u00fchlt sich an wie ein normaler Schlafanzug, ist aber mit einem empfindlichen Bettn\u00e4sser-Alarm verbunden. Sie behandeln das Bettn\u00e4ssen und halten das Bett w\u00e4hrend des Prozesses trocken. <\/p>\n<h4 style=\"color: #072130;\">Pflegeleicht<\/h4>\n<p><span style=\"font-weight: 400;\">Pjama DryGuardians Schlafkleidung f\u00fcr Kinder &#8211; Shorts sind in der Maschine waschbar (60\u00b0C) und k\u00f6nnen im Trockner getrocknet werden.<\/span> <span style=\"font-weight: 400;\">HINWEIS: Die Hosen und Shorts haben aufgrund ihrer saugf\u00e4higen Funktion eine l\u00e4ngere Trockenzeit. Drehen Sie das Kleidungsst\u00fcck beim Waschen immer auf links, damit die Feuchtigkeit aus dem Gewebe entweichen kann. <\/span> <span style=\"font-weight: 400;\">Sie sind langlebig und kosteng\u00fcnstig &#8211; <\/span><b>Pjama garantiert mindestens 100 W\u00e4schen und bis zu 4 Monate regelm\u00e4\u00dfigen Gebrauch, wenn sie gem\u00e4\u00df unserer Waschanleitung gepflegt werden.<\/b> <span style=\"font-weight: 400;\">Eine zuverl\u00e4ssige und praktische L\u00f6sung f\u00fcr Kinder, die nachts ins Bett machen.<\/span> <a href=\"https:\/\/pjama.eu\/de\/pjama-waschanleitung\/\"><span style=\"font-weight: 400;\">Vollst\u00e4ndige Pflegeanleitung lesen &#8218;<\/span><\/a><\/p>\n<h4 style=\"color: #072130;\">Gef\u00fchrte Behandlung mit der DryGuardians App<\/h4>\n<p>Die DryGuardians App enth\u00e4lt intelligente Funktionen wie einen Kalender zur Aufzeichnung der n\u00e4chtlichen Ergebnisse. Basierend auf den aufgezeichneten Daten liefert die App motivierende Nachrichten in Form von Videos, Texten und Bildern. Nach nur <strong>4 Wochen<\/strong> kann die App eine Bewertung der Wirksamkeit der Behandlung liefern. Selbst wenn die Behandlung nicht sofort wirkt, kann sie zu einem sp\u00e4teren Zeitpunkt wirksam sein.   <\/p>\n<ul>\n<li>Nutzen Sie die App als akustische Einheit und legen Sie unterschiedliche Klingelt\u00f6ne fest.<\/li>\n<li>Nehmen Sie Ihren eigenen Alarmton auf.<\/li>\n<li>Stellen Sie tags\u00fcber Erinnerungen f\u00fcr den Toilettengang ein.<\/li>\n<li>W\u00e4hrend der Behandlung erhalten Sie Tipps und Ratschl\u00e4ge von Experten.<\/li>\n<\/ul>\n<p>Die DryGuardians App k\u00f6nnen Sie kostenlos bei <a href=\"https:\/\/play.google.com\/store\/apps\/details?id=com.pjama&amp;hl=de&amp;gl=de\" target=\"_blank\" rel=\"noopener\">Google Play<\/a> oder im <a href=\"https:\/\/apps.apple.com\/de\/app\/pjama\/id1498084664?l=de\" target=\"_blank\" rel=\"noopener\">App Store<\/a> herunterladen. Erfahren Sie mehr \u00fcber den Behandlungsservice auf unserer <a href=\"https:\/\/pjama.eu\/de\/bettnaesser-alarm-app\/\">Website<\/a>. <\/p>\n<h4 style=\"color: #072130;\">Material<\/h4>\n<p>Pjama DryGuardians Schlafkleidung Shorts bestehen aus <em>Tencel<\/em>, das f\u00fcr wasserdichten Schutz laminiert ist und gleichzeitig atmungsaktiv bleibt. Im Schrittbereich ist eine saugf\u00e4hige Schicht eingen\u00e4ht, die Fl\u00fcssigkeit im Inneren der Shorts h\u00e4lt. Alle Stoffe sind \u00d6ko-Tex-zertifiziert.  <\/p>\n<p>Die Shorts gibt es in zwei Ausf\u00fchrungen: Pjama DryGuardians Schlafkleidung Shorts und Pjama DryGuardians Unterw\u00e4sche &#8211; Slips, entwickelt f\u00fcr Kinder mit leichterem Bettn\u00e4ssen. Die Gr\u00f6\u00dfen reichen von K\u00f6rperl\u00e4nge 98 cm bis 164 cm. F\u00fcr Ma\u00dfe und Absorptionskapazit\u00e4t, besuchen Sie unsere <a href=\"https:\/\/pjama.eu\/de\/groessentabelle-bettnaesserhose\/\">Gr\u00f6\u00dfentabelle<\/a>.  <\/p>\n<p>Pjama DryGuardians Unterw\u00e4sche &#8211; Slips sind ebenfalls aus hochwertigen \u00d6ko-Tex-zertifizierten Stoffen hergestellt, die sicher und sanft zur Kinderhaut sind. Alle Artikel des Mix-Kits verf\u00fcgen \u00fcber integrierte Sensordr\u00e4hte f\u00fcr einen gro\u00dfen Erfassungsbereich und gew\u00e4hrleisten eine zuverl\u00e4ssige Erkennung unabh\u00e4ngig von der Schlafposition. <\/p>\n<h4 style=\"color: #072130;\">Verwendung<\/h4>\n<p>Die Behandlungskleidung enth\u00e4lt im Schrittbereich integrierte Sensordr\u00e4hte zur schnellen Urinerkennung. Befestigen Sie den Sensor am Hosenbund und l\u00f6sen Sie den Alarm aus. Legen Sie die Alarmeinheit neben das Bett. Wenn das Kind ins Bett macht, wird der Alarm sofort ausgel\u00f6st.   <\/p>\n<p>Der Alarm kann durch Dr\u00fccken der ON\/OFF-Taste gestoppt werden. Das Kind sollte dann auf die Toilette gehen und trockene Kleidung anziehen. F\u00fcr die Verwendung auf dem Smartphone k\u00f6nnen Sie die DryGuardians App herunterladen.  <\/p>\n<h4 style=\"color: #072130;\">Pflege der Sensoren<\/h4>\n<p><span style=\"font-weight: 400;\">Um die beste Leistung zu erzielen, sollten Sie den Sensor nach dem Gebrauch immer entfernen und abtrocknen.<\/span> <span style=\"font-weight: 400;\">Vermeiden Sie es, das Ger\u00e4t an einem nassen Kleidungsst\u00fcck befestigt zu lassen &#8211; dies verhindert Korrosion und verl\u00e4ngert die Lebensdauer der Batterie.<\/span><\/p>\n<h4 style=\"color: #072130;\">Infos<\/h4>\n<ul>\n<li>Der Pjama Bettn\u00e4sser-Alarm l\u00e4sst sich \u00fcber Kn\u00f6pfe in der Taille mit Shorts und Slips verbinden.<\/li>\n<li>Eingebaute Sensordr\u00e4hte f\u00fcr schnelle und zuverl\u00e4ssige Erkennung.<\/li>\n<li>Saugf\u00e4hige Shorts sch\u00fctzen das Bett.<\/li>\n<li>Bequem und diskret.<\/li>\n<li>Waschbar bei 60\u00b0C und trocknergeeignet.<\/li>\n<li>Gr\u00f6\u00dfe: Kinder.<\/li>\n<li>Farbe: Grau und Blau.<\/li>\n<li>Aufladen \u00fcber USB (Adapter nicht enthalten).<\/li>\n<li>Das Alarmhandbuch ist auf unserer <a href=\"https:\/\/pjama.eu\/de\/produkt-handbuecher\/\">Website<\/a> verf\u00fcgbar.<\/li>\n<li>Lesen Sie <a href=\"https:\/\/pjama.eu\/de\/was-ist-enuresis\/\">hier<\/a> mehr \u00fcber Bettn\u00e4ssen bei Kindern.<\/li>\n<\/ul>\n<h4 style=\"color: #072130;\">F\u00fcr die beste Erfahrung<\/h4>\n<ul>\n<li>Pr\u00fcfen Sie die Gr\u00f6\u00dfe, um eine bequeme Passform zu gew\u00e4hrleisten (siehe Gr\u00f6\u00dfentabelle).<\/li>\n<li>Beziehen Sie Ihr Kind in den Prozess ein, um es zu motivieren.<\/li>\n<li>W\u00e4hlen Sie den Alarmton und die Lautst\u00e4rke aus und passen Sie ihn an.<\/li>\n<li>Laden Sie die DryGuardians App herunter und lassen Sie sich individuell beraten.<\/li>\n<li>Bringen Sie den Sensor an und platzieren Sie den Lautsprecher innerhalb von 10 Metern.<\/li>\n<li>Wecken Sie das Kind, wenn der Alarm ert\u00f6nt, und begleiten Sie es zur Toilette.<\/li>\n<li>Waschen Sie die Kleidungsst\u00fccke nach jedem Gebrauch.<\/li>\n<li>Protokollieren Sie Ihre Ergebnisse in der App, um individuelles Feedback und Tipps zu erhalten.<\/li>\n<\/ul>\n<h4 style=\"color: #072130;\">Motivation und Geduld sind der Schl\u00fcssel<\/h4>\n<p>Die Behandlung des Bettn\u00e4ssens erfordert Geduld und Motivation. Behalten Sie das Endziel im Auge &#8211; ein trockenes Bett ohne Hilfe. Feiern Sie kleine Erfolge, damit Ihr Kind motiviert bleibt. Ermutigung und positives Feedback sind f\u00fcr eine erfolgreiche Behandlung unerl\u00e4sslich.   <\/p>\n","protected":false},"excerpt":{"rendered":"<h3><span data-sheets-root=\"1\">B\u00fcndel: Mix-Kit-Variante f\u00fcr M\u00e4dchen; enth\u00e4lt mehrere Komponenten f\u00fcr Flexibilit\u00e4t &#8211; Teil der DryGuardians-Methode<\/span><\/h3>\n<p>Mit diesem flexiblen und umfassenden Set k\u00f6nnen Sie sich Ihr pers\u00f6nliches Set f\u00fcr eine wirksame Behandlung von Enuresis (Bettn\u00e4ssen) zusammenstellen.<\/p>\n<p><b>W\u00e4hlen Sie die Anzahl der Produkte aus der folgenden Liste:<\/b><\/p>\n<ul>\n<li>Pjama DryGuardians Bettn\u00e4sser-Alarmanlagen-Set (1)<\/li>\n<li>Pjama DryGuardians Schlafkleidung Shorts<\/li>\n<li>Pjama DryGuardians Unterw\u00e4sche Slips<\/li>\n<li>DryGuardians App (kostenlos bei <a href=\"https:\/\/play.google.com\/store\/apps\/details?id=com.pjama&amp;hl=de&amp;gl=de\">Google Play<\/a> oder im <a href=\"https:\/\/apps.apple.com\/de\/app\/pjama\/id1498084664?l=de\">App Store<\/a>)<\/li>\n<\/ul>\n<p>Die weichen Shorts mit integrierten Sensordr\u00e4hten halten das Bett trocken und erm\u00f6glichen eine schnelle Urinerkennung &#8211; perfekt f\u00fcr zu Hause und unterwegs. Pjama Bettn\u00e4sserslips erkennen schnell und effektiv, wenn Ihr Kind ins Bett macht. <\/p>\n<p>Die DryGuardians App analysiert Daten, gibt Expertentipps und l\u00e4sst Sie Ihren Fortschritt verfolgen.<\/p>\n<p><em>Wir helfen Ihnen, das Bettn\u00e4ssen zu beenden!<\/em><\/p>\n","protected":false},"featured_media":31273,"template":"","meta":{"_et_pb_use_builder":"off","_et_pb_old_content":"<h4>DryGuardians Mixkit for Girls<\/h4>\r\nPjama Bedwetting Alarm, Treatment Service, Shorts, and Underwear offer you a complete solution for bedwetting treatment, while also providing a solution to keep the bed dry at night.\r\nYou can access the Treatment Service in the DryGuardians App at no extra cost. Download the DryGuardians App from <a href=\"https:\/\/play.google.com\/store\/apps\/details?id=com.pjama&gl=sv&hl=sv\">Google Play<\/a> or <a href=\"https:\/\/apps.apple.com\/sv\/app\/pjama\/id1498084664?mt=8&l=sv\">App Store<\/a>.\r\nWearing Pjama Treatment Shorts is as comfortable as wearing any other pajamas, while also connecting to a sensitive bedwetting alarm to treat bedwetting and keep the bed dry during the treatment process.\r\n<h4>GET GUIDED WITH OUR TREATMENT SERVICE IN THE DryGuardians APP - EVALUATION AFTER 4 WEEKS<\/h4>\r\nThe Treatment Service in the DryGuardians app includes several smart features. The core of the service\/app is the calendar where you can easily log the outcome of the night. Based on this information, we guide and motivate you through the treatment with messages in the form of video, text, and images. These messages will appear in the feed in the DryGuardians App during treatment.\r\nUndergoing treatment with a bedwetting alarm often impacts the entire family. With the data generated, we can already make an assessment after <strong>4 weeks<\/strong> to see if the treatment is working or not. If the treatment doesn\u2019t seem to be working, it\u2019s entirely possible that it may work at a later stage. Additionally, you get access to the following:\r\n<ul>\r\n \t<li>Use the app as a sound unit and set different ringtones.<\/li>\r\n \t<li>Record your own alarm sound.<\/li>\r\n \t<li>Set daytime alarms (to remind bathroom visits during the day).<\/li>\r\n \t<li>General tips and advice during the treatment of nocturnal enuresis.<\/li>\r\n<\/ul>\r\nThe Treatment Service in the DryGuardians app is free to download from <a href=\"https:\/\/play.google.com\/store\/apps\/details?id=com.pjama&gl=sv&hl=sv\">Google Play<\/a> or <a href=\"https:\/\/apps.apple.com\/sv\/app\/pjama\/id1498084664?mt=8&l=sv\">App Store<\/a>. Read more about the DryGuardians app and the Treatment Service on our <a href=\"https:\/\/pjama.eu\/dryguardians-app-3\/\">website<\/a>.\r\n<h4>Material<\/h4>\r\nPjama Treatment Shorts are made of a soft material called <em>Tencel<\/em>. The outer layer of <em>Tencel<\/em> in the shorts is laminated, making the shorts waterproof, while the product also has excellent breathability. An absorbent material is sewn into the critical area in the crotch, ensuring that liquid stays inside the shorts. All materials are Oeko-Tex certified and safe for children.\r\n\r\nThe Treatment Shorts come in two models: <em>Pjama Treatment Shorts<\/em> and <em>Pjama Treatment Shorts Light<\/em>. The Light version is designed for children with lighter bedwetting. Sizes range from body length 98 cm to 164 cm. For exact measurements and absorption capacity, visit our <a href=\"https:\/\/pjama.eu\/size-guide\/\">Size Guide<\/a>.\r\n\r\nPjama Briefs Treatment Underwear are made from high-quality, Oeko-Tex certified fabrics that are safe and gentle on children\u2019s skin.\r\n\r\nAll items in the DryGuardians Mixkit have built-in sensor wires, increasing the detection area for this bedwetting alarm. Practically, this means that regardless of where the urine hits or what sleeping position you or your child are in, the alarm will safely detect bedwetting. For boys, this can be especially valuable as the area where urine first hits often varies. For girls who have different sleeping positions, especially if they often sleep on their back, the same applies.\r\n<h4>Usage<\/h4>\r\nThe treatment garments have built-in sensor wires around the crotch area that quickly detect urine. Simply snap on the sensor at the front waist and start the bedwetting alarm, and you are ready to begin treatment! Place the bedwetting alarm near the bed at the child\u2019s side.\r\nIf the child wets the bed, the sensitive built-in sensor wires in the shorts or underwear quickly detect the urine and activate the alarm. The child can easily stop the alarm by pressing the \"ON\/OFF\" button on the top of the alarm and then go to the bathroom to finish urinating and change into a new pair of Pjama Treatment Shorts or Underwear.\r\nTo use the bedwetting alarm with your smartphone, you need to download the DryGuardians App from <a href=\"https:\/\/play.google.com\/store\/apps\/details?id=com.pjama\">Google Play<\/a> or <a href=\"https:\/\/apps.apple.com\/se\/app\/pjama\/id1498084664\">App Store<\/a>.\r\n<h4>INFO<\/h4>\r\n<ul>\r\n \t<li><em>Pjama Bedwetting Alarm easily connects to both the shorts and underwear through buttons at the waist.<\/em><\/li>\r\n \t<li><em>Built-in sensor wires for quick and reliable urine detection.<\/em><\/li>\r\n \t<li><em>Absorbent (Shorts, protects the bed).<\/em><\/li>\r\n \t<li><em>Comfortable and discreet.<\/em><\/li>\r\n \t<li><em>Washable at 60\u00b0C and can be tumble dried.<\/em><\/li>\r\n \t<li><em>Size: Children.<\/em><\/li>\r\n \t<li><em>Color: Gray and Blue.<\/em><\/li>\r\n \t<li>Pjama bedwetting alarm is charged with a USB charger (adapter not included).<\/li>\r\n \t<li>The manual for the Pjama bedwetting alarm can be found on our <a href=\"https:\/\/pjama.eu\/product-manuals\/\">website<\/a>.<\/li>\r\n \t<li>Read more about bedwetting in children <a href=\"https:\/\/pjama.eu\/what-is-enuresis\/\">here<\/a>.<\/li>\r\n<\/ul>\r\n<h4>FOR THE BEST EXPERIENCE WITH PJAMA<\/h4>\r\nStart by ensuring you have the correct size. Pjama should fit snugly at the waist (without being too tight). Be sure to check our size guide before ordering your Pjama.\r\n<ul>\r\n \t<li>Prepare for treatment by including your child and explaining the process when your child wets the bed.<\/li>\r\n \t<li>Choose an alarm sound and volume for the speaker.<\/li>\r\n \t<li>Download the DryGuardians App from <a href=\"https:\/\/play.google.com\/store\/apps\/details?id=com.pjama&gl=sv&hl=sv\">Google Play<\/a> or <a href=\"https:\/\/apps.apple.com\/sv\/app\/pjama\/id1498084664?mt=8&l=sv\">App Store<\/a>. With our Treatment Service, you\u2019ll receive personalized guidance based on your results.<\/li>\r\n \t<li>Attach the sensor to your Pjama bedwetting shorts or underwear.<\/li>\r\n \t<li>Place the speaker within 10 meters of the sensor.<\/li>\r\n \t<li>When the bedwetting alarm goes off, wake your child and take them to the toilet. It is important for the child to wake up.<\/li>\r\n \t<li>Remove the sensor, turn the shorts inside out, and wash them.<\/li>\r\n \t<li>Record the night\u2019s results in the DryGuardians app for personalized guidance during your bedwetting treatment.<\/li>\r\n<\/ul>\r\n<h4>MOTIVATION AND PATIENCE ARE KEY<\/h4>\r\nPatience is key! For faster and longer-lasting improvement, patience and motivation are required. If you are a new Pjama user, it\u2019s helpful to keep your ultimate goal in mind \u2013 a dry bed without assistance. With encouraging feedback and smaller milestones, the treatment of nocturnal enuresis becomes more successful.\r\nIf you are a parent of a child using Pjama treatment, it\u2019s important to also keep the child motivated. Provide positive feedback and compliments. If you are motivated, your child will be too!\r\n\r\n\u00a9 2024 Pjama.","_et_gb_content_width":""},"product_brand":[],"product_cat":[355,304,354,356],"product_tag":[],"class_list":{"0":"post-30154","1":"product","2":"type-product","3":"status-publish","4":"has-post-thumbnail","6":"product_cat-bettnasser-alarm","7":"product_cat-kinder","8":"product_cat-pjama-behandlung","9":"product_cat-pjamadryguardians_2025","10":"product_shipping_class-eu","11":"pa_size-alter-10-12","12":"pa_size-alter-5-6-jahre","13":"pa_size-alter-6-8","14":"pa_size-alter-8-10","15":"pa_size-klein","17":"first","18":"instock","19":"taxable","20":"shipping-taxable","21":"purchasable","22":"product-type-composite"},"composite_virtual":false,"composite_layout":"single","composite_add_to_cart_form_location":"default","composite_editable_in_cart":false,"composite_sold_individually_context":"product","composite_shop_price_calc":"min_max","composite_components":[{"id":"1743154529","title":"Pjama Bettn\u00e4sser-Alarm","description":"<p>Bettn\u00e4sser-Alarm mit Lautsprecher und Sensor.<\/p>\n","query_type":"product_ids","query_ids":[24646],"default_option_id":24646,"thumbnail_id":6376,"thumbnail_src":"https:\/\/pjama.eu\/wp-content\/uploads\/Pjama-alarm-600x400-1-300x300-1.jpeg","quantity_min":1,"quantity_max":1,"priced_individually":true,"shipped_individually":false,"optional":false,"discount":"","options_style":"dropdowns","pagination_style":"classic","display_prices":"absolute","show_sorting_options":false,"show_filtering_options":false,"attribute_filter_ids":[],"select_action":"view","product_title_visible":false,"product_descr_visible":false,"product_price_visible":true,"product_thumb_visible":true,"subtotal_visible_product":false,"subtotal_visible_cart":true,"subtotal_visible_orders":true},{"id":"1743154530","title":"Behandlungs-Slips","description":"<p>Unterw\u00e4sche zur Behandlung von Bettn\u00e4ssen. Nicht saugf\u00e4hig. <\/p>\n","query_type":"product_ids","query_ids":[24693],"default_option_id":24693,"thumbnail_id":3729,"thumbnail_src":"https:\/\/pjama.eu\/wp-content\/uploads\/hipster-only.jpg","quantity_min":2,"quantity_max":4,"priced_individually":true,"shipped_individually":false,"optional":false,"discount":"","options_style":"dropdowns","pagination_style":"classic","display_prices":"absolute","show_sorting_options":false,"show_filtering_options":false,"attribute_filter_ids":[],"select_action":"view","product_title_visible":false,"product_descr_visible":false,"product_price_visible":true,"product_thumb_visible":true,"subtotal_visible_product":false,"subtotal_visible_cart":true,"subtotal_visible_orders":true},{"id":"1743154531","title":"Behandlung Shorts","description":"<p>Absorbierende Shorts zur Behandlung von Bettn\u00e4ssen. Das Produkt hat eingen\u00e4hte Sensorf\u00e4den, an die Sie den Sensor anschlie\u00dfen. <\/p>\n","query_type":"product_ids","query_ids":[25268],"default_option_id":25268,"thumbnail_id":4407,"thumbnail_src":"https:\/\/pjama.eu\/wp-content\/uploads\/Pjama_treatment_shorts.jpeg","quantity_min":1,"quantity_max":4,"priced_individually":true,"shipped_individually":false,"optional":false,"discount":"","options_style":"dropdowns","pagination_style":"classic","display_prices":"absolute","show_sorting_options":false,"show_filtering_options":false,"attribute_filter_ids":[],"select_action":"view","product_title_visible":false,"product_descr_visible":false,"product_price_visible":true,"product_thumb_visible":true,"subtotal_visible_product":false,"subtotal_visible_cart":true,"subtotal_visible_orders":true}],"composite_scenarios":[],"_links":{"self":[{"href":"https:\/\/pjama.eu\/de\/wp-json\/wp\/v2\/product\/30154","targetHints":{"allow":["GET"]}}],"collection":[{"href":"https:\/\/pjama.eu\/de\/wp-json\/wp\/v2\/product"}],"about":[{"href":"https:\/\/pjama.eu\/de\/wp-json\/wp\/v2\/types\/product"}],"wp:featuredmedia":[{"embeddable":true,"href":"https:\/\/pjama.eu\/de\/wp-json\/wp\/v2\/media\/31273"}],"wp:attachment":[{"href":"https:\/\/pjama.eu\/de\/wp-json\/wp\/v2\/media?parent=30154"}],"wp:term":[{"taxonomy":"product_brand","embeddable":true,"href":"https:\/\/pjama.eu\/de\/wp-json\/wp\/v2\/product_brand?post=30154"},{"taxonomy":"product_cat","embeddable":true,"href":"https:\/\/pjama.eu\/de\/wp-json\/wp\/v2\/product_cat?post=30154"},{"taxonomy":"product_tag","embeddable":true,"href":"https:\/\/pjama.eu\/de\/wp-json\/wp\/v2\/product_tag?post=30154"}],"curies":[{"name":"wp","href":"https:\/\/api.w.org\/{rel}","templated":true}]}}