{"id":30156,"date":"2023-01-09T15:59:19","date_gmt":"2023-01-09T14:59:19","guid":{"rendered":"https:\/\/pjama.eu\/product\/pjama-dryguardians-mix-kit-boxershorts\/"},"modified":"2026-04-15T12:35:36","modified_gmt":"2026-04-15T10:35:36","slug":"pjama-dryguardians-mix-kit-boxershorts","status":"publish","type":"product","link":"https:\/\/pjama.eu\/de\/produkt\/pjama-dryguardians-mix-kit-boxershorts\/","title":{"rendered":"Pjama DryGuardians &#8211; Mix-Kit Boxershorts"},"content":{"rendered":"<h3 style=\"color: #d35917;\">Pjama DryGuardians &#8211; Mix-Kit Boxershorts<\/h3>\n<p>Das Pjama DryGuardians &#8211; Mix-Kit Boxershorts bietet eine Komplettl\u00f6sung f\u00fcr die Behandlung von Bettn\u00e4ssen, einschlie\u00dflich des Pjama DryGuardians-Alarms, des Bettn\u00e4sser-Service, der Schlafkleidung und der Boxershorts. Es gew\u00e4hrleistet eine wirksame Behandlung und h\u00e4lt gleichzeitig das Bett die ganze Nacht \u00fcber trocken. Die DryGuardians App erm\u00f6glicht Ihnen den Zugang zum Behandlungsservice ohne zus\u00e4tzliche Kosten. Laden Sie sie bei <a href=\"https:\/\/play.google.com\/store\/apps\/details?id=com.pjama&amp;hl=de&amp;gl=de\" target=\"_blank\" rel=\"noopener\">Google Play<\/a> oder im <a href=\"https:\/\/apps.apple.com\/de\/app\/pjama\/id1498084664?l=de\" target=\"_blank\" rel=\"noopener\">App Store<\/a> herunter.   <\/p>\n<p>Die Pjama DryGuardians Schlafkleidung ist so bequem wie ein normaler Schlafanzug und gleichzeitig mit dem empfindlichen Alarmsystem f\u00fcr eine effektive Behandlung verbunden. Die Shorts halten das Bett w\u00e4hrend des Prozesses trocken. <\/p>\n<h4 style=\"color: #072130;\">Pflegeleicht<\/h4>\n<p><span style=\"font-weight: 400;\">Pjama DryGuardians Schlafkleidung f\u00fcr Kinder &#8211; Shorts sind in der Maschine waschbar (60\u00b0C) und k\u00f6nnen im Trockner getrocknet werden.<\/span> <span style=\"font-weight: 400;\">HINWEIS: Die Hosen und Shorts haben aufgrund ihrer saugf\u00e4higen Funktion eine l\u00e4ngere Trockenzeit. Drehen Sie das Kleidungsst\u00fcck beim Waschen immer auf links, damit die Feuchtigkeit aus dem Gewebe entweichen kann. <\/span> <span style=\"font-weight: 400;\">Sie sind langlebig und kosteng\u00fcnstig &#8211; <\/span><b>Pjama garantiert mindestens 100 W\u00e4schen und bis zu 4 Monate regelm\u00e4\u00dfigen Gebrauch, wenn sie gem\u00e4\u00df unserer Waschanleitung gepflegt werden.<\/b> <span style=\"font-weight: 400;\">Eine zuverl\u00e4ssige und praktische L\u00f6sung f\u00fcr Kinder, die nachts ins Bett machen.<\/span> <a href=\"https:\/\/pjama.eu\/de\/pjama-waschanleitung\/\"><span style=\"font-weight: 400;\">Vollst\u00e4ndige Pflegeanleitung lesen &#8218;<\/span><\/a><\/p>\n<h4 style=\"color: #072130;\">Gef\u00fchrte Behandlung mit der DryGuardians App<\/h4>\n<p>Die wichtigste Funktion der App ist der Kalender, in dem Sie die n\u00e4chtlichen Ergebnisse eintragen. Auf der Grundlage dieser Daten bietet die App Anleitung und Motivation mit Videos, Texten und Bildern. Nach <strong>4 Wochen<\/strong> kann die App eine Bewertung der Behandlung vornehmen. Auch wenn die Ergebnisse nicht sofort eintreten, kann die Behandlung zu einem sp\u00e4teren Zeitpunkt funktionieren.   <\/p>\n<ul>\n<li>Verwenden Sie die App als Soundger\u00e4t mit mehreren Klingelt\u00f6nen.<\/li>\n<li>Nehmen Sie einen pers\u00f6nlichen Alarmton auf.<\/li>\n<li>Stellen Sie tags\u00fcber Alarme ein, um sich an das Bad zu erinnern.<\/li>\n<li>Holen Sie sich Expertenrat und allgemeine Behandlungstipps.<\/li>\n<\/ul>\n<p>Die DryGuardians App kann kostenlos bei <a href=\"https:\/\/play.google.com\/store\/apps\/details?id=com.pjama&amp;hl=de&amp;gl=de\" target=\"_blank\" rel=\"noopener\">Google Play<\/a> oder im <a href=\"https:\/\/apps.apple.com\/de\/app\/pjama\/id1498084664?l=de\" target=\"_blank\" rel=\"noopener\">App Store<\/a> heruntergeladen werden. Erfahren Sie mehr auf unserer <a href=\"https:\/\/pjama.eu\/de\/bettnaesser-alarm-app\/\">Website<\/a>. <\/p>\n<h4 style=\"color: #072130;\">Material<\/h4>\n<p>Pjama DryGuardians Schlafkleidung Shorts sind aus <em>Tencel<\/em> hergestellt. Die \u00e4u\u00dfere Schicht ist laminiert, um sie wasserdicht zu machen und gleichzeitig atmungsaktiv zu halten. Eine saugf\u00e4hige Schicht im Schritt h\u00e4lt die Fl\u00fcssigkeit im Inneren. Alle Stoffe sind \u00d6ko-Tex-zertifiziert und sicher f\u00fcr Kinder.   <\/p>\n<p>Die Shorts gibt es in zwei Ausf\u00fchrungen: Pjama DryGuardians Schlafkleidung Shorts und Pjama DryGuardians Unterw\u00e4sche &#8211; Boxershorts, die f\u00fcr leichtere F\u00e4lle gedacht sind. Die Gr\u00f6\u00dfen reichen von K\u00f6rperl\u00e4nge 98 cm bis 164 cm.<br \/>\nGenaue Ma\u00dfe und Angaben zur Absorption finden Sie in unserer <a href=\"https:\/\/pjama.eu\/de\/groessentabelle-bettnaesserhose\/\">Gr\u00f6\u00dfentabelle<\/a>. <\/p>\n<p>Pjama DryGuardians Unterw\u00e4sche &#8211; Boxershorts sind ebenfalls aus \u00d6ko-Tex-zertifizierten Stoffen hergestellt, die sicher und sanft zur Haut sind. Alle Mix Kit-Kleidungsst\u00fccke haben integrierte Sensorf\u00e4den f\u00fcr einen gr\u00f6\u00dferen Erfassungsbereich, der eine zuverl\u00e4ssige Erkennung unabh\u00e4ngig von der Schlafposition gew\u00e4hrleistet. Dies ist besonders hilfreich f\u00fcr Jungen, bei denen der Urinfluss variiert, und ebenso zuverl\u00e4ssig f\u00fcr M\u00e4dchen.  <\/p>\n<h4 style=\"color: #072130;\">Verwendung<\/h4>\n<p>Eingebaute Sensorf\u00e4den im Schrittbereich erkennen schnell Urin. Schnappen Sie den Sensor auf den Hosenbund und starten Sie den Alarm. Legen Sie das Alarmger\u00e4t neben das Bett. Wenn das Kind ins Bett macht, wird der Alarm sofort aktiviert. Das Kind kann ihn durch Dr\u00fccken der EIN\/AUS-Taste stoppen, dann zur Toilette gehen und trockene Shorts oder Boxershorts anziehen. Um den Alarm mit Ihrem Smartphone zu verbinden, laden Sie die DryGuardians App herunter.     <\/p>\n<h4 style=\"color: #072130;\">Pflege der Sensoren<\/h4>\n<p><span style=\"font-weight: 400;\">Um die beste Leistung zu erzielen, sollten Sie den Sensor nach dem Gebrauch immer entfernen und abtrocknen.<\/span> <span style=\"font-weight: 400;\">Vermeiden Sie es, das Ger\u00e4t an einem nassen Kleidungsst\u00fcck befestigt zu lassen &#8211; dies verhindert Korrosion und verl\u00e4ngert die Lebensdauer der Batterie.<\/span><\/p>\n<h4 style=\"color: #072130;\">Infos<\/h4>\n<ul>\n<li>Pjama Alarm wird \u00fcber Kn\u00f6pfe am Bund mit Shorts und Boxershorts verbunden.<\/li>\n<li>Eingebaute Sensorf\u00e4den f\u00fcr eine schnelle und zuverl\u00e4ssige Erkennung.<\/li>\n<li>Saugf\u00e4hige Shorts sch\u00fctzen das Bett.<\/li>\n<li>Bequemer und diskreter Sitz.<\/li>\n<li>Waschbar bei 60\u00b0C und trocknergeeignet.<\/li>\n<li>Gr\u00f6\u00dfe: Kinder.<\/li>\n<li>Farben: Grau und Blau.<\/li>\n<li>Aufladen \u00fcber USB (Adapter nicht enthalten).<\/li>\n<li>Alarmhandbuch auf unserer <a href=\"https:\/\/pjama.eu\/de\/produkt-handbuecher\/\">Website<\/a> verf\u00fcgbar.<\/li>\n<li>Erfahren Sie <a href=\"https:\/\/pjama.eu\/de\/was-ist-enuresis\/\">hier<\/a> mehr \u00fcber Bettn\u00e4ssen bei Kindern.<\/li>\n<\/ul>\n<h4 style=\"color: #072130;\">F\u00fcr die beste Erfahrung<\/h4>\n<ul>\n<li>Achten Sie auf die richtige Gr\u00f6\u00dfe f\u00fcr eine bequeme Passform (siehe Gr\u00f6\u00dfentabelle).<\/li>\n<li>Beziehen Sie Ihr Kind mit ein und erkl\u00e4ren Sie ihm den Behandlungsprozess.<\/li>\n<li>Passen Sie den Alarmton und die Lautst\u00e4rke an.<\/li>\n<li>Laden Sie die DryGuardians App herunter, um sich pers\u00f6nlich beraten zu lassen.<\/li>\n<li>Bringen Sie den Sensor an und halten Sie den Lautsprecher innerhalb von 10 Metern.<\/li>\n<li>Wecken Sie Ihr Kind, wenn der Wecker klingelt, und bringen Sie es zur Toilette.<\/li>\n<li>Entfernen Sie den Sensor und waschen Sie die Shorts\/Boxer nach dem Gebrauch.<\/li>\n<li>Protokollieren Sie die Ergebnisse in der App, um den Fortschritt zu verfolgen und Ratschl\u00e4ge zu erhalten.<\/li>\n<\/ul>\n<h4 style=\"color: #072130;\">Motivation und Geduld sind der Schl\u00fcssel<\/h4>\n<p>Eine erfolgreiche Behandlung erfordert Geduld und Ermutigung. Feiern Sie kleine Schritte auf dem Weg zu einem trockenen Bett ohne Hilfe. Positive Verst\u00e4rkung h\u00e4lt Kinder motiviert. Wenn Sie als Elternteil motiviert sind, wird es Ihr Kind auch sein!   <\/p>\n<p>\u00a9 2024 Pjama.<\/p>\n","protected":false},"excerpt":{"rendered":"<h3><span data-sheets-root=\"1\">B\u00fcndel: Mix-Kit-Variante f\u00fcr Jungen; enth\u00e4lt mehrere Komponenten f\u00fcr Flexibilit\u00e4t &#8211; Teil der DryGuardians-Methode<\/span><\/h3>\n<p>Mit diesem flexiblen und umfassenden Set k\u00f6nnen Sie sich Ihr pers\u00f6nliches Set f\u00fcr eine wirksame Behandlung von Enuresis (Bettn\u00e4ssen) zusammenstellen.<\/p>\n<p><b>W\u00e4hlen Sie die Anzahl der Produkte aus der folgenden Liste:<\/b><\/p>\n<ul>\n<li>Pjama DryGuardians Bettn\u00e4sser-Alarmanlagen-Set(1)<\/li>\n<li>Pjama DryGuardians Schlafkleidung &#8211; Shorts<\/li>\n<li>Pjama DryGuardians Unterw\u00e4sche &#8211; Boxershorts<\/li>\n<li>DryGuardians App (kostenlos auf<br \/>\n<a href=\"https:\/\/play.google.com\/store\/apps\/details?id=com.pjama&amp;hl=de&amp;gl=de\">Google Play<\/a> oder <a href=\"https:\/\/apps.apple.com\/de\/app\/pjama\/id1498084664?l=de\">App Store<\/a>)<\/li>\n<\/ul>\n<p>Die weichen Shorts mit integrierten Sensorf\u00e4den halten das Bett trocken und erm\u00f6glichen eine schnelle Urinerkennung &#8211; perfekt f\u00fcr zu Hause und unterwegs. Pjama Bettn\u00e4sser-Boxershorts erkennen schnell und effektiv, wenn Ihr Kind ins Bett macht. Die DryGuardians App analysiert die Daten, bietet Expertentipps und l\u00e4sst Sie den Fortschritt verfolgen.  <\/p>\n<p><em>Wir helfen Ihnen, das Bettn\u00e4ssen loszuwerden!<\/em><\/p>\n","protected":false},"featured_media":31264,"template":"","meta":{"_et_pb_use_builder":"","_et_pb_old_content":"","_et_gb_content_width":""},"product_brand":[],"product_cat":[355,304,354,356],"product_tag":[],"class_list":{"0":"post-30156","1":"product","2":"type-product","3":"status-publish","4":"has-post-thumbnail","6":"product_cat-bettnasser-alarm","7":"product_cat-kinder","8":"product_cat-pjama-behandlung","9":"product_cat-pjamadryguardians_2025","10":"product_shipping_class-eu","11":"pa_size-alter-10-12","12":"pa_size-alter-5-6-jahre","13":"pa_size-alter-6-8","14":"pa_size-alter-8-10","15":"pa_size-klein","17":"first","18":"instock","19":"taxable","20":"shipping-taxable","21":"purchasable","22":"product-type-composite"},"composite_virtual":false,"composite_layout":"single","composite_add_to_cart_form_location":"default","composite_editable_in_cart":false,"composite_sold_individually_context":"product","composite_shop_price_calc":"min_max","composite_components":[{"id":"1743164570","title":"Pjama Bettn\u00e4sser-Alarm","description":"<p>Bettn\u00e4sser-Alarm mit Lautsprecher und Sensor.<\/p>\n","query_type":"product_ids","query_ids":[24646],"default_option_id":24646,"thumbnail_id":6376,"thumbnail_src":"https:\/\/pjama.eu\/wp-content\/uploads\/Pjama-alarm-600x400-1-300x300-1.jpeg","quantity_min":1,"quantity_max":1,"priced_individually":true,"shipped_individually":false,"optional":false,"discount":"","options_style":"dropdowns","pagination_style":"classic","display_prices":"absolute","show_sorting_options":false,"show_filtering_options":false,"attribute_filter_ids":[],"select_action":"view","product_title_visible":false,"product_descr_visible":false,"product_price_visible":true,"product_thumb_visible":true,"subtotal_visible_product":false,"subtotal_visible_cart":true,"subtotal_visible_orders":true},{"id":"1743164571","title":"Behandlung Boxer-Unterw\u00e4sche","description":"<p>Boxer Bettn\u00e4ssen Behandlung Unterw\u00e4sche. Nicht saugf\u00e4hig. <\/p>\n","query_type":"product_ids","query_ids":[24932],"default_option_id":24932,"thumbnail_id":3726,"thumbnail_src":"https:\/\/pjama.eu\/wp-content\/uploads\/Boxer-underwear.jpg","quantity_min":2,"quantity_max":6,"priced_individually":true,"shipped_individually":false,"optional":false,"discount":"","options_style":"dropdowns","pagination_style":"classic","display_prices":"absolute","show_sorting_options":false,"show_filtering_options":false,"attribute_filter_ids":[],"select_action":"view","product_title_visible":false,"product_descr_visible":false,"product_price_visible":true,"product_thumb_visible":true,"subtotal_visible_product":false,"subtotal_visible_cart":true,"subtotal_visible_orders":true},{"id":"1743164572","title":"Behandlung Shorts","description":"<p>Absorbierende Shorts zur Behandlung von Bettn\u00e4ssen. Das Produkt hat eingen\u00e4hte Sensorf\u00e4den, an die Sie den Sensor anschlie\u00dfen. <\/p>\n","query_type":"product_ids","query_ids":[25268],"default_option_id":25268,"thumbnail_id":4407,"thumbnail_src":"https:\/\/pjama.eu\/wp-content\/uploads\/Pjama_treatment_shorts.jpeg","quantity_min":1,"quantity_max":4,"priced_individually":true,"shipped_individually":false,"optional":false,"discount":"","options_style":"dropdowns","pagination_style":"classic","display_prices":"absolute","show_sorting_options":false,"show_filtering_options":false,"attribute_filter_ids":[],"select_action":"view","product_title_visible":false,"product_descr_visible":false,"product_price_visible":true,"product_thumb_visible":true,"subtotal_visible_product":false,"subtotal_visible_cart":true,"subtotal_visible_orders":true}],"composite_scenarios":[],"_links":{"self":[{"href":"https:\/\/pjama.eu\/de\/wp-json\/wp\/v2\/product\/30156","targetHints":{"allow":["GET"]}}],"collection":[{"href":"https:\/\/pjama.eu\/de\/wp-json\/wp\/v2\/product"}],"about":[{"href":"https:\/\/pjama.eu\/de\/wp-json\/wp\/v2\/types\/product"}],"wp:featuredmedia":[{"embeddable":true,"href":"https:\/\/pjama.eu\/de\/wp-json\/wp\/v2\/media\/31264"}],"wp:attachment":[{"href":"https:\/\/pjama.eu\/de\/wp-json\/wp\/v2\/media?parent=30156"}],"wp:term":[{"taxonomy":"product_brand","embeddable":true,"href":"https:\/\/pjama.eu\/de\/wp-json\/wp\/v2\/product_brand?post=30156"},{"taxonomy":"product_cat","embeddable":true,"href":"https:\/\/pjama.eu\/de\/wp-json\/wp\/v2\/product_cat?post=30156"},{"taxonomy":"product_tag","embeddable":true,"href":"https:\/\/pjama.eu\/de\/wp-json\/wp\/v2\/product_tag?post=30156"}],"curies":[{"name":"wp","href":"https:\/\/api.w.org\/{rel}","templated":true}]}}