{"id":30162,"date":"2021-02-01T11:59:38","date_gmt":"2021-02-01T10:59:38","guid":{"rendered":"https:\/\/pjama.eu\/product\/pjama-dryguardians-unterwaesche-und-alarm-set-boxershorts\/"},"modified":"2026-04-15T19:10:49","modified_gmt":"2026-04-15T17:10:49","slug":"pjama-dryguardians-unterwaesche-und-alarm-set-boxershorts","status":"publish","type":"product","link":"https:\/\/pjama.eu\/de\/produkt\/pjama-dryguardians-unterwaesche-und-alarm-set-boxershorts\/","title":{"rendered":"Pjama DryGuardians &#8211; Unterw\u00e4sche- und Alarm-Set &#8211; Boxershorts"},"content":{"rendered":"<h3 style=\"color: #d35917;\">Pjama DryGuardians &#8211; Unterw\u00e4sche- und Alarm-Set &#8211; Boxershorts &#8211; Effektive Bettn\u00e4sser-Alarm-Behandlung f\u00fcr Jungen<\/h3>\n<p>Pjama DryGuardians &#8211; Unterw\u00e4sche- und Alarm-Set &#8211; Boxershorts ist die perfekte L\u00f6sung f\u00fcr Jungen, die unter Bettn\u00e4ssen (n\u00e4chtlicher Enuresis) leiden. In Kombination mit unserer DryGuardians App erhalten Sie eine effektive und bequeme Behandlung f\u00fcr Bettn\u00e4ssen. Diese Bettn\u00e4sser-Unterw\u00e4sche hat eingen\u00e4hte Sensorf\u00e4den, die schnell Feuchtigkeit erkennen und den Bettn\u00e4sser-Alarm aktivieren, um dem Kind zu helfen, aufzuwachen und mit dem Urinieren aufzuh\u00f6ren. Der DryGuardians-Behandlungsservice analysiert das Bettn\u00e4ssen und bietet ma\u00dfgeschneiderte Tipps, Ratschl\u00e4ge und Vorhersagen f\u00fcr den weiteren Verlauf.   <\/p>\n<p>Laden Sie die DryGuardians App von <a href=\"https:\/\/play.google.com\/store\/apps\/details?id=com.pjama&amp;hl=de&amp;gl=de\" target=\"_blank\" rel=\"noopener\">Google Play<\/a> oder dem <a href=\"https:\/\/apps.apple.com\/de\/app\/pjama\/id1498084664?l=de\" target=\"_blank\" rel=\"noopener\">App Store<\/a> herunter, um den Fortschritt zu verfolgen und eine pers\u00f6nliche Anleitung f\u00fcr die Behandlung der n\u00e4chtlichen Enuresis zu erhalten.<\/p>\n<h4 style=\"color: #072130;\">Eigenschaften<\/h4>\n<p>Der Bettn\u00e4sser-Alarm wurde entwickelt, um sowohl Kindern als auch Erwachsenen mit Bettn\u00e4ssen zu helfen und dient als Erstbehandlung bei Enuresis. Der an der Pjama-Unterw\u00e4sche angebrachte Sensor ist mit einer Alarmeinheit verbunden, die aktiviert wird, wenn sie Feuchtigkeit feststellt. Dieser Bettn\u00e4sser-Alarm sorgt daf\u00fcr, dass das Einn\u00e4ssen sofort gestoppt wird, indem das Gehirn darauf trainiert wird, auf die Signale des K\u00f6rpers zu reagieren.  <\/p>\n<p>Pjama DryGuardians &#8211; Unterw\u00e4sche- und Alarm-Set &#8211; Boxershorts ist speziell auf die Anatomie von Jungen und den Zielbereich des Urinstrahls abgestimmt. Die Boxershorts sind mit zwei kleinen Kn\u00f6pfen an der Taille ausgestattet, an denen man den Sensor des Bettn\u00e4sser-Alarms leicht befestigen kann. Eingen\u00e4hte Sensorf\u00e4den im Schrittbereich erm\u00f6glichen es dem Alarmsystem, Feuchtigkeit leicht zu erkennen und schnell einen Bettn\u00e4sser-Alarm zu aktivieren, um n\u00e4chtliches Einn\u00e4ssen effektiv und sicher zu behandeln.  <\/p>\n<p>Die eingen\u00e4hten Sensorf\u00e4den in Pjama DryGuardians &#8211; Unterw\u00e4sche- und Alarm-Set &#8211; Boxershorts vergr\u00f6\u00dfern den Zielbereich und verbessern die Erkennungsgenauigkeit. Das bedeutet, dass der Alarm das Bettn\u00e4ssen sicher erkennt, egal wo der Urin landet oder in welcher Schlafposition sich Ihr Kind befindet. Dies kann besonders f\u00fcr Jungen wertvoll sein, da der Bereich, mit dem der Urin zuerst in Ber\u00fchrung kommt, oft variiert.  <\/p>\n<h4 style=\"color: #072130;\">Verwendung<\/h4>\n<p>Das Tragen der Pjama DryGuardians Unterw\u00e4sche &#8211; Boxershorts ist so bequem wie das Tragen von normaler Unterw\u00e4sche, so dass sie ideal f\u00fcr Kinder, die unter Bettn\u00e4ssen leiden. Pjama DryGuardians Unterw\u00e4sche- und Alarm-Set &#8211; Boxershorts f\u00fcr n\u00e4chtliches Einn\u00e4ssen nimmt keine Fl\u00fcssigkeit auf. Die Behandlung konzentriert sich darauf, die Gewohnheit des Urinierens im Bett zu brechen.  <\/p>\n<p>Das Paket enth\u00e4lt:<\/p>\n<ul>\n<li>2 x Pjama DryGuardians &#8211; Unterw\u00e4sche &#8211; Boxershorts<\/li>\n<li>1 x Pjama DryGuardians Bettn\u00e4sser-Alarmanlagen-Set (Sensor und Toneinheit)<\/li>\n<\/ul>\n<p>Stecken Sie den Sensor einfach auf den vorderen Bund Ihrer Pjama DryGuardians Unterw\u00e4sche und starten Sie den Bettn\u00e4sser-Alarm, und schon k\u00f6nnen Sie mit der Behandlung beginnen! Platzieren Sie den Bettn\u00e4sser-Alarm in der N\u00e4he des Bettes.<br \/>\nWenn Sie oder Ihr Kind ins Bett n\u00e4ssen, l\u00f6sen die empfindlichen eingen\u00e4hten Sensorf\u00e4den in der Unterw\u00e4sche schnell den Alarm aus. Sie oder Ihr Kind k\u00f6nnen den Alarm ganz einfach durch Dr\u00fccken des &#8222;ON\/OFF-Knopfes&#8220; auf der Oberseite des Alarms abstellen und dann ins Badezimmer gehen, um den Uriniervorgang zu beenden.  <\/p>\n<p>Um den Bettn\u00e4sser-Alarm mit Ihrem Smartphone zu verwenden und am Behandlungsservice teilzunehmen, laden Sie die DryGuardians App herunter. Der Alarm verbindet sich automatisch mit der DryGuardians App, wenn diese auf Ihrem Smartphone ge\u00f6ffnet ist. <\/p>\n<h4 style=\"color: #072130;\">Pflege der Sensoren<\/h4>\n<p><span style=\"font-weight: 400;\">Um die beste Leistung zu erzielen, sollten Sie den Sensor nach dem Gebrauch immer entfernen und abtrocknen.<\/span><span style=\"font-weight: 400;\"><br \/>\n<\/span><span style=\"font-weight: 400;\">Vermeiden Sie es, das Ger\u00e4t an einem nassen Kleidungsst\u00fcck befestigt zu lassen &#8211; dies verhindert Korrosion und verl\u00e4ngert die Lebensdauer der Batterie.<\/span><\/p>\n<h4 style=\"color: #072130;\">Eigenschaften und Vorteile von Pjama DryGuardians &#8211; Unterw\u00e4sche- und Alarm-Set &#8211; Boxershorts<\/h4>\n<ul>\n<li><strong>Wirksame Behandlung:<\/strong> Hilft bei n\u00e4chtlichem Einn\u00e4ssen bei Kindern.<\/li>\n<li><strong>Ma\u00dfgeschneidert f\u00fcr \u00dcbernachtungen:<\/strong> Nutzen Sie Ihr Smartphone und die DryGuardians-App f\u00fcr eine diskrete Behandlung.<\/li>\n<li><strong>USB-Laden:<\/strong> Das Weckger\u00e4t l\u00e4sst sich problemlos mit einem USB-Ladeger\u00e4t aufladen.<\/li>\n<li><strong>Drahtloses System:<\/strong> Die Alarmeinheit kann bis zu 10 Meter vom Sensor entfernt aufgestellt werden.<\/li>\n<li><strong>Benachrichtigungen f\u00fcr Eltern:<\/strong> Verbinden Sie den Bettn\u00e4sser-Alarm mit dem Mobiltelefon der Eltern, um Benachrichtigungen \u00fcber auslaufende Fl\u00fcssigkeiten zu erhalten.<\/li>\n<li><strong>Sichere Erkennung:<\/strong> Gro\u00dfer, dem Urinstrahl angepasster Zielbereich.<\/li>\n<li><strong>Bequem und weich:<\/strong> Hergestellt aus hochwertigen, \u00d6ko-Tex-zertifizierten Stoffen, die sicher und sanft zur Kinderhaut sind.<\/li>\n<li><strong>Langlebig:<\/strong> Waschbar bei 60 Grad und trocknergeeignet.<\/li>\n<\/ul>\n<p><span style=\"color: #666666; font-size: 14px;\">Denken Sie daran, den Pjama-Sensor f\u00fcr den Bettn\u00e4sser-Alarm bei Nichtgebrauch und vor dem Waschen abzunehmen.<\/span><\/p>\n<h4 style=\"color: #072130;\">DryGuardians App und Klinik f\u00fcr Bettn\u00e4ssen<\/h4>\n<p>Mit der DryGuardians-App k\u00f6nnen Sie die Fortschritte bei der Behandlung von Bettn\u00e4ssen und n\u00e4chtlichem Einn\u00e4ssen leicht verfolgen. DryGuardians bietet Vorhersagen und Empfehlungen, die zusammen mit dem schwedischen Gesundheitssystem entwickelt wurden, um sicherzustellen, dass die Behandlung auf Ihre spezifischen Bed\u00fcrfnisse und Fortschritte zugeschnitten ist. Sie k\u00f6nnen alle Unf\u00e4lle protokollieren und Trends im Laufe der Zeit erkennen, was Ihnen oder Ihrem Kind helfen kann, motiviert zu bleiben. Die gesammelten Informationen sind auch f\u00fcr den Austausch mit \u00c4rzten wertvoll, wenn weitere Ratschl\u00e4ge ben\u00f6tigt werden.   <\/p>\n<ul>\n<li>Verwenden Sie die App als Soundeinheit f\u00fcr Ihren Bettn\u00e4sser-Alarm und w\u00e4hlen Sie verschiedene Alarmt\u00f6ne aus.<\/li>\n<li>Tragen Sie die Ergebnisse der Nacht in den Kalender ein, um den Fortschritt zu verfolgen und pers\u00f6nliche Tipps zu erhalten.<\/li>\n<li>Pers\u00f6nliche Beratung und Unterst\u00fctzung bei der Behandlung der Enuresis.<\/li>\n<li>Stellen Sie tags\u00fcber Alarme ein, die Sie oder Ihr Kind daran erinnern, auf die Toilette zu gehen.<\/li>\n<\/ul>\n<p>Die DryGuardians-App kann kostenlos bei <a href=\"https:\/\/play.google.com\/store\/apps\/details?id=com.pjama&amp;hl=de&amp;gl=de\" target=\"_blank\" rel=\"noopener\">Google Play<\/a> oder im <a href=\"https:\/\/apps.apple.com\/de\/app\/pjama\/id1498084664?l=de\" target=\"_blank\" rel=\"noopener\">App Store<\/a> heruntergeladen werden. Erfahren Sie auf unserer <a href=\"https:\/\/pjama.eu\/de\/\">Website<\/a> mehr \u00fcber unsere Bettn\u00e4sseklinik und wie wir Ihnen oder Ihrem Kind helfen k\u00f6nnen. <\/p>\n<h4 style=\"color: #072130;\">Behandlungsprozess &#8211; Motivation und Geduld sind der Schl\u00fcssel<\/h4>\n<p>Die Behandlung der n\u00e4chtlichen Enuresis erfordert Motivation und Geduld, vor allem in den ersten Wochen. Sowohl f\u00fcr Kinder als auch f\u00fcr Eltern ist es wichtig, sich realistische Ziele zu setzen und Fortschritte zu feiern. Denken Sie daran, das Ziel ist ein trockenes Bett ohne Hilfe, und der Weg dorthin kann mit Hilfsmitteln wie DryGuardians f\u00fcr Jungen erleichtert werden.  <\/p>\n<p>Als Elternteil k\u00f6nnen Sie Ihr Kind motivieren, indem Sie ihm positives Feedback und Komplimente geben. Mit Hilfe der <em>DryGuardians App<\/em> k\u00f6nnen Sie Tipps und Ratschl\u00e4ge erhalten, die auf Ihren Behandlungsfortschritt zugeschnitten sind. Dies ist eine sichere und wirksame Methode zur Verbesserung des t\u00e4glichen Lebens f\u00fcr Kinder und Erwachsene, die unter Einn\u00e4ssen leiden.  <\/p>\n<p>\u00a9 2024 Pjama.<\/p>\n","protected":false},"excerpt":{"rendered":"<h3>Pjama DryGuardians &#8211; Unterw\u00e4sche- und Alarm-Set &#8211; Boxershorts<\/h3>\n<p>Pjama DryGuardians &#8211; Unterw\u00e4sche- und Alarm-Set &#8211; Boxershorts ist ein kompletter Service, der eine wirksame und sichere Behandlung von Enuresis (Bettn\u00e4ssen) erm\u00f6glicht.<\/p>\n<ul>\n<li>Enth\u00e4lt 2 x Pjama DryGuardians Unterw\u00e4sche &#8211; Boxer und 1 x Pjama DryGuardians kompletten Bettn\u00e4sser-Alarm (Sensor und Toneinheit)<\/li>\n<li>Gro\u00dfer Zielbereich f\u00fcr eine schnelle und sichere Reaktion auf Bettn\u00e4ssen.<\/li>\n<li>So weich und bequem wie normale Boxer-Unterw\u00e4sche.<\/li>\n<li>Maschinenwaschbar bei 60\u00b0C und trocknergeeignet.<\/li>\n<\/ul>\n<p>Laden Sie die DryGuardians App, einen kostenlosen Behandlungsservice f\u00fcr Bettn\u00e4sser, bei <a href=\"https:\/\/play.google.com\/store\/apps\/details?id=com.pjama&amp;hl=de&amp;gl=de\">Google Play<\/a> oder im <a href=\"https:\/\/apps.apple.com\/de\/app\/pjama\/id1498084664?l=de\" target=\"_blank\" rel=\"noopener\">App Store<\/a> herunter.<\/p>\n","protected":false},"featured_media":31161,"template":"","meta":{"_et_pb_use_builder":"","_et_pb_old_content":"","_et_gb_content_width":""},"product_brand":[],"product_cat":[355,304,354,356],"product_tag":[],"class_list":{"0":"post-30162","1":"product","2":"type-product","3":"status-publish","4":"has-post-thumbnail","6":"product_cat-bettnasser-alarm","7":"product_cat-kinder","8":"product_cat-pjama-behandlung","9":"product_cat-pjamadryguardians_2025","10":"product_shipping_class-eu","11":"pa_size-alter-10-12","12":"pa_size-alter-5-6-jahre","13":"pa_size-alter-6-8","14":"pa_size-alter-8-10","15":"pa_size-klein","17":"first","18":"instock","19":"taxable","20":"shipping-taxable","21":"purchasable","22":"product-type-composite"},"composite_virtual":false,"composite_layout":"single","composite_add_to_cart_form_location":"default","composite_editable_in_cart":false,"composite_sold_individually_context":"product","composite_shop_price_calc":"min_max","composite_components":[{"id":"1743167486","title":"Pjama Bettn\u00e4sser-Alarm","description":"<p>Bettn\u00e4sser-Alarm mit Lautsprecher und Sensor. <\/p>\n","query_type":"product_ids","query_ids":[24646],"default_option_id":24646,"thumbnail_id":6376,"thumbnail_src":"https:\/\/pjama.eu\/wp-content\/uploads\/Pjama-alarm-600x400-1-300x300-1.jpeg","quantity_min":1,"quantity_max":1,"priced_individually":true,"shipped_individually":false,"optional":false,"discount":"","options_style":"dropdowns","pagination_style":"classic","display_prices":"absolute","show_sorting_options":false,"show_filtering_options":false,"attribute_filter_ids":[],"select_action":"view","product_title_visible":false,"product_descr_visible":false,"product_price_visible":true,"product_thumb_visible":true,"subtotal_visible_product":false,"subtotal_visible_cart":true,"subtotal_visible_orders":true},{"id":"1743167487","title":"Behandlung Boxer-Unterw\u00e4sche","description":"<p>Boxer Bettn\u00e4ssen Behandlung Unterw\u00e4sche. Nicht saugf\u00e4hig. <\/p>\n","query_type":"product_ids","query_ids":[24932],"default_option_id":24932,"thumbnail_id":3726,"thumbnail_src":"https:\/\/pjama.eu\/wp-content\/uploads\/Boxer-underwear.jpg","quantity_min":2,"quantity_max":9,"priced_individually":true,"shipped_individually":false,"optional":false,"discount":"","options_style":"dropdowns","pagination_style":"classic","display_prices":"absolute","show_sorting_options":false,"show_filtering_options":false,"attribute_filter_ids":[],"select_action":"view","product_title_visible":false,"product_descr_visible":false,"product_price_visible":true,"product_thumb_visible":true,"subtotal_visible_product":false,"subtotal_visible_cart":true,"subtotal_visible_orders":true}],"composite_scenarios":[],"_links":{"self":[{"href":"https:\/\/pjama.eu\/de\/wp-json\/wp\/v2\/product\/30162","targetHints":{"allow":["GET"]}}],"collection":[{"href":"https:\/\/pjama.eu\/de\/wp-json\/wp\/v2\/product"}],"about":[{"href":"https:\/\/pjama.eu\/de\/wp-json\/wp\/v2\/types\/product"}],"wp:featuredmedia":[{"embeddable":true,"href":"https:\/\/pjama.eu\/de\/wp-json\/wp\/v2\/media\/31161"}],"wp:attachment":[{"href":"https:\/\/pjama.eu\/de\/wp-json\/wp\/v2\/media?parent=30162"}],"wp:term":[{"taxonomy":"product_brand","embeddable":true,"href":"https:\/\/pjama.eu\/de\/wp-json\/wp\/v2\/product_brand?post=30162"},{"taxonomy":"product_cat","embeddable":true,"href":"https:\/\/pjama.eu\/de\/wp-json\/wp\/v2\/product_cat?post=30162"},{"taxonomy":"product_tag","embeddable":true,"href":"https:\/\/pjama.eu\/de\/wp-json\/wp\/v2\/product_tag?post=30162"}],"curies":[{"name":"wp","href":"https:\/\/api.w.org\/{rel}","templated":true}]}}