{"id":31036,"date":"2026-02-20T19:01:38","date_gmt":"2026-02-20T18:01:38","guid":{"rendered":"https:\/\/pjama.eu\/?post_type=product&#038;p=31036"},"modified":"2026-03-31T10:59:57","modified_gmt":"2026-03-31T08:59:57","slug":"bettnaesser-alarm-standard","status":"publish","type":"product","link":"https:\/\/pjama.eu\/de\/produkt\/bettnaesser-alarm-standard\/","title":{"rendered":"DryGuardians Bettn\u00e4sser-Alarm &#8211; Standard"},"content":{"rendered":"<h3 style=\"color: #d35917;\">DryGuardians Bettn\u00e4sser-Alarm &#8211; Standard<\/h3>\n<p>Der <strong>DryGuardians Bettn\u00e4sser-Alarm Standard<\/strong> bietet eine klinisch erprobte und zuverl\u00e4ssige L\u00f6sung f\u00fcr Familien, die eine effektive Methode zur Behandlung von n\u00e4chtlichem Einn\u00e4ssen suchen. Dieses Standard-Set des Bettn\u00e4sser-Alarms kombiniert fortschrittliche Alarmtechnologie mit zwei Paar Unterw\u00e4sche mit Sensoren, die Ihrem Kind die Konsistenz und den Komfort bieten, die f\u00fcr eine erfolgreiche Behandlung erforderlich sind. Diese Standardversion wurde f\u00fcr den t\u00e4glichen Gebrauch entwickelt und bietet alles, was f\u00fcr eine sichere und praktische Behandlung des Bettn\u00e4ssens zu Hause erforderlich ist.  <\/p>\n<p>Laden Sie die DryGuardians App von <a href=\"https:\/\/play.google.com\/store\/apps\/details?id=com.pjama&amp;hl=de&amp;gl=de\" target=\"_blank\" rel=\"noopener\">Google Play<\/a> oder dem <a href=\"https:\/\/apps.apple.com\/de\/app\/pjama\/id1498084664?l=de\" target=\"_blank\" rel=\"noopener\">App Store<\/a> herunter, um den Fortschritt zu verfolgen und eine pers\u00f6nliche Anleitung f\u00fcr die Behandlung der n\u00e4chtlichen Enuresis zu erhalten.<\/p>\n<h4 style=\"color: #072130;\">Vorteile des Bettn\u00e4sser Alarm Standard Systems<\/h4>\n<p>Das DryGuardians Bettn\u00e4sser Alarm Standard Set wurde speziell entwickelt, um Kindern mit Enuresis nocturna dabei zu helfen, die Signale ihrer Blase nachts besser wahrzunehmen. Es funktioniert wie ein strukturiertes Enuresis-Alarmsystem, das dem Gehirn hilft, allm\u00e4hlich auf die Signale des K\u00f6rpers w\u00e4hrend des Schlafs zu reagieren. <\/p>\n<p>Der Sensor wird an der DryGuardians Unterw\u00e4sche befestigt und ist drahtlos mit dem Alarmger\u00e4t verbunden. Wenn Feuchtigkeit erkannt wird, wird der Alarmsensor sofort aktiviert und hilft Ihrem Kind, aufzuwachen und zur Toilette zu gehen. <\/p>\n<p>Bei dieser Methode liegt der Schwerpunkt auf der Bewusstseinsbildung und der Unterst\u00fctzung langfristiger trockener N\u00e4chte durch Best\u00e4ndigkeit und Routine.<\/p>\n<h4 style=\"color: #072130;\">Warum das Bettn\u00e4sser Alarm Standard Set w\u00e4hlen?<\/h4>\n<p>Der Standard-Bausatz umfasst:<\/p>\n<ul>\n<li><strong>2 x DryGuardians Unterw\u00e4sche<\/strong> (Boxershorts oder Slips)<\/li>\n<li><strong>1 x DryGuardians Bettn\u00e4sser-Alarm<\/strong> (Sensor + Toneinheit)<\/li>\n<\/ul>\n<p>Der Besitz von zwei Paar Behandlungsunterw\u00e4sche gew\u00e4hrleistet:<\/p>\n<ul>\n<li>Einfache Hygiene-Rotation<\/li>\n<li>Kontinuierliche Behandlung auch w\u00e4hrend des Waschvorgangs<\/li>\n<li>Mehr Komfort f\u00fcr viel besch\u00e4ftigte Familien<\/li>\n<li>Besserer Langzeitwert im Vergleich zu L\u00f6sungen mit nur einem Kleidungsst\u00fcck<\/li>\n<\/ul>\n<p>Das Bettn\u00e4sser-Alarm-Standardpaket ist ideal f\u00fcr Familien, die ein komplettes, einfach zu bedienendes, praktisches System ohne unn\u00f6tige Komplexit\u00e4t w\u00fcnschen.<\/p>\n<h4 style=\"color: #072130;\">Pr\u00e4zise Feuchtigkeitserkennung f\u00fcr schnellen Erfolg<\/h4>\n<p>Die DryGuardians Unterw\u00e4sche ist mit eingen\u00e4hten Sensorf\u00e4den im Zielbereich ausgestattet. Diese F\u00e4den vergr\u00f6\u00dfern die Erkennungsfl\u00e4che, so dass der Enuresis-Alarm schnell und zuverl\u00e4ssig reagieren kann. <\/p>\n<p>Unabh\u00e4ngig von der Schlafposition Ihres Kindes kann der Feuchtigkeitssensor-Alarm fr\u00fche Anzeichen von Bettn\u00e4ssen erkennen und die Alarmeinheit aktivieren. Diese unmittelbare R\u00fcckmeldung unterst\u00fctzt den Lernprozess und tr\u00e4gt dazu bei, wiederholte n\u00e4chtliche Urinierunf\u00e4lle mit der Zeit zu reduzieren. <\/p>\n<p>Es sind sowohl Boxershorts als auch Slips erh\u00e4ltlich, so dass Sie die Passform w\u00e4hlen k\u00f6nnen, die f\u00fcr Ihr Kind am nat\u00fcrlichsten und bequemsten ist.<\/p>\n<h4 style=\"color: #072130;\">Kinderleichte Anwendung im Alltag<\/h4>\n<p>DryGuardians Unterw\u00e4sche f\u00fchlt sich genau wie normale Unterw\u00e4sche an. Die Kleidungsst\u00fccke sind weich, diskret und aus \u00d6ko-Tex-zertifizierten Stoffen hergestellt, die sanft zur Haut von Kindern sind. <\/p>\n<p>Die Unterw\u00e4sche absorbiert keine Fl\u00fcssigkeit. Stattdessen liegt der Schwerpunkt darauf, das Bettn\u00e4ssen durch ein alarmgesteuertes Training zu unterbrechen. <\/p>\n<h4 style=\"color: #072130;\">Schritt-f\u00fcr-Schritt: So nutzen Sie den Bettn\u00e4sser Alarm Standard<\/h4>\n<ol>\n<li>Setzen Sie den Sensor auf die Kn\u00f6pfe am Bund.<\/li>\n<li>Stellen Sie die Alarmeinheit in der N\u00e4he des Bettes auf (bis zu 10 Meter entfernt).<\/li>\n<li>Schalten Sie den Wecker vor dem Schlafengehen ein.<\/li>\n<li>Wenn Feuchtigkeit festgestellt wird, wird der Alarm aktiviert.<\/li>\n<li>Ihr Kind schaltet den Alarm aus und geht zur Toilette.<\/li>\n<\/ol>\n<p>Die Alarmeinheit (Lautsprecher) ist \u00fcber USB wiederaufladbar und der Sensor kann auch mit der DryGuardians App verbunden werden, um zus\u00e4tzliche Unterst\u00fctzung zu erhalten.<\/p>\n<h4 style=\"color: #072130;\">Pflege der Sensoren<\/h4>\n<p><span style=\"font-weight: 400;\">Um die beste Leistung zu erzielen, sollten Sie den Sensor nach dem Gebrauch immer entfernen und abtrocknen.<\/span><span style=\"font-weight: 400;\"><br \/>\n<\/span><span style=\"font-weight: 400;\">Vermeiden Sie es, das Ger\u00e4t an einem nassen Kleidungsst\u00fcck befestigt zu lassen &#8211; dies verhindert Korrosion und verl\u00e4ngert die Lebensdauer der Batterie.<\/span><\/p>\n<h4 style=\"color: #072130;\">Alle Highlights des DryGuardians Bettn\u00e4sser Alarm Standard<\/h4>\n<ul>\n<li>Strukturiertes und wirksames System zur Behandlung von Bettn\u00e4ssen<\/li>\n<li>Drahtlose Alarmsensorik f\u00fcr Feuchtigkeit<\/li>\n<li>Zwei Paar Unterw\u00e4sche f\u00fcr Hygiene und Rotation<\/li>\n<li>Gro\u00dfer Erfassungsbereich f\u00fcr pr\u00e4zise Reaktion<\/li>\n<li>Weiche, bequeme Materialien<\/li>\n<li>Maschinenwaschbar bei 60\u00b0C und trocknergeeignet<\/li>\n<li>Wiederaufladbare USB-Alarmeinheit (Lautsprecher)<\/li>\n<li>App-Konnektivit\u00e4t f\u00fcr die Fortschrittsverfolgung<\/li>\n<li>F\u00f6rdert das Selbstvertrauen und die Unabh\u00e4ngigkeit des Kindes<\/li>\n<\/ul>\n<p>Diese Kombination aus Komfort, Zuverl\u00e4ssigkeit und praktischem Design macht den Bettn\u00e4sser-Alarm zu einer zuverl\u00e4ssigen Wahl f\u00fcr Familien, die zu Hause mit Bettn\u00e4ssen zu k\u00e4mpfen haben.<\/p>\n<h4 style=\"color: #072130;\">Der Behandlungsprozess &#8211; Konsistenz f\u00fchrt zu Ergebnissen<\/h4>\n<p>Der Umgang mit Bettn\u00e4ssen erfordert Geduld, Ermutigung und realistische Erwartungen. In den ersten Wochen kann zus\u00e4tzliche Unterst\u00fctzung erforderlich sein, aber die konsequente n\u00e4chtliche Verwendung des Bettn\u00e4sser-Alarms hilft, ein Bewusstsein und neue Gewohnheiten zu entwickeln. <\/p>\n<ul>\n<li>Die Eltern spielen dabei eine wichtige Rolle:<\/li>\n<li>Positive Verst\u00e4rkung anbieten<\/li>\n<li>Beibehaltung einer regelm\u00e4\u00dfigen Schlafenszeitroutine<\/li>\n<li>Kleine Verbesserungen feiern<\/li>\n<\/ul>\n<p>Mit Struktur und Ermutigung erleben viele Familien stetige Fortschritte auf dem Weg zu trockenen N\u00e4chten.<\/p>\n<p>Die DryGuardians-App kann kostenlos bei <a href=\"https:\/\/play.google.com\/store\/apps\/details?id=com.pjama&amp;hl=de&amp;gl=de\" target=\"_blank\" rel=\"noopener\">Google Play<\/a> oder im <a href=\"https:\/\/apps.apple.com\/de\/app\/pjama\/id1498084664?l=de\" target=\"_blank\" rel=\"noopener\">App Store<\/a> heruntergeladen werden. Erfahren Sie auf unserer <a href=\"https:\/\/pjama.eu\/de\/\">Website<\/a> mehr \u00fcber unsere Bettn\u00e4sseklinik und wie wir Ihnen oder Ihrem Kind helfen k\u00f6nnen. <\/p>\n<h4 style=\"color: #072130;\">Behandlungsprozess &#8211; Motivation und Geduld sind der Schl\u00fcssel<\/h4>\n<p>Der <strong>DryGuardians Bettn\u00e4sser-Alarm Standard<\/strong> bietet eine praktische Komplettl\u00f6sung f\u00fcr Familien, die bereit sind, den n\u00e4chsten Schritt im Umgang mit Bettn\u00e4ssen zu tun. Mit zwei Paar mit Sensoren ausgestatteter Unterw\u00e4sche und einem zuverl\u00e4ssigen Enuresis-Alarmsystem haben Sie alles, was Sie f\u00fcr den Anfang brauchen. <\/p>\n<p>Bestellen Sie Ihr Bettn\u00e4sser Alarm Standard Set jetzt online und helfen Sie Ihrem Kind, mit mehr Selbstvertrauen und trockenen N\u00e4chten aufzuwachsen.<\/p>\n<p>\u00a9 2024 Pjama.<\/p>\n","protected":false},"excerpt":{"rendered":"<h2>DryGuardians Bettn\u00e4sser-Alarm Standard<\/h2>\n<p>Der DryGuardians Bettn\u00e4sser-Alarm Standard ist eine Komplettl\u00f6sung f\u00fcr die effektive Behandlung des Bettn\u00e4ssens zu Hause.<\/p>\n<p>Enth\u00e4lt <strong>2 x DryGuardians Unterw\u00e4sche<\/strong> (Boxershorts oder Slips) und <strong>1 x Bettn\u00e4sser-Alarm<\/strong> (Sensor + Toneinheit).<\/p>\n<ul>\n<li>Zwei Paare f\u00fcr einfache Hygiene-Rotation<\/li>\n<li>Schnelle, zuverl\u00e4ssige Feuchtigkeitserkennung<\/li>\n<li>Weich und bequem wie normale Unterw\u00e4sche<\/li>\n<li>Maschinenwaschbar bei 60\u00b0C und trocknergeeignet<\/li>\n<\/ul>\n<p>Eine einfache, strukturierte Methode, um trockene N\u00e4chte und wachsendes Selbstvertrauen zu f\u00f6rdern.<\/p>\n<p>Laden Sie die DryGuardians App, einen kostenlosen Behandlungsservice f\u00fcr Bettn\u00e4sser, bei <a href=\"https:\/\/play.google.com\/store\/apps\/details?id=com.pjama&amp;hl=de&amp;gl=de\">Google Play<\/a> oder im <a href=\"https:\/\/apps.apple.com\/de\/app\/pjama\/id1498084664?l=de\" target=\"_blank\" rel=\"noopener\">App Store<\/a> herunter.<\/p>\n","protected":false},"featured_media":31115,"template":"","meta":{"_et_pb_use_builder":"","_et_pb_old_content":"","_et_gb_content_width":""},"product_brand":[],"product_cat":[355,304,354,356],"product_tag":[],"class_list":{"0":"post-31036","1":"product","2":"type-product","3":"status-publish","4":"has-post-thumbnail","6":"product_cat-bettnasser-alarm","7":"product_cat-kinder","8":"product_cat-pjama-behandlung","9":"product_cat-pjamadryguardians_2025","10":"product_shipping_class-eu","11":"pa_size-alter-10-12","12":"pa_size-alter-5-6-jahre","13":"pa_size-alter-6-8","14":"pa_size-alter-8-10","15":"pa_size-klein","17":"first","18":"instock","19":"sold-individually","20":"taxable","21":"shipping-taxable","22":"purchasable","23":"product-type-composite"},"composite_virtual":false,"composite_layout":"single","composite_add_to_cart_form_location":"default","composite_editable_in_cart":false,"composite_sold_individually_context":"product","composite_shop_price_calc":"min_max","composite_components":[{"id":"1743167486","title":"Pjama Bettn\u00e4sser-Alarm","description":"<p>Bettn\u00e4sser-Alarm mit Lautsprecher und Sensor. <\/p>\n","query_type":"product_ids","query_ids":[24646],"default_option_id":24646,"thumbnail_id":6376,"thumbnail_src":"https:\/\/pjama.eu\/wp-content\/uploads\/Pjama-alarm-600x400-1-300x300-1.jpeg","quantity_min":1,"quantity_max":1,"priced_individually":true,"shipped_individually":false,"optional":false,"discount":"","options_style":"dropdowns","pagination_style":"classic","display_prices":"absolute","show_sorting_options":false,"show_filtering_options":false,"attribute_filter_ids":[],"select_action":"view","product_title_visible":false,"product_descr_visible":false,"product_price_visible":true,"product_thumb_visible":true,"subtotal_visible_product":false,"subtotal_visible_cart":true,"subtotal_visible_orders":true},{"id":"1773136716","title":"W\u00e4hlen Sie die Art der Unterw\u00e4sche ","description":"<p>W\u00e4hlen Sie die Unterw\u00e4sche, die mit dem Behandlungsalarm verwendet wird.<\/p>\n","query_type":"product_ids","query_ids":[24932,24693],"default_option_id":"","thumbnail_id":30715,"thumbnail_src":"https:\/\/pjama.eu\/wp-content\/uploads\/Pjama_boxers_and_briefs.jpg","quantity_min":2,"quantity_max":6,"priced_individually":true,"shipped_individually":false,"optional":false,"discount":"","options_style":"dropdowns","pagination_style":"classic","display_prices":"absolute","show_sorting_options":false,"show_filtering_options":false,"attribute_filter_ids":[],"select_action":"view","product_title_visible":false,"product_descr_visible":false,"product_price_visible":true,"product_thumb_visible":true,"subtotal_visible_product":false,"subtotal_visible_cart":true,"subtotal_visible_orders":true}],"composite_scenarios":[{"id":"1773136717","name":"Show Boxer size \/ hide Briefs size","description":"","configuration":[{"component_id":"1773136716","options_modifier":"in","component_options":[24932]}],"actions":[{"action_id":"compat_group","is_active":false},{"action_id":"conditional_components","is_active":true,"hidden_components":[]},{"action_id":"conditional_options","is_active":false,"hidden_options":[]}],"enabled":true},{"id":"1773137216","name":"Show Briefs size \/ hide Boxer size","description":"","configuration":[{"component_id":"1773136716","options_modifier":"in","component_options":[24693]}],"actions":[{"action_id":"compat_group","is_active":false},{"action_id":"conditional_components","is_active":true,"hidden_components":[]},{"action_id":"conditional_options","is_active":false,"hidden_options":[]}],"enabled":true}],"_links":{"self":[{"href":"https:\/\/pjama.eu\/de\/wp-json\/wp\/v2\/product\/31036","targetHints":{"allow":["GET"]}}],"collection":[{"href":"https:\/\/pjama.eu\/de\/wp-json\/wp\/v2\/product"}],"about":[{"href":"https:\/\/pjama.eu\/de\/wp-json\/wp\/v2\/types\/product"}],"wp:featuredmedia":[{"embeddable":true,"href":"https:\/\/pjama.eu\/de\/wp-json\/wp\/v2\/media\/31115"}],"wp:attachment":[{"href":"https:\/\/pjama.eu\/de\/wp-json\/wp\/v2\/media?parent=31036"}],"wp:term":[{"taxonomy":"product_brand","embeddable":true,"href":"https:\/\/pjama.eu\/de\/wp-json\/wp\/v2\/product_brand?post=31036"},{"taxonomy":"product_cat","embeddable":true,"href":"https:\/\/pjama.eu\/de\/wp-json\/wp\/v2\/product_cat?post=31036"},{"taxonomy":"product_tag","embeddable":true,"href":"https:\/\/pjama.eu\/de\/wp-json\/wp\/v2\/product_tag?post=31036"}],"curies":[{"name":"wp","href":"https:\/\/api.w.org\/{rel}","templated":true}]}}