{"id":31070,"date":"2026-02-20T19:39:13","date_gmt":"2026-02-20T18:39:13","guid":{"rendered":"https:\/\/pjama.eu\/?post_type=product&#038;p=31070"},"modified":"2026-03-24T14:45:57","modified_gmt":"2026-03-24T13:45:57","slug":"bettnaesser-alarm-premium","status":"publish","type":"product","link":"https:\/\/pjama.eu\/de\/produkt\/bettnaesser-alarm-premium\/","title":{"rendered":"DryGuardians Bettn\u00e4sser-Alarm &#8211; Premium"},"content":{"rendered":"<h3 style=\"color: #d35917;\">DryGuardians Bettn\u00e4sser-Alarm &#8211; Premium<\/h3>\n<p>Das DryGuardians Bettn\u00e4sser-Alarm Premium Set bietet die umfassendste L\u00f6sung f\u00fcr Familien, die eine klinisch erprobte und komfortable Behandlung gegen Bettn\u00e4ssen suchen. Dieses sorgf\u00e4ltig konzipierte Kit kombiniert fortschrittliche Alarmtechnologie mit zus\u00e4tzlicher Unterw\u00e4sche und sch\u00fctzenden Behandlungsshorts und bietet Eltern alles, was sie brauchen, um Bettn\u00e4ssen sicher und konsequent zu behandeln.<br \/>\nK\u00e4mpft Ihr Kind mit n\u00e4chtlichem Einn\u00e4ssen? Unser Bettn\u00e4sser-Alarm-Premium-Paket bietet Struktur, maximale Sicherheit und einen nachhaltigen Behandlungserfolg in einem System.<br \/>\nLaden Sie die DryGuardians-App von <a href=\"https:\/\/play.google.com\/store\/apps\/details?id=com.pjama&amp;hl=de&amp;gl=de\" target=\"_blank\" rel=\"noopener\">Google Play<\/a> oder dem <a href=\"https:\/\/apps.apple.com\/de\/app\/pjama\/id1498084664?l=de\" target=\"_blank\" rel=\"noopener\">App Store<\/a> herunter, um den Fortschritt zu verfolgen und w\u00e4hrend der gesamten Behandlungsreise pers\u00f6nliche Anleitung zu erhalten. <\/p>\n<h4 style=\"color: #072130;\">Warum ist dieser Bettn\u00e4sser-Alarm die beste Premium-L\u00f6sung?<\/h4>\n<p>Die Premium-Version ist f\u00fcr Familien gedacht, die mehr Flexibilit\u00e4t, eine bessere Hygienerotation und zus\u00e4tzlichen Schutz w\u00e4hrend der Behandlung w\u00fcnschen.<\/p>\n<h4 style=\"color: #072130;\">Lieferumfang Ihres Bettn\u00e4sser-Alarm Premium Sets:<\/h4>\n<ul>\n<li><strong>2 Paar DryGuardians Unterw\u00e4sche<\/strong> (wahlweise Boxer oder Slips)<\/li>\n<li><strong>1 DryGuardians Bettn\u00e4sser-Alarm<\/strong> (Sensor + Toneinheit)<\/li>\n<li><strong>1 Paar Absorbierende Behandlungsshorts<\/strong><\/li>\n<\/ul>\n<p>Dieses erweiterte Set bietet eine umfassendere L\u00f6sung als ein Standard-Enuresis-Alarmset. Mit zwei Paar Unterw\u00e4sche mit Sensorf\u00e4den hat Ihr Kind immer ein frisches Paar parat, w\u00e4hrend das andere gewaschen wird. Die absorbierenden Behandlungsshorts bieten zus\u00e4tzlichen Schutz f\u00fcr das Bett und machen die n\u00e4chtliche Pflege einfacher und praktischer.  <\/p>\n<h4 style=\"color: #072130;\">So funktioniert der Bettn\u00e4sser-Alarm Premium:<\/h4>\n<p>Der DryGuardians Bettn\u00e4sser-Alarm Premium fungiert als klinisch empfohlene Erstbehandlung f\u00fcr Bettn\u00e4ssen und n\u00e4chtliche Enuresis. Das System hilft dem Gehirn zu lernen, w\u00e4hrend des Schlafs auf Blasensignale zu reagieren. <\/p>\n<h4 style=\"color: #072130;\">Schritt-f\u00fcr-Schritt-Verfahren:<\/h4>\n<ol>\n<li>Hochsensible Sensorf\u00e4den in der Unterw\u00e4sche registrieren Feuchtigkeit sofort beim ersten Tropfen.<\/li>\n<li>Der am Kleidungsst\u00fcck angebrachte drahtlose Feuchtigkeitssensor sendet ein Signal an die Alarmeinheit.<\/li>\n<li>Der Alarm wird aktiviert und weckt Ihr Kind.<\/li>\n<li>Ihr Kind geht auf die Toilette, um zu urinieren.<\/li>\n<li>Sensor abklemmen, ggf. abwischen<\/li>\n<li>Mit der Zeit lernt das Gehirn, zu reagieren, bevor es zu n\u00e4chtlichen Harnverlusten kommt.<\/li>\n<\/ol>\n<p>Die eingebauten Sensorf\u00e4den bilden einen gro\u00dfen Erfassungsbereich, der unabh\u00e4ngig von der Schlafposition eine genaue Reaktion gew\u00e4hrleistet. Das macht das Bettn\u00e4sser-Alarm-Premiumsystem sowohl f\u00fcr Jungen als auch f\u00fcr M\u00e4dchen zuverl\u00e4ssig. <\/p>\n<h4 style=\"color: #072130;\">Pflege der Sensoren<\/h4>\n<p><span style=\"font-weight: 400;\">Um die beste Leistung zu erzielen, sollten Sie den Sensor nach dem Gebrauch immer entfernen und abtrocknen.<\/span><span style=\"font-weight: 400;\"><br \/>\n<\/span><span style=\"font-weight: 400;\">Vermeiden Sie es, das Ger\u00e4t an einem nassen Kleidungsst\u00fcck befestigt zu lassen &#8211; dies verhindert Korrosion und verl\u00e4ngert die Lebensdauer der Batterie.<\/span><\/p>\n<h4 style=\"color: #072130;\">Maximaler Komfort f\u00fcr Kinder im Alltag<\/h4>\n<p>Kinder sind erfolgreicher, wenn sich die Behandlung normal und angenehm anf\u00fchlt. Deshalb ist jedes Kleidungsst\u00fcck in diesem Bettn\u00e4sser-Alarm Premium-Kit aus weichen Stoffen gefertigt, die sanft zur empfindlichen Haut sind. <\/p>\n<ul>\n<li><strong>Wirksame Behandlung:<\/strong> Hilft bei n\u00e4chtlichem Einn\u00e4ssen bei Kindern.<\/li>\n<li><strong>Ma\u00dfgeschneidert f\u00fcr \u00dcbernachtungen:<\/strong> Nutzen Sie Ihr Smartphone und die DryGuardians-App f\u00fcr eine diskrete Behandlung.<\/li>\n<li><strong>USB-Laden:<\/strong> Das Weckger\u00e4t l\u00e4sst sich problemlos mit einem USB-Ladeger\u00e4t aufladen.<\/li>\n<li><strong>Drahtloses System:<\/strong> Die Alarmeinheit kann bis zu 10 Meter vom Sensor entfernt aufgestellt werden.<\/li>\n<li><strong>Benachrichtigungen f\u00fcr Eltern:<\/strong> Verbinden Sie den Bettn\u00e4sser-Alarm mit dem Mobiltelefon der Eltern, um Benachrichtigungen \u00fcber auslaufende Fl\u00fcssigkeiten zu erhalten.<\/li>\n<li><strong>Sichere Erkennung:<\/strong> Gro\u00dfer, dem Urinstrahl angepasster Zielbereich.<\/li>\n<li><strong>Bequem und weich:<\/strong> Hergestellt aus hochwertigen, \u00d6ko-Tex-zertifizierten Stoffen, die sicher und sanft zur Kinderhaut sind.<\/li>\n<li><strong>Langlebig:<\/strong> Waschbar bei 60 Grad und trocknergeeignet. Wenn Sie die Shorts waschen, drehen Sie sie auf links (!).<\/li>\n<\/ul>\n<p>Die Unterw\u00e4sche nimmt keine Fl\u00fcssigkeit auf. Sie soll mit dem Bettn\u00e4sser-Alarm zusammenarbeiten, um das Bettn\u00e4ssen effektiv zu unterbrechen. <\/p>\n<p>Denken Sie daran, den Pjama-Sensor bei Nichtgebrauch und vor dem Waschen abzunehmen.<\/p>\n<h4 style=\"color: #072130;\">App-gest\u00fctzte Therapie: Die DryGuardians Technologie<\/h4>\n<p data-start=\"3698\" data-end=\"3833\">Der Bettn\u00e4sser-Alarm Premium l\u00e4sst sich per Bluetooth mit der DryGuardians App verbinden, um die Fortschritte Ihres Kindes l\u00fcckenlos zu dokumentieren.<\/p>\n<p data-start=\"3835\" data-end=\"3857\">Mit der App k\u00f6nnen Sie:<\/p>\n<ul>\n<li>Protokollierung der n\u00e4chtlichen Ergebnisse und \u00dcberwachung der Fortschritte<\/li>\n<li>Sie erhalten eine strukturierte Anleitung und Tipps<\/li>\n<li>Verwenden Sie Ihr Smartphone als diskrete Soundeinheit<\/li>\n<li>Erinnerungen f\u00fcr Toiletteng\u00e4nge am Tag einstellen<\/li>\n<li>Trends verfolgen, um das Selbstvertrauen und die Unabh\u00e4ngigkeit von Kindern zu f\u00f6rdern<\/li>\n<\/ul>\n<p>Auch die Eltern k\u00f6nnen Benachrichtigungen erhalten, so dass sie ihr Kind w\u00e4hrend des gesamten Prozesses leichter unterst\u00fctzen k\u00f6nnen.<\/p>\n<p>Die DryGuardians-App kann kostenlos bei <a href=\"https:\/\/play.google.com\/store\/apps\/details?id=com.pjama&amp;hl=de&amp;gl=de\" target=\"_blank\" rel=\"noopener\">Google Play<\/a> oder im <a href=\"https:\/\/apps.apple.com\/de\/app\/pjama\/id1498084664?l=de\" target=\"_blank\" rel=\"noopener\">App Store<\/a> heruntergeladen werden. Erfahren Sie auf unserer <a href=\"https:\/\/pjama.eu\/de\/\">Website<\/a> mehr \u00fcber unsere Bettn\u00e4sseklinik und wie wir Ihnen oder Ihrem Kind helfen k\u00f6nnen. <\/p>\n<h4 style=\"color: #072130;\">Der Behandlungsprozess &#8211; Motivation und Konsequenz sind wichtig<\/h4>\n<p>Eine wirksame Behandlung des Bettn\u00e4ssens erfordert Geduld und Ermutigung. Vor allem in den ersten Wochen kann es einige Zeit dauern, bis sich Fortschritte einstellen. Die konsequente n\u00e4chtliche Anwendung Ihres Bettn\u00e4sser-Alarms hilft, neue Schlafgewohnheiten zu entwickeln.  <\/p>\n<p>Unterst\u00fctzen Sie Ihr Kind mit:<\/p>\n<ul>\n<li>Positive Verst\u00e4rkung<\/li>\n<li>Klare Routinen<\/li>\n<li>Kleine Verbesserungen feiern<\/li>\n<li>Beteiligung an der Verfolgung ihrer eigenen Fortschritte<\/li>\n<\/ul>\n<p>Mit der richtigen Struktur und den richtigen Hilfsmitteln k\u00f6nnen viele Familien deutliche Verbesserungen erzielen und gleichzeitig das Selbstvertrauen und die Unabh\u00e4ngigkeit ihres Kindes st\u00e4rken.<\/p>\n<h4 style=\"color: #072130;\">Ihre Vorteile mit dem Bettn\u00e4sser-Alarm Premium<\/h4>\n<ul>\n<li>Komplette All-in-One-L\u00f6sung<\/li>\n<li>Zus\u00e4tzliche Unterw\u00e4sche f\u00fcr Hygiene und Rotation<\/li>\n<li>Absorbierende Behandlungsshorts f\u00fcr zus\u00e4tzlichen Schutz<\/li>\n<li>Drahtloser, einfach zu bedienender Enuresis-Alarm<\/li>\n<li>Bequemes, kinderfreundliches Design<\/li>\n<li>App-gest\u00fctzte Fortschrittskontrolle<\/li>\n<li>Praktisch f\u00fcr Alltag und Reise<\/li>\n<\/ul>\n<p>Dies ist mehr als nur ein Bettn\u00e4sser-Alarm. Es ist ein strukturiertes, unterst\u00fctzendes System, das Ihrem Kind helfen soll, mit W\u00fcrde und Selbstvertrauen zu trockenen N\u00e4chten zu gelangen. <\/p>\n<h4 style=\"color: #072130;\">Jetzt den Bettn\u00e4sser-Alarm Premium kaufen &amp; trocken werden<\/h4>\n<p>W\u00e4hlen Sie heute den DryGuardians Bettn\u00e4sser-Alarm Premium f\u00fcr eine zuverl\u00e4ssige, durchdachte und kindgerechte L\u00f6sung gegen Bettn\u00e4ssen. Bestellen Sie jetzt und machen Sie den ersten Schritt zu ruhigeren N\u00e4chten, gr\u00f6\u00dferer Unabh\u00e4ngigkeit und dauerhaftem Vertrauen. <\/p>\n<p>\u00a9 2024 Pjama.<\/p>\n","protected":false},"excerpt":{"rendered":"<h2 data-start=\"0\" data-end=\"42\">DryGuardians Bettn\u00e4sser-Alarm Premium<\/h2>\n<p>DryGuardians Bettn\u00e4sser-Alarm Premium ist eine komplette und praktische L\u00f6sung f\u00fcr eine wirksame Behandlung des Bettn\u00e4ssens. Dieses Premium-Kit bietet Ihnen alles, was Sie f\u00fcr eine konsequente, strukturierte Unterst\u00fctzung in der Nacht ben\u00f6tigen. <\/p>\n<p><strong>2 x DryGuardians Unterw\u00e4sche<\/strong> (Boxershorts oder Slips), <strong>1 x Bettn\u00e4sser-Alarm<\/strong> (Sensor + Toneinheit) und <strong>1 x absorbierende Behandlungsshorts<\/strong>.<\/p>\n<ul>\n<li style=\"list-style-type: none;\">\n<ul>\n<li>Premium All-in-One Enuresis-Alarmsystem<\/li>\n<li>Zus\u00e4tzliche Unterw\u00e4sche f\u00fcr eine einfache Hygiene-Rotation<\/li>\n<li>Absorbierende Shorts f\u00fcr zus\u00e4tzlichen Bettschutz<\/li>\n<li>Schnelle, zuverl\u00e4ssige Feuchtigkeitserkennung<\/li>\n<li>Weich, maschinenwaschbar und trocknergeeignet<\/li>\n<\/ul>\n<\/li>\n<\/ul>\n<p>Laden Sie die DryGuardians App, einen kostenlosen Behandlungsservice f\u00fcr Bettn\u00e4sser, bei <a href=\"https:\/\/play.google.com\/store\/apps\/details?id=com.pjama&amp;hl=de&amp;gl=de\">Google Play<\/a> oder im <a href=\"https:\/\/apps.apple.com\/de\/app\/pjama\/id1498084664?l=de\" target=\"_blank\" rel=\"noopener\">App Store<\/a> herunter.<\/p>\n","protected":false},"featured_media":30990,"template":"","meta":{"_et_pb_use_builder":"","_et_pb_old_content":"","_et_gb_content_width":""},"product_brand":[],"product_cat":[355,304,354,356],"product_tag":[],"class_list":{"0":"post-31070","1":"product","2":"type-product","3":"status-publish","4":"has-post-thumbnail","6":"product_cat-bettnasser-alarm","7":"product_cat-kinder","8":"product_cat-pjama-behandlung","9":"product_cat-pjamadryguardians_2025","10":"product_shipping_class-eu","11":"pa_size-alter-10-12","12":"pa_size-alter-5-6-jahre","13":"pa_size-alter-6-8","14":"pa_size-alter-8-10","15":"pa_size-klein","17":"first","18":"instock","19":"sold-individually","20":"taxable","21":"shipping-taxable","22":"purchasable","23":"product-type-composite"},"composite_virtual":false,"composite_layout":"single","composite_add_to_cart_form_location":"default","composite_editable_in_cart":false,"composite_sold_individually_context":"product","composite_shop_price_calc":"min_max","composite_components":[{"id":"1743167486","title":"Pjama Bettn\u00e4sser-Alarm","description":"<p>Bettn\u00e4sser-Alarm mit Lautsprecher und Sensor. <\/p>\n","query_type":"product_ids","query_ids":[24646],"default_option_id":24646,"thumbnail_id":6376,"thumbnail_src":"https:\/\/pjama.eu\/wp-content\/uploads\/Pjama-alarm-600x400-1-300x300-1.jpeg","quantity_min":1,"quantity_max":1,"priced_individually":true,"shipped_individually":false,"optional":false,"discount":"","options_style":"dropdowns","pagination_style":"classic","display_prices":"absolute","show_sorting_options":false,"show_filtering_options":false,"attribute_filter_ids":[],"select_action":"view","product_title_visible":false,"product_descr_visible":false,"product_price_visible":true,"product_thumb_visible":true,"subtotal_visible_product":false,"subtotal_visible_cart":true,"subtotal_visible_orders":true},{"id":"1771617061","title":"Pjama DryGuardians Schlafkleidung f\u00fcr Kinder","description":"<p>Absorbierende Behandlungsshorts<\/p>\n","query_type":"product_ids","query_ids":[25268],"default_option_id":25268,"thumbnail_id":22855,"thumbnail_src":"https:\/\/pjama.eu\/wp-content\/uploads\/pjama-dryguardians-bedwetting-treatment-shorts-children.jpg.jpeg","quantity_min":1,"quantity_max":1,"priced_individually":true,"shipped_individually":false,"optional":false,"discount":"","options_style":"dropdowns","pagination_style":"classic","display_prices":"absolute","show_sorting_options":false,"show_filtering_options":false,"attribute_filter_ids":[],"select_action":"view","product_title_visible":false,"product_descr_visible":false,"product_price_visible":true,"product_thumb_visible":true,"subtotal_visible_product":false,"subtotal_visible_cart":true,"subtotal_visible_orders":true},{"id":"1773167708","title":"W\u00e4hlen Sie die Art der Unterw\u00e4sche ","description":"<p>W\u00e4hlen Sie die Unterw\u00e4sche, die mit dem Behandlungsalarm verwendet wird.<\/p>\n","query_type":"product_ids","query_ids":[24932,24693],"default_option_id":"","thumbnail_id":7126,"thumbnail_src":"https:\/\/pjama.eu\/wp-content\/uploads\/Pjama_boxersbriefs_bg-2.jpg","quantity_min":2,"quantity_max":6,"priced_individually":true,"shipped_individually":false,"optional":false,"discount":"","options_style":"dropdowns","pagination_style":"classic","display_prices":"absolute","show_sorting_options":false,"show_filtering_options":false,"attribute_filter_ids":[],"select_action":"view","product_title_visible":false,"product_descr_visible":false,"product_price_visible":true,"product_thumb_visible":true,"subtotal_visible_product":false,"subtotal_visible_cart":true,"subtotal_visible_orders":true}],"composite_scenarios":[{"id":"1773167882","name":"Show Boxer size \/ hide Briefs size","description":"","configuration":[{"component_id":"1773167708","options_modifier":"in","component_options":[24932]}],"actions":[{"action_id":"compat_group","is_active":false},{"action_id":"conditional_components","is_active":false,"hidden_components":[]},{"action_id":"conditional_options","is_active":false,"hidden_options":[]}],"enabled":true},{"id":"1773167883","name":"Show Briefs size \/ hide Boxer size","description":"","configuration":[{"component_id":"1773167708","options_modifier":"in","component_options":[24693]}],"actions":[{"action_id":"compat_group","is_active":false},{"action_id":"conditional_components","is_active":false,"hidden_components":[]},{"action_id":"conditional_options","is_active":false,"hidden_options":[]}],"enabled":true}],"_links":{"self":[{"href":"https:\/\/pjama.eu\/de\/wp-json\/wp\/v2\/product\/31070","targetHints":{"allow":["GET"]}}],"collection":[{"href":"https:\/\/pjama.eu\/de\/wp-json\/wp\/v2\/product"}],"about":[{"href":"https:\/\/pjama.eu\/de\/wp-json\/wp\/v2\/types\/product"}],"wp:featuredmedia":[{"embeddable":true,"href":"https:\/\/pjama.eu\/de\/wp-json\/wp\/v2\/media\/30990"}],"wp:attachment":[{"href":"https:\/\/pjama.eu\/de\/wp-json\/wp\/v2\/media?parent=31070"}],"wp:term":[{"taxonomy":"product_brand","embeddable":true,"href":"https:\/\/pjama.eu\/de\/wp-json\/wp\/v2\/product_brand?post=31070"},{"taxonomy":"product_cat","embeddable":true,"href":"https:\/\/pjama.eu\/de\/wp-json\/wp\/v2\/product_cat?post=31070"},{"taxonomy":"product_tag","embeddable":true,"href":"https:\/\/pjama.eu\/de\/wp-json\/wp\/v2\/product_tag?post=31070"}],"curies":[{"name":"wp","href":"https:\/\/api.w.org\/{rel}","templated":true}]}}