{"id":23774,"date":"2025-10-01T19:58:33","date_gmt":"2025-10-01T17:58:33","guid":{"rendered":"https:\/\/pjama.eu\/accesorios\/"},"modified":"2026-03-31T12:50:32","modified_gmt":"2026-03-31T10:50:32","slug":"accesorios-para-la-enuresis","status":"publish","type":"page","link":"https:\/\/pjama.eu\/es\/accesorios-para-la-enuresis\/","title":{"rendered":"Accesorios para la enuresisAccesorios"},"content":{"rendered":"<p>[et_pb_section fb_built=\u00bb1&#8243; custom_padding_last_edited=\u00bbon|tablet\u00bb _builder_version=\u00bb4.27.4&#8243; background_color=\u00bbgcid-5eef58f4-760a-49fb-ad33-042d93415a96&#8243; custom_padding=\u00bb7%||0%||false|false\u00bb custom_padding_tablet=\u00bb||7%||false|false\u00bb custom_padding_phone=\u00bb\u00bb top_divider_height_tablet=\u00bb\u00bb top_divider_height_phone=\u00bb\u00bb top_divider_height_last_edited=\u00bbon|tablet\u00bb bottom_divider_color=\u00bbrgba(0,0,0,0)\u00bb bottom_divider_height=\u00bb154px\u00bb bottom_divider_height_tablet=\u00bb202px\u00bb bottom_divider_height_phone=\u00bb\u00bb bottom_divider_height_last_edited=\u00bbon|desktop\u00bb da_disable_devices=\u00bboff|off|off\u00bb collapsed=\u00bboff\u00bb global_colors_info=\u00bb{%22gcid-5eef58f4-760a-49fb-ad33-042d93415a96%22:%91%22background_color%22%93}\u00bb da_is_popup=\u00bboff\u00bb da_exit_intent=\u00bboff\u00bb da_has_close=\u00bbon\u00bb da_alt_close=\u00bboff\u00bb da_dark_close=\u00bboff\u00bb da_not_modal=\u00bbon\u00bb da_is_singular=\u00bboff\u00bb da_with_loader=\u00bboff\u00bb da_has_shadow=\u00bbon\u00bb][et_pb_row _builder_version=\u00bb4.22.1&#8243; custom_margin=\u00bb10px|auto|-20px|auto|false|false\u00bb custom_padding=\u00bb0px||0px||false|false\u00bb global_colors_info=\u00bb{}\u00bb][et_pb_column type=\u00bb4_4&#8243; _builder_version=\u00bb4.16&#8243; global_colors_info=\u00bb{}\u00bb][et_pb_text _builder_version=\u00bb4.27.4&#8243; header_text_color=\u00bb#D35917&#8243; header_font_size=\u00bb40px\u00bb header_2_font_size=\u00bb75px\u00bb background_layout=\u00bbdark\u00bb custom_margin=\u00bb15px||10px||false|false\u00bb custom_padding=\u00bb0px||0px||false|false\u00bb header_font_size_tablet=\u00bb40px\u00bb header_font_size_phone=\u00bb25px\u00bb header_font_size_last_edited=\u00bbon|phone\u00bb header_2_font_size_tablet=\u00bb75px\u00bb header_2_font_size_phone=\u00bb40px\u00bb header_2_font_size_last_edited=\u00bbon|phone\u00bb global_colors_info=\u00bb{}\u00bb]<\/p>\n<h1 class=\"hero\">Accesorios para la enuresis<\/h1>\n<h2 class=\"et_pb_module_heading\">RELOJ CON ALARMA VIBRATORIA: ACCESORIOS PARA LA ENURESIS<\/h2>\n<p>[\/et_pb_text][\/et_pb_column][\/et_pb_row][\/et_pb_section][et_pb_section fb_built=\u00bb1&#8243; _builder_version=\u00bb4.27.4&#8243; background_enable_color=\u00bboff\u00bb custom_margin=\u00bb0px||0px||false|false\u00bb custom_margin_tablet=\u00bb-60px||||false|false\u00bb custom_margin_last_edited=\u00bboff|desktop\u00bb custom_padding=\u00bb120px||0px||false|false\u00bb top_divider_style=\u00bbasymmetric\u00bb top_divider_color=\u00bbgcid-5eef58f4-760a-49fb-ad33-042d93415a96&#8243; top_divider_height=\u00bb150px\u00bb top_divider_height_tablet=\u00bb65px\u00bb top_divider_height_phone=\u00bb33px\u00bb top_divider_height_last_edited=\u00bbon|phone\u00bb da_disable_devices=\u00bboff|off|off\u00bb collapsed=\u00bbon\u00bb global_colors_info=\u00bb{%22gcid-5eef58f4-760a-49fb-ad33-042d93415a96%22:%91%22top_divider_color%22%93}\u00bb da_is_popup=\u00bboff\u00bb da_exit_intent=\u00bboff\u00bb da_has_close=\u00bbon\u00bb da_alt_close=\u00bboff\u00bb da_dark_close=\u00bboff\u00bb da_not_modal=\u00bbon\u00bb da_is_singular=\u00bboff\u00bb da_with_loader=\u00bboff\u00bb da_has_shadow=\u00bbon\u00bb][et_pb_row column_structure=\u00bb1_2,1_2&#8243; _builder_version=\u00bb4.27.4&#8243; _module_preset=\u00bbdefault\u00bb global_colors_info=\u00bb{}\u00bb][et_pb_column type=\u00bb1_2&#8243; _builder_version=\u00bb4.27.4&#8243; _module_preset=\u00bbdefault\u00bb global_colors_info=\u00bb{}\u00bb][et_pb_image src=\u00bbhttps:\/\/pjama.eu\/wp-content\/uploads\/Pjama-Accessories-watch.jpg\u00bb alt=\u00bbAccesorios para pijamas\u00bb title_text=\u00bbReloj Pjama Accesorios\u00bb _builder_version=\u00bb4.27.4&#8243; _module_preset=\u00bbdefault\u00bb transform_scale=\u00bb120%|120%\u00bb transform_scale_tablet=\u00bb120%|120%\u00bb transform_scale_phone=\u00bb100%|100%\u00bb transform_scale_last_edited=\u00bbon|phone\u00bb transform_translate=\u00bb31px|85px\u00bb transform_translate_tablet=\u00bb31px|85px\u00bb transform_translate_phone=\u00bb32px|-10px\u00bb transform_translate_last_edited=\u00bbon|phone\u00bb transform_rotate_tablet=\u00bb\u00bb transform_rotate_phone=\u00bb\u00bb transform_rotate_last_edited=\u00bbon|phone\u00bb transform_skew_tablet=\u00bb\u00bb transform_skew_phone=\u00bb\u00bb transform_skew_last_edited=\u00bbon|phone\u00bb transform_origin_tablet=\u00bb\u00bb transform_origin_phone=\u00bb\u00bb transform_origin_last_edited=\u00bbon|phone\u00bb transform_styles_last_edited=\u00bbon|phone\u00bb custom_margin_tablet=\u00bb\u00bb custom_margin_phone=\u00bb0px||||false|false\u00bb custom_margin_last_edited=\u00bbon|phone\u00bb transform_styles_tablet=\u00bb\u00bb transform_styles_phone=\u00bb\u00bb border_radii=\u00bbon|10px|10px|10px|10px\u00bb global_colors_info=\u00bb{}\u00bb][\/et_pb_image][\/et_pb_column][et_pb_column type=\u00bb1_2&#8243; _builder_version=\u00bb4.27.4&#8243; _module_preset=\u00bbdefault\u00bb global_colors_info=\u00bb{}\u00bb][et_pb_text _builder_version=\u00bb4.27.6&#8243; text_font=\u00bb&#8211;et_global_body_font|&#8211;et_global_heading_font_weight|||||||\u00bb header_text_color=\u00bbgcid-2352d280-fe84-43b1-a71e-f400c35a526a\u00bb header_2_text_color=\u00bb#D35917&#8243; header_3_text_color=\u00bbgcid-5eef58f4-760a-49fb-ad33-042d93415a96&#8243; custom_padding=\u00bb|5%||5%|false|false\u00bb global_colors_info=\u00bb{%22gcid-2352d280-fe84-43b1-a71e-f400c35a526a%22:%91%22header_text_color%22%93,%22gcid-5eef58f4-760a-49fb-ad33-042d93415a96%22:%91%22header_3_text_color%22%93}\u00bb]<\/p>\n<h3 style=\"text-align: center;\">RELOJES PARA EL TRATAMIENTO DE LA ENURESIS<\/h3>\n<h2 style=\"text-align: center;\">ACCESORIOS CLAVE PARA LA RUTINA DE CONTROL DE ESF\u00cdNTERES<\/h2>\n<p>El Reloj con Alarma Vibratoria Pjama es uno de los accesorios para la enuresis m\u00e1s efectivos, ayudando a ni\u00f1os y adultos a recordar las visitas al ba\u00f1o o su medicaci\u00f3n de forma discreta. La discreta vibraci\u00f3n lo hace ideal para entornos escolares o p\u00fablicos, sin llamar la atenci\u00f3n.<br \/>Recargable, f\u00e1cil de programar y c\u00f3modo de llevar, es el complemento perfecto del m\u00e9todo Pjama DryGuardians. <\/p>\n<p>&nbsp;<\/p>\n<ul>\n<li>Pantalla LED digital: muestra la hora como un reloj normal.<\/li>\n<li>Hasta 8 alarmas diarias: establezca recordatorios para ir al ba\u00f1o, la medicaci\u00f3n o las rutinas.<\/li>\n<li>Correa de silicona suave: flexible, ajustable y c\u00f3moda para llevarla todo el d\u00eda.<\/li>\n<li>Recargable mediante Micro USB: carga r\u00e1pida y sencilla.<\/li>\n<li>Bater\u00eda de larga duraci\u00f3n: dura entre 6 y 15 d\u00edas con una carga completa.<\/li>\n<\/ul>\n<p>[\/et_pb_text][et_pb_button button_url=\u00bbhttps:\/\/pjama.eu\/es\/accesorios-para-enuresis\/\u00bb button_text=\u00bbVER ACCESORIOS DE ENURESIS\u00bb button_alignment=\u00bbcenter\u00bb _builder_version=\u00bb4.27.6&#8243; _module_preset=\u00bbdefault\u00bb custom_button=\u00bbon\u00bb button_bg_color=\u00bb#61A2DF\u00bb button_border_color=\u00bb#F8F8F8&#8243; button_border_radius=\u00bb10px\u00bb button_font=\u00bb&#8211;et_global_body_font|700|||||||\u00bb button_text_shadow_style=\u00bbpreset1&#8243; box_shadow_style=\u00bbpreset2&#8243; global_colors_info=\u00bb{}\u00bb][\/et_pb_button][\/et_pb_column][\/et_pb_row][\/et_pb_section][et_pb_section fb_built=\u00bb1&#8243; _builder_version=\u00bb4.27.4&#8243; _module_preset=\u00bbdefault\u00bb da_disable_devices=\u00bboff|off|off\u00bb global_colors_info=\u00bb{}\u00bb da_is_popup=\u00bboff\u00bb da_exit_intent=\u00bboff\u00bb da_has_close=\u00bbon\u00bb da_alt_close=\u00bboff\u00bb da_dark_close=\u00bboff\u00bb da_not_modal=\u00bbon\u00bb da_is_singular=\u00bboff\u00bb da_with_loader=\u00bboff\u00bb da_has_shadow=\u00bbon\u00bb][et_pb_row column_structure=\u00bb1_4,1_4,1_4,1_4&#8243; _builder_version=\u00bb4.27.4&#8243; _module_preset=\u00bbdefault\u00bb global_colors_info=\u00bb{}\u00bb][et_pb_column type=\u00bb1_4&#8243; _builder_version=\u00bb4.27.4&#8243; _module_preset=\u00bbdefault\u00bb global_colors_info=\u00bb{}\u00bb][et_pb_image src=\u00bbhttps:\/\/pjama.eu\/wp-content\/uploads\/Vibrerande-Alarm-klocka-mo\u0308rkbla\u030a.jpg\u00bb alt=\u00bbPjama Reloj con Alarma Vibratoria\u00bb title_text=\u00bbVibrerande Alarm klocka m\u00f6rkbl\u00e5\u00bb _builder_version=\u00bb4.27.4&#8243; _module_preset=\u00bbdefault\u00bb border_radii=\u00bbon|10px|10px|10px|10px\u00bb global_colors_info=\u00bb{}\u00bb][\/et_pb_image][et_pb_text _builder_version=\u00bb4.27.4&#8243; _module_preset=\u00bbdefault\u00bb header_3_text_color=\u00bbgcid-5eef58f4-760a-49fb-ad33-042d93415a96&#8243; global_colors_info=\u00bb{%22gcid-5eef58f4-760a-49fb-ad33-042d93415a96%22:%91%22header_3_text_color%22%93}\u00bb]<\/p>\n<h3><span>PJAMA Reloj con Alarma Vibratoria &#8211; <\/span>Azul<\/h3>\n<p>[\/et_pb_text][et_pb_text _builder_version=\u00bb4.27.6&#8243; _module_preset=\u00bbdefault\u00bb text_font=\u00bb&#8211;et_global_body_font|&#8211;et_global_heading_font_weight|||||||\u00bb global_colors_info=\u00bb{}\u00bb]<\/p>\n<p>Un elegante reloj despertador con vibraci\u00f3n que te recuerda las visitas al ba\u00f1o o las rutinas diarias.<br data-start=\"987\" data-end=\"990\">Cuando ya no se necesitan recordatorios, se puede utilizar como un reloj de pulsera normal.<\/p>\n<p>[\/et_pb_text][\/et_pb_column][et_pb_column type=\u00bb1_4&#8243; _builder_version=\u00bb4.27.4&#8243; _module_preset=\u00bbdefault\u00bb global_colors_info=\u00bb{}\u00bb][et_pb_image src=\u00bbhttps:\/\/pjama.eu\/wp-content\/uploads\/\u00bb alt=\u00bbProtecci\u00f3n de la ropa de cama\u00bb title_text=\u00bbVibrerande Alarm klocka rosa\u00bb _builder_version=\u00bb4.27.6&#8243; _module_preset=\u00bbdefault\u00bb border_radii=\u00bbon|10px|10px|10px|10px\u00bb global_colors_info=\u00bb{}\u00bb][\/et_pb_image][et_pb_text _builder_version=\u00bb4.27.4&#8243; _module_preset=\u00bbdefault\u00bb header_3_text_color=\u00bbgcid-5eef58f4-760a-49fb-ad33-042d93415a96&#8243; global_colors_info=\u00bb{%22gcid-5eef58f4-760a-49fb-ad33-042d93415a96%22:%91%22header_3_text_color%22%93}\u00bb]<\/p>\n<h3><span>PJAMA Reloj con Alarma Vibratoria &#8211; <\/span>rosa<\/h3>\n<p>[\/et_pb_text][et_pb_text _builder_version=\u00bb4.27.6&#8243; _module_preset=\u00bbdefault\u00bb text_font=\u00bb&#8211;et_global_body_font|&#8211;et_global_heading_font_weight|||||||\u00bb global_colors_info=\u00bb{}\u00bb]<\/p>\n<p>Un elegante reloj despertador con vibraci\u00f3n que te recuerda las visitas al ba\u00f1o o las rutinas diarias.<br data-start=\"987\" data-end=\"990\">Cuando ya no se necesitan recordatorios, se puede utilizar como un reloj de pulsera normal.<\/p>\n<p>[\/et_pb_text][\/et_pb_column][et_pb_column type=\u00bb1_4&#8243; _builder_version=\u00bb4.27.4&#8243; _module_preset=\u00bbdefault\u00bb global_colors_info=\u00bb{}\u00bb][et_pb_image src=\u00bbhttps:\/\/pjama.eu\/wp-content\/uploads\/Vibrerande-Alarm-klocka-svart.jpg\u00bb alt=\u00bbPROTECCI\u00d3N PARA ALMOHADA Y FUNDA DE ALMOHADA EN 1&#8243; title_text=\u00bbVibrerande Alarm klocka svart\u00bb _builder_version=\u00bb4.27.6&#8243; _module_preset=\u00bbdefault\u00bb border_radii=\u00bbon|9px|9px|9px|9px\u00bb global_colors_info=\u00bb{}\u00bb][\/et_pb_image][et_pb_text _builder_version=\u00bb4.27.4&#8243; _module_preset=\u00bbdefault\u00bb header_3_text_color=\u00bbgcid-5eef58f4-760a-49fb-ad33-042d93415a96&#8243; global_colors_info=\u00bb{%22gcid-5eef58f4-760a-49fb-ad33-042d93415a96%22:%91%22header_3_text_color%22%93}\u00bb]<\/p>\n<h3><span>PJAMA Reloj con Alarma Vibratoria &#8211; negro<\/span><\/h3>\n<p>[\/et_pb_text][et_pb_text _builder_version=\u00bb4.27.6&#8243; _module_preset=\u00bbdefault\u00bb text_font=\u00bb&#8211;et_global_body_font|&#8211;et_global_heading_font_weight|||||||\u00bb global_colors_info=\u00bb{}\u00bb]<\/p>\n<p>Un elegante reloj despertador con vibraci\u00f3n que te recuerda las visitas al ba\u00f1o o las rutinas diarias.<br data-start=\"987\" data-end=\"990\">Cuando ya no se necesitan recordatorios, se puede utilizar como un reloj de pulsera normal.<\/p>\n<p>[\/et_pb_text][\/et_pb_column][et_pb_column type=\u00bb1_4&#8243; _builder_version=\u00bb4.27.6&#8243; _module_preset=\u00bbdefault\u00bb global_colors_info=\u00bb{}\u00bb][et_pb_image src=\u00bbhttps:\/\/pjama.eu\/wp-content\/uploads\/pjama-vibrating-alarm-watch-lightblue.jpg.jpg\u00bb alt=\u00bbPjama Reloj con Alarma Vibratoria azul claro para el control de esf\u00ednteres o recordatorios de medicaci\u00f3n.\u00bb title_text=\u00bbPjama Reloj con Alarma Vibratoria Lightblue\u00bb _builder_version=\u00bb4.27.6&#8243; _module_preset=\u00bbdefault\u00bb border_radii=\u00bbon|9px|9px|9px|9px\u00bb global_colors_info=\u00bb{}\u00bb][\/et_pb_image][et_pb_text _builder_version=\u00bb4.27.6&#8243; _module_preset=\u00bbdefault\u00bb header_text_color=\u00bb#D35917&#8243; header_3_text_color=\u00bbgcid-5eef58f4-760a-49fb-ad33-042d93415a96&#8243; global_colors_info=\u00bb{%22gcid-5eef58f4-760a-49fb-ad33-042d93415a96%22:%91%22header_3_text_color%22%93}\u00bb]<\/p>\n<h3>PJAMA Reloj con Alarma Vibratoria &#8211; azul claro<\/h3>\n<p>[\/et_pb_text][et_pb_text _builder_version=\u00bb4.27.6&#8243; _module_preset=\u00bbdefault\u00bb text_font=\u00bb&#8211;et_global_body_font|&#8211;et_global_heading_font_weight|||||||\u00bb global_colors_info=\u00bb{}\u00bb]<\/p>\n<p>Un elegante reloj despertador con vibraci\u00f3n que recuerda las visitas al ba\u00f1o o las rutinas diarias.<br data-start=\"987\" data-end=\"990\">Cuando ya no se necesitan recordatorios, se puede utilizar como un reloj de pulsera normal.<\/p>\n<p>[\/et_pb_text][\/et_pb_column][\/et_pb_row][\/et_pb_section][et_pb_section fb_built=\u00bb1&#8243; _builder_version=\u00bb4.27.4&#8243; _module_preset=\u00bbdefault\u00bb background_color=\u00bbgcid-5eef58f4-760a-49fb-ad33-042d93415a96&#8243; da_disable_devices=\u00bboff|off|off\u00bb global_colors_info=\u00bb{%22gcid-5eef58f4-760a-49fb-ad33-042d93415a96%22:%91%22background_color%22%93}\u00bb da_is_popup=\u00bboff\u00bb da_exit_intent=\u00bboff\u00bb da_has_close=\u00bbon\u00bb da_alt_close=\u00bboff\u00bb da_dark_close=\u00bboff\u00bb da_not_modal=\u00bbon\u00bb da_is_singular=\u00bboff\u00bb da_with_loader=\u00bboff\u00bb da_has_shadow=\u00bbon\u00bb][et_pb_row _builder_version=\u00bb4.22.1&#8243; custom_margin=\u00bb10px|auto|-20px|auto|false|false\u00bb custom_padding=\u00bb0px||0px||false|false\u00bb global_colors_info=\u00bb{}\u00bb][et_pb_column type=\u00bb4_4&#8243; _builder_version=\u00bb4.16&#8243; global_colors_info=\u00bb{}\u00bb][et_pb_text _builder_version=\u00bb4.27.5&#8243; header_text_color=\u00bb#D35917&#8243; header_font_size=\u00bb40px\u00bb header_2_font_size=\u00bb75px\u00bb background_layout=\u00bbdark\u00bb custom_margin=\u00bb15px||10px||false|false\u00bb custom_padding=\u00bb0px||0px||false|false\u00bb header_font_size_tablet=\u00bb40px\u00bb header_font_size_phone=\u00bb25px\u00bb header_font_size_last_edited=\u00bbon|phone\u00bb header_2_font_size_tablet=\u00bb75px\u00bb header_2_font_size_phone=\u00bb40px\u00bb header_2_font_size_last_edited=\u00bbon|phone\u00bb global_colors_info=\u00bb{}\u00bb]<\/p>\n<h1 class=\"hero\">Gu\u00eda de Accesorios para la Enuresis y el Control de Esf\u00ednteres<\/h1>\n<h2>Bolsa Impermeable: Accesorios para la Enuresis en Viajes<\/h2>\n<p>[\/et_pb_text][\/et_pb_column][\/et_pb_row][\/et_pb_section][et_pb_section fb_built=\u00bb1&#8243; _builder_version=\u00bb4.27.4&#8243; _module_preset=\u00bbdefault\u00bb background_color=\u00bbgcid-2352d280-fe84-43b1-a71e-f400c35a526a\u00bb top_divider_style=\u00bbasymmetric\u00bb top_divider_color=\u00bbgcid-5eef58f4-760a-49fb-ad33-042d93415a96&#8243; da_disable_devices=\u00bboff|off|off\u00bb global_colors_info=\u00bb{%22gcid-5eef58f4-760a-49fb-ad33-042d93415a96%22:%91%22top_divider_color%22%93}\u00bb da_is_popup=\u00bboff\u00bb da_exit_intent=\u00bboff\u00bb da_has_close=\u00bbon\u00bb da_alt_close=\u00bboff\u00bb da_dark_close=\u00bboff\u00bb da_not_modal=\u00bbon\u00bb da_is_singular=\u00bboff\u00bb da_with_loader=\u00bboff\u00bb da_has_shadow=\u00bbon\u00bb][et_pb_row _builder_version=\u00bb4.27.4&#8243; _module_preset=\u00bbdefault\u00bb global_colors_info=\u00bb{}\u00bb][et_pb_column type=\u00bb4_4&#8243; _builder_version=\u00bb4.27.4&#8243; _module_preset=\u00bbdefault\u00bb global_colors_info=\u00bb{}\u00bb][\/et_pb_column][\/et_pb_row][et_pb_row column_structure=\u00bb2_5,3_5&#8243; _builder_version=\u00bb4.27.4&#8243; _module_preset=\u00bbdefault\u00bb global_colors_info=\u00bb{}\u00bb][et_pb_column type=\u00bb2_5&#8243; _builder_version=\u00bb4.27.4&#8243; _module_preset=\u00bbdefault\u00bb global_colors_info=\u00bb{}\u00bb][et_pb_image src=\u00bbhttps:\/\/pjama.eu\/wp-content\/uploads\/Accessories-bag-e1694758915793-2.jpg\u00bb alt=\u00bbAccesorios para pijamas\u00bb title_text=\u00bbAccessories-bag-e1694758915793-2&#8243; _builder_version=\u00bb4.27.4&#8243; _module_preset=\u00bbdefault\u00bb border_radii=\u00bbon|10px|10px|10px|10px\u00bb global_colors_info=\u00bb{}\u00bb][\/et_pb_image][\/et_pb_column][et_pb_column type=\u00bb3_5&#8243; _builder_version=\u00bb4.27.4&#8243; _module_preset=\u00bbdefault\u00bb global_colors_info=\u00bb{}\u00bb][et_pb_text _builder_version=\u00bb4.27.4&#8243; _module_preset=\u00bbdefault\u00bb header_2_text_color=\u00bb#D35917&#8243; header_3_text_color=\u00bbgcid-5eef58f4-760a-49fb-ad33-042d93415a96&#8243; global_colors_info=\u00bb{%22gcid-5eef58f4-760a-49fb-ad33-042d93415a96%22:%91%22header_3_text_color%22%93}\u00bb]<\/p>\n<h3><strong data-start=\"1212\" data-end=\"1259\">Discreto y pr\u00e1ctico  <\/strong><\/h3>\n<h2><strong data-start=\"1212\" data-end=\"1259\">accesorios para la enuresis discretos<\/strong><\/h2>\n<p>[\/et_pb_text][et_pb_text _builder_version=\u00bb4.27.6&#8243; _module_preset=\u00bbdefault\u00bb text_font=\u00bb&#8211;et_global_body_font|&#8211;et_global_heading_font_weight|||||||\u00bb global_colors_info=\u00bb{}\u00bb]<\/p>\n<p>Esta bolsa es ideal entre los accesorios para la enuresis por su capacidad para transportar prendas h\u00famedas discretamente en campamentos o viajes. Fabricado con material impermeable que mantiene la humedad y el olor contenidos. Lavable hasta 90 \u00b0C, duradero y dise\u00f1ado para un uso repetido.<br \/>Explora nuestra gama completa de accesorios para la enuresis y descubre soluciones dise\u00f1adas para mejorar la confianza diaria y facilitar el tratamiento.  <br \/><br data-start=\"592\" data-end=\"595\">El bolso viene sin estampado para un look m\u00e1s sutil y discreto: \u00a1despreoc\u00fapate con Pjama!<\/p>\n<p>[\/et_pb_text][et_pb_button button_url=\u00bbhttps:\/\/pjama.eu\/es\/accesorios-para-enuresis\/\u00bb button_text=\u00bbCOMPRAR ACCESORIOS AHORA\u00bb button_alignment=\u00bbcenter\u00bb _builder_version=\u00bb4.27.6&#8243; custom_button=\u00bbon\u00bb button_bg_color=\u00bb#61A2DF\u00bb button_border_color=\u00bb#F8F8F8&#8243; button_border_radius=\u00bb10px\u00bb button_font=\u00bb&#8211;et_global_body_font|700|||||||\u00bb button_use_icon=\u00bboff\u00bb button_text_shadow_style=\u00bbpreset1&#8243; box_shadow_style=\u00bbpreset2&#8243; global_colors_info=\u00bb{}\u00bb button_bg_color__hover_enabled=\u00bbon|hover\u00bb button_bg_color__hover=\u00bbrgba(31,68,139,0.8)\u00bb button_bg_enable_color__hover=\u00bbon\u00bb][\/et_pb_button][\/et_pb_column][\/et_pb_row][\/et_pb_section]<\/p>\n","protected":false},"excerpt":{"rendered":"<p>Accesorios para la enuresis RELOJ CON ALARMA VIBRATORIA: ACCESORIOS PARA LA ENURESISRELOJES PARA EL TRATAMIENTO DE LA ENURESIS ACCESORIOS CLAVE PARA LA RUTINA DE CONTROL DE ESF\u00cdNTERES El Reloj con Alarma Vibratoria Pjama es uno de los accesorios para la enuresis m\u00e1s efectivos, ayudando a ni\u00f1os y adultos a recordar las visitas al ba\u00f1o o [&hellip;]<\/p>\n","protected":false},"author":33,"featured_media":27851,"parent":0,"menu_order":0,"comment_status":"closed","ping_status":"closed","template":"","meta":{"_et_pb_use_builder":"on","_et_pb_old_content":"","_et_gb_content_width":"","footnotes":""},"class_list":["post-23774","page","type-page","status-publish","has-post-thumbnail","hentry"],"_links":{"self":[{"href":"https:\/\/pjama.eu\/es\/wp-json\/wp\/v2\/pages\/23774","targetHints":{"allow":["GET"]}}],"collection":[{"href":"https:\/\/pjama.eu\/es\/wp-json\/wp\/v2\/pages"}],"about":[{"href":"https:\/\/pjama.eu\/es\/wp-json\/wp\/v2\/types\/page"}],"author":[{"embeddable":true,"href":"https:\/\/pjama.eu\/es\/wp-json\/wp\/v2\/users\/33"}],"replies":[{"embeddable":true,"href":"https:\/\/pjama.eu\/es\/wp-json\/wp\/v2\/comments?post=23774"}],"version-history":[{"count":8,"href":"https:\/\/pjama.eu\/es\/wp-json\/wp\/v2\/pages\/23774\/revisions"}],"predecessor-version":[{"id":35563,"href":"https:\/\/pjama.eu\/es\/wp-json\/wp\/v2\/pages\/23774\/revisions\/35563"}],"wp:featuredmedia":[{"embeddable":true,"href":"https:\/\/pjama.eu\/es\/wp-json\/wp\/v2\/media\/27851"}],"wp:attachment":[{"href":"https:\/\/pjama.eu\/es\/wp-json\/wp\/v2\/media?parent=23774"}],"curies":[{"name":"wp","href":"https:\/\/api.w.org\/{rel}","templated":true}]}}