{"id":23777,"date":"2023-09-15T16:07:23","date_gmt":"2023-09-15T14:07:23","guid":{"rendered":"https:\/\/pjama.eu\/tienda-de-enuresis-adultos\/"},"modified":"2026-04-07T11:01:46","modified_gmt":"2026-04-07T09:01:46","slug":"enuresis-nocturna-adultos","status":"publish","type":"page","link":"https:\/\/pjama.eu\/es\/enuresis-nocturna-adultos\/","title":{"rendered":"Tienda de enuresis Adultos"},"content":{"rendered":"<p>[et_pb_section fb_built=\u00bb1&#8243; _builder_version=\u00bb4.27.4&#8243; _module_preset=\u00bbdefault\u00bb background_color=\u00bb#072130&#8243; use_background_color_gradient=\u00bbon\u00bb background_color_gradient_stops=\u00bb#072130 0%|rgba(248,248,248,0) 99%\u00bb background_color_gradient_overlays_image=\u00bbon\u00bb background_image=\u00bbhttps:\/\/pjama.eu\/wp-content\/uploads\/Blue_shorts_adult-1-1.jpg\u00bb da_disable_devices=\u00bboff|off|off\u00bb global_colors_info=\u00bb{}\u00bb da_is_popup=\u00bboff\u00bb da_exit_intent=\u00bboff\u00bb da_has_close=\u00bbon\u00bb da_alt_close=\u00bboff\u00bb da_dark_close=\u00bboff\u00bb da_not_modal=\u00bbon\u00bb da_is_singular=\u00bboff\u00bb da_with_loader=\u00bboff\u00bb da_has_shadow=\u00bbon\u00bb][et_pb_row column_structure=\u00bb3_5,2_5&#8243; _builder_version=\u00bb4.27.4&#8243; _module_preset=\u00bbdefault\u00bb global_colors_info=\u00bb{}\u00bb][et_pb_column type=\u00bb3_5&#8243; _builder_version=\u00bb4.27.4&#8243; _module_preset=\u00bbdefault\u00bb global_colors_info=\u00bb{}\u00bb][et_pb_heading title=\u00bbSoluciones para la Enuresis Nocturna en Adultos | Pjama\u00bb _builder_version=\u00bb4.27.5&#8243; _module_preset=\u00bbdefault\u00bb title_text_color=\u00bb#F8F8F8&#8243; global_colors_info=\u00bb{}\u00bb][\/et_pb_heading][et_pb_text _builder_version=\u00bb4.27.6&#8243; _module_preset=\u00bbdefault\u00bb text_font=\u00bb&#8211;et_global_body_font|&#8211;et_global_heading_font_weight|||||||\u00bb text_text_color=\u00bb#F8F8F8&#8243; text_font_size=\u00bb15px\u00bb custom_margin=\u00bb||0px||false|false\u00bb hover_enabled=\u00bb0&#8243; text_text_shadow_style=\u00bbpreset1&#8243; global_colors_info=\u00bb{}\u00bb sticky_enabled=\u00bb0&#8243;]<\/p>\n<p><span style=\"font-weight: 400;\">Supere la enuresis nocturna en adultos con comodidad, discreci\u00f3n y confianza para dormir tranquilo.<\/span><\/p>\n<p data-start=\"412\" data-end=\"836\"><span style=\"font-weight: 400;\">Bienvenido a los <em data-start=\"431\" data-end=\"459\">productos<\/em> Pjama Protect <em data-start=\"431\" data-end=\"459\">para adultos<\/em>, donde la comodidad se une a la confianza.<br data-start=\"493\" data-end=\"496\">Con la ropa de dormir Pjama Protect, los adultos pueden estar tranquilos sabiendo que cuentan con una protecci\u00f3n suave, transpirable y absorbente que mantiene la cama seca tanto en casa como de viaje.<br data-start=\"664\" data-end=\"667\">Las prendas son discretas, no producen rozaduras y tienen el aspecto y el tacto de los pantalones o shorts de pijama normales: una alternativa sencilla, lavable y sostenible a los productos desechables.<\/span><\/p>\n<p><span style=\"font-weight: 400;\">Si est\u00e1 listo para comenzar el tratamiento, el sistema Pjama DryGuardians le ofrece una forma inteligente y eficaz de avanzar.<\/span><span style=\"font-weight: 400;\"><br \/><\/span><span style=\"font-weight: 400;\">Utilice la Alarma pip\u00ed nocturno DryGuardians y la <a href=\"https:\/\/pjama.eu\/es\/app-para-dejar-de-mojar-la-cama\/\">App DryGuardians<\/a> para un entrenamiento guiado y personalizado hacia una sequedad duradera.<\/span><\/p>\n<p><span style=\"font-weight: 400;\">Para una protecci\u00f3n adicional durante el tratamiento, puede llevar su ropa interior debajo de la ropa de dormir Pjama Protect o a\u00f1adir ropa de cama Pjama Protect para mayor seguridad.<\/span><\/p>\n<p><span style=\"font-weight: 400;\"><span data-sheets-root=\"1\">Los productos para la enuresis nocturna en adultos <\/span>de Pjama ofrecen una protecci\u00f3n discreta. Tratamiento inteligente. Confianza recuperada.  <\/span><\/p>\n<p>&nbsp;<\/p>\n<p>&nbsp;<\/p>\n<p>[\/et_pb_text][\/et_pb_column][et_pb_column type=\u00bb2_5&#8243; _builder_version=\u00bb4.27.4&#8243; _module_preset=\u00bbdefault\u00bb global_colors_info=\u00bb{}\u00bb][et_pb_video src=\u00bbhttps:\/\/pjama.eu\/wp-content\/uploads\/Pjama-for-bedwetters-US.mp4&#8243; image_src=\u00bbhttps:\/\/pjama.eu\/wp-content\/uploads\/Pjama_saengvaetning_anvaendning.jpg\u00bb _builder_version=\u00bb4.27.4&#8243; _module_preset=\u00bbdefault\u00bb border_width_all=\u00bb5px\u00bb border_color_all=\u00bb#F8F8F8&#8243; global_colors_info=\u00bb{}\u00bb][\/et_pb_video][\/et_pb_column][\/et_pb_row][\/et_pb_section][et_pb_section fb_built=\u00bb1&#8243; _builder_version=\u00bb4.16&#8243; background_color=\u00bbrgba(0,0,0,0)\u00bb custom_margin_tablet=\u00bb-60px||||false|false\u00bb custom_margin_last_edited=\u00bboff|desktop\u00bb custom_padding=\u00bb48px|||||\u00bb da_disable_devices=\u00bboff|off|off\u00bb collapsed=\u00bboff\u00bb global_colors_info=\u00bb{}\u00bb da_is_popup=\u00bboff\u00bb da_exit_intent=\u00bboff\u00bb da_has_close=\u00bbon\u00bb da_alt_close=\u00bboff\u00bb da_dark_close=\u00bboff\u00bb da_not_modal=\u00bbon\u00bb da_is_singular=\u00bboff\u00bb da_with_loader=\u00bboff\u00bb da_has_shadow=\u00bbon\u00bb][et_pb_row custom_padding_last_edited=\u00bbon|phone\u00bb _builder_version=\u00bb4.19.3&#8243; background_size=\u00bbinitial\u00bb background_position=\u00bbtop_left\u00bb background_repeat=\u00bbrepeat\u00bb custom_margin=\u00bb5%||||false|false\u00bb custom_padding=\u00bb0px||60px|||\u00bb custom_padding_tablet=\u00bb||60px||false|false\u00bb custom_padding_phone=\u00bb\u00bb global_colors_info=\u00bb{}\u00bb][et_pb_column type=\u00bb4_4&#8243; _builder_version=\u00bb4.16&#8243; custom_padding=\u00bb|||\u00bb global_colors_info=\u00bb{}\u00bb custom_padding__hover=\u00bb|||\u00bb][et_pb_shop type=\u00bbproduct_category\u00bb include_categories=\u00bb45&#8243; icon_hover_color=\u00bbRGBA(255,255,255,0)\u00bb hover_overlay_color=\u00bbrgba(31,68,139,0.5)\u00bb _builder_version=\u00bb4.27.6&#8243; _module_preset=\u00bbdefault\u00bb title_font=\u00bb||||||||\u00bb title_text_color=\u00bbgcid-5eef58f4-760a-49fb-ad33-042d93415a96&#8243; price_font=\u00bb&#8211;et_global_body_font||||||||\u00bb border_radii=\u00bbon|7px|7px|7px|7px\u00bb global_colors_info=\u00bb{%22gcid-5eef58f4-760a-49fb-ad33-042d93415a96%22:%91%22title_text_color%22%93}\u00bb][\/et_pb_shop][et_pb_button button_url=\u00bb@ET-DC@eyJkeW5hbWljIjp0cnVlLCJjb250ZW50IjoicG9zdF9saW5rX3VybF9wYWdlIiwic2V0dGluZ3MiOnsicG9zdF9pZCI6IjI2MjQ2IiwiZW5hYmxlX2h0bWwiOiJvZmYifX0=@\u00bb button_text=\u00bbVer Productos para Enuresis Nocturna Adultos\u00bb button_alignment=\u00bbcenter\u00bb _builder_version=\u00bb4.27.6&#8243; _dynamic_attributes=\u00bbbutton_url\u00bb _module_preset=\u00bbdefault\u00bb custom_button=\u00bbon\u00bb button_bg_color=\u00bb#61A2DF\u00bb button_border_color=\u00bb#F8F8F8&#8243; button_border_radius=\u00bb10px\u00bb button_font=\u00bb&#8211;et_global_body_font|700|||||||\u00bb button_text_shadow_style=\u00bbpreset1&#8243; box_shadow_style=\u00bbpreset3&#8243; box_shadow_color=\u00bb#1F448B\u00bb global_colors_info=\u00bb{}\u00bb][\/et_pb_button][\/et_pb_column][\/et_pb_row][et_pb_row _builder_version=\u00bb4.27.6&#8243; _module_preset=\u00bbdefault\u00bb global_colors_info=\u00bb{}\u00bb][et_pb_column type=\u00bb4_4&#8243; _builder_version=\u00bb4.27.6&#8243; _module_preset=\u00bbdefault\u00bb global_colors_info=\u00bb{}\u00bb][et_pb_text _builder_version=\u00bb4.27.6&#8243; _module_preset=\u00bbdefault\u00bb text_font=\u00bb&#8211;et_global_body_font|&#8211;et_global_heading_font_weight|||||||\u00bb header_2_text_color=\u00bb#D35917&#8243; header_3_text_color=\u00bb#072130&#8243; global_colors_info=\u00bb{}\u00bb]<\/p>\n<h3><b>Causas y Realidad de la Enuresis Nocturna en Adultos<\/b><\/h3>\n<h2><b>Tratamiento y Manejo de la Enuresis Nocturna en Adultos<\/b><\/h2>\n<p>La enuresis nocturna suele asociarse a la infancia, pero en los adultos es m\u00e1s frecuente de lo que mucha gente cree. Millones de adultos en toda Europa sufren p\u00e9rdidas nocturnas de orina en alg\u00fan momento de su vida debido a afecciones m\u00e9dicas, estr\u00e9s, efectos secundarios de la medicaci\u00f3n, trastornos del sue\u00f1o o cambios en la funci\u00f3n de la vejiga. <\/p>\n<p>Dado que rara vez se habla abiertamente del tema, muchos adultos creen que deben tratarlo en privado. Afortunadamente, los productos modernos contra la enuresis para adultos ofrecen soluciones discretas y eficaces que permiten dormir c\u00f3modamente sin interrupciones. <\/p>\n<p>En Pjama, nuestro enfoque se centra en la confianza, la comodidad y las soluciones a largo plazo. Tanto si necesitas una protecci\u00f3n fiable durante la noche como si est\u00e1s listo para iniciar un tratamiento activo, nuestra gama de productos lavables para la enuresis est\u00e1 dise\u00f1ada para favorecer un mejor sue\u00f1o y una mejor calidad de vida. <\/p>\n<p>[\/et_pb_text][\/et_pb_column][\/et_pb_row][et_pb_row _builder_version=\u00bb4.27.6&#8243; _module_preset=\u00bbdefault\u00bb global_colors_info=\u00bb{}\u00bb][et_pb_column type=\u00bb4_4&#8243; _builder_version=\u00bb4.27.6&#8243; _module_preset=\u00bbdefault\u00bb global_colors_info=\u00bb{}\u00bb][et_pb_text _builder_version=\u00bb4.27.6&#8243; _module_preset=\u00bbdefault\u00bb text_font=\u00bb&#8211;et_global_body_font|&#8211;et_global_heading_font_weight|||||||\u00bb header_2_text_color=\u00bb#D35917&#8243; header_3_text_color=\u00bb#072130&#8243; global_colors_info=\u00bb{}\u00bb]<\/p>\n<h3><b>Beneficios de la Ropa Lavable para la Enuresis Nocturna en Adultos<\/b><\/h3>\n<h2><b>Protecci\u00f3n Absorbente para la Enuresis Nocturna en Adultos<\/b><\/h2>\n<p>Muchos adultos prueban inicialmente productos desechables para la incontinencia, pero las alternativas lavables ofrecen varias ventajas importantes. La ropa de dormir reutilizable est\u00e1 dise\u00f1ada para tener el aspecto y el tacto de un pijama normal, al tiempo que proporciona la absorbencia necesaria para la protecci\u00f3n nocturna. <\/p>\n<p>A diferencia de los productos desechables que se parecen a los pa\u00f1ales, la ropa de dormir Pjama Protect ofrece una soluci\u00f3n discreta y c\u00f3moda que se integra de forma natural en su rutina nocturna.<\/p>\n<p>Pjama Pantalones para Enuresis (Protect y Pjama DryGuardians) est\u00e1n fabricados con suave Tencel\u2122 con una membrana transpirable e impermeable y capas altamente absorbentes que mantienen la humedad contenida. Todos los tejidos <a href=\"https:\/\/www.oeko-tex.com\/en\/our-standards\/oeko-tex-standard-100\" target=\"_blank\" rel=\"noopener\">cuentan con la certificaci\u00f3n Oeko-Tex<\/a> y cumplen las normas m\u00e1s estrictas de seguridad y respeto por la piel. <\/p>\n<p>[\/et_pb_text][et_pb_text _builder_version=\u00bb4.27.6&#8243; _module_preset=\u00bbdefault\u00bb text_font=\u00bb&#8211;et_global_body_font|&#8211;et_global_heading_font_weight|||||||\u00bb header_2_text_color=\u00bb#D35917&#8243; header_3_text_color=\u00bb#072130&#8243; custom_padding=\u00bb5px|5px||5px|false|false\u00bb border_radii=\u00bbon|5px|5px|5px|5px\u00bb border_width_all=\u00bb2px\u00bb border_color_all=\u00bb#D35917&#8243; global_colors_info=\u00bb{}\u00bb]<\/p>\n<p><strong><b>Productos para la enuresis lavables frente a desechables<\/b><\/strong><\/p>\n<table>\n<tbody>\n<tr>\n<td><b>Caracter\u00edstica<\/b><\/td>\n<td><b>Pjama Ropa de Dormir Lavable<\/b><\/td>\n<td><b>Productos desechables<\/b><\/td>\n<\/tr>\n<tr>\n<td><span style=\"font-weight: 400;\">Aspecto<\/span><\/td>\n<td><span style=\"font-weight: 400;\">Parece un pantal\u00f3n de pijama normal<\/span><\/td>\n<td><span style=\"font-weight: 400;\">Protecci\u00f3n tipo pa\u00f1al<\/span><\/td>\n<\/tr>\n<tr>\n<td><span style=\"font-weight: 400;\">Confort<\/span><\/td>\n<td><span style=\"font-weight: 400;\">Tejido para dormir suave y transpirable<\/span><\/td>\n<td><span style=\"font-weight: 400;\">Materiales a base de pl\u00e1stico<\/span><\/td>\n<\/tr>\n<tr>\n<td><span style=\"font-weight: 400;\">Ruido<\/span><\/td>\n<td><span style=\"font-weight: 400;\">Silencioso y sin crujidos<\/span><\/td>\n<td><span style=\"font-weight: 400;\">Puede producir crujidos<\/span><\/td>\n<\/tr>\n<tr>\n<td><span style=\"font-weight: 400;\">Sostenibilidad<\/span><\/td>\n<td><span style=\"font-weight: 400;\">Reutilizable hasta 100 lavados<\/span><\/td>\n<td><span style=\"font-weight: 400;\">Residuos de un solo uso<\/span><\/td>\n<\/tr>\n<tr>\n<td><span style=\"font-weight: 400;\">Coste a largo plazo<\/span><\/td>\n<td><span style=\"font-weight: 400;\">Rentabilidad a lo largo del tiempo<\/span><\/td>\n<td><span style=\"font-weight: 400;\">Compras mensuales continuas<\/span><\/td>\n<\/tr>\n<tr>\n<td><span style=\"font-weight: 400;\">Confianza<\/span><\/td>\n<td><span style=\"font-weight: 400;\">Discreto y privado<\/span><\/td>\n<td><span style=\"font-weight: 400;\">A menudo visible o voluminoso<\/span><\/td>\n<\/tr>\n<\/tbody>\n<\/table>\n<p>[\/et_pb_text][et_pb_text _builder_version=\u00bb4.27.6&#8243; _module_preset=\u00bbdefault\u00bb text_font=\u00bb&#8211;et_global_body_font|&#8211;et_global_heading_font_weight|||||||\u00bb global_colors_info=\u00bb{}\u00bb]<\/p>\n<p>Para muchos adultos, la mayor ventaja es la discreci\u00f3n. Como los productos para enuresis Pjama parecen ropa de dormir normal, permiten mantener la intimidad tanto si se duerme en casa como si se est\u00e1 en pareja o de viaje. <\/p>\n<p>[\/et_pb_text][\/et_pb_column][\/et_pb_row][et_pb_row _builder_version=\u00bb4.27.6&#8243; _module_preset=\u00bbdefault\u00bb global_colors_info=\u00bb{}\u00bb][et_pb_column type=\u00bb4_4&#8243; _builder_version=\u00bb4.27.6&#8243; _module_preset=\u00bbdefault\u00bb global_colors_info=\u00bb{}\u00bb][et_pb_text _builder_version=\u00bb4.27.6&#8243; _module_preset=\u00bbdefault\u00bb text_font=\u00bb&#8211;et_global_body_font|&#8211;et_global_heading_font_weight|||||||\u00bb header_2_text_color=\u00bb#D35917&#8243; header_3_text_color=\u00bb#072130&#8243; global_colors_info=\u00bb{}\u00bb]<\/p>\n<h3><b>Manejo de la Enuresis Nocturna en Adultos en la Vida Diaria<\/b><\/h3>\n<h2><b>Soluciones Discretas para Casos de Enuresis Nocturna en Adultos<\/b><\/h2>\n<p>Los productos fiables contra la enuresis deben adaptarse a la vida real. Los adultos suelen necesitar soluciones que funcionen en distintas situaciones sin llamar la atenci\u00f3n. <\/p>\n<p><strong>En casa<br \/><\/strong>Muchos adultos prefieren una protecci\u00f3n que les permita dormir c\u00f3modamente sin preocuparse de cambiar las s\u00e1banas o molestar a su pareja. La ropa de dormir lavable proporciona una absorbencia fiable durante la noche manteniendo la comodidad de un pijama normal. <\/p>\n<p><strong>Viajes y pernoctaciones<br \/><\/strong>Viajar con productos desechables puede resultar inc\u00f3modo y llamar la atenci\u00f3n. Los productos lavables para adultos ofrecen una alternativa discreta que cabe f\u00e1cilmente en el equipaje y parece ropa de dormir normal. <\/p>\n<p><strong>Recuperaci\u00f3n o afecciones temporales<br \/><\/strong>La enuresis puede producirse a veces durante la recuperaci\u00f3n de una intervenci\u00f3n quir\u00fargica, una enfermedad o periodos de estr\u00e9s. En estos casos, la ropa de dormir reutilizable proporciona una protecci\u00f3n fiable sin comprometerse con productos desechables a largo plazo. <\/p>\n<p>[\/et_pb_text][\/et_pb_column][\/et_pb_row][et_pb_row _builder_version=\u00bb4.27.6&#8243; _module_preset=\u00bbdefault\u00bb global_colors_info=\u00bb{}\u00bb][et_pb_column type=\u00bb4_4&#8243; _builder_version=\u00bb4.27.6&#8243; _module_preset=\u00bbdefault\u00bb global_colors_info=\u00bb{}\u00bb][et_pb_text _builder_version=\u00bb4.27.6&#8243; _module_preset=\u00bbdefault\u00bb text_font=\u00bb&#8211;et_global_body_font|&#8211;et_global_heading_font_weight|||||||\u00bb header_2_text_color=\u00bb#D35917&#8243; header_3_text_color=\u00bb#072130&#8243; global_colors_info=\u00bb{}\u00bb]<\/p>\n<h3><b>Elegir el Mejor Producto para Enuresis Nocturna en Adultos<\/b><\/h3>\n<h2><b>Comparativa: Pantalones vs. Alarma para Enuresis Nocturna en Adultos<\/b><\/h2>\n<p>La elecci\u00f3n de la soluci\u00f3n adecuada suele depender de sus objetivos y de la causa de la enuresis. Algunos adultos desean ante todo una protecci\u00f3n discreta durante la noche, mientras que otros buscan opciones de tratamiento a largo plazo. <\/p>\n<p><strong><b>Para una protecci\u00f3n discreta<br \/><\/b><\/strong>La ropa Pjama Protect para la enuresis nocturna en adultos est\u00e1 dise\u00f1ada para mantener la cama seca con la apariencia de pijama normal. Estas prendas combinan capas absorbentes, tejidos transpirables y protecci\u00f3n impermeable para proporcionar una cobertura fiable durante la noche. <\/p>\n<p>Est\u00e1n especialmente indicados para adultos que desean una alternativa lavable a los productos desechables<span style=\"font-weight: 400;\"> que siga siendo c\u00f3moda noche tras noche.<\/span><\/p>\n<p><strong><b>Tratamiento Activo<br \/><\/b><\/strong>Quienes buscan una soluci\u00f3n definitiva para la enuresis nocturna en adultos pueden beneficiarse del sistema inteligente Pjama DryGuardians. Este sistema combina una alarma de enuresis con ropa interior conectada y la aplicaci\u00f3n de tratamiento DryGuardians. <\/p>\n<p>Alarma de enuresis: refuerza la respuesta cerebral ante la enuresis nocturna en adultos para recuperar el control. Con el tiempo, esto puede ayudar a entrenar al cuerpo para que se despierte antes de que se produzca un accidente. <\/p>\n<p>El sistema DryGuardians permite a los adultos realizar un seguimiento de sus progresos, recibir orientaci\u00f3n y seguir un programa estructurado para conseguir una sequedad duradera.<\/p>\n<p>[\/et_pb_text][\/et_pb_column][\/et_pb_row][et_pb_row _builder_version=\u00bb4.27.6&#8243; _module_preset=\u00bbdefault\u00bb global_colors_info=\u00bb{}\u00bb][et_pb_column type=\u00bb4_4&#8243; _builder_version=\u00bb4.27.6&#8243; _module_preset=\u00bbdefault\u00bb global_colors_info=\u00bb{}\u00bb][et_pb_text _builder_version=\u00bb4.27.6&#8243; _module_preset=\u00bbdefault\u00bb text_font=\u00bb&#8211;et_global_body_font|&#8211;et_global_heading_font_weight|||||||\u00bb header_2_text_color=\u00bb#D35917&#8243; header_3_text_color=\u00bb#072130&#8243; global_colors_info=\u00bb{}\u00bb]<\/p>\n<h3><b>Soluciones discretas para la enuresis dise\u00f1adas para adultos<\/b><\/h3>\n<h2><b>Ropa de dormir c\u00f3moda y de aspecto normal<\/b><\/h2>\n<p>A la hora de buscar productos contra la enuresis para adultos, la discreci\u00f3n y la comodidad suelen ser los factores m\u00e1s importantes. Los adultos quieren una protecci\u00f3n que se adapte de forma natural a su estilo de vida sin que les resulte m\u00e9dica o restrictiva. <\/p>\n<p>La ropa de dormir lavable de Pjama se ha dise\u00f1ado teniendo en cuenta estas necesidades. Las prendas utilizan materiales suaves y transpirables y capas absorbentes para mantener la cama seca, al tiempo que conservan el aspecto y el tacto de la ropa de dormir habitual. Al ser reutilizables y lavables a m\u00e1quina, tambi\u00e9n ofrecen una soluci\u00f3n sostenible y rentable a lo largo del tiempo.  <\/p>\n<p>Para los adultos que desean una protecci\u00f3n adicional durante el tratamiento, Pjama Protect Pantalones Cortos para Enuresis + Pjama DryGuardians Ropa Interior tambi\u00e9n pueden utilizarse junto con el sistema de alarma de enuresis DryGuardians, creando un enfoque combinado que ofrece tanto protecci\u00f3n como progreso.<\/p>\n<p>[\/et_pb_text][\/et_pb_column][\/et_pb_row][et_pb_row _builder_version=\u00bb4.27.6&#8243; _module_preset=\u00bbdefault\u00bb global_colors_info=\u00bb{}\u00bb][et_pb_column type=\u00bb4_4&#8243; _builder_version=\u00bb4.27.6&#8243; _module_preset=\u00bbdefault\u00bb global_colors_info=\u00bb{}\u00bb][et_pb_text _builder_version=\u00bb4.27.6&#8243; _module_preset=\u00bbdefault\u00bb text_font=\u00bb&#8211;et_global_body_font|&#8211;et_global_heading_font_weight|||||||\u00bb header_2_text_color=\u00bb#D35917&#8243; header_3_text_color=\u00bb#072130&#8243; global_colors_info=\u00bb{}\u00bb]<\/p>\n<h3><b>Un enfoque moderno para tratar la enuresis en adultos<\/b><\/h3>\n<h2><b>Discreci\u00f3n, privacidad y credibilidad m\u00e9dica<\/b><\/h2>\n<p>Vivir con enuresis en la edad adulta puede resultar aislante, pero existen soluciones eficaces. Los productos actuales para adultos que se orinan en la cama combinan comodidad, discreci\u00f3n y opciones innovadoras de tratamiento o notificaci\u00f3n que facilitan la recuperaci\u00f3n de la confianza y el sue\u00f1o tranquilo. <\/p>\n<p>Tanto si est\u00e1 controlando la enuresis nocturna a largo plazo, experimentando accidentes nocturnos temporales, o comenzando un programa de tratamiento, Pjama ofrece soluciones dise\u00f1adas para apoyar su viaje hacia un mejor sue\u00f1o.<\/p>\n<p>Con protecci\u00f3n lavable, tecnolog\u00eda de tratamiento inteligente y un discreto dise\u00f1o de ropa de dormir, los productos para la enuresis Pjama ayudan a los adultos a dormir c\u00f3modamente y con confianza cada noche.<\/p>\n<p>[\/et_pb_text][\/et_pb_column][\/et_pb_row][et_pb_row _builder_version=\u00bb4.27.6&#8243; _module_preset=\u00bbdefault\u00bb global_colors_info=\u00bb{}\u00bb][et_pb_column type=\u00bb4_4&#8243; _builder_version=\u00bb4.27.6&#8243; _module_preset=\u00bbdefault\u00bb global_colors_info=\u00bb{}\u00bb][et_pb_button button_url=\u00bb@ET-DC@eyJkeW5hbWljIjp0cnVlLCJjb250ZW50IjoicG9zdF9saW5rX3VybF9wYWdlIiwic2V0dGluZ3MiOnsicG9zdF9pZCI6IjI2MjQ2IiwiZW5hYmxlX2h0bWwiOiJvZmYifX0=@\u00bb button_text=\u00bbVer Productos para Enuresis Nocturna Adultos\u00bb button_alignment=\u00bbcenter\u00bb _builder_version=\u00bb4.27.6&#8243; _dynamic_attributes=\u00bbbutton_url\u00bb _module_preset=\u00bbdefault\u00bb custom_button=\u00bbon\u00bb button_bg_color=\u00bb#61A2DF\u00bb button_border_color=\u00bb#F8F8F8&#8243; button_border_radius=\u00bb10px\u00bb button_font=\u00bb&#8211;et_global_body_font|700|||||||\u00bb button_text_shadow_style=\u00bbpreset1&#8243; box_shadow_style=\u00bbpreset3&#8243; box_shadow_color=\u00bb#1F448B\u00bb global_colors_info=\u00bb{}\u00bb][\/et_pb_button][\/et_pb_column][\/et_pb_row][\/et_pb_section]<\/p>\n","protected":false},"excerpt":{"rendered":"<p>Pantalones para enuresis, ropa interior y alarmas para la enuresis en adultos. Hazte la vida m\u00e1s f\u00e1cil con nuestros productos para la enuresis. <\/p>\n","protected":false},"author":33,"featured_media":28075,"parent":0,"menu_order":0,"comment_status":"closed","ping_status":"closed","template":"","meta":{"_et_pb_use_builder":"on","_et_pb_old_content":"","_et_gb_content_width":"","footnotes":""},"class_list":["post-23777","page","type-page","status-publish","has-post-thumbnail","hentry"],"_links":{"self":[{"href":"https:\/\/pjama.eu\/es\/wp-json\/wp\/v2\/pages\/23777","targetHints":{"allow":["GET"]}}],"collection":[{"href":"https:\/\/pjama.eu\/es\/wp-json\/wp\/v2\/pages"}],"about":[{"href":"https:\/\/pjama.eu\/es\/wp-json\/wp\/v2\/types\/page"}],"author":[{"embeddable":true,"href":"https:\/\/pjama.eu\/es\/wp-json\/wp\/v2\/users\/33"}],"replies":[{"embeddable":true,"href":"https:\/\/pjama.eu\/es\/wp-json\/wp\/v2\/comments?post=23777"}],"version-history":[{"count":39,"href":"https:\/\/pjama.eu\/es\/wp-json\/wp\/v2\/pages\/23777\/revisions"}],"predecessor-version":[{"id":35675,"href":"https:\/\/pjama.eu\/es\/wp-json\/wp\/v2\/pages\/23777\/revisions\/35675"}],"wp:featuredmedia":[{"embeddable":true,"href":"https:\/\/pjama.eu\/es\/wp-json\/wp\/v2\/media\/28075"}],"wp:attachment":[{"href":"https:\/\/pjama.eu\/es\/wp-json\/wp\/v2\/media?parent=23777"}],"curies":[{"name":"wp","href":"https:\/\/api.w.org\/{rel}","templated":true}]}}