{"id":23783,"date":"2025-10-01T15:08:05","date_gmt":"2025-10-01T13:08:05","guid":{"rendered":"https:\/\/pjama.eu\/ropa-de-cama-protectora\/"},"modified":"2026-03-30T13:09:51","modified_gmt":"2026-03-30T11:09:51","slug":"ropa-de-cama-protectora","status":"publish","type":"page","link":"https:\/\/pjama.eu\/es\/ropa-de-cama-protectora\/","title":{"rendered":"Ropa de cama protectora"},"content":{"rendered":"<p>[et_pb_section fb_built=\u00bb1&#8243; custom_padding_last_edited=\u00bbon|tablet\u00bb _builder_version=\u00bb4.27.4&#8243; background_color=\u00bbgcid-5eef58f4-760a-49fb-ad33-042d93415a96&#8243; custom_padding=\u00bb7%||0%||false|false\u00bb custom_padding_tablet=\u00bb||7%||false|false\u00bb custom_padding_phone=\u00bb\u00bb top_divider_height_tablet=\u00bb\u00bb top_divider_height_phone=\u00bb\u00bb top_divider_height_last_edited=\u00bbon|tablet\u00bb bottom_divider_color=\u00bbrgba(0,0,0,0)\u00bb bottom_divider_height=\u00bb154px\u00bb bottom_divider_height_tablet=\u00bb202px\u00bb bottom_divider_height_phone=\u00bb\u00bb bottom_divider_height_last_edited=\u00bbon|desktop\u00bb da_disable_devices=\u00bboff|off|off\u00bb collapsed=\u00bbon\u00bb global_colors_info=\u00bb{%22gcid-5eef58f4-760a-49fb-ad33-042d93415a96%22:%91%22background_color%22%93}\u00bb da_is_popup=\u00bboff\u00bb da_exit_intent=\u00bboff\u00bb da_has_close=\u00bbon\u00bb da_alt_close=\u00bboff\u00bb da_dark_close=\u00bboff\u00bb da_not_modal=\u00bbon\u00bb da_is_singular=\u00bboff\u00bb da_with_loader=\u00bboff\u00bb da_has_shadow=\u00bbon\u00bb][et_pb_row _builder_version=\u00bb4.22.1&#8243; custom_margin=\u00bb10px|auto|-20px|auto|false|false\u00bb custom_padding=\u00bb0px||0px||false|false\u00bb global_colors_info=\u00bb{}\u00bb][et_pb_column type=\u00bb4_4&#8243; _builder_version=\u00bb4.16&#8243; global_colors_info=\u00bb{}\u00bb][et_pb_text _builder_version=\u00bb4.27.4&#8243; header_text_color=\u00bb#D35917&#8243; header_font_size=\u00bb40px\u00bb header_3_font_size=\u00bb50px\u00bb background_layout=\u00bbdark\u00bb custom_margin=\u00bb15px||10px||false|false\u00bb custom_padding=\u00bb0px||0px||false|false\u00bb header_font_tablet=\u00bb\u00bb header_font_phone=\u00bb\u00bb header_font_last_edited=\u00bbon|phone\u00bb global_colors_info=\u00bb{}\u00bb]<\/p>\n<h1 class=\"hero\">PJAMA PROTECT<\/h1>\n<h3 class=\"hero\">Ropa de cama protectora<\/h3>\n<p>[\/et_pb_text][\/et_pb_column][\/et_pb_row][\/et_pb_section][et_pb_section fb_built=\u00bb1&#8243; _builder_version=\u00bb4.27.4&#8243; background_enable_color=\u00bboff\u00bb custom_margin=\u00bb0px||0px||false|false\u00bb custom_margin_tablet=\u00bb-60px||||false|false\u00bb custom_margin_last_edited=\u00bboff|desktop\u00bb custom_padding=\u00bb120px||0px||false|false\u00bb top_divider_style=\u00bbasymmetric\u00bb top_divider_color=\u00bbgcid-5eef58f4-760a-49fb-ad33-042d93415a96&#8243; top_divider_height=\u00bb150px\u00bb top_divider_height_tablet=\u00bb65px\u00bb top_divider_height_phone=\u00bb33px\u00bb top_divider_height_last_edited=\u00bbon|phone\u00bb da_disable_devices=\u00bboff|off|off\u00bb collapsed=\u00bbon\u00bb global_colors_info=\u00bb{%22gcid-5eef58f4-760a-49fb-ad33-042d93415a96%22:%91%22top_divider_color%22%93}\u00bb da_is_popup=\u00bboff\u00bb da_exit_intent=\u00bboff\u00bb da_has_close=\u00bbon\u00bb da_alt_close=\u00bboff\u00bb da_dark_close=\u00bboff\u00bb da_not_modal=\u00bbon\u00bb da_is_singular=\u00bboff\u00bb da_with_loader=\u00bboff\u00bb da_has_shadow=\u00bbon\u00bb][et_pb_row column_structure=\u00bb1_2,1_2&#8243; _builder_version=\u00bb4.27.4&#8243; _module_preset=\u00bbdefault\u00bb global_colors_info=\u00bb{}\u00bb][et_pb_column type=\u00bb1_2&#8243; _builder_version=\u00bb4.27.4&#8243; _module_preset=\u00bbdefault\u00bb global_colors_info=\u00bb{}\u00bb][et_pb_image src=\u00bbhttps:\/\/pjama.eu\/wp-content\/uploads\/Gosedjur-i-sang-1.jpg\u00bb alt=\u00bbRopa de cama Pjama\u00bb title_text=\u00bbGosedjur-i-sang (1)\u00bb _builder_version=\u00bb4.27.4&#8243; _module_preset=\u00bbdefault\u00bb custom_margin_tablet=\u00bb\u00bb custom_margin_phone=\u00bb0px||||false|false\u00bb custom_margin_last_edited=\u00bbon|phone\u00bb border_radii=\u00bbon|10px|10px|10px|10px\u00bb global_colors_info=\u00bb{}\u00bb][\/et_pb_image][\/et_pb_column][et_pb_column type=\u00bb1_2&#8243; _builder_version=\u00bb4.27.4&#8243; _module_preset=\u00bbdefault\u00bb global_colors_info=\u00bb{}\u00bb][et_pb_text _builder_version=\u00bb4.27.6&#8243; text_font=\u00bb&#8211;et_global_body_font|&#8211;et_global_heading_font_weight|||||||\u00bb header_text_color=\u00bbgcid-5eef58f4-760a-49fb-ad33-042d93415a96&#8243; header_2_text_color=\u00bb#D35917&#8243; header_3_text_color=\u00bbgcid-5eef58f4-760a-49fb-ad33-042d93415a96&#8243; custom_padding=\u00bb|5%||5%|false|false\u00bb global_colors_info=\u00bb{%22gcid-5eef58f4-760a-49fb-ad33-042d93415a96%22:%91%22header_text_color%22,%22header_3_text_color%22%93}\u00bb]<\/p>\n<h3><strong>S\u00c1BANAS C\u00d3MODAS CON PROTECCI\u00d3N INCORPORADA<\/strong><\/h3>\n<h2>PROTECCI\u00d3N&amp;CHAPA EN 1<\/h2>\n<p>La ropa de cama Pjama Protect combina confort y protecci\u00f3n en uno. Nuestras s\u00e1banas y fundas son suaves para dormir, mientras que la barrera impermeable impide que cualquier l\u00edquido llegue al colch\u00f3n. Discretas, lavables y duraderas, proporcionan una protecci\u00f3n fiable noche tras noche, sin complicaciones adicionales. Perfectas para ni\u00f1os, adultos y familias que desean tranquilidad y un sue\u00f1o tranquilo.   <\/p>\n<p>[\/et_pb_text][et_pb_button button_url=\u00bbhttps:\/\/pjama.eu\/es\/pantalones-para-enuresis\/\u00bb button_text=\u00bbCOMPRAR AQU\u00cd\u00bb button_alignment=\u00bbcenter\u00bb _builder_version=\u00bb4.27.6&#8243; _module_preset=\u00bbdefault\u00bb custom_button=\u00bbon\u00bb button_bg_color=\u00bb#61A2DF\u00bb button_border_color=\u00bb#F8F8F8&#8243; button_border_radius=\u00bb10px\u00bb button_font=\u00bb&#8211;et_global_body_font|700|||||||\u00bb button_text_shadow_style=\u00bbpreset1&#8243; box_shadow_style=\u00bbpreset2&#8243; global_colors_info=\u00bb{}\u00bb][\/et_pb_button][\/et_pb_column][\/et_pb_row][\/et_pb_section][et_pb_section fb_built=\u00bb1&#8243; custom_padding_last_edited=\u00bbon|phone\u00bb _builder_version=\u00bb4.27.4&#8243; _module_preset=\u00bbdefault\u00bb background_color=\u00bb#FFFFFF\u00bb custom_padding_tablet=\u00bb\u00bb custom_padding_phone=\u00bb0px||0px||false|false\u00bb da_disable_devices=\u00bboff|off|off\u00bb global_colors_info=\u00bb{}\u00bb da_is_popup=\u00bboff\u00bb da_exit_intent=\u00bboff\u00bb da_has_close=\u00bbon\u00bb da_alt_close=\u00bboff\u00bb da_dark_close=\u00bboff\u00bb da_not_modal=\u00bbon\u00bb da_is_singular=\u00bboff\u00bb da_with_loader=\u00bboff\u00bb da_has_shadow=\u00bbon\u00bb][et_pb_row custom_padding_last_edited=\u00bbon|phone\u00bb _builder_version=\u00bb4.27.4&#8243; background_color=\u00bbgcid-5eef58f4-760a-49fb-ad33-042d93415a96&#8243; custom_margin=\u00bb40px||50px||false|false\u00bb custom_margin_tablet=\u00bb\u00bb custom_margin_phone=\u00bb-58px||20px||false|false\u00bb custom_margin_last_edited=\u00bbon|phone\u00bb custom_padding=\u00bb|10px||10px|false|true\u00bb custom_padding_tablet=\u00bb\u00bb custom_padding_phone=\u00bb|6px||6px|false|true\u00bb border_radii=\u00bbon|7px|7px|7px|7px\u00bb global_colors_info=\u00bb{%22gcid-5eef58f4-760a-49fb-ad33-042d93415a96%22:%91%22background_color%22%93}\u00bb][et_pb_column type=\u00bb4_4&#8243; _builder_version=\u00bb4.16&#8243; global_colors_info=\u00bb{}\u00bb][et_pb_heading title=\u00bbVea c\u00f3mo \u00bb _builder_version=\u00bb4.27.6&#8243; _module_preset=\u00bbdefault\u00bb title_level=\u00bbh3&#8243; title_text_align=\u00bbcenter\u00bb title_text_color=\u00bb#F8F8F8&#8243; title_font_size=\u00bb40px\u00bb title_text_shadow_style=\u00bbpreset1&#8243; global_colors_info=\u00bb{}\u00bb][\/et_pb_heading][et_pb_heading title=\u00bbFunciona la s\u00e1bana y el protector de cama Pjama Protect\u00bb _builder_version=\u00bb4.27.6&#8243; _module_preset=\u00bbdefault\u00bb title_text_align=\u00bbcenter\u00bb title_text_color=\u00bb#D35917&#8243; title_font_size=\u00bb40px\u00bb title_text_shadow_style=\u00bbpreset1&#8243; global_colors_info=\u00bb{}\u00bb][\/et_pb_heading][et_pb_video src=\u00bbhttps:\/\/pjama.eu\/wp-content\/uploads\/Madrasskydd.mp4&#8243; image_src=\u00bbhttps:\/\/pjama.eu\/wp-content\/uploads\/Pjama_bedding2022-1.jpeg\u00bb thumbnail_overlay_color=\u00bbrgba(247,247,247,0.8)\u00bb _builder_version=\u00bb4.27.4&#8243; width=\u00bb70%\u00bb width_tablet=\u00bb90%\u00bb width_phone=\u00bb90%\u00bb width_last_edited=\u00bbon|desktop\u00bb module_alignment=\u00bbcenter\u00bb border_radii=\u00bbon|10px|10px|10px|10px\u00bb border_width_all=\u00bb4px\u00bb border_color_all=\u00bb#F8F8F8&#8243; box_shadow_style=\u00bbpreset1&#8243; global_colors_info=\u00bb{}\u00bb][\/et_pb_video][et_pb_heading title=\u00bbPorque las noches mejores importan\u00bb _builder_version=\u00bb4.27.4&#8243; _module_preset=\u00bbdefault\u00bb title_level=\u00bbh3&#8243; title_text_align=\u00bbcenter\u00bb title_text_color=\u00bb#F8F8F8&#8243; global_colors_info=\u00bb{}\u00bb][\/et_pb_heading][et_pb_button button_url=\u00bbhttps:\/\/pjama.eu\/es\/pantalones-para-enuresis\/\u00bb button_text=\u00bbC\u00f3mprelo aqu\u00ed\u00bb button_alignment=\u00bbcenter\u00bb _builder_version=\u00bb4.27.6&#8243; custom_button=\u00bbon\u00bb button_bg_color=\u00bb#61A2DF\u00bb button_border_color=\u00bb#F8F8F8&#8243; button_border_radius=\u00bb10px\u00bb button_font=\u00bb&#8211;et_global_body_font|700|||||||\u00bb button_use_icon=\u00bboff\u00bb button_text_shadow_style=\u00bbpreset1&#8243; box_shadow_style=\u00bbpreset2&#8243; global_colors_info=\u00bb{}\u00bb button_bg_color__hover_enabled=\u00bbon|hover\u00bb button_bg_color__hover=\u00bbrgba(31,68,139,0.8)\u00bb button_bg_enable_color__hover=\u00bbon\u00bb][\/et_pb_button][\/et_pb_column][\/et_pb_row][\/et_pb_section][et_pb_section fb_built=\u00bb1&#8243; _builder_version=\u00bb4.27.4&#8243; _module_preset=\u00bbdefault\u00bb da_disable_devices=\u00bboff|off|off\u00bb global_colors_info=\u00bb{}\u00bb da_is_popup=\u00bboff\u00bb da_exit_intent=\u00bboff\u00bb da_has_close=\u00bbon\u00bb da_alt_close=\u00bboff\u00bb da_dark_close=\u00bboff\u00bb da_not_modal=\u00bbon\u00bb da_is_singular=\u00bboff\u00bb da_with_loader=\u00bboff\u00bb da_has_shadow=\u00bbon\u00bb][et_pb_row column_structure=\u00bb1_4,1_4,1_4,1_4&#8243; make_equal=\u00bbon\u00bb _builder_version=\u00bb4.27.6&#8243; _module_preset=\u00bbdefault\u00bb global_colors_info=\u00bb{}\u00bb][et_pb_column type=\u00bb1_4&#8243; _builder_version=\u00bb4.27.4&#8243; _module_preset=\u00bbdefault\u00bb global_colors_info=\u00bb{}\u00bb][et_pb_image src=\u00bbhttps:\/\/pjama.eu\/wp-content\/uploads\/Kvalsterskydd-Baddmadrass-e1669386409554.jpeg\u00bb title_text=\u00bbKvalsterskydd-Ba\u0308ddmadrass-e1669386409554&#8243; align_tablet=\u00bb\u00bb align_phone=\u00bbcenter\u00bb align_last_edited=\u00bbon|phone\u00bb _builder_version=\u00bb4.27.4&#8243; _module_preset=\u00bbdefault\u00bb border_radii=\u00bbon|10px|10px|10px|10px\u00bb global_colors_info=\u00bb{}\u00bb][\/et_pb_image][et_pb_text _builder_version=\u00bb4.27.4&#8243; _module_preset=\u00bbdefault\u00bb header_3_text_color=\u00bbgcid-5eef58f4-760a-49fb-ad33-042d93415a96&#8243; header_3_text_align_tablet=\u00bb\u00bb header_3_text_align_phone=\u00bbleft\u00bb header_3_text_align_last_edited=\u00bbon|phone\u00bb global_colors_info=\u00bb{%22gcid-5eef58f4-760a-49fb-ad33-042d93415a96%22:%91%22header_3_text_color%22%93}\u00bb]<\/p>\n<h3>S\u00e1bana y protector de cama (colch\u00f3n)<\/h3>\n<p>[\/et_pb_text][et_pb_text _builder_version=\u00bb4.27.6&#8243; _module_preset=\u00bbdefault\u00bb text_font=\u00bb&#8211;et_global_body_font|&#8211;et_global_heading_font_weight|||||||\u00bb global_colors_info=\u00bb{}\u00bb]<\/p>\n<p>Suave, absorbente e impermeable en uno. Fabricado con fibras TENCEL\u2122, m\u00e1s suaves que la seda, para un descanso confortable, mientras la membrana impide que los l\u00edquidos lleguen al colch\u00f3n. <\/p>\n<p>[\/et_pb_text][\/et_pb_column][et_pb_column type=\u00bb1_4&#8243; _builder_version=\u00bb4.27.4&#8243; _module_preset=\u00bbdefault\u00bb global_colors_info=\u00bb{}\u00bb][et_pb_image src=\u00bbhttps:\/\/pjama.eu\/wp-content\/uploads\/Duvet-protector-312-scaled-e1694612711802-1-2.jpg\u00bb alt=\u00bbProtecci\u00f3n de la ropa de cama\u00bb title_text=\u00bbDuvet-protector-312-scaled-e1694612711802-1-2&#8243; align_tablet=\u00bb\u00bb align_phone=\u00bbcenter\u00bb align_last_edited=\u00bbon|phone\u00bb _builder_version=\u00bb4.27.4&#8243; _module_preset=\u00bbdefault\u00bb border_radii=\u00bbon|10px|10px|10px|10px\u00bb global_colors_info=\u00bb{}\u00bb][\/et_pb_image][et_pb_text _builder_version=\u00bb4.27.4&#8243; _module_preset=\u00bbdefault\u00bb header_3_text_color=\u00bbgcid-5eef58f4-760a-49fb-ad33-042d93415a96&#8243; global_colors_info=\u00bb{%22gcid-5eef58f4-760a-49fb-ad33-042d93415a96%22:%91%22header_3_text_color%22%93}\u00bb]<\/p>\n<h3>Funda n\u00f3rdica<\/h3>\n<p>[\/et_pb_text][et_pb_text _builder_version=\u00bb4.27.6&#8243; _module_preset=\u00bbdefault\u00bb text_font=\u00bb&#8211;et_global_body_font|&#8211;et_global_heading_font_weight|||||||\u00bb global_colors_info=\u00bb{}\u00bb]<\/p>\n<p>Protecci\u00f3n total del edred\u00f3n con discreto cierre de cremallera. Evita que se filtren l\u00edquidos y tambi\u00e9n act\u00faa como barrera contra los \u00e1caros del polvo, ideal para durmientes sensibles. <\/p>\n<p>[\/et_pb_text][\/et_pb_column][et_pb_column type=\u00bb1_4&#8243; _builder_version=\u00bb4.27.4&#8243; _module_preset=\u00bbdefault\u00bb global_colors_info=\u00bb{}\u00bb][et_pb_image src=\u00bbhttps:\/\/pjama.eu\/wp-content\/uploads\/Kvalsterskydd-Kudde-e1701444082895.jpg\u00bb alt=\u00bbPROTECCI\u00d3N PARA ALMOHADA Y FUNDA DE ALMOHADA EN 1&#8243; title_text=\u00bbKvalsterskydd Kudde\u00bb align_tablet=\u00bb\u00bb align_phone=\u00bbcenter\u00bb align_last_edited=\u00bbon|phone\u00bb _builder_version=\u00bb4.27.4&#8243; _module_preset=\u00bbdefault\u00bb border_radii=\u00bbon|10px|10px|10px|10px\u00bb global_colors_info=\u00bb{}\u00bb][\/et_pb_image][et_pb_text _builder_version=\u00bb4.27.4&#8243; _module_preset=\u00bbdefault\u00bb header_3_text_color=\u00bbgcid-5eef58f4-760a-49fb-ad33-042d93415a96&#8243; global_colors_info=\u00bb{%22gcid-5eef58f4-760a-49fb-ad33-042d93415a96%22:%91%22header_3_text_color%22%93}\u00bb]<\/p>\n<h3>Funda de almohada<\/h3>\n<p>[\/et_pb_text][et_pb_text _builder_version=\u00bb4.27.6&#8243; _module_preset=\u00bbdefault\u00bb text_font=\u00bb&#8211;et_global_body_font|&#8211;et_global_heading_font_weight|||||||\u00bb global_colors_info=\u00bb{}\u00bb]<\/p>\n<p>Mantiene las almohadas secas, frescas y a salvo de alergias. El tejido transpirable bloquea la humedad y los \u00e1caros del polvo, con una cobertura total gracias a un pr\u00e1ctico cierre de cremallera. 100% libre de productos qu\u00edmicos.  <\/p>\n<p>[\/et_pb_text][\/et_pb_column][et_pb_column type=\u00bb1_4&#8243; _builder_version=\u00bb4.27.4&#8243; _module_preset=\u00bbdefault\u00bb global_colors_info=\u00bb{}\u00bb][et_pb_image src=\u00bbhttps:\/\/pjama.eu\/wp-content\/uploads\/Pjama_bedding2022-1.jpeg\u00bb alt=\u00bbProtecci\u00f3n de colchones y ropa de cama\u00bb title_text=\u00bbProtecci\u00f3n de colchones y ropa de cama\u00bb align_tablet=\u00bb\u00bb align_phone=\u00bbcenter\u00bb align_last_edited=\u00bbon|phone\u00bb _builder_version=\u00bb4.27.4&#8243; _module_preset=\u00bbdefault\u00bb border_radii=\u00bbon|10px|10px|10px|10px\u00bb global_colors_info=\u00bb{}\u00bb][\/et_pb_image][et_pb_text _builder_version=\u00bb4.27.4&#8243; _module_preset=\u00bbdefault\u00bb header_3_text_color=\u00bbgcid-5eef58f4-760a-49fb-ad33-042d93415a96&#8243; global_colors_info=\u00bb{%22gcid-5eef58f4-760a-49fb-ad33-042d93415a96%22:%91%22header_3_text_color%22%93}\u00bb]<\/p>\n<h3>S\u00e1bana y protector de cama (colch\u00f3n Boxspring)<\/h3>\n<p>[\/et_pb_text][et_pb_text _builder_version=\u00bb4.27.6&#8243; _module_preset=\u00bbdefault\u00bb text_font=\u00bb&#8211;et_global_body_font|&#8211;et_global_heading_font_weight|||||||\u00bb global_colors_info=\u00bb{}\u00bb]<\/p>\n<p>Protecci\u00f3n completa de s\u00e1banas y somier en uno. Tejido natural y transpirable fabricado con fibras de madera TENCEL\u2122 \/ SMARTCEL\u2122, que impide la entrada de l\u00edquidos sin dejar de ser suave y sin productos qu\u00edmicos. <\/p>\n<p>[\/et_pb_text][\/et_pb_column][\/et_pb_row][\/et_pb_section]<\/p>\n","protected":false},"excerpt":{"rendered":"<p>PJAMA PROTECT Ropa de cama protectoraS\u00c1BANAS C\u00d3MODAS CON PROTECCI\u00d3N INCORPORADA PROTECCI\u00d3N&amp;CHAPA EN 1 La ropa de cama Pjama Protect combina confort y protecci\u00f3n en uno. Nuestras s\u00e1banas y fundas son suaves para dormir, mientras que la barrera impermeable impide que cualquier l\u00edquido llegue al colch\u00f3n. Discretas, lavables y duraderas, proporcionan una protecci\u00f3n fiable noche tras [&hellip;]<\/p>\n","protected":false},"author":33,"featured_media":0,"parent":0,"menu_order":0,"comment_status":"closed","ping_status":"closed","template":"","meta":{"_et_pb_use_builder":"on","_et_pb_old_content":"","_et_gb_content_width":"","footnotes":""},"class_list":["post-23783","page","type-page","status-publish","hentry"],"_links":{"self":[{"href":"https:\/\/pjama.eu\/es\/wp-json\/wp\/v2\/pages\/23783","targetHints":{"allow":["GET"]}}],"collection":[{"href":"https:\/\/pjama.eu\/es\/wp-json\/wp\/v2\/pages"}],"about":[{"href":"https:\/\/pjama.eu\/es\/wp-json\/wp\/v2\/types\/page"}],"author":[{"embeddable":true,"href":"https:\/\/pjama.eu\/es\/wp-json\/wp\/v2\/users\/33"}],"replies":[{"embeddable":true,"href":"https:\/\/pjama.eu\/es\/wp-json\/wp\/v2\/comments?post=23783"}],"version-history":[{"count":7,"href":"https:\/\/pjama.eu\/es\/wp-json\/wp\/v2\/pages\/23783\/revisions"}],"predecessor-version":[{"id":35516,"href":"https:\/\/pjama.eu\/es\/wp-json\/wp\/v2\/pages\/23783\/revisions\/35516"}],"wp:attachment":[{"href":"https:\/\/pjama.eu\/es\/wp-json\/wp\/v2\/media?parent=23783"}],"curies":[{"name":"wp","href":"https:\/\/api.w.org\/{rel}","templated":true}]}}