{"id":23801,"date":"2020-07-06T09:48:57","date_gmt":"2020-07-06T07:48:57","guid":{"rendered":"https:\/\/pjama.eu\/manuales-de-productos\/"},"modified":"2025-11-14T08:49:23","modified_gmt":"2025-11-14T07:49:23","slug":"manuales-de-productos","status":"publish","type":"page","link":"https:\/\/pjama.eu\/es\/manuales-de-productos\/","title":{"rendered":"Manuales de productos"},"content":{"rendered":"<p>[et_pb_section fb_built=\u00bb1&#8243; custom_padding_last_edited=\u00bbon|phone\u00bb _builder_version=\u00bb4.27.4&#8243; background_color=\u00bbgcid-5eef58f4-760a-49fb-ad33-042d93415a96&#8243; background_enable_image=\u00bboff\u00bb background_position=\u00bbtop_right\u00bb custom_padding=\u00bb100px||49px||false|false\u00bb custom_padding_tablet=\u00bb90px||0px||false|false\u00bb custom_padding_phone=\u00bb40px||1px||false|false\u00bb top_divider_color=\u00bb#61a2df\u00bb top_divider_height=\u00bb500px\u00bb bottom_divider_style=\u00bbasymmetric\u00bb bottom_divider_color=\u00bb#ffffff\u00bb bottom_divider_flip=\u00bbhorizontal\u00bb da_disable_devices=\u00bboff|off|off\u00bb collapsed=\u00bboff\u00bb global_colors_info=\u00bb{%22gcid-5eef58f4-760a-49fb-ad33-042d93415a96%22:%91%22background_color%22%93}\u00bb da_is_popup=\u00bboff\u00bb da_exit_intent=\u00bboff\u00bb da_has_close=\u00bbon\u00bb da_alt_close=\u00bboff\u00bb da_dark_close=\u00bboff\u00bb da_not_modal=\u00bbon\u00bb da_is_singular=\u00bboff\u00bb da_with_loader=\u00bboff\u00bb da_has_shadow=\u00bbon\u00bb][et_pb_row _builder_version=\u00bb4.16&#8243; custom_margin=\u00bb|auto|60px|auto||\u00bb global_colors_info=\u00bb{}\u00bb][et_pb_column type=\u00bb4_4&#8243; _builder_version=\u00bb4.16&#8243; global_colors_info=\u00bb{}\u00bb][et_pb_heading title=\u00bbPJAMA\u00bb _builder_version=\u00bb4.27.4&#8243; _module_preset=\u00bbdefault\u00bb title_text_color=\u00bb#D35917&#8243; title_font_size=\u00bb40px\u00bb title_font_size_tablet=\u00bb40px\u00bb title_font_size_phone=\u00bb25px\u00bb title_font_size_last_edited=\u00bbon|phone\u00bb global_colors_info=\u00bb{}\u00bb][\/et_pb_heading][et_pb_heading title=\u00bbMANUALES DE PRODUCTOS\u00bb _builder_version=\u00bb4.27.4&#8243; _module_preset=\u00bbdefault\u00bb title_text_color=\u00bb#F8F8F8&#8243; title_font_size=\u00bb75px\u00bb title_font_size_tablet=\u00bb75px\u00bb title_font_size_phone=\u00bb40px\u00bb title_font_size_last_edited=\u00bbon|phone\u00bb global_colors_info=\u00bb{}\u00bb][\/et_pb_heading][\/et_pb_column][\/et_pb_row][\/et_pb_section][et_pb_section fb_built=\u00bb1&#8243; _builder_version=\u00bb4.16&#8243; background_color=\u00bbrgba(255,255,255,0)\u00bb custom_margin_tablet=\u00bb-60px||||false|false\u00bb custom_margin_phone=\u00bb\u00bb custom_margin_last_edited=\u00bbon|phone\u00bb da_disable_devices=\u00bboff|off|off\u00bb collapsed=\u00bboff\u00bb global_colors_info=\u00bb{}\u00bb da_is_popup=\u00bboff\u00bb da_exit_intent=\u00bboff\u00bb da_has_close=\u00bbon\u00bb da_alt_close=\u00bboff\u00bb da_dark_close=\u00bboff\u00bb da_not_modal=\u00bbon\u00bb da_is_singular=\u00bboff\u00bb da_with_loader=\u00bboff\u00bb da_has_shadow=\u00bbon\u00bb][et_pb_row custom_padding_last_edited=\u00bbon|desktop\u00bb _builder_version=\u00bb4.16&#8243; background_size=\u00bbinitial\u00bb background_position=\u00bbtop_left\u00bb background_repeat=\u00bbrepeat\u00bb width=\u00bb65%\u00bb width_tablet=\u00bb80%\u00bb width_phone=\u00bb90%\u00bb width_last_edited=\u00bbon|desktop\u00bb custom_padding=\u00bb||60px|||\u00bb custom_padding_tablet=\u00bb||0px||false|false\u00bb custom_padding_phone=\u00bb\u00bb global_colors_info=\u00bb{}\u00bb][et_pb_column type=\u00bb4_4&#8243; _builder_version=\u00bb4.16&#8243; custom_padding=\u00bb|||\u00bb global_colors_info=\u00bb{}\u00bb custom_padding__hover=\u00bb|||\u00bb][et_pb_heading title=\u00bbPJAMA ALARMA PIP\u00cd NOCTURNO\u00bb _builder_version=\u00bb4.27.4&#8243; _module_preset=\u00bbdefault\u00bb title_text_align=\u00bbcenter\u00bb title_text_color=\u00bbgcid-5eef58f4-760a-49fb-ad33-042d93415a96&#8243; global_colors_info=\u00bb{%22gcid-5eef58f4-760a-49fb-ad33-042d93415a96%22:%91%22title_text_color%22%93}\u00bb][\/et_pb_heading][et_pb_text _builder_version=\u00bb4.27.4&#8243; _module_preset=\u00bbdefault\u00bb text_orientation=\u00bbcenter\u00bb global_colors_info=\u00bb{}\u00bb]<\/p>\n<p>Alarma pip\u00ed nocturno Pjama (REF:9031) es un Alarma pip\u00ed nocturno que se conecta a las Prendas de Tratamiento Pjama.<\/p>\n<p>[\/et_pb_text][\/et_pb_column][\/et_pb_row][et_pb_row column_structure=\u00bb1_3,1_3,1_3&#8243; _builder_version=\u00bb4.27.4&#8243; _module_preset=\u00bbdefault\u00bb global_colors_info=\u00bb{}\u00bb][et_pb_column type=\u00bb1_3&#8243; _builder_version=\u00bb4.27.4&#8243; _module_preset=\u00bbdefault\u00bb global_colors_info=\u00bb{}\u00bb][et_pb_cta title=\u00bbManual de alarma &#8211; 1915 v1&#8243; button_url=\u00bbhttps:\/\/pjama.eu\/wp-content\/uploads\/TF-6.5.1-A05-Pjama-Bedwetting-Alarm-System-Manual-Alarm-FINAL.pdf\u00bb url_new_window=\u00bbon\u00bb button_text=\u00bbDescargar manual\u00bb _builder_version=\u00bb4.27.4&#8243; header_text_color=\u00bb#D35917&#8243; background_color=\u00bbgcid-5eef58f4-760a-49fb-ad33-042d93415a96&#8243; custom_margin=\u00bb||20px||false|false\u00bb custom_margin_tablet=\u00bb\u00bb custom_margin_phone=\u00bb||20px||false|false\u00bb custom_margin_last_edited=\u00bbon|phone\u00bb hover_enabled=\u00bb0&#8243; border_radii=\u00bbon|10px|10px|10px|10px\u00bb box_shadow_style=\u00bbpreset1&#8243; locked=\u00bboff\u00bb global_colors_info=\u00bb{%22gcid-5eef58f4-760a-49fb-ad33-042d93415a96%22:%91%22background_color%22%93}\u00bb sticky_enabled=\u00bb0&#8243;]<\/p>\n<p><strong>Sueco (SE), dan\u00e9s (DK), ingl\u00e9s (UK) y m\u00e1s<\/strong><\/p>\n<p>[\/et_pb_cta][\/et_pb_column][et_pb_column type=\u00bb1_3&#8243; _builder_version=\u00bb4.27.4&#8243; _module_preset=\u00bbdefault\u00bb global_colors_info=\u00bb{}\u00bb][et_pb_cta title=\u00bbManual de la alarma &#8211; ver 2&#8243; button_url=\u00bbhttps:\/\/pjama.eu\/wp-content\/uploads\/Manual-alarm-6&#215;10-SV-DAN-ENG-2020-05-04-1.pdf\u00bb url_new_window=\u00bbon\u00bb button_text=\u00bbDescargar manual\u00bb _builder_version=\u00bb4.27.4&#8243; header_text_color=\u00bb#D35917&#8243; background_color=\u00bbgcid-5eef58f4-760a-49fb-ad33-042d93415a96&#8243; custom_margin=\u00bb||20px||false|false\u00bb custom_margin_tablet=\u00bb\u00bb custom_margin_phone=\u00bb||20px||false|false\u00bb custom_margin_last_edited=\u00bbon|phone\u00bb border_radii=\u00bbon|10px|10px|10px|10px\u00bb box_shadow_style=\u00bbpreset1&#8243; locked=\u00bboff\u00bb global_colors_info=\u00bb{%22gcid-5eef58f4-760a-49fb-ad33-042d93415a96%22:%91%22background_color%22%93}\u00bb]<\/p>\n<p><strong>Sueco (SE), dan\u00e9s (DK), ingl\u00e9s (UK)<\/strong><\/p>\n<p>[\/et_pb_cta][\/et_pb_column][et_pb_column type=\u00bb1_3&#8243; _builder_version=\u00bb4.27.4&#8243; _module_preset=\u00bbdefault\u00bb global_colors_info=\u00bb{}\u00bb][et_pb_cta title=\u00bbManual de la alarma -ver 1&#8243; button_url=\u00bbhttps:\/\/pjama.eu\/se\/wp-content\/uploads\/Manual-Pjama-Bedwetting-Alarm.pdf\u00bb url_new_window=\u00bbon\u00bb button_text=\u00bbDescargar manual\u00bb _builder_version=\u00bb4.27.4&#8243; header_text_color=\u00bb#D35917&#8243; background_color=\u00bbgcid-5eef58f4-760a-49fb-ad33-042d93415a96&#8243; custom_margin=\u00bb||20px||false|false\u00bb custom_margin_tablet=\u00bb\u00bb custom_margin_phone=\u00bb||20px||false|false\u00bb custom_margin_last_edited=\u00bbon|phone\u00bb border_radii=\u00bbon|10px|10px|10px|10px\u00bb box_shadow_style=\u00bbpreset1&#8243; locked=\u00bboff\u00bb global_colors_info=\u00bb{%22gcid-5eef58f4-760a-49fb-ad33-042d93415a96%22:%91%22background_color%22%93}\u00bb]<\/p>\n<p><strong>Sueco (SE), dan\u00e9s (DK), ingl\u00e9s (UK)  <\/strong><\/p>\n<p>[\/et_pb_cta][\/et_pb_column][\/et_pb_row][et_pb_row custom_padding_last_edited=\u00bbon|desktop\u00bb _builder_version=\u00bb4.16&#8243; background_size=\u00bbinitial\u00bb background_position=\u00bbtop_left\u00bb background_repeat=\u00bbrepeat\u00bb width=\u00bb65%\u00bb width_tablet=\u00bb80%\u00bb width_phone=\u00bb90%\u00bb width_last_edited=\u00bbon|desktop\u00bb custom_padding=\u00bb||60px|||\u00bb custom_padding_tablet=\u00bb||0px||false|false\u00bb custom_padding_phone=\u00bb\u00bb global_colors_info=\u00bb{}\u00bb][et_pb_column type=\u00bb4_4&#8243; _builder_version=\u00bb4.16&#8243; custom_padding=\u00bb|||\u00bb global_colors_info=\u00bb{}\u00bb custom_padding__hover=\u00bb|||\u00bb][et_pb_heading title=\u00bbPJAMA CONNECT ALARMA PIP\u00cd NOCTURNO\u00bb _builder_version=\u00bb4.27.4&#8243; _module_preset=\u00bbdefault\u00bb title_text_align=\u00bbcenter\u00bb title_text_color=\u00bbgcid-5eef58f4-760a-49fb-ad33-042d93415a96&#8243; global_colors_info=\u00bb{%22gcid-5eef58f4-760a-49fb-ad33-042d93415a96%22:%91%22title_text_color%22%93}\u00bb][\/et_pb_heading][\/et_pb_column][\/et_pb_row][et_pb_row column_structure=\u00bb1_3,1_3,1_3&#8243; _builder_version=\u00bb4.27.4&#8243; _module_preset=\u00bbdefault\u00bb global_colors_info=\u00bb{}\u00bb][et_pb_column type=\u00bb1_3&#8243; _builder_version=\u00bb4.27.4&#8243; _module_preset=\u00bbdefault\u00bb global_colors_info=\u00bb{}\u00bb][et_pb_cta title=\u00bbManual para Connect 1916 v4&#8243; button_url=\u00bbhttps:\/\/pjama.eu\/wp-content\/uploads\/TF-6.5.4-A04-Pjama-Connect-Bedwetting-Alarm-Instructions.pdf\u00bb url_new_window=\u00bbon\u00bb button_text=\u00bbDescargar manual\u00bb _builder_version=\u00bb4.27.4&#8243; header_text_color=\u00bb#D35917&#8243; background_color=\u00bbgcid-5eef58f4-760a-49fb-ad33-042d93415a96&#8243; custom_margin=\u00bb||20px||false|false\u00bb custom_margin_tablet=\u00bb\u00bb custom_margin_phone=\u00bb||20px||false|false\u00bb custom_margin_last_edited=\u00bbon|phone\u00bb hover_enabled=\u00bb0&#8243; border_radii=\u00bbon|10px|10px|10px|10px\u00bb box_shadow_style=\u00bbpreset1&#8243; locked=\u00bboff\u00bb global_colors_info=\u00bb{%22gcid-5eef58f4-760a-49fb-ad33-042d93415a96%22:%91%22background_color%22%93}\u00bb sticky_enabled=\u00bb0&#8243;]<\/p>\n<p><strong>Sueco (SE), dan\u00e9s (DK), ingl\u00e9s (UK) y m\u00e1s<\/strong><\/p>\n<p>[\/et_pb_cta][\/et_pb_column][et_pb_column type=\u00bb1_3&#8243; _builder_version=\u00bb4.27.4&#8243; _module_preset=\u00bbdefault\u00bb global_colors_info=\u00bb{}\u00bb][\/et_pb_column][et_pb_column type=\u00bb1_3&#8243; _builder_version=\u00bb4.27.4&#8243; _module_preset=\u00bbdefault\u00bb global_colors_info=\u00bb{}\u00bb][\/et_pb_column][\/et_pb_row][et_pb_row custom_padding_last_edited=\u00bbon|desktop\u00bb _builder_version=\u00bb4.16&#8243; background_size=\u00bbinitial\u00bb background_position=\u00bbtop_left\u00bb background_repeat=\u00bbrepeat\u00bb width=\u00bb65%\u00bb width_tablet=\u00bb80%\u00bb width_phone=\u00bb90%\u00bb width_last_edited=\u00bbon|desktop\u00bb custom_padding=\u00bb||60px|||\u00bb custom_padding_tablet=\u00bb||0px||false|false\u00bb custom_padding_phone=\u00bb\u00bb global_colors_info=\u00bb{}\u00bb][et_pb_column type=\u00bb4_4&#8243; _builder_version=\u00bb4.16&#8243; custom_padding=\u00bb|||\u00bb global_colors_info=\u00bb{}\u00bb custom_padding__hover=\u00bb|||\u00bb][et_pb_heading title=\u00bbRELOJ VIBRADOR PJAMA\u00bb _builder_version=\u00bb4.27.4&#8243; _module_preset=\u00bbdefault\u00bb title_text_align=\u00bbcenter\u00bb title_text_color=\u00bbgcid-5eef58f4-760a-49fb-ad33-042d93415a96&#8243; global_colors_info=\u00bb{%22gcid-5eef58f4-760a-49fb-ad33-042d93415a96%22:%91%22title_text_color%22%93}\u00bb][\/et_pb_heading][et_pb_text _builder_version=\u00bb4.27.4&#8243; _module_preset=\u00bbdefault\u00bb text_orientation=\u00bbcenter\u00bb global_colors_info=\u00bb{}\u00bb]<\/p>\n<p>Los relojes vibradores Pjama (REF: 4050, 4051, 4052 y 4053) est\u00e1n disponibles en 4 colores diferentes (negro, azul, azul claro y rosa). Un reloj sencillo para programar recordatorios diurnos para ir al ba\u00f1o. <\/p>\n<p>[\/et_pb_text][\/et_pb_column][\/et_pb_row][et_pb_row column_structure=\u00bb1_5,1_5,1_5,1_5,1_5&#8243; _builder_version=\u00bb4.27.4&#8243; _module_preset=\u00bbdefault\u00bb global_colors_info=\u00bb{}\u00bb][et_pb_column type=\u00bb1_5&#8243; _builder_version=\u00bb4.27.4&#8243; _module_preset=\u00bbdefault\u00bb global_colors_info=\u00bb{}\u00bb][et_pb_cta title=\u00bbManual del reloj de pjama\u00bb button_url=\u00bbhttps:\/\/pjama.eu\/wp-content\/uploads\/Watch-manual_-UK.pdf\u00bb url_new_window=\u00bbon\u00bb button_text=\u00bbDescargar  \u00bb _builder_version=\u00bb4.27.4&#8243; header_text_color=\u00bb#D35917&#8243; background_color=\u00bbgcid-5eef58f4-760a-49fb-ad33-042d93415a96&#8243; custom_margin=\u00bb||20px||false|false\u00bb custom_margin_tablet=\u00bb\u00bb custom_margin_phone=\u00bb||20px||false|false\u00bb custom_margin_last_edited=\u00bbon|phone\u00bb border_radii=\u00bbon|10px|10px|10px|10px\u00bb box_shadow_style=\u00bbpreset1&#8243; locked=\u00bboff\u00bb global_colors_info=\u00bb{%22gcid-5eef58f4-760a-49fb-ad33-042d93415a96%22:%91%22background_color%22%93}\u00bb]<\/p>\n<p><strong>Ingl\u00e9s<\/strong><\/p>\n<p>[\/et_pb_cta][\/et_pb_column][et_pb_column type=\u00bb1_5&#8243; _builder_version=\u00bb4.27.4&#8243; _module_preset=\u00bbdefault\u00bb global_colors_info=\u00bb{}\u00bb][et_pb_cta title=\u00bbMANUAL DEL RELOJ DE PJAMA\u00bb button_url=\u00bbhttps:\/\/pjama.eu\/wp-content\/uploads\/Watch-manual_DK.pdf\u00bb url_new_window=\u00bbon\u00bb button_text=\u00bbDescargar  \u00bb _builder_version=\u00bb4.27.4&#8243; header_text_color=\u00bb#D35917&#8243; background_color=\u00bbgcid-5eef58f4-760a-49fb-ad33-042d93415a96&#8243; custom_margin=\u00bb||20px||false|false\u00bb custom_margin_tablet=\u00bb\u00bb custom_margin_phone=\u00bb||20px||false|false\u00bb custom_margin_last_edited=\u00bbon|phone\u00bb border_radii=\u00bbon|10px|10px|10px|10px\u00bb box_shadow_style=\u00bbpreset1&#8243; locked=\u00bboff\u00bb global_colors_info=\u00bb{%22gcid-5eef58f4-760a-49fb-ad33-042d93415a96%22:%91%22background_color%22%93}\u00bb]<\/p>\n<p><strong>Dan\u00e9s (DK)<\/strong><\/p>\n<p>[\/et_pb_cta][\/et_pb_column][et_pb_column type=\u00bb1_5&#8243; _builder_version=\u00bb4.27.4&#8243; _module_preset=\u00bbdefault\u00bb global_colors_info=\u00bb{}\u00bb][et_pb_cta title=\u00bbMANUAL DEL RELOJ DE PJAMA\u00bb button_url=\u00bbhttps:\/\/pjama.eu\/wp-content\/uploads\/Watch-manual_PL-2.pdf\u00bb url_new_window=\u00bbon\u00bb button_text=\u00bbDescargar  \u00bb _builder_version=\u00bb4.27.4&#8243; header_text_color=\u00bb#D35917&#8243; background_color=\u00bbgcid-5eef58f4-760a-49fb-ad33-042d93415a96&#8243; custom_margin=\u00bb||20px||false|false\u00bb custom_margin_tablet=\u00bb\u00bb custom_margin_phone=\u00bb||20px||false|false\u00bb custom_margin_last_edited=\u00bbon|phone\u00bb border_radii=\u00bbon|10px|10px|10px|10px\u00bb box_shadow_style=\u00bbpreset1&#8243; locked=\u00bboff\u00bb global_colors_info=\u00bb{%22gcid-5eef58f4-760a-49fb-ad33-042d93415a96%22:%91%22background_color%22%93}\u00bb]<\/p>\n<p><strong>Polaco (PL)<\/strong><\/p>\n<p>[\/et_pb_cta][\/et_pb_column][et_pb_column type=\u00bb1_5&#8243; _builder_version=\u00bb4.27.4&#8243; _module_preset=\u00bbdefault\u00bb global_colors_info=\u00bb{}\u00bb][et_pb_cta title=\u00bbMANUAL DEL RELOJ DE PJAMA\u00bb button_url=\u00bbhttps:\/\/pjama.eu\/wp-content\/uploads\/Watch-manual_-ES-1.pdf\u00bb url_new_window=\u00bbon\u00bb button_text=\u00bbDescargar  \u00bb _builder_version=\u00bb4.27.4&#8243; header_text_color=\u00bb#D35917&#8243; background_color=\u00bbgcid-5eef58f4-760a-49fb-ad33-042d93415a96&#8243; custom_margin=\u00bb||20px||false|false\u00bb custom_margin_tablet=\u00bb\u00bb custom_margin_phone=\u00bb||20px||false|false\u00bb custom_margin_last_edited=\u00bbon|phone\u00bb border_radii=\u00bbon|10px|10px|10px|10px\u00bb box_shadow_style=\u00bbpreset1&#8243; locked=\u00bboff\u00bb global_colors_info=\u00bb{%22gcid-5eef58f4-760a-49fb-ad33-042d93415a96%22:%91%22background_color%22%93}\u00bb]<\/p>\n<p><strong>Espa\u00f1ol (ES)<\/strong><\/p>\n<p>[\/et_pb_cta][\/et_pb_column][et_pb_column type=\u00bb1_5&#8243; _builder_version=\u00bb4.27.4&#8243; _module_preset=\u00bbdefault\u00bb global_colors_info=\u00bb{}\u00bb][et_pb_cta title=\u00bbMANUAL DEL RELOJ DE PJAMA\u00bb button_url=\u00bbhttps:\/\/pjama.eu\/wp-content\/uploads\/Watch-manual_-DE.pdf\u00bb url_new_window=\u00bbon\u00bb button_text=\u00bbDescargar  \u00bb _builder_version=\u00bb4.27.4&#8243; header_text_color=\u00bb#D35917&#8243; background_color=\u00bbgcid-5eef58f4-760a-49fb-ad33-042d93415a96&#8243; custom_margin=\u00bb||20px||false|false\u00bb custom_margin_tablet=\u00bb\u00bb custom_margin_phone=\u00bb||20px||false|false\u00bb custom_margin_last_edited=\u00bbon|phone\u00bb border_radii=\u00bbon|10px|10px|10px|10px\u00bb box_shadow_style=\u00bbpreset1&#8243; locked=\u00bboff\u00bb global_colors_info=\u00bb{%22gcid-5eef58f4-760a-49fb-ad33-042d93415a96%22:%91%22background_color%22%93}\u00bb]<\/p>\n<p><strong>Alem\u00e1n (DE)<\/strong><\/p>\n<p>[\/et_pb_cta][\/et_pb_column][\/et_pb_row][et_pb_row column_structure=\u00bb1_5,1_5,1_5,1_5,1_5&#8243; _builder_version=\u00bb4.27.4&#8243; _module_preset=\u00bbdefault\u00bb global_colors_info=\u00bb{}\u00bb][et_pb_column type=\u00bb1_5&#8243; _builder_version=\u00bb4.27.4&#8243; _module_preset=\u00bbdefault\u00bb global_colors_info=\u00bb{}\u00bb][et_pb_cta title=\u00bbMANUAL DEL RELOJ DE PJAMA\u00bb button_url=\u00bbhttps:\/\/pjama.eu\/wp-content\/uploads\/Watch-manual_-NO-2.pdf\u00bb url_new_window=\u00bbon\u00bb button_text=\u00bbDescargar  \u00bb _builder_version=\u00bb4.27.4&#8243; header_text_color=\u00bb#D35917&#8243; background_color=\u00bbgcid-5eef58f4-760a-49fb-ad33-042d93415a96&#8243; custom_margin=\u00bb||20px||false|false\u00bb custom_margin_tablet=\u00bb\u00bb custom_margin_phone=\u00bb||20px||false|false\u00bb custom_margin_last_edited=\u00bbon|phone\u00bb border_radii=\u00bbon|10px|10px|10px|10px\u00bb box_shadow_style=\u00bbpreset1&#8243; locked=\u00bboff\u00bb global_colors_info=\u00bb{%22gcid-5eef58f4-760a-49fb-ad33-042d93415a96%22:%91%22background_color%22%93}\u00bb]<\/p>\n<p><strong>Noruego (NO)<\/strong><\/p>\n<p>[\/et_pb_cta][\/et_pb_column][et_pb_column type=\u00bb1_5&#8243; _builder_version=\u00bb4.27.4&#8243; _module_preset=\u00bbdefault\u00bb global_colors_info=\u00bb{}\u00bb][et_pb_cta title=\u00bbMANUAL DEL RELOJ DE PJAMA\u00bb button_url=\u00bbhttps:\/\/pjama.eu\/wp-content\/uploads\/Watch-manual_FI-1.pdf\u00bb url_new_window=\u00bbon\u00bb button_text=\u00bbDescargar  \u00bb _builder_version=\u00bb4.27.4&#8243; header_text_color=\u00bb#D35917&#8243; background_color=\u00bbgcid-5eef58f4-760a-49fb-ad33-042d93415a96&#8243; custom_margin=\u00bb||20px||false|false\u00bb custom_margin_tablet=\u00bb\u00bb custom_margin_phone=\u00bb||20px||false|false\u00bb custom_margin_last_edited=\u00bbon|phone\u00bb border_radii=\u00bbon|10px|10px|10px|10px\u00bb box_shadow_style=\u00bbpreset1&#8243; locked=\u00bboff\u00bb global_colors_info=\u00bb{%22gcid-5eef58f4-760a-49fb-ad33-042d93415a96%22:%91%22background_color%22%93}\u00bb]<\/p>\n<p><strong>Finland\u00e9s (FI)<\/strong><\/p>\n<p>[\/et_pb_cta][\/et_pb_column][et_pb_column type=\u00bb1_5&#8243; _builder_version=\u00bb4.27.4&#8243; _module_preset=\u00bbdefault\u00bb global_colors_info=\u00bb{}\u00bb][et_pb_cta title=\u00bbMANUAL DEL RELOJ DE PJAMA\u00bb button_url=\u00bbhttps:\/\/pjama.eu\/wp-content\/uploads\/Watch-manual_FR-1.pdf\u00bb url_new_window=\u00bbon\u00bb button_text=\u00bbDescargar  \u00bb _builder_version=\u00bb4.27.4&#8243; header_text_color=\u00bb#D35917&#8243; background_color=\u00bbgcid-5eef58f4-760a-49fb-ad33-042d93415a96&#8243; custom_margin=\u00bb||20px||false|false\u00bb custom_margin_tablet=\u00bb\u00bb custom_margin_phone=\u00bb||20px||false|false\u00bb custom_margin_last_edited=\u00bbon|phone\u00bb border_radii=\u00bbon|10px|10px|10px|10px\u00bb box_shadow_style=\u00bbpreset1&#8243; locked=\u00bboff\u00bb global_colors_info=\u00bb{%22gcid-5eef58f4-760a-49fb-ad33-042d93415a96%22:%91%22background_color%22%93}\u00bb]<\/p>\n<p><strong>Franc\u00e9s (FR)<\/strong><\/p>\n<p>[\/et_pb_cta][\/et_pb_column][et_pb_column type=\u00bb1_5&#8243; _builder_version=\u00bb4.27.4&#8243; _module_preset=\u00bbdefault\u00bb global_colors_info=\u00bb{}\u00bb][et_pb_cta title=\u00bbMANUAL DEL RELOJ DE PJAMA\u00bb button_url=\u00bbhttps:\/\/pjama.eu\/wp-content\/uploads\/Watch-manual_-IT-2.pdf\u00bb url_new_window=\u00bbon\u00bb button_text=\u00bbDescargar  \u00bb _builder_version=\u00bb4.27.4&#8243; header_text_color=\u00bb#D35917&#8243; background_color=\u00bbgcid-5eef58f4-760a-49fb-ad33-042d93415a96&#8243; custom_margin=\u00bb||20px||false|false\u00bb custom_margin_tablet=\u00bb\u00bb custom_margin_phone=\u00bb||20px||false|false\u00bb custom_margin_last_edited=\u00bbon|phone\u00bb border_radii=\u00bbon|10px|10px|10px|10px\u00bb box_shadow_style=\u00bbpreset1&#8243; locked=\u00bboff\u00bb global_colors_info=\u00bb{%22gcid-5eef58f4-760a-49fb-ad33-042d93415a96%22:%91%22background_color%22%93}\u00bb]<\/p>\n<p><strong>Italiano (IT)<\/strong><\/p>\n<p>[\/et_pb_cta][\/et_pb_column][et_pb_column type=\u00bb1_5&#8243; _builder_version=\u00bb4.27.4&#8243; _module_preset=\u00bbdefault\u00bb global_colors_info=\u00bb{}\u00bb][\/et_pb_column][\/et_pb_row][\/et_pb_section]<\/p>\n","protected":false},"excerpt":{"rendered":"<p>Alarma pip\u00ed nocturno Pjama (REF:9031) es un Alarma pip\u00ed nocturno que se conecta a las Prendas de Tratamiento Pjama.Sueco (SE), dan\u00e9s (DK), ingl\u00e9s (UK) y m\u00e1sSueco (SE), dan\u00e9s (DK), ingl\u00e9s (UK)Sueco (SE), dan\u00e9s (DK), ingl\u00e9s (UK) Sueco (SE), dan\u00e9s (DK), ingl\u00e9s (UK) y m\u00e1sLos relojes vibradores Pjama (REF: 4050, 4051, 4052 y 4053) est\u00e1n disponibles [&hellip;]<\/p>\n","protected":false},"author":1,"featured_media":0,"parent":0,"menu_order":0,"comment_status":"closed","ping_status":"closed","template":"","meta":{"_et_pb_use_builder":"on","_et_pb_old_content":"","_et_gb_content_width":"","footnotes":""},"class_list":["post-23801","page","type-page","status-publish","hentry"],"_links":{"self":[{"href":"https:\/\/pjama.eu\/es\/wp-json\/wp\/v2\/pages\/23801","targetHints":{"allow":["GET"]}}],"collection":[{"href":"https:\/\/pjama.eu\/es\/wp-json\/wp\/v2\/pages"}],"about":[{"href":"https:\/\/pjama.eu\/es\/wp-json\/wp\/v2\/types\/page"}],"author":[{"embeddable":true,"href":"https:\/\/pjama.eu\/es\/wp-json\/wp\/v2\/users\/1"}],"replies":[{"embeddable":true,"href":"https:\/\/pjama.eu\/es\/wp-json\/wp\/v2\/comments?post=23801"}],"version-history":[{"count":4,"href":"https:\/\/pjama.eu\/es\/wp-json\/wp\/v2\/pages\/23801\/revisions"}],"predecessor-version":[{"id":26565,"href":"https:\/\/pjama.eu\/es\/wp-json\/wp\/v2\/pages\/23801\/revisions\/26565"}],"wp:attachment":[{"href":"https:\/\/pjama.eu\/es\/wp-json\/wp\/v2\/media?parent=23801"}],"curies":[{"name":"wp","href":"https:\/\/api.w.org\/{rel}","templated":true}]}}