{"id":23812,"date":"2020-03-23T11:06:27","date_gmt":"2020-03-23T10:06:27","guid":{"rendered":"https:\/\/pjama.eu\/que-es-la-enuresis\/"},"modified":"2026-05-10T10:37:06","modified_gmt":"2026-05-10T08:37:06","slug":"que-es-la-enuresis","status":"publish","type":"page","link":"https:\/\/pjama.eu\/es\/que-es-la-enuresis\/","title":{"rendered":"Qu\u00e9 es la enuresis"},"content":{"rendered":"<p>[et_pb_section fb_built=\u00bb1&#8243; custom_padding_last_edited=\u00bbon|phone\u00bb _builder_version=\u00bb4.27.4&#8243; background_color=\u00bbgcid-5eef58f4-760a-49fb-ad33-042d93415a96&#8243; background_enable_image=\u00bboff\u00bb background_size=\u00bbcontain\u00bb background_position=\u00bbtop_left\u00bb custom_padding=\u00bb8%||8%||true|false\u00bb custom_padding_tablet=\u00bb7%||10%||false|false\u00bb custom_padding_phone=\u00bb10%||13%||false|false\u00bb bottom_divider_style=\u00bbasymmetric\u00bb bottom_divider_color=\u00bb#ffffff\u00bb bottom_divider_height=\u00bb76px\u00bb bottom_divider_height_tablet=\u00bb52px\u00bb bottom_divider_height_phone=\u00bb33px\u00bb bottom_divider_height_last_edited=\u00bbon|phone\u00bb background_last_edited=\u00bbon|phone\u00bb da_disable_devices=\u00bboff|off|off\u00bb collapsed=\u00bboff\u00bb global_colors_info=\u00bb{%22gcid-5eef58f4-760a-49fb-ad33-042d93415a96%22:%91%22background_color%22%93}\u00bb da_is_popup=\u00bboff\u00bb da_exit_intent=\u00bboff\u00bb da_has_close=\u00bbon\u00bb da_alt_close=\u00bboff\u00bb da_dark_close=\u00bboff\u00bb da_not_modal=\u00bbon\u00bb da_is_singular=\u00bboff\u00bb da_with_loader=\u00bboff\u00bb da_has_shadow=\u00bbon\u00bb][et_pb_row custom_padding_last_edited=\u00bbon|phone\u00bb _builder_version=\u00bb4.27.4&#8243; custom_padding=\u00bb0px||0px|||\u00bb custom_padding_tablet=\u00bb0px||0px|||\u00bb custom_padding_phone=\u00bb20px||0px||false|false\u00bb collapsed=\u00bboff\u00bb global_colors_info=\u00bb{}\u00bb][et_pb_column type=\u00bb4_4&#8243; _builder_version=\u00bb4.16&#8243; global_colors_info=\u00bb{}\u00bb][et_pb_heading title=\u00bbEntender la enuresis\u00bb _builder_version=\u00bb4.27.4&#8243; _module_preset=\u00bbdefault\u00bb title_text_color=\u00bb#D35917&#8243; title_font_size=\u00bb40px\u00bb title_font_size_tablet=\u00bb40px\u00bb title_font_size_phone=\u00bb25px\u00bb title_font_size_last_edited=\u00bbon|phone\u00bb global_colors_info=\u00bb{}\u00bb][\/et_pb_heading][et_pb_heading title=\u00bb\u00bfQu\u00e9 es la enuresis?\u00bb _builder_version=\u00bb4.27.4&#8243; _module_preset=\u00bbdefault\u00bb title_text_color=\u00bb#F8F8F8&#8243; title_font_size=\u00bb75px\u00bb title_font_size_tablet=\u00bb75px\u00bb title_font_size_phone=\u00bb40px\u00bb title_font_size_last_edited=\u00bbon|phone\u00bb global_colors_info=\u00bb{}\u00bb][\/et_pb_heading][\/et_pb_column][\/et_pb_row][\/et_pb_section][et_pb_section fb_built=\u00bb1&#8243; custom_padding_last_edited=\u00bbon|phone\u00bb _builder_version=\u00bb4.16&#8243; custom_padding=\u00bb20px||||false|false\u00bb custom_padding_tablet=\u00bb0px||||false|false\u00bb custom_padding_phone=\u00bb0px||||false|false\u00bb da_disable_devices=\u00bboff|off|off\u00bb collapsed=\u00bboff\u00bb global_colors_info=\u00bb{}\u00bb da_is_popup=\u00bboff\u00bb da_exit_intent=\u00bboff\u00bb da_has_close=\u00bbon\u00bb da_alt_close=\u00bboff\u00bb da_dark_close=\u00bboff\u00bb da_not_modal=\u00bbon\u00bb da_is_singular=\u00bboff\u00bb da_with_loader=\u00bboff\u00bb da_has_shadow=\u00bbon\u00bb][et_pb_row column_structure=\u00bb2_3,1_3&#8243; _builder_version=\u00bb4.16&#8243; global_colors_info=\u00bb{}\u00bb][et_pb_column type=\u00bb2_3&#8243; _builder_version=\u00bb4.16&#8243; custom_padding=\u00bb|||\u00bb global_colors_info=\u00bb{}\u00bb custom_padding__hover=\u00bb|||\u00bb][et_pb_text _builder_version=\u00bb4.27.6&#8243; header_2_text_color=\u00bb#D35917&#8243; header_3_text_color=\u00bbgcid-5eef58f4-760a-49fb-ad33-042d93415a96&#8243; hover_enabled=\u00bb0&#8243; global_colors_info=\u00bb{%22gcid-5eef58f4-760a-49fb-ad33-042d93415a96%22:%91%22header_3_text_color%22%93}\u00bb text_font=\u00bb&#8211;et_global_body_font|&#8211;et_global_heading_font_weight|||||||\u00bb sticky_enabled=\u00bb0&#8243;]<\/p>\n<h2>\u00bfQu\u00e9 es la enuresis?<\/h2>\n<p>La enuresis es la micci\u00f3n involuntaria durante el sue\u00f1o. Es mucho m\u00e1s frecuente de lo que la mayor\u00eda de la gente cree y puede afectar tanto a ni\u00f1os como a adultos.<br data-start=\"746\" data-end=\"749\">Veamos con m\u00e1s detalle por qu\u00e9 ocurre, c\u00f3mo puede controlarse y qu\u00e9 puedes hacer para ayudar a tu hijo o a ti mismo. <\/p>\n<h3>CAUSAS Y FACTORES<\/h3>\n<p>La situaci\u00f3n de cada persona es \u00fanica. Pero las investigaciones demuestran que la enuresis suele ser el resultado de una combinaci\u00f3n de factores gen\u00e9ticos, biol\u00f3gicos y ambientales.<br data-start=\"1081\" data-end=\"1084\">A continuaci\u00f3n encontrar\u00e1s las causas m\u00e1s frecuentes y c\u00f3mo act\u00faan conjuntamente. <\/p>\n<h3>HISTORIA FAMILIAR<\/h3>\n<p>S\u00ed, la enuresis puede ser gen\u00e9tica.<\/p>\n<ul>\n<li>Alrededor del 50% de los ni\u00f1os que mojan la cama tienen al menos un progenitor que hizo lo mismo.<\/li>\n<li>Si ambos progenitores sufrieron enuresis infantil, la probabilidad de que sus hijos la padezcan aumenta hasta el 75%.<\/li>\n<li>Un ni\u00f1o sin antecedentes familiares s\u00f3lo tiene un 15% de probabilidades de estar afectado.<br data-start=\"1513\" data-end=\"1516\">La enuresis tambi\u00e9n es m\u00e1s frecuente en ni\u00f1os que en ni\u00f1as.<br data-start=\"1570\" data-end=\"1573\"><em data-start=\"1574\" data-end=\"1605\">(Fuente: <a class=\"decorated-link\" href=\"http:\/\/www.urologyhealth.org\" target=\"_new\" rel=\"noopener\" data-start=\"1583\" data-end=\"1604\">www.urologyhealth.org)<\/a><\/em><\/li>\n<\/ul>\n<h3><b>DESARROLLO LENTO DEL CONTROL CEREBRAL DE LA VEJIGA<\/b><\/h3>\n<p>Seguro que alguna vez has o\u00eddo a alguien decir <em data-start=\"1699\" data-end=\"1729\">: \u00abMi hijo duerme muy profundamente<\/em>\u00ab.<br data-start=\"1729\" data-end=\"1732\">En algunos casos, es cierto, y tiene importancia. El sue\u00f1o profundo puede retrasar la comunicaci\u00f3n entre la vejiga y el cerebro. En lugar de despertarse para orinar, los m\u00fasculos del suelo p\u00e9lvico se relajan y la vejiga se vac\u00eda mientras el ni\u00f1o sigue durmiendo.  <\/p>\n<p data-start=\"1983\" data-end=\"2172\">Esta conexi\u00f3n cerebro-vejiga madura con el tiempo, pero puede apoyarse y reforzarse con un tratamiento constante, como el uso de Pjama DryGuardians Ropa de Noche y Sistema de Alarma.<\/p>\n<h3><b>CAPACIDAD REDUCIDA DE LA VEJIGA<\/b><\/h3>\n<p>Algunos ni\u00f1os simplemente tienen una vejiga que retiene menos orina que la media. Cuando la vejiga se llena m\u00e1s deprisa durante la noche, pueden producirse accidentes. Esto es frecuente y suele mejorar a medida que el ni\u00f1o crece.  <\/p>\n<h3><b>PRODUCCI\u00d3N EXCESIVA DE ORINA DURANTE EL SUE\u00d1O<\/b><\/h3>\n<p>En algunos ni\u00f1os, los ri\u00f1ones producen demasiada orina por la noche.<br data-start=\"2532\" data-end=\"2535\">Normalmente, el cerebro libera una hormona llamada vasopresina (ADH) para frenar la producci\u00f3n de orina mientras dormimos.<br data-start=\"2643\" data-end=\"2646\">Si el cerebro no libera suficiente cantidad de esta hormona, o si los ri\u00f1ones no responden adecuadamente, el ni\u00f1o se despierta con necesidad de orinar o se orina en la cama mientras duerme.<\/p>\n<p data-start=\"2819\" data-end=\"2931\">Las bebidas con cafe\u00edna o carbonatadas tambi\u00e9n pueden estimular los ri\u00f1ones, aumentando la producci\u00f3n de orina durante la noche.<\/p>\n<h3>TRASTORNOS DEL SUE\u00d1O<\/h3>\n<p>Los trastornos del sue\u00f1o, como la apnea obstructiva del sue\u00f1o o el sonambulismo, pueden hacer que el coraz\u00f3n libere p\u00e9ptido natriur\u00e9tico auricular (PNA), una hormona que indica a los ri\u00f1ones que produzcan m\u00e1s orina durante la noche.<\/p>\n<h3>CONSTIPACI\u00d3N<\/h3>\n<p>El estre\u00f1imiento puede ejercer una presi\u00f3n adicional sobre la vejiga, reduciendo su capacidad y control.<br data-start=\"3293\" data-end=\"3296\">Aliviar el estre\u00f1imiento suele ayudar a mejorar los s\u00edntomas de la enuresis.<\/p>\n<p>[\/et_pb_text][\/et_pb_column][et_pb_column type=\u00bb1_3&#8243; _builder_version=\u00bb4.16&#8243; custom_padding=\u00bb|||\u00bb global_colors_info=\u00bb{}\u00bb custom_padding__hover=\u00bb|||\u00bb][et_pb_image src=\u00bbhttps:\/\/pjama.eu\/wp-content\/uploads\/pjama-experts-estimate.svg\u00bb _builder_version=\u00bb4.16&#8243; global_colors_info=\u00bb{}\u00bb][\/et_pb_image][\/et_pb_column][\/et_pb_row][et_pb_row column_structure=\u00bb1_3,2_3&#8243; _builder_version=\u00bb4.16&#8243; global_colors_info=\u00bb{}\u00bb][et_pb_column type=\u00bb1_3&#8243; _builder_version=\u00bb4.16&#8243; global_colors_info=\u00bb{}\u00bb][\/et_pb_column][et_pb_column type=\u00bb2_3&#8243; _builder_version=\u00bb4.16&#8243; global_colors_info=\u00bb{}\u00bb][et_pb_text module_class=\u00bbcustom_bullets_wpcc custom_bullets_wpcc&#8211;point\u00bb _builder_version=\u00bb4.27.6&#8243; header_2_text_color=\u00bbgcid-5eef58f4-760a-49fb-ad33-042d93415a96&#8243; hover_enabled=\u00bb0&#8243; ul_font_size_tablet=\u00bb\u00bb ul_font_size_phone=\u00bb17px\u00bb ul_font_size_last_edited=\u00bbon|phone\u00bb global_colors_info=\u00bb{%22gcid-5eef58f4-760a-49fb-ad33-042d93415a96%22:%91%22header_2_text_color%22%93}\u00bb text_font=\u00bb&#8211;et_global_body_font|&#8211;et_global_heading_font_weight|||||||\u00bb sticky_enabled=\u00bb0&#8243;]<\/p>\n<h2>VIVIR CON ENURESIS<\/h2>\n<p>La enuresis puede afectar emocionalmente tanto a los ni\u00f1os como a las familias, pero puede controlarse con \u00e9xito. Aqu\u00ed tienes algunos consejos y recordatorios que marcan la diferencia: <\/p>\n<ul>\n<li>La enuresis no es culpa de tu hijo: nunca lo castigues ni te burles de \u00e9l.<\/li>\n<li>Deje que su hijo coma y beba con normalidad. Las investigaciones suecas demuestran que estos h\u00e1bitos tienen un impacto m\u00ednimo en el tratamiento. <\/li>\n<li>Utiliza Pjama DryGuardians Ropa de Noche, tanto en casa como fuera.<\/li>\n<li>Siga el progreso con la <span style=\"font-weight: 400;\"> <a href=\"https:\/\/pjama.eu\/es\/app-para-dejar-de-mojar-la-cama\/\">aplicaci\u00f3n DryGuardians<\/a> <\/span>utilizando el calendario integrado para registrar las noches secas y h\u00famedas. Esto tambi\u00e9n puede ayudarle a consultar a su m\u00e9dico. <\/li>\n<li>Habla abiertamente: la enuresis es frecuente y compartir experiencias ayuda a reducir la verg\u00fcenza.<\/li>\n<li>Nunca lo llames vergonzoso. Los ni\u00f1os ya oyen bastante de eso en otros sitios. <\/li>\n<li>No te rindas. El tratamiento lleva su tiempo, pero los progresos llegar\u00e1n, y t\u00fa lo est\u00e1s haciendo muy bien. <\/li>\n<\/ul>\n<p>[\/et_pb_text][\/et_pb_column][\/et_pb_row][\/et_pb_section][et_pb_section fb_built=\u00bb1&#8243; custom_padding_last_edited=\u00bbon|phone\u00bb _builder_version=\u00bb4.27.4&#8243; background_enable_color=\u00bboff\u00bb custom_padding=\u00bb20px||||false|false\u00bb custom_padding_tablet=\u00bb0px||||false|false\u00bb custom_padding_phone=\u00bb0px||||false|false\u00bb da_disable_devices=\u00bboff|off|off\u00bb collapsed=\u00bbon\u00bb global_colors_info=\u00bb{}\u00bb da_is_popup=\u00bboff\u00bb da_exit_intent=\u00bboff\u00bb da_has_close=\u00bbon\u00bb da_alt_close=\u00bboff\u00bb da_dark_close=\u00bboff\u00bb da_not_modal=\u00bbon\u00bb da_is_singular=\u00bboff\u00bb da_with_loader=\u00bboff\u00bb da_has_shadow=\u00bbon\u00bb][et_pb_row column_structure=\u00bb2_3,1_3&#8243; _builder_version=\u00bb4.16&#8243; global_colors_info=\u00bb{}\u00bb][et_pb_column type=\u00bb2_3&#8243; _builder_version=\u00bb4.16&#8243; custom_padding=\u00bb|||\u00bb global_colors_info=\u00bb{}\u00bb custom_padding__hover=\u00bb|||\u00bb][et_pb_text _builder_version=\u00bb4.27.6&#8243; header_2_text_color=\u00bb#D35917&#8243; header_3_text_color=\u00bbgcid-5eef58f4-760a-49fb-ad33-042d93415a96&#8243; hover_enabled=\u00bb0&#8243; global_colors_info=\u00bb{%22gcid-5eef58f4-760a-49fb-ad33-042d93415a96%22:%91%22header_3_text_color%22%93}\u00bb text_font=\u00bb&#8211;et_global_body_font|&#8211;et_global_heading_font_weight|||||||\u00bb sticky_enabled=\u00bb0&#8243;]<\/p>\n<h2>ENURESIS EN ADULTOS: \u00bfCU\u00c1LES SON SUS CAUSAS?<\/h2>\n<p data-start=\"4266\" data-end=\"4442\">Aunque la enuresis suele asociarse a los ni\u00f1os, tambi\u00e9n afecta a unos 5 millones de adultos s\u00f3lo en Estados Unidos<em data-start=\"4393\" data-end=\"4438\">(Fuente: <a href=\"https:\/\/www.nafc.org\/adult-bedwetting\" target=\"_blank\" rel=\"noopener noreferrer\">* National Association for Continence<\/a><\/em>).<\/p>\n<p data-start=\"4444\" data-end=\"4535\">Existen muchas causas posibles, desde desencadenantes temporales hasta afecciones m\u00e9dicas subyacentes.<\/p>\n<h3>GEN\u00c9TICA<\/h3>\n<p>Al igual que en los ni\u00f1os, la enuresis del adulto puede ser hereditaria.<\/p>\n<h3><b>infecciones del tracto urinario (itu)<\/b><\/h3>\n<p>Una infecci\u00f3n de vejiga puede aumentar las ganas de orinar, lo que a veces provoca accidentes durante el sue\u00f1o.<br data-start=\"4804\" data-end=\"4807\">La mayor\u00eda de las ITU son leves y se resuelven r\u00e1pidamente con antibi\u00f3ticos.<\/p>\n<h3><b>EFECTOS SECUNDARIOS DE LA MEDICACI\u00d3N<\/b><\/h3>\n<p>Algunos medicamentos para el coraz\u00f3n, la salud mental o la tensi\u00f3n arterial pueden afectar al control de la vejiga.<\/p>\n<h3>ESTR\u00c9S Y ANSIEDAD<\/h3>\n<p>El estr\u00e9s mental puede desencadenar o empeorar la enuresis. En muchos casos, los s\u00edntomas desaparecen cuando disminuyen los niveles de estr\u00e9s. <\/p>\n<h3>BEBIDAS Y ESTIMULANTES<\/h3>\n<p>Las bebidas con cafe\u00edna o carbonatadas pueden irritar la vejiga y aumentar la producci\u00f3n de orina.<\/p>\n<h3><b>OTRAS CONDICIONES M\u00c9DICAS<\/b><\/h3>\n<p>Algunos adultos tienen una vejiga m\u00e1s peque\u00f1a, una vejiga hiperactiva o diferencias estructurales que reducen la capacidad de almacenamiento nocturno.<\/p>\n<p data-start=\"5446\" data-end=\"5672\">Si padece enuresis del adulto, consulte a su m\u00e9dico para descartar causas subyacentes.<br data-start=\"5536\" data-end=\"5539\">Aunque la enuresis rara vez supone riesgos para la salud f\u00edsica, puede afectar mucho a la calidad de vida y la autoestima.<\/p>\n<p>&nbsp;<\/p>\n<p>[\/et_pb_text][\/et_pb_column][et_pb_column type=\u00bb1_3&#8243; _builder_version=\u00bb4.16&#8243; custom_padding=\u00bb|||\u00bb global_colors_info=\u00bb{}\u00bb custom_padding__hover=\u00bb|||\u00bb][et_pb_image src=\u00bbhttps:\/\/pjama.eu\/wp-content\/uploads\/pjama-figure-panic.svg\u00bb alt=\u00bbPjama enuresis\u00bb title_text=\u00bbpjama-figura-p\u00e1nico\u00bb align=\u00bbcenter\u00bb _builder_version=\u00bb4.27.4&#8243; width_tablet=\u00bb\u00bb width_phone=\u00bb40%\u00bb width_last_edited=\u00bbon|phone\u00bb global_colors_info=\u00bb{}\u00bb][\/et_pb_image][\/et_pb_column][\/et_pb_row][et_pb_row column_structure=\u00bb1_3,2_3&#8243; custom_padding_last_edited=\u00bbon|phone\u00bb _builder_version=\u00bb4.27.4&#8243; custom_margin_tablet=\u00bb\u00bb custom_margin_phone=\u00bb0px||||false|false\u00bb custom_margin_last_edited=\u00bbon|phone\u00bb custom_padding_tablet=\u00bb\u00bb custom_padding_phone=\u00bb1px||||false|false\u00bb global_colors_info=\u00bb{}\u00bb][et_pb_column type=\u00bb1_3&#8243; _builder_version=\u00bb4.16&#8243; global_colors_info=\u00bb{}\u00bb][\/et_pb_column][et_pb_column type=\u00bb2_3&#8243; _builder_version=\u00bb4.16&#8243; global_colors_info=\u00bb{}\u00bb][et_pb_text module_class=\u00bbcustom_bullets_wpcc custom_bullets_wpcc&#8211;point\u00bb _builder_version=\u00bb4.27.6&#8243; header_2_text_color=\u00bb#D35917&#8243; header_3_text_color=\u00bbgcid-5eef58f4-760a-49fb-ad33-042d93415a96&#8243; hover_enabled=\u00bb0&#8243; ul_font_size_tablet=\u00bb\u00bb ul_font_size_phone=\u00bb17px\u00bb ul_font_size_last_edited=\u00bbon|phone\u00bb global_colors_info=\u00bb{%22gcid-5eef58f4-760a-49fb-ad33-042d93415a96%22:%91%22header_3_text_color%22%93}\u00bb text_font=\u00bb&#8211;et_global_body_font|&#8211;et_global_heading_font_weight|||||||\u00bb sticky_enabled=\u00bb0&#8243;]<\/p>\n<h2><b>GESTI\u00d3N Y TRATAMIENTO DE LA ENURESIS EN ADULTOS<\/b><\/h2>\n<p>Vivir con la enuresis del adulto puede ser un reto emocional, pero hay ayuda disponible.<br data-start=\"5810\" data-end=\"5813\">Aqu\u00ed est\u00e1n las estrategias de tratamiento m\u00e1s comunes:<\/p>\n<p>&nbsp;<\/p>\n<h3 data-start=\"5861\" data-end=\"5879\"><strong data-start=\"5865\" data-end=\"5879\">Medicaci\u00f3n<\/strong><\/h3>\n<p data-start=\"5880\" data-end=\"6015\">Algunos medicamentos pueden ayudar a reducir los s\u00edntomas o a controlar la producci\u00f3n de orina por la noche.<br data-start=\"5957\" data-end=\"5960\">Sin embargo, no son curas, sino que ayudan a controlar la enfermedad.<\/p>\n<h3 data-start=\"6017\" data-end=\"6042\"><strong data-start=\"6021\" data-end=\"6042\">Alarma pip\u00ed nocturno<\/strong><\/h3>\n<p data-start=\"6043\" data-end=\"6229\">Las alarmas de enuresis pueden ayudar a reeducar al cuerpo para que se despierte antes de que se produzca un accidente.<br data-start=\"6124\" data-end=\"6127\">El Pjama DryGuardians Sensor de Alarma Independiente es una opci\u00f3n discreta y eficaz para los adultos.<\/p>\n<h3 data-start=\"6231\" data-end=\"6246\"><strong data-start=\"6235\" data-end=\"6246\">Terapia<\/strong><\/h3>\n<p data-start=\"6247\" data-end=\"6351\">Si el estr\u00e9s o la ansiedad contribuyen a su enuresis, la terapia puede ayudarle a abordar las causas subyacentes.<\/p>\n<h3 data-start=\"6353\" data-end=\"6378\"><strong data-start=\"6357\" data-end=\"6378\">Rutina de hidrataci\u00f3n<\/strong><\/h3>\n<p data-start=\"6379\" data-end=\"6578\">Beba de 6 a 8 vasos de l\u00edquido al d\u00eda, preferiblemente a primera hora del d\u00eda.<br data-start=\"6444\" data-end=\"6447\">Reduzca la ingesta de l\u00edquidos por la noche y elija bebidas sin cafe\u00edna ni gas para disminuir el riesgo de accidentes nocturnos.<\/p>\n<p>[\/et_pb_text][\/et_pb_column][\/et_pb_row][\/et_pb_section]<\/p>\n","protected":false},"excerpt":{"rendered":"<p>\u00bfQu\u00e9 es la enuresis? La enuresis es la micci\u00f3n involuntaria durante el sue\u00f1o. Es mucho m\u00e1s frecuente de lo que la mayor\u00eda de la gente cree y puede afectar tanto a ni\u00f1os como a adultos.Veamos con m\u00e1s detalle por qu\u00e9 ocurre, c\u00f3mo puede controlarse y qu\u00e9 puedes hacer para ayudar a tu hijo o a [&hellip;]<\/p>\n","protected":false},"author":1,"featured_media":0,"parent":0,"menu_order":0,"comment_status":"closed","ping_status":"closed","template":"","meta":{"_et_pb_use_builder":"on","_et_pb_old_content":"","_et_gb_content_width":"","footnotes":""},"class_list":["post-23812","page","type-page","status-publish","hentry"],"_links":{"self":[{"href":"https:\/\/pjama.eu\/es\/wp-json\/wp\/v2\/pages\/23812","targetHints":{"allow":["GET"]}}],"collection":[{"href":"https:\/\/pjama.eu\/es\/wp-json\/wp\/v2\/pages"}],"about":[{"href":"https:\/\/pjama.eu\/es\/wp-json\/wp\/v2\/types\/page"}],"author":[{"embeddable":true,"href":"https:\/\/pjama.eu\/es\/wp-json\/wp\/v2\/users\/1"}],"replies":[{"embeddable":true,"href":"https:\/\/pjama.eu\/es\/wp-json\/wp\/v2\/comments?post=23812"}],"version-history":[{"count":18,"href":"https:\/\/pjama.eu\/es\/wp-json\/wp\/v2\/pages\/23812\/revisions"}],"predecessor-version":[{"id":37198,"href":"https:\/\/pjama.eu\/es\/wp-json\/wp\/v2\/pages\/23812\/revisions\/37198"}],"wp:attachment":[{"href":"https:\/\/pjama.eu\/es\/wp-json\/wp\/v2\/media?parent=23812"}],"curies":[{"name":"wp","href":"https:\/\/api.w.org\/{rel}","templated":true}]}}