{"id":23832,"date":"2020-03-26T14:58:36","date_gmt":"2020-03-26T13:58:36","guid":{"rendered":"https:\/\/pjama.eu\/retirada-y-devolucion\/"},"modified":"2026-03-30T13:21:34","modified_gmt":"2026-03-30T11:21:34","slug":"retirada-y-devolucion","status":"publish","type":"page","link":"https:\/\/pjama.eu\/es\/retirada-y-devolucion\/","title":{"rendered":"Retirada y devoluci\u00f3n"},"content":{"rendered":"<p>[et_pb_section fb_built=\u00bb1&#8243; custom_padding_last_edited=\u00bbon|phone\u00bb _builder_version=\u00bb4.27.4&#8243; background_color=\u00bbgcid-5eef58f4-760a-49fb-ad33-042d93415a96&#8243; background_enable_image=\u00bboff\u00bb background_position=\u00bbtop_right\u00bb custom_padding=\u00bb100px||49px||false|false\u00bb custom_padding_tablet=\u00bb90px||0px||false|false\u00bb custom_padding_phone=\u00bb40px||0px||false|false\u00bb top_divider_color=\u00bb#61a2df\u00bb top_divider_height=\u00bb500px\u00bb bottom_divider_style=\u00bbasymmetric\u00bb bottom_divider_color=\u00bb#ffffff\u00bb da_disable_devices=\u00bboff|off|off\u00bb collapsed=\u00bbon\u00bb global_colors_info=\u00bb{%22gcid-5eef58f4-760a-49fb-ad33-042d93415a96%22:%91%22background_color%22%93}\u00bb da_is_popup=\u00bboff\u00bb da_exit_intent=\u00bboff\u00bb da_has_close=\u00bbon\u00bb da_alt_close=\u00bboff\u00bb da_dark_close=\u00bboff\u00bb da_not_modal=\u00bbon\u00bb da_is_singular=\u00bboff\u00bb da_with_loader=\u00bboff\u00bb da_has_shadow=\u00bbon\u00bb][et_pb_row _builder_version=\u00bb4.16&#8243; custom_margin=\u00bb|auto|60px|auto||\u00bb global_colors_info=\u00bb{}\u00bb][et_pb_column type=\u00bb4_4&#8243; _builder_version=\u00bb4.16&#8243; global_colors_info=\u00bb{}\u00bb][et_pb_heading title=\u00bbPJAMA\u00bb _builder_version=\u00bb4.27.4&#8243; _module_preset=\u00bbdefault\u00bb title_text_color=\u00bb#D35917&#8243; title_font_size=\u00bb40px\u00bb title_font_size_tablet=\u00bb40px\u00bb title_font_size_phone=\u00bb25px\u00bb title_font_size_last_edited=\u00bbon|phone\u00bb global_colors_info=\u00bb{}\u00bb][\/et_pb_heading][et_pb_text _builder_version=\u00bb4.27.4&#8243; header_text_align=\u00bbleft\u00bb header_font_size=\u00bb75px\u00bb text_orientation=\u00bbright\u00bb background_layout=\u00bbdark\u00bb custom_padding_tablet=\u00bb\u00bb custom_padding_phone=\u00bb0px||54px||false|false\u00bb custom_padding_last_edited=\u00bbon|phone\u00bb header_font_size_tablet=\u00bb75px\u00bb header_font_size_phone=\u00bb40px\u00bb header_font_size_last_edited=\u00bbon|phone\u00bb global_colors_info=\u00bb{}\u00bb]<\/p>\n<h1 class=\"hero\">garant\u00eda y devoluci\u00f3n<\/h1>\n<p>[\/et_pb_text][\/et_pb_column][\/et_pb_row][\/et_pb_section][et_pb_section fb_built=\u00bb1&#8243; _builder_version=\u00bb4.16&#8243; background_color=\u00bbrgba(255,255,255,0)\u00bb custom_margin_tablet=\u00bb-60px||||false|false\u00bb custom_margin_phone=\u00bb\u00bb custom_margin_last_edited=\u00bbon|phone\u00bb custom_padding=\u00bb0px||0px|||\u00bb da_disable_devices=\u00bboff|off|off\u00bb collapsed=\u00bbon\u00bb global_colors_info=\u00bb{}\u00bb da_is_popup=\u00bboff\u00bb da_exit_intent=\u00bboff\u00bb da_has_close=\u00bbon\u00bb da_alt_close=\u00bboff\u00bb da_dark_close=\u00bboff\u00bb da_not_modal=\u00bbon\u00bb da_is_singular=\u00bboff\u00bb da_with_loader=\u00bboff\u00bb da_has_shadow=\u00bbon\u00bb][et_pb_row custom_padding_last_edited=\u00bbon|desktop\u00bb _builder_version=\u00bb4.16&#8243; background_size=\u00bbinitial\u00bb background_position=\u00bbtop_left\u00bb background_repeat=\u00bbrepeat\u00bb width=\u00bb65%\u00bb width_tablet=\u00bb80%\u00bb width_phone=\u00bb90%\u00bb width_last_edited=\u00bbon|desktop\u00bb custom_padding=\u00bb||60px|||\u00bb custom_padding_tablet=\u00bb||0px||false|false\u00bb custom_padding_phone=\u00bb\u00bb global_colors_info=\u00bb{}\u00bb][et_pb_column type=\u00bb4_4&#8243; _builder_version=\u00bb4.16&#8243; custom_padding=\u00bb|||\u00bb global_colors_info=\u00bb{}\u00bb custom_padding__hover=\u00bb|||\u00bb][et_pb_text _builder_version=\u00bb4.27.6&#8243; header_2_text_color=\u00bbgcid-5eef58f4-760a-49fb-ad33-042d93415a96&#8243; hover_enabled=\u00bb0&#8243; global_colors_info=\u00bb{%22gcid-5eef58f4-760a-49fb-ad33-042d93415a96%22:%91%22header_2_text_color%22%93}\u00bb text_font=\u00bb&#8211;et_global_body_font|&#8211;et_global_heading_font_weight|||||||\u00bb sticky_enabled=\u00bb0&#8243;]<\/p>\n<h2>DERECHO DE ANULACI\u00d3N DE LA COMPRA Y DEVOLUCI\u00d3N DE LOS ART\u00cdCULOS<\/h2>\n<p>Tiene derecho a cancelar su compra si el art\u00edculo que nos ha adquirido no cumple sus expectativas. Ning\u00fan negocio estar\u00e1 completo hasta que haya recibido y aceptado su(s) art\u00edculo(s). Si est\u00e1 completamente satisfecho, le devolveremos su dinero. Si no queda satisfecho, dispone de 14 d\u00edas a partir de la fecha de recepci\u00f3n de su(s) art\u00edculo(s). Tiene derecho a abrir el embalaje para comprobar que el\/los art\u00edculo(s) est\u00e1(n) en perfecto estado.    <\/p>\n<p>El producto deber\u00e1, para pasar la devoluci\u00f3n, enviarse de nuevo en las mismas condiciones y deber\u00e1 devolverse en su embalaje original junto con todos los manuales y piezas relacionadas. La devoluci\u00f3n se realizar\u00e1 en el mismo embalaje de env\u00edo en el que vino o equivalente. Cuando haga uso de su derecho como se indica m\u00e1s arriba, recibir\u00e1, tras una devoluci\u00f3n satisfactoria, el reembolso (excluidos los gastos de env\u00edo pagados por la devoluci\u00f3n) por nuestra parte en un plazo de 30 d\u00edas a partir de la recepci\u00f3n de la mercanc\u00eda.  <\/p>\n<h2>DERECHO DE INTERCAMBIO<\/h2>\n<p>Como cliente, tiene derecho a cambiar su(s) art\u00edculo(s) por un producto equivalente en un plazo de 14 d\u00edas a partir de la recepci\u00f3n del(de los) art\u00edculo(s), aunque el derecho de cambio no se aplicar\u00e1 a los productos de rebajas y ofertas especiales. Para que se apruebe una devoluci\u00f3n, los art\u00edculos deben devolverse en su estado original y en su embalaje original, junto con todos los manuales y piezas relacionados. La devoluci\u00f3n debe hacerse con el mismo envoltorio que cuando se recibi\u00f3, o con un envoltorio equivalente. En caso de cambio del\/de los art\u00edculo(s) adquirido(s), los gastos de transporte de la devoluci\u00f3n correr\u00e1n por nuestra cuenta.   <\/p>\n<h2>QUEJAS<\/h2>\n<p>En caso de que el\/los art\u00edculo(s) est\u00e9(n) da\u00f1ado(s) en el momento de la recepci\u00f3n, o de que reciba(n) un producto incorrecto, o de que el\/los art\u00edculo(s) difiera(n) de cualquier otra forma de lo acordado entre usted y nosotros, tendr\u00e1(n) derecho a presentar una reclamaci\u00f3n. Las reclamaciones relativas a un art\u00edculo deben presentarse lo antes posible. Una reclamaci\u00f3n presentada en los 2 meses siguientes a la detecci\u00f3n de un defecto se considerar\u00e1 siempre presentada dentro del plazo permitido. Tan pronto como se haya recibido un art\u00edculo devuelto de conformidad con lo establecido anteriormente en el apartado \u00abDerecho de cancelaci\u00f3n de compra y devoluci\u00f3n de art\u00edculo(s)\u00bb, se le reembolsar\u00e1 el importe correspondiente en un plazo de 30 d\u00edas a partir de la fecha en que hayamos recibido su reclamaci\u00f3n.   <\/p>\n<p>Su derecho a presentar una reclamaci\u00f3n contra un art\u00edculo adquirido se rige por las normas aplicables de acuerdo con la legislaci\u00f3n del pa\u00eds desde el que ha realizado el pedido. No obstante, su derecho a presentar una reclamaci\u00f3n contra un art\u00edculo adquirido nunca exceder\u00e1 de 2 a\u00f1os. <\/p>\n<p><strong>Si necesita m\u00e1s instrucciones para presentar una queja, p\u00f3ngase en contacto con nuestro servicio de atenci\u00f3n al cliente por correo electr\u00f3nico en <a href=\"mailto:support@pjama.se\">support@pjama.se.<\/a><\/strong><\/p>\n<p>En caso de que el producto sea defectuoso, est\u00e9 defectuoso o haya recibido un art\u00edculo equivocado, los gastos de devoluci\u00f3n correr\u00e1n de nuestra cuenta.<\/p>\n<h2>RESPONSABILIDAD EN CASO DE DEVOLUCI\u00d3N DE MERCANC\u00cdAS<\/h2>\n<p>Al hacer uso del derecho de cancelaci\u00f3n de la compra o del derecho a presentar una reclamaci\u00f3n o de cambio, usted ser\u00e1 responsable de los art\u00edculos devueltos durante el env\u00edo de devoluci\u00f3n y, por tanto, deber\u00e1 indemnizarnos por los art\u00edculos devueltos en caso de que \u00e9stos resulten da\u00f1ados o se pierdan durante el env\u00edo de devoluci\u00f3n. Dado que usted es responsable de los art\u00edculos devueltos hasta que los recibamos, le recomendamos que anote el n\u00famero de seguimiento del paquete. <\/p>\n<p>[\/et_pb_text][et_pb_cta title=\u00bbinstrucciones\u00bb button_url=\u00bbhttps:\/\/pjama.eu\/wp-content\/uploads\/F31-01-Return-form-ES-2025-1-2.pdf\u00bb url_new_window=\u00bbon\u00bb button_text=\u00bbDescargar instrucciones\u00bb _builder_version=\u00bb4.27.6&#8243; header_text_color=\u00bb#D35917&#8243; background_color=\u00bbgcid-5eef58f4-760a-49fb-ad33-042d93415a96&#8243; custom_margin=\u00bb||20px||false|false\u00bb custom_margin_tablet=\u00bb\u00bb custom_margin_phone=\u00bb||20px||false|false\u00bb custom_margin_last_edited=\u00bbon|phone\u00bb hover_enabled=\u00bb0&#8243; border_radii=\u00bbon|10px|10px|10px|10px\u00bb box_shadow_style=\u00bbpreset1&#8243; global_colors_info=\u00bb{%22gcid-5eef58f4-760a-49fb-ad33-042d93415a96%22:%91%22background_color%22%93}\u00bb body_font=\u00bb&#8211;et_global_body_font|&#8211;et_global_heading_font_weight|||||||\u00bb body_text_shadow_style=\u00bbpreset1&#8243; header_text_shadow_style=\u00bbpreset1&#8243; sticky_enabled=\u00bb0&#8243; custom_button=\u00bbon\u00bb button_bg_color=\u00bb#61A2DF\u00bb button_bg_enable_color=\u00bbon\u00bb button_border_color=\u00bb#F8F8F8&#8243; button_border_radius=\u00bb10px\u00bb button_font=\u00bb&#8211;et_global_body_font|700|||||||\u00bb button_text_shadow_style=\u00bbpreset1&#8243; box_shadow_style_button=\u00bbpreset2&#8243;]<\/p>\n<p><strong>Para desistimiento, sustituci\u00f3n, devoluci\u00f3n o reclamaci\u00f3n, Descargue y lea las instrucciones.<\/strong><\/p>\n<p>[\/et_pb_cta][\/et_pb_column][\/et_pb_row][\/et_pb_section][et_pb_section fb_built=\u00bb1&#8243; _builder_version=\u00bb4.27.4&#8243; background_enable_color=\u00bboff\u00bb custom_margin_tablet=\u00bb-60px||||false|false\u00bb custom_margin_phone=\u00bb\u00bb custom_margin_last_edited=\u00bbon|phone\u00bb custom_padding=\u00bb20px||||false|false\u00bb da_disable_devices=\u00bboff|off|off\u00bb collapsed=\u00bbon\u00bb global_colors_info=\u00bb{}\u00bb da_is_popup=\u00bboff\u00bb da_exit_intent=\u00bboff\u00bb da_has_close=\u00bbon\u00bb da_alt_close=\u00bboff\u00bb da_dark_close=\u00bboff\u00bb da_not_modal=\u00bbon\u00bb da_is_singular=\u00bboff\u00bb da_with_loader=\u00bboff\u00bb da_has_shadow=\u00bbon\u00bb][et_pb_row custom_padding_last_edited=\u00bbon|desktop\u00bb _builder_version=\u00bb4.16&#8243; background_size=\u00bbinitial\u00bb background_position=\u00bbtop_left\u00bb background_repeat=\u00bbrepeat\u00bb width=\u00bb65%\u00bb width_tablet=\u00bb80%\u00bb width_phone=\u00bb90%\u00bb width_last_edited=\u00bbon|desktop\u00bb custom_padding=\u00bb||60px|||\u00bb custom_padding_tablet=\u00bb||0px||false|false\u00bb custom_padding_phone=\u00bb\u00bb global_colors_info=\u00bb{}\u00bb][et_pb_column type=\u00bb4_4&#8243; _builder_version=\u00bb4.16&#8243; custom_padding=\u00bb|||\u00bb global_colors_info=\u00bb{}\u00bb custom_padding__hover=\u00bb|||\u00bb][et_pb_text module_id=\u00bbdelivery\u00bb _builder_version=\u00bb4.27.6&#8243; header_2_text_color=\u00bbgcid-5eef58f4-760a-49fb-ad33-042d93415a96&#8243; hover_enabled=\u00bb0&#8243; global_colors_info=\u00bb{%22gcid-5eef58f4-760a-49fb-ad33-042d93415a96%22:%91%22header_2_text_color%22%93}\u00bb text_font=\u00bb&#8211;et_global_body_font|&#8211;et_global_heading_font_weight|||||||\u00bb sticky_enabled=\u00bb0&#8243;]<\/p>\n<h2>ENTREGA<\/h2>\n<p>La entrega se realizar\u00e1 normalmente en un plazo de 10 d\u00edas laborables. Si se produjera un retraso en la entrega, tendr\u00e1 derecho a cancelar la compra sin coste alguno si no acepta la nueva fecha de entrega propuesta. El reembolso de su pago se efectuar\u00e1 en un plazo de 30 d\u00edas a partir de la fecha en que recibamos su notificaci\u00f3n de cancelaci\u00f3n de la compra.  <\/p>\n<p>Se le informar\u00e1 por SMS o carta cuando los art\u00edculos est\u00e9n listos para su recogida. Los paquetes no recogidos se facturar\u00e1n para cubrir los gastos administrativos y de transporte (ida y vuelta). La factura correspondiente se enviar\u00e1 en un plazo de 30 d\u00edas a partir del registro del paquete no recogido.  <\/p>\n<h2>ENV\u00cdO<\/h2>\n<p>Somos responsables de los art\u00edculos da\u00f1ados o perdidos durante el env\u00edo. Las reclamaciones relativas a art\u00edculos da\u00f1ados durante el env\u00edo deben realizarse de acuerdo con lo establecido en el apartado \u00abReclamaciones\u00bb anterior. <\/p>\n<h2>AVISO LEGAL<\/h2>\n<p>No asumimos responsabilidad alguna por errores de impresi\u00f3n o mecanograf\u00eda en relaci\u00f3n con los precios y dem\u00e1s informaci\u00f3n facilitada por nosotros.<\/p>\n<p>[\/et_pb_text][\/et_pb_column][\/et_pb_row][\/et_pb_section]<\/p>\n","protected":false},"excerpt":{"rendered":"<p>garant\u00eda y devoluci\u00f3nDERECHO DE ANULACI\u00d3N DE LA COMPRA Y DEVOLUCI\u00d3N DE LOS ART\u00cdCULOS Tiene derecho a cancelar su compra si el art\u00edculo que nos ha adquirido no cumple sus expectativas. Ning\u00fan negocio estar\u00e1 completo hasta que haya recibido y aceptado su(s) art\u00edculo(s). Si est\u00e1 completamente satisfecho, le devolveremos su dinero. Si no queda satisfecho, dispone [&hellip;]<\/p>\n","protected":false},"author":1,"featured_media":0,"parent":0,"menu_order":0,"comment_status":"closed","ping_status":"closed","template":"","meta":{"_et_pb_use_builder":"on","_et_pb_old_content":"","_et_gb_content_width":"","footnotes":""},"class_list":["post-23832","page","type-page","status-publish","hentry"],"_links":{"self":[{"href":"https:\/\/pjama.eu\/es\/wp-json\/wp\/v2\/pages\/23832","targetHints":{"allow":["GET"]}}],"collection":[{"href":"https:\/\/pjama.eu\/es\/wp-json\/wp\/v2\/pages"}],"about":[{"href":"https:\/\/pjama.eu\/es\/wp-json\/wp\/v2\/types\/page"}],"author":[{"embeddable":true,"href":"https:\/\/pjama.eu\/es\/wp-json\/wp\/v2\/users\/1"}],"replies":[{"embeddable":true,"href":"https:\/\/pjama.eu\/es\/wp-json\/wp\/v2\/comments?post=23832"}],"version-history":[{"count":17,"href":"https:\/\/pjama.eu\/es\/wp-json\/wp\/v2\/pages\/23832\/revisions"}],"predecessor-version":[{"id":35533,"href":"https:\/\/pjama.eu\/es\/wp-json\/wp\/v2\/pages\/23832\/revisions\/35533"}],"wp:attachment":[{"href":"https:\/\/pjama.eu\/es\/wp-json\/wp\/v2\/media?parent=23832"}],"curies":[{"name":"wp","href":"https:\/\/api.w.org\/{rel}","templated":true}]}}