{"id":23838,"date":"2020-03-17T10:42:30","date_gmt":"2020-03-17T09:42:30","guid":{"rendered":"https:\/\/pjama.eu\/como-lavar-y-secar-tu-pjama\/"},"modified":"2026-03-31T13:19:20","modified_gmt":"2026-03-31T11:19:20","slug":"como-lavar-pjama","status":"publish","type":"page","link":"https:\/\/pjama.eu\/es\/como-lavar-pjama\/","title":{"rendered":"C\u00f3mo lavar el Pjama"},"content":{"rendered":"<p>[et_pb_section fb_built=\u00bb1&#8243; custom_padding_last_edited=\u00bbon|desktop\u00bb _builder_version=\u00bb4.27.4&#8243; background_color=\u00bbgcid-5eef58f4-760a-49fb-ad33-042d93415a96&#8243; height_tablet=\u00bb\u00bb height_phone=\u00bbauto\u00bb height_last_edited=\u00bbon|phone\u00bb custom_padding=\u00bb6%||6%||true|false\u00bb custom_padding_tablet=\u00bb\u00bb custom_padding_phone=\u00bb10%||7%||false|false\u00bb top_divider_arrangement_tablet=\u00bb\u00bb top_divider_arrangement_phone=\u00bb\u00bb top_divider_arrangement_last_edited=\u00bbon|phone\u00bb bottom_divider_style=\u00bbasymmetric\u00bb bottom_divider_color=\u00bb#ffffff\u00bb bottom_divider_height=\u00bb66px\u00bb bottom_divider_flip=\u00bbhorizontal\u00bb bottom_divider_height_tablet=\u00bb55px\u00bb bottom_divider_height_phone=\u00bb33px\u00bb bottom_divider_height_last_edited=\u00bbon|phone\u00bb da_disable_devices=\u00bboff|off|off\u00bb collapsed=\u00bboff\u00bb global_colors_info=\u00bb{%22gcid-5eef58f4-760a-49fb-ad33-042d93415a96%22:%91%22background_color%22%93}\u00bb da_is_popup=\u00bboff\u00bb da_exit_intent=\u00bboff\u00bb da_has_close=\u00bbon\u00bb da_alt_close=\u00bboff\u00bb da_dark_close=\u00bboff\u00bb da_not_modal=\u00bbon\u00bb da_is_singular=\u00bboff\u00bb da_with_loader=\u00bboff\u00bb da_has_shadow=\u00bbon\u00bb][et_pb_row _builder_version=\u00bb4.27.4&#8243; _module_preset=\u00bbdefault\u00bb global_colors_info=\u00bb{}\u00bb][et_pb_column type=\u00bb4_4&#8243; _builder_version=\u00bb4.27.4&#8243; _module_preset=\u00bbdefault\u00bb global_colors_info=\u00bb{}\u00bb][et_pb_heading title=\u00bbCuidado y Mantenimiento: C\u00f3mo lavar Pjama\u00bb _builder_version=\u00bb4.27.4&#8243; _module_preset=\u00bbdefault\u00bb title_text_color=\u00bb#D35917&#8243; title_font_size=\u00bb40px\u00bb title_font_size_tablet=\u00bb40px\u00bb title_font_size_phone=\u00bb25px\u00bb title_font_size_last_edited=\u00bbon|phone\u00bb global_colors_info=\u00bb{}\u00bb][\/et_pb_heading][et_pb_heading title=\u00bbGu\u00eda Completa: C\u00f3mo lavar Pjama y Secar tus Prendas Correctamente\u00bb _builder_version=\u00bb4.27.4&#8243; _module_preset=\u00bbdefault\u00bb title_text_color=\u00bb#F8F8F8&#8243; title_font_size=\u00bb75px\u00bb title_font_size_tablet=\u00bb75px\u00bb title_font_size_phone=\u00bb40px\u00bb title_font_size_last_edited=\u00bbon|phone\u00bb global_colors_info=\u00bb{}\u00bb][\/et_pb_heading][\/et_pb_column][\/et_pb_row][\/et_pb_section][et_pb_section fb_built=\u00bb1&#8243; admin_label=\u00bbSektion\u00bb _builder_version=\u00bb4.16&#8243; background_color=\u00bb#ffffff\u00bb custom_margin_tablet=\u00bb-60px||||false|false\u00bb custom_margin_last_edited=\u00bboff|desktop\u00bb custom_padding=\u00bb50px|||||\u00bb da_disable_devices=\u00bboff|off|off\u00bb collapsed=\u00bboff\u00bb global_colors_info=\u00bb{}\u00bb da_is_popup=\u00bboff\u00bb da_exit_intent=\u00bboff\u00bb da_has_close=\u00bbon\u00bb da_alt_close=\u00bboff\u00bb da_dark_close=\u00bboff\u00bb da_not_modal=\u00bbon\u00bb da_is_singular=\u00bboff\u00bb da_with_loader=\u00bboff\u00bb da_has_shadow=\u00bbon\u00bb][et_pb_row column_structure=\u00bb2_3,1_3&#8243; custom_padding_last_edited=\u00bbon|desktop\u00bb _builder_version=\u00bb4.16&#8243; background_size=\u00bbinitial\u00bb background_position=\u00bbtop_left\u00bb background_repeat=\u00bbrepeat\u00bb custom_padding=\u00bb0px||60px|||\u00bb custom_padding_tablet=\u00bb||0px||false|false\u00bb custom_padding_phone=\u00bb\u00bb global_colors_info=\u00bb{}\u00bb][et_pb_column type=\u00bb2_3&#8243; _builder_version=\u00bb4.16&#8243; custom_padding=\u00bb|||\u00bb global_colors_info=\u00bb{}\u00bb custom_padding__hover=\u00bb|||\u00bb][et_pb_heading title=\u00bbPANTALONES DE PJAMA Y PANTALONES CORTOS\u00bb _builder_version=\u00bb4.27.4&#8243; _module_preset=\u00bbdefault\u00bb title_level=\u00bbh3&#8243; title_text_color=\u00bbgcid-5eef58f4-760a-49fb-ad33-042d93415a96&#8243; global_colors_info=\u00bb{%22gcid-5eef58f4-760a-49fb-ad33-042d93415a96%22:%91%22title_text_color%22%93}\u00bb][\/et_pb_heading][et_pb_heading title=\u00bbC\u00f3mo lavar Pjama: Un proceso f\u00e1cil y duradero\u00bb _builder_version=\u00bb4.27.4&#8243; _module_preset=\u00bbdefault\u00bb title_level=\u00bbh2&#8243; title_text_color=\u00bb#D35917&#8243; global_colors_info=\u00bb{}\u00bb][\/et_pb_heading][et_pb_text _builder_version=\u00bb4.27.6&#8243; header_2_text_color=\u00bb#61a2df\u00bb header_3_text_color=\u00bbgcid-5eef58f4-760a-49fb-ad33-042d93415a96&#8243; hover_enabled=\u00bb0&#8243; ul_font_size_tablet=\u00bb\u00bb ul_font_size_phone=\u00bb17px\u00bb ul_font_size_last_edited=\u00bbon|phone\u00bb global_colors_info=\u00bb{%22gcid-5eef58f4-760a-49fb-ad33-042d93415a96%22:%91%22header_3_text_color%22%93}\u00bb text_font=\u00bb&#8211;et_global_body_font|&#8211;et_global_heading_font_weight|||||||\u00bb sticky_enabled=\u00bb0&#8243;]<\/p>\n<h3>Instrucciones sobre c\u00f3mo lavar Pjama paso a paso<\/h3>\n<p>Los productos Pjama son lavables, reutilizables y est\u00e1n hechos para durar, pero con un poco de cuidado se consigue mucho.<br data-start=\"254\" data-end=\"257\">Ponte los pantalones justo antes de acostarte para mantenerlos en perfecto estado. No est\u00e1n hechos para jugar o saltar antes de dormir. Cuando necesites saber c\u00f3mo lavar Pjama de forma efectiva, sigue estas instrucciones:  <\/p>\n<ul>\n<li>Retire el sensor antes de lavarlo.<\/li>\n<li>Lava el pjama con colores similares para evitar la decoloraci\u00f3n.<\/li>\n<li>Mant\u00e9n los objetos afilados, como cremalleras o piezas met\u00e1licas, fuera del lavado.<\/li>\n<li>D\u00e9 la vuelta a la prenda antes de lavarla.<\/li>\n<li>Lavar a 60 \u00b0C como m\u00e1ximo.<\/li>\n<li>Termine con un ciclo de centrifugado y secado alto.<\/li>\n<li>Secar a temperatura ambiente o al aire libre; si se seca en secadora, mantener a menos de 60 \u00b0C.<\/li>\n<\/ul>\n<p><strong>Ev\u00edtalos:<\/strong><\/p>\n<ul>\n<li>Limpieza en seco: los productos qu\u00edmicos pueden da\u00f1ar tanto el tejido como los sensores.<\/li>\n<li>Suavizantes: reducen la absorbencia y pueden da\u00f1ar la funcionalidad del sensor.<\/li>\n<li>Blanqueantes: pueden da\u00f1ar las cualidades de retenci\u00f3n de agua del tejido.<\/li>\n<li>Planchado: el calor puede da\u00f1ar el tejido o los hilos de los sensores.<\/li>\n<\/ul>\n<p>Debido a los materiales absorbentes de Pjama, el secado puede tardar m\u00e1s de lo habitual. El ciclo de centrifugado alto y el secado del rev\u00e9s ayudan a reducir el tiempo de secado. <\/p>\n<p>Los <a href=\"https:\/\/pjama.eu\/es\/pantalones-para-enuresis\/\">componentes \u00fanicos<\/a> de Pjama hacen que el tiempo de secado sea mayor que el de los tejidos normales. Siguiendo estas instrucciones de lavado, te aseguras de que tus pantalones y shorts se mantengan en buen estado y conserven su funcionalidad. <\/p>\n<p>[\/et_pb_text][\/et_pb_column][et_pb_column type=\u00bb1_3&#8243; _builder_version=\u00bb4.16&#8243; custom_padding=\u00bb|||\u00bb global_colors_info=\u00bb{}\u00bb custom_padding__hover=\u00bb|||\u00bb][et_pb_image src=\u00bbhttps:\/\/pjama.eu\/wp-content\/uploads\/Pjama_wash-1.png\u00bb alt=\u00bbC\u00f3mo lavar Pjama adecuadamente &#8211; Instrucciones visuales \u00bb title_text=\u00bbPjama_wash-1&#8243; _builder_version=\u00bb4.27.4&#8243; transform_scale_tablet=\u00bb\u00bb transform_scale_phone=\u00bb\u00bb transform_scale_last_edited=\u00bbon|desktop\u00bb transform_translate=\u00bb0px|-135px\u00bb transform_translate_tablet=\u00bb0px|0px\u00bb transform_translate_phone=\u00bb\u00bb transform_translate_last_edited=\u00bbon|desktop\u00bb transform_translate_linked=\u00bboff\u00bb transform_rotate_tablet=\u00bb\u00bb transform_rotate_phone=\u00bb\u00bb transform_rotate_last_edited=\u00bbon|desktop\u00bb transform_skew_tablet=\u00bb\u00bb transform_skew_phone=\u00bb\u00bb transform_skew_last_edited=\u00bbon|desktop\u00bb transform_origin_tablet=\u00bb\u00bb transform_origin_phone=\u00bb\u00bb transform_origin_last_edited=\u00bbon|desktop\u00bb transform_styles_last_edited=\u00bbon|desktop\u00bb width=\u00bb100%\u00bb width_tablet=\u00bb70%\u00bb width_phone=\u00bb60%\u00bb width_last_edited=\u00bbon|phone\u00bb module_alignment=\u00bbcenter\u00bb custom_margin_tablet=\u00bb||30px||false|false\u00bb custom_margin_phone=\u00bb||30px||false|false\u00bb custom_margin_last_edited=\u00bbon|desktop\u00bb transform_styles_tablet=\u00bb\u00bb transform_styles_phone=\u00bb\u00bb global_colors_info=\u00bb{}\u00bb][\/et_pb_image][\/et_pb_column][\/et_pb_row][et_pb_row column_structure=\u00bb1_4,1_4,1_4,1_4&#8243; _builder_version=\u00bb4.27.4&#8243; background_color=\u00bbgcid-5eef58f4-760a-49fb-ad33-042d93415a96&#8243; custom_margin=\u00bb||50px||false|false\u00bb border_radii=\u00bbon|6px|6px|6px|6px\u00bb global_colors_info=\u00bb{%22gcid-5eef58f4-760a-49fb-ad33-042d93415a96%22:%91%22background_color%22%93}\u00bb][et_pb_column type=\u00bb1_4&#8243; _builder_version=\u00bb4.16&#8243; global_colors_info=\u00bb{}\u00bb][et_pb_blurb title=\u00bbM\u00e1x. 60 \u00b0C\u00bb image=\u00bbhttps:\/\/pjama.eu\/wp-content\/uploads\/washing-machine-max60.svg\u00bb image_icon_width=\u00bb25%\u00bb _builder_version=\u00bb4.27.4&#8243; header_level=\u00bbh2&#8243; header_text_color=\u00bb#D35917&#8243; text_orientation=\u00bbcenter\u00bb background_layout=\u00bbdark\u00bb max_width_tablet=\u00bb\u00bb max_width_phone=\u00bb50%\u00bb max_width_last_edited=\u00bbon|phone\u00bb module_alignment=\u00bbcenter\u00bb image_max_width=\u00bb25%\u00bb global_colors_info=\u00bb{}\u00bb][\/et_pb_blurb][\/et_pb_column][et_pb_column type=\u00bb1_4&#8243; _builder_version=\u00bb4.16&#8243; global_colors_info=\u00bb{}\u00bb][et_pb_blurb title=\u00bbM\u00e1x. 60 \u00b0C\u00bb image=\u00bbhttps:\/\/pjama.eu\/wp-content\/uploads\/laundry-max60.svg\u00bb image_icon_width=\u00bb25%\u00bb _builder_version=\u00bb4.27.4&#8243; header_level=\u00bbh2&#8243; header_text_color=\u00bb#D35917&#8243; text_orientation=\u00bbcenter\u00bb background_layout=\u00bbdark\u00bb max_width_tablet=\u00bb\u00bb max_width_phone=\u00bb50%\u00bb max_width_last_edited=\u00bbon|phone\u00bb module_alignment=\u00bbcenter\u00bb image_max_width=\u00bb25%\u00bb global_colors_info=\u00bb{}\u00bb][\/et_pb_blurb][\/et_pb_column][et_pb_column type=\u00bb1_4&#8243; _builder_version=\u00bb4.16&#8243; global_colors_info=\u00bb{}\u00bb][et_pb_blurb title=\u00bbNo Planchar Pjama\u00bb image=\u00bbhttps:\/\/pjama.eu\/wp-content\/uploads\/dry.svg\u00bb image_icon_width=\u00bb25%\u00bb _builder_version=\u00bb4.27.4&#8243; header_level=\u00bbh2&#8243; header_text_color=\u00bb#D35917&#8243; text_orientation=\u00bbcenter\u00bb background_layout=\u00bbdark\u00bb max_width_tablet=\u00bb\u00bb max_width_phone=\u00bb50%\u00bb max_width_last_edited=\u00bbon|phone\u00bb module_alignment=\u00bbcenter\u00bb image_max_width=\u00bb25%\u00bb global_colors_info=\u00bb{}\u00bb][\/et_pb_blurb][\/et_pb_column][et_pb_column type=\u00bb1_4&#8243; _builder_version=\u00bb4.16&#8243; global_colors_info=\u00bb{}\u00bb][et_pb_blurb title=\u00bbLavar Pjama del Rev\u00e9s\u00bb image=\u00bbhttps:\/\/pjama.eu\/wp-content\/uploads\/pjama-icon-inside-out.svg\u00bb image_icon_width=\u00bb25%\u00bb _builder_version=\u00bb4.27.4&#8243; header_level=\u00bbh2&#8243; header_text_color=\u00bb#D35917&#8243; text_orientation=\u00bbcenter\u00bb background_layout=\u00bbdark\u00bb max_width_tablet=\u00bb\u00bb max_width_phone=\u00bb50%\u00bb max_width_last_edited=\u00bbon|phone\u00bb module_alignment=\u00bbcenter\u00bb image_max_width=\u00bb25%\u00bb global_colors_info=\u00bb{}\u00bb][\/et_pb_blurb][\/et_pb_column][\/et_pb_row][et_pb_row column_structure=\u00bb1_2,1_2&#8243; custom_padding_last_edited=\u00bbon|desktop\u00bb _builder_version=\u00bb4.16&#8243; background_size=\u00bbinitial\u00bb background_position=\u00bbtop_left\u00bb background_repeat=\u00bbrepeat\u00bb custom_padding=\u00bb0px||60px|||\u00bb custom_padding_tablet=\u00bb||0px||false|false\u00bb custom_padding_phone=\u00bb\u00bb global_colors_info=\u00bb{}\u00bb][et_pb_column type=\u00bb1_2&#8243; _builder_version=\u00bb4.16&#8243; custom_padding=\u00bb|||\u00bb global_colors_info=\u00bb{}\u00bb custom_padding__hover=\u00bb|||\u00bb][et_pb_video src=\u00bbhttps:\/\/pjama.eu\/wp-content\/uploads\/Pjama-washing-and-drying-instructions.mp4&#8243; image_src=\u00bbhttps:\/\/pjama.eu\/wp-content\/uploads\/pjama_tvattrad.jpg\u00bb play_icon_color=\u00bb#F8F8F8&#8243; _builder_version=\u00bb4.27.4&#8243; border_radii=\u00bbon|10px|10px|10px|10px\u00bb global_colors_info=\u00bb{}\u00bb][\/et_pb_video][\/et_pb_column][et_pb_column type=\u00bb1_2&#8243; _builder_version=\u00bb4.16&#8243; custom_padding=\u00bb|||\u00bb global_colors_info=\u00bb{}\u00bb custom_padding__hover=\u00bb|||\u00bb][et_pb_text _builder_version=\u00bb4.27.6&#8243; header_2_text_color=\u00bb#61a2df\u00bb header_3_text_color=\u00bbgcid-5eef58f4-760a-49fb-ad33-042d93415a96&#8243; hover_enabled=\u00bb0&#8243; ul_font_size_tablet=\u00bb\u00bb ul_font_size_phone=\u00bb17px\u00bb ul_font_size_last_edited=\u00bbon|phone\u00bb global_colors_info=\u00bb{%22gcid-5eef58f4-760a-49fb-ad33-042d93415a96%22:%91%22header_3_text_color%22%93}\u00bb text_font=\u00bb&#8211;et_global_body_font|&#8211;et_global_heading_font_weight|||||||\u00bb sticky_enabled=\u00bb0&#8243;]<\/p>\n<h3><b>C\u00f3mo secar los pantalones de Pjama de forma segura<\/b><span style=\"font-weight: 400;\"><br \/><\/span><\/h3>\n<p>Las prendas de Pjama est\u00e1n fabricadas con materiales absorbentes que, naturalmente, tardan m\u00e1s en secarse.<br data-start=\"384\" data-end=\"387\">El tiempo de secado depende de varios factores, como la humedad, la temperatura ambiente y la eficacia del centrifugado de la lavadora.<\/p>\n<p data-start=\"521\" data-end=\"550\">Para reducir el tiempo de secado:<\/p>\n<ul>\n<li>Dale la vuelta a la prenda para que la capa impermeable no atrape la humedad.<\/li>\n<li>Termine siempre el lavado con un ciclo de centrifugado alto: es una de las mejores formas de acortar el tiempo de secado.<\/li>\n<li>Seque del rev\u00e9s a temperatura ambiente o al aire libre.<br \/>Si utiliza una secadora, aseg\u00farese de que la temperatura no supere los 60 \u00b0C.<\/li>\n<\/ul>\n<p><strong>Consejo:<\/strong> Un centrifugado fuerte y el secado del rev\u00e9s garantizan que, tras saber c\u00f3mo lavar Pjama, tu prenda est\u00e9 lista mucho antes.<\/p>\n<p>[\/et_pb_text][\/et_pb_column][\/et_pb_row][\/et_pb_section][et_pb_section fb_built=\u00bb1&#8243; _builder_version=\u00bb4.27.4&#8243; _module_preset=\u00bbdefault\u00bb da_disable_devices=\u00bboff|off|off\u00bb global_colors_info=\u00bb{}\u00bb da_is_popup=\u00bboff\u00bb da_exit_intent=\u00bboff\u00bb da_has_close=\u00bbon\u00bb da_alt_close=\u00bboff\u00bb da_dark_close=\u00bboff\u00bb da_not_modal=\u00bbon\u00bb da_is_singular=\u00bboff\u00bb da_with_loader=\u00bboff\u00bb da_has_shadow=\u00bbon\u00bb][et_pb_row column_structure=\u00bb3_5,2_5&#8243; _builder_version=\u00bb4.27.4&#8243; _module_preset=\u00bbdefault\u00bb global_colors_info=\u00bb{}\u00bb][et_pb_column type=\u00bb3_5&#8243; _builder_version=\u00bb4.27.4&#8243; _module_preset=\u00bbdefault\u00bb global_colors_info=\u00bb{}\u00bb][et_pb_heading title=\u00bbC\u00f3mo lavar Pjama: Boxers y Braguitas Absorbentes\u00bb _builder_version=\u00bb4.27.4&#8243; _module_preset=\u00bbdefault\u00bb title_text_color=\u00bb#D35917&#8243; global_colors_info=\u00bb{}\u00bb][\/et_pb_heading][et_pb_heading title=\u00bbMantenimiento Sencillo y Secado R\u00e1pido de Pjama\u00bb _builder_version=\u00bb4.27.4&#8243; _module_preset=\u00bbdefault\u00bb title_level=\u00bbh2&#8243; title_text_color=\u00bbgcid-5eef58f4-760a-49fb-ad33-042d93415a96&#8243; global_colors_info=\u00bb{%22gcid-5eef58f4-760a-49fb-ad33-042d93415a96%22:%91%22title_text_color%22%93}\u00bb][\/et_pb_heading][et_pb_text _builder_version=\u00bb4.27.6&#8243; header_2_text_color=\u00bb#61a2df\u00bb header_3_text_color=\u00bbgcid-5eef58f4-760a-49fb-ad33-042d93415a96&#8243; hover_enabled=\u00bb0&#8243; ul_font_size_tablet=\u00bb\u00bb ul_font_size_phone=\u00bb17px\u00bb ul_font_size_last_edited=\u00bbon|phone\u00bb global_colors_info=\u00bb{%22gcid-5eef58f4-760a-49fb-ad33-042d93415a96%22:%91%22header_3_text_color%22%93}\u00bb text_font=\u00bb&#8211;et_global_body_font|&#8211;et_global_heading_font_weight|||||||\u00bb sticky_enabled=\u00bb0&#8243;]<\/p>\n<h3>Gu\u00eda de Lavado para Ropa Interior Pjama<\/h3>\n<p><span style=\"font-weight: 400;\">Pjama DryGuardians <\/span>Ropa Interior con hilos sensores incorporados, es f\u00e1cil de lavar. Siga estos pasos sobre c\u00f3mo lavar Pjama para preservar su calidad y capacidad de absorci\u00f3n: <\/p>\n<ul>\n<li>Retire el sensor antes de lavarlo.<\/li>\n<li>Lavar con prendas de color similar.<\/li>\n<li>Evite lavar con objetos que tengan partes met\u00e1licas.<\/li>\n<li>Utilice una temperatura m\u00e1xima de lavado de 60 \u00b0C.<\/li>\n<li>Secar al aire a temperatura ambiente o al aire libre.<\/li>\n<li>Si utiliza una secadora, mantenga la temperatura a 60 \u00b0C o menos.<\/li>\n<\/ul>\n<p><strong>No lo hagas:<\/strong><\/p>\n<ul>\n<li>Limpieza en seco &#8211; los productos qu\u00edmicos pueden da\u00f1ar el hilo o el tejido.<\/li>\n<li>Utilizar suavizantes: pueden afectar al rendimiento del sensor.<\/li>\n<li>Plancha: el calor puede estropear las roscas del sensor incorporado.<\/li>\n<\/ul>\n<p>[\/et_pb_text][\/et_pb_column][et_pb_column type=\u00bb2_5&#8243; _builder_version=\u00bb4.27.4&#8243; _module_preset=\u00bbdefault\u00bb global_colors_info=\u00bb{}\u00bb][et_pb_image src=\u00bbhttps:\/\/pjama.eu\/wp-content\/uploads\/Pjama_boxersbriefs_bg-2.jpg\u00bb alt=\u00bbRopa interior para enuresis\u00bb title_text=\u00bbPjama_boxersbriefs_bg (2)\u00bb _builder_version=\u00bb4.27.4&#8243; _module_preset=\u00bbdefault\u00bb min_height=\u00bb100px\u00bb custom_margin=\u00bb|||15px|false|false\u00bb global_colors_info=\u00bb{}\u00bb][\/et_pb_image][\/et_pb_column][\/et_pb_row][et_pb_row column_structure=\u00bb1_3,1_3,1_3&#8243; _builder_version=\u00bb4.27.4&#8243; background_color=\u00bbgcid-5eef58f4-760a-49fb-ad33-042d93415a96&#8243; custom_margin=\u00bb||50px||false|false\u00bb border_radii=\u00bbon|10px|10px|10px|10px\u00bb global_colors_info=\u00bb{%22gcid-5eef58f4-760a-49fb-ad33-042d93415a96%22:%91%22background_color%22%93}\u00bb][et_pb_column type=\u00bb1_3&#8243; _builder_version=\u00bb4.16&#8243; global_colors_info=\u00bb{}\u00bb][et_pb_blurb title=\u00bbM\u00e1x. 60 \u00b0C\u00bb image=\u00bbhttps:\/\/pjama.eu\/wp-content\/uploads\/washing-machine-max60.svg\u00bb image_icon_width=\u00bb25%\u00bb _builder_version=\u00bb4.27.4&#8243; header_level=\u00bbh2&#8243; header_text_color=\u00bb#D35917&#8243; text_orientation=\u00bbcenter\u00bb background_layout=\u00bbdark\u00bb max_width_tablet=\u00bb\u00bb max_width_phone=\u00bb50%\u00bb max_width_last_edited=\u00bbon|phone\u00bb module_alignment=\u00bbcenter\u00bb image_max_width=\u00bb25%\u00bb global_colors_info=\u00bb{}\u00bb][\/et_pb_blurb][\/et_pb_column][et_pb_column type=\u00bb1_3&#8243; _builder_version=\u00bb4.16&#8243; global_colors_info=\u00bb{}\u00bb][et_pb_blurb title=\u00bbM\u00e1x. 60 \u00b0C\u00bb image=\u00bbhttps:\/\/pjama.eu\/wp-content\/uploads\/laundry-max60.svg\u00bb image_icon_width=\u00bb25%\u00bb _builder_version=\u00bb4.27.4&#8243; header_level=\u00bbh2&#8243; header_text_color=\u00bb#D35917&#8243; text_orientation=\u00bbcenter\u00bb background_layout=\u00bbdark\u00bb max_width_tablet=\u00bb\u00bb max_width_phone=\u00bb50%\u00bb max_width_last_edited=\u00bbon|phone\u00bb module_alignment=\u00bbcenter\u00bb image_max_width=\u00bb25%\u00bb global_colors_info=\u00bb{}\u00bb][\/et_pb_blurb][\/et_pb_column][et_pb_column type=\u00bb1_3&#8243; _builder_version=\u00bb4.16&#8243; global_colors_info=\u00bb{}\u00bb][et_pb_blurb title=\u00bbNo Planchar Pjama\u00bb image=\u00bbhttps:\/\/pjama.eu\/wp-content\/uploads\/dry.svg\u00bb image_icon_width=\u00bb25%\u00bb _builder_version=\u00bb4.27.4&#8243; header_level=\u00bbh2&#8243; header_text_color=\u00bb#D35917&#8243; text_orientation=\u00bbcenter\u00bb background_layout=\u00bbdark\u00bb max_width_tablet=\u00bb\u00bb max_width_phone=\u00bb48%\u00bb max_width_last_edited=\u00bbon|phone\u00bb module_alignment=\u00bbcenter\u00bb image_max_width=\u00bb25%\u00bb global_colors_info=\u00bb{}\u00bb][\/et_pb_blurb][\/et_pb_column][\/et_pb_row][\/et_pb_section]<\/p>\n","protected":false},"excerpt":{"rendered":"<p>Instrucciones sobre c\u00f3mo lavar Pjama paso a paso Los productos Pjama son lavables, reutilizables y est\u00e1n hechos para durar, pero con un poco de cuidado se consigue mucho.Ponte los pantalones justo antes de acostarte para mantenerlos en perfecto estado. No est\u00e1n hechos para jugar o saltar antes de dormir. Cuando necesites saber c\u00f3mo lavar Pjama [&hellip;]<\/p>\n","protected":false},"author":1,"featured_media":19917,"parent":0,"menu_order":0,"comment_status":"closed","ping_status":"closed","template":"","meta":{"_et_pb_use_builder":"on","_et_pb_old_content":"","_et_gb_content_width":"","footnotes":""},"class_list":["post-23838","page","type-page","status-publish","has-post-thumbnail","hentry"],"_links":{"self":[{"href":"https:\/\/pjama.eu\/es\/wp-json\/wp\/v2\/pages\/23838","targetHints":{"allow":["GET"]}}],"collection":[{"href":"https:\/\/pjama.eu\/es\/wp-json\/wp\/v2\/pages"}],"about":[{"href":"https:\/\/pjama.eu\/es\/wp-json\/wp\/v2\/types\/page"}],"author":[{"embeddable":true,"href":"https:\/\/pjama.eu\/es\/wp-json\/wp\/v2\/users\/1"}],"replies":[{"embeddable":true,"href":"https:\/\/pjama.eu\/es\/wp-json\/wp\/v2\/comments?post=23838"}],"version-history":[{"count":15,"href":"https:\/\/pjama.eu\/es\/wp-json\/wp\/v2\/pages\/23838\/revisions"}],"predecessor-version":[{"id":35572,"href":"https:\/\/pjama.eu\/es\/wp-json\/wp\/v2\/pages\/23838\/revisions\/35572"}],"wp:featuredmedia":[{"embeddable":true,"href":"https:\/\/pjama.eu\/es\/wp-json\/wp\/v2\/media\/19917"}],"wp:attachment":[{"href":"https:\/\/pjama.eu\/es\/wp-json\/wp\/v2\/media?parent=23838"}],"curies":[{"name":"wp","href":"https:\/\/api.w.org\/{rel}","templated":true}]}}