{"id":23845,"date":"2020-02-17T17:55:20","date_gmt":"2020-02-17T16:55:20","guid":{"rendered":"https:\/\/pjama.eu\/sobre-pjama-nuestra-historia\/"},"modified":"2026-03-31T12:42:09","modified_gmt":"2026-03-31T10:42:09","slug":"tratamiento-de-la-enuresis-infantil","status":"publish","type":"page","link":"https:\/\/pjama.eu\/es\/tratamiento-de-la-enuresis-infantil\/","title":{"rendered":"Sobre Pjama: nuestra historia"},"content":{"rendered":"<p>[et_pb_section fb_built=\u00bb1&#8243; custom_padding_last_edited=\u00bbon|phone\u00bb _builder_version=\u00bb4.27.4&#8243; use_background_color_gradient=\u00bbon\u00bb background_color_gradient_stops=\u00bbgcid-5eef58f4-760a-49fb-ad33-042d93415a96 0%|rgba(0,0,0,0.2) 100%\u00bb background_color_gradient_overlays_image=\u00bbon\u00bb background_color_gradient_start=\u00bbrgba(0,0,0,0.2)\u00bb background_color_gradient_end=\u00bbrgba(0,0,0,0.2)\u00bb background_image=\u00bbhttps:\/\/pjama.eu\/wp-content\/uploads\/pjama-happy-kids-looking-from-above-1.jpg\u00bb custom_padding=\u00bb7%||7%||true|false\u00bb custom_padding_tablet=\u00bb60px||60px||true|false\u00bb custom_padding_phone=\u00bb40px||40px||false|false\u00bb top_divider_color=\u00bb#61a2df\u00bb top_divider_height=\u00bb500px\u00bb bottom_divider_color=\u00bb#ffffff\u00bb bottom_divider_flip=\u00bbhorizontal\u00bb bottom_divider_height_tablet=\u00bb58px\u00bb bottom_divider_height_phone=\u00bb32px\u00bb bottom_divider_height_last_edited=\u00bbon|phone\u00bb da_disable_devices=\u00bboff|off|off\u00bb collapsed=\u00bboff\u00bb global_colors_info=\u00bb{%22gcid-5eef58f4-760a-49fb-ad33-042d93415a96%22:%91%22background_color_gradient_stops%22%93}\u00bb da_is_popup=\u00bboff\u00bb da_exit_intent=\u00bboff\u00bb da_has_close=\u00bbon\u00bb da_alt_close=\u00bboff\u00bb da_dark_close=\u00bboff\u00bb da_not_modal=\u00bbon\u00bb da_is_singular=\u00bboff\u00bb da_with_loader=\u00bboff\u00bb da_has_shadow=\u00bbon\u00bb][et_pb_row column_structure=\u00bb3_4,1_4&#8243; custom_padding_last_edited=\u00bbon|phone\u00bb _builder_version=\u00bb4.27.4&#8243; custom_margin=\u00bb|auto|6px|auto||\u00bb custom_padding=\u00bb0px||0px|||\u00bb custom_padding_tablet=\u00bb0px||0px|||\u00bb custom_padding_phone=\u00bb26px||0px||false|false\u00bb global_colors_info=\u00bb{}\u00bb][et_pb_column type=\u00bb3_4&#8243; _builder_version=\u00bb4.16&#8243; global_colors_info=\u00bb{}\u00bb][et_pb_text _builder_version=\u00bb4.27.4&#8243; header_font_size=\u00bb75px\u00bb header_3_text_color=\u00bb#D35917&#8243; header_3_font_size=\u00bb40px\u00bb background_layout=\u00bbdark\u00bb header_font_size_tablet=\u00bb75px\u00bb header_font_size_phone=\u00bb40px\u00bb header_font_size_last_edited=\u00bbon|phone\u00bb header_3_font_size_tablet=\u00bb40px\u00bb header_3_font_size_phone=\u00bb25px\u00bb header_3_font_size_last_edited=\u00bbon|phone\u00bb text_orientation_tablet=\u00bb\u00bb text_orientation_phone=\u00bbleft\u00bb text_orientation_last_edited=\u00bbon|desktop\u00bb text_text_shadow_style=\u00bbpreset1&#8243; text_text_shadow_blur_strength=\u00bb0.5em\u00bb text_text_shadow_color=\u00bbrgba(0,0,0,0.15)\u00bb global_colors_info=\u00bb{}\u00bb]<\/p>\n<h3>Especialistas en enuresis<\/h3>\n<h1 class=\"hero\">Tratamiento de la enuresis infantil: Soluciones para que tus hijos vuelvan a disfrutar<\/h1>\n<p>[\/et_pb_text][\/et_pb_column][et_pb_column type=\u00bb1_4&#8243; _builder_version=\u00bb4.16&#8243; global_colors_info=\u00bb{}\u00bb][\/et_pb_column][\/et_pb_row][\/et_pb_section][et_pb_section fb_built=\u00bb1&#8243; custom_padding_last_edited=\u00bbon|desktop\u00bb _builder_version=\u00bb4.16&#8243; custom_padding=\u00bb60px||60px||true|false\u00bb custom_padding_tablet=\u00bb20px||20px||true|false\u00bb custom_padding_phone=\u00bb\u00bb da_disable_devices=\u00bboff|off|off\u00bb collapsed=\u00bboff\u00bb global_colors_info=\u00bb{}\u00bb da_is_popup=\u00bboff\u00bb da_exit_intent=\u00bboff\u00bb da_has_close=\u00bbon\u00bb da_alt_close=\u00bboff\u00bb da_dark_close=\u00bboff\u00bb da_not_modal=\u00bbon\u00bb da_is_singular=\u00bboff\u00bb da_with_loader=\u00bboff\u00bb da_has_shadow=\u00bbon\u00bb][et_pb_row column_structure=\u00bb3_4,1_4&#8243; custom_padding_last_edited=\u00bbon|desktop\u00bb _builder_version=\u00bb4.16&#8243; background_size=\u00bbinitial\u00bb background_position=\u00bbtop_left\u00bb background_repeat=\u00bbrepeat\u00bb custom_padding=\u00bb0px||60px|||\u00bb custom_padding_tablet=\u00bb||0px||false|false\u00bb custom_padding_phone=\u00bb\u00bb global_colors_info=\u00bb{}\u00bb][et_pb_column type=\u00bb3_4&#8243; _builder_version=\u00bb4.16&#8243; custom_padding=\u00bb|||\u00bb global_colors_info=\u00bb{}\u00bb custom_padding__hover=\u00bb|||\u00bb][et_pb_text _builder_version=\u00bb4.27.6&#8243; text_font=\u00bb&#8211;et_global_body_font|&#8211;et_global_heading_font_weight|||||||\u00bb header_2_text_color=\u00bb#D35917&#8243; hover_enabled=\u00bb0&#8243; global_colors_info=\u00bb{}\u00bb header_3_text_color=\u00bb#072130&#8243; sticky_enabled=\u00bb0&#8243;]<\/p>\n<h3>NUESTRA<\/h3>\n<h2>MISI\u00d3N: L\u00cdDERES EN TRATAMIENTO DE LA ENURESIS INFANTIL<\/h2>\n<p>Creemos que cada ni\u00f1o merece un tratamiento de la enuresis infantil eficaz que le permita recuperar su confianza y seguridad.<br \/>\nEn Pjama, nuestra misi\u00f3n es ayudar a ni\u00f1os y adultos a participar plenamente en la vida -en fiestas de pijamas, viajes y rutinas diarias- sin miedo ni verg\u00fcenza.<\/p>\n<p>La enuresis es m\u00e1s com\u00fan de lo que la mayor\u00eda de la gente cree, pero sigue siendo un reto silencioso para muchas familias.<br \/>\nNuestro trabajo se basa en la empat\u00eda y la comprensi\u00f3n. Queremos eliminar el estigma, generar confianza y dar a las familias herramientas pr\u00e1cticas para hacerles la vida m\u00e1s f\u00e1cil.<br \/>\nLa confianza, la comodidad y la inclusi\u00f3n son la base de todo lo que hacemos. <\/p>\n<p>Estamos orgullosos de ayudar a familias de todo el mundo a pasar de la preocupaci\u00f3n a la autonom\u00eda, una noche seca cada vez.[\/et_pb_text][et_pb_text _builder_version=\u00bb4.27.6&#8243; text_font=\u00bb&#8211;et_global_body_font|&#8211;et_global_heading_font_weight|||||||\u00bb header_2_text_color=\u00bb#D35917&#8243; custom_padding=\u00bb36px|||||\u00bb hover_enabled=\u00bb0&#8243; global_colors_info=\u00bb{}\u00bb header_3_text_color=\u00bb#072130&#8243; sticky_enabled=\u00bb0&#8243;]<\/p>\n<h3>NUESTRA<\/h3>\n<h2>HISTORIA<\/h2>\n<p>En 2010, fundamos Pjama con el objetivo de revolucionar el tratamiento de la enuresis infantil, devolviendo la libertad y confianza a miles de familias.<\/p>\n<p>Lo que empez\u00f3 como una peque\u00f1a idea sueca se convirti\u00f3 en Pjama, una marca dedicada a la dignidad y la inclusi\u00f3n.<br \/>\nSu primera innovaci\u00f3n, la ropa de dormir absorbente, permit\u00eda a los ni\u00f1os dormir tranquilos en casa o fuera de ella, sin verg\u00fcenzas ni limitaciones.<\/p>\n<p>Ocho a\u00f1os despu\u00e9s, el enfoque de la empresa se ampli\u00f3. En 2018, evolucionamos hacia un tratamiento de la enuresis infantil integral mediante textiles inteligentes y tecnolog\u00eda conectada que ayuda a solucionar el problema.<br \/>\nEn estrecha colaboraci\u00f3n con la sanidad sueca y los principales especialistas en enuresis, el equipo desarroll\u00f3 una visi\u00f3n para una soluci\u00f3n completa basada en datos que podr\u00eda cambiar vidas. <\/p>\n<p>En el d\u00e9cimo aniversario de Pjama, esa visi\u00f3n se hizo realidad con el lanzamiento de Pjama DryGuardians, que a\u00fana tejidos inteligentes, sensores y herramientas digitales para apoyar el progreso real hacia noches secas.<br \/>\nEn la actualidad, Johan Bergenholtz dirige la empresa como consejero delegado, y sigue impulsando la innovaci\u00f3n y la concienciaci\u00f3n en colaboraci\u00f3n con profesionales sanitarios y socios de todo el mundo.<\/p>\n<p>A partir de una peque\u00f1a idea en el sur de Suecia, Pjama se ha convertido en una empresa internacional que atiende a miles de familias, cl\u00ednicas y cuidadores de todo el mundo.<\/p>\n<p>&nbsp;[\/et_pb_text][\/et_pb_column][et_pb_column type=\u00bb1_4&#8243; _builder_version=\u00bb4.16&#8243; custom_padding=\u00bb|||\u00bb global_colors_info=\u00bb{}\u00bb custom_padding__hover=\u00bb|||\u00bb][et_pb_image src=\u00bbhttps:\/\/pjama.eu\/wp-content\/uploads\/speechbubble.svg\u00bb alt=\u00bbAcerca de Pjama\u00bb title_text=\u00bbburbuja de voz\u00bb align=\u00bbcenter\u00bb align_tablet=\u00bb\u00bb align_phone=\u00bb\u00bb align_last_edited=\u00bbon|desktop\u00bb _builder_version=\u00bb4.27.4&#8243; width=\u00bb100%\u00bb width_tablet=\u00bb85%\u00bb width_phone=\u00bb70%\u00bb width_last_edited=\u00bbon|phone\u00bb module_alignment=\u00bbcenter\u00bb custom_margin=\u00bb50px||||false|false\u00bb custom_margin_tablet=\u00bb20px||||false|false\u00bb custom_margin_phone=\u00bb20px||||false|false\u00bb custom_margin_last_edited=\u00bbon|desktop\u00bb global_colors_info=\u00bb{}\u00bb][\/et_pb_image][\/et_pb_column][\/et_pb_row][et_pb_row column_structure=\u00bb1_3,2_3&#8243; _builder_version=\u00bb4.22.1&#8243; background_size=\u00bbinitial\u00bb background_position=\u00bbtop_left\u00bb background_repeat=\u00bbrepeat\u00bb custom_margin=\u00bb||40px||false|false\u00bb custom_padding=\u00bb||30px||false|false\u00bb global_colors_info=\u00bb{}\u00bb][et_pb_column type=\u00bb1_3&#8243; _builder_version=\u00bb4.16&#8243; custom_padding=\u00bb|||\u00bb global_colors_info=\u00bb{}\u00bb custom_padding__hover=\u00bb|||\u00bb][et_pb_image src=\u00bbhttps:\/\/pjama.eu\/wp-content\/uploads\/favicon.png\u00bb alt=\u00bbAcerca de Pjama\u00bb title_text=\u00bbfavicon\u00bb show_bottom_space=\u00bboff\u00bb _builder_version=\u00bb4.27.4&#8243; width_tablet=\u00bb\u00bb width_phone=\u00bb100%\u00bb width_last_edited=\u00bbon|phone\u00bb max_width_tablet=\u00bb\u00bb max_width_phone=\u00bb\u00bb max_width_last_edited=\u00bbon|phone\u00bb module_alignment=\u00bbcenter\u00bb height_tablet=\u00bb\u00bb height_phone=\u00bb1000px\u00bb height_last_edited=\u00bbon|phone\u00bb max_height_tablet=\u00bb\u00bb max_height_phone=\u00bb202px\u00bb max_height_last_edited=\u00bbon|phone\u00bb global_colors_info=\u00bb{}\u00bb][\/et_pb_image][\/et_pb_column][et_pb_column type=\u00bb2_3&#8243; _builder_version=\u00bb4.16&#8243; custom_padding=\u00bb|||\u00bb global_colors_info=\u00bb{}\u00bb custom_padding__hover=\u00bb|||\u00bb][et_pb_text _builder_version=\u00bb4.27.6&#8243; text_font=\u00bb&#8211;et_global_body_font|&#8211;et_global_heading_font_weight|||||||\u00bb header_2_text_color=\u00bbgcid-5eef58f4-760a-49fb-ad33-042d93415a96&#8243; custom_padding=\u00bb||0px||false|false\u00bb hover_enabled=\u00bb0&#8243; global_colors_info=\u00bb{%22gcid-5eef58f4-760a-49fb-ad33-042d93415a96%22:%91%22header_2_text_color%22%93}\u00bb sticky_enabled=\u00bb0&#8243;]<\/p>\n<h2>Nuestras Soluciones para el Tratamiento de la Enuresis Infantil<\/h2>\n<p>Ofrecemos<a href=\"https:\/\/pjama.eu\/es\/pantalones-para-enuresis\/\"> ropa de dormir protectora<\/a> de alta calidad (Pjama Protect Sleepwear) para ni\u00f1as, ni\u00f1os, mujeres y hombres. Desarrollamos un tratamiento de la enuresis infantil completo utilizando<a href=\"https:\/\/pjama.eu\/es\/pantalones-para-no-mojar-la-cama\/\">Ropa de Noche DryGuardians<\/a>, <a href=\"https:\/\/pjama.eu\/es\/tratamiento-para-la-enuresis\/\">Alarmas de enuresis<\/a> y la <a href=\"https:\/\/pjama.eu\/es\/app-para-dejar-de-mojar-la-cama\/\">App DryGuardians<\/a>. <\/p>\n<p>En la aplicaci\u00f3n, los usuarios pueden registrar los resultados nocturnos, recibir comentarios personalizados y seguir su evoluci\u00f3n a lo largo del tiempo.<br \/>Para los profesionales sanitarios, Pjama ofrece un portal espec\u00edfico en el que los m\u00e9dicos pueden supervisar el tratamiento, ajustar las recomendaciones y ayudar a los pacientes a distancia.<\/p>\n<p>Nuestros productos son sostenibles, lavables y duraderos, lo que reduce los residuos de alternativas desechables y promueve el consumo responsable.<br \/>Desde 2014, m\u00e1s de 30.000 familias han confiado en nuestro tratamiento de la enuresis infantil para superar este reto con \u00e9xito y dignidad.<\/p>\n<p>[\/et_pb_text][et_pb_text _builder_version=\u00bb4.27.6&#8243; text_font=\u00bb&#8211;et_global_body_font|&#8211;et_global_heading_font_weight|||||||\u00bb header_2_text_color=\u00bbgcid-5eef58f4-760a-49fb-ad33-042d93415a96&#8243; custom_padding=\u00bb||0px||false|false\u00bb hover_enabled=\u00bb0&#8243; global_colors_info=\u00bb{%22gcid-5eef58f4-760a-49fb-ad33-042d93415a96%22:%91%22header_2_text_color%22%93}\u00bb sticky_enabled=\u00bb0&#8243;]<\/p>\n<h2>Por qu\u00e9 elegir Pjama para el tratamiento de la enuresis infantil<\/h2>\n<p>Ofrecemos un tratamiento de la enuresis infantil integral: combinamos tecnolog\u00eda avanzada con apoyo cl\u00ednico y orientaci\u00f3n experta de principio a fin.<br \/>Nuestros dise\u00f1os son discretos, c\u00f3modos y eficaces: est\u00e1n hechos para que se sientan como ropa de dormir normal y de alta calidad, a la vez que protegen la cama.<\/p>\n<p>Cada producto que creamos combina experiencia de usuario, conocimientos m\u00e9dicos y tecnolog\u00eda avanzada. Escuchamos a las familias, colaboramos estrechamente con expertos sanitarios y probamos rigurosamente nuestras soluciones para garantizar una seguridad duradera y un rendimiento fiable. <\/p>\n<p>La gama de Pjama cubre todas las necesidades: desde protecci\u00f3n y tratamiento hasta pr\u00e1cticos accesorios que simplifican y apoyan las rutinas diarias.<br \/>Nuestro enfoque en el tratamiento de la enuresis infantil busca el \u00e9xito terap\u00e9utico para aportar independencia e inclusi\u00f3n a cada ni\u00f1o.<\/p>\n<p>Mientras seguimos creciendo, nuestro objetivo sigue siendo el mismo: ayudar a las personas de todo el mundo a vivir su vida al m\u00e1ximo, sin l\u00edmites, sin verg\u00fcenza y sin interrupciones.<\/p>\n<p>[\/et_pb_text][\/et_pb_column][\/et_pb_row][\/et_pb_section]<\/p>\n","protected":false},"excerpt":{"rendered":"<p>Especialistas en enuresis Tratamiento de la enuresis infantil: Soluciones para que tus hijos vuelvan a disfrutarNUESTRA MISI\u00d3N: L\u00cdDERES EN TRATAMIENTO DE LA ENURESIS INFANTIL Creemos que cada ni\u00f1o merece un tratamiento de la enuresis infantil eficaz que le permita recuperar su confianza y seguridad. En Pjama, nuestra misi\u00f3n es ayudar a ni\u00f1os y adultos a [&hellip;]<\/p>\n","protected":false},"author":1,"featured_media":28102,"parent":0,"menu_order":0,"comment_status":"closed","ping_status":"closed","template":"","meta":{"_et_pb_use_builder":"on","_et_pb_old_content":"<!-- wp:paragraph -->\r\n<p>This is an example page. It's different from a blog post because it will stay in one place and will show up in your site navigation (in most themes). Most people start with an About page that introduces them to potential site visitors. It might say something like this:<\/p>\r\n<!-- \/wp:paragraph --><!-- wp:quote -->\r\n<blockquote class=\"wp-block-quote\">\r\n<p>Hi there! I'm a bike messenger by day, aspiring actor by night, and this is my website. I live in Los Angeles, have a great dog named Jack, and I like pi\u00f1a coladas. (And gettin' caught in the rain.)<\/p>\r\n<\/blockquote>\r\n<!-- \/wp:quote --><!-- wp:paragraph -->\r\n<p>...or something like this:<\/p>\r\n<!-- \/wp:paragraph --><!-- wp:quote -->\r\n<blockquote class=\"wp-block-quote\">\r\n<p>The XYZ Doohickey Company was founded in 1971, and has been providing quality doohickeys to the public ever since. Located in Gotham City, XYZ employs over 2,000 people and does all kinds of awesome things for the Gotham community.<\/p>\r\n<\/blockquote>\r\n<!-- \/wp:quote --><!-- wp:paragraph -->\r\n<p>As a new WordPress user, you should go to <a href=\"https:\/\/pjama.eu\/wp-admin\/\">your dashboard<\/a> to delete this page and create new pages for your content. Have fun!<\/p>\r\n<!-- \/wp:paragraph -->","_et_gb_content_width":"","footnotes":""},"class_list":["post-23845","page","type-page","status-publish","has-post-thumbnail","hentry"],"_links":{"self":[{"href":"https:\/\/pjama.eu\/es\/wp-json\/wp\/v2\/pages\/23845","targetHints":{"allow":["GET"]}}],"collection":[{"href":"https:\/\/pjama.eu\/es\/wp-json\/wp\/v2\/pages"}],"about":[{"href":"https:\/\/pjama.eu\/es\/wp-json\/wp\/v2\/types\/page"}],"author":[{"embeddable":true,"href":"https:\/\/pjama.eu\/es\/wp-json\/wp\/v2\/users\/1"}],"replies":[{"embeddable":true,"href":"https:\/\/pjama.eu\/es\/wp-json\/wp\/v2\/comments?post=23845"}],"version-history":[{"count":18,"href":"https:\/\/pjama.eu\/es\/wp-json\/wp\/v2\/pages\/23845\/revisions"}],"predecessor-version":[{"id":35559,"href":"https:\/\/pjama.eu\/es\/wp-json\/wp\/v2\/pages\/23845\/revisions\/35559"}],"wp:featuredmedia":[{"embeddable":true,"href":"https:\/\/pjama.eu\/es\/wp-json\/wp\/v2\/media\/28102"}],"wp:attachment":[{"href":"https:\/\/pjama.eu\/es\/wp-json\/wp\/v2\/media?parent=23845"}],"curies":[{"name":"wp","href":"https:\/\/api.w.org\/{rel}","templated":true}]}}