{"id":26276,"date":"2025-11-13T14:12:49","date_gmt":"2025-11-13T13:12:49","guid":{"rendered":"https:\/\/pjama.eu\/tienda-de-pijamas-para-enuresis\/"},"modified":"2026-04-07T11:14:20","modified_gmt":"2026-04-07T09:14:20","slug":"pijamas-para-enuresis","status":"publish","type":"page","link":"https:\/\/pjama.eu\/es\/pijamas-para-enuresis\/","title":{"rendered":"Tienda de pijamas para enuresis"},"content":{"rendered":"<p>[et_pb_section fb_built=\u00bb1&#8243; _builder_version=\u00bb4.27.4&#8243; background_enable_color=\u00bboff\u00bb background_enable_image=\u00bboff\u00bb background_size=\u00bbinitial\u00bb background_position=\u00bbtop_center\u00bb custom_margin=\u00bb||70px||false|false\u00bb custom_padding=\u00bb50px||50px||true|false\u00bb da_disable_devices=\u00bboff|off|off\u00bb global_colors_info=\u00bb{}\u00bb da_is_popup=\u00bboff\u00bb da_exit_intent=\u00bboff\u00bb da_has_close=\u00bbon\u00bb da_alt_close=\u00bboff\u00bb da_dark_close=\u00bboff\u00bb da_not_modal=\u00bbon\u00bb da_is_singular=\u00bboff\u00bb da_with_loader=\u00bboff\u00bb da_has_shadow=\u00bbon\u00bb][et_pb_row custom_padding_last_edited=\u00bbon|phone\u00bb _builder_version=\u00bb4.27.5&#8243; custom_margin_tablet=\u00bb\u00bb custom_margin_phone=\u00bb0px||0px||false|false\u00bb custom_margin_last_edited=\u00bbon|phone\u00bb custom_padding=\u00bb||0px|||\u00bb custom_padding_tablet=\u00bb||0px|||\u00bb custom_padding_phone=\u00bb10px||0px||false|false\u00bb global_colors_info=\u00bb{}\u00bb][et_pb_column type=\u00bb4_4&#8243; _builder_version=\u00bb4.16&#8243; global_colors_info=\u00bb{}\u00bb][et_pb_heading title=\u00bbBIENVENIDOS A LA TIENDA DE\u00bb _builder_version=\u00bb4.27.5&#8243; _module_preset=\u00bbdefault\u00bb title_level=\u00bbh3&#8243; title_text_align=\u00bbcenter\u00bb title_text_color=\u00bbgcid-5eef58f4-760a-49fb-ad33-042d93415a96&#8243; custom_margin_tablet=\u00bb\u00bb custom_margin_phone=\u00bb||0px||false|false\u00bb custom_margin_last_edited=\u00bbon|phone\u00bb global_colors_info=\u00bb{%22gcid-5eef58f4-760a-49fb-ad33-042d93415a96%22:%91%22title_text_color%22%93}\u00bb][\/et_pb_heading][et_pb_heading title=\u00bbPIJAMAS PARA ENURESIS Y SOLUCIONES ABSORBENTES\u00bb _builder_version=\u00bb4.27.5&#8243; _module_preset=\u00bbdefault\u00bb title_text_align=\u00bbcenter\u00bb title_text_color=\u00bb#D35917&#8243; custom_margin=\u00bb||0px||false|false\u00bb custom_margin_tablet=\u00bb||0px||false|false\u00bb custom_margin_phone=\u00bb||-20px||false|false\u00bb custom_margin_last_edited=\u00bbon|desktop\u00bb custom_padding=\u00bb||0px||false|false\u00bb custom_padding_tablet=\u00bb||0px||false|false\u00bb custom_padding_phone=\u00bb||0px||false|false\u00bb custom_padding_last_edited=\u00bbon|phone\u00bb global_colors_info=\u00bb{}\u00bb][\/et_pb_heading][\/et_pb_column][\/et_pb_row][\/et_pb_section][et_pb_section fb_built=\u00bb1&#8243; _builder_version=\u00bb4.27.4&#8243; _module_preset=\u00bbdefault\u00bb background_color=\u00bbgcid-5eef58f4-760a-49fb-ad33-042d93415a96&#8243; custom_margin=\u00bb||-90px||false|false\u00bb custom_padding=\u00bb||0px||false|false\u00bb da_disable_devices=\u00bboff|off|off\u00bb global_colors_info=\u00bb{%22gcid-5eef58f4-760a-49fb-ad33-042d93415a96%22:%91%22background_color%22%93}\u00bb da_is_popup=\u00bboff\u00bb da_exit_intent=\u00bboff\u00bb da_has_close=\u00bbon\u00bb da_alt_close=\u00bboff\u00bb da_dark_close=\u00bboff\u00bb da_not_modal=\u00bbon\u00bb da_is_singular=\u00bboff\u00bb da_with_loader=\u00bboff\u00bb da_has_shadow=\u00bbon\u00bb][et_pb_row column_structure=\u00bb1_4,1_4,1_4,1_4&#8243; _builder_version=\u00bb4.27.4&#8243; _module_preset=\u00bbdefault\u00bb transform_translate=\u00bb0px|-140px\u00bb global_colors_info=\u00bb{}\u00bb][et_pb_column type=\u00bb1_4&#8243; _builder_version=\u00bb4.27.4&#8243; _module_preset=\u00bbdefault\u00bb global_colors_info=\u00bb{}\u00bb][et_pb_blurb title=\u00bbPJAMA PROTECT\u00bb url=\u00bbhttps:\/\/pjama.eu\/es\/pantalones-para-enuresis\/\u00bb image=\u00bbhttps:\/\/pjama.eu\/wp-content\/uploads\/Pjama_shorts_2.jpeg\u00bb alt=\u00bbAcerca de Pjama Bedwetting\u00bb _builder_version=\u00bb4.27.6&#8243; _module_preset=\u00bbdefault\u00bb header_text_align=\u00bbcenter\u00bb header_text_color=\u00bb#D35917&#8243; header_font_size=\u00bb25px\u00bb body_font=\u00bb&#8211;et_global_body_font|&#8211;et_global_heading_font_weight|||||||\u00bb body_text_align=\u00bbcenter\u00bb body_text_color=\u00bb#F8F8F8&#8243; body_font_size=\u00bb16px\u00bb header_text_shadow_style=\u00bbpreset1&#8243; body_text_shadow_style=\u00bbpreset1&#8243; border_radii_image=\u00bbon|10px|10px|10px|10px\u00bb border_width_all_image=\u00bb4px\u00bb border_color_all_image=\u00bb#F8F8F8&#8243; global_colors_info=\u00bb{}\u00bb]<\/p>\n<p>Nuestros pijamas para enuresis ofrecen soluciones absorbentes de confianza que mantienen la cama seca. Ropa de dormir impermeable para m\u00e1xima tranquilidad y discreci\u00f3n.<\/p>\n<p>[\/et_pb_blurb][\/et_pb_column][et_pb_column type=\u00bb1_4&#8243; _builder_version=\u00bb4.27.4&#8243; _module_preset=\u00bbdefault\u00bb global_colors_info=\u00bb{}\u00bb][et_pb_blurb title=\u00bbPJAMA DRYGUARDIANS\u00bb url=\u00bbhttps:\/\/pjama.eu\/es\/alarma-enuresis\/\u00bb image=\u00bbhttps:\/\/pjama.eu\/wp-content\/uploads\/Bedwetting-Treatment-e1694759000209-1-2.jpg\u00bb alt=\u00bbAcerca de Pjama Bedwetting\u00bb _builder_version=\u00bb4.27.6&#8243; _module_preset=\u00bbdefault\u00bb header_text_align=\u00bbcenter\u00bb header_text_color=\u00bb#D35917&#8243; header_font_size=\u00bb25px\u00bb body_font=\u00bb&#8211;et_global_body_font|&#8211;et_global_heading_font_weight|||||||\u00bb body_text_align=\u00bbcenter\u00bb body_text_color=\u00bb#F8F8F8&#8243; body_font_size=\u00bb16px\u00bb header_text_shadow_style=\u00bbpreset1&#8243; body_text_shadow_style=\u00bbpreset1&#8243; border_radii_image=\u00bbon|10px|10px|10px|10px\u00bb border_width_all_image=\u00bb4px\u00bb border_color_all_image=\u00bb#F8F8F8&#8243; global_colors_info=\u00bb{}\u00bb]<\/p>\n<p>Ropa de dormir inteligente con sensores y alarma, cl\u00ednicamente probada para ayudar a ni\u00f1os y adultos a superar la enuresis. Para quienes buscan sequedad duradera, no solo protecci\u00f3n. <\/p>\n<p>[\/et_pb_blurb][\/et_pb_column][et_pb_column type=\u00bb1_4&#8243; _builder_version=\u00bb4.27.4&#8243; _module_preset=\u00bbdefault\u00bb global_colors_info=\u00bb{}\u00bb][et_pb_blurb title=\u00bbACCESORIOS Y ASISTENCIA DIURNA\u00bb url=\u00bbhttps:\/\/pjama.eu\/es\/accesorios-para-enuresis\/\u00bb image=\u00bbhttps:\/\/pjama.eu\/wp-content\/uploads\/Pjama_accessories.png\u00bb alt=\u00bbAccesorios para pijamas\u00bb _builder_version=\u00bb4.27.6&#8243; _module_preset=\u00bbdefault\u00bb header_text_align=\u00bbcenter\u00bb header_text_color=\u00bb#D35917&#8243; header_font_size=\u00bb25px\u00bb body_font=\u00bb&#8211;et_global_body_font|&#8211;et_global_heading_font_weight|||||||\u00bb body_text_align=\u00bbcenter\u00bb body_text_color=\u00bb#F8F8F8&#8243; body_font_size=\u00bb16px\u00bb transform_scale_tablet=\u00bb\u00bb transform_scale_phone=\u00bb90%|90%\u00bb transform_scale_last_edited=\u00bbon|phone\u00bb transform_translate_tablet=\u00bb\u00bb transform_translate_phone=\u00bb\u00bb transform_translate_last_edited=\u00bbon|phone\u00bb transform_rotate_tablet=\u00bb\u00bb transform_rotate_phone=\u00bb\u00bb transform_rotate_last_edited=\u00bbon|phone\u00bb transform_skew_tablet=\u00bb\u00bb transform_skew_phone=\u00bb\u00bb transform_skew_last_edited=\u00bbon|phone\u00bb transform_origin_tablet=\u00bb\u00bb transform_origin_phone=\u00bb\u00bb transform_origin_last_edited=\u00bbon|phone\u00bb transform_styles_last_edited=\u00bbon|phone\u00bb link_option_url=\u00bbhttps:\/\/pjama.eu\/es\/accesorios-para-enuresis\/\u00bb transform_styles_tablet=\u00bb\u00bb transform_styles_phone=\u00bb\u00bb header_text_shadow_style=\u00bbpreset1&#8243; body_text_shadow_style=\u00bbpreset1&#8243; border_radii_image=\u00bbon|10px|10px|10px|10px\u00bb border_width_all_image=\u00bb4px\u00bb border_color_all_image=\u00bb#F8F8F8&#8243; global_colors_info=\u00bb{}\u00bb]<\/p>\n<p>Complementos pr\u00e1cticos que facilitan la vida diaria: desde bolsas impermeables y relojes con alarma vibratoria hasta ropa interior discreta para protegerse durante el d\u00eda.<\/p>\n<p>&nbsp;<\/p>\n<p>[\/et_pb_blurb][\/et_pb_column][et_pb_column type=\u00bb1_4&#8243; _builder_version=\u00bb4.27.4&#8243; _module_preset=\u00bbdefault\u00bb global_colors_info=\u00bb{}\u00bb][et_pb_blurb title=\u00bbPJAMA PARA ADULTOS\u00bb url=\u00bbhttps:\/\/pjama.eu\/es\/enuresis-nocturna-adultos\/\u00bb image=\u00bbhttps:\/\/pjama.eu\/wp-content\/uploads\/Blue_shorts_adult-1-e1694786458678-2.png\u00bb alt=\u00bbEnuresis nocturna adultos\u00bb _builder_version=\u00bb4.27.6&#8243; _module_preset=\u00bbdefault\u00bb header_text_align=\u00bbcenter\u00bb header_text_color=\u00bb#D35917&#8243; header_font_size=\u00bb25px\u00bb body_font=\u00bb&#8211;et_global_body_font|&#8211;et_global_heading_font_weight|||||||\u00bb body_text_align=\u00bbcenter\u00bb body_text_color=\u00bb#F8F8F8&#8243; body_font_size=\u00bb16px\u00bb link_option_url=\u00bbhttps:\/\/pjama.eu\/es\/enuresis-nocturna-adultos\/\u00bb header_text_shadow_style=\u00bbpreset1&#8243; body_text_shadow_style=\u00bbpreset1&#8243; border_radii_image=\u00bbon|10px|10px|10px|10px\u00bb border_width_all_image=\u00bb4px\u00bb border_color_all_image=\u00bb#F8F8F8&#8243; global_colors_info=\u00bb{}\u00bb]<\/p>\n<p>Ropa de dormir absorbente y discreta que mantiene la cama seca en casa o de viaje.<br data-start=\"646\" data-end=\"649\">Confianza y comodidad para los adultos que padecen enuresis<em data-start=\"649\" data-end=\"706\">.<\/em><\/p>\n<p>[\/et_pb_blurb][\/et_pb_column][\/et_pb_row][\/et_pb_section][et_pb_section fb_built=\u00bb1&#8243; _builder_version=\u00bb4.16&#8243; background_color=\u00bb#f8f8f8&#8243; background_enable_image=\u00bboff\u00bb custom_padding=\u00bb0px|||||\u00bb da_disable_devices=\u00bboff|off|off\u00bb global_colors_info=\u00bb{}\u00bb da_is_popup=\u00bboff\u00bb da_exit_intent=\u00bboff\u00bb da_has_close=\u00bbon\u00bb da_alt_close=\u00bboff\u00bb da_dark_close=\u00bboff\u00bb da_not_modal=\u00bbon\u00bb da_is_singular=\u00bboff\u00bb da_with_loader=\u00bboff\u00bb da_has_shadow=\u00bbon\u00bb][\/et_pb_section][et_pb_section fb_built=\u00bb1&#8243; _builder_version=\u00bb4.27.6&#8243; _module_preset=\u00bbdefault\u00bb da_disable_devices=\u00bboff|off|off\u00bb global_colors_info=\u00bb{}\u00bb da_is_popup=\u00bboff\u00bb da_exit_intent=\u00bboff\u00bb da_has_close=\u00bbon\u00bb da_alt_close=\u00bboff\u00bb da_dark_close=\u00bboff\u00bb da_not_modal=\u00bbon\u00bb da_is_singular=\u00bboff\u00bb da_with_loader=\u00bboff\u00bb da_has_shadow=\u00bbon\u00bb][et_pb_row _builder_version=\u00bb4.27.6&#8243; _module_preset=\u00bbdefault\u00bb global_colors_info=\u00bb{}\u00bb][et_pb_column type=\u00bb4_4&#8243; _builder_version=\u00bb4.27.6&#8243; _module_preset=\u00bbdefault\u00bb global_colors_info=\u00bb{}\u00bb][et_pb_text _builder_version=\u00bb4.27.6&#8243; _module_preset=\u00bbdefault\u00bb text_font=\u00bb&#8211;et_global_body_font|&#8211;et_global_heading_font_weight|||||||\u00bb header_text_color=\u00bb#D35917&#8243; header_2_text_color=\u00bb#D35917&#8243; header_3_text_color=\u00bb#072130&#8243; global_colors_info=\u00bb{}\u00bb]<\/p>\n<h3>Pijamas y productos para la enuresis<\/h3>\n<h2>Soluciones para Ni\u00f1os, Adolescentes y Adultos<\/h2>\n<p>La enuresis nocturna afecta a personas de todas las edades. Contar con pijamas para enuresis adecuados permite a ni\u00f1os y adultos gestionar los accidentes nocturnos con total normalidad. Ofrecemos ropa de dormir moderna, discreta y c\u00f3moda para mejorar el descanso.  <\/p>\n<p>En nuestra tienda especializada, encontrar\u00e1 los mejores pijamas para enuresis dise\u00f1ados para la protecci\u00f3n y el tratamiento. Facilitamos la vida cotidiana con ropa de dormir absorbente que garantiza un sue\u00f1o reparador y una protecci\u00f3n fiable durante toda la noche. <\/p>\n<h3>\u00bfQu\u00e9 tipos de pijamas y ropa para enuresis existen?<\/h3>\n<p>Existen varios tipos de productos contra la enuresis que pueden utilizarse por separado o combinados, seg\u00fan las necesidades y circunstancias.<\/p>\n<p><strong>Pjama Protect &#8211; Pijamas para enuresis lavables<\/strong><br \/>Nuestra gama de pantalones y calzoncillos absorbentes protege la cama con la apariencia de un pijama convencional, ofreciendo una soluci\u00f3n reutilizable y ecol\u00f3gica. Se trata de una soluci\u00f3n discreta que puede utilizarse en casa, de viaje o durante las fiestas de pijamas. <\/p>\n<p><strong>Pjama DryGuardians &#8211; Alarmas de enuresis<\/strong><br \/>Las alarmas de enuresis se utilizan a menudo como m\u00e9todo de tratamiento. La alarma reacciona a la humedad y ayuda al cuerpo a aprender a despertarse cuando la vejiga est\u00e1 llena. Con el tiempo, esto puede contribuir a mejorar el control de la vejiga por la noche.  <\/p>\n<p><strong>Accesorios &#8211; Productos de apoyo<\/strong><br \/>Accesorios como relojes recordatorios, sensores y soluciones de almacenamiento pueden ayudar al entrenamiento de la vejiga y facilitar las rutinas diarias.<\/p>\n<p><strong data-start=\"230\" data-end=\"266\">Pijamas para Adultos con Enuresis<\/strong><br data-start=\"266\" data-end=\"269\">Soluciones discretas y c\u00f3modas desarrolladas para adultos que mojan la cama por la noche. Los productos se han dise\u00f1ado para proporcionar una protecci\u00f3n fiable durante toda la noche con el aspecto y el tacto de la ropa de dormir habitual. Esto hace que sean muy adecuados para su uso en casa, de viaje o durante las estancias nocturnas, sin que resulten m\u00e9dicos o restrictivos.  <\/p>\n<p>[\/et_pb_text][\/et_pb_column][\/et_pb_row][et_pb_row _builder_version=\u00bb4.27.6&#8243; _module_preset=\u00bbdefault\u00bb global_colors_info=\u00bb{}\u00bb][et_pb_column type=\u00bb4_4&#8243; _builder_version=\u00bb4.27.6&#8243; _module_preset=\u00bbdefault\u00bb global_colors_info=\u00bb{}\u00bb][et_pb_text _builder_version=\u00bb4.27.6&#8243; _module_preset=\u00bbdefault\u00bb text_font=\u00bb&#8211;et_global_body_font|&#8211;et_global_heading_font_weight|||||||\u00bb header_3_text_color=\u00bb#072130&#8243; global_colors_info=\u00bb{}\u00bb]<\/p>\n<h3>Pijamas Discretos: La Clave para un Mejor Descanso<\/h3>\n<p>Los productos modernos para la enuresis se dise\u00f1an pensando en la comodidad, la discreci\u00f3n y la facilidad de uso. Muchos productos parecen ropa de dormir normal y pueden lavarse y reutilizarse, lo que los hace pr\u00e1cticos y m\u00e1s sostenibles que las alternativas desechables. <\/p>\n<p>Para las familias con ni\u00f1os, los productos adecuados pueden reducir el estr\u00e9s a la hora de dormir. Para los adolescentes y los adultos, las soluciones discretas facilitan el mantenimiento de la intimidad y la participaci\u00f3n en las actividades cotidianas sin preocupaciones. <\/p>\n<h3>C\u00f3mo elegir el mejor pijama para la enuresis<\/h3>\n<p>La elecci\u00f3n de los productos para la enuresis suele depender de la edad, la causa subyacente de la enuresis y las preferencias personales. Algunos dan prioridad a una protecci\u00f3n fiable durante la noche, mientras que otros quieren combinar la protecci\u00f3n con el tratamiento. <\/p>\n<p>Encuentre en Pjama los pijamas para enuresis l\u00edderes en el mercado. Combinamos materiales de alta calidad, dise\u00f1o invisible y tecnolog\u00eda absorbente para devolver la confianza y mejorar la calidad de vida de toda la familia. <\/p>\n<p>[\/et_pb_text][\/et_pb_column][\/et_pb_row][\/et_pb_section]<\/p>\n","protected":false},"excerpt":{"rendered":"<p>Nuestros pijamas para enuresis ofrecen soluciones absorbentes de confianza que mantienen la cama seca. Ropa de dormir impermeable para m\u00e1xima tranquilidad y discreci\u00f3n.Ropa de dormir inteligente con sensores y alarma, cl\u00ednicamente probada para ayudar a ni\u00f1os y adultos a superar la enuresis. Para quienes buscan sequedad duradera, no solo protecci\u00f3n. Complementos pr\u00e1cticos que facilitan la [&hellip;]<\/p>\n","protected":false},"author":33,"featured_media":31075,"parent":0,"menu_order":0,"comment_status":"closed","ping_status":"closed","template":"","meta":{"_et_pb_use_builder":"on","_et_pb_old_content":"","_et_gb_content_width":"","footnotes":""},"class_list":["post-26276","page","type-page","status-publish","has-post-thumbnail","hentry"],"_links":{"self":[{"href":"https:\/\/pjama.eu\/es\/wp-json\/wp\/v2\/pages\/26276","targetHints":{"allow":["GET"]}}],"collection":[{"href":"https:\/\/pjama.eu\/es\/wp-json\/wp\/v2\/pages"}],"about":[{"href":"https:\/\/pjama.eu\/es\/wp-json\/wp\/v2\/types\/page"}],"author":[{"embeddable":true,"href":"https:\/\/pjama.eu\/es\/wp-json\/wp\/v2\/users\/33"}],"replies":[{"embeddable":true,"href":"https:\/\/pjama.eu\/es\/wp-json\/wp\/v2\/comments?post=26276"}],"version-history":[{"count":20,"href":"https:\/\/pjama.eu\/es\/wp-json\/wp\/v2\/pages\/26276\/revisions"}],"predecessor-version":[{"id":35678,"href":"https:\/\/pjama.eu\/es\/wp-json\/wp\/v2\/pages\/26276\/revisions\/35678"}],"wp:featuredmedia":[{"embeddable":true,"href":"https:\/\/pjama.eu\/es\/wp-json\/wp\/v2\/media\/31075"}],"wp:attachment":[{"href":"https:\/\/pjama.eu\/es\/wp-json\/wp\/v2\/media?parent=26276"}],"curies":[{"name":"wp","href":"https:\/\/api.w.org\/{rel}","templated":true}]}}