{"id":24432,"date":"2022-12-15T14:46:15","date_gmt":"2022-12-15T13:46:15","guid":{"rendered":"https:\/\/pjama.eu\/product\/pjama-reloj-con-alarma-vibratoria-azul-claro\/"},"modified":"2026-04-07T12:12:18","modified_gmt":"2026-04-07T10:12:18","slug":"reloj-recordatorio-para-ir-al-bano-azul-claro","status":"publish","type":"product","link":"https:\/\/pjama.eu\/es\/producto\/reloj-recordatorio-para-ir-al-bano-azul-claro\/","title":{"rendered":"Reloj Recordatorio para ir al Ba\u00f1o Azul Claro &#8211; Pjama con Alarma Vibratoria"},"content":{"rendered":"<h3 style=\"color: #d35917;\">Reloj Recordatorio para ir al Ba\u00f1o Azul Claro &#8211; Pjama con Alarma Vibratoria<\/h3>\n<p>El reloj recordatorio para ir al ba\u00f1o azul claro de Pjama es un elegante accesorio con alarma vibratoria, dise\u00f1ado espec\u00edficamente para gestionar las p\u00e9rdidas de orina diurnas mediante alertas programadas. La alarma puede programarse hasta para 8 intervalos al d\u00eda. La banda es de silicona suave y flexible, ajustable al tama\u00f1o adecuado. Este reloj recordatorio para ir al ba\u00f1o azul claro cuenta con una pantalla LED digital de alta visibilidad para facilitar su lectura. Este reloj recordatorio para ir al ba\u00f1o azul claro es la herramienta ideal para ni\u00f1os que necesitan autonom\u00eda en su rutina diaria.  El reloj muestra la hora como un reloj normal. El reloj recordatorio para ir al ba\u00f1o azul claro se utiliza para avisar a ni\u00f1os y adultos de que deben vaciar la vejiga, promoviendo h\u00e1bitos saludables de micci\u00f3n. Funciona como un pr\u00e1ctico y discreto reloj de pulsera con vibraci\u00f3n para uso diario. <\/p>\n<h4 style=\"color: #072130;\">GU\u00cdA DE USO: RELOJ RECORDATORIO PARA IR AL BA\u00d1O<\/h4>\n<p>El reloj recordatorio para ir al ba\u00f1o azul claro es la soluci\u00f3n perfecta para ni\u00f1os y adultos con enuresis diurna que requieren asistencia discreta.<br \/>\n&#8211; Pulse el bot\u00f3n Hora\/Alarma una vez para mostrar la hora.<br \/>\n&#8211; Pulse dos veces el bot\u00f3n Hora\/Alarma para comprobar la carga de la bater\u00eda (de 0 a 100 por ciento).<br \/>\n&#8211; La vibraci\u00f3n puede detenerse inmediatamente pulsando un bot\u00f3n, o se detendr\u00e1 autom\u00e1ticamente transcurridos 60 segundos.<\/p>\n<p>Al ser un reloj recordatorio para ir al ba\u00f1o azul claro, emite vibraciones silenciosas que no interrumpen las clases ni las actividades sociales.<\/p>\n<h4 style=\"color: #072130;\">C\u00d3MO CARGAR SU RELOJ RECORDATORIO PARA IR AL BA\u00d1O<\/h4>\n<p>Saque el reloj de la funda de silicona y conecte el puerto USB del reloj a la fuente de alimentaci\u00f3n (5 V) o al ordenador port\u00e1til. Una luz azul indica que se est\u00e1 cargando cuando el cable USB est\u00e1 conectado. Una vez cargada por completo, la luz indicadora azul permanecer\u00e1 encendida. Una bater\u00eda completamente cargada puede durar entre 6 y 15 d\u00edas.    El dise\u00f1o del reloj recordatorio para ir al ba\u00f1o azul claro garantiza durabilidad y facilidad de uso para todas las edades.<\/p>\n<h4 style=\"color: #072130;\">Detalles<\/h4>\n<p>Fuente de alimentaci\u00f3n: DC 5V, Entrada de carga: Micro USB, Rango de temperatura: 0 a 45 grados Celcius<\/p>\n<h4 style=\"color: #072130;\">Consejos para ni\u00f1os con incontinencia urinaria diurna<\/h4>\n<p>La enuresis diurna en los ni\u00f1os es un problema frecuente. Alrededor del 3-4% de los ni\u00f1os de entre 3 y 12 a\u00f1os experimentan p\u00e9rdidas de orina diurnas con regularidad, pero pueden desaparecer con el apoyo adecuado. <\/p>\n<ul>\n<li>Anima al ni\u00f1o a ir al ba\u00f1o con regularidad, aunque no sienta la necesidad.<\/li>\n<li>Planifica horarios regulares para ir al ba\u00f1o y aseg\u00farate de que el ni\u00f1o vac\u00eda completamente la vejiga.<\/li>\n<li>Un diario de orina puede ayudar a seguir las pautas y mejorar el control de la vejiga.<\/li>\n<li>No castigues nunca al ni\u00f1o por los accidentes, ali\u00e9ntalo y refuerza su confianza.<\/li>\n<li>Aseg\u00farese de que el ni\u00f1o bebe lo suficiente para mantener una hidrataci\u00f3n adecuada y facilitar las visitas al ba\u00f1o.<\/li>\n<li>Un reloj recordatorio para ir al ba\u00f1o azul claro es el aliado perfecto cuando los padres no pueden estar presentes para supervisar las visitas al aseo.<\/li>\n<\/ul>\n<h4 style=\"color: #072130;\">Si su hijo moja la cama por la noche<\/h4>\n<p>El t\u00e9rmino m\u00e9dico para la enuresis es enuresis nocturna. Los expertos calculan que hasta 160 millones de personas en todo el mundo sufren enuresis. La enuresis puede afectar negativamente a las familias, pero existen algunos consejos para controlar el problema. Aqu\u00ed tienes una peque\u00f1a lista que puede ayudarte:   <\/p>\n<ul>\n<li>La enuresis no es culpa del ni\u00f1o. No lo castigue ni se burle de \u00e9l. <\/li>\n<li>Deja que el ni\u00f1o beba todo lo que quiera. Las investigaciones suecas han demostrado que tiene poco impacto en el tratamiento Alarma pip\u00ed nocturno. <\/li>\n<li>Utiliza <a href=\"https:\/\/pjama.eu\/es\/pantalones-para-enuresis\/\">el Pjama<\/a> cuando el ni\u00f1o duerma, tanto en casa como fuera.<\/li>\n<li>Para gestionar eficazmente la incontinencia diurna, el reloj recordatorio para ir al ba\u00f1o azul claro de Pjama ofrece la mejor tecnolog\u00eda vibratoria.<\/li>\n<li>Descargue nuestra <a href=\"https:\/\/pjama.eu\/es\/app-para-dejar-de-mojar-la-cama\/\">aplicaci\u00f3n DryGuardians<\/a> para utilizar el calendario y realizar un seguimiento de los progresos. Tambi\u00e9n le ser\u00e1 \u00fatil si se pone en contacto con un m\u00e9dico. <\/li>\n<li>Hablemos de ello Muchos adultos y ni\u00f1os sufren enuresis, pero nadie habla de ello. <\/li>\n<\/ul>\n<h4 style=\"color: #072130;\">\u00bfQuiere saber m\u00e1s?<\/h4>\n<p>Puedes leer m\u00e1s sobre la<a href=\"https:\/\/pjama.eu\/es\/que-es-la-enuresis\/\">enuresis en nuestra p\u00e1gina\u00bb\u00bfQu\u00e9 es la enuresis?<\/a>\u00ab.<\/p>\n","protected":false},"excerpt":{"rendered":"<h4>Pjama Reloj con Alarma Vibratoria Lightblue<\/h4>\n<p>Un elegante y moderno Pjama Reloj con Alarma Vibratoria que se utiliza para las p\u00e9rdidas de orina diurnas como recordatorio para ir al ba\u00f1o o para otros recordatorios.<\/p>\n<ul>\n<li>Pantalla LED digital.<\/li>\n<li>El reloj muestra la hora como un reloj normal.<\/li>\n<li>La alarma puede programarse hasta para 8 intervalos al d\u00eda.<\/li>\n<li>La banda es de silicona suave y flexible, ajustable al tama\u00f1o adecuado.<\/li>\n<li>Se carga mediante Micro USB.<\/li>\n<li>La bater\u00eda de un reloj completamente cargado dura entre 6 y 15 d\u00edas.<\/li>\n<\/ul>\n<p>Cuando el Pjama Reloj con Alarma Vibratoria Lightblue ya no sea necesario para los recordatorios del aseo, puede utilizarse como un reloj de pulsera normal.<\/p>\n","protected":false},"featured_media":24434,"template":"","meta":{"_et_pb_use_builder":"","_et_pb_old_content":"","_et_gb_content_width":""},"product_brand":[],"product_cat":[314,316],"product_tag":[],"class_list":{"0":"post-24432","1":"product","2":"type-product","3":"status-publish","4":"has-post-thumbnail","6":"product_cat-reloj-con-alarma-vibratoria","7":"product_cat-accesorios_2025","8":"product_shipping_class-ue","10":"first","11":"instock","12":"taxable","13":"shipping-taxable","14":"purchasable","15":"product-type-simple"},"composite_virtual":false,"composite_layout":"","composite_add_to_cart_form_location":"","composite_editable_in_cart":false,"composite_sold_individually_context":"","composite_shop_price_calc":"","composite_components":[],"composite_scenarios":[],"_links":{"self":[{"href":"https:\/\/pjama.eu\/es\/wp-json\/wp\/v2\/product\/24432","targetHints":{"allow":["GET"]}}],"collection":[{"href":"https:\/\/pjama.eu\/es\/wp-json\/wp\/v2\/product"}],"about":[{"href":"https:\/\/pjama.eu\/es\/wp-json\/wp\/v2\/types\/product"}],"wp:featuredmedia":[{"embeddable":true,"href":"https:\/\/pjama.eu\/es\/wp-json\/wp\/v2\/media\/24434"}],"wp:attachment":[{"href":"https:\/\/pjama.eu\/es\/wp-json\/wp\/v2\/media?parent=24432"}],"wp:term":[{"taxonomy":"product_brand","embeddable":true,"href":"https:\/\/pjama.eu\/es\/wp-json\/wp\/v2\/product_brand?post=24432"},{"taxonomy":"product_cat","embeddable":true,"href":"https:\/\/pjama.eu\/es\/wp-json\/wp\/v2\/product_cat?post=24432"},{"taxonomy":"product_tag","embeddable":true,"href":"https:\/\/pjama.eu\/es\/wp-json\/wp\/v2\/product_tag?post=24432"}],"curies":[{"name":"wp","href":"https:\/\/api.w.org\/{rel}","templated":true}]}}