{"id":24640,"date":"2020-06-04T09:46:01","date_gmt":"2020-06-04T07:46:01","guid":{"rendered":"https:\/\/pjama.eu\/product\/pjama-dryguardians-set-de-alarma-para-enuresis\/"},"modified":"2026-04-07T12:19:13","modified_gmt":"2026-04-07T10:19:13","slug":"alarma-pipi-nocturno","status":"publish","type":"product","link":"https:\/\/pjama.eu\/es\/producto\/alarma-pipi-nocturno\/","title":{"rendered":"Alarma Pip\u00ed Nocturno Pjama DryGuardians: Set de Tratamiento"},"content":{"rendered":"<h3 style=\"color: #d35917;\">Alarma Pip\u00ed Nocturno Pjama DryGuardians: Set de Tratamiento<\/h3>\n<h4 style=\"color: #072130;\">Tratamiento eficaz con alarma pip\u00ed nocturno<\/h4>\n<p>El set de alarma pip\u00ed nocturno Pjama DryGuardians es la herramienta m\u00e1s eficaz para tratar la enuresis y dejar de mojar la cama, tanto en ni\u00f1os como en adultos. Los estudios demuestran que la clave para superar la enuresis es mantener la motivaci\u00f3n y utilizar el tratamiento de forma constante todas las noches. Este set facilita el seguimiento y el \u00e9xito.  <\/p>\n<p>Nuestra alarma pip\u00ed nocturno es compatible con toda la gama de ropa de tratamiento Pjama: pantalones, shorts y ropa interior absorbente. Consta de un sensor que se sujeta a la prenda y un altavoz que se coloca cerca de la cama. Cuando el sensor detecta humedad, la alarma se dispara, despertando al usuario. El uso constante ayuda a entrenar al cerebro para que responda a las se\u00f1ales del cuerpo y elimine el h\u00e1bito de mojar la cama.   <\/p>\n<p>Con el kit completo de tratamiento Pjama (que incluye los pantalones o shorts grises de tratamiento), obtendr\u00e1 protecci\u00f3n y tratamiento en uno. Para las fiestas de pijamas, el sensor puede conectarse al<br \/>\n<strong>DryGuardians App<\/strong> en un tel\u00e9fono, lo que permite vibraciones discretas en lugar de una alarma ruidosa. De este modo, los ni\u00f1os pueden continuar el tratamiento sin interrupciones, incluso fuera de casa. <\/p>\n<h4 style=\"color: #072130;\">\u00bfC\u00f3mo funciona esta alarma pip\u00ed nocturno y el set DryGuardians?<\/h4>\n<p>El sensor se fija a la cintura de las prendas de Pjama, que incorporan cables sensores integrados que ampl\u00edan el \u00e1rea de detecci\u00f3n. Esto garantiza una detecci\u00f3n fiable independientemente de d\u00f3nde caiga la orina o de la posici\u00f3n en que duerma el usuario. Esta funcionalidad es especialmente valiosa para los ni\u00f1os, pero igualmente importante para las ni\u00f1as que duermen en distintas posiciones.  <\/p>\n<p>Cuando se detecta humedad, la unidad de alarma conectada se activa inmediatamente, interrumpiendo la enuresis y animando al usuario a despertarse e ir al ba\u00f1o.<\/p>\n<h4 style=\"color: #072130;\">Ventajas de la alarma pip\u00ed nocturno Pjama<\/h4>\n<ul>\n<li><strong>Tratamiento eficaz:<\/strong> Una alarma pip\u00ed nocturno dise\u00f1ada para eliminar la enuresis en ni\u00f1os y adultos de forma definitiva.<\/li>\n<li><strong>Dise\u00f1ado para dormir:<\/strong> Comb\u00ednalo con la aplicaci\u00f3n DryGuardians para disfrutar de vibraciones discretas.<\/li>\n<li><strong>Carga USB:<\/strong> Carga c\u00f3moda y r\u00e1pida mediante USB.<\/li>\n<li><strong>Sistema inal\u00e1mbrico:<\/strong> La unidad de alarma puede colocarse hasta a 10 metros del sensor.<\/li>\n<li><strong>Alertas en tiempo real:<\/strong> Conecta la alarma pip\u00ed nocturno al m\u00f3vil de los padres para una supervisi\u00f3n inmediata.<\/li>\n<\/ul>\n<h4 style=\"color: #072130;\">Controla la alarma pip\u00ed nocturno con la App DryGuardians<\/h4>\n<p>La aplicaci\u00f3n DryGuardians le permite registrar accidentes, seguir el progreso del tratamiento y recibir recomendaciones personalizadas desarrolladas en colaboraci\u00f3n con Swedish healthcare. Estas ideas ayudan a optimizar el tratamiento y proporcionan informaci\u00f3n valiosa para compartir con los m\u00e9dicos si es necesario. <\/p>\n<h4 style=\"color: #072130;\">Consejos pr\u00e1cticos de uso<\/h4>\n<ul>\n<li>Aseg\u00farese de que las prendas se ajustan correctamente y ajuste el volumen de la alarma a un nivel adecuado.<\/li>\n<li>Explique a su hijo c\u00f3mo funciona la alarma pip\u00ed nocturno para aumentar su compromiso con el tratamiento.<\/li>\n<li>Cuando suene la alarma, despierta al ni\u00f1o y gu\u00edalo al ba\u00f1o.<\/li>\n<li>Siga las instrucciones de lavado de las prendas para mantener la calidad.<\/li>\n<\/ul>\n<h4 style=\"color: #072130;\">Cuidado de los sensores<\/h4>\n<p><span style=\"font-weight: 400;\">Para obtener el mejor rendimiento, retire y seque siempre el sensor despu\u00e9s de utilizarlo.<\/span> <span style=\"font-weight: 400;\">Evita dejarlo pegado a una prenda mojada: esto ayuda a prevenir la corrosi\u00f3n y alarga la vida de la bater\u00eda.<\/span><\/p>\n<h4 style=\"color: #072130;\">La motivaci\u00f3n y la paciencia son la clave<\/h4>\n<p>Tratar la enuresis requiere tiempo, motivaci\u00f3n y \u00e1nimos. Los padres deben apoyar a sus hijos con comentarios positivos y celebrar sus progresos. Establecer peque\u00f1os hitos ayuda a mantener alta la motivaci\u00f3n, con el objetivo final de librarse de la enuresis.  <\/p>\n<p>Si busca la mejor soluci\u00f3n contra la enuresis, descubra por qu\u00e9 nuestra alarma pip\u00ed nocturno es la preferida visitando nuestra <a href=\"https:\/\/pjama.eu\/es\/\">web oficial<\/a> o descargue el manual del producto <a href=\"https:\/\/pjama.eu\/es\/manuales-de-productos\/\">aqu\u00ed<\/a>.<\/p>\n<footer>\u00a9 2024 Pjama.<\/footer>\n","protected":false},"excerpt":{"rendered":"<h3>Alarma de enuresis &#8211; incluye sensor y altavoz &#8211; parte del m\u00e9todo DryGuardians<\/h3>\n<p>El Pjama DryGuardians Set de Alarma pip\u00ed nocturno incluye:<\/p>\n<ul>\n<li>Sensor que se fija con botones a presi\u00f3n<\/li>\n<li>Altavoz para colocar cerca de la cama<\/li>\n<\/ul>\n<p>El sensor se acopla a los pantalones para pijama, calzoncillos, b\u00f3xers o braguitas y proporciona una forma sencilla, eficaz y fiable de tratar la enuresis y la enuresis.<\/p>\n<p>Para utilizar el set de alarma de enuresis con su smartphone, descargue la <strong>App DryGuardians<\/strong> de forma gratuita desde <a href=\"https:\/\/play.google.com\/store\/apps\/details?id=com.pjama&amp;hl=es&amp;gl=ES\">Google Play<\/a> o <a href=\"https:\/\/apps.apple.com\/es\/app\/dryguardians\/id1498084664\">App Store<\/a>.<\/p>\n","protected":false},"featured_media":31180,"template":"","meta":{"_et_pb_use_builder":"off","_et_pb_old_content":"<h3>Bedwetting Alarm for Pjama Treatment Series<\/h3>\r\n<h4>Treatment with Bedwetting Alarm<\/h4>\r\nThe bedwetting alarm is an effective tool for treating bedwetting and nighttime enuresis, for both children and adults. Research shows that about 70% of individuals who undergo bedwetting treatment with an alarm are completely cured, provided there is motivation to follow the treatment every night during the treatment period. The Pjama bedwetting alarm works with all Pjama treatment garments, including pants, shorts, and underwear. The alarm consists of a sensor that clips onto Pjama pants or underwear and a loudspeaker unit placed by the bed. When the sensor detects moisture, the bedwetting alarm is triggered, waking the person undergoing treatment. Consistent use during the treatment period helps break the bedwetting habit, also known as nighttime enuresis.\r\n\r\nWith the Pjama treatment kit, which includes gray treatment pants or shorts, you get both protection and treatment in one. The Pjama pants or shorts keep the bed dry, while the bedwetting alarm helps establish new routines. For sleepovers, the sensor can be connected to the DryGuardians app on your phone, allowing for discreet vibrations instead of a loud alarm. This is perfect for children with enuresis who want to attend sleepovers without interrupting their treatment.\r\n<h4>How Does the Pjama Bedwetting Alarm Work?<\/h4>\r\nThe bedwetting alarm is designed to help both children and adults with bedwetting and acts as a first-line treatment for enuresis. The sensor attached to the Pjama clothing is connected to an alarm unit that activates upon contact with moisture. This bedwetting treatment works by immediately interrupting the bedwetting, training the brain to respond to the body's signals. The treatment garments have integrated sensor wires, which increase the surface area of the sensor. This means that no matter where the urine lands or the sleeping position you or your child is in, the alarm will reliably detect bedwetting. This feature can be especially valuable for boys, as the area where urine first contacts can vary. The same applies to girls who sleep in different positions, particularly if they often sleep on their back.\r\n<h4>Features and Benefits of the Pjama Bedwetting Alarm<\/h4>\r\n<ul>\r\n \t<li><strong>Effective Treatment:<\/strong> Helps with nighttime enuresis for both children and adults.<\/li>\r\n \t<li><strong>Designed for Sleepovers:<\/strong> Use a mobile phone and the DryGuardians app for discreet treatment.<\/li>\r\n \t<li><strong>USB Charging:<\/strong> The alarm unit is easily charged with a USB charger.<\/li>\r\n \t<li><strong>Wireless System:<\/strong> The alarm unit can be placed up to 10 meters from the sensor.<\/li>\r\n \t<li><strong>Parent Notifications:<\/strong> Connect the bedwetting alarm to a parent's phone to receive notifications upon leakage.<\/li>\r\n<\/ul>\r\n<h4>Track Progress with the DryGuardians App<\/h4>\r\nWith the DryGuardians app, you can easily track progress in treating bedwetting and nighttime enuresis. DryGuardians provides predictions and recommendations developed in collaboration with Swedish healthcare, tailored to how your treatment progresses and ensuring that it is optimized for your specific circumstances and results. Log all accidents and track trends over time, which can help you or your child stay motivated. The collected information is also valuable to share with a doctor if additional advice is needed.\r\n<h4>Practical Tips for Use<\/h4>\r\n<ul>\r\n \t<li>Ensure the clothes fit properly and choose an alarm volume that suits your needs.<\/li>\r\n \t<li>Teach the child how the bedwetting alarm works and involve them in the process.<\/li>\r\n \t<li>When the alarm goes off, wake the child and help them go to the bathroom.<\/li>\r\n \t<li>Wash the Pjama garments according to the instructions to maintain quality.<\/li>\r\n<\/ul>\r\n<h4>Motivation and Patience Are Key<\/h4>\r\nTreating bedwetting and nighttime enuresis is a process that requires both motivation and patience, whether you are an adult or a child. Parents should encourage their children and provide positive feedback for every progress made. Setting smaller goals along the way can help maintain high motivation, with the ultimate goal of becoming free from bedwetting.\r\n\r\nFor more information about bedwetting alarms and enuresis alarms for both children and adults, read more on our <a href=\"https:\/\/pjama.se\">website<\/a> or download the manual <a href=\"https:\/\/pjama.se\/produkt-manualer\/\">here<\/a>.\r\n\r\n<footer>\u00a9 2024 Pjama.<\/footer>\u00a0","_et_gb_content_width":""},"product_brand":[],"product_cat":[343,341,344,342],"product_tag":[],"class_list":{"0":"post-24640","1":"product","2":"type-product","3":"status-publish","4":"has-post-thumbnail","6":"product_cat-alarma-pipi-nocturno","7":"product_cat-accesorios","8":"product_cat-pjamadryguardians_2025","9":"product_cat-tratamiento-pjama","10":"product_shipping_class-ue","12":"first","13":"instock","14":"taxable","15":"shipping-taxable","16":"purchasable","17":"product-type-simple"},"composite_virtual":false,"composite_layout":"","composite_add_to_cart_form_location":"","composite_editable_in_cart":false,"composite_sold_individually_context":"","composite_shop_price_calc":"","composite_components":[],"composite_scenarios":[],"_links":{"self":[{"href":"https:\/\/pjama.eu\/es\/wp-json\/wp\/v2\/product\/24640","targetHints":{"allow":["GET"]}}],"collection":[{"href":"https:\/\/pjama.eu\/es\/wp-json\/wp\/v2\/product"}],"about":[{"href":"https:\/\/pjama.eu\/es\/wp-json\/wp\/v2\/types\/product"}],"wp:featuredmedia":[{"embeddable":true,"href":"https:\/\/pjama.eu\/es\/wp-json\/wp\/v2\/media\/31180"}],"wp:attachment":[{"href":"https:\/\/pjama.eu\/es\/wp-json\/wp\/v2\/media?parent=24640"}],"wp:term":[{"taxonomy":"product_brand","embeddable":true,"href":"https:\/\/pjama.eu\/es\/wp-json\/wp\/v2\/product_brand?post=24640"},{"taxonomy":"product_cat","embeddable":true,"href":"https:\/\/pjama.eu\/es\/wp-json\/wp\/v2\/product_cat?post=24640"},{"taxonomy":"product_tag","embeddable":true,"href":"https:\/\/pjama.eu\/es\/wp-json\/wp\/v2\/product_tag?post=24640"}],"curies":[{"name":"wp","href":"https:\/\/api.w.org\/{rel}","templated":true}]}}