{"id":24720,"date":"2022-12-15T14:31:34","date_gmt":"2022-12-15T13:31:34","guid":{"rendered":"https:\/\/pjama.eu\/product\/pjama-reloj-con-alarma-vibratoria-negro\/"},"modified":"2026-04-07T11:55:18","modified_gmt":"2026-04-07T09:55:18","slug":"reloj-recordatorio-para-ir-al-bano","status":"publish","type":"product","link":"https:\/\/pjama.eu\/es\/producto\/reloj-recordatorio-para-ir-al-bano\/","title":{"rendered":"Reloj Recordatorio para Ir al Ba\u00f1o Pjama &#8211; Alarma Vibratoria"},"content":{"rendered":"<h3 style=\"color: #d35917;\">Reloj Recordatorio para Ir al Ba\u00f1o Pjama &#8211; Alarma Vibratoria<\/h3>\n<p>Este elegante reloj recordatorio para ir al ba\u00f1o con alarma vibratoria de Pjama es la soluci\u00f3n ideal para gestionar las p\u00e9rdidas de orina diurnas mediante alertas discretas y efectivas.<\/p>\n<ul>\n<li>Pantalla LED digital.<\/li>\n<li>El reloj muestra la hora como un reloj normal.<\/li>\n<li>La alarma puede programarse hasta para 8 intervalos al d\u00eda.<\/li>\n<li>La banda es de silicona suave y flexible, ajustable al tama\u00f1o adecuado.<\/li>\n<li>Se carga mediante Micro USB.<\/li>\n<li>La pila de un reloj completamente cargado puede durar entre 6 y 15 d\u00edas.<\/li>\n<\/ul>\n<p>Una vez superada la fase de entrenamiento, este reloj recordatorio para ir al ba\u00f1o sigue siendo \u00fatil como un reloj de pulsera moderno y funcional para el d\u00eda a d\u00eda.<\/p>\n<h4 style=\"color: #072130;\">C\u00f3mo usar su reloj recordatorio para ir al ba\u00f1o<\/h4>\n<p>El reloj recordatorio para ir al ba\u00f1o Pjama con alarma vibratoria es perfecto para ni\u00f1os y adultos que requieren avisos frecuentes para mantener la vejiga vac\u00eda durante el d\u00eda.<\/p>\n<ul>\n<li>Pulse el bot\u00f3n Hora\/Alarma una vez para mostrar la hora.<\/li>\n<li>Pulse dos veces el bot\u00f3n Hora\/Alarma para comprobar la carga de la bater\u00eda (de 0 a 100 por ciento).<\/li>\n<li>La vibraci\u00f3n puede detenerse inmediatamente pulsando un bot\u00f3n, o se detendr\u00e1 autom\u00e1ticamente transcurridos 60 segundos.<\/li>\n<\/ul>\n<p>Gracias a su tecnolog\u00eda silenciosa, este reloj recordatorio para ir al ba\u00f1o emite vibraciones discretas que alertan al usuario sin interrumpir sus actividades sociales o escolares.<\/p>\n<h4 style=\"color: #072130;\">Carga y mantenimiento del reloj recordatorio<\/h4>\n<p>Retira el reloj de la funda de silicona y conecta el puerto USB del reloj a tu power bank (5V) o a tu ordenador port\u00e1til. Una luz azul indicar\u00e1 que se est\u00e1 cargando. Cuando el reloj est\u00e9 cargado al 100%, la luz indicadora azul permanecer\u00e1 encendida. La bater\u00eda en una carga completa puede durar de 6 a 15 d\u00edas. El dise\u00f1o del reloj recordatorio para ir al ba\u00f1o Pjama garantiza durabilidad y una interfaz intuitiva, facilitando su uso en cualquier rango de edad.   <\/p>\n<h4 style=\"color: #072130;\">Detalles<\/h4>\n<p>Alimentaci\u00f3n: DC 5V, Entrada de carga: Micro USB, Rango de temperatura de funcionamiento: 0 a 45\u00b0Celcius.<\/p>\n<h4 style=\"color: #072130;\">Consejos y uso del reloj recordatorio para la enuresis diurna<\/h4>\n<p>La enuresis diurna es un problema frecuente entre los ni\u00f1os. Alrededor del 3-4% de los ni\u00f1os de entre 3 y 12 a\u00f1os experimentan p\u00e9rdidas de orina diurnas con regularidad, pero pueden reducirse con un apoyo adecuado. <\/p>\n<ul>\n<li>Anima al ni\u00f1o a ir al ba\u00f1o con regularidad, aunque no tenga ganas.<\/li>\n<li>Programar horarios fijos para ir al ba\u00f1o y asegurarse de que el ni\u00f1o vac\u00eda completamente la vejiga.<\/li>\n<li>Un diario de micciones puede ayudar a seguir los patrones y mejorar el control de la vejiga.<\/li>\n<li>No castigue nunca al ni\u00f1o por los accidentes, sino an\u00edmele y refuerce su confianza.<\/li>\n<li>Aseg\u00farese de que el ni\u00f1o bebe suficiente agua para mantener una buena hidrataci\u00f3n y facilitar las visitas al ba\u00f1o.<\/li>\n<li>El uso de un reloj recordatorio para ir al ba\u00f1o con vibraci\u00f3n es una herramienta esencial para fomentar la autonom\u00eda del ni\u00f1o, asegurando que acuda al aseo incluso sin supervisi\u00f3n constante.<\/li>\n<\/ul>\n<h4 style=\"color: #072130;\">\u00bfY si su hijo se orina en la cama por la noche?<\/h4>\n<p>El t\u00e9rmino m\u00e9dico para la enuresis es enuresis nocturna. Los expertos calculan que hasta 160 millones de personas en todo el mundo sufren enuresis. La enuresis puede afectar considerablemente a las familias. Sin embargo, hay algunos consejos sobre c\u00f3mo gestionar el problema:   <\/p>\n<ul>\n<li>La enuresis no es culpa del ni\u00f1o. Nunca castigue ni se burle del ni\u00f1o. <\/li>\n<li>Permita que el ni\u00f1o beba lo que quiera. La investigaci\u00f3n sueca ha demostrado que tiene poco impacto en los tratamientos de Alarma pip\u00ed nocturno. <\/li>\n<li>Utiliza <a href=\"https:\/\/pjama.eu\/es\/pantalones-para-enuresis\/\">el Pjama<\/a> cuando el ni\u00f1o duerma, tanto en casa como fuera.<\/li>\n<li>Combine el tratamiento nocturno con nuestro reloj recordatorio para ir al ba\u00f1o durante el d\u00eda para obtener resultados m\u00e1s r\u00e1pidos y efectivos.<\/li>\n<li>Descargue nuestra <a href=\"https:\/\/pjama.eu\/es\/app-para-dejar-de-mojar-la-cama\/\">aplicaci\u00f3n DryGuardians<\/a> para utilizar el calendario y realizar un seguimiento de los progresos. Tambi\u00e9n le ser\u00e1 \u00fatil para ponerse en contacto con un m\u00e9dico. <\/li>\n<li>Hablemos de ello Muchos adultos y ni\u00f1os sufren enuresis, pero nadie habla de ello. <\/li>\n<\/ul>\n<h4 style=\"color: #072130;\">\u00bfQuiere saber m\u00e1s?<\/h4>\n<p>Puedes leer m\u00e1s sobre la <a href=\"https:\/\/pjama.eu\/es\/que-es-la-enuresis\/\">enuresis con nosotros en \u00bfQu\u00e9 es la enuresis?<\/a><\/p>\n","protected":false},"excerpt":{"rendered":"<h4><span data-sheets-root=\"1\">Discreet Pjama Reloj con Alarma Vibratoria &#8211; Negro &#8211; recordatorios diurnos para ir al ba\u00f1o o tomar la medicaci\u00f3n<\/span><\/h4>\n<p>Un elegante y moderno Pjama Reloj con Alarma Vibratoria &#8211; Negro utilizado para las p\u00e9rdidas de orina diurnas como recordatorio para ir al ba\u00f1o o para otros recordatorios.<\/p>\n<ul>\n<li>Pantalla LED digital.<\/li>\n<li>El reloj muestra la hora como un reloj normal.<\/li>\n<li>La alarma puede programarse hasta para 8 intervalos al d\u00eda.<\/li>\n<li>La banda es de silicona suave y flexible, ajustable al tama\u00f1o adecuado.<\/li>\n<li>Se carga mediante Micro USB.<\/li>\n<li>La pila de un reloj completamente cargado puede durar entre 6 y 15 d\u00edas.<\/li>\n<\/ul>\n<p>Cuando el reloj ya no es necesario como recordatorio de las visitas al ba\u00f1o, funciona perfectamente como un reloj de pulsera normal.<\/p>\n","protected":false},"featured_media":24722,"template":"","meta":{"_et_pb_use_builder":"","_et_pb_old_content":"","_et_gb_content_width":""},"product_brand":[],"product_cat":[314,316,312],"product_tag":[],"class_list":{"0":"post-24720","1":"product","2":"type-product","3":"status-publish","4":"has-post-thumbnail","6":"product_cat-reloj-con-alarma-vibratoria","7":"product_cat-accesorios_2025","8":"product_cat-ninos","9":"product_shipping_class-ue","11":"first","12":"instock","13":"taxable","14":"shipping-taxable","15":"purchasable","16":"product-type-simple"},"composite_virtual":false,"composite_layout":"","composite_add_to_cart_form_location":"","composite_editable_in_cart":false,"composite_sold_individually_context":"","composite_shop_price_calc":"","composite_components":[],"composite_scenarios":[],"_links":{"self":[{"href":"https:\/\/pjama.eu\/es\/wp-json\/wp\/v2\/product\/24720","targetHints":{"allow":["GET"]}}],"collection":[{"href":"https:\/\/pjama.eu\/es\/wp-json\/wp\/v2\/product"}],"about":[{"href":"https:\/\/pjama.eu\/es\/wp-json\/wp\/v2\/types\/product"}],"wp:featuredmedia":[{"embeddable":true,"href":"https:\/\/pjama.eu\/es\/wp-json\/wp\/v2\/media\/24722"}],"wp:attachment":[{"href":"https:\/\/pjama.eu\/es\/wp-json\/wp\/v2\/media?parent=24720"}],"wp:term":[{"taxonomy":"product_brand","embeddable":true,"href":"https:\/\/pjama.eu\/es\/wp-json\/wp\/v2\/product_brand?post=24720"},{"taxonomy":"product_cat","embeddable":true,"href":"https:\/\/pjama.eu\/es\/wp-json\/wp\/v2\/product_cat?post=24720"},{"taxonomy":"product_tag","embeddable":true,"href":"https:\/\/pjama.eu\/es\/wp-json\/wp\/v2\/product_tag?post=24720"}],"curies":[{"name":"wp","href":"https:\/\/api.w.org\/{rel}","templated":true}]}}