{"id":24724,"date":"2021-01-29T14:39:48","date_gmt":"2021-01-29T13:39:48","guid":{"rendered":"https:\/\/pjama.eu\/product\/pjama-dryguardians-altavoz-de-alarma\/"},"modified":"2026-03-30T15:11:54","modified_gmt":"2026-03-30T13:11:54","slug":"pjama-dryguardians-altavoz-de-alarma","status":"publish","type":"product","link":"https:\/\/pjama.eu\/es\/producto\/pjama-dryguardians-altavoz-de-alarma\/","title":{"rendered":"Pjama DryGuardians Altavoz de Alarma"},"content":{"rendered":"<h3 style=\"color:#d35917;\">Pjama DryGuardians Altavoz de Alarma<\/h3>\n<p>El Altavoz de Alarma de Pjama DryGuardians funciona tanto con el <a href=\"https:\/\/pjama.eu\/es\/producto\/pjama-dryguardians-sensor-de-alarma-independiente\/\">Sensor de Alarma Independiente de Pjama DryGuardians<\/a> como con el <a href=\"https:\/\/pjama.eu\/es\/producto\/pjama-dryguardians-sensor-de-alarma\/\">Sensor de Alarma de Alarma de Pjama DryGuardians<\/a> para el tratamiento de pantalones, shorts y ropa interior.<br \/>\n<a href=\"https:\/\/pjama.eu\/es\/pantalones-para-enuresis-tallas\/\">Size guide<\/a>.<\/p>\n<h4 style=\"color:#072130;\">Parte del sistema de alarma de enuresis Pjama<\/h4>\n<p>El Altavoz de Alarma Pjama DryGuardians puede emparejarse con el Sensor de Alarma Pjama DryGuardians utilizado en pantalones de tratamiento, pantalones cortos y ropa interior. Con el Altavoz de Alarma, puede seleccionar los tonos de alarma, ajustar el volumen y emparejarlo con varios sensores. El altavoz se carga con el cable USB incluido. Para unidades de sonido adicionales, los padres tambi\u00e9n pueden utilizar la funci\u00f3n de alarma en la App DryGuardians.    Descargue la <strong>aplicaci\u00f3n DryGuardians<\/strong> desde <a href=\"https:\/\/play.google.com\/store\/apps\/details?id=com.pjama&amp;hl=es&amp;gl=ES\" target=\"_blank\" rel=\"noopener\">Google Play<\/a> o<a href=\"https:\/\/apps.apple.com\/es\/app\/dryguardians\/id1498084664\" target=\"_blank\" rel=\"noopener\"> App Store.<\/a><\/p>\n<h4 style=\"color:#072130;\">Este producto incluye:<\/h4>\n<ul>\n<li>1 \u00d7 Pjama DryGuardians Altavoz de Alarma<\/li>\n<\/ul>\n<h4 style=\"color:#072130;\">Utilizaci\u00f3n<\/h4>\n<p>Coloque el Altavoz de Alarma Pjama DryGuardians a menos de 10 metros del sensor para obtener los mejores resultados. Cuando suene la alarma, tu hijo podr\u00e1 detenerla pulsando el bot\u00f3n \u00abON\u00bb situado en la parte superior del altavoz. Para utilizar la alarma con su smartphone, descargue la aplicaci\u00f3n DryGuardians de <a href=\"https:\/\/play.google.com\/store\/apps\/details?id=com.pjama&amp;hl=es&amp;gl=ES\" target=\"_blank\" rel=\"noopener\">Google Play<\/a> o <a href=\"https:\/\/apps.apple.com\/es\/app\/dryguardians\/id1498084664\" target=\"_blank\" rel=\"noopener\">App Store<\/a>.<\/p>\n<h4 style=\"color:#072130;\">Emparejamiento con el sensor<\/h4>\n<p>Empareje el sensor con el Altavoz de Alarma Pjama DryGuardians pulsando los botones de \u00abvolumen\u00bb y \u00abtono\u00bb simult\u00e1neamente durante 3 segundos. A continuaci\u00f3n, cortocircuite el sensor colocando un objeto met\u00e1lico (cuchillo o tijeras) entre los botones, o utilice una gota de agua en la superficie para los sensores sin botones. Transcurridos de 3 a 5 segundos, el altavoz sonar\u00e1 para confirmar que el emparejamiento se ha realizado correctamente.  <\/p>\n<h4 style=\"color:#072130;\">Informaci\u00f3n sobre el producto<\/h4>\n<ul>\n<li><em>Color:<\/em> Azul claro<\/li>\n<li><em>Dimensiones (An \u00d7 Al \u00d7 P):<\/em> 11 \u00d7 7 \u00d7 3 cm<\/li>\n<li><em>Carga:<\/em> Cargador USB (incluido)<\/li>\n<li><em>Tiempo de carga:<\/em> Ordenador: 4-6 horas \/ Adaptador de CA 5V1.0A: 3 horas<\/li>\n<li><em>Volumen:<\/em> Ajustable<\/li>\n<li><em>Se\u00f1ales de alarma:<\/em> 7 tipos<\/li>\n<li>Manual completo disponible en nuestro <a href=\"https:\/\/pjama.eu\/es\/manuales-de-productos\/\">sitio web<\/a>.<\/li>\n<li>M\u00e1s informaci\u00f3n sobre la enuresis <a href=\"https:\/\/pjama.eu\/es\/que-es-la-enuresis\/\">aqu\u00ed<\/a>.<\/li>\n<\/ul>\n<h4 style=\"color:#072130;\">Seguimiento del progreso con la aplicaci\u00f3n DryGuardians<\/h4>\n<p>La App DryGuardians proporciona un calendario para el registro, funciones de alarma, m\u00faltiples se\u00f1ales y consejos \u00fatiles. Tambi\u00e9n puede configurar alarmas diurnas para los ni\u00f1os que experimentan p\u00e9rdidas durante el d\u00eda. La descarga de la aplicaci\u00f3n es gratuita y le conecta con la cl\u00ednica DryGuardians Bedwetting Clinic, que ofrece orientaci\u00f3n personalizada y consejos de tratamiento. No olvide registrar los resultados cada noche para hacer un seguimiento de los progresos y compartir informaci\u00f3n con los cuidadores.   <\/p>\n<h4 style=\"color:#072130;\">El tratamiento requiere motivaci\u00f3n y paciencia<\/h4>\n<p>La paciencia es esencial en el tratamiento de la enuresis. El objetivo final es una cama seca sin ayudas, pero establecer peque\u00f1os hitos a lo largo del camino hace que la traves\u00eda sea m\u00e1s llevadera. Los padres desempe\u00f1an un papel fundamental manteniendo a los ni\u00f1os motivados con \u00e1nimos y comentarios positivos. Sea constante y deje que el Altavoz de Alarma Pjama DryGuardians y la App formen parte del viaje hacia la sequedad.   <\/p>\n<footer>\u00a9 2024 Pjama.<\/footer>\n","protected":false},"excerpt":{"rendered":"<h3><span data-sheets-root=\"1\">Altavoz externo para un despertar seguro con la alarma &#8211; parte del m\u00e9todo DryGuardians<\/span><\/h3>\n<p>Un altavoz adicional para las alarmas de enuresis Pjama.<\/p>\n<p>Funciona tanto con la Alarma de enuresis Pjama Connect como con el Pjama DryGuardians Sensor de Alarma para el tratamiento de pantalones, calzoncillos, braguitas y b\u00f3xers.<\/p>\n","protected":false},"featured_media":31212,"template":"","meta":{"_et_pb_use_builder":"off","_et_pb_old_content":"<h3>Pjama Speaker<\/h3>\r\nThe Pjama Speaker works with both the <a href=\"https:\/\/pjama.se\/sangvatningslarm\/\">Pjama Connect Bedwetting Alarm<\/a> and the <a href=\"https:\/\/pjama.se\/produkter\/pjama-sensor\/\">Pjama Sensor<\/a> for Pjama treatment pants, shorts, and underwear.\r\n<h4>Part of the Pjama Bedwetting Alarm System<\/h4>\r\nThe Pjama Speaker can be connected to the Pjama Sensor used with treatment pants, shorts, and underwear from Pjama. With the Pjama Speaker, you can choose the alarm signal, adjust the volume, and pair it with different sensors from Pjama. The speaker is charged using the included USB cable. If you want an additional sound unit to, for example, wake you as a parent, you can use the alarm function in the DryGuardians App on your phone. Download the <em>DryGuardians App<\/em> from <a href=\"https:\/\/play.google.com\/store\/apps\/details?id=com.pjama&gl=sv&hl=sv\">Google Play<\/a> or <a href=\"https:\/\/apps.apple.com\/sv\/app\/pjama\/id1498084664?mt=8&l=sv\">App Store<\/a>.\r\n<h4>This Product Includes:<\/h4>\r\n<ul>\r\n \t<li>1 x Pjama Speaker<\/li>\r\n<\/ul>\r\n<h4>Usage<\/h4>\r\nDuring treatment, place the Pjama Speaker within 10 meters of the sensor for best results. When the alarm sounds, your child can easily turn off the alarm by pressing the \"ON\" button on the top of the speaker. To use the bedwetting alarm with your smartphone, you need to download the DryGuardians App from <a href=\"https:\/\/play.google.com\/store\/apps\/details?id=com.pjama\">Google Play<\/a> or <a href=\"https:\/\/apps.apple.com\/se\/app\/pjama\/id1498084664\">App Store<\/a>.\r\n<h4>Pairing with Sensor<\/h4>\r\nPair the sensor with the Pjama Speaker by pressing the \"volume\" and \"tone\" buttons on the speaker unit simultaneously for 3 seconds. Then short-circuit the sensor by placing a metal object such as a knife or scissors on the sensor buttons, or by placing a drop of water on the sensor surface if you have a buttonless sensor. Let the metal object stay on the sensor for about 3-5 seconds, and the speaker will indicate that the sensor is paired by sounding the alarm.\r\n<h4>Product Info<\/h4>\r\n<ul>\r\n \t<li><em>Color: Light Blue<\/em><\/li>\r\n \t<li><em>Dimensions (w-h-d): 11 x 7 x 3 cm<\/em><\/li>\r\n \t<li>Charging: Charges with a USB charger (included)<\/li>\r\n \t<li>Charging time (full charge): Via Computer: 4-6 hrs. Via AC Adapter 5V1.0A: 3 hrs<\/li>\r\n \t<li>Volume: Adjustable<\/li>\r\n \t<li>Alarm Signals: 7 types<\/li>\r\n \t<li>The full manual for the Pjama bedwetting alarm can be found on our <a href=\"https:\/\/pjama.se\/produkt-manualer\/\">website<\/a>.<\/li>\r\n \t<li>Learn more about bedwetting <a href=\"https:\/\/www.rikshandboken-bhv.se\/pediatrik\/uro-genitalt\/sangvatning-hos-barn\/\">here<\/a>.<\/li>\r\n<\/ul>\r\n<h4>Track Your Progress with the DryGuardians App<\/h4>\r\nThe DryGuardians App includes several features. You get access to a calendar for logging, alarm functions, different alarm signals, and general tips and advice to assist with bedwetting treatment. It\u2019s also possible to set daytime alarms for children who experience leaks during the day. The DryGuardians App is free to download from <a href=\"https:\/\/play.google.com\/store\/apps\/details?id=com.pjama&gl=sv&hl=sv\">Google Play<\/a> or <a href=\"https:\/\/apps.apple.com\/sv\/app\/pjama\/id1498084664?mt=8&l=sv\">App Store<\/a>. DryGuardians Bedwetting Clinic gives you personalized tips and guidance through the app during your bedwetting treatment.\r\n\r\nDon\u2019t forget to log the night\u2019s results in the DryGuardians app to keep track of your or your child\u2019s progress. Learn more about the DryGuardians app and bedwetting clinic on our <a href=\"https:\/\/pjama.se\/pjama-sangvatningsklinik\/\">website<\/a>.\r\n<h4>Treatment is a Process Where Motivation and Patience are Key<\/h4>\r\nPatience is key! For faster and long-lasting improvement, patience and motivation are required. If you are a new Pjama user, it\u2019s helpful to keep your ultimate goal in mind \u2013 a dry bed without assistance. If your end goal feels far away, you can set smaller milestones along the way. If you are a parent of a child using Pjama treatment, it\u2019s important to keep the child motivated as well. Provide positive feedback and compliments. If you are motivated, your child will be too! Let Pjama be part of the journey to help your child stay dry!\r\n\r\n\u00a0","_et_gb_content_width":""},"product_brand":[],"product_cat":[316],"product_tag":[],"class_list":{"0":"post-24724","1":"product","2":"type-product","3":"status-publish","4":"has-post-thumbnail","6":"product_cat-accesorios_2025","7":"product_shipping_class-ue","9":"first","10":"instock","11":"taxable","12":"shipping-taxable","13":"purchasable","14":"product-type-simple"},"composite_virtual":false,"composite_layout":"","composite_add_to_cart_form_location":"","composite_editable_in_cart":false,"composite_sold_individually_context":"","composite_shop_price_calc":"","composite_components":[],"composite_scenarios":[],"_links":{"self":[{"href":"https:\/\/pjama.eu\/es\/wp-json\/wp\/v2\/product\/24724","targetHints":{"allow":["GET"]}}],"collection":[{"href":"https:\/\/pjama.eu\/es\/wp-json\/wp\/v2\/product"}],"about":[{"href":"https:\/\/pjama.eu\/es\/wp-json\/wp\/v2\/types\/product"}],"wp:featuredmedia":[{"embeddable":true,"href":"https:\/\/pjama.eu\/es\/wp-json\/wp\/v2\/media\/31212"}],"wp:attachment":[{"href":"https:\/\/pjama.eu\/es\/wp-json\/wp\/v2\/media?parent=24724"}],"wp:term":[{"taxonomy":"product_brand","embeddable":true,"href":"https:\/\/pjama.eu\/es\/wp-json\/wp\/v2\/product_brand?post=24724"},{"taxonomy":"product_cat","embeddable":true,"href":"https:\/\/pjama.eu\/es\/wp-json\/wp\/v2\/product_cat?post=24724"},{"taxonomy":"product_tag","embeddable":true,"href":"https:\/\/pjama.eu\/es\/wp-json\/wp\/v2\/product_tag?post=24724"}],"curies":[{"name":"wp","href":"https:\/\/api.w.org\/{rel}","templated":true}]}}