{"id":24742,"date":"2021-01-29T14:15:16","date_gmt":"2021-01-29T13:15:16","guid":{"rendered":"https:\/\/pjama.eu\/product\/pjama-dryguardians-sensor-de-alarma\/"},"modified":"2026-03-30T15:14:56","modified_gmt":"2026-03-30T13:14:56","slug":"pjama-dryguardians-sensor-de-alarma","status":"publish","type":"product","link":"https:\/\/pjama.eu\/es\/producto\/pjama-dryguardians-sensor-de-alarma\/","title":{"rendered":"Pjama DryGuardians Sensor de Alarma"},"content":{"rendered":"<h3 style=\"color:#d35917;\">Pjama DryGuardians Sensor de Alarma<\/h3>\n<h4 style=\"color:#072130;\">Tratamiento con sensor y aplicaci\u00f3n<\/h4>\n<p>Las alarmas de enuresis son una herramienta eficaz para tratar la enuresis nocturna tanto en ni\u00f1os como en adultos. Las investigaciones demuestran que alrededor del 70 % de las personas que se someten a un tratamiento con una alarma de enuresis nocturna se curan por completo, siempre que se mantengan motivadas y sigan el tratamiento de forma constante durante todo el periodo. <\/p>\n<p>El Pjama DryGuardians Sensor de Alarma funciona con todas las prendas de tratamiento Pjama, incluidos pantalones, shorts y ropa interior <em>(se venden por separado)<\/em>.<\/p>\n<p>El sistema consiste en un sensor que se fija a las prendas de Pjama y se utiliza junto con un tel\u00e9fono inteligente que ejecuta la aplicaci\u00f3n DryGuardians. Cuando el sensor detecta humedad, se activa la alarma en el tel\u00e9fono, despertando al usuario. El uso constante ayuda a romper el h\u00e1bito de la enuresis nocturna.  <\/p>\n<p>Con el <a href=\"https:\/\/pjama.eu\/es\/producto\/pjama-dryguardians-para-mojadores-frecuentes-shorts\/\">kit de tratamiento<\/a> Pjama, que incluye pantalones o shorts grises de tratamiento, obtendr\u00e1 protecci\u00f3n y tratamiento en uno. Las prendas mantienen la cama seca mientras que la alarma ayuda a establecer nuevas rutinas. Para las estancias nocturnas, la aplicaci\u00f3n DryGuardians permite vibraciones discretas en lugar de alarmas ruidosas, por lo que es ideal para los ni\u00f1os que quieren asistir a fiestas de pijamas sin interrumpir el tratamiento.  <\/p>\n<h4 style=\"color:#072130;\">\u00bfC\u00f3mo funciona el Pjama DryGuardians Sensor de Alarma?<\/h4>\n<p>El sensor y el smartphone act\u00faan juntos como un completo sistema de alarma de enuresis, dise\u00f1ado para ayudar a ni\u00f1os y adultos. El sensor se acopla a las prendas de Pjama y se conecta a la aplicaci\u00f3n DryGuardians. Se activa al entrar en contacto con la humedad, interrumpiendo inmediatamente la enuresis y entrenando al cerebro para que responda a las se\u00f1ales del cuerpo.  <\/p>\n<p>Las prendas tienen cables sensores cosidos, lo que aumenta el \u00e1rea de detecci\u00f3n. Esto garantiza una detecci\u00f3n fiable independientemente de la localizaci\u00f3n de la orina o de la posici\u00f3n al dormir. Esto es especialmente valioso para los ni\u00f1os, pero igualmente eficaz para las ni\u00f1as, especialmente las que duermen a menudo boca arriba.  <\/p>\n<h4 style=\"color:#072130;\">Caracter\u00edsticas y ventajas<\/h4>\n<ul>\n<li><strong>Tratamiento eficaz:<\/strong> Ayuda tanto a ni\u00f1os como a adultos con enuresis nocturna.<\/li>\n<li><strong>Ideal para estancias nocturnas:<\/strong> Utiliza el sensor con la App DryGuardians para un tratamiento discreto.<\/li>\n<li><strong>Conexi\u00f3n inal\u00e1mbrica:<\/strong> El tel\u00e9fono puede colocarse a una distancia de entre 5 y 20 metros, seg\u00fan el modelo.<\/li>\n<li><strong>Notificaciones a los padres:<\/strong> Vincula la alarma al tel\u00e9fono de los padres para recibir alertas instant\u00e1neas.<\/li>\n<li><strong>Gran \u00e1rea de detecci\u00f3n:<\/strong> Detecta r\u00e1pidamente la humedad independientemente de la posici\u00f3n para dormir.<\/li>\n<\/ul>\n<h4 style=\"color:#072130;\">Cuidado de los sensores<\/h4>\n<p><span style=\"font-weight: 400;\">Para obtener el mejor rendimiento, retire y seque siempre el sensor despu\u00e9s de utilizarlo.<\/span> <span style=\"font-weight: 400;\">Evita dejarlo pegado a una prenda mojada: esto ayuda a prevenir la corrosi\u00f3n y alarga la vida de la bater\u00eda.<\/span><\/p>\n<h4 style=\"color:#072130;\">Seguimiento del progreso con la aplicaci\u00f3n DryGuardians<\/h4>\n<p>Con la aplicaci\u00f3n DryGuardians, puede registrar f\u00e1cilmente los accidentes, seguir el progreso del tratamiento y recibir recomendaciones personalizadas desarrolladas con Swedish healthcare. La aplicaci\u00f3n le ayuda a usted o a su hijo a mantenerse motivados y proporciona informaci\u00f3n valiosa para compartir con un m\u00e9dico si es necesario. <\/p>\n<h4 style=\"color:#072130;\">Consejos pr\u00e1cticos de uso<\/h4>\n<ul>\n<li>Aseg\u00farate de que las prendas se ajustan correctamente y selecciona un tono de alarma adecuado en la aplicaci\u00f3n.<\/li>\n<li>Ense\u00f1e a su hijo c\u00f3mo funciona la alarma y h\u00e1gale part\u00edcipe del proceso.<\/li>\n<li>Cuando salte la alarma, ayuda al ni\u00f1o a despertarse e ir al ba\u00f1o.<\/li>\n<li>Lave las prendas de Pjama siguiendo las instrucciones de cuidado para mantener la calidad.<\/li>\n<\/ul>\n<h4 style=\"color:#072130;\">La motivaci\u00f3n y la paciencia son la clave<\/h4>\n<p>El tratamiento de la enuresis requiere paciencia, constancia y est\u00edmulo. Los padres deben proporcionar una retroalimentaci\u00f3n positiva y celebrar los peque\u00f1os hitos a lo largo del camino. El objetivo final es la sequedad sin ayudas, y herramientas como el Pjama DryGuardians Sensor de Alarma pueden facilitar el camino.  <\/p>\n<p>Si desea m\u00e1s informaci\u00f3n sobre las soluciones para el tratamiento de la enuresis, visite nuestro <a href=\"https:\/\/pjama.eu\/es\/\">sitio web<\/a> o descargue el manual <a href=\"https:\/\/pjama.eu\/es\/manuales-de-productos\/\">aqu\u00ed<\/a>.<\/p>\n<footer>\u00a9 2024 Pjama.<\/footer>\n","protected":false},"excerpt":{"rendered":"<h3>Sensor de humedad para conectar la ropa de dormir y la ropa interior DryGuardians a la alarma.<\/h3>\n<p>Pjama DryGuardians Sensor de Alarma incluye:<\/p>\n<ul>\n<li>Sensor que se fija con botones de presi\u00f3n<\/li>\n<li>DryGuardians App como dispositivo de alarma<\/li>\n<\/ul>\n<p>El sensor se acopla a los pantalones para enuresis, pantalones cortos, b\u00f3xers o braguitas y es una forma f\u00e1cil, eficaz y segura de tratar la enuresis y la enuresis.<\/p>\n<p>Para utilizar la alarma de enuresis con su smartphone, descargue gratuitamente la <strong>aplicaci\u00f3n DryGuardians<\/strong> en <a href=\"https:\/\/play.google.com\/store\/apps\/details?id=com.pjama&amp;hl=es&amp;gl=ES\">Google Play<\/a> o <a href=\"https:\/\/apps.apple.com\/es\/app\/dryguardians\/id1498084664\">App Store<\/a>.<\/p>\n","protected":false},"featured_media":24744,"template":"","meta":{"_et_pb_use_builder":"","_et_pb_old_content":"","_et_gb_content_width":""},"product_brand":[],"product_cat":[316],"product_tag":[],"class_list":{"0":"post-24742","1":"product","2":"type-product","3":"status-publish","4":"has-post-thumbnail","6":"product_cat-accesorios_2025","7":"product_shipping_class-ue","9":"first","10":"onbackorder","11":"taxable","12":"shipping-taxable","13":"purchasable","14":"product-type-simple"},"composite_virtual":false,"composite_layout":"","composite_add_to_cart_form_location":"","composite_editable_in_cart":false,"composite_sold_individually_context":"","composite_shop_price_calc":"","composite_components":[],"composite_scenarios":[],"_links":{"self":[{"href":"https:\/\/pjama.eu\/es\/wp-json\/wp\/v2\/product\/24742","targetHints":{"allow":["GET"]}}],"collection":[{"href":"https:\/\/pjama.eu\/es\/wp-json\/wp\/v2\/product"}],"about":[{"href":"https:\/\/pjama.eu\/es\/wp-json\/wp\/v2\/types\/product"}],"wp:featuredmedia":[{"embeddable":true,"href":"https:\/\/pjama.eu\/es\/wp-json\/wp\/v2\/media\/24744"}],"wp:attachment":[{"href":"https:\/\/pjama.eu\/es\/wp-json\/wp\/v2\/media?parent=24742"}],"wp:term":[{"taxonomy":"product_brand","embeddable":true,"href":"https:\/\/pjama.eu\/es\/wp-json\/wp\/v2\/product_brand?post=24742"},{"taxonomy":"product_cat","embeddable":true,"href":"https:\/\/pjama.eu\/es\/wp-json\/wp\/v2\/product_cat?post=24742"},{"taxonomy":"product_tag","embeddable":true,"href":"https:\/\/pjama.eu\/es\/wp-json\/wp\/v2\/product_tag?post=24742"}],"curies":[{"name":"wp","href":"https:\/\/api.w.org\/{rel}","templated":true}]}}