{"id":24745,"date":"2022-12-15T14:22:15","date_gmt":"2022-12-15T13:22:15","guid":{"rendered":"https:\/\/pjama.eu\/product\/pjama-reloj-con-alarma-vibratoria-rosa\/"},"modified":"2026-04-07T12:00:13","modified_gmt":"2026-04-07T10:00:13","slug":"reloj-recordatorio-para-ir-al-bano-rosa","status":"publish","type":"product","link":"https:\/\/pjama.eu\/es\/producto\/reloj-recordatorio-para-ir-al-bano-rosa\/","title":{"rendered":"Reloj Recordatorio para ir al Ba\u00f1o Rosa con Alarma Vibratoria Pjama"},"content":{"rendered":"<h3 style=\"color: #d35917;\">Pjama Reloj con Alarma Vibratoria Rosa<\/h3>\n<p>Este elegante reloj recordatorio para ir al ba\u00f1o rosa de Pjama es una alarma vibratoria moderna dise\u00f1ada para gestionar las p\u00e9rdidas de orina diurnas y establecer rutinas de micci\u00f3n efectivas. La alarma puede programarse hasta para 8 intervalos al d\u00eda. La banda es de silicona suave y flexible, ajustable al tama\u00f1o adecuado. El reloj recordatorio para ir al ba\u00f1o rosa incluye pantalla LED digital y es el aliado ideal para ni\u00f1os que necesitan autonom\u00eda en sus h\u00e1bitos diarios. <\/p>\n<p>El reloj muestra la hora como un reloj normal. Pjama Reloj con Alarma Vibratoria Rosa se utiliza para recordar a ni\u00f1os o adultos que deben vaciar la vejiga durante el d\u00eda o para recordarles otras tareas necesarias. Funciona como un reloj de pulsera con vibraci\u00f3n para un uso pr\u00e1ctico y discreto en la vida diaria. <\/p>\n<h4 style=\"color: #072130;\">Uso diario<\/h4>\n<p>El reloj recordatorio para ir al ba\u00f1o rosa Pjama es la soluci\u00f3n discreta para ni\u00f1os y adultos con incontinencia diurna que requieren avisos frecuentes mediante vibraci\u00f3n.<\/p>\n<ul>\n<li>Pulse una vez el bot\u00f3n Hora\/Alarma para visualizar la hora.<\/li>\n<li>Pulse dos veces el bot\u00f3n Hora\/Alarma para comprobar la carga de la bater\u00eda (de 0 a 100%).<\/li>\n<li>La vibraci\u00f3n puede detenerse inmediatamente pulsando un bot\u00f3n, o se detendr\u00e1 autom\u00e1ticamente transcurridos 60 segundos.<\/li>\n<\/ul>\n<p>Como reloj recordatorio para ir al ba\u00f1o rosa, este dispositivo emite vibraciones silenciosas que ayudan a los ni\u00f1os a no olvidar sus visitas al aseo.<\/p>\n<h4 style=\"color: #072130;\">Cargar el reloj<\/h4>\n<p>Extraiga su reloj recordatorio para ir al ba\u00f1o rosa de la funda de silicona y conecte el puerto USB del reloj a su power bank (5V) o a su ordenador port\u00e1til. Cuando el cable USB est\u00e1 conectado, una luz azul indica que se est\u00e1 cargando. Cuando el reloj est\u00e9 completamente cargado (100%), la luz indicadora azul permanecer\u00e1 encendida.   La pila de un reloj completamente cargado puede durar entre 6 y 15 d\u00edas. Este reloj recordatorio para ir al ba\u00f1o rosa est\u00e1 fabricado para ser duradero, ergon\u00f3mico y f\u00e1cil de configurar para todas las edades.<\/p>\n<h4 style=\"color: #072130;\">Detalles<\/h4>\n<p>Fuente de alimentaci\u00f3n: DC 5V, Entrada de carga: Micro USB, Temperatura de funcionamiento: 0 a 45\u00b0 Celsius.<\/p>\n<h4 style=\"color: #072130;\">Consejos para ni\u00f1os con incontinencia urinaria diurna<\/h4>\n<p>Los accidentes diurnos en los ni\u00f1os son frecuentes. Alrededor del 3-4% de los ni\u00f1os de entre 3 y 12 a\u00f1os experimentan p\u00e9rdidas de orina diurnas regulares, pero pueden desaparecer con el apoyo adecuado. <\/p>\n<ul>\n<li>Anima al ni\u00f1o a ir al ba\u00f1o con regularidad, aunque no sienta la necesidad.<\/li>\n<li>Planifica horarios fijos para ir al ba\u00f1o y aseg\u00farate de que el ni\u00f1o vac\u00eda completamente la vejiga.<\/li>\n<li>Un diario de orina puede ayudar a seguir los patrones y mejorar el control de la micci\u00f3n.<\/li>\n<li>No castigue nunca al ni\u00f1o por los accidentes: an\u00edmele y refuerce su confianza en s\u00ed mismo.<\/li>\n<li>Asegurarse de que el ni\u00f1o bebe lo suficiente para mantener un buen equilibrio de l\u00edquidos y facilitar las visitas al ba\u00f1o.<\/li>\n<li>El reloj recordatorio para ir al ba\u00f1o rosa es la herramienta perfecta para fomentar la independencia del ni\u00f1o, asegurando que reciba el aviso incluso cuando usted no est\u00e9 presente.<\/li>\n<\/ul>\n<h4 style=\"color: #072130;\">Si su hijo moja la cama por la noche<\/h4>\n<p>El t\u00e9rmino m\u00e9dico para la enuresis es enuresis nocturna. Los expertos calculan que hasta 160 millones de personas en todo el mundo sufren enuresis. La enuresis puede afectar significativamente a las familias, pero hay consejos sobre c\u00f3mo gestionar el problema. He aqu\u00ed algunas sugerencias \u00fatiles:   <\/p>\n<ul>\n<li>La enuresis no es culpa de tu hijo. No le castigues ni te burles de \u00e9l. <\/li>\n<li>Deje que el ni\u00f1o beba todo lo que quiera. Las investigaciones suecas han demostrado que esto tiene poco efecto en los tratamientos de Alarma pip\u00ed nocturno. <\/li>\n<li>Utiliza <a href=\"https:\/\/pjama.eu\/es\/pantalones-para-enuresis\/\">el Pjama<\/a> cuando el ni\u00f1o duerma, tanto en casa como fuera de ella.<\/li>\n<li>Para gestionar con \u00e9xito las p\u00e9rdidas de orina durante el d\u00eda, utilice el reloj recordatorio para ir al ba\u00f1o rosa de Pjama.<\/li>\n<li>Descargue nuestra <a href=\"https:\/\/pjama.eu\/es\/app-para-dejar-de-mojar-la-cama\/\">app DryGuardians<\/a> para utilizar el calendario y hacer un seguimiento del progreso. Tambi\u00e9n le ser\u00e1 \u00fatil si se pone en contacto con un m\u00e9dico. <\/li>\n<li>Hablemos de ello Muchos adultos y ni\u00f1os sufren enuresis, pero nadie habla de ello. <\/li>\n<\/ul>\n<h4 style=\"color: #072130;\">\u00bfQuiere saber m\u00e1s?<\/h4>\n<p>Puedes leer m\u00e1s sobre la enuresis en nuestra p\u00e1gina: <a href=\"https:\/\/pjama.eu\/es\/que-es-la-enuresis\/\">\u00bfQu\u00e9 es la enuresis?<\/a><\/p>\n","protected":false},"excerpt":{"rendered":"<h4><span data-sheets-root=\"1\">Discreto Pjama Reloj con Alarma Vibratoria rosa &#8211; recordatorios diurnos para ir al ba\u00f1o o tomar la medicaci\u00f3n<\/span><\/h4>\n<p>Un elegante y moderno Pjama Reloj con Alarma Vibratoria de color rosa que se utiliza para las p\u00e9rdidas de orina diurnas como recordatorio para ir al ba\u00f1o o para otros recordatorios.<\/p>\n<ul>\n<li>Pantalla LED digital.<\/li>\n<li>El reloj muestra la hora como un reloj normal.<\/li>\n<li>La alarma puede ajustarse hasta para 8 intervalos de alarma al d\u00eda.<\/li>\n<li>La banda es de silicona suave y flexible, ajustable al tama\u00f1o adecuado.<\/li>\n<li>Se carga con Micro USB.<\/li>\n<li>Una bater\u00eda completamente cargada puede durar entre 6 y 15 d\u00edas.<\/li>\n<\/ul>\n<p>Una vez que el reloj deja de ser necesario como recordatorio de las visitas al ba\u00f1o, puede utilizarse como reloj de pulsera normal.<\/p>\n","protected":false},"featured_media":24747,"template":"","meta":{"_et_pb_use_builder":"","_et_pb_old_content":"","_et_gb_content_width":""},"product_brand":[],"product_cat":[314,316,312],"product_tag":[],"class_list":{"0":"post-24745","1":"product","2":"type-product","3":"status-publish","4":"has-post-thumbnail","6":"product_cat-reloj-con-alarma-vibratoria","7":"product_cat-accesorios_2025","8":"product_cat-ninos","9":"product_shipping_class-ue","11":"first","12":"instock","13":"taxable","14":"shipping-taxable","15":"purchasable","16":"product-type-simple"},"composite_virtual":false,"composite_layout":"","composite_add_to_cart_form_location":"","composite_editable_in_cart":false,"composite_sold_individually_context":"","composite_shop_price_calc":"","composite_components":[],"composite_scenarios":[],"_links":{"self":[{"href":"https:\/\/pjama.eu\/es\/wp-json\/wp\/v2\/product\/24745","targetHints":{"allow":["GET"]}}],"collection":[{"href":"https:\/\/pjama.eu\/es\/wp-json\/wp\/v2\/product"}],"about":[{"href":"https:\/\/pjama.eu\/es\/wp-json\/wp\/v2\/types\/product"}],"wp:featuredmedia":[{"embeddable":true,"href":"https:\/\/pjama.eu\/es\/wp-json\/wp\/v2\/media\/24747"}],"wp:attachment":[{"href":"https:\/\/pjama.eu\/es\/wp-json\/wp\/v2\/media?parent=24745"}],"wp:term":[{"taxonomy":"product_brand","embeddable":true,"href":"https:\/\/pjama.eu\/es\/wp-json\/wp\/v2\/product_brand?post=24745"},{"taxonomy":"product_cat","embeddable":true,"href":"https:\/\/pjama.eu\/es\/wp-json\/wp\/v2\/product_cat?post=24745"},{"taxonomy":"product_tag","embeddable":true,"href":"https:\/\/pjama.eu\/es\/wp-json\/wp\/v2\/product_tag?post=24745"}],"curies":[{"name":"wp","href":"https:\/\/api.w.org\/{rel}","templated":true}]}}