{"id":24899,"date":"2021-01-29T16:00:19","date_gmt":"2021-01-29T15:00:19","guid":{"rendered":"https:\/\/pjama.eu\/product\/pjama-dryguardians-ropa-interior-boxers\/"},"modified":"2026-03-30T15:07:05","modified_gmt":"2026-03-30T13:07:05","slug":"pjama-dryguardians-ropa-interior-boxers","status":"publish","type":"product","link":"https:\/\/pjama.eu\/es\/producto\/pjama-dryguardians-ropa-interior-boxers\/","title":{"rendered":"Pjama DryGuardians Ropa Interior &#8211; Boxers"},"content":{"rendered":"<h3 style=\"color: #d35917;\">Pjama DryGuardians Ropa Interior &#8211; Boxers<\/h3>\n<p>Pjama DryGuardians Ropa Interior &#8211; Boxers es la soluci\u00f3n perfecta para los ni\u00f1os que sufren enuresis nocturna. En combinaci\u00f3n con un Pjama DryGuardians Sensor de Alarma nocturna y la aplicaci\u00f3n DryGuardians App, puede tratar la enuresis de forma eficaz y c\u00f3moda. La ropa interior incorpora cables sensores cosidos que detectan r\u00e1pidamente la humedad y activan la alarma,<br \/>\nayudando al ni\u00f1o a despertarse y a dejar de orinarse.  <\/p>\n<p>Descargue la aplicaci\u00f3n DryGuardians en <a href=\"https:\/\/play.google.com\/store\/apps\/details?id=com.pjama&amp;hl=es&amp;gl=ES\" target=\"_blank\" rel=\"noopener\">Google Play<\/a> o <a href=\"https:\/\/apps.apple.com\/es\/app\/dryguardians\/id1498084664\" target=\"_blank\" rel=\"noopener\">App Store<\/a> para realizar un seguimiento del progreso y recibir orientaci\u00f3n personalizada durante el tratamiento.<\/p>\n<h4 style=\"color: #072130;\">Caracter\u00edsticas<\/h4>\n<ul>\n<li>Especialmente dise\u00f1ado para ni\u00f1os; compatible con el Alarma pip\u00ed nocturno o el Sensor Pjama.<\/li>\n<li>Equipado con dos peque\u00f1os botones en la cintura para conectar el sensor.<\/li>\n<li>Los cables sensores cosidos alrededor de la zona de la entrepierna garantizan una detecci\u00f3n r\u00e1pida y precisa.<\/li>\n<li>Un \u00e1rea de detecci\u00f3n m\u00e1s amplia significa una detecci\u00f3n fiable independientemente de la posici\u00f3n en la que se duerma.<\/li>\n<li>Especialmente eficaz para los ni\u00f1os, pero tambi\u00e9n beneficioso para las ni\u00f1as que duermen boca arriba.<\/li>\n<\/ul>\n<h4 style=\"color: #072130;\">Utilizaci\u00f3n<\/h4>\n<p>Pjama DryGuardians Ropa Interior &#8211; Boxers es tan c\u00f3moda como la ropa interior normal, lo que facilita su uso a los ni\u00f1os. Estos calzoncillos de tratamiento est\u00e1n dise\u00f1ados para su uso con el Alarma pip\u00ed nocturno Pjama y no absorben l\u00edquido. El tratamiento se centra en acabar con el h\u00e1bito de mojar la cama.  <\/p>\n<p><strong>El paquete incluye:<\/strong><\/p>\n<ul>\n<li>1 x Pjama DryGuardians Ropa Interior &#8211; Boxers (La alarma se vende por separado)<\/li>\n<\/ul>\n<p>Fije el sensor a la cintura y coloque la alarma junto a la cama. Si el ni\u00f1o se orina, los cables cosidos del sensor lo detectan r\u00e1pidamente y activan la alarma. El ni\u00f1o puede detener la alarma, ir al ba\u00f1o y cambiarse de ropa interior. Para utilizarlo con un smartphone, descargue la aplicaci\u00f3n DryGuardians.   <\/p>\n<h4 style=\"color: #072130;\">Material<\/h4>\n<p>Fabricado con tejidos de alta calidad con certificaci\u00f3n Oeko-Tex, seguros y suaves para la piel de los ni\u00f1os.<\/p>\n<h4 style=\"color: #072130;\">Informaci\u00f3n<\/h4>\n<ul>\n<li><em>Se conecta al Alarma pip\u00ed nocturno del Pjama (mediante botones en la cintura)<\/em><\/li>\n<li><em>Cables sensores cosidos para una detecci\u00f3n precisa<\/em><\/li>\n<li><em>C\u00f3modo y suave<\/em><\/li>\n<li><em>Discreto y pr\u00e1ctico<\/em><\/li>\n<li><em>Lavable a m\u00e1quina a 60\u00b0C<\/em><\/li>\n<li><em>Apto para secadora<\/em><\/li>\n<li><em>Tallas:<\/em> Ni\u00f1os y adultos<\/li>\n<li><em>Color:<\/em> Azul<\/li>\n<\/ul>\n<p style=\"color: #666666; font-size: 14px;\">Recuerde separar el sensor del Pjama de la alarma antes de lavarlo.<\/p>\n<h4 style=\"color: #072130;\">DryGuardians App y Cl\u00ednica de enuresis<\/h4>\n<p>La aplicaci\u00f3n DryGuardians apoya el tratamiento con funciones avanzadas:<\/p>\n<ul>\n<li>Utiliza la app como unidad de sonido con se\u00f1ales de alarma personalizables.<\/li>\n<li>Registra los resultados nocturnos en un calendario para seguir tus progresos y recibir consejos personalizados.<\/li>\n<li>Obtenga asesoramiento y apoyo de expertos durante el tratamiento.<\/li>\n<li>Establezca alarmas diurnas para recordar las visitas al ba\u00f1o.<\/li>\n<\/ul>\n<p>La aplicaci\u00f3n se puede descargar gratuitamente desde <a href=\"https:\/\/play.google.com\/store\/apps\/details?id=com.pjama&amp;hl=es&amp;gl=ES\" target=\"_blank\" rel=\"noopener\">Google Play<\/a> o <a href=\"https:\/\/apps.apple.com\/es\/app\/dryguardians\/id1498084664\" target=\"_blank\" rel=\"noopener\">App Store<\/a>. M\u00e1s informaci\u00f3n sobre nuestra cl\u00ednica de enuresis en nuestro <a href=\"https:\/\/pjama.eu\/es\/\">sitio web<\/a>. <\/p>\n<h4 style=\"color: #072130;\">El proceso de tratamiento: motivaci\u00f3n y paciencia<\/h4>\n<p>El tratamiento de la enuresis nocturna requiere motivaci\u00f3n y paciencia, sobre todo al principio. Establecer objetivos realistas y celebrar los progresos es la clave. Con herramientas como Pjama DryGuardians Ropa Interior y la alarma, el camino hacia las noches secas se hace m\u00e1s f\u00e1cil. Los padres pueden ayudar a sus hijos anim\u00e1ndoles y reforz\u00e1ndoles positivamente, mientras que la aplicaci\u00f3n DryGuardians ofrece consejos personalizados. Juntos crean un camino seguro y eficaz hacia el \u00e9xito.<\/p>\n<footer>\u00a9 2024 Pjama.<\/footer>\n","protected":false},"excerpt":{"rendered":"<h3>Pjama DryGuardians Ropa Interior &#8211; Boxers<\/h3>\n<p>Pjama DryGuardians Ropa Interior &#8211; Boxers proporciona una soluci\u00f3n eficaz y segura para tratar la enuresis (mojar la cama).<\/p>\n<ul>\n<li>Compatible con la Alarma pip\u00ed nocturno Pjama &#8211; trata la enuresis de forma f\u00e1cil, segura y c\u00f3moda.<\/li>\n<li>Amplia zona objetivo para una detecci\u00f3n r\u00e1pida y fiable de la enuresis.<\/li>\n<li>Tan suaves y c\u00f3modos como los calzoncillos b\u00f3xer normales.<\/li>\n<li>Se puede lavar a m\u00e1quina a 60 \u00b0C y secar en secadora.<\/li>\n<\/ul>\n<p>Compre la alarma y descargue la aplicaci\u00f3n DryGuardians, un servicio gratuito de tratamiento de la enuresis, en <a href=\"https:\/\/play.google.com\/store\/apps\/details?id=com.pjama&amp;hl=es&amp;gl=ES\">Google Play<\/a> o <a href=\"https:\/\/apps.apple.com\/es\/app\/dryguardians\/id1498084664\">App Store<\/a>.<\/p>\n","protected":false},"featured_media":31168,"template":"","meta":{"_et_pb_use_builder":"off","_et_pb_old_content":"<h3>Pjama Boxer Bedwetting Treatment Underwear \u2013 Effective Alarm Treatment for Bedwetting in Boys<\/h3>\r\nPjama Boxer Bedwetting Treatment Underwear is the perfect solution for boys suffering from bedwetting (nocturnal enuresis). In combination with a Pjama Bedwetting Alarm or a Pjama Sensor and our DryGuardians app, you can effectively and comfortably treat bedwetting. These bedwetting underwear feature sewn-in sensor wires that quickly detect moisture and activate a bedwetting alarm to help the child wake up and stop urination.\r\n\r\nDownload the DryGuardians app from <a href=\"https:\/\/play.google.com\/store\/apps\/details?id=com.pjama&gl=sv&hl=sv\">Google Play<\/a> or <a href=\"https:\/\/apps.apple.com\/sv\/app\/pjama\/id1498084664?mt=8&l=sv\">App Store<\/a> to track progress and receive personalized guidance throughout the treatment of nocturnal enuresis.\r\n<h4>Features<\/h4>\r\nPjama Boxer Bedwetting Treatment Underwear is specially designed for boys and works in conjunction with the Pjama Bedwetting Alarm or Pjama Sensor. The underwear is equipped with two small buttons on the waist to connect the sensor. Sewn-in sensor wires around the crotch area make it easy for the alarm system to detect moisture and quickly trigger a bedwetting alarm, helping to effectively and safely treat nocturnal enuresis.\r\n\r\nThe sewn-in sensor wires in the Pjama Boxer Bedwetting Treatment Underwear increase the target area and ensure more accurate detection. This means that regardless of where urine lands or the sleeping position of you or your child, the alarm will reliably detect bedwetting. For boys, this is particularly valuable since the area where urine first hits often varies. The same applies to girls, especially if they tend to sleep on their back.\r\n<h4>Usage<\/h4>\r\nWearing Pjama Boxer Bedwetting Treatment Underwear is as comfortable as wearing regular underwear, making them ideal for children suffering from bedwetting. These underwear for nocturnal enuresis are designed to be used in combination with the Pjama bedwetting alarm and do not absorb liquid. The treatment focuses on breaking the habit of urinating in bed.\r\n\r\nThe package includes:\r\n<ul>\r\n \t<li>1 x Pjama Boxer Bedwetting Treatment Underwear\r\n(Please note that the Pjama Bedwetting Alarm is sold separately.)<\/li>\r\n<\/ul>\r\nSimply attach the sensor to the front waist of the boxer treatment underwear and start the bedwetting alarm to begin the treatment! Place the bedwetting alarm next to the bed.\r\nIf you or the child urinates, the sensitive sewn-in sensor wires in the treatment underwear will quickly detect it and activate the alarm. You or the child can easily stop the alarm by pressing the \"ON\/OFF button\" on the top of the alarm and then proceed to the bathroom to complete the urination.\r\n\r\nTo use the bedwetting alarm with your smartphone, you need to download the DryGuardians App.\r\n<h4>Material<\/h4>\r\nPjama Boxer Bedwetting Treatment Underwear is made of high-quality, Oeko-Tex certified fabrics that are safe and gentle on children\u2019s skin.\r\n<h4>Information<\/h4>\r\n<ul>\r\n \t<li><em>Connects to Pjama Bedwetting Alarm (via buttons on the front of the boxer shorts)<\/em><\/li>\r\n \t<li><em>Sewn-in sensor wires for greater accuracy<\/em><\/li>\r\n \t<li><em>Comfortable and soft<\/em><\/li>\r\n \t<li><em>Discrete and practical<\/em><\/li>\r\n \t<li><em>Machine washable at 60\u00b0C<\/em><\/li>\r\n \t<li><em>Can be tumble dried<\/em><\/li>\r\n \t<li><em>Sizes: Children and Adults<\/em><\/li>\r\n \t<li><em>Color: Blue<\/em><\/li>\r\n<\/ul>\r\n<span style=\"color: #666666;font-size: 14px\">Remember to detach the Pjama Sensor from the bedwetting alarm when not in use and before washing.<\/span>\r\n<h4>DryGuardians App and Bedwetting Clinic<\/h4>\r\nThe DryGuardians app offers advanced features for treating bedwetting and nocturnal enuresis:\r\n<ul>\r\n \t<li>Use the app as a sound device for your bedwetting alarm and choose different alarm signals.<\/li>\r\n \t<li>Log the night\u2019s results in the calendar to track progress and receive personalized tips.<\/li>\r\n \t<li>Get personalized advice and support during enuresis treatment.<\/li>\r\n \t<li>Set daily alarms to remind you or the child to use the bathroom during the day.<\/li>\r\n<\/ul>\r\nThe DryGuardians app is free to download from <a href=\"https:\/\/play.google.com\/store\/apps\/details?id=com.pjama&gl=sv&hl=sv\">Google Play<\/a> or <a href=\"https:\/\/apps.apple.com\/sv\/app\/pjama\/id1498084664?mt=8&l=sv\">App Store<\/a>. Learn more about our Bedwetting Clinic and how we can help you or your child on our <a href=\"https:\/\/pjama.eu\/\">website<\/a>.\r\n<h4>The Treatment Process \u2013 Motivation and Patience are Key<\/h4>\r\nTreating nocturnal enuresis requires motivation and patience, especially during the first few weeks. For both children and parents, it is important to set realistic goals and celebrate progress. Remember, the goal is a dry bed without aids, and the journey there can be made easier with tools like Pjama Boxer Bedwetting Treatment Underwear and the bedwetting alarm.\r\n\r\nAs a parent, you can keep your child motivated by giving positive feedback and compliments. With the help of <em>DryGuardians App<\/em>, you can get tips and advice tailored to your treatment progress. This is a safe and effective path to a better everyday life for children and adults suffering from enuresis.\r\n\r\n\u00a9 2024 Pjama.","_et_gb_content_width":""},"product_brand":[],"product_cat":[312,341,380,343,344],"product_tag":[],"class_list":{"0":"post-24899","1":"product","2":"type-product","3":"status-publish","4":"has-post-thumbnail","6":"product_cat-ninos","7":"product_cat-accesorios","8":"product_cat-adultos","9":"product_cat-alarma-pipi-nocturno","10":"product_cat-pjamadryguardians_2025","11":"product_shipping_class-ue","12":"pa_size-5-6-anos","13":"pa_size-de-8-a-10-anos","14":"pa_size-edades-10-12","15":"pa_size-edades-6-8","16":"pa_size-grande","17":"pa_size-medio","18":"pa_size-pequeno","19":"pa_size-xlarge","20":"pa_size-xxlarge","22":"first","23":"instock","24":"taxable","25":"shipping-taxable","26":"purchasable","27":"product-type-variable"},"composite_virtual":false,"composite_layout":"","composite_add_to_cart_form_location":"","composite_editable_in_cart":false,"composite_sold_individually_context":"","composite_shop_price_calc":"","composite_components":[],"composite_scenarios":[],"_links":{"self":[{"href":"https:\/\/pjama.eu\/es\/wp-json\/wp\/v2\/product\/24899","targetHints":{"allow":["GET"]}}],"collection":[{"href":"https:\/\/pjama.eu\/es\/wp-json\/wp\/v2\/product"}],"about":[{"href":"https:\/\/pjama.eu\/es\/wp-json\/wp\/v2\/types\/product"}],"wp:featuredmedia":[{"embeddable":true,"href":"https:\/\/pjama.eu\/es\/wp-json\/wp\/v2\/media\/31168"}],"wp:attachment":[{"href":"https:\/\/pjama.eu\/es\/wp-json\/wp\/v2\/media?parent=24899"}],"wp:term":[{"taxonomy":"product_brand","embeddable":true,"href":"https:\/\/pjama.eu\/es\/wp-json\/wp\/v2\/product_brand?post=24899"},{"taxonomy":"product_cat","embeddable":true,"href":"https:\/\/pjama.eu\/es\/wp-json\/wp\/v2\/product_cat?post=24899"},{"taxonomy":"product_tag","embeddable":true,"href":"https:\/\/pjama.eu\/es\/wp-json\/wp\/v2\/product_tag?post=24899"}],"curies":[{"name":"wp","href":"https:\/\/api.w.org\/{rel}","templated":true}]}}