{"id":25000,"date":"2020-03-21T12:06:50","date_gmt":"2020-03-21T11:06:50","guid":{"rendered":"https:\/\/pjama.eu\/product\/pjama-protect-pantalones-para-enuresis-infantil\/"},"modified":"2026-04-07T12:46:38","modified_gmt":"2026-04-07T10:46:38","slug":"pantalones-para-enuresis-infantil","status":"publish","type":"product","link":"https:\/\/pjama.eu\/es\/producto\/pantalones-para-enuresis-infantil\/","title":{"rendered":"Pantalones para Enuresis Infantil Pjama Protec"},"content":{"rendered":"<h3 style=\"color: #d35917;\">Pantalones para Enuresis Infantil Pjama Protec<\/h3>\n<h4 style=\"color: #072130;\">La Mejor Soluci\u00f3n para la Enuresis Infantil<\/h4>\n<p>\u00bfBuscas una soluci\u00f3n para los ni\u00f1os que mojan la cama? Los pantalones para enuresis infantil Pjama Protect ofrecen una alternativa c\u00f3moda, discreta y eficaz para gestionar la enuresis nocturna sin pa\u00f1ales. Perfectos para ni\u00f1os que mojan la cama por la noche o que acaban de empezar a tener accidentes. Estos pantalones son impermeables y reutilizables, y ofrecen comodidad y tranquilidad tanto a los ni\u00f1os como a los padres.  <\/p>\n<h4 style=\"color: #072130;\">Ventajas de los Pantalones para Enuresis Infantil Reutilizables<\/h4>\n<ul>\n<li><strong>Protecci\u00f3n m\u00e1xima:<\/strong> Mantiene las s\u00e1banas secas, siendo la mejor opci\u00f3n en pantalones para enuresis infantil con alta capacidad de absorci\u00f3n.<\/li>\n<li><strong>Discreto y con estilo:<\/strong> Parece un pijama\/ pantal\u00f3n de dormir normal, perfecto para fiestas de pijamas.<\/li>\n<li><strong>Soluci\u00f3n ecol\u00f3gica:<\/strong> Lavables y reutilizables, reducen la necesidad de productos desechables como los pa\u00f1ales.<\/li>\n<li><strong>Tratamiento de la enuresis:<\/strong> A diferencia de los pa\u00f1ales, permiten sentir la humedad para que el ni\u00f1o aprenda a despertarse, facilitando el control de esf\u00ednteres.<\/li>\n<\/ul>\n<h4 style=\"color: #072130;\">Una soluci\u00f3n segura y pr\u00e1ctica<\/h4>\n<p>Nuestros pantalones para enuresis infantil est\u00e1n fabricados con tejido transpirable e impermeable de alta calidad. Son la soluci\u00f3n ideal para ni\u00f1os de todas las edades que mojan la cama y buscan una alternativa textil a los desechables. <\/p>\n<h4 style=\"color: #072130;\">Tallas Disponibles para Ni\u00f1os (98 cm a 164 cm)<\/h4>\n<p>Ofrecemos tallas que van de 98 a 164 cm de altura para adaptarse a ni\u00f1os de todas las edades. Si su hijo necesita una talla m\u00e1s grande, consulte nuestra <a href=\"https:\/\/pjama.eu\/es\/producto\/pantalones-para-enuresis-adultos\/\">categor\u00eda Adultos<\/a> hasta la talla XL. Los pantalones est\u00e1n confeccionados con tejido Tencel, laminado para hacerlos impermeables sin dejar de ser suaves con la piel. Los tejidos utilizados <a href=\"https:\/\/www.oeko-tex.com\/en\/our-standards\/oeko-tex-standard-100\" target=\"_blank\" rel=\"noopener\">cuentan con la certificaci\u00f3n Oeko-Tex<\/a>. Para encontrar la talla adecuada y saber cu\u00e1nto puede absorber cada talla, consulta nuestra <a href=\"https:\/\/pjama.eu\/es\/pantalones-para-enuresis-tallas\/\">gu\u00eda de tallas<\/a>.   <\/p>\n<p>\u00bfNecesita una talla m\u00e1s grande? Explora nuestra <a href=\"https:\/\/pjama.eu\/es\/enuresis-nocturna-adultos\/\">gama Adulto<\/a> para disfrutar de la misma protecci\u00f3n y comodidad en tallas m\u00e1s grandes. <\/p>\n<h4 style=\"color: #072130;\">Ideales para Campamentos y Fiestas de Pijamas<\/h4>\n<p>Los ni\u00f1os que sufren enuresis pueden sentirse inseguros al dormir fuera de casa, en casa de amigos o durante actividades nocturnas. Gracias a los pantalones para enuresis infantil Pjama, tu hijo recuperar\u00e1 la confianza en situaciones sociales gracias a su dise\u00f1o que parece un pijama convencional. <\/p>\n<h4 style=\"color: #072130;\">Lavado y Mantenimiento de las Prendas Pjama<\/h4>\n<p>Los Pjama Protect Pantalones para Enuresis Ni\u00f1os se pueden lavar a m\u00e1quina (60\u00b0C) y secar en secadora. Nota: Los pantalones tienen un tiempo de secado m\u00e1s largo debido a su caracter\u00edstica absorbente. Aseg\u00farese de poner la prenda del rev\u00e9s cuando la lave para permitir que el l\u00edquido salga durante el centrifugado. <span style=\"font-weight: 400;\">Son duraderas y rentables: <b>Pjama garantiza una durabilidad de al menos 100 lavados, ofreciendo una opci\u00f3n m\u00e1s ecol\u00f3gica y econ\u00f3mica que los pa\u00f1ales para enuresis infantil<\/b><\/span>. <span style=\"font-weight: 400;\">Una soluci\u00f3n fiable y pr\u00e1ctica para los ni\u00f1os que mojan la cama por la noche.<\/span> <a href=\"https:\/\/pjama.eu\/es\/como-lavar-pjama\/\"><span style=\"font-weight: 400;\">Lea todas las instrucciones de cuidado &#8216;<\/span><\/a><\/p>\n<h4 style=\"color: #072130;\">C\u00f3mo Gestionar la Enuresis Infantil: Consejos Pr\u00e1cticos<\/h4>\n<p>Ayuda pr\u00e1ctica para el sue\u00f1o seco.<\/p>\n<ul>\n<li><strong>Usa pantalones para enuresis infantil:<\/strong> La forma m\u00e1s sencilla de evitar el estr\u00e9s de cambiar s\u00e1banas de madrugada y mejorar la autoestima del ni\u00f1o. Perfecto para evitar el engorro de cambiar las s\u00e1banas<br \/>\nen mitad de la noche y proporcionar comodidad y seguridad al ni\u00f1o. <\/li>\n<\/ul>\n<p>Productos para el tratamiento de la enuresis<\/p>\n<ul>\n<li><a href=\"https:\/\/pjama.eu\/es\/tratamiento-para-la-enuresis\/\">Pjama Alarma pip\u00ed nocturno<\/a>: Eficaz para tratar la enuresis ayudando al ni\u00f1o a desarrollar un mejor control de la vejiga y rutinas nocturnas.<\/li>\n<li><a href=\"https:\/\/pjama.eu\/es\/app-para-dejar-de-mojar-la-cama\/\">Aplicaci\u00f3n DryGuardians<\/a>: Realice un seguimiento del progreso y obtenga informaci\u00f3n sobre la eficacia del tratamiento. La aplicaci\u00f3n tambi\u00e9n facilita la comunicaci\u00f3n con los profesionales sanitarios. <\/li>\n<\/ul>\n<p>Tanto si buscas una ayuda como un producto de tratamiento, es importante que te comuniques abiertamente. Hablar abiertamente sobre la enuresis puede reducir el estr\u00e9s y los sentimientos de verg\u00fcenza. Esto favorece el desarrollo del ni\u00f1o y aumenta su sensaci\u00f3n de seguridad con respecto a su enuresis.  <\/p>\n<h4 style=\"color: #072130;\">Entendiendo la Enuresis Infantil Nocturna<\/h4>\n<p>La <em>enuresis nocturna<\/em> se produce cuando los ni\u00f1os mojan la cama por la noche. Es un problema com\u00fan, especialmente entre los varones, que afecta a millones de ni\u00f1os en todo el mundo. Recuerda: no es culpa del ni\u00f1o y no debe dar lugar a verg\u00fcenza o castigo.  <\/p>\n<h4 style=\"color: #072130;\">\u00bfNecesita m\u00e1s orientaci\u00f3n?<\/h4>\n<p>No dude en consultar a su enfermera o m\u00e9dico si tiene alguna pregunta sobre la enuresis o necesita m\u00e1s informaci\u00f3n sobre las posibles opciones de tratamiento. Buscar ayuda profesional puede ser un paso importante para apoyar a tu hijo de la mejor manera. <\/p>\n<footer>\u00a9 2024 Pjama.<\/footer>\n","protected":false},"excerpt":{"rendered":"<h3>Pantalones para enuresis absorbentes ni\u00f1os &#8211; mantiene la cama seca.<\/h3>\n<p>Pjama Protect Pantalones para Enuresis Ni\u00f1os son una soluci\u00f3n f\u00e1cil de cuidar, discreta y c\u00f3moda para los ni\u00f1os que mojan la cama.<\/p>\n<ul>\n<li>Transpirable y totalmente impermeable para mantener la cama seca.<\/li>\n<li>Tan suaves y c\u00f3modos como unos pantalones de pijama normales.<\/li>\n<li>Se puede lavar a m\u00e1quina a 60 \u00b0C y secar en secadora.<\/li>\n<\/ul>\n<p>\u00bfNecesita una talla m\u00e1s grande? Explora nuestra <a href=\"https:\/\/pjama.eu\/es\/producto\/pantalones-para-enuresis-adultos\/\">gama Adulto<\/a> para disfrutar de la misma protecci\u00f3n y comodidad en tallas m\u00e1s grandes. <\/p>\n","protected":false},"featured_media":31341,"template":"","meta":{"_et_pb_use_builder":"","_et_pb_old_content":"","_et_gb_content_width":""},"product_brand":[],"product_cat":[428,312,429],"product_tag":[],"class_list":{"0":"post-25000","1":"product","2":"type-product","3":"status-publish","4":"has-post-thumbnail","6":"product_cat-pjama-original","7":"product_cat-ninos","8":"product_cat-pjamaprotect_2025","9":"product_shipping_class-ue","10":"pa_size-5-6-anos","11":"pa_size-de-8-a-10-anos","12":"pa_size-edades-10-12","13":"pa_size-edades-3-4-anos","14":"pa_size-edades-6-8","15":"pa_size-pequeno","17":"first","18":"instock","19":"taxable","20":"shipping-taxable","21":"purchasable","22":"product-type-variable"},"composite_virtual":false,"composite_layout":"","composite_add_to_cart_form_location":"","composite_editable_in_cart":false,"composite_sold_individually_context":"","composite_shop_price_calc":"","composite_components":[],"composite_scenarios":[],"_links":{"self":[{"href":"https:\/\/pjama.eu\/es\/wp-json\/wp\/v2\/product\/25000","targetHints":{"allow":["GET"]}}],"collection":[{"href":"https:\/\/pjama.eu\/es\/wp-json\/wp\/v2\/product"}],"about":[{"href":"https:\/\/pjama.eu\/es\/wp-json\/wp\/v2\/types\/product"}],"wp:featuredmedia":[{"embeddable":true,"href":"https:\/\/pjama.eu\/es\/wp-json\/wp\/v2\/media\/31341"}],"wp:attachment":[{"href":"https:\/\/pjama.eu\/es\/wp-json\/wp\/v2\/media?parent=25000"}],"wp:term":[{"taxonomy":"product_brand","embeddable":true,"href":"https:\/\/pjama.eu\/es\/wp-json\/wp\/v2\/product_brand?post=25000"},{"taxonomy":"product_cat","embeddable":true,"href":"https:\/\/pjama.eu\/es\/wp-json\/wp\/v2\/product_cat?post=25000"},{"taxonomy":"product_tag","embeddable":true,"href":"https:\/\/pjama.eu\/es\/wp-json\/wp\/v2\/product_tag?post=25000"}],"curies":[{"name":"wp","href":"https:\/\/api.w.org\/{rel}","templated":true}]}}