{"id":25105,"date":"2020-03-21T12:40:14","date_gmt":"2020-03-21T11:40:14","guid":{"rendered":"https:\/\/pjama.eu\/product\/pjama-protect-pantalones-para-enuresis-para-adultos\/"},"modified":"2026-04-07T15:10:27","modified_gmt":"2026-04-07T13:10:27","slug":"pantalones-para-enuresis-adultos","status":"publish","type":"product","link":"https:\/\/pjama.eu\/es\/producto\/pantalones-para-enuresis-adultos\/","title":{"rendered":"Pjama Protect: Pantalones para Enuresis Adultos y J\u00f3venes"},"content":{"rendered":"<h3 style=\"color: #d35917;\">Pjama Protect: Pantalones para Enuresis Adultos y J\u00f3venes<\/h3>\n<h4 style=\"color: #072130;\">La soluci\u00f3n absorbente definitiva para la enuresis nocturna e incontinencia urinaria en adultos<\/h4>\n<p>\u00bfBusca pantalones para enuresis adultos que sean discretos y eficaces? Pjama Protect ofrece la mejor alternativa a los pa\u00f1ales desechables. Nuestros pantalones para enuresis adultos son c\u00f3modos, impermeables y reutilizables, dise\u00f1ados espec\u00edficamente para quienes sufren incontinencia urinaria nocturna y buscan seguridad tanto en casa como en viajes.  <\/p>\n<h4 style=\"color: #072130;\">Ventajas de usar nuestros pantalones para enuresis adultos lavables<\/h4>\n<ul>\n<li><strong>Protecci\u00f3n total:<\/strong> Estos pantalones para enuresis adultos mantienen la cama seca ante p\u00e9rdidas de orina, garantizando un descanso profundo y c\u00f3modo.<\/li>\n<li><strong>Discreci\u00f3n absoluta:<\/strong> Su dise\u00f1o funcional imita un pijama normal, siendo la opci\u00f3n ideal para adultos que necesitan una soluci\u00f3n invisible frente a otros.<\/li>\n<li><strong>Ecol\u00f3gico y econ\u00f3mico:<\/strong> lavable y reutilizable, reduce la necesidad de productos desechables y es mejor para el medio ambiente.<\/li>\n<li><strong>Tratamiento de la enuresis:<\/strong> A diferencia de los pa\u00f1ales, estos pantalones proporcionan retroalimentaci\u00f3n sensorial, ayudando al usuario a despertarse y mejorar el control de la vejiga.<\/li>\n<\/ul>\n<h4 style=\"color: #072130;\">Pantalones absorbentes: Una soluci\u00f3n segura y pr\u00e1ctica para adultos<\/h4>\n<p>Fabricados con materiales transpirables, los pantalones para enuresis adultos de Pjama protegen s\u00e1banas y colchones eficazmente. Son la prenda de protecci\u00f3n ideal para hombres y mujeres que enfrentan enuresis nocturna temporal o cr\u00f3nica.  <\/p>\n<h4 style=\"color: #072130;\">Gu\u00eda de tallas de pantalones para enuresis adultos<\/h4>\n<p>Ofrecemos tallas de la Peque\u00f1a a la XL para adaptarse a todos los tipos de cuerpo. Los pantalones est\u00e1n confeccionados con tejido Tencel, laminado para hacerlos impermeables sin dejar de ser suaves con la piel. Los tejidos utilizados <a href=\"https:\/\/www.oeko-tex.com\/en\/our-standards\/oeko-tex-standard-100\" target=\"_blank\" rel=\"noopener\">cuentan con la certificaci\u00f3n Oeko-Tex<\/a>. Para encontrar la talla adecuada y saber cu\u00e1nto puede absorber cada talla, consulta nuestra <a href=\"https:\/\/pjama.eu\/es\/pantalones-para-enuresis-tallas\/\">gu\u00eda de tallas<\/a>.   <\/p>\n<p>\u00bfNecesita una talla m\u00e1s peque\u00f1a? Explora nuestra <a href=\"https:\/\/pjama.eu\/es\/pantalones-para-enuresis\/\">gama infantil <\/a> para disfrutar de la misma protecci\u00f3n y comodidad en tallas m\u00e1s grandes. <\/p>\n<h4 style=\"color: #072130;\">Seguridad garantizada en viajes y noches fuera de casa<\/h4>\n<p>Los adultos con problemas de enuresis pueden sentirse inseguros cuando est\u00e1n fuera de casa, como cuando viajan o se quedan con familiares y amigos. Nuestros pantalones para enuresis adultos ofrecen la confianza necesaria para viajar, eliminando el miedo a mojar la cama en entornos ajenos. La visi\u00f3n de Pjama es ayudar a quienes padecen enuresis a llevar una vida lo m\u00e1s normal posible, sin limitaciones.  <\/p>\n<h4 style=\"color: #072130;\">Lavado y mantenimiento de los pantalones absorbentes<\/h4>\n<p>Pjama Protect Pantalones para Enuresis para Adultos son lavables a m\u00e1quina a 60\u00b0C y se pueden secar en secadora. Tenga en cuenta que pueden tardar m\u00e1s en secarse debido a su caracter\u00edstica absorbente. D\u00e9 la vuelta a la prenda cuando la lave para optimizar la evacuaci\u00f3n de la humedad. Estos pantalones son duraderos y econ\u00f3micos, una soluci\u00f3n perfecta para adultos con enuresis nocturna.<br \/>\n<b>Pjama garantiza al menos 100 lavados y hasta 4 meses de uso regular si se cuida siguiendo nuestras instrucciones de lavado.<\/b><span style=\"font-weight: 400;\"> <\/span> <a href=\"https:\/\/pjama.eu\/es\/como-lavar-pjama\/\"><span style=\"font-weight: 400;\">Leer todas las instrucciones de cuidado &#8216;<\/span><\/a><\/p>\n<h4 style=\"color: #072130;\">Consejos expertos para gestionar la enuresis nocturna en adultos<\/h4>\n<p>Ayudas pr\u00e1cticas para un sue\u00f1o seco.<\/p>\n<ul>\n<li><strong>Utilice Pjama Protect Pantalones para Enuresis para Adultos:<\/strong> Una ayuda f\u00e1cil y c\u00f3moda para mantener la cama seca tanto en casa como cuando se est\u00e1 fuera. Perfecto para evitar la molestia de cambiar la ropa de cama en mitad de la noche y garantizar la comodidad y la seguridad. <\/li>\n<\/ul>\n<h4 style=\"color: #072130;\">Tratamientos complementarios para la enuresis en adultos<\/h4>\n<ul>\n<li><a href=\"https:\/\/pjama.eu\/es\/tratamiento-para-la-enuresis\/\">Pjama Alarma pip\u00ed nocturno<\/a>: Una herramienta eficaz para ayudar a desarrollar un mejor control de la vejiga y establecer rutinas nocturnas. Tanto <a href=\"https:\/\/pjama.eu\/es\/producto\/pjama-dryguardians-para-hombres-boxers\/\">los b\u00f3xers<\/a> para hombre como <a href=\"https:\/\/pjama.eu\/es\/producto\/pjama-dryguardians-para-mujer-braguitas\/\">las braguitas<\/a> para mujer est\u00e1n disponibles en tallas de adulto con alarmas de enuresis. Util\u00edcelos debajo de sus pantalones protectores de dormir para obtener una respuesta inmediata cuando se produzca la enuresis.  <\/li>\n<li><a href=\"https:\/\/pjama.eu\/es\/app-para-dejar-de-mojar-la-cama\/\">Aplicaci\u00f3n DryGuardians<\/a>: Realice un seguimiento de sus progresos y obtenga informaci\u00f3n sobre la eficacia de su tratamiento. La aplicaci\u00f3n tambi\u00e9n facilita la comunicaci\u00f3n con los profesionales sanitarios. <\/li>\n<\/ul>\n<p>Si nunca has recibido tratamiento para la enuresis nocturna, \u00e9sta puede ser una opci\u00f3n para ti. Pjama colabora con la sanidad sueca para ofrecer ayudas y opciones de tratamiento a los enur\u00e9ticos. <\/p>\n<h4 style=\"color: #072130;\">\u00bfQu\u00e9 es la enuresis nocturna?<\/h4>\n<p>La enuresis nocturna es m\u00e1s frecuente entre los adultos de lo que muchos creen y consiste en que una persona se orina o moja la cama involuntariamente mientras duerme. Es importante comprender que se trata de una situaci\u00f3n manejable que no debe provocar verg\u00fcenza ni culpabilidad. Hablar abiertamente sobre la enuresis puede reducir el estr\u00e9s y los sentimientos de verg\u00fcenza y proporcionar la tranquilidad necesaria para controlar la enuresis nocturna.  <\/p>\n<h4 style=\"color: #072130;\">\u00bfNecesita m\u00e1s orientaci\u00f3n?<\/h4>\n<p>No dude en consultar a una enfermera o a un m\u00e9dico para que le aconsejen sobre el tratamiento y le comenten las posibles opciones. Buscar ayuda profesional puede ser un paso importante en la gesti\u00f3n y el tratamiento de la enuresis nocturna. <\/p>\n<footer>\u00a9 2024 Pjama.<\/footer>\n","protected":false},"excerpt":{"rendered":"<div class=\"product-description\">\n<h3>Pantalones para enuresis absorbentes para adultos: discretos y c\u00f3modos.<\/h3>\n<p>Pjama Protect Pantalones para Enuresis para Adultos proporcionan una soluci\u00f3n f\u00e1cil de cuidar, discreta y c\u00f3moda para los adultos con problemas de enuresis.<\/p>\n<ul>\n<li>Transpirable y totalmente impermeable para mantener la cama seca.<\/li>\n<li>Suaves y tan c\u00f3modos como unos pantalones de pijama normales.<\/li>\n<li>Se puede lavar a m\u00e1quina a 60 \u00b0C y secar en secadora.<\/li>\n<\/ul>\n<p>\u00bfNecesita una talla m\u00e1s peque\u00f1a? Explore nuestra <a href=\"https:\/\/pjama.eu\/es\/pantalones-para-enuresis\/\">gama infantil <\/a> para obtener la misma protecci\u00f3n y comodidad en tallas m\u00e1s grandes. <\/p>\n<\/div>\n","protected":false},"featured_media":31316,"template":"","meta":{"_et_pb_use_builder":"","_et_pb_old_content":"","_et_gb_content_width":""},"product_brand":[],"product_cat":[428,380,429],"product_tag":[],"class_list":{"0":"post-25105","1":"product","2":"type-product","3":"status-publish","4":"has-post-thumbnail","6":"product_cat-pjama-original","7":"product_cat-adultos","8":"product_cat-pjamaprotect_2025","9":"product_shipping_class-ue","10":"pa_size-grande","11":"pa_size-medio","12":"pa_size-pequeno","13":"pa_size-xlarge","15":"first","16":"instock","17":"taxable","18":"shipping-taxable","19":"purchasable","20":"product-type-variable"},"composite_virtual":false,"composite_layout":"","composite_add_to_cart_form_location":"","composite_editable_in_cart":false,"composite_sold_individually_context":"","composite_shop_price_calc":"","composite_components":[],"composite_scenarios":[],"_links":{"self":[{"href":"https:\/\/pjama.eu\/es\/wp-json\/wp\/v2\/product\/25105","targetHints":{"allow":["GET"]}}],"collection":[{"href":"https:\/\/pjama.eu\/es\/wp-json\/wp\/v2\/product"}],"about":[{"href":"https:\/\/pjama.eu\/es\/wp-json\/wp\/v2\/types\/product"}],"wp:featuredmedia":[{"embeddable":true,"href":"https:\/\/pjama.eu\/es\/wp-json\/wp\/v2\/media\/31316"}],"wp:attachment":[{"href":"https:\/\/pjama.eu\/es\/wp-json\/wp\/v2\/media?parent=25105"}],"wp:term":[{"taxonomy":"product_brand","embeddable":true,"href":"https:\/\/pjama.eu\/es\/wp-json\/wp\/v2\/product_brand?post=25105"},{"taxonomy":"product_cat","embeddable":true,"href":"https:\/\/pjama.eu\/es\/wp-json\/wp\/v2\/product_cat?post=25105"},{"taxonomy":"product_tag","embeddable":true,"href":"https:\/\/pjama.eu\/es\/wp-json\/wp\/v2\/product_tag?post=25105"}],"curies":[{"name":"wp","href":"https:\/\/api.w.org\/{rel}","templated":true}]}}