{"id":25126,"date":"2020-03-21T12:49:41","date_gmt":"2020-03-21T11:49:41","guid":{"rendered":"https:\/\/pjama.eu\/product\/pjama-protect-pantalones-cortos-para-enuresis-para-adultos\/"},"modified":"2026-04-07T14:57:46","modified_gmt":"2026-04-07T12:57:46","slug":"pijama-absorbente-para-adultos","status":"publish","type":"product","link":"https:\/\/pjama.eu\/es\/producto\/pijama-absorbente-para-adultos\/","title":{"rendered":"Pjama: El mejor pijama absorbente para adultos (Pantalones Cortos)"},"content":{"rendered":"<h3 style=\"color: #d35917;\">Pjama: El mejor pijama absorbente para adultos (Pantalones Cortos)<\/h3>\n<h4 style=\"color: #072130;\">Pijama absorbente para adultos: Soluci\u00f3n eficaz para la enuresis e incontinencia<\/h4>\n<p>\u00bfBuscas un pijama absorbente para adultos de alta calidad? Los pantalones Pjama son la soluci\u00f3n m\u00e1s c\u00f3moda, discreta y reutilizable para controlar la enuresis nocturna con total seguridad. Perfecto para adultos que sufren incontinencia urinaria durante la noche. Estos calzoncillos son suaves, impermeables, reutilizables y proporcionan seguridad tanto en casa como fuera de ella.   <\/p>\n<h4 style=\"color: #072130;\">Ventajas de elegir nuestro pijama absorbente para adultos Pjama<\/h4>\n<ul>\n<li><strong>Protecci\u00f3n y comodidad:<\/strong> Mantiene la cama seca durante las p\u00e9rdidas de orina y la enuresis, garantizando una noche c\u00f3moda y segura.<\/li>\n<li><strong>Dise\u00f1o discreto y funcional:<\/strong> Este pijama absorbente para adultos parece una prenda normal, ideal para quienes buscan discreci\u00f3n absoluta.<\/li>\n<li><strong>Ecol\u00f3gicos y rentables:<\/strong> Lavable y reutilizable, reduce la necesidad de productos desechables y es mejor para el medio ambiente.<\/li>\n<li><strong>Ayuda con la enuresis nocturna:<\/strong> Dise\u00f1ado para proporcionar retroalimentaci\u00f3n a trav\u00e9s de la humedad, a diferencia de los pa\u00f1ales, para animar a despertarse y usar el ba\u00f1o.<\/li>\n<\/ul>\n<h4 style=\"color: #072130;\">Pijama absorbente para adultos: Una soluci\u00f3n segura y pr\u00e1ctica<\/h4>\n<p>Nuestro pijama absorbente para adultos est\u00e1 fabricado con tejido Tencel transpirable e impermeable que protege al m\u00e1ximo el colch\u00f3n y las s\u00e1banas. Son adecuados para adultos que sufren enuresis nocturna, tanto si se trata de un problema temporal como a largo plazo. Los calzoncillos son ideales tanto para hombres como para mujeres.  <\/p>\n<h4 style=\"color: #072130;\">Tallas disponibles del pijama absorbente para adultos<\/h4>\n<p>Ofrecemos tallas de la Peque\u00f1a a la XL para adaptarse a todos los tipos de cuerpo. Los shorts est\u00e1n confeccionados con tejido Tencel, laminado para hacerlos impermeables y, al mismo tiempo, suaves con la piel. Los tejidos utilizados <a href=\"https:\/\/www.oeko-tex.com\/en\/our-standards\/oeko-tex-standard-100\" target=\"_blank\" rel=\"noopener\">cuentan con la certificaci\u00f3n Oeko-Tex<\/a>. Para encontrar la talla adecuada y ver la capacidad de absorci\u00f3n de cada talla, consulta nuestra <a href=\"https:\/\/pjama.eu\/es\/pantalones-para-enuresis-tallas\/\">gu\u00eda de tallas<\/a>.   <\/p>\n<p>\u00bfNecesita una talla m\u00e1s peque\u00f1a? Explore nuestra <a href=\"https:\/\/pjama.eu\/es\/pantalones-para-enuresis\/\">gama Childrens<\/a> para obtener la misma protecci\u00f3n y comodidad en tallas m\u00e1s grandes. <\/p>\n<h4 style=\"color: #072130;\">Pijama absorbente para adultos: Ideal para viajes y noches fuera<\/h4>\n<p>Los adultos que sufren enuresis pueden sentirse inseguros cuando est\u00e1n fuera de casa, por ejemplo durante viajes o pernoctaciones con familiares y amigos. El pijama absorbente para adultos Pjama ofrece la seguridad y discreci\u00f3n necesarias para viajar sin preocupaciones ni ansiedad. La visi\u00f3n de Pjama es hacer la vida m\u00e1s f\u00e1cil a las personas que sufren enuresis, para que puedan llevar una vida lo m\u00e1s normal posible, sin limitaciones.  <\/p>\n<h4 style=\"color: #072130;\">F\u00e1cil mantenimiento<\/h4>\n<p>Los Pjama Protect Pantalones Cortos para enuresis para adultos se pueden lavar a m\u00e1quina a 60 \u00b0C y secar en secadora. Tenga en cuenta que pueden tardar m\u00e1s en secarse debido a su funci\u00f3n absorbente. D\u00e9 la vuelta a la prenda durante el lavado para optimizar el drenaje de l\u00edquidos. Estos calzoncillos son duraderos y econ\u00f3micos: una soluci\u00f3n perfecta para los adultos con enuresis nocturna.<br \/>\n<b>Pjama garantiza al menos 100 lavados y hasta 4 meses de uso regular si se cuida siguiendo nuestras instrucciones de lavado.<\/b> <a href=\"https:\/\/pjama.eu\/es\/como-lavar-pjama\/\"><span style=\"font-weight: 400;\">Leer todas las instrucciones de cuidado &#8216;<\/span><\/a><\/p>\n<h4 style=\"color: #072130;\">Consejos para controlar la enuresis<\/h4>\n<p><strong>Ayudas pr\u00e1cticas para un sue\u00f1o seco.<\/strong><\/p>\n<ul>\n<li><strong>Utilice el pijama absorbente para adultos Pjama:<\/strong> La forma m\u00e1s sencilla de mantener la cama seca y evitar cambios de s\u00e1banas a medianoche. Perfecto para evitar la molestia de cambiar la cama en mitad de la noche y proporcionar seguridad y comodidad. <\/li>\n<\/ul>\n<h4 style=\"color: #072130;\">Complementos para tu pijama absorbente para adultos<\/h4>\n<ul>\n<li><a href=\"https:\/\/pjama.eu\/es\/tratamiento-para-la-enuresis\/\">Pjama Alarma pip\u00ed nocturno<\/a>: Una herramienta eficaz para ayudar a desarrollar un mejor control de la vejiga y establecer rutinas nocturnas. Tanto <a href=\"https:\/\/pjama.eu\/es\/producto\/pjama-dryguardians-para-hombres-boxers\/\">los b\u00f3xers<\/a> para hombre como <a href=\"https:\/\/pjama.eu\/es\/producto\/pjama-dryguardians-para-mujer-braguitas\/\">las braguitas<\/a> para mujer est\u00e1n disponibles en tallas de adulto con una alarma de enuresis. Util\u00edcelos junto con los calzoncillos protectores para dormir para obtener una respuesta inmediata cuando se produzca la enuresis.  <\/li>\n<li><a href=\"https:\/\/pjama.eu\/es\/app-para-dejar-de-mojar-la-cama\/\">Aplicaci\u00f3n DryGuardians<\/a>: Haga un seguimiento del progreso y obtenga informaci\u00f3n sobre la eficacia del tratamiento. La aplicaci\u00f3n tambi\u00e9n facilita la comunicaci\u00f3n con los profesionales sanitarios. <\/li>\n<\/ul>\n<p>Si nunca has recibido tratamiento para la enuresis nocturna, \u00e9sta podr\u00eda ser una soluci\u00f3n para ti. Pjama colabora con la sanidad sueca para ofrecer ayudas y opciones de tratamiento a los enur\u00e9ticos. <\/p>\n<h4 style=\"color: #072130;\">\u00bfQu\u00e9 es la enuresis nocturna?<\/h4>\n<p>La enuresis nocturna es un problema m\u00e1s com\u00fan de lo que se cree entre los adultos, que consiste en la p\u00e9rdida involuntaria de orina durante el sue\u00f1o. Es importante comprender que se trata de una situaci\u00f3n manejable que no debe generar verg\u00fcenza ni culpabilidad. Hablar abiertamente sobre la enuresis puede reducir el estr\u00e9s y los sentimientos de verg\u00fcenza, ofreciendo el consuelo necesario para controlar la enuresis nocturna.  <\/p>\n<h4 style=\"color: #072130;\">\u00bfNecesita m\u00e1s orientaci\u00f3n?<\/h4>\n<p>No dude en consultar a una enfermera o a un m\u00e9dico para que le aconsejen sobre el tratamiento y le comenten las posibles opciones. Buscar ayuda profesional puede ser un paso importante para controlar y tratar la enuresis nocturna. <\/p>\n<footer>\u00a9 2024 Pjama.<\/footer>\n","protected":false},"excerpt":{"rendered":"<div class=\"product-description\">\n<h3><span data-sheets-root=\"1\">Shorts para enuresis absorbentes para adultos, discretos y c\u00f3modos.<\/span><\/h3>\n<p>Los Pjama Protect Pantalones Cortos para enuresis para adultos son una soluci\u00f3n f\u00e1cil de cuidar, discreta y c\u00f3moda para los adultos con problemas de enuresis.<\/p>\n<ul>\n<li>Transpirable y totalmente impermeable para mantener la cama seca.<\/li>\n<li>Tan suaves y c\u00f3modos como los pantalones cortos de pijama normales.<\/li>\n<li>Se puede lavar a m\u00e1quina a 60 \u00b0C y secar en secadora.<\/li>\n<\/ul>\n<p>\u00bfNecesita una talla m\u00e1s peque\u00f1a? Explore nuestra <a href=\"https:\/\/pjama.eu\/es\/pantalones-para-enuresis\/\">gama Childrens<\/a> para obtener la misma protecci\u00f3n y comodidad en tallas m\u00e1s grandes. <\/p>\n<\/div>\n","protected":false},"featured_media":31307,"template":"","meta":{"_et_pb_use_builder":"","_et_pb_old_content":"","_et_gb_content_width":""},"product_brand":[],"product_cat":[428,380,429],"product_tag":[],"class_list":{"0":"post-25126","1":"product","2":"type-product","3":"status-publish","4":"has-post-thumbnail","6":"product_cat-pjama-original","7":"product_cat-adultos","8":"product_cat-pjamaprotect_2025","9":"product_shipping_class-ue","10":"pa_size-ancho","11":"pa_size-grande","12":"pa_size-medio","13":"pa_size-pequeno","14":"pa_size-xlarge","15":"pa_size-xwide","16":"pa_size-xxancho","18":"first","19":"instock","20":"taxable","21":"shipping-taxable","22":"purchasable","23":"product-type-variable"},"composite_virtual":false,"composite_layout":"","composite_add_to_cart_form_location":"","composite_editable_in_cart":false,"composite_sold_individually_context":"","composite_shop_price_calc":"","composite_components":[],"composite_scenarios":[],"_links":{"self":[{"href":"https:\/\/pjama.eu\/es\/wp-json\/wp\/v2\/product\/25126","targetHints":{"allow":["GET"]}}],"collection":[{"href":"https:\/\/pjama.eu\/es\/wp-json\/wp\/v2\/product"}],"about":[{"href":"https:\/\/pjama.eu\/es\/wp-json\/wp\/v2\/types\/product"}],"wp:featuredmedia":[{"embeddable":true,"href":"https:\/\/pjama.eu\/es\/wp-json\/wp\/v2\/media\/31307"}],"wp:attachment":[{"href":"https:\/\/pjama.eu\/es\/wp-json\/wp\/v2\/media?parent=25126"}],"wp:term":[{"taxonomy":"product_brand","embeddable":true,"href":"https:\/\/pjama.eu\/es\/wp-json\/wp\/v2\/product_brand?post=25126"},{"taxonomy":"product_cat","embeddable":true,"href":"https:\/\/pjama.eu\/es\/wp-json\/wp\/v2\/product_cat?post=25126"},{"taxonomy":"product_tag","embeddable":true,"href":"https:\/\/pjama.eu\/es\/wp-json\/wp\/v2\/product_tag?post=25126"}],"curies":[{"name":"wp","href":"https:\/\/api.w.org\/{rel}","templated":true}]}}