{"id":25194,"date":"2020-05-25T22:24:48","date_gmt":"2020-05-25T20:24:48","guid":{"rendered":"https:\/\/pjama.eu\/product\/pjama-dryguardians-ropa-de-noche-para-ninos-pantalones\/"},"modified":"2026-05-04T11:45:08","modified_gmt":"2026-05-04T09:45:08","slug":"pjama-dryguardians-ropa-de-noche-para-ninos-pantalones","status":"publish","type":"product","link":"https:\/\/pjama.eu\/es\/producto\/pjama-dryguardians-ropa-de-noche-para-ninos-pantalones\/","title":{"rendered":"Pjama DryGuardians Ropa de Noche para Ni\u00f1os &#8211; Pantalones"},"content":{"rendered":"<p>[et_pb_section fb_built=\u00bb1&#8243; _builder_version=\u00bb4.16&#8243; custom_padding=\u00bb0px||||false|false\u00bb da_disable_devices=\u00bboff|off|off\u00bb global_colors_info=\u00bb{}\u00bb da_is_popup=\u00bboff\u00bb da_exit_intent=\u00bboff\u00bb da_has_close=\u00bbon\u00bb da_alt_close=\u00bboff\u00bb da_dark_close=\u00bboff\u00bb da_not_modal=\u00bbon\u00bb da_is_singular=\u00bboff\u00bb da_with_loader=\u00bboff\u00bb da_has_shadow=\u00bbon\u00bb][et_pb_row _builder_version=\u00bb4.16&#8243; background_size=\u00bbinitial\u00bb background_position=\u00bbtop_left\u00bb background_repeat=\u00bbrepeat\u00bb width=\u00bb100%\u00bb custom_padding=\u00bb0px||0px||false|false\u00bb global_colors_info=\u00bb{}\u00bb][et_pb_column type=\u00bb4_4&#8243; _builder_version=\u00bb4.16&#8243; custom_padding=\u00bb|||\u00bb global_colors_info=\u00bb{}\u00bb custom_padding__hover=\u00bb|||\u00bb][et_pb_wc_breadcrumb _builder_version=\u00bb4.16&#8243; global_colors_info=\u00bb{}\u00bb][\/et_pb_wc_breadcrumb][et_pb_wc_cart_notice _builder_version=\u00bb4.16&#8243; global_colors_info=\u00bb{}\u00bb][\/et_pb_wc_cart_notice][\/et_pb_column][\/et_pb_row][et_pb_row column_structure=\u00bb1_2,1_2&#8243; _builder_version=\u00bb4.16&#8243; background_size=\u00bbinitial\u00bb background_position=\u00bbtop_left\u00bb background_repeat=\u00bbrepeat\u00bb width=\u00bb100%\u00bb custom_padding=\u00bb0px||||false|false\u00bb global_colors_info=\u00bb{}\u00bb][et_pb_column type=\u00bb1_2&#8243; _builder_version=\u00bb4.16&#8243; custom_padding=\u00bb|||\u00bb global_colors_info=\u00bb{}\u00bb custom_padding__hover=\u00bb|||\u00bb][et_pb_wc_images _builder_version=\u00bb4.16&#8243; global_colors_info=\u00bb{}\u00bb][\/et_pb_wc_images][\/et_pb_column][et_pb_column type=\u00bb1_2&#8243; _builder_version=\u00bb4.16&#8243; custom_padding=\u00bb|||\u00bb global_colors_info=\u00bb{}\u00bb custom_padding__hover=\u00bb|||\u00bb][et_pb_wc_title _builder_version=\u00bb4.16&#8243; global_colors_info=\u00bb{}\u00bb][\/et_pb_wc_title][et_pb_wc_rating _builder_version=\u00bb4.16&#8243; global_colors_info=\u00bb{}\u00bb][\/et_pb_wc_rating][et_pb_wc_price _builder_version=\u00bb4.16&#8243; global_colors_info=\u00bb{}\u00bb][\/et_pb_wc_price][et_pb_wc_description _builder_version=\u00bb4.16&#8243; global_colors_info=\u00bb{}\u00bb][\/et_pb_wc_description][et_pb_wc_add_to_cart _builder_version=\u00bb4.16&#8243; global_colors_info=\u00bb{}\u00bb][\/et_pb_wc_add_to_cart][et_pb_wc_meta _builder_version=\u00bb4.16&#8243; global_colors_info=\u00bb{}\u00bb][\/et_pb_wc_meta][\/et_pb_column][\/et_pb_row][et_pb_row _builder_version=\u00bb4.16&#8243; background_size=\u00bbinitial\u00bb background_position=\u00bbtop_left\u00bb background_repeat=\u00bbrepeat\u00bb width=\u00bb100%\u00bb global_colors_info=\u00bb{}\u00bb][et_pb_column type=\u00bb4_4&#8243; _builder_version=\u00bb4.16&#8243; custom_padding=\u00bb|||\u00bb global_colors_info=\u00bb{}\u00bb custom_padding__hover=\u00bb|||\u00bb][et_pb_wc_tabs _builder_version=\u00bb4.16&#8243; global_colors_info=\u00bb{}\u00bb]\t\t\t\t\t[\/et_pb_wc_tabs][et_pb_wc_upsells _builder_version=\u00bb4.16&#8243; global_colors_info=\u00bb{}\u00bb][\/et_pb_wc_upsells][et_pb_wc_related_products _builder_version=\u00bb4.16&#8243; global_colors_info=\u00bb{}\u00bb][\/et_pb_wc_related_products][\/et_pb_column][\/et_pb_row][\/et_pb_section][et_pb_section fb_built=\u00bb1&#8243; _builder_version=\u00bb4.16&#8243; custom_padding=\u00bb0px||||false|false\u00bb da_disable_devices=\u00bboff|off|off\u00bb global_colors_info=\u00bb{}\u00bb da_is_popup=\u00bboff\u00bb da_exit_intent=\u00bboff\u00bb da_has_close=\u00bbon\u00bb da_alt_close=\u00bboff\u00bb da_dark_close=\u00bboff\u00bb da_not_modal=\u00bbon\u00bb da_is_singular=\u00bboff\u00bb da_with_loader=\u00bboff\u00bb da_has_shadow=\u00bbon\u00bb][et_pb_row _builder_version=\u00bb4.16&#8243; background_size=\u00bbinitial\u00bb background_position=\u00bbtop_left\u00bb background_repeat=\u00bbrepeat\u00bb width=\u00bb100%\u00bb custom_padding=\u00bb0px||0px||false|false\u00bb global_colors_info=\u00bb{}\u00bb][et_pb_column type=\u00bb4_4&#8243; _builder_version=\u00bb4.16&#8243; custom_padding=\u00bb|||\u00bb global_colors_info=\u00bb{}\u00bb custom_padding__hover=\u00bb|||\u00bb][et_pb_wc_breadcrumb _builder_version=\u00bb4.16&#8243; global_colors_info=\u00bb{}\u00bb][\/et_pb_wc_breadcrumb][et_pb_wc_cart_notice _builder_version=\u00bb4.16&#8243; global_colors_info=\u00bb{}\u00bb][\/et_pb_wc_cart_notice][\/et_pb_column][\/et_pb_row][et_pb_row column_structure=\u00bb1_2,1_2&#8243; _builder_version=\u00bb4.16&#8243; background_size=\u00bbinitial\u00bb background_position=\u00bbtop_left\u00bb background_repeat=\u00bbrepeat\u00bb width=\u00bb100%\u00bb custom_padding=\u00bb0px||||false|false\u00bb global_colors_info=\u00bb{}\u00bb][et_pb_column type=\u00bb1_2&#8243; _builder_version=\u00bb4.16&#8243; custom_padding=\u00bb|||\u00bb global_colors_info=\u00bb{}\u00bb custom_padding__hover=\u00bb|||\u00bb][et_pb_wc_images _builder_version=\u00bb4.16&#8243; global_colors_info=\u00bb{}\u00bb][\/et_pb_wc_images][\/et_pb_column][et_pb_column type=\u00bb1_2&#8243; _builder_version=\u00bb4.16&#8243; custom_padding=\u00bb|||\u00bb global_colors_info=\u00bb{}\u00bb custom_padding__hover=\u00bb|||\u00bb][et_pb_wc_title _builder_version=\u00bb4.16&#8243; global_colors_info=\u00bb{}\u00bb][\/et_pb_wc_title][et_pb_wc_rating _builder_version=\u00bb4.16&#8243; global_colors_info=\u00bb{}\u00bb][\/et_pb_wc_rating][et_pb_wc_price _builder_version=\u00bb4.16&#8243; global_colors_info=\u00bb{}\u00bb][\/et_pb_wc_price][et_pb_wc_description _builder_version=\u00bb4.16&#8243; global_colors_info=\u00bb{}\u00bb][\/et_pb_wc_description][et_pb_wc_add_to_cart _builder_version=\u00bb4.16&#8243; global_colors_info=\u00bb{}\u00bb][\/et_pb_wc_add_to_cart][et_pb_wc_meta _builder_version=\u00bb4.16&#8243; global_colors_info=\u00bb{}\u00bb][\/et_pb_wc_meta][\/et_pb_column][\/et_pb_row][et_pb_row _builder_version=\u00bb4.16&#8243; background_size=\u00bbinitial\u00bb background_position=\u00bbtop_left\u00bb background_repeat=\u00bbrepeat\u00bb width=\u00bb100%\u00bb global_colors_info=\u00bb{}\u00bb][et_pb_column type=\u00bb4_4&#8243; _builder_version=\u00bb4.16&#8243; custom_padding=\u00bb|||\u00bb global_colors_info=\u00bb{}\u00bb custom_padding__hover=\u00bb|||\u00bb][et_pb_wc_tabs _builder_version=\u00bb4.16&#8243; global_colors_info=\u00bb{}\u00bb]\t\t\t\t\t[\/et_pb_wc_tabs][et_pb_wc_upsells _builder_version=\u00bb4.16&#8243; global_colors_info=\u00bb{}\u00bb][\/et_pb_wc_upsells][et_pb_wc_related_products _builder_version=\u00bb4.16&#8243; global_colors_info=\u00bb{}\u00bb][\/et_pb_wc_related_products][\/et_pb_column][\/et_pb_row][\/et_pb_section][et_pb_section fb_built=\u00bb1&#8243; _builder_version=\u00bb4.16&#8243; custom_padding=\u00bb0px||||false|false\u00bb da_disable_devices=\u00bboff|off|off\u00bb global_colors_info=\u00bb{}\u00bb da_is_popup=\u00bboff\u00bb da_exit_intent=\u00bboff\u00bb da_has_close=\u00bbon\u00bb da_alt_close=\u00bboff\u00bb da_dark_close=\u00bboff\u00bb da_not_modal=\u00bbon\u00bb da_is_singular=\u00bboff\u00bb da_with_loader=\u00bboff\u00bb da_has_shadow=\u00bbon\u00bb][et_pb_row _builder_version=\u00bb4.16&#8243; background_size=\u00bbinitial\u00bb background_position=\u00bbtop_left\u00bb background_repeat=\u00bbrepeat\u00bb width=\u00bb100%\u00bb custom_padding=\u00bb0px||0px||false|false\u00bb global_colors_info=\u00bb{}\u00bb][et_pb_column type=\u00bb4_4&#8243; _builder_version=\u00bb4.16&#8243; custom_padding=\u00bb|||\u00bb global_colors_info=\u00bb{}\u00bb custom_padding__hover=\u00bb|||\u00bb][et_pb_wc_breadcrumb _builder_version=\u00bb4.16&#8243; global_colors_info=\u00bb{}\u00bb][\/et_pb_wc_breadcrumb][et_pb_wc_cart_notice _builder_version=\u00bb4.16&#8243; global_colors_info=\u00bb{}\u00bb][\/et_pb_wc_cart_notice][\/et_pb_column][\/et_pb_row][et_pb_row column_structure=\u00bb1_2,1_2&#8243; _builder_version=\u00bb4.16&#8243; background_size=\u00bbinitial\u00bb background_position=\u00bbtop_left\u00bb background_repeat=\u00bbrepeat\u00bb width=\u00bb100%\u00bb custom_padding=\u00bb0px||||false|false\u00bb global_colors_info=\u00bb{}\u00bb][et_pb_column type=\u00bb1_2&#8243; _builder_version=\u00bb4.16&#8243; custom_padding=\u00bb|||\u00bb global_colors_info=\u00bb{}\u00bb custom_padding__hover=\u00bb|||\u00bb][et_pb_wc_images _builder_version=\u00bb4.16&#8243; global_colors_info=\u00bb{}\u00bb][\/et_pb_wc_images][\/et_pb_column][et_pb_column type=\u00bb1_2&#8243; _builder_version=\u00bb4.16&#8243; custom_padding=\u00bb|||\u00bb global_colors_info=\u00bb{}\u00bb custom_padding__hover=\u00bb|||\u00bb][et_pb_wc_title _builder_version=\u00bb4.16&#8243; global_colors_info=\u00bb{}\u00bb][\/et_pb_wc_title][et_pb_wc_rating _builder_version=\u00bb4.16&#8243; global_colors_info=\u00bb{}\u00bb][\/et_pb_wc_rating][et_pb_wc_price _builder_version=\u00bb4.16&#8243; global_colors_info=\u00bb{}\u00bb][\/et_pb_wc_price][et_pb_wc_description _builder_version=\u00bb4.16&#8243; global_colors_info=\u00bb{}\u00bb][\/et_pb_wc_description][et_pb_wc_add_to_cart _builder_version=\u00bb4.16&#8243; global_colors_info=\u00bb{}\u00bb][\/et_pb_wc_add_to_cart][et_pb_wc_meta _builder_version=\u00bb4.16&#8243; global_colors_info=\u00bb{}\u00bb][\/et_pb_wc_meta][\/et_pb_column][\/et_pb_row][et_pb_row _builder_version=\u00bb4.16&#8243; background_size=\u00bbinitial\u00bb background_position=\u00bbtop_left\u00bb background_repeat=\u00bbrepeat\u00bb width=\u00bb100%\u00bb global_colors_info=\u00bb{}\u00bb][et_pb_column type=\u00bb4_4&#8243; _builder_version=\u00bb4.16&#8243; custom_padding=\u00bb|||\u00bb global_colors_info=\u00bb{}\u00bb custom_padding__hover=\u00bb|||\u00bb][et_pb_wc_tabs _builder_version=\u00bb4.16&#8243; global_colors_info=\u00bb{}\u00bb]\t\t\t\t\t[\/et_pb_wc_tabs][et_pb_wc_upsells _builder_version=\u00bb4.16&#8243; global_colors_info=\u00bb{}\u00bb][\/et_pb_wc_upsells][et_pb_wc_related_products _builder_version=\u00bb4.16&#8243; global_colors_info=\u00bb{}\u00bb][\/et_pb_wc_related_products][\/et_pb_column][\/et_pb_row][\/et_pb_section]<\/p>\n","protected":false},"excerpt":{"rendered":"<h3>Pantalones para enuresis inteligentes para ni\u00f1os &#8211; parte del m\u00e9todo DryGuardians.<\/h3>\n<p>Pjama DryGuardians Ropa de Noche para Ni\u00f1os &#8211; Los pantalones protegen la cama de la humedad a la vez que permiten un tratamiento eficaz de la enuresis.<\/p>\n<p>Compatible con la Alarma pip\u00ed nocturno Pjama DryGuardians &#8211; trata la enuresis de forma f\u00e1cil, segura y c\u00f3moda.<\/p>\n<p>Transpirable y totalmente impermeable para mantener la cama seca. Tan suave y c\u00f3modo como un pijama para enuresis normal.<\/p>\n<p>Lavable a m\u00e1quina a 60 \u00b0C y apto para secadora &#8211; pantalones de tratamiento lavables para un uso repetido.<\/p>\n<p>Compatible con la aplicaci\u00f3n DryGuardians, un servicio gratuito de tratamiento de la enuresis.<\/p>\n","protected":false},"featured_media":31280,"template":"","meta":{"_et_pb_use_builder":"on","_et_pb_old_content":"<h3 style=\"color: #d35917\">Pjama DryGuardians Ropa de Noche para Ni\u00f1os - Pantalones<\/h3>\n<h4 style=\"color: #072130\">Tratamiento eficaz con comodidad<\/h4>\nPjama DryGuardians Ropa de Noche para Ni\u00f1os - Los pantalones est\u00e1n dise\u00f1ados para ayudar en el tratamiento de la enuresis mientras mantienen la cama seca si su hijo moja la cama. Estos pantalones de tratamiento son una ayuda discreta y eficaz para tratar la enuresis nocturna en ni\u00f1os y adolescentes. <strong>Nota: El Alarma pip\u00ed nocturno Pjama DryGuardians no est\u00e1 incluido en este producto<\/strong>, pero se puede comprar por separado o junto con los pantalones en algunos de nuestros kits. \n<h4 style=\"color: #072130\">C\u00f3modo y suave<\/h4>\nPjama DryGuardians Ropa de Noche para Ni\u00f1os - Los pantalones est\u00e1n hechos de un material suave llamado <em>Tencel<\/em>. La capa exterior est\u00e1 laminada, lo que los hace impermeables, mientras que el producto sigue siendo transpirable. En la entrepierna hay cosido un material absorbente que garantiza que los l\u00edquidos permanezcan en el interior de los pantalones.  Todos los materiales tienen el certificado Oeko-Tex y son seguros para los ni\u00f1os.\n\nLas tallas van de 98 cm a 164 cm. Para conocer las medidas exactas y la capacidad de absorci\u00f3n, visita nuestra <a href=\"https:\/\/pjama.eu\/es\/pantalones-para-enuresis-tallas\/\">Gu\u00eda de tallas.<\/a> \n<h4 style=\"color: #072130\">Uso con Alarma pip\u00ed nocturno Pjama<\/h4>\nPjama DryGuardians Ropa de Noche para Ni\u00f1os - Los pantalones protegen la cama cuando su hijo moja la cama y sirven de ayuda eficaz para tratar la enuresis nocturna. Los cables sensores incorporados facilitan la conexi\u00f3n a una alarma de enuresis mediante botones a presi\u00f3n en la cintura. \n\nLa <strong>alarma de enuresis compatible Pjama DryGuardians<\/strong> consta de un sensor y una unidad de audio que se activan cuando se detecta humedad. Tambi\u00e9n puede conectar la alarma a su smartphone mediante la <em>aplicaci\u00f3n DryGuardians App<\/em>, que ofrece se\u00f1ales discretas, alertas por vibraci\u00f3n e informaci\u00f3n sobre el tratamiento para los padres. La app est\u00e1 disponible en <a href=\"https:\/\/play.google.com\/store\/apps\/details?id=com.pjama&hl=es&gl=ES\">Google Play<\/a> y <a href=\"https:\/\/apps.apple.com\/es\/app\/dryguardians\/id1498084664\">App Store<\/a>.  \n\n\u00bfSiente curiosidad por la alarma pip\u00ed nocturno? <a href=\"https:\/\/pjama.eu\/es\/alarma-enuresis\/\">Obtenga m\u00e1s informaci\u00f3n aqu\u00ed<\/a>.\n<h4 style=\"color: #072130\">Acerca del producto<\/h4>\nCon Pjama DryGuardians Ropa de Noche para Ni\u00f1os - Pantalones, obtendr\u00e1 todas las ventajas de unos pantalones para enuresis impermeables junto con la posibilidad de conectarlos directamente a una alarma de enuresis. Los cables sensores de la entrepierna detectan la humedad r\u00e1pidamente y activan la alarma, haciendo que el tratamiento sea m\u00e1s f\u00e1cil y eficaz tanto para los ni\u00f1os como para los padres. Cuando se produzcan accidentes, s\u00f3lo tiene que ayudar a su hijo a ir al ba\u00f1o, volver a ponerse los pantalones y continuar la noche sin cambiar la cama.  \n\nIncluso cuando est\u00e1 fuera de casa, el tratamiento contin\u00faa discretamente con los pantalones y la alarma conectada a uno o varios dispositivos m\u00f3viles. Los pantalones son f\u00e1ciles de lavar y se pueden secar en secadora, aunque pueden tardar un poco m\u00e1s en secarse debido a su dise\u00f1o absorbente. \n<h4 style=\"color: #072130\">Lavado y mantenimiento de los pantalones absorbentes<\/h4>\n<span style=\"font-weight: 400\">Pjama DryGuardians Ropa de Noche para Ni\u00f1os - Los pantalones cortos se pueden lavar a m\u00e1quina (60\u00b0C) y secar en secadora.<\/span> <span style=\"font-weight: 400\">NOTA: Los pantalones y shorts tienen un tiempo de secado m\u00e1s largo debido a su funci\u00f3n absorbente. Cuando laves la prenda, ponla siempre del rev\u00e9s para facilitar la salida de la humedad del tejido. <\/span> <span style=\"font-weight: 400\">Son duraderos y rentables. <\/span><b>Pjama garantiza al menos 100 lavados y hasta 4 meses de uso regular si se cuida siguiendo nuestras instrucciones de lavado.<\/b> <span style=\"font-weight: 400\">Una soluci\u00f3n fiable y pr\u00e1ctica para los ni\u00f1os que mojan la cama por la noche.<\/span> <a href=\"https:\/\/pjama.eu\/es\/como-lavar-pjama\/\">Lea todas las instrucciones de cuidado ><\/a> \n<h4 style=\"color: #072130\">Informaci\u00f3n sobre el producto<\/h4>\n<ul>\n \t<li>Se puede conectar al Alarma pip\u00ed nocturno del Pjama (mediante botones en la cintura)<\/li>\n \t<li>Cables sensores incorporados<\/li>\n \t<li>Absorbente (protege la cama)<\/li>\n \t<li>C\u00f3modo y suave<\/li>\n \t<li>Discreto y pr\u00e1ctico<\/li>\n \t<li>Lavable a m\u00e1quina a 60\u00b0C<\/li>\n \t<li>Apto para secadora<\/li>\n \t<li>Tallas: Ni\u00f1os<\/li>\n \t<li>Color: Gris<\/li>\n<\/ul>\n<h4 style=\"color: #072130\">C\u00f3mo tratar la enuresis: Motivaci\u00f3n y paciencia<\/h4>\nEl tratamiento de la enuresis nocturna requiere motivaci\u00f3n y paciencia, sobre todo en las primeras semanas. Tanto para los ni\u00f1os como para los padres, es importante fijar objetivos realistas y celebrar los progresos. Recuerde: una cama seca sin ayudas es el objetivo final, y el camino es m\u00e1s f\u00e1cil con herramientas como Pjama DryGuardians Ropa de Noche (Pantalones - Ni\u00f1os) combinada con la alarma de enuresis.\n\nLos padres pueden ayudar proporcionando comentarios positivos y aliento. Con la <em>aplicaci\u00f3n DryGuardians<\/em>, puede recibir consejos de tratamiento y realizar un seguimiento del progreso, creando una forma m\u00e1s segura y eficaz de controlar la enuresis. \n\n<footer>\u00a9 2024 Pjama.<\/footer>","_et_gb_content_width":""},"product_brand":[],"product_cat":[342,341,344],"product_tag":[],"class_list":{"0":"post-25194","1":"product","2":"type-product","3":"status-publish","4":"has-post-thumbnail","6":"product_cat-tratamiento-pjama","7":"product_cat-accesorios","8":"product_cat-pjamadryguardians_2025","9":"product_shipping_class-ue","10":"pa_size-5-6-anos","11":"pa_size-de-8-a-10-anos","12":"pa_size-edad-10-12-light","13":"pa_size-edad-6-8-light","14":"pa_size-edad-8-10-light","15":"pa_size-edades-10-12","16":"pa_size-edades-3-4-anos","17":"pa_size-edades-6-8","18":"pa_size-pequeno","20":"first","21":"instock","22":"taxable","23":"shipping-taxable","24":"purchasable","25":"product-type-variable"},"composite_virtual":false,"composite_layout":"","composite_add_to_cart_form_location":"","composite_editable_in_cart":false,"composite_sold_individually_context":"","composite_shop_price_calc":"","composite_components":[],"composite_scenarios":[],"_links":{"self":[{"href":"https:\/\/pjama.eu\/es\/wp-json\/wp\/v2\/product\/25194","targetHints":{"allow":["GET"]}}],"collection":[{"href":"https:\/\/pjama.eu\/es\/wp-json\/wp\/v2\/product"}],"about":[{"href":"https:\/\/pjama.eu\/es\/wp-json\/wp\/v2\/types\/product"}],"wp:featuredmedia":[{"embeddable":true,"href":"https:\/\/pjama.eu\/es\/wp-json\/wp\/v2\/media\/31280"}],"wp:attachment":[{"href":"https:\/\/pjama.eu\/es\/wp-json\/wp\/v2\/media?parent=25194"}],"wp:term":[{"taxonomy":"product_brand","embeddable":true,"href":"https:\/\/pjama.eu\/es\/wp-json\/wp\/v2\/product_brand?post=25194"},{"taxonomy":"product_cat","embeddable":true,"href":"https:\/\/pjama.eu\/es\/wp-json\/wp\/v2\/product_cat?post=25194"},{"taxonomy":"product_tag","embeddable":true,"href":"https:\/\/pjama.eu\/es\/wp-json\/wp\/v2\/product_tag?post=25194"}],"curies":[{"name":"wp","href":"https:\/\/api.w.org\/{rel}","templated":true}]}}