{"id":25673,"date":"2023-12-01T14:09:29","date_gmt":"2023-12-01T13:09:29","guid":{"rendered":"https:\/\/pjama.eu\/product\/funda-de-almohada-pjama-protect\/"},"modified":"2026-03-30T14:26:45","modified_gmt":"2026-03-30T12:26:45","slug":"funda-de-almohada-pjama-protect","status":"publish","type":"product","link":"https:\/\/pjama.eu\/es\/producto\/funda-de-almohada-pjama-protect\/","title":{"rendered":"Funda de almohada Pjama Protect"},"content":{"rendered":"<h3 style=\"color:#d35917;\">\u00a1Protecci\u00f3n para su almohada y funda de almohada en uno!<\/h3>\n<p><strong>La funda de almohada Pjama Protect est\u00e1 fabricada con fibras Tencel, m\u00e1s suaves que la seda, que har\u00e1n de su almohada un sue\u00f1o.<\/strong><\/p>\n<p> <strong> Impermeable <\/strong><br \/>\nLa fina membrana de poliuretano impide que los l\u00edquidos penetren en la almohada a la vez que act\u00faa como barrera para el polvo. Rodea toda la almohada con una cremallera lateral. <\/p>\n<p> <strong> Barrera <\/strong> contra el polvo<br \/>\nGracias a la fina membrana de poliuretano, el tejido sirve de barrera contra el polvo, evitando la inhalaci\u00f3n de los \u00e1caros que provocan alergias respiratorias. Sin tratamientos qu\u00edmicos. <\/p>\n<p> <strong> Transpirable <\/strong><br \/>\nEl tejido impide que se filtren los l\u00edquidos sin dejar de ser totalmente transpirable.<\/p>\n<p> <strong> Natural <\/strong><br \/>\nLa superficie del tejido es 100% natural, hecha de fibras de madera: TENCEL\u2122 \/ SMARTCEL\u2122. Sin tratamientos qu\u00edmicos. <\/p>\n<p> <strong> Silent <\/strong><br \/>\nUn tejido totalmente discreto: imperceptible y silencioso.<\/p>\n<p> <strong> Antibacteriano <\/strong><br \/>\nGracias a las fibras TENCEL\u2122 Lyocell, con un excelente control de la humedad, y a las fibras SMARTCEL\u2122, que tienen importantes propiedades antibacterianas, se impide el crecimiento bacteriano.<\/p>\n<p> <strong> Cuidado f\u00e1cil <\/strong><br \/>\nSe puede lavar a m\u00e1quina a 60 \u00b0C y secar en secadora a baja temperatura.<\/p>\n<p> <strong> Biel\u00e1stico <\/strong><br \/>\nSe adapta perfectamente a la almohada que protege.<\/p>\n<p> <strong> Efecto cosm\u00e9tico <\/strong><br \/>\nEl \u00f3xido de zinc es bueno para la piel y favorece la regeneraci\u00f3n natural de las c\u00e9lulas cut\u00e1neas.<\/p>\n<p> <strong> Control de olores <\/strong><br \/>\nLas fibras TENCEL\u2122 y SMARTCEL\u2122 evitan los olores causados por la proliferaci\u00f3n de bacterias y hongos.<\/p>\n<p> <strong> Respetuoso con el medio ambiente <\/strong><br \/>\nEl proceso de fabricaci\u00f3n tanto del tejido como del producto acabado es respetuoso con el medio ambiente.<\/p>\n","protected":false},"excerpt":{"rendered":"<h4><span data-sheets-root=\"1\">Funda de almohada protectora con membrana transpirable<\/span><\/h4>\n<p><strong>La funda de almohada Pjama Protect est\u00e1 fabricada con fibras Tencel, m\u00e1s suaves que la seda, que har\u00e1n de su almohada un sue\u00f1o.<\/strong><\/p>\n<p>Nuestras camas y almohadas est\u00e1n expuestas diariamente a diversos factores nocivos. Nuestras fundas de almohada protegen su almohada de problemas como: <\/p>\n<p>&#8211; Humedad &#8211; Cada noche, una persona pierde hasta 0,5 litros de agua por evaporaci\u00f3n.<br \/>\n&#8211; Fugas de incontinencia &#8211; En distintas etapas de la vida, podemos sufrir enuresis.<br \/>\n&#8211; Suciedad y l\u00edquidos: procedentes de alimentos, animales dom\u00e9sticos y otras fuentes.<br \/>\n&#8211; \u00c1caros del polvo y al\u00e9rgenos.<\/p>\n<p>La fina membrana de poliuretano impide que los l\u00edquidos penetren en la almohada, al tiempo que act\u00faa como barrera para el polvo, evitando la inhalaci\u00f3n de \u00e1caros y ayudando con las alergias. Protege toda la almohada, cerrada con una cremallera lateral. Los protectores son de la m\u00e1xima calidad y est\u00e1n clasificados como productos t\u00e9cnicos m\u00e9dicos.  <\/p>\n<p>Si usted o su hijo sufren <em>enuresis<\/em>, puede obtener m\u00e1s informaci\u00f3n <a href=\"https:\/\/pjama.eu\/es\/que-es-la-enuresis\/\">aqu\u00ed<\/a>.<\/p>\n","protected":false},"featured_media":25674,"template":"","meta":{"_et_pb_use_builder":"","_et_pb_old_content":"","_et_gb_content_width":""},"product_brand":[],"product_cat":[491,312,429],"product_tag":[],"class_list":{"0":"post-25673","1":"product","2":"type-product","3":"status-publish","4":"has-post-thumbnail","6":"product_cat-proteccion-de-colchones-y-ropa-de-cama","7":"product_cat-ninos","8":"product_cat-pjamaprotect_2025","9":"product_shipping_class-ue","10":"pa_size-55-x-35-cm","11":"pa_size-55-x-60-cm","13":"first","14":"instock","15":"taxable","16":"shipping-taxable","17":"purchasable","18":"product-type-variable"},"composite_virtual":false,"composite_layout":"","composite_add_to_cart_form_location":"","composite_editable_in_cart":false,"composite_sold_individually_context":"","composite_shop_price_calc":"","composite_components":[],"composite_scenarios":[],"_links":{"self":[{"href":"https:\/\/pjama.eu\/es\/wp-json\/wp\/v2\/product\/25673","targetHints":{"allow":["GET"]}}],"collection":[{"href":"https:\/\/pjama.eu\/es\/wp-json\/wp\/v2\/product"}],"about":[{"href":"https:\/\/pjama.eu\/es\/wp-json\/wp\/v2\/types\/product"}],"wp:featuredmedia":[{"embeddable":true,"href":"https:\/\/pjama.eu\/es\/wp-json\/wp\/v2\/media\/25674"}],"wp:attachment":[{"href":"https:\/\/pjama.eu\/es\/wp-json\/wp\/v2\/media?parent=25673"}],"wp:term":[{"taxonomy":"product_brand","embeddable":true,"href":"https:\/\/pjama.eu\/es\/wp-json\/wp\/v2\/product_brand?post=25673"},{"taxonomy":"product_cat","embeddable":true,"href":"https:\/\/pjama.eu\/es\/wp-json\/wp\/v2\/product_cat?post=25673"},{"taxonomy":"product_tag","embeddable":true,"href":"https:\/\/pjama.eu\/es\/wp-json\/wp\/v2\/product_tag?post=25673"}],"curies":[{"name":"wp","href":"https:\/\/api.w.org\/{rel}","templated":true}]}}