{"id":28764,"date":"2020-03-21T12:23:06","date_gmt":"2020-03-21T11:23:06","guid":{"rendered":"https:\/\/pjama.eu\/product\/pjama-protect-pantalones-cortos-para-enuresis-para-ninos-kit-de-inicio\/"},"modified":"2026-03-31T09:47:39","modified_gmt":"2026-03-31T07:47:39","slug":"pjama-protect-pantalones-cortos-para-enuresis-para-ninos-kit-de-inicio","status":"publish","type":"product","link":"https:\/\/pjama.eu\/es\/producto\/pjama-protect-pantalones-cortos-para-enuresis-para-ninos-kit-de-inicio\/","title":{"rendered":"Pjama Protect Pantalones Cortos para enuresis para ni\u00f1os &#8211; Kit de inicio"},"content":{"rendered":"<h3 style=\"color: #d35917;\">Pjama Protect Pantalones Cortos para enuresis para ni\u00f1os &#8211; Kit de inicio. Una soluci\u00f3n completa para la enuresis <\/h3>\n<p>El Pjama Protect Pantalones Cortos para enuresis para ni\u00f1os &#8211; Kit de inicio es una soluci\u00f3n innovadora y pr\u00e1ctica para controlar la enuresis de forma c\u00f3moda, segura y eficaz. Este kit de inicio incluye <strong>dos (2) pares de Pjama Protect Pantalones Cortos para enuresis y una (1) Bolsa Impermeable Pjama<\/strong>, por lo que es una soluci\u00f3n todo-en-uno que es f\u00e1cil de usar tanto en casa como de viaje. <\/p>\n<p>Los calzoncillos impermeables y reutilizables est\u00e1n dise\u00f1ados para proporcionar tranquilidad y comodidad tanto a los ni\u00f1os como a los padres, mientras que la Bolsa Impermeable Pjama facilita la gesti\u00f3n de los calzoncillos usados durante las fiestas de pijamas o fuera de casa. Los calzoncillos ayudan a mantener la cama seca toda la noche, eliminando la necesidad de cambiar la ropa de cama despu\u00e9s de los accidentes y creando una noche m\u00e1s tranquila<br \/>\npara toda la familia. <\/p>\n<p>El kit de inicio es una soluci\u00f3n ideal para los padres que buscan un m\u00e9todo <strong>ecol\u00f3gico y rentable<\/strong> para controlar la enuresis. Con los calzoncillos reutilizables, se reduce la necesidad de productos desechables como los pa\u00f1ales, lo que es mejor tanto para el medio ambiente como para el bolsillo. Adem\u00e1s, los culottes son suaves con la piel del ni\u00f1o y est\u00e1n fabricados con materiales de alta calidad certificados para un uso seguro.  <\/p>\n<p>Ya sea en casa, de viaje o cuando el ni\u00f1o se queda fuera, el Pjama Protect Pantalones Cortos para enuresis para ni\u00f1os &#8211; Kit de inicio ofrece una soluci\u00f3n discreta y pr\u00e1ctica que hace que el d\u00eda a d\u00eda sea m\u00e1s f\u00e1cil y c\u00f3modo tanto para los ni\u00f1os como para los padres.<\/p>\n<h4 style=\"color: #072130;\">\u00bfQu\u00e9 incluye el kit de inicio?<\/h4>\n<ul>\n<li><strong>2 pares de Pjama Protect Pantalones Cortos para enuresis para ni\u00f1os<\/strong> &#8211; Pantalones cortos c\u00f3modos, discretos e impermeables que protegen la cama de los accidentes.<\/li>\n<li><strong>1 waterproof Pjama bag<\/strong> \u2013 Perfect for storing used shorts during sleepovers or travel.<\/li>\n<\/ul>\n<h4 style=\"color: #072130;\">Ventajas del Pjama Protect Pantalones Cortos para enuresis para ni\u00f1os &#8211; Kit de inicio<\/h4>\n<ul>\n<li><strong>Protege la cama:<\/strong> Los calzoncillos mantienen la cama seca y reducen la necesidad de cambiar la ropa de cama en mitad de la noche.<\/li>\n<li><strong>Discretos y elegantes:<\/strong> Parecen pantalones cortos de pijama normales, por lo que son perfectos para fiestas de pijamas con amigos o familiares.<\/li>\n<li><strong>Opci\u00f3n ecol\u00f3gica:<\/strong> Pantalones cortos reutilizables que reducen los residuos de productos desechables.<\/li>\n<li><strong>Pr\u00e1ctico Pjama:<\/strong> La bolsa impermeable facilita el almacenamiento de los calzoncillos usados sin fugas.<\/li>\n<\/ul>\n<h4 style=\"color: #072130;\">Una soluci\u00f3n segura y c\u00f3moda<\/h4>\n<p>Los Pjama Protect Pantalones Cortos para Enuresis est\u00e1n fabricados con materiales transpirables e impermeables, lo que los hace c\u00f3modos de llevar durante toda la noche. El tejido Tencel de alta calidad, que <a href=\"https:\/\/www.oeko-tex.com\/en\/our-standards\/oeko-tex-standard-100\" target=\"_blank\" rel=\"noopener\">cuenta con la certificaci\u00f3n Oeko-Tex<\/a>, garantiza el confort de las pieles sensibles. La Bolsa Impermeable Pjama incluida facilita la gesti\u00f3n de los calzoncillos usados durante los viajes o las fiestas de pijamas.  <\/p>\n<h4 style=\"color: #072130;\">Perfecto para dormir fuera de casa y viajar<\/h4>\n<p>Con el Pjama Protect Pantalones Cortos para enuresis para ni\u00f1os &#8211; Kit de inicio, su hijo puede sentirse seguro y protegido, incluso durante las fiestas de pijamas fuera de casa. Los pantalones cortos parecen pantalones cortos de pijama normales, y la bolsa incluida hace que sea f\u00e1cil de manejar sin problemas cuando se produce un accidente. <\/p>\n<h4 style=\"color: #072130;\">Tallas para ni\u00f1os de todas las edades<\/h4>\n<p>Los pantalones cortos se presentan en tallas que van de 98 a 164 cm, por lo que son adecuados para ni\u00f1os de distintas edades. Para tallas m\u00e1s grandes, consulte nuestros <a href=\"https:\/\/pjama.eu\/es\/enuresis-nocturna-adultos\/\">modelos para adultos<\/a>. Utiliza nuestra <a href=\"https:\/\/pjama.eu\/es\/pantalones-para-enuresis-tallas\/\">gu\u00eda de tallas<\/a> para encontrar la talla adecuada para tu hijo. Es importante que el culotte quede ce\u00f1ido a la cintura, pero sin apretar demasiado.  <\/p>\n<h4 style=\"color: #072130;\">Cuidado f\u00e1cil<\/h4>\n<ul>\n<li>Los pantalones cortos se pueden lavar a m\u00e1quina a 60 \u00b0C y secar en secadora.<\/li>\n<li>Cuando laves los calzoncillos, ponlos del rev\u00e9s para que la humedad salga durante el centrifugado.<\/li>\n<li>La Bolsa Impermeable Pjama puede lavarse a m\u00e1quina o enjuagarse y reutilizarse f\u00e1cilmente.<\/li>\n<li>Para m\u00e1s detalles, consulte nuestras <a href=\"https:\/\/pjama.eu\/es\/como-lavar-pjama\/\">instrucciones de cuidado<\/a>.<br \/>\nPjama<b>garantiza al menos 100 lavados y hasta 4 meses de uso regular si se cuida siguiendo nuestras instrucciones de lavado.<\/b><\/li>\n<\/ul>\n<h4 style=\"color: #072130;\">Controlar eficazmente la enuresis<\/h4>\n<ul>\n<li><strong>Utilizar como ayuda:<\/strong> Los shorts para enuresis son una soluci\u00f3n sencilla para mantener la cama seca.<\/li>\n<li><strong>Para tratamiento:<\/strong> Comb\u00ednalo con nuestras <a href=\"https:\/\/pjama.eu\/es\/alarma-enuresis\/\">alarmas de enuresis y ropa interior de tratamiento<\/a> para ayudar a tu hijo a dejar de mojar la cama.<\/li>\n<li><strong>Aplicaci\u00f3n DryGuardians:<\/strong> Sigue el progreso de tu hijo y reg\u00edstralo en la <a href=\"https:\/\/pjama.eu\/es\/app-para-dejar-de-mojar-la-cama\/\">app DryGuardians<\/a>.<\/li>\n<\/ul>\n<h4 style=\"color: #072130;\">\u00bfQu\u00e9 es la enuresis nocturna?<\/h4>\n<p>La enuresis es un problema frecuente que puede deberse a la maduraci\u00f3n de la vejiga o al sue\u00f1o profundo. Es importante recordar que no es culpa del ni\u00f1o y que, con el apoyo adecuado,<br \/>\nse pueden lograr avances significativos. <\/p>\n<h4 style=\"color: #072130;\">\u00bfNecesita m\u00e1s ayuda?<\/h4>\n<p>Consulte a su m\u00e9dico o enfermera si tiene dudas sobre la enuresis o las opciones de tratamiento.<br \/>\nCon los Pjama Protect Pantalones Cortos para enuresis para ni\u00f1os &#8211; Kit de inicio, tendr\u00e1 tranquilidad y comodidad, \u00a1tanto en casa como fuera de ella!<\/p>\n<footer>\u00a9 2024 Pjama.<\/footer>\n","protected":false},"excerpt":{"rendered":"<h3><span data-sheets-root=\"1\">Paquete: shorts para enuresis absorbentes + elementos esenciales para iniciarse en la protecci\u00f3n de la cama.<\/span><\/h3>\n<p>Un pr\u00e1ctico kit de inicio con dos Pjama Protect Pantalones Cortos para enuresis impermeables y c\u00f3modos para ni\u00f1os,<br \/>\nm\u00e1s una bolsa impermeable para guardarlos.<\/p>\n<ul>\n<li>Protege la cama: Impermeable y transpirable.<\/li>\n<li>Discretos y suaves: Parece un pantal\u00f3n de pijama normal.<\/li>\n<li>F\u00e1cil de cuidar: Se puede lavar a m\u00e1quina y secar en secadora.<\/li>\n<\/ul>\n<p>Perfecto tanto para uso dom\u00e9stico como para fiestas de pijamas.<\/p>\n","protected":false},"featured_media":31331,"template":"","meta":{"_et_pb_use_builder":"","_et_pb_old_content":"","_et_gb_content_width":""},"product_brand":[],"product_cat":[428,312,429],"product_tag":[],"class_list":{"0":"post-28764","1":"product","2":"type-product","3":"status-publish","4":"has-post-thumbnail","6":"product_cat-pjama-original","7":"product_cat-ninos","8":"product_cat-pjamaprotect_2025","9":"product_shipping_class-ue","10":"pa_size-5-6-anos","11":"pa_size-de-8-a-10-anos","12":"pa_size-edades-10-12","13":"pa_size-edades-3-4-anos","14":"pa_size-edades-6-8","15":"pa_size-pequeno","17":"first","18":"instock","19":"taxable","20":"shipping-taxable","21":"purchasable","22":"product-type-composite"},"composite_virtual":false,"composite_layout":"single","composite_add_to_cart_form_location":"default","composite_editable_in_cart":false,"composite_sold_individually_context":"product","composite_shop_price_calc":"min_max","composite_components":[{"id":"1743168533","title":"Bolsa de Pjama","description":"<p>Bolsa impermeable para guardar la ropa mojada cuando se duerme fuera.<\/p>\n","query_type":"product_ids","query_ids":[24765],"default_option_id":24765,"thumbnail_id":4402,"thumbnail_src":"https:\/\/pjama.eu\/wp-content\/uploads\/Pjama_bag.jpeg","quantity_min":1,"quantity_max":1,"priced_individually":true,"shipped_individually":false,"optional":false,"discount":"","options_style":"dropdowns","pagination_style":"classic","display_prices":"absolute","show_sorting_options":false,"show_filtering_options":false,"attribute_filter_ids":[],"select_action":"view","product_title_visible":false,"product_descr_visible":false,"product_price_visible":true,"product_thumb_visible":true,"subtotal_visible_product":false,"subtotal_visible_cart":true,"subtotal_visible_orders":true},{"id":"1743168534","title":"Pjama Shorts para enuresis","description":"<p>Una prenda de pijama absorbente que mantiene seca la cama.<\/p>\n","query_type":"product_ids","query_ids":[24959],"default_option_id":24959,"thumbnail_id":7507,"thumbnail_src":"https:\/\/pjama.eu\/wp-content\/uploads\/Shorts_Pjama-1-1.jpeg","quantity_min":2,"quantity_max":6,"priced_individually":true,"shipped_individually":false,"optional":false,"discount":"","options_style":"dropdowns","pagination_style":"classic","display_prices":"absolute","show_sorting_options":false,"show_filtering_options":false,"attribute_filter_ids":[],"select_action":"view","product_title_visible":false,"product_descr_visible":false,"product_price_visible":true,"product_thumb_visible":true,"subtotal_visible_product":false,"subtotal_visible_cart":true,"subtotal_visible_orders":true}],"composite_scenarios":[],"_links":{"self":[{"href":"https:\/\/pjama.eu\/es\/wp-json\/wp\/v2\/product\/28764","targetHints":{"allow":["GET"]}}],"collection":[{"href":"https:\/\/pjama.eu\/es\/wp-json\/wp\/v2\/product"}],"about":[{"href":"https:\/\/pjama.eu\/es\/wp-json\/wp\/v2\/types\/product"}],"wp:featuredmedia":[{"embeddable":true,"href":"https:\/\/pjama.eu\/es\/wp-json\/wp\/v2\/media\/31331"}],"wp:attachment":[{"href":"https:\/\/pjama.eu\/es\/wp-json\/wp\/v2\/media?parent=28764"}],"wp:term":[{"taxonomy":"product_brand","embeddable":true,"href":"https:\/\/pjama.eu\/es\/wp-json\/wp\/v2\/product_brand?post=28764"},{"taxonomy":"product_cat","embeddable":true,"href":"https:\/\/pjama.eu\/es\/wp-json\/wp\/v2\/product_cat?post=28764"},{"taxonomy":"product_tag","embeddable":true,"href":"https:\/\/pjama.eu\/es\/wp-json\/wp\/v2\/product_tag?post=28764"}],"curies":[{"name":"wp","href":"https:\/\/api.w.org\/{rel}","templated":true}]}}