{"id":28766,"date":"2021-02-01T11:59:38","date_gmt":"2021-02-01T10:59:38","guid":{"rendered":"https:\/\/pjama.eu\/product\/pjama-dryguardians-paquete-de-ropa-interior-y-alarma-boxers\/"},"modified":"2026-03-30T14:55:34","modified_gmt":"2026-03-30T12:55:34","slug":"pjama-dryguardians-paquete-de-ropa-interior-y-alarma-boxers","status":"publish","type":"product","link":"https:\/\/pjama.eu\/es\/producto\/pjama-dryguardians-paquete-de-ropa-interior-y-alarma-boxers\/","title":{"rendered":"Pjama DryGuardians &#8211; Paquete de Ropa Interior y Alarma &#8211; B\u00f3xers"},"content":{"rendered":"<h3 style=\"color: #d35917;\">Pjama DryGuardians &#8211; Paquete de Ropa Interior y Alarm &#8211; B\u00f3xers &#8211; Tratamiento eficaz de Alarma pip\u00ed nocturno para Ni\u00f1os<\/h3>\n<p>Pjama DryGuardians &#8211; Ropa Interior y Alarm Kit &#8211; B\u00f3xers es la soluci\u00f3n perfecta para los ni\u00f1os que sufren enuresis nocturna. En combinaci\u00f3n con nuestra aplicaci\u00f3n DryGuardians, obtendr\u00e1 un tratamiento eficaz y c\u00f3modo para la enuresis. Esta ropa interior para enuresis tiene hilos sensores cosidos que detectan r\u00e1pidamente la humedad y activan la alarma de enuresis para ayudar al ni\u00f1o a despertarse y dejar de orinarse. El servicio de tratamiento DryGuardians analiza la enuresis y proporciona consejos personalizados, asesoramiento y predicciones a lo largo del tratamiento.   <\/p>\n<p>Descargue la aplicaci\u00f3n DryGuardians de <a href=\"https:\/\/play.google.com\/store\/apps\/details?id=com.pjama&amp;hl=es&amp;gl=ES\" target=\"_blank\" rel=\"noopener\">Google Play<\/a> o <a href=\"https:\/\/apps.apple.com\/es\/app\/dryguardians\/id1498084664\" target=\"_blank\" rel=\"noopener\">App Store<\/a> para realizar un seguimiento del progreso y recibir orientaci\u00f3n personalizada a lo largo del tratamiento de la enuresis nocturna.<\/p>\n<h4 style=\"color: #072130;\">Caracter\u00edsticas<\/h4>\n<p>La Alarma pip\u00ed nocturno est\u00e1 dise\u00f1ada para ayudar tanto a ni\u00f1os como a adultos con enuresis y funciona como tratamiento de primera l\u00ednea para la enuresis. El sensor acoplado a la ropa interior Pjama est\u00e1 conectado a una unidad de alarma que se activa cuando detecta humedad. Este tratamiento con Alarma pip\u00ed nocturno act\u00faa deteniendo inmediatamente la enuresis, entrenando al cerebro para que responda a las se\u00f1ales del cuerpo.  <\/p>\n<p>Pjama DryGuardians &#8211; Paquete de Ropa Interior y Alarma &#8211; B\u00f3xers est\u00e1 dise\u00f1ado espec\u00edficamente para la anatom\u00eda de los ni\u00f1os y la zona objetivo del chorro de orina. Los shorts para enuresis est\u00e1n equipados con dos peque\u00f1os botones en la cintura donde se puede colocar f\u00e1cilmente el sensor de la Alarma pip\u00ed nocturno. Los hilos del sensor cosidos alrededor de la zona de la entrepierna permiten que el sistema de alarma detecte f\u00e1cilmente la humedad y active r\u00e1pidamente la alarma de enuresis, tratando de forma eficaz y segura la enuresis nocturna.  <\/p>\n<p>Los hilos cosidos del sensor en Pjama DryGuardians &#8211; Ropa Interior y Alarm Kit &#8211; B\u00f3xers aumentan el \u00e1rea objetivo y mejoran la precisi\u00f3n de la detecci\u00f3n. Esto significa que, independientemente de d\u00f3nde caiga la orina o de la posici\u00f3n en la que duerma su hijo, la alarma detectar\u00e1 la enuresis de forma segura. Esto puede ser especialmente valioso para los ni\u00f1os, ya que la zona de primer contacto con la orina suele variar.  <\/p>\n<h4 style=\"color: #072130;\">Utilizaci\u00f3n<\/h4>\n<p>Llevar el Pjama DryGuardians Ropa Interior &#8211; Boxers es tan c\u00f3modo como llevar ropa interior normal, por lo que es ideal para los ni\u00f1os que sufren enuresis nocturna. Pjama DryGuardians &#8211; Paquete de Ropa Interior y Alarm &#8211; B\u00f3xers para la enuresis nocturna no absorbe l\u00edquido. El tratamiento se centra en acabar con el h\u00e1bito de orinarse en la cama.  <\/p>\n<p>El paquete contiene:<\/p>\n<ul>\n<li>2 x Pjama DryGuardians &#8211; Ropa Interior &#8211; Boxers<\/li>\n<li>1 x Pjama DryGuardians Set de Alarma pip\u00ed nocturno (Sensor y Unidad de Sonido)<\/li>\n<\/ul>\n<p>Simplemente enganche el sensor en la cintura delantera de su Pjama DryGuardians Ropa Interior y active la alarma de enuresis, \u00a1y ya est\u00e1 listo para empezar el tratamiento! Coloque la alarma de enuresis cerca de la cama.<br \/>\nSi usted o su hijo se orinan en la cama, los hilos sensibles del sensor cosido en la ropa interior activar\u00e1n r\u00e1pidamente la alarma. Usted o su hijo pueden detener f\u00e1cilmente la alarma pulsando el \u00abbot\u00f3n ON\/OFF\u00bb situado en la parte superior de la unidad de alarma y, a continuaci\u00f3n, ir al ba\u00f1o para terminar de orinar.  <\/p>\n<p>Para utilizar la alarma pip\u00ed nocturno con su smartphone y participar en el servicio de tratamiento, descargue la app DryGuardians. La alarma se conecta autom\u00e1ticamente a la aplicaci\u00f3n DryGuardians cuando est\u00e1 abierta en su tel\u00e9fono. <\/p>\n<h4 style=\"color: #072130;\">Cuidado de los sensores<\/h4>\n<p><span style=\"font-weight: 400;\">Para obtener el mejor rendimiento, retire y seque siempre el sensor despu\u00e9s de utilizarlo.<\/span><span style=\"font-weight: 400;\"><br \/>\n<\/span><span style=\"font-weight: 400;\">Evita dejarlo pegado a una prenda mojada: esto ayuda a prevenir la corrosi\u00f3n y alarga la vida de la bater\u00eda.<\/span><\/p>\n<h4 style=\"color: #072130;\">Caracter\u00edsticas y ventajas de Pjama DryGuardians &#8211; Paquete de Ropa Interior y Alarm &#8211; B\u00f3xers<\/h4>\n<ul>\n<li><strong>Tratamiento eficaz:<\/strong> Ayuda con la enuresis nocturna en ni\u00f1os.<\/li>\n<li><strong>Personalizado para estancias nocturnas:<\/strong> Utilice su smartphone y la aplicaci\u00f3n DryGuardians para un tratamiento discreto.<\/li>\n<li><strong>Carga por USB:<\/strong> La unidad de alarma se carga f\u00e1cilmente con un cargador USB.<\/li>\n<li><strong>Sistema inal\u00e1mbrico:<\/strong> La unidad de alarma puede colocarse a una distancia de hasta 10 metros del sensor.<\/li>\n<li><strong>Notificaciones para los padres:<\/strong> Conecta la alarma pip\u00ed nocturno al tel\u00e9fono m\u00f3vil de los padres para recibir notificaciones de fugas.<\/li>\n<li><strong>Detecci\u00f3n segura:<\/strong> Amplia zona objetivo adaptada al chorro de orina.<\/li>\n<li><strong>C\u00f3modos y suaves:<\/strong> Fabricado con tejidos de alta calidad con certificado Oeko-Tex, seguros y suaves para la piel de los ni\u00f1os.<\/li>\n<li><strong>Duradera:<\/strong> Lavable a 60 grados y se puede secar en secadora.<\/li>\n<\/ul>\n<p><span style=\"color: #666666; font-size: 14px;\">Recuerde retirar el sensor del Pjama para la alarma de enuresis cuando no lo utilice y antes de lavarlo.<\/span><\/p>\n<h4 style=\"color: #072130;\">DryGuardians App y Cl\u00ednica de enuresis<\/h4>\n<p>Con la aplicaci\u00f3n DryGuardians, puede seguir f\u00e1cilmente los progresos en el tratamiento de la enuresis nocturna y la enuresis nocturna. DryGuardians proporciona predicciones y recomendaciones desarrolladas junto con el sistema sanitario sueco, adaptadas a c\u00f3mo progresa su tratamiento y garantizando que est\u00e1 optimizado para sus necesidades y progresos espec\u00edficos. Registre todos los accidentes y vea las tendencias a lo largo del tiempo, lo que puede ayudarle a usted o a su hijo a mantenerse motivados. La informaci\u00f3n recopilada tambi\u00e9n es valiosa para compartirla con los m\u00e9dicos si se necesita m\u00e1s asesoramiento.   <\/p>\n<ul>\n<li>Utiliza la aplicaci\u00f3n como unidad de sonido para tu alarma de enuresis y elige diferentes sonidos de alarma.<\/li>\n<li>Registra los resultados de la noche en el calendario para seguir tus progresos y recibir consejos personalizados.<\/li>\n<li>Obtenga asesoramiento y apoyo personalizados durante el tratamiento de la enuresis.<\/li>\n<li>Establezca alarmas diurnas que le recuerden a usted o a su hijo ir al ba\u00f1o.<\/li>\n<\/ul>\n<p>La aplicaci\u00f3n DryGuardians se puede descargar de forma gratuita en <a href=\"https:\/\/play.google.com\/store\/apps\/details?id=com.pjama&amp;hl=es&amp;gl=ES\" target=\"_blank\" rel=\"noopener\">Google Play<\/a> o <a href=\"https:\/\/apps.apple.com\/es\/app\/dryguardians\/id1498084664\" target=\"_blank\" rel=\"noopener\">App Store<\/a>. Obtenga m\u00e1s informaci\u00f3n sobre nuestra cl\u00ednica de enuresis y c\u00f3mo podemos ayudarle a usted o a su hijo en nuestro <a href=\"https:\/\/pjama.eu\/es\/\">sitio web<\/a>. <\/p>\n<h4 style=\"color: #072130;\">Proceso de tratamiento: la motivaci\u00f3n y la paciencia son la clave<\/h4>\n<p>El tratamiento de la enuresis nocturna requiere motivaci\u00f3n y paciencia, sobre todo durante las primeras semanas. For both children and parents, it&#8217;s important to set realistic goals and celebrate progress. Remember, the goal is a dry bed without assistance, and the path to this can be made easier with tools like DryGuardians for Boys. <\/p>\n<p>Como padre, puede mantener a su hijo motivado proporcion\u00e1ndole comentarios positivos y cumplidos. Con la ayuda de la <em>App DryGuardians<\/em>, puede recibir consejos y sugerencias adaptados al progreso de su tratamiento. Se trata de una forma segura y eficaz de mejorar la vida diaria de los ni\u00f1os y adultos que padecen enuresis.  <\/p>\n<p>\u00a9 2024 Pjama.<\/p>\n","protected":false},"excerpt":{"rendered":"<h3>Pjama DryGuardians &#8211; Paquete de Ropa Interior y Alarma &#8211; B\u00f3xers<\/h3>\n<p>Pjama DryGuardians &#8211; Ropa Interior y Alarm Kit &#8211; B\u00f3xers es un servicio completo que permite un tratamiento eficaz y seguro de la enuresis (orinarse en la cama).<\/p>\n<ul>\n<li>Incluye 2 Pjama DryGuardians Ropa Interior &#8211; Boxer y 1 Pjama DryGuardians Alarma completa contra la enuresis (sensor y unidad de sonido).<\/li>\n<li>Amplia zona objetivo para una respuesta r\u00e1pida y segura a la enuresis.<\/li>\n<li>Tan suaves y c\u00f3modos como los calzoncillos b\u00f3xer normales.<\/li>\n<li>Se puede lavar a m\u00e1quina a 60 \u00b0C y secar en secadora.<\/li>\n<\/ul>\n<p>Descargue la aplicaci\u00f3n DryGuardians, un servicio gratuito de tratamiento para enuresis, en <a href=\"https:\/\/play.google.com\/store\/apps\/details?id=com.pjama&amp;hl=es&amp;gl=ES\">Google Play<\/a> o <a href=\"https:\/\/apps.apple.com\/es\/app\/dryguardians\/id1498084664\" target=\"_blank\" rel=\"noopener\">App Store<\/a>.<\/p>\n","protected":false},"featured_media":31158,"template":"","meta":{"_et_pb_use_builder":"","_et_pb_old_content":"","_et_gb_content_width":""},"product_brand":[],"product_cat":[343,312,344,342],"product_tag":[],"class_list":{"0":"post-28766","1":"product","2":"type-product","3":"status-publish","4":"has-post-thumbnail","6":"product_cat-alarma-pipi-nocturno","7":"product_cat-ninos","8":"product_cat-pjamadryguardians_2025","9":"product_cat-tratamiento-pjama","10":"product_shipping_class-ue","11":"pa_size-5-6-anos","12":"pa_size-de-8-a-10-anos","13":"pa_size-edades-10-12","14":"pa_size-edades-6-8","15":"pa_size-pequeno","17":"first","18":"instock","19":"taxable","20":"shipping-taxable","21":"purchasable","22":"product-type-composite"},"composite_virtual":false,"composite_layout":"single","composite_add_to_cart_form_location":"default","composite_editable_in_cart":false,"composite_sold_individually_context":"product","composite_shop_price_calc":"min_max","composite_components":[{"id":"1743167486","title":"Pjama Alarma pip\u00ed nocturno","description":"<p>Alarma de enuresis con altavoz y sensor. <\/p>\n","query_type":"product_ids","query_ids":[24640],"default_option_id":24640,"thumbnail_id":6376,"thumbnail_src":"https:\/\/pjama.eu\/wp-content\/uploads\/Pjama-alarm-600x400-1-300x300-1.jpeg","quantity_min":1,"quantity_max":1,"priced_individually":true,"shipped_individually":false,"optional":false,"discount":"","options_style":"dropdowns","pagination_style":"classic","display_prices":"absolute","show_sorting_options":false,"show_filtering_options":false,"attribute_filter_ids":[],"select_action":"view","product_title_visible":false,"product_descr_visible":false,"product_price_visible":true,"product_thumb_visible":true,"subtotal_visible_product":false,"subtotal_visible_cart":true,"subtotal_visible_orders":true},{"id":"1743167487","title":"Tratamiento Calzoncillos b\u00f3xer","description":"<p>Ropa interior Boxer para el tratamiento de la enuresis. No absorbente. <\/p>\n","query_type":"product_ids","query_ids":[24899],"default_option_id":24899,"thumbnail_id":3726,"thumbnail_src":"https:\/\/pjama.eu\/wp-content\/uploads\/Boxer-underwear.jpg","quantity_min":2,"quantity_max":9,"priced_individually":true,"shipped_individually":false,"optional":false,"discount":"","options_style":"dropdowns","pagination_style":"classic","display_prices":"absolute","show_sorting_options":false,"show_filtering_options":false,"attribute_filter_ids":[],"select_action":"view","product_title_visible":false,"product_descr_visible":false,"product_price_visible":true,"product_thumb_visible":true,"subtotal_visible_product":false,"subtotal_visible_cart":true,"subtotal_visible_orders":true}],"composite_scenarios":[],"_links":{"self":[{"href":"https:\/\/pjama.eu\/es\/wp-json\/wp\/v2\/product\/28766","targetHints":{"allow":["GET"]}}],"collection":[{"href":"https:\/\/pjama.eu\/es\/wp-json\/wp\/v2\/product"}],"about":[{"href":"https:\/\/pjama.eu\/es\/wp-json\/wp\/v2\/types\/product"}],"wp:featuredmedia":[{"embeddable":true,"href":"https:\/\/pjama.eu\/es\/wp-json\/wp\/v2\/media\/31158"}],"wp:attachment":[{"href":"https:\/\/pjama.eu\/es\/wp-json\/wp\/v2\/media?parent=28766"}],"wp:term":[{"taxonomy":"product_brand","embeddable":true,"href":"https:\/\/pjama.eu\/es\/wp-json\/wp\/v2\/product_brand?post=28766"},{"taxonomy":"product_cat","embeddable":true,"href":"https:\/\/pjama.eu\/es\/wp-json\/wp\/v2\/product_cat?post=28766"},{"taxonomy":"product_tag","embeddable":true,"href":"https:\/\/pjama.eu\/es\/wp-json\/wp\/v2\/product_tag?post=28766"}],"curies":[{"name":"wp","href":"https:\/\/api.w.org\/{rel}","templated":true}]}}