{"id":28767,"date":"2021-02-01T11:50:10","date_gmt":"2021-02-01T10:50:10","guid":{"rendered":"https:\/\/pjama.eu\/product\/pjama-dryguardians-paquete-de-ropa-interior-y-alarma-braguitas\/"},"modified":"2026-03-30T14:57:15","modified_gmt":"2026-03-30T12:57:15","slug":"pjama-dryguardians-paquete-de-ropa-interior-y-alarma-braguitas","status":"publish","type":"product","link":"https:\/\/pjama.eu\/es\/producto\/pjama-dryguardians-paquete-de-ropa-interior-y-alarma-braguitas\/","title":{"rendered":"Pjama DryGuardians &#8211; Paquete de Ropa Interior y Alarma &#8211; Braguitas"},"content":{"rendered":"<h3 style=\"color: #d35917;\">Pjama DryGuardians &#8211; Paquete de Ropa Interior y Alarm &#8211; Braguitas &#8211; Tratamiento eficaz con alarma para la enuresis nocturna.<\/h3>\n<p>Pjama DryGuardians &#8211; Ropa Interior y Alarma &#8211; Braguitas es la soluci\u00f3n perfecta para las ni\u00f1as que sufren enuresis nocturna. En combinaci\u00f3n con nuestra aplicaci\u00f3n DryGuardians, recibir\u00e1 un tratamiento eficaz y c\u00f3modo contra la enuresis. Estas braguitas para la enuresis est\u00e1n equipadas con cables sensores cosidos que detectan r\u00e1pidamente la humedad y activan la alarma de enuresis para ayudar a la ni\u00f1a a despertarse e interrumpir la micci\u00f3n. El servicio de tratamiento DryGuardians analiza los incidentes de enuresis y proporciona consejos personalizados, asesoramiento y predicciones a lo largo del tratamiento.   <\/p>\n<p>Descargue la aplicaci\u00f3n DryGuardians de <a href=\"https:\/\/play.google.com\/store\/apps\/details?id=com.pjama&amp;gl=gb&amp;hl=en\" target=\"_blank\" rel=\"noopener\">Google Play<\/a> o <a href=\"https:\/\/apps.apple.com\/gb\/app\/pjama\/id1498084664?mt=8&amp;l=en\" target=\"_blank\" rel=\"noopener\">App Store<\/a> para seguir los progresos y recibir orientaci\u00f3n personalizada durante el tratamiento de la enuresis nocturna.<\/p>\n<h4 style=\"color: #072130;\">Caracter\u00edsticas<\/h4>\n<p>La Alarma pip\u00ed nocturno est\u00e1 dise\u00f1ada para ayudar tanto a ni\u00f1os como a adultos con enuresis y sirve como tratamiento de primera l\u00ednea para la enuresis. El sensor fijado a la ropa del Pjama est\u00e1 conectado a una unidad de alarma que se activa al entrar en contacto con la humedad. Este tratamiento con alarma para la enuresis act\u00faa interrumpiendo inmediatamente la enuresis, entrenando al cerebro para que responda a las se\u00f1ales del cuerpo.  <\/p>\n<p>Pjama DryGuardians &#8211; Paquete de Ropa Interior y Alarma &#8211; Braguitas est\u00e1 especialmente dise\u00f1ado para la anatom\u00eda de las ni\u00f1as y el punto de contacto del chorro urinario. Las braguitas est\u00e1n equipadas con dos peque\u00f1os botones en la cintura que facilitan la colocaci\u00f3n del sensor de la Alarma pip\u00ed nocturno. Los cables sensores cosidos alrededor de la zona de la entrepierna permiten que el sistema de alarma detecte la humedad y active r\u00e1pidamente la alarma de enuresis, ayudando a tratar la enuresis nocturna de forma eficaz y segura.  <\/p>\n<p>Los cables sensores cosidos en Pjama DryGuardians &#8211; Ropa Interior y Alarm &#8211; Braguitas aumentan el \u00e1rea objetivo y garantizan una detecci\u00f3n m\u00e1s fiable. En la pr\u00e1ctica, esto significa que, independientemente de d\u00f3nde caiga la orina o de c\u00f3mo duerma su hijo, la alarma detectar\u00e1 la enuresis de forma fiable. Para las ni\u00f1as, especialmente las que duermen boca arriba, esto es especialmente \u00fatil, ya que la zona donde la orina toca por primera vez puede variar.  <\/p>\n<h4 style=\"color: #072130;\">Utilizaci\u00f3n<\/h4>\n<p>Llevar las braguitas para la enuresis es tan c\u00f3modo como llevar ropa interior normal, por lo que son ideales para los ni\u00f1os que sufren enuresis. Pjama DryGuardians &#8211; Paquete de Ropa Interior y Alarma &#8211; Braguitas para la enuresis nocturna no absorbe l\u00edquido. El tratamiento se centra en acabar con el h\u00e1bito de orinarse en la cama.  <\/p>\n<p>El paquete incluye:<\/p>\n<ul>\n<li>2 x Pjama DryGuardians Ropa Interior &#8211; braguitas<\/li>\n<li>1 x Pjama DryGuardians &#8211; Set de Alarma Completo (Sensor y Unidad de Sonido)<\/li>\n<\/ul>\n<p>Basta con encajar el sensor en la cintura delantera de las braguitas para enuresis y activar la alarma de enuresis para comenzar el tratamiento. Coloque la alarma de enuresis junto a la cama.<br \/>\nSi el ni\u00f1o se orina, los sensibles cables sensores cosidos en las braguitas de tratamiento reaccionan r\u00e1pidamente y activan la alarma. El ni\u00f1o puede detener f\u00e1cilmente la alarma pulsando el \u00abbot\u00f3n ON\/OFF\u00bb de la parte superior de la unidad de alarma y dirigirse al ba\u00f1o para terminar de orinar.  <\/p>\n<p>Para utilizar la alarma pip\u00ed nocturno con su smartphone y acceder al servicio de tratamiento, descargue la app DryGuardians. La alarma se conecta autom\u00e1ticamente a la app DryGuardians cuando est\u00e1 abierta en el tel\u00e9fono. <\/p>\n<h4 style=\"color: #072130;\">Cuidado de los sensores<\/h4>\n<p><span style=\"font-weight: 400;\">Para obtener el mejor rendimiento, retire y seque siempre el sensor despu\u00e9s de utilizarlo.<\/span> <span style=\"font-weight: 400;\">Evita dejarlo pegado a una prenda mojada: esto ayuda a prevenir la corrosi\u00f3n y alarga la vida de la bater\u00eda.<\/span><\/p>\n<h4 style=\"color: #072130;\">Caracter\u00edsticas y ventajas Pjama DryGuardians &#8211; Paquete de Ropa Interior y Alarma &#8211; Braguitas<\/h4>\n<ul>\n<li><strong>Tratamiento eficaz:<\/strong> Ayuda con la enuresis nocturna de los ni\u00f1os.<\/li>\n<li><strong>Dise\u00f1ado para uso nocturno:<\/strong> Utilice su smartphone y la aplicaci\u00f3n DryGuardians para un tratamiento discreto.<\/li>\n<li><strong>Carga por USB:<\/strong> La unidad de alarma se carga f\u00e1cilmente con un cargador USB.<\/li>\n<li><strong>Sistema inal\u00e1mbrico:<\/strong> La unidad de alarma puede colocarse a una distancia de hasta 10 metros del sensor.<\/li>\n<li><strong>Notificaciones para los padres:<\/strong> Vincula la alarma de enuresis al tel\u00e9fono m\u00f3vil de los padres para recibir notificaciones de fugas.<\/li>\n<li><strong>Detecci\u00f3n fiable:<\/strong> Amplia zona objetivo adaptada al chorro urinario.<\/li>\n<li><strong>C\u00f3modos y suaves:<\/strong> Fabricado con tejidos de alta calidad con certificado Oeko-Tex, seguros y suaves para la piel de los ni\u00f1os.<\/li>\n<li><strong>Duradera:<\/strong> Lavable a m\u00e1quina a 60\u00b0C y se puede secar en secadora.<\/li>\n<\/ul>\n<p><span style=\"color: #666666; font-size: 14px;\">Recuerde retirar el sensor del Pjama para la Alarma pip\u00ed nocturno cuando no lo utilice y antes de lavarlo.<\/span><\/p>\n<h4 style=\"color: #072130;\">DryGuardians App y Cl\u00ednica de enuresis<\/h4>\n<p>Con la aplicaci\u00f3n DryGuardians, puede seguir f\u00e1cilmente los progresos en el tratamiento de la enuresis nocturna y la enuresis nocturna. DryGuardians proporciona predicciones y recomendaciones desarrolladas en colaboraci\u00f3n con la sanidad sueca, adaptadas al progreso de su tratamiento y garantizando que est\u00e9 optimizado para su situaci\u00f3n espec\u00edfica. Registre todos los accidentes y vea las tendencias a lo largo del tiempo, lo que puede ayudarle a usted o a su hijo a mantenerse motivados. La informaci\u00f3n recopilada tambi\u00e9n es valiosa para compartirla con los m\u00e9dicos cuando se necesite m\u00e1s asesoramiento.   <\/p>\n<ul>\n<li>Utiliza la aplicaci\u00f3n como unidad de sonido para tu alarma de enuresis y selecciona diferentes se\u00f1ales de alarma.<\/li>\n<li>Registra los resultados nocturnos en el calendario para seguir tus progresos y recibir consejos personalizados.<\/li>\n<li>Obtenga asesoramiento y apoyo personalizados durante el tratamiento de la enuresis.<\/li>\n<li>Establezca alarmas diurnas para recordarle a usted o a su hijo que deben ir al ba\u00f1o durante el d\u00eda.<\/li>\n<\/ul>\n<p>La aplicaci\u00f3n DryGuardians se puede descargar de forma gratuita en <a href=\"https:\/\/play.google.com\/store\/apps\/details?id=com.pjama&amp;gl=gb&amp;hl=en\" target=\"_blank\" rel=\"noopener\">Google Play<\/a> o <a href=\"https:\/\/apps.apple.com\/gb\/app\/pjama\/id1498084664?mt=8&amp;l=en\" target=\"_blank\" rel=\"noopener\">App Store<\/a>. Obtenga m\u00e1s informaci\u00f3n sobre nuestra cl\u00ednica de enuresis y c\u00f3mo podemos ayudarle a usted o a su hijo en nuestro <a href=\"https:\/\/pjama.eu\/es\/\">sitio web<\/a>. <\/p>\n<h4 style=\"color: #072130;\">El proceso de tratamiento: la motivaci\u00f3n y la paciencia son la clave<\/h4>\n<p>El tratamiento de la enuresis nocturna requiere motivaci\u00f3n y paciencia, sobre todo durante las primeras semanas. Tanto para los ni\u00f1os como para los padres, es importante establecer objetivos realistas y celebrar los progresos. Recuerde que el objetivo es una cama seca sin ayudas, y el camino puede ser m\u00e1s f\u00e1cil con herramientas como DryGuardians para ni\u00f1as.  <\/p>\n<p>Como padre, puede mantener a su hijo motivado haci\u00e9ndole comentarios positivos y cumplidos. Con la ayuda de <em>DryGuardians App<\/em>, puede obtener sugerencias y consejos adaptados a la evoluci\u00f3n del tratamiento. Se trata de un camino seguro y eficaz hacia una vida cotidiana mejor para los ni\u00f1os y adultos que padecen enuresis.  <\/p>\n<p>\u00a9 2024 Pjama.<\/p>\n","protected":false},"excerpt":{"rendered":"<h3>Pjama DryGuardians &#8211; Paquete de Ropa Interior y Alarma &#8211; Braguitas<\/h3>\n<p>Pjama DryGuardians &#8211; Ropa Interior y Alarma &#8211; Braguitas es un servicio completo que proporciona un tratamiento eficaz y seguro para la enuresis (orinarse en la cama).<\/p>\n<ul>\n<li>Incluye 2 Pjama DryGuardians &#8211; Ropa Interior &#8211; Braguitas y 1 Pjama DryGuardians Set de Alarma pip\u00ed nocturno (sensor y unidad de sonido).<\/li>\n<li>Amplia zona objetivo para una respuesta segura y r\u00e1pida a la enuresis.<\/li>\n<li>Tan suave y c\u00f3moda como la ropa interior normal.<\/li>\n<li>Se puede lavar a m\u00e1quina a 60 \u00b0C y secar en secadora.<\/li>\n<\/ul>\n<p>Descarga la app DryGuardians, un servicio gratuito de tratamiento de la enuresis, en <a href=\"https:\/\/play.google.com\/store\/apps\/details?id=com.pjama&amp;gl=gb&amp;hl=en\">Google Play<\/a> o <a href=\"https:\/\/apps.apple.com\/gb\/app\/pjama\/id1498084664?mt=8&amp;l=en\">App Store<\/a>.<\/p>\n","protected":false},"featured_media":31190,"template":"","meta":{"_et_pb_use_builder":"off","_et_pb_old_content":"<h3>BEDWETTING ALARM WITH UNISEX BRIEFS UNDERWEAR- STARTER KIT<\/h3>\r\nPjama Bedwetting Alarm with Unisex Briefs Underwear-Starter Kit is a complete product for treatment of bedwetting. The Pjama Bedwetting Alarm also connects to smartphone. Download the app from <a href=\"https:\/\/play.google.com\/store\/apps\/details?id=com.pjama\">Google Play<\/a> or <a href=\"https:\/\/apps.apple.com\/us\/app\/pjama\/id1498084664\">App Store<\/a>.\r\n\r\nPjama Treatment Unisex Briefs underwear has sewn-in sensor threads, adapted for both boys and girls, to which you easily connect the Pjama Bedwetting Alarm. The Pjama Bedwetting Alarm includes 1 Pjama Sensor and 1 Pjama Speaker.\r\n\r\nFor treatment, you simply connect the Pjama Sensor to 2 small buttons by the waist of the Pjama Treatment Unisex Briefs underwear which in turn wirelessly communicates with the bedwetting alarm unit or your smartphone.\r\nSuitable for laundry in the washing machine at 60 degrees and tumble dry.\r\n\r\nWearing Pjama Treatment Unisex Briefs underwear are as nice as wearing any other underwear, while being able to connect to a sensitive bedwetting alarm system.\r\n<h4>The Product includes:<\/h4>\r\n2 x Pjama Treatment Unisecx Briefs Underwear\r\n1 x Pjama Bedwetting Alarm (Sensor and Speaker)\r\n<h4>MATERIAL<\/h4>\r\nThe Pjama Treatment Unisex Briefs are made of fabrics that are Oeko-Tex certified.\r\n<h4>WASHING<\/h4>\r\nWash and tumble dry product at maximum 60 degrees.\r\nPlease note that when you use Pjama Bedwetting Alarm with the product, be sure to snap off the small Pjama Sensor for Bedwetting Alarm connected to the briefs before washing.\r\n<h4>FOLLOW YOUR DEVELOPMENT WITH THE PJAMA APP AND PJAMA BEDWETTING CLINIC<\/h4>\r\nThe Pjama App includes several functionalities; you get access to the alarm function and can set different alarm signals, in the calendar you can log the progress and success, you can find general tips and advice to assist with the bedwetting treatment. It is also possible to set day alarms for the children who suffer from leakage even during the day. The Pjama app is free to download from <a href=\"https:\/\/play.google.com\/store\/apps\/details?id=com.pjama\">Google Play<\/a> or <a href=\"https:\/\/apps.apple.com\/us\/app\/pjama\/id1498084664\">App Store<\/a>.\r\n\r\nPjama Bedwetting Clinic gives you customized tips and advice during bedwetting treatment.\r\nDo not forget to record the outcome of the night in the Pjama App so that you can keep track of your, or your child's, progress.\r\n\r\nRead more about the Pjama App and <a href=\"https:\/\/pjama.eu\/bedwetting-clinic\/\">Bedwetting Clinic on our website.<\/a>\r\n<h4>TREATMENT IS A PROCESS WHERE MOTIVATION IS THE KEY<\/h4>\r\nPatience is the key! For a faster and long-term improvement, patience and motivation is needed. If you are a new Pjama user, it is good if you have your ultimate goal in mind - a dry bed without aids. If your end goal feels far away, you can set smaller goals along the way.\r\nAnd never forget that you will get through this!","_et_gb_content_width":""},"product_brand":[],"product_cat":[343,312,344,342],"product_tag":[],"class_list":{"0":"post-28767","1":"product","2":"type-product","3":"status-publish","4":"has-post-thumbnail","6":"product_cat-alarma-pipi-nocturno","7":"product_cat-ninos","8":"product_cat-pjamadryguardians_2025","9":"product_cat-tratamiento-pjama","10":"product_shipping_class-ue","11":"pa_size-5-6-anos","12":"pa_size-de-8-a-10-anos","13":"pa_size-edades-10-12","14":"pa_size-edades-6-8","15":"pa_size-pequeno","17":"first","18":"instock","19":"taxable","20":"shipping-taxable","21":"purchasable","22":"product-type-composite"},"composite_virtual":false,"composite_layout":"single","composite_add_to_cart_form_location":"default","composite_editable_in_cart":false,"composite_sold_individually_context":"product","composite_shop_price_calc":"min_max","composite_components":[{"id":"1743166762","title":"Pjama Alarma pip\u00ed nocturno","description":"<p>Alarma de enuresis con altavoz y sensor.<\/p>\n","query_type":"product_ids","query_ids":[24640],"default_option_id":24640,"thumbnail_id":6376,"thumbnail_src":"https:\/\/pjama.eu\/wp-content\/uploads\/Pjama-alarm-600x400-1-300x300-1.jpeg","quantity_min":1,"quantity_max":1,"priced_individually":true,"shipped_individually":false,"optional":false,"discount":"","options_style":"dropdowns","pagination_style":"classic","display_prices":"absolute","show_sorting_options":false,"show_filtering_options":false,"attribute_filter_ids":[],"select_action":"view","product_title_visible":false,"product_descr_visible":false,"product_price_visible":true,"product_thumb_visible":true,"subtotal_visible_product":false,"subtotal_visible_cart":true,"subtotal_visible_orders":true},{"id":"1743166763","title":"Breves sobre el tratamiento","description":"<p>Ropa interior para el tratamiento de la enuresis. No absorbente. <\/p>\n","query_type":"product_ids","query_ids":[24659],"default_option_id":24659,"thumbnail_id":3729,"thumbnail_src":"https:\/\/pjama.eu\/wp-content\/uploads\/hipster-only.jpg","quantity_min":2,"quantity_max":6,"priced_individually":true,"shipped_individually":false,"optional":false,"discount":"","options_style":"dropdowns","pagination_style":"classic","display_prices":"absolute","show_sorting_options":false,"show_filtering_options":false,"attribute_filter_ids":[],"select_action":"view","product_title_visible":false,"product_descr_visible":false,"product_price_visible":true,"product_thumb_visible":true,"subtotal_visible_product":false,"subtotal_visible_cart":true,"subtotal_visible_orders":true}],"composite_scenarios":[],"_links":{"self":[{"href":"https:\/\/pjama.eu\/es\/wp-json\/wp\/v2\/product\/28767","targetHints":{"allow":["GET"]}}],"collection":[{"href":"https:\/\/pjama.eu\/es\/wp-json\/wp\/v2\/product"}],"about":[{"href":"https:\/\/pjama.eu\/es\/wp-json\/wp\/v2\/types\/product"}],"wp:featuredmedia":[{"embeddable":true,"href":"https:\/\/pjama.eu\/es\/wp-json\/wp\/v2\/media\/31190"}],"wp:attachment":[{"href":"https:\/\/pjama.eu\/es\/wp-json\/wp\/v2\/media?parent=28767"}],"wp:term":[{"taxonomy":"product_brand","embeddable":true,"href":"https:\/\/pjama.eu\/es\/wp-json\/wp\/v2\/product_brand?post=28767"},{"taxonomy":"product_cat","embeddable":true,"href":"https:\/\/pjama.eu\/es\/wp-json\/wp\/v2\/product_cat?post=28767"},{"taxonomy":"product_tag","embeddable":true,"href":"https:\/\/pjama.eu\/es\/wp-json\/wp\/v2\/product_tag?post=28767"}],"curies":[{"name":"wp","href":"https:\/\/api.w.org\/{rel}","templated":true}]}}