{"id":28769,"date":"2023-01-09T15:59:19","date_gmt":"2023-01-09T14:59:19","guid":{"rendered":"https:\/\/pjama.eu\/product\/pjama-dryguardians-kit-mix-boxers\/"},"modified":"2026-03-30T14:45:02","modified_gmt":"2026-03-30T12:45:02","slug":"pjama-dryguardians-kit-mix-boxers","status":"publish","type":"product","link":"https:\/\/pjama.eu\/es\/producto\/pjama-dryguardians-kit-mix-boxers\/","title":{"rendered":"Pjama DryGuardians &#8211; Kit Mix B\u00f3xers"},"content":{"rendered":"<h3 style=\"color: #d35917;\">Pjama DryGuardians &#8211; Kit Mix B\u00f3xers<\/h3>\n<p>La Pjama DryGuardians &#8211; Mix Kit B\u00f3xers proporciona una soluci\u00f3n completa para el tratamiento de la enuresis, incluyendo la Pjama DryGuardians Alarma, el Servicio de Enuresis, los shorts para dormir y los B\u00f3xers. Garantiza un tratamiento eficaz al tiempo que mantiene la cama seca durante toda la noche. La App DryGuardians le da acceso al servicio de tratamiento sin coste adicional. Desc\u00e1rgalo desde <a href=\"https:\/\/play.google.com\/store\/apps\/details?id=com.pjama&amp;hl=es&amp;gl=ES\" target=\"_blank\" rel=\"noopener\">Google Play<\/a> o <a href=\"https:\/\/apps.apple.com\/es\/app\/dryguardians\/id1498084664\" target=\"_blank\" rel=\"noopener\">App Store<\/a>.<\/p>\n<p>El uso del Pjama DryGuardians Ropa de Noche es tan c\u00f3modo como un pijama normal, a la vez que se conecta al sensible sistema de alarma para un tratamiento eficaz. Los pantalones cortos mantienen la cama seca durante el proceso. <\/p>\n<h4 style=\"color: #072130;\">Cuidado f\u00e1cil<\/h4>\n<p><span style=\"font-weight: 400;\">Pjama DryGuardians Ropa de Noche para Ni\u00f1os &#8211; Los pantalones cortos se pueden lavar a m\u00e1quina (60\u00b0C) y secar en secadora.<\/span> <span style=\"font-weight: 400;\">NOTA: Los pantalones y shorts tienen un tiempo de secado m\u00e1s largo debido a su funci\u00f3n absorbente. Cuando laves la prenda, ponla siempre del rev\u00e9s para facilitar la salida de la humedad del tejido. <\/span> <span style=\"font-weight: 400;\">Son duraderos y rentables. <\/span><b>Pjama garantiza al menos 100 lavados y hasta 4 meses de uso regular si se cuida siguiendo nuestras instrucciones de lavado.<\/b> <span style=\"font-weight: 400;\">Una soluci\u00f3n fiable y pr\u00e1ctica para los ni\u00f1os que mojan la cama por la noche.<\/span> <a href=\"https:\/\/pjama.eu\/es\/como-lavar-pjama\/\"><span style=\"font-weight: 400;\">Lea todas las instrucciones de cuidado &#8216;<\/span><\/a><\/p>\n<h4 style=\"color: #072130;\">Tratamiento guiado con la App DryGuardians<\/h4>\n<p>La funci\u00f3n principal de la aplicaci\u00f3n es el calendario, donde se registran los resultados nocturnos. A partir de estos datos, la aplicaci\u00f3n ofrece orientaci\u00f3n y motivaci\u00f3n con v\u00eddeos, textos e im\u00e1genes. Al cabo de <strong>4 semanas<\/strong>, la aplicaci\u00f3n puede proporcionar una evaluaci\u00f3n del tratamiento. Aunque los resultados no sean inmediatos, el tratamiento puede funcionar en una fase posterior.   <\/p>\n<ul>\n<li>Utiliza la aplicaci\u00f3n como un dispositivo de sonido con varios tonos de llamada.<\/li>\n<li>Graba un sonido de alarma personal.<\/li>\n<li>Programa alarmas diurnas para recordarte que tienes que ir al ba\u00f1o.<\/li>\n<li>Obtenga asesoramiento experto y consejos generales sobre el tratamiento.<\/li>\n<\/ul>\n<p>La aplicaci\u00f3n DryGuardians se puede descargar gratuitamente de <a href=\"https:\/\/play.google.com\/store\/apps\/details?id=com.pjama&amp;hl=es&amp;gl=ES\" target=\"_blank\" rel=\"noopener\">Google Play<\/a> o <a href=\"https:\/\/apps.apple.com\/es\/app\/dryguardians\/id1498084664\" target=\"_blank\" rel=\"noopener\">App Store<\/a>. M\u00e1s informaci\u00f3n en nuestro <a href=\"https:\/\/pjama.eu\/es\/app-para-dejar-de-mojar-la-cama\/\">sitio web<\/a>. <\/p>\n<h4 style=\"color: #072130;\">Material<\/h4>\n<p>Los Pjama DryGuardians Ropa de Noche est\u00e1n hechos de <em>Tencel<\/em>. La capa exterior est\u00e1 laminada para ofrecer impermeabilidad, al tiempo que mantiene la transpirabilidad. Una capa absorbente en la entrepierna mantiene los l\u00edquidos en el interior. Todos los tejidos tienen el certificado Oeko-Tex y son seguros para los ni\u00f1os.   <\/p>\n<p>Los calzoncillos vienen en dos versiones: Pjama DryGuardians Ropa de Noche Shorts y Pjama DryGuardians Ropa Interior &#8211; Boxers dise\u00f1ados para los casos m\u00e1s ligeros. Las tallas van desde la longitud corporal de 98 cm a 164 cm.<br \/>\nPara conocer las medidas exactas y los detalles de absorci\u00f3n, consulte nuestra <a href=\"https:\/\/pjama.eu\/es\/pantalones-para-enuresis-tallas\/\">Gu\u00eda de tallas<\/a>. <\/p>\n<p>Pjama DryGuardians Ropa Interior &#8211; Boxers tambi\u00e9n est\u00e1n fabricados con tejidos certificados Oeko-Tex, seguros y suaves con la piel. Todas las prendas Mix Kit llevan incorporados hilos sensores para ampliar el \u00e1rea de detecci\u00f3n, lo que garantiza una detecci\u00f3n fiable independientemente de la posici\u00f3n en que se duerma. Esto es especialmente \u00fatil para los ni\u00f1os, en los que el flujo de orina var\u00eda, e igualmente fiable para las ni\u00f1as.  <\/p>\n<h4 style=\"color: #072130;\">Utilizaci\u00f3n<\/h4>\n<p>Los hilos sensores incorporados alrededor de la entrepierna detectan r\u00e1pidamente la orina. Encaje el sensor en la cintura y active la alarma. Coloque la unidad de alarma junto a la cama. Cuando se produce la enuresis, la alarma se activa inmediatamente. El ni\u00f1o puede detenerla pulsando el bot\u00f3n ON\/OFF, luego ir al ba\u00f1o y ponerse unos calzoncillos o b\u00f3xers secos.    Para conectar la alarma con su smartphone, descargue la aplicaci\u00f3n DryGuardians.<\/p>\n<h4 style=\"color: #072130;\">Cuidado de los sensores<\/h4>\n<p><span style=\"font-weight: 400;\">Para obtener el mejor rendimiento, retire y seque siempre el sensor despu\u00e9s de utilizarlo.<\/span> <span style=\"font-weight: 400;\">Evita dejarlo pegado a una prenda mojada: esto ayuda a prevenir la corrosi\u00f3n y alarga la vida de la bater\u00eda.<\/span><\/p>\n<h4 style=\"color: #072130;\">Informaci\u00f3n<\/h4>\n<ul>\n<li>Pjama Alarm se conecta a los calzoncillos y boxers mediante botones en la cintura.<\/li>\n<li>Roscas de sensor incorporadas para una detecci\u00f3n r\u00e1pida y fiable.<\/li>\n<li>Los calzoncillos absorbentes protegen la cama.<\/li>\n<li>Ajuste c\u00f3modo y discreto.<\/li>\n<li>Se puede lavar a 60 \u00b0C y secar en secadora.<\/li>\n<li>Talla: Ni\u00f1os.<\/li>\n<li>Colores: Gris y Azul.<\/li>\n<li>Carga por USB (adaptador no incluido).<\/li>\n<li>Manual de alarma disponible en nuestro <a href=\"https:\/\/pjama.eu\/es\/manuales-de-productos\/\">sitio web<\/a>.<\/li>\n<li>M\u00e1s informaci\u00f3n sobre la enuresis infantil <a href=\"https:\/\/pjama.eu\/es\/que-es-la-enuresis\/\">aqu\u00ed<\/a>.<\/li>\n<\/ul>\n<h4 style=\"color: #072130;\">Para la mejor experiencia<\/h4>\n<ul>\n<li>Aseg\u00farese de que la talla es la correcta para un ajuste ce\u00f1ido pero c\u00f3modo (consulte la gu\u00eda de tallas).<\/li>\n<li>Implique a su hijo y expl\u00edquele el proceso de tratamiento.<\/li>\n<li>Personaliza el sonido y el volumen de la alarma.<\/li>\n<li>Descargue la aplicaci\u00f3n DryGuardians para obtener asesoramiento personalizado.<\/li>\n<li>Coloca el sensor y mant\u00e9n el altavoz a menos de 10 metros.<\/li>\n<li>Despierta a tu hijo cuando suene la alarma y ll\u00e9valo al ba\u00f1o.<\/li>\n<li>Retire el sensor y lave los calzoncillos\/boxers despu\u00e9s de usarlos.<\/li>\n<li>Registra los resultados en la aplicaci\u00f3n para seguir tus progresos y recibir consejos.<\/li>\n<\/ul>\n<h4 style=\"color: #072130;\">La motivaci\u00f3n y la paciencia son la clave<\/h4>\n<p>El \u00e9xito del tratamiento requiere paciencia y \u00e1nimo. Celebra los peque\u00f1os pasos hacia el objetivo de una cama seca sin ayuda. El refuerzo positivo mantiene motivados a los ni\u00f1os. Si usted est\u00e1 motivado como padre, su hijo tambi\u00e9n lo estar\u00e1.   <\/p>\n<p>\u00a9 2024 Pjama.<\/p>\n","protected":false},"excerpt":{"rendered":"<h3><span data-sheets-root=\"1\">Paquete: Variante de kit mixto para chicos; incluye m\u00faltiples componentes para mayor flexibilidad &#8211; parte del m\u00e9todo DryGuardians.<\/span><\/h3>\n<p>Este kit flexible y completo le permite crear su propio conjunto personalizado para un tratamiento eficaz de la enuresis (mojar la cama).<\/p>\n<p><b>Seleccione el n\u00famero de productos entre los siguientes:<\/b><\/p>\n<ul>\n<li>Pjama DryGuardians Set de Alarma pip\u00ed nocturno(1)<\/li>\n<li>Pjama DryGuardians Ropa de Noche &#8211; Shorts<\/li>\n<li>Pjama DryGuardians Ropa Interior &#8211; Boxers<\/li>\n<li>DryGuardians App (gratuita en<br \/>\n<a href=\"https:\/\/play.google.com\/store\/apps\/details?id=com.pjama&amp;hl=es&amp;gl=ES\">Google Play<\/a> o <a href=\"https:\/\/apps.apple.com\/es\/app\/dryguardians\/id1498084664\">App Store<\/a>)<\/li>\n<\/ul>\n<p>Los suaves calzoncillos con hilos sensores incorporados mantienen la cama seca y permiten una r\u00e1pida detecci\u00f3n de la orina: perfectos tanto para casa como para viajar. Los calzoncillos para enuresis Pjama detectan de forma r\u00e1pida y eficaz cu\u00e1ndo su hijo se orina en la cama.  La aplicaci\u00f3n DryGuardians analiza los datos, ofrece consejos de expertos y le permite seguir su progreso.<\/p>\n<p><em>\u00a1Te ayudamos a deshacerte de la enuresis!<\/em><\/p>\n","protected":false},"featured_media":31261,"template":"","meta":{"_et_pb_use_builder":"","_et_pb_old_content":"","_et_gb_content_width":""},"product_brand":[],"product_cat":[343,312,344,342],"product_tag":[],"class_list":{"0":"post-28769","1":"product","2":"type-product","3":"status-publish","4":"has-post-thumbnail","6":"product_cat-alarma-pipi-nocturno","7":"product_cat-ninos","8":"product_cat-pjamadryguardians_2025","9":"product_cat-tratamiento-pjama","10":"product_shipping_class-ue","11":"pa_size-5-6-anos","12":"pa_size-de-8-a-10-anos","13":"pa_size-edades-10-12","14":"pa_size-edades-6-8","15":"pa_size-pequeno","17":"first","18":"instock","19":"taxable","20":"shipping-taxable","21":"purchasable","22":"product-type-composite"},"composite_virtual":false,"composite_layout":"single","composite_add_to_cart_form_location":"default","composite_editable_in_cart":false,"composite_sold_individually_context":"product","composite_shop_price_calc":"min_max","composite_components":[{"id":"1743164570","title":"Pjama Alarma pip\u00ed nocturno","description":"<p>Alarma de enuresis con altavoz y sensor.<\/p>\n","query_type":"product_ids","query_ids":[24640],"default_option_id":24640,"thumbnail_id":6376,"thumbnail_src":"https:\/\/pjama.eu\/wp-content\/uploads\/Pjama-alarm-600x400-1-300x300-1.jpeg","quantity_min":1,"quantity_max":1,"priced_individually":true,"shipped_individually":false,"optional":false,"discount":"","options_style":"dropdowns","pagination_style":"classic","display_prices":"absolute","show_sorting_options":false,"show_filtering_options":false,"attribute_filter_ids":[],"select_action":"view","product_title_visible":false,"product_descr_visible":false,"product_price_visible":true,"product_thumb_visible":true,"subtotal_visible_product":false,"subtotal_visible_cart":true,"subtotal_visible_orders":true},{"id":"1743164571","title":"Tratamiento Calzoncillos b\u00f3xer","description":"<p>Ropa interior Boxer para el tratamiento de la enuresis. No absorbente. <\/p>\n","query_type":"product_ids","query_ids":[24899],"default_option_id":24899,"thumbnail_id":3726,"thumbnail_src":"https:\/\/pjama.eu\/wp-content\/uploads\/Boxer-underwear.jpg","quantity_min":2,"quantity_max":6,"priced_individually":true,"shipped_individually":false,"optional":false,"discount":"","options_style":"dropdowns","pagination_style":"classic","display_prices":"absolute","show_sorting_options":false,"show_filtering_options":false,"attribute_filter_ids":[],"select_action":"view","product_title_visible":false,"product_descr_visible":false,"product_price_visible":true,"product_thumb_visible":true,"subtotal_visible_product":false,"subtotal_visible_cart":true,"subtotal_visible_orders":true},{"id":"1743164572","title":"Cortos de tratamiento","description":"<p>Shorts para enuresis absorbentes. El producto tiene hilos cosidos a los que se conecta el sensor. <\/p>\n","query_type":"product_ids","query_ids":[25244],"default_option_id":25244,"thumbnail_id":4407,"thumbnail_src":"https:\/\/pjama.eu\/wp-content\/uploads\/Pjama_treatment_shorts.jpeg","quantity_min":1,"quantity_max":4,"priced_individually":true,"shipped_individually":false,"optional":false,"discount":"","options_style":"dropdowns","pagination_style":"classic","display_prices":"absolute","show_sorting_options":false,"show_filtering_options":false,"attribute_filter_ids":[],"select_action":"view","product_title_visible":false,"product_descr_visible":false,"product_price_visible":true,"product_thumb_visible":true,"subtotal_visible_product":false,"subtotal_visible_cart":true,"subtotal_visible_orders":true}],"composite_scenarios":[],"_links":{"self":[{"href":"https:\/\/pjama.eu\/es\/wp-json\/wp\/v2\/product\/28769","targetHints":{"allow":["GET"]}}],"collection":[{"href":"https:\/\/pjama.eu\/es\/wp-json\/wp\/v2\/product"}],"about":[{"href":"https:\/\/pjama.eu\/es\/wp-json\/wp\/v2\/types\/product"}],"wp:featuredmedia":[{"embeddable":true,"href":"https:\/\/pjama.eu\/es\/wp-json\/wp\/v2\/media\/31261"}],"wp:attachment":[{"href":"https:\/\/pjama.eu\/es\/wp-json\/wp\/v2\/media?parent=28769"}],"wp:term":[{"taxonomy":"product_brand","embeddable":true,"href":"https:\/\/pjama.eu\/es\/wp-json\/wp\/v2\/product_brand?post=28769"},{"taxonomy":"product_cat","embeddable":true,"href":"https:\/\/pjama.eu\/es\/wp-json\/wp\/v2\/product_cat?post=28769"},{"taxonomy":"product_tag","embeddable":true,"href":"https:\/\/pjama.eu\/es\/wp-json\/wp\/v2\/product_tag?post=28769"}],"curies":[{"name":"wp","href":"https:\/\/api.w.org\/{rel}","templated":true}]}}