{"id":28774,"date":"2023-01-09T16:29:02","date_gmt":"2023-01-09T15:29:02","guid":{"rendered":"https:\/\/pjama.eu\/product\/pjama-dryguardians-kit-mix-braguitas\/"},"modified":"2026-03-30T14:41:53","modified_gmt":"2026-03-30T12:41:53","slug":"pjama-dryguardians-kit-mix-braguitas","status":"publish","type":"product","link":"https:\/\/pjama.eu\/es\/producto\/pjama-dryguardians-kit-mix-braguitas\/","title":{"rendered":"Pjama DryGuardians &#8211; Kit Mix Braguitas"},"content":{"rendered":"<h3 style=\"color: #d35917;\">Pjama DryGuardians &#8211; Kit Mix Braguitas<\/h3>\n<p>La Pjama DryGuardians &#8211; Mix Kit Braguitas ofrece una soluci\u00f3n completa para el tratamiento de la enuresis, incluyendo la Pjama DryGuardians Set de Alarma pip\u00ed nocturno, Servicio de Tratamiento, Braguitas y Braguitas. Proporciona tanto tratamiento como protecci\u00f3n para mantener la cama seca por la noche. Puede acceder al Servicio de Tratamiento en la App DryGuardians sin coste adicional. Descargue la aplicaci\u00f3n DryGuardians desde <a href=\"https:\/\/play.google.com\/store\/apps\/details?id=com.pjama&amp;hl=es&amp;gl=ES\" target=\"_blank\" rel=\"noopener\">Google Play<\/a> o <a href=\"https:\/\/apps.apple.com\/es\/app\/dryguardians\/id1498084664\" target=\"_blank\" rel=\"noopener\">App Store<\/a>.   <\/p>\n<p>El uso de Pjama DryGuardians Ropa de Noche se siente como un pijama normal, a la vez que se conecta a una sensible alarma de enuresis. Tratan la enuresis y mantienen la cama seca durante el proceso. <\/p>\n<h4 style=\"color: #072130;\">Cuidado f\u00e1cil<\/h4>\n<p><span style=\"font-weight: 400;\">Pjama DryGuardians Ropa de Noche para Ni\u00f1os &#8211; Los pantalones cortos se pueden lavar a m\u00e1quina (60\u00b0C) y secar en secadora.<\/span> <span style=\"font-weight: 400;\">NOTA: Los pantalones y shorts tienen un tiempo de secado m\u00e1s largo debido a su funci\u00f3n absorbente. Cuando laves la prenda, ponla siempre del rev\u00e9s para facilitar la salida de la humedad del tejido. <\/span> <span style=\"font-weight: 400;\">Son duraderos y rentables. <\/span><b>Pjama garantiza al menos 100 lavados y hasta 4 meses de uso regular si se cuida siguiendo nuestras instrucciones de lavado.<\/b> <span style=\"font-weight: 400;\">Una soluci\u00f3n fiable y pr\u00e1ctica para los ni\u00f1os que mojan la cama por la noche.<\/span> <a href=\"https:\/\/pjama.eu\/es\/como-lavar-pjama\/\"><span style=\"font-weight: 400;\">Lea todas las instrucciones de cuidado &#8216;<\/span><\/a><\/p>\n<h4 style=\"color: #072130;\">Tratamiento guiado con la App DryGuardians<\/h4>\n<p>La App DryGuardians incluye funciones inteligentes como un calendario para registrar los resultados nocturnos. Bas\u00e1ndose en los datos registrados, la aplicaci\u00f3n proporciona mensajes motivadores a trav\u00e9s de v\u00eddeo, texto e im\u00e1genes. Tras s\u00f3lo <strong>4 semanas<\/strong>, la aplicaci\u00f3n puede proporcionar una evaluaci\u00f3n de la eficacia del tratamiento. Aunque el tratamiento no funcione inmediatamente, puede ser eficaz en una fase posterior.   <\/p>\n<ul>\n<li>Utiliza la aplicaci\u00f3n como una unidad de sonido y establece diferentes tonos de llamada.<\/li>\n<li>Graba tu propio sonido de alarma.<\/li>\n<li>Establezca recordatorios diurnos para ir al ba\u00f1o.<\/li>\n<li>Reciba consejos y asesoramiento de expertos durante el tratamiento.<\/li>\n<\/ul>\n<p>La aplicaci\u00f3n DryGuardians se puede descargar gratuitamente de <a href=\"https:\/\/play.google.com\/store\/apps\/details?id=com.pjama&amp;hl=es&amp;gl=ES\" target=\"_blank\" rel=\"noopener\">Google Play<\/a> o <a href=\"https:\/\/apps.apple.com\/es\/app\/dryguardians\/id1498084664\" target=\"_blank\" rel=\"noopener\">App Store<\/a>. M\u00e1s informaci\u00f3n sobre el servicio de tratamiento en nuestro <a href=\"https:\/\/pjama.eu\/es\/app-para-dejar-de-mojar-la-cama\/\">sitio web<\/a>. <\/p>\n<h4 style=\"color: #072130;\">Material<\/h4>\n<p>Los pantalones cortos Pjama DryGuardians Ropa de Noche est\u00e1n hechos de <em>Tencel<\/em>, laminado para una protecci\u00f3n impermeable sin dejar de ser transpirable. En la zona de la entrepierna se ha cosido una capa absorbente para mantener los l\u00edquidos dentro del culotte. Todos los tejidos cuentan con la certificaci\u00f3n Oeko-Tex.  <\/p>\n<p>Los calzoncillos se presentan en dos modelos: Pjama DryGuardians Ropa de Noche y Pjama DryGuardians Ropa Interior &#8211; braguitas, dise\u00f1ados para ni\u00f1os con enuresis leve. Las tallas van desde los 98 cm de longitud corporal hasta los 164 cm. Para conocer las medidas y la capacidad de absorci\u00f3n, visite nuestra <a href=\"https:\/\/pjama.eu\/es\/pantalones-para-enuresis-tallas\/\">Gu\u00eda de tallas<\/a>.  <\/p>\n<p>Pjama DryGuardians Ropa Interior &#8211; Las braguitas tambi\u00e9n est\u00e1n fabricadas con tejidos de alta calidad con certificaci\u00f3n Oeko-Tex, seguros y suaves para la piel de los ni\u00f1os. Todos los art\u00edculos del Kit Mixto incorporan cables sensores para una amplia zona de detecci\u00f3n, lo que garantiza una detecci\u00f3n fiable independientemente de la posici\u00f3n en la que se duerma. <\/p>\n<h4 style=\"color: #072130;\">Utilizaci\u00f3n<\/h4>\n<p>Las prendas de tratamiento llevan incorporados cables sensores en la zona de la entrepierna para detectar r\u00e1pidamente la orina. Encaje el sensor en la cintura y active la alarma. Coloque la unidad de alarma junto a la cama. Si el ni\u00f1o moja la cama, la alarma se activa inmediatamente.  <\/p>\n<p>La alarma puede detenerse pulsando el bot\u00f3n ON\/OFF. A continuaci\u00f3n, el ni\u00f1o debe ir al ba\u00f1o y ponerse ropa seca. Para usar el smartphone, descargue la aplicaci\u00f3n DryGuardians.  <\/p>\n<h4 style=\"color: #072130;\">Cuidado de los sensores<\/h4>\n<p><span style=\"font-weight: 400;\">Para obtener el mejor rendimiento, retire y seque siempre el sensor despu\u00e9s de utilizarlo.<\/span> <span style=\"font-weight: 400;\">Evita dejarlo pegado a una prenda mojada: esto ayuda a prevenir la corrosi\u00f3n y alarga la vida de la bater\u00eda.<\/span><\/p>\n<h4 style=\"color: #072130;\">Informaci\u00f3n<\/h4>\n<ul>\n<li>Pjama Alarma pip\u00ed nocturno se conecta a los shorts y braguitas mediante botones en la cintura.<\/li>\n<li>Cables sensores incorporados para una detecci\u00f3n r\u00e1pida y fiable.<\/li>\n<li>Los calzoncillos absorbentes protegen la cama.<\/li>\n<li>C\u00f3modo y discreto.<\/li>\n<li>Lavable a 60 \u00b0C y apto para secadora.<\/li>\n<li>Talla: Ni\u00f1os.<\/li>\n<li>Color: Gris y azul.<\/li>\n<li>Carga por USB (adaptador no incluido).<\/li>\n<li>El manual de la alarma est\u00e1 disponible en nuestro <a href=\"https:\/\/pjama.eu\/es\/manuales-de-productos\/\">sitio web<\/a>.<\/li>\n<li>M\u00e1s informaci\u00f3n sobre la enuresis infantil <a href=\"https:\/\/pjama.eu\/es\/que-es-la-enuresis\/\">aqu\u00ed<\/a>.<\/li>\n<\/ul>\n<h4 style=\"color: #072130;\">Para la mejor experiencia<\/h4>\n<ul>\n<li>Compruebe el tallaje para asegurar un ajuste ce\u00f1ido pero c\u00f3modo (consulte la gu\u00eda de tallas).<\/li>\n<li>Involucra a tu hijo en el proceso para motivarle.<\/li>\n<li>Elige y personaliza el sonido y el volumen de la alarma.<\/li>\n<li>Descargue la aplicaci\u00f3n DryGuardians para obtener orientaci\u00f3n personalizada.<\/li>\n<li>Coloca el sensor y el altavoz a menos de 10 metros.<\/li>\n<li>Despierta al ni\u00f1o cuando suene la alarma y gu\u00edalo hasta el retrete.<\/li>\n<li>Lave las prendas despu\u00e9s de cada uso.<\/li>\n<li>Registra los resultados en la aplicaci\u00f3n para recibir comentarios y consejos personalizados.<\/li>\n<\/ul>\n<h4 style=\"color: #072130;\">La motivaci\u00f3n y la paciencia son la clave<\/h4>\n<p>El tratamiento de la enuresis requiere paciencia y motivaci\u00f3n. Tenga en mente el objetivo final: una cama seca sin asistencia. Celebre los peque\u00f1os \u00e9xitos para mantener a su hijo motivado. El est\u00edmulo y la retroalimentaci\u00f3n positiva son esenciales para el \u00e9xito del tratamiento.   <\/p>\n","protected":false},"excerpt":{"rendered":"<h3><span data-sheets-root=\"1\">Paquete: Variante de kit mixto para ni\u00f1as; incluye m\u00faltiples componentes para mayor flexibilidad &#8211; parte del m\u00e9todo DryGuardians.<\/span><\/h3>\n<p>Este kit flexible y completo le permite crear su propio conjunto personalizado para un tratamiento eficaz de la enuresis (mojar la cama).<\/p>\n<p><b>Elija el n\u00famero de productos entre los siguientes:<\/b><\/p>\n<ul>\n<li>Pjama DryGuardians Set de Alarma pip\u00ed nocturno (1)<\/li>\n<li>Pjama DryGuardians Ropa de Noche Pantalones Cortos<\/li>\n<li>Pjama DryGuardians Ropa Interior Braguitas<\/li>\n<li>DryGuardians App (gratuita en <a href=\"https:\/\/play.google.com\/store\/apps\/details?id=com.pjama&amp;hl=es&amp;gl=ES\">Google Play<\/a> o <a href=\"https:\/\/apps.apple.com\/es\/app\/dryguardians\/id1498084664\">App Store<\/a>)<\/li>\n<\/ul>\n<p>Los suaves calzoncillos con cables sensores incorporados mantienen la cama seca y permiten una r\u00e1pida detecci\u00f3n de la orina: perfectos tanto para casa como para viajar. Las braguitas para enuresis Pjama detectan de forma r\u00e1pida y eficaz cu\u00e1ndo su hijo se orina en la cama. <\/p>\n<p>La aplicaci\u00f3n DryGuardians analiza los datos, proporciona consejos de expertos y le permite realizar un seguimiento de su progreso.<\/p>\n<p><em>Te ayudamos a dejar de mojar la cama<\/em><\/p>\n","protected":false},"featured_media":31270,"template":"","meta":{"_et_pb_use_builder":"off","_et_pb_old_content":"<h4>DryGuardians Mixkit for Girls<\/h4>\r\nPjama Bedwetting Alarm, Treatment Service, Shorts, and Underwear offer you a complete solution for bedwetting treatment, while also providing a solution to keep the bed dry at night.\r\nYou can access the Treatment Service in the DryGuardians App at no extra cost. Download the DryGuardians App from <a href=\"https:\/\/play.google.com\/store\/apps\/details?id=com.pjama&gl=sv&hl=sv\">Google Play<\/a> or <a href=\"https:\/\/apps.apple.com\/sv\/app\/pjama\/id1498084664?mt=8&l=sv\">App Store<\/a>.\r\nWearing Pjama Treatment Shorts is as comfortable as wearing any other pajamas, while also connecting to a sensitive bedwetting alarm to treat bedwetting and keep the bed dry during the treatment process.\r\n<h4>GET GUIDED WITH OUR TREATMENT SERVICE IN THE DryGuardians APP - EVALUATION AFTER 4 WEEKS<\/h4>\r\nThe Treatment Service in the DryGuardians app includes several smart features. The core of the service\/app is the calendar where you can easily log the outcome of the night. Based on this information, we guide and motivate you through the treatment with messages in the form of video, text, and images. These messages will appear in the feed in the DryGuardians App during treatment.\r\nUndergoing treatment with a bedwetting alarm often impacts the entire family. With the data generated, we can already make an assessment after <strong>4 weeks<\/strong> to see if the treatment is working or not. If the treatment doesn\u2019t seem to be working, it\u2019s entirely possible that it may work at a later stage. Additionally, you get access to the following:\r\n<ul>\r\n \t<li>Use the app as a sound unit and set different ringtones.<\/li>\r\n \t<li>Record your own alarm sound.<\/li>\r\n \t<li>Set daytime alarms (to remind bathroom visits during the day).<\/li>\r\n \t<li>General tips and advice during the treatment of nocturnal enuresis.<\/li>\r\n<\/ul>\r\nThe Treatment Service in the DryGuardians app is free to download from <a href=\"https:\/\/play.google.com\/store\/apps\/details?id=com.pjama&gl=sv&hl=sv\">Google Play<\/a> or <a href=\"https:\/\/apps.apple.com\/sv\/app\/pjama\/id1498084664?mt=8&l=sv\">App Store<\/a>. Read more about the DryGuardians app and the Treatment Service on our <a href=\"https:\/\/pjama.eu\/dryguardians-app-3\/\">website<\/a>.\r\n<h4>Material<\/h4>\r\nPjama Treatment Shorts are made of a soft material called <em>Tencel<\/em>. The outer layer of <em>Tencel<\/em> in the shorts is laminated, making the shorts waterproof, while the product also has excellent breathability. An absorbent material is sewn into the critical area in the crotch, ensuring that liquid stays inside the shorts. All materials are Oeko-Tex certified and safe for children.\r\n\r\nThe Treatment Shorts come in two models: <em>Pjama Treatment Shorts<\/em> and <em>Pjama Treatment Shorts Light<\/em>. The Light version is designed for children with lighter bedwetting. Sizes range from body length 98 cm to 164 cm. For exact measurements and absorption capacity, visit our <a href=\"https:\/\/pjama.eu\/size-guide\/\">Size Guide<\/a>.\r\n\r\nPjama Briefs Treatment Underwear are made from high-quality, Oeko-Tex certified fabrics that are safe and gentle on children\u2019s skin.\r\n\r\nAll items in the DryGuardians Mixkit have built-in sensor wires, increasing the detection area for this bedwetting alarm. Practically, this means that regardless of where the urine hits or what sleeping position you or your child are in, the alarm will safely detect bedwetting. For boys, this can be especially valuable as the area where urine first hits often varies. For girls who have different sleeping positions, especially if they often sleep on their back, the same applies.\r\n<h4>Usage<\/h4>\r\nThe treatment garments have built-in sensor wires around the crotch area that quickly detect urine. Simply snap on the sensor at the front waist and start the bedwetting alarm, and you are ready to begin treatment! Place the bedwetting alarm near the bed at the child\u2019s side.\r\nIf the child wets the bed, the sensitive built-in sensor wires in the shorts or underwear quickly detect the urine and activate the alarm. The child can easily stop the alarm by pressing the \"ON\/OFF\" button on the top of the alarm and then go to the bathroom to finish urinating and change into a new pair of Pjama Treatment Shorts or Underwear.\r\nTo use the bedwetting alarm with your smartphone, you need to download the DryGuardians App from <a href=\"https:\/\/play.google.com\/store\/apps\/details?id=com.pjama\">Google Play<\/a> or <a href=\"https:\/\/apps.apple.com\/se\/app\/pjama\/id1498084664\">App Store<\/a>.\r\n<h4>INFO<\/h4>\r\n<ul>\r\n \t<li><em>Pjama Bedwetting Alarm easily connects to both the shorts and underwear through buttons at the waist.<\/em><\/li>\r\n \t<li><em>Built-in sensor wires for quick and reliable urine detection.<\/em><\/li>\r\n \t<li><em>Absorbent (Shorts, protects the bed).<\/em><\/li>\r\n \t<li><em>Comfortable and discreet.<\/em><\/li>\r\n \t<li><em>Washable at 60\u00b0C and can be tumble dried.<\/em><\/li>\r\n \t<li><em>Size: Children.<\/em><\/li>\r\n \t<li><em>Color: Gray and Blue.<\/em><\/li>\r\n \t<li>Pjama bedwetting alarm is charged with a USB charger (adapter not included).<\/li>\r\n \t<li>The manual for the Pjama bedwetting alarm can be found on our <a href=\"https:\/\/pjama.eu\/product-manuals\/\">website<\/a>.<\/li>\r\n \t<li>Read more about bedwetting in children <a href=\"https:\/\/pjama.eu\/what-is-enuresis\/\">here<\/a>.<\/li>\r\n<\/ul>\r\n<h4>FOR THE BEST EXPERIENCE WITH PJAMA<\/h4>\r\nStart by ensuring you have the correct size. Pjama should fit snugly at the waist (without being too tight). Be sure to check our size guide before ordering your Pjama.\r\n<ul>\r\n \t<li>Prepare for treatment by including your child and explaining the process when your child wets the bed.<\/li>\r\n \t<li>Choose an alarm sound and volume for the speaker.<\/li>\r\n \t<li>Download the DryGuardians App from <a href=\"https:\/\/play.google.com\/store\/apps\/details?id=com.pjama&gl=sv&hl=sv\">Google Play<\/a> or <a href=\"https:\/\/apps.apple.com\/sv\/app\/pjama\/id1498084664?mt=8&l=sv\">App Store<\/a>. With our Treatment Service, you\u2019ll receive personalized guidance based on your results.<\/li>\r\n \t<li>Attach the sensor to your Pjama bedwetting shorts or underwear.<\/li>\r\n \t<li>Place the speaker within 10 meters of the sensor.<\/li>\r\n \t<li>When the bedwetting alarm goes off, wake your child and take them to the toilet. It is important for the child to wake up.<\/li>\r\n \t<li>Remove the sensor, turn the shorts inside out, and wash them.<\/li>\r\n \t<li>Record the night\u2019s results in the DryGuardians app for personalized guidance during your bedwetting treatment.<\/li>\r\n<\/ul>\r\n<h4>MOTIVATION AND PATIENCE ARE KEY<\/h4>\r\nPatience is key! For faster and longer-lasting improvement, patience and motivation are required. If you are a new Pjama user, it\u2019s helpful to keep your ultimate goal in mind \u2013 a dry bed without assistance. With encouraging feedback and smaller milestones, the treatment of nocturnal enuresis becomes more successful.\r\nIf you are a parent of a child using Pjama treatment, it\u2019s important to also keep the child motivated. Provide positive feedback and compliments. If you are motivated, your child will be too!\r\n\r\n\u00a9 2024 Pjama.","_et_gb_content_width":""},"product_brand":[],"product_cat":[343,312,344,342],"product_tag":[],"class_list":{"0":"post-28774","1":"product","2":"type-product","3":"status-publish","4":"has-post-thumbnail","6":"product_cat-alarma-pipi-nocturno","7":"product_cat-ninos","8":"product_cat-pjamadryguardians_2025","9":"product_cat-tratamiento-pjama","10":"product_shipping_class-ue","11":"pa_size-5-6-anos","12":"pa_size-de-8-a-10-anos","13":"pa_size-edades-10-12","14":"pa_size-edades-6-8","15":"pa_size-pequeno","17":"first","18":"instock","19":"taxable","20":"shipping-taxable","21":"purchasable","22":"product-type-composite"},"composite_virtual":false,"composite_layout":"single","composite_add_to_cart_form_location":"default","composite_editable_in_cart":false,"composite_sold_individually_context":"product","composite_shop_price_calc":"min_max","composite_components":[{"id":"1743154529","title":"Pjama Alarma pip\u00ed nocturno","description":"<p>Alarma de enuresis con altavoz y sensor.<\/p>\n","query_type":"product_ids","query_ids":[24640],"default_option_id":24640,"thumbnail_id":6376,"thumbnail_src":"https:\/\/pjama.eu\/wp-content\/uploads\/Pjama-alarm-600x400-1-300x300-1.jpeg","quantity_min":1,"quantity_max":1,"priced_individually":true,"shipped_individually":false,"optional":false,"discount":"","options_style":"dropdowns","pagination_style":"classic","display_prices":"absolute","show_sorting_options":false,"show_filtering_options":false,"attribute_filter_ids":[],"select_action":"view","product_title_visible":false,"product_descr_visible":false,"product_price_visible":true,"product_thumb_visible":true,"subtotal_visible_product":false,"subtotal_visible_cart":true,"subtotal_visible_orders":true},{"id":"1743154530","title":"Breves sobre el tratamiento","description":"<p>Ropa interior para el tratamiento de la enuresis. No absorbente. <\/p>\n","query_type":"product_ids","query_ids":[24659],"default_option_id":24659,"thumbnail_id":3729,"thumbnail_src":"https:\/\/pjama.eu\/wp-content\/uploads\/hipster-only.jpg","quantity_min":2,"quantity_max":4,"priced_individually":true,"shipped_individually":false,"optional":false,"discount":"","options_style":"dropdowns","pagination_style":"classic","display_prices":"absolute","show_sorting_options":false,"show_filtering_options":false,"attribute_filter_ids":[],"select_action":"view","product_title_visible":false,"product_descr_visible":false,"product_price_visible":true,"product_thumb_visible":true,"subtotal_visible_product":false,"subtotal_visible_cart":true,"subtotal_visible_orders":true},{"id":"1743154531","title":"Cortos de tratamiento","description":"<p>Shorts para enuresis absorbentes. El producto tiene hilos cosidos a los que se conecta el sensor. <\/p>\n","query_type":"product_ids","query_ids":[25244],"default_option_id":25244,"thumbnail_id":4407,"thumbnail_src":"https:\/\/pjama.eu\/wp-content\/uploads\/Pjama_treatment_shorts.jpeg","quantity_min":1,"quantity_max":4,"priced_individually":true,"shipped_individually":false,"optional":false,"discount":"","options_style":"dropdowns","pagination_style":"classic","display_prices":"absolute","show_sorting_options":false,"show_filtering_options":false,"attribute_filter_ids":[],"select_action":"view","product_title_visible":false,"product_descr_visible":false,"product_price_visible":true,"product_thumb_visible":true,"subtotal_visible_product":false,"subtotal_visible_cart":true,"subtotal_visible_orders":true}],"composite_scenarios":[],"_links":{"self":[{"href":"https:\/\/pjama.eu\/es\/wp-json\/wp\/v2\/product\/28774","targetHints":{"allow":["GET"]}}],"collection":[{"href":"https:\/\/pjama.eu\/es\/wp-json\/wp\/v2\/product"}],"about":[{"href":"https:\/\/pjama.eu\/es\/wp-json\/wp\/v2\/types\/product"}],"wp:featuredmedia":[{"embeddable":true,"href":"https:\/\/pjama.eu\/es\/wp-json\/wp\/v2\/media\/31270"}],"wp:attachment":[{"href":"https:\/\/pjama.eu\/es\/wp-json\/wp\/v2\/media?parent=28774"}],"wp:term":[{"taxonomy":"product_brand","embeddable":true,"href":"https:\/\/pjama.eu\/es\/wp-json\/wp\/v2\/product_brand?post=28774"},{"taxonomy":"product_cat","embeddable":true,"href":"https:\/\/pjama.eu\/es\/wp-json\/wp\/v2\/product_cat?post=28774"},{"taxonomy":"product_tag","embeddable":true,"href":"https:\/\/pjama.eu\/es\/wp-json\/wp\/v2\/product_tag?post=28774"}],"curies":[{"name":"wp","href":"https:\/\/api.w.org\/{rel}","templated":true}]}}