{"id":28817,"date":"2023-09-26T14:56:47","date_gmt":"2023-09-26T12:56:47","guid":{"rendered":"https:\/\/pjama.eu\/product\/pjama-dryguardians-para-hombres-boxers\/"},"modified":"2026-03-30T14:34:33","modified_gmt":"2026-03-30T12:34:33","slug":"pjama-dryguardians-para-hombres-boxers","status":"publish","type":"product","link":"https:\/\/pjama.eu\/es\/producto\/pjama-dryguardians-para-hombres-boxers\/","title":{"rendered":"Pjama DryGuardians &#8211; Para hombres &#8211; Boxers"},"content":{"rendered":"<h3 style=\"color: #d35917;\">Pjama DryGuardians &#8211; Para hombres &#8211; Boxers<\/h3>\n<p>Pjama DryGuardians &#8211; For Men &#8211; Boxers es la soluci\u00f3n perfecta para los hombres que sufren enuresis nocturna. En combinaci\u00f3n con la DryGuardians App, recibir\u00e1 un tratamiento eficaz y c\u00f3modo. Los calzoncillos llevan incorporados hilos sensores que detectan r\u00e1pidamente la humedad y activan la alarma, ayudando al usuario a despertarse e interrumpir la micci\u00f3n. El servicio DryGuardians tambi\u00e9n analiza los patrones de enuresis y proporciona consejos y predicciones personalizados a lo largo del proceso.   <\/p>\n<p>Descargue la aplicaci\u00f3n DryGuardians en <a href=\"https:\/\/play.google.com\/store\/apps\/details?id=com.pjama&amp;hl=es&amp;gl=ES\" target=\"_blank\" rel=\"noopener\">Google Play<\/a> o <a href=\"https:\/\/apps.apple.com\/es\/app\/dryguardians\/id1498084664\" target=\"_blank\" rel=\"noopener\">App Store<\/a> para realizar un seguimiento del progreso y recibir orientaci\u00f3n personalizada.<\/p>\n<h4 style=\"color: #072130;\">Caracter\u00edsticas<\/h4>\n<p>La alarma est\u00e1 dise\u00f1ada tanto para ni\u00f1os como para adultos y se considera un tratamiento de primera l\u00ednea para la enuresis. El sensor se conecta a los calzoncillos mediante dos peque\u00f1os botones situados en la cintura. Los hilos sensores incorporados alrededor de la zona de la entrepierna garantizan una detecci\u00f3n fiable independientemente de la posici\u00f3n en la que se duerma. Esto lo hace especialmente eficaz para los hombres, donde el flujo de orina y los puntos de contacto pueden variar.   <\/p>\n<h4 style=\"color: #072130;\">Utilizaci\u00f3n<\/h4>\n<p>Los calzoncillos son tan c\u00f3modos como la ropa interior normal, por lo que son ideales para un tratamiento discreto. <strong>Nota: Este producto no absorbe l\u00edquidos.<\/strong><br \/>\nPara una protecci\u00f3n adicional de la cama, el kit de tratamiento puede combinarse con <a href=\"https:\/\/pjama.eu\/es\/producto\/pantalones-para-enuresis-adultos\/\">la ropa interior absorbente para enuresis Pjama<\/a>.<\/p>\n<ul>\n<li>2 \u00d7 Pjama DryGuardians &#8211; Para hombres &#8211; Boxers<\/li>\n<li>1 \u00d7 Pjama DryGuardians Set de Alarma pip\u00ed nocturno (Sensor y Unidad de Sonido)<\/li>\n<\/ul>\n<p>Fije el sensor a la cintura y active la alarma. Si se produce un accidente, los hilos detectan la humedad y activan la alarma. La alarma puede detenerse con el bot\u00f3n ON\/OFF. La App DryGuardians se conecta autom\u00e1ticamente al abrirla en tu smartphone.   <\/p>\n<h4 style=\"color: #072130;\">Caracter\u00edsticas y ventajas<\/h4>\n<ul>\n<li><strong>Tratamiento eficaz:<\/strong> Ayuda a adultos y ni\u00f1os con enuresis nocturna.<\/li>\n<li><strong>Discreto:<\/strong> Se conecta a la app DryGuardians para un tratamiento silencioso en cualquier lugar.<\/li>\n<li><strong>Carga USB:<\/strong> Recarga f\u00e1cilmente con USB.<\/li>\n<li><strong>Inal\u00e1mbrica:<\/strong> La unidad de alarma funciona hasta a 10 metros del sensor.<\/li>\n<li><strong>Notificaciones por tel\u00e9fono:<\/strong> Recibe alertas directamente en tu smartphone.<\/li>\n<li><strong>Detecci\u00f3n fiable:<\/strong> Gran \u00e1rea de sensor para una detecci\u00f3n segura.<\/li>\n<li><strong>C\u00f3modo y suave:<\/strong> tejidos con certificado Oeko-Tex, suaves con la piel.<\/li>\n<li><strong>Duradera:<\/strong> Lavable a 60\u00b0C y apto para secadora.<\/li>\n<\/ul>\n<h4 style=\"color: #d35917;\"><strong>No olvide quitar el sensor del Pjama antes de lavarlo.<\/strong><\/h4>\n<p>&nbsp;<\/p>\n<h4 style=\"color: #072130;\">DryGuardians App y Cl\u00ednica de enuresis<\/h4>\n<p>La aplicaci\u00f3n DryGuardians permite a los usuarios hacer un seguimiento de sus progresos y recibir recomendaciones personalizadas elaboradas por expertos sanitarios suecos. Ayuda a mantener la motivaci\u00f3n registrando los resultados, identificando tendencias y compartiendo los datos con los profesionales sanitarios en caso necesario. <\/p>\n<ul>\n<li>Elige los sonidos de alarma directamente en la aplicaci\u00f3n.<\/li>\n<li>Registre los resultados nocturnos para realizar un seguimiento de las mejoras.<\/li>\n<li>Obtenga apoyo personalizado durante el tratamiento.<\/li>\n<li>Establezca recordatorios para ir al ba\u00f1o durante el d\u00eda.<\/li>\n<\/ul>\n<p>La aplicaci\u00f3n se puede descargar gratuitamente desde <a href=\"https:\/\/play.google.com\/store\/apps\/details?id=com.pjama&amp;hl=es&amp;gl=ES\" target=\"_blank\" rel=\"noopener\">Google Play<\/a> o <a href=\"https:\/\/apps.apple.com\/es\/app\/dryguardians\/id1498084664\" target=\"_blank\" rel=\"noopener\">App Store<\/a>. M\u00e1s informaci\u00f3n sobre nuestra cl\u00ednica de enuresis en nuestro <a href=\"https:\/\/pjama.eu\/es\/\">sitio web<\/a>. <\/p>\n<h4 style=\"color: #072130;\">El proceso de tratamiento: la motivaci\u00f3n y la paciencia son la clave<\/h4>\n<p>El tratamiento de la enuresis nocturna requiere motivaci\u00f3n y paciencia, sobre todo durante las primeras semanas. El objetivo final es una cama seca sin ayudas, pero establecer peque\u00f1os hitos a lo largo del camino ayuda. Con la ayuda de la aplicaci\u00f3n DryGuardians, podr\u00e1 mantenerse motivado, seguir sus progresos y recibir consejos adaptados a su viaje. Esto convierte a Pjama DryGuardians &#8211; For Men (Boxers) en una soluci\u00f3n segura y eficaz para mejorar la vida diaria.   <\/p>\n","protected":false},"excerpt":{"rendered":"<h3><span data-sheets-root=\"1\">Paquete: Kit completo de tratamiento de la enuresis adaptado a los hombres &#8211; parte del m\u00e9todo DryGuardians<\/span><\/h3>\n<p>Pjama DryGuardians Ropa Interior &#8211; Para Hombres &#8211; Boxers es un servicio completo que permite un tratamiento eficaz y seguro de la enuresis (mojar la cama) en adultos.<\/p>\n<ul>\n<li>Incluye 2 \u00d7 Pjama DryGuardians &#8211; For Men &#8211; Boxers y 1 \u00d7 Pjama DryGuardians Set de Alarma pip\u00ed nocturno (sensor y unidad de sonido).<\/li>\n<li>Amplia zona de detecci\u00f3n para una respuesta segura y r\u00e1pida a la enuresis.<\/li>\n<li>Tan suave y c\u00f3moda como la ropa interior normal.<\/li>\n<li>Se puede lavar a m\u00e1quina a 60 \u00b0C y secar en secadora.<\/li>\n<\/ul>\n<p>Descargue la aplicaci\u00f3n DryGuardians, un servicio gratuito de tratamiento de la enuresis, en <a href=\"https:\/\/play.google.com\/store\/apps\/details?id=com.pjama&amp;hl=es&amp;gl=ES\" target=\"_blank\" rel=\"noopener\">Google Play<\/a> o <a href=\"https:\/\/apps.apple.com\/es\/app\/dryguardians\/id1498084664\">App Store<\/a>.<\/p>\n","protected":false},"featured_media":31041,"template":"","meta":{"_et_pb_use_builder":"","_et_pb_old_content":"","_et_gb_content_width":""},"product_brand":[],"product_cat":[380],"product_tag":[],"class_list":{"0":"post-28817","1":"product","2":"type-product","3":"status-publish","4":"has-post-thumbnail","6":"product_cat-adultos","7":"product_shipping_class-ue","8":"pa_size-5-6-anos","9":"pa_size-de-8-a-10-anos","10":"pa_size-edades-10-12","11":"pa_size-edades-6-8","12":"pa_size-pequeno","14":"first","15":"instock","16":"taxable","17":"shipping-taxable","18":"purchasable","19":"product-type-composite"},"composite_virtual":false,"composite_layout":"single","composite_add_to_cart_form_location":"default","composite_editable_in_cart":false,"composite_sold_individually_context":"product","composite_shop_price_calc":"min_max","composite_components":[{"id":"1743167139","title":"Pjama Alarma pip\u00ed nocturno","description":"<p>Alarma de enuresis con altavoz y sensor. <\/p>\n","query_type":"product_ids","query_ids":[24640],"default_option_id":24640,"thumbnail_id":6376,"thumbnail_src":"https:\/\/pjama.eu\/wp-content\/uploads\/Pjama-alarm-600x400-1-300x300-1.jpeg","quantity_min":1,"quantity_max":1,"priced_individually":true,"shipped_individually":false,"optional":false,"discount":"","options_style":"dropdowns","pagination_style":"classic","display_prices":"absolute","show_sorting_options":false,"show_filtering_options":false,"attribute_filter_ids":[],"select_action":"view","product_title_visible":false,"product_descr_visible":false,"product_price_visible":true,"product_thumb_visible":true,"subtotal_visible_product":false,"subtotal_visible_cart":true,"subtotal_visible_orders":true},{"id":"1743167140","title":"Tratamiento Calzoncillos b\u00f3xer","description":"<p>Ropa interior Boxer para el tratamiento de la enuresis. No absorbente. <\/p>\n","query_type":"product_ids","query_ids":[24899],"default_option_id":24899,"thumbnail_id":3726,"thumbnail_src":"https:\/\/pjama.eu\/wp-content\/uploads\/Boxer-underwear.jpg","quantity_min":2,"quantity_max":9,"priced_individually":true,"shipped_individually":false,"optional":false,"discount":"","options_style":"dropdowns","pagination_style":"classic","display_prices":"absolute","show_sorting_options":false,"show_filtering_options":false,"attribute_filter_ids":[],"select_action":"view","product_title_visible":false,"product_descr_visible":false,"product_price_visible":true,"product_thumb_visible":true,"subtotal_visible_product":false,"subtotal_visible_cart":true,"subtotal_visible_orders":true}],"composite_scenarios":[],"_links":{"self":[{"href":"https:\/\/pjama.eu\/es\/wp-json\/wp\/v2\/product\/28817","targetHints":{"allow":["GET"]}}],"collection":[{"href":"https:\/\/pjama.eu\/es\/wp-json\/wp\/v2\/product"}],"about":[{"href":"https:\/\/pjama.eu\/es\/wp-json\/wp\/v2\/types\/product"}],"wp:featuredmedia":[{"embeddable":true,"href":"https:\/\/pjama.eu\/es\/wp-json\/wp\/v2\/media\/31041"}],"wp:attachment":[{"href":"https:\/\/pjama.eu\/es\/wp-json\/wp\/v2\/media?parent=28817"}],"wp:term":[{"taxonomy":"product_brand","embeddable":true,"href":"https:\/\/pjama.eu\/es\/wp-json\/wp\/v2\/product_brand?post=28817"},{"taxonomy":"product_cat","embeddable":true,"href":"https:\/\/pjama.eu\/es\/wp-json\/wp\/v2\/product_cat?post=28817"},{"taxonomy":"product_tag","embeddable":true,"href":"https:\/\/pjama.eu\/es\/wp-json\/wp\/v2\/product_tag?post=28817"}],"curies":[{"name":"wp","href":"https:\/\/api.w.org\/{rel}","templated":true}]}}