{"id":31067,"date":"2026-02-20T19:39:13","date_gmt":"2026-02-20T18:39:13","guid":{"rendered":"https:\/\/pjama.eu\/?post_type=product&#038;p=31067"},"modified":"2026-04-07T11:29:57","modified_gmt":"2026-04-07T09:29:57","slug":"alarma-para-mojar-la-cama-premium","status":"publish","type":"product","link":"https:\/\/pjama.eu\/es\/producto\/alarma-para-mojar-la-cama-premium\/","title":{"rendered":"Alarma para mojar la cama Premium DryGuardians"},"content":{"rendered":"<h3 style=\"color: #d35917;\">Alarma para mojar la cama Premium DryGuardians<\/h3>\n<p>La alarma para mojar la cama Premium de DryGuardians es nuestra soluci\u00f3n m\u00e1s completa y c\u00f3moda para las familias que buscan un tratamiento eficaz contra la enuresis. Este kit cuidadosamente dise\u00f1ado combina tecnolog\u00eda de alarma avanzada con ropa interior adicional y shorts para enuresis, proporcionando a los padres todo lo necesario para controlar la enuresis con confianza y de manera consistente.<br \/>\nSi su hijo tiene problemas de enuresis o accidentes urinarios por la noche, este paquete de alarma para mojar la cama Premium proporciona estructura, comodidad y valor a largo plazo en un sistema integral.<br \/>\nDescargue la aplicaci\u00f3n DryGuardians desde <a href=\"https:\/\/play.google.com\/store\/apps\/details?id=com.pjama&amp;hl=es&amp;gl=ES\" target=\"_blank\" rel=\"noopener\">Google Play<\/a> o <a href=\"https:\/\/apps.apple.com\/es\/app\/dryguardians\/id1498084664\" target=\"_blank\" rel=\"noopener\">App Store<\/a> para realizar un seguimiento del progreso y recibir orientaci\u00f3n personalizada durante todo el tratamiento. <\/p>\n<h4 style=\"color: #072130;\">\u00bfQu\u00e9 hace que esta alarma para mojar la cama Premium sea la mejor soluci\u00f3n?<\/h4>\n<p>La versi\u00f3n Premium est\u00e1 dise\u00f1ada para las familias que desean m\u00e1s flexibilidad, mejor rotaci\u00f3n higi\u00e9nica y mayor protecci\u00f3n durante el tratamiento.<\/p>\n<h4 style=\"color: #072130;\">El kit Premium incluye:<\/h4>\n<ul>\n<li><strong>2 pares de ropa interior DryGuardians<\/strong> (elija b\u00f3xer o braguitas)<\/li>\n<li><strong>1 Alarma para mojar la cama Premium<\/strong> (Sensor + Unidad de sonido)<\/li>\n<li><strong>1 par de pantalones cortos de tratamiento absorbente<\/strong><\/li>\n<\/ul>\n<p>Este kit ampliado ofrece una soluci\u00f3n m\u00e1s completa que un juego de alarma de enuresis est\u00e1ndar. Con dos pares de ropa interior equipada con hilos sensores, su hijo siempre tendr\u00e1 un par nuevo listo mientras se lava el otro. Los calzoncillos con tratamiento absorbente proporcionan una protecci\u00f3n adicional para la cama, haciendo que el control nocturno sea m\u00e1s f\u00e1cil y pr\u00e1ctico.  <\/p>\n<h4 style=\"color: #072130;\">C\u00f3mo funciona la alarma para mojar la cama Premium:<\/h4>\n<p>La Alarma pip\u00ed nocturno DryGuardians Premium funciona como un enfoque de primera l\u00ednea cl\u00ednicamente recomendado para la enuresis nocturna y la enuresis nocturna. El sistema ayuda al cerebro a aprender a responder a las se\u00f1ales de la vejiga durante el sue\u00f1o. <\/p>\n<h4 style=\"color: #072130;\">Proceso paso a paso:<\/h4>\n<ol>\n<li>Los hilos sensores cosidos en la ropa interior o los pantalones cortos de tratamiento detectan la humedad inmediatamente.<\/li>\n<li>El sensor de humedad inal\u00e1mbrico fijado a la prenda env\u00eda una se\u00f1al a la unidad de alarma.<\/li>\n<li>La alarma se activa y despierta al ni\u00f1o.<\/li>\n<li>Tu hijo va al ba\u00f1o a terminar de orinar.<\/li>\n<li>Desconectar el sensor, limpiar si es necesario<\/li>\n<li>Con el tiempo, el cerebro aprende a responder antes de que se produzcan los accidentes urinarios nocturnos.<\/li>\n<\/ol>\n<p>Los hilos sensores incorporados crean una amplia zona de detecci\u00f3n, lo que garantiza una respuesta precisa independientemente de la posici\u00f3n en la que se duerma. Esto hace que el sistema de alarma para mojar la cama Premium sea fiable tanto para ni\u00f1os como para ni\u00f1as. <\/p>\n<h4 style=\"color: #072130;\">Cuidado de los sensores<\/h4>\n<p><span style=\"font-weight: 400;\">Para obtener el mejor rendimiento, retire y seque siempre el sensor despu\u00e9s de utilizarlo.<\/span><span style=\"font-weight: 400;\"><br \/>\n<\/span><span style=\"font-weight: 400;\">Evita dejarlo pegado a una prenda mojada: esto ayuda a prevenir la corrosi\u00f3n y alarga la vida de la bater\u00eda.<\/span><\/p>\n<h4 style=\"color: #072130;\">Dise\u00f1ado para la comodidad, la confianza y la vida diaria<\/h4>\n<p>Los ni\u00f1os tienen m\u00e1s probabilidades de tener \u00e9xito cuando el tratamiento les resulta normal y c\u00f3modo. Por eso, todas las prendas de este kit de alarma para mojar la cama Premium est\u00e1n fabricadas con tejidos suaves que no da\u00f1an la piel sensible. <\/p>\n<ul>\n<li><strong>Tratamiento eficaz:<\/strong> Ayuda con la enuresis nocturna en ni\u00f1os.<\/li>\n<li><strong>Personalizado para estancias nocturnas:<\/strong> Utilice su smartphone y la aplicaci\u00f3n DryGuardians para un tratamiento discreto.<\/li>\n<li><strong>Carga por USB:<\/strong> La unidad de alarma se carga f\u00e1cilmente con un cargador USB.<\/li>\n<li><strong>Sistema inal\u00e1mbrico:<\/strong> La unidad de alarma puede colocarse a una distancia de hasta 10 metros del sensor.<\/li>\n<li><strong>Notificaciones para los padres:<\/strong> Conecta la alarma para mojar la cama Premium al tel\u00e9fono m\u00f3vil de los padres para recibir alertas en tiempo real.<\/li>\n<li><strong>Detecci\u00f3n segura:<\/strong> Amplia zona objetivo adaptada al chorro de orina.<\/li>\n<li><strong>C\u00f3modos y suaves:<\/strong> Fabricado con tejidos de alta calidad con certificado Oeko-Tex, seguros y suaves para la piel de los ni\u00f1os.<\/li>\n<li><strong>Duradera:<\/strong> Lavable a 60 grados y se puede secar en secadora. Cuando laves los calzoncillos, ponlos del rev\u00e9s (!)<\/li>\n<\/ul>\n<p>La ropa interior no absorbe l\u00edquido. Su prop\u00f3sito es trabajar junto con la alarma de enuresis para romper el patr\u00f3n de enuresis de manera efectiva. <\/p>\n<p>Recuerde retirar el sensor del Pjama cuando no lo utilice y antes de lavarlo.<\/p>\n<h4 style=\"color: #072130;\">Tecnolog\u00eda inteligente con la aplicaci\u00f3n DryGuardians<\/h4>\n<p data-start=\"3698\" data-end=\"3833\">El sistema de alarma para mojar la cama Premium se conecta a la perfecci\u00f3n con la App DryGuardians, convirtiendo el tratamiento en un proceso guiado y rastreable.<\/p>\n<p data-start=\"3835\" data-end=\"3857\">Con la aplicaci\u00f3n, puedes:<\/p>\n<ul>\n<li>Registrar los resultados nocturnos y supervisar los progresos<\/li>\n<li>Recibir orientaci\u00f3n y consejos estructurados<\/li>\n<li>Utiliza tu smartphone como discreta unidad de sonido<\/li>\n<li>Programar recordatorios para ir al ba\u00f1o durante el d\u00eda<\/li>\n<li>Seguir las tendencias para fomentar la confianza y la independencia de los ni\u00f1os<\/li>\n<\/ul>\n<p>Los padres tambi\u00e9n pueden recibir notificaciones, lo que facilita el apoyo a sus hijos durante todo el proceso.<\/p>\n<p>La aplicaci\u00f3n DryGuardians se puede descargar de forma gratuita en <a href=\"https:\/\/play.google.com\/store\/apps\/details?id=com.pjama&amp;hl=es&amp;gl=ES\" target=\"_blank\" rel=\"noopener\">Google Play<\/a> o <a href=\"https:\/\/apps.apple.com\/es\/app\/dryguardians\/id1498084664\" target=\"_blank\" rel=\"noopener\">App Store<\/a>. Obtenga m\u00e1s informaci\u00f3n sobre nuestra cl\u00ednica de enuresis y c\u00f3mo podemos ayudarle a usted o a su hijo en nuestro <a href=\"https:\/\/pjama.eu\/es\/\">sitio web<\/a>. <\/p>\n<h4 style=\"color: #072130;\">El proceso de tratamiento: la motivaci\u00f3n y la constancia son importantes<\/h4>\n<p>Un tratamiento eficaz de la enuresis requiere paciencia y \u00e1nimo. Los progresos pueden llevar tiempo, especialmente en las primeras semanas. El uso nocturno constante del kit de alarma para mojar la cama Premium ayuda a crear nuevos h\u00e1bitos de sue\u00f1o.  <\/p>\n<p>Apoya a tu hijo con:<\/p>\n<ul>\n<li>Refuerzo positivo<\/li>\n<li>Rutinas claras<\/li>\n<li>Celebrar las peque\u00f1as mejoras<\/li>\n<li>Participaci\u00f3n en el seguimiento de sus propios progresos<\/li>\n<\/ul>\n<p>Con una estructura y las herramientas adecuadas, muchas familias observan mejoras significativas al tiempo que refuerzan la confianza y la independencia de sus hijos.<\/p>\n<h4 style=\"color: #072130;\">\u00bfPor qu\u00e9 elegir la alarma para mojar la cama Premium de DryGuardians?<\/h4>\n<ul>\n<li>Soluci\u00f3n integral completa<\/li>\n<li>Ropa interior adicional para la higiene y la rotaci\u00f3n<\/li>\n<li>Pantalones cortos con tratamiento absorbente para mayor protecci\u00f3n<\/li>\n<li>Alarma de enuresis inal\u00e1mbrica y f\u00e1cil de usar<\/li>\n<li>Dise\u00f1o c\u00f3modo y adaptado a los ni\u00f1os<\/li>\n<li>Seguimiento del progreso a trav\u00e9s de una aplicaci\u00f3n<\/li>\n<li>Pr\u00e1ctico para la vida diaria y los viajes<\/li>\n<\/ul>\n<p>Esto es algo m\u00e1s que una alarma de enuresis nocturna. Es un sistema estructurado y de apoyo dise\u00f1ado para ayudar a su hijo a avanzar hacia noches secas con dignidad y confianza. <\/p>\n<h4 style=\"color: #072130;\">Inicie el viaje de su hijo hacia las noches secas<\/h4>\n<p>Elija hoy mismo la alarma para mojar la cama Premium de DryGuardians y ofrezca a su familia una soluci\u00f3n completa, fiable y cuidadosamente dise\u00f1ada para controlar la enuresis. P\u00eddalo ahora y d\u00e9 el primer paso hacia noches m\u00e1s tranquilas, una mayor independencia y una confianza duradera. <\/p>\n<p>\u00a9 2024 Pjama.<\/p>\n","protected":false},"excerpt":{"rendered":"<h2 data-start=\"0\" data-end=\"42\">DryGuardians Alarma pip\u00ed nocturno Premium<\/h2>\n<p>DryGuardians Alarma pip\u00ed nocturno Premium es una soluci\u00f3n completa y c\u00f3moda para un tratamiento eficaz de la enuresis. Este kit premium le ofrece todo lo necesario para un apoyo constante y estructurado durante la noche. <\/p>\n<p><strong>2 x Ropa interior DryGuardians<\/strong> (b\u00f3xers o braguitas), <strong>1 x Alarma pip\u00ed nocturno<\/strong> (sensor + unidad de sonido) y <strong>1 x Shorts para enuresis<\/strong>.<\/p>\n<ul>\n<li style=\"list-style-type: none;\">\n<ul>\n<li>Sistema de alarma de enuresis \u00abtodo en uno\u00bb de primera calidad<\/li>\n<li>Ropa interior extra para facilitar la rotaci\u00f3n higi\u00e9nica<\/li>\n<li>Calzoncillos absorbentes para una mayor protecci\u00f3n de la cama<\/li>\n<li>Detecci\u00f3n de humedad r\u00e1pida y fiable<\/li>\n<li>Suave, lavable a m\u00e1quina y apto para secadora<\/li>\n<\/ul>\n<\/li>\n<\/ul>\n<p>Descargue la aplicaci\u00f3n DryGuardians, un servicio gratuito de tratamiento para enuresis, en <a href=\"https:\/\/play.google.com\/store\/apps\/details?id=com.pjama&amp;hl=es&amp;gl=ES\">Google Play<\/a> o <a href=\"https:\/\/apps.apple.com\/es\/app\/dryguardians\/id1498084664\" target=\"_blank\" rel=\"noopener\">App Store<\/a>.<\/p>\n","protected":false},"featured_media":31075,"template":"","meta":{"_et_pb_use_builder":"","_et_pb_old_content":"","_et_gb_content_width":""},"product_brand":[],"product_cat":[343,312,344,342],"product_tag":[],"class_list":{"0":"post-31067","1":"product","2":"type-product","3":"status-publish","4":"has-post-thumbnail","6":"product_cat-alarma-pipi-nocturno","7":"product_cat-ninos","8":"product_cat-pjamadryguardians_2025","9":"product_cat-tratamiento-pjama","10":"product_shipping_class-ue","11":"pa_size-5-6-anos","12":"pa_size-de-8-a-10-anos","13":"pa_size-edades-10-12","14":"pa_size-edades-6-8","15":"pa_size-pequeno","17":"first","18":"instock","19":"sold-individually","20":"taxable","21":"shipping-taxable","22":"purchasable","23":"product-type-composite"},"composite_virtual":false,"composite_layout":"single","composite_add_to_cart_form_location":"default","composite_editable_in_cart":false,"composite_sold_individually_context":"product","composite_shop_price_calc":"min_max","composite_components":[{"id":"1743167486","title":"Pjama Alarma pip\u00ed nocturno","description":"<p>Alarma de enuresis con altavoz y sensor. <\/p>\n","query_type":"product_ids","query_ids":[24640],"default_option_id":24640,"thumbnail_id":6376,"thumbnail_src":"https:\/\/pjama.eu\/wp-content\/uploads\/Pjama-alarm-600x400-1-300x300-1.jpeg","quantity_min":1,"quantity_max":1,"priced_individually":true,"shipped_individually":false,"optional":false,"discount":"","options_style":"dropdowns","pagination_style":"classic","display_prices":"absolute","show_sorting_options":false,"show_filtering_options":false,"attribute_filter_ids":[],"select_action":"view","product_title_visible":false,"product_descr_visible":false,"product_price_visible":true,"product_thumb_visible":true,"subtotal_visible_product":false,"subtotal_visible_cart":true,"subtotal_visible_orders":true},{"id":"1771617061","title":"Pjama DryGuardians Ropa de Noche para Ni\u00f1os","description":"<p>Pantalones cortos de tratamiento absorbente<\/p>\n","query_type":"product_ids","query_ids":[25244],"default_option_id":25244,"thumbnail_id":22855,"thumbnail_src":"https:\/\/pjama.eu\/wp-content\/uploads\/pjama-dryguardians-bedwetting-treatment-shorts-children.jpg.jpeg","quantity_min":1,"quantity_max":1,"priced_individually":true,"shipped_individually":false,"optional":false,"discount":"","options_style":"dropdowns","pagination_style":"classic","display_prices":"absolute","show_sorting_options":false,"show_filtering_options":false,"attribute_filter_ids":[],"select_action":"view","product_title_visible":false,"product_descr_visible":false,"product_price_visible":true,"product_thumb_visible":true,"subtotal_visible_product":false,"subtotal_visible_cart":true,"subtotal_visible_orders":true},{"id":"1773167708","title":"Elija el tipo de ropa interior ","description":"<p>Elija la ropa interior utilizada con la alarma de tratamiento.<\/p>\n","query_type":"product_ids","query_ids":[24899,24659],"default_option_id":"","thumbnail_id":7126,"thumbnail_src":"https:\/\/pjama.eu\/wp-content\/uploads\/Pjama_boxersbriefs_bg-2.jpg","quantity_min":2,"quantity_max":6,"priced_individually":true,"shipped_individually":false,"optional":false,"discount":"","options_style":"dropdowns","pagination_style":"classic","display_prices":"absolute","show_sorting_options":false,"show_filtering_options":false,"attribute_filter_ids":[],"select_action":"view","product_title_visible":false,"product_descr_visible":false,"product_price_visible":true,"product_thumb_visible":true,"subtotal_visible_product":false,"subtotal_visible_cart":true,"subtotal_visible_orders":true}],"composite_scenarios":[{"id":"1773167882","name":"Show Boxer size \/ hide Briefs size","description":"","configuration":[{"component_id":"1773167708","options_modifier":"in","component_options":[24899]}],"actions":[{"action_id":"compat_group","is_active":false},{"action_id":"conditional_components","is_active":false,"hidden_components":[]},{"action_id":"conditional_options","is_active":false,"hidden_options":[]}],"enabled":true},{"id":"1773167883","name":"Show Briefs size \/ hide Boxer size","description":"","configuration":[{"component_id":"1773167708","options_modifier":"in","component_options":[24659]}],"actions":[{"action_id":"compat_group","is_active":false},{"action_id":"conditional_components","is_active":false,"hidden_components":[]},{"action_id":"conditional_options","is_active":false,"hidden_options":[]}],"enabled":true}],"_links":{"self":[{"href":"https:\/\/pjama.eu\/es\/wp-json\/wp\/v2\/product\/31067","targetHints":{"allow":["GET"]}}],"collection":[{"href":"https:\/\/pjama.eu\/es\/wp-json\/wp\/v2\/product"}],"about":[{"href":"https:\/\/pjama.eu\/es\/wp-json\/wp\/v2\/types\/product"}],"wp:featuredmedia":[{"embeddable":true,"href":"https:\/\/pjama.eu\/es\/wp-json\/wp\/v2\/media\/31075"}],"wp:attachment":[{"href":"https:\/\/pjama.eu\/es\/wp-json\/wp\/v2\/media?parent=31067"}],"wp:term":[{"taxonomy":"product_brand","embeddable":true,"href":"https:\/\/pjama.eu\/es\/wp-json\/wp\/v2\/product_brand?post=31067"},{"taxonomy":"product_cat","embeddable":true,"href":"https:\/\/pjama.eu\/es\/wp-json\/wp\/v2\/product_cat?post=31067"},{"taxonomy":"product_tag","embeddable":true,"href":"https:\/\/pjama.eu\/es\/wp-json\/wp\/v2\/product_tag?post=31067"}],"curies":[{"name":"wp","href":"https:\/\/api.w.org\/{rel}","templated":true}]}}