{"id":23145,"date":"2023-09-15T16:07:23","date_gmt":"2023-09-15T14:07:23","guid":{"rendered":"https:\/\/pjama.eu\/bedwetting-shop-aikuiset\/"},"modified":"2026-03-11T09:07:38","modified_gmt":"2026-03-11T08:07:38","slug":"bedwetting-shop-aikuiset","status":"publish","type":"page","link":"https:\/\/pjama.eu\/fi\/bedwetting-shop-aikuiset\/","title":{"rendered":"Bedwetting Shop aikuiset"},"content":{"rendered":"<p>[et_pb_section fb_built=&#8221;1&#8243; _builder_version=&#8221;4.27.4&#8243; _module_preset=&#8221;default&#8221; background_color=&#8221;#072130&#8243; use_background_color_gradient=&#8221;on&#8221; background_color_gradient_stops=&#8221;#072130 0%|rgba(248,248,248,0) 99%&#8221; background_color_gradient_overlays_image=&#8221;on&#8221; background_image=&#8221;https:\/\/pjama.eu\/wp-content\/uploads\/Blue_shorts_adult-1-1.jpg&#8221; da_disable_devices=&#8221;off|off|off&#8221; global_colors_info=&#8221;{}&#8221; da_is_popup=&#8221;off&#8221; da_exit_intent=&#8221;off&#8221; da_has_close=&#8221;on&#8221; da_alt_close=&#8221;off&#8221; da_dark_close=&#8221;off&#8221; da_not_modal=&#8221;on&#8221; da_is_singular=&#8221;off&#8221; da_with_loader=&#8221;off&#8221; da_has_shadow=&#8221;on&#8221;][et_pb_row column_structure=&#8221;3_5,2_5&#8243; _builder_version=&#8221;4.27.4&#8243; _module_preset=&#8221;default&#8221; global_colors_info=&#8221;{}&#8221;][et_pb_column type=&#8221;3_5&#8243; _builder_version=&#8221;4.27.4&#8243; _module_preset=&#8221;default&#8221; global_colors_info=&#8221;{}&#8221;][et_pb_heading title=&#8221;Pjama BEDWETTING TUOTTEET AIKUISILLE&#8221; _builder_version=&#8221;4.27.5&#8243; _module_preset=&#8221;default&#8221; title_text_color=&#8221;#F8F8F8&#8243; hover_enabled=&#8221;0&#8243; global_colors_info=&#8221;{}&#8221; sticky_enabled=&#8221;0&#8243;][\/et_pb_heading][et_pb_text _builder_version=&#8221;4.27.5&#8243; _module_preset=&#8221;default&#8221; text_text_color=&#8221;#F8F8F8&#8243; text_font_size=&#8221;15px&#8221; custom_margin=&#8221;||0px||false|false&#8221; global_colors_info=&#8221;{}&#8221;]<\/p>\n<p><span style=\"font-weight: 400;\">Mukavuutta, hienovaraisuutta ja luottamusta &#8211; rauhallista unta joka y\u00f6.<\/span><\/p>\n<p data-start=\"412\" data-end=\"836\"><span style=\"font-weight: 400;\">Tervetuloa tutustumaan Pjaman <em data-start=\"431\" data-end=\"459\">aikuisille tarkoitettuihin vuodepesutuotteisiin, joissa<\/em> mukavuus ja luottamus kohtaavat.<br data-start=\"493\" data-end=\"496\">Pjama Protect -univaatteiden avulla aikuiset voivat lev\u00e4t\u00e4 rauhassa tiet\u00e4en, ett\u00e4 heill\u00e4 on pehme\u00e4, hengitt\u00e4v\u00e4 ja imukykyinen suoja, joka pit\u00e4\u00e4 s\u00e4ngyn kuivana sek\u00e4 kotona ett\u00e4 matkoilla.<br data-start=\"664\" data-end=\"667\">Vaatteet ovat huomaamattomia, eiv\u00e4t kolise, ja ne n\u00e4ytt\u00e4v\u00e4t ja tuntuvat tavallisilta pyjamahousuilta tai -shortseilta &#8211; yksinkertainen, pest\u00e4v\u00e4 ja kest\u00e4v\u00e4 vaihtoehto kertak\u00e4ytt\u00f6tuotteille.<\/span><\/p>\n<p><span style=\"font-weight: 400;\">Jos olet valmis aloittamaan hoidon, Pjama DryGuardians -j\u00e4rjestelm\u00e4 on \u00e4lyk\u00e4s ja tehokas tapa edet\u00e4.<\/span><span style=\"font-weight: 400;\"><br \/><\/span><span style=\"font-weight: 400;\">K\u00e4yt\u00e4 DryGuardians Y\u00f6kasteluh\u00e4lytint\u00e4 ja <a href=\"https:\/\/pjama.eu\/fi\/dryguardians-app-auttaa-sinua-hoitamaan-kastelua-ilmaiseksi\/\">DryGuardians App -sovellusta<\/a> ohjattuun, henkil\u00f6kohtaiseen harjoitteluun kohti pysyv\u00e4\u00e4 kuivuutta.<\/span><\/p>\n<p><span style=\"font-weight: 400;\">Lis\u00e4suojan saamiseksi hoidon aikana voit k\u00e4ytt\u00e4\u00e4 alusvaatteita Pjama Protect -unipuvun alla tai lis\u00e4t\u00e4 Pjama Protect -vuodevaatteet lis\u00e4turvaksi.<\/span><\/p>\n<p><span style=\"font-weight: 400;\"><span data-sheets-root=\"1\">Aikuisille tarkoitetut Pjama-tuotteet tarjoavat huomaamattoman<\/span>suojan. \u00c4lyk\u00e4s hoito. Palautettu luottamus.  <\/span><\/p>\n<p>&nbsp;<\/p>\n<p>&nbsp;<\/p>\n<p>[\/et_pb_text][\/et_pb_column][et_pb_column type=&#8221;2_5&#8243; _builder_version=&#8221;4.27.4&#8243; _module_preset=&#8221;default&#8221; global_colors_info=&#8221;{}&#8221;][et_pb_video src=&#8221;https:\/\/pjama.eu\/wp-content\/uploads\/Pjama-for-bedwetters-US.mp4&#8243; image_src=&#8221;https:\/\/pjama.eu\/wp-content\/uploads\/Pjama_saengvaetning_anvaendning.jpg&#8221; _builder_version=&#8221;4.27.4&#8243; _module_preset=&#8221;default&#8221; border_width_all=&#8221;5px&#8221; border_color_all=&#8221;#F8F8F8&#8243; global_colors_info=&#8221;{}&#8221;][\/et_pb_video][\/et_pb_column][\/et_pb_row][\/et_pb_section][et_pb_section fb_built=&#8221;1&#8243; _builder_version=&#8221;4.16&#8243; background_color=&#8221;rgba(0,0,0,0)&#8221; custom_margin_tablet=&#8221;-60px||||false|false&#8221; custom_margin_last_edited=&#8221;off|desktop&#8221; custom_padding=&#8221;48px|||||&#8221; da_disable_devices=&#8221;off|off|off&#8221; collapsed=&#8221;off&#8221; global_colors_info=&#8221;{}&#8221; da_is_popup=&#8221;off&#8221; da_exit_intent=&#8221;off&#8221; da_has_close=&#8221;on&#8221; da_alt_close=&#8221;off&#8221; da_dark_close=&#8221;off&#8221; da_not_modal=&#8221;on&#8221; da_is_singular=&#8221;off&#8221; da_with_loader=&#8221;off&#8221; da_has_shadow=&#8221;on&#8221;][et_pb_row custom_padding_last_edited=&#8221;on|phone&#8221; _builder_version=&#8221;4.19.3&#8243; background_size=&#8221;initial&#8221; background_position=&#8221;top_left&#8221; background_repeat=&#8221;repeat&#8221; custom_margin=&#8221;5%||||false|false&#8221; custom_padding=&#8221;0px||60px|||&#8221; custom_padding_tablet=&#8221;||60px||false|false&#8221; custom_padding_phone=&#8221;&#8221; global_colors_info=&#8221;{}&#8221;][et_pb_column type=&#8221;4_4&#8243; _builder_version=&#8221;4.16&#8243; custom_padding=&#8221;|||&#8221; global_colors_info=&#8221;{}&#8221; custom_padding__hover=&#8221;|||&#8221;][et_pb_shop type=&#8221;product_category&#8221; include_categories=&#8221;45&#8243; icon_hover_color=&#8221;RGBA(255,255,255,0)&#8221; hover_overlay_color=&#8221;rgba(31,68,139,0.5)&#8221; _builder_version=&#8221;4.27.4&#8243; _module_preset=&#8221;default&#8221; title_text_color=&#8221;gcid-5eef58f4-760a-49fb-ad33-042d93415a96&#8243; border_radii=&#8221;on|7px|7px|7px|7px&#8221; global_colors_info=&#8221;{%22gcid-5eef58f4-760a-49fb-ad33-042d93415a96%22:%91%22title_text_color%22%93}&#8221;][\/et_pb_shop][et_pb_button button_url=&#8221;@ET-DC@eyJkeW5hbWljIjp0cnVlLCJjb250ZW50IjoicG9zdF9saW5rX3VybF9wYWdlIiwic2V0dGluZ3MiOnsicG9zdF9pZCI6IjI2MjQ2In19@&#8221; button_text=&#8221;TAKAISIN VERKKOKAUPPAAN&#8221; button_alignment=&#8221;center&#8221; _builder_version=&#8221;4.27.4&#8243; _dynamic_attributes=&#8221;button_url&#8221; _module_preset=&#8221;default&#8221; custom_button=&#8221;on&#8221; button_border_radius=&#8221;7px&#8221; box_shadow_style=&#8221;preset3&#8243; box_shadow_color=&#8221;#1F448B&#8221; global_colors_info=&#8221;{}&#8221;][\/et_pb_button][\/et_pb_column][\/et_pb_row][et_pb_row _builder_version=&#8221;4.27.6&#8243; _module_preset=&#8221;default&#8221; global_colors_info=&#8221;{}&#8221;][et_pb_column type=&#8221;4_4&#8243; _builder_version=&#8221;4.27.6&#8243; _module_preset=&#8221;default&#8221; global_colors_info=&#8221;{}&#8221;][et_pb_text _builder_version=&#8221;4.27.6&#8243; _module_preset=&#8221;default&#8221; header_2_text_color=&#8221;#D35917&#8243; header_3_text_color=&#8221;#072130&#8243; global_colors_info=&#8221;{}&#8221;]<\/p>\n<h3><b>Ymm\u00e4rt\u00e4minen Aikuisten kastelu<\/b><\/h3>\n<h2><b>aikuisten y\u00f6llinen y\u00f6kastelu<\/b><\/h2>\n<p>Kastelu yhdistet\u00e4\u00e4n usein lapsuuteen, mutta aikuisten y\u00f6llinen y\u00f6kastelu on yleisemp\u00e4\u00e4 kuin moni tiet\u00e4\u00e4k\u00e4\u00e4n. Miljoonat aikuiset eri puolilla Eurooppaa kokevat jossain vaiheessa el\u00e4m\u00e4\u00e4ns\u00e4 y\u00f6llist\u00e4 virtsarakon vuotoa, joka johtuu sairauksista, stressist\u00e4, l\u00e4\u00e4kkeiden sivuvaikutuksista, unih\u00e4iri\u00f6ist\u00e4 tai muutoksista virtsarakon toiminnassa. <\/p>\n<p>Koska aiheesta keskustellaan harvoin avoimesti, monet aikuiset kokevat, ett\u00e4 heid\u00e4n on k\u00e4sitelt\u00e4v\u00e4 asia yksityisesti. Onneksi nykyaikaiset aikuisille tarkoitetut vedenpoistotuotteet tarjoavat huomaamattomia ja tehokkaita ratkaisuja, joiden avulla on mahdollista nukkua mukavasti ilman h\u00e4iri\u00f6it\u00e4. <\/p>\n<p>Pjamaassa l\u00e4hestymistapamme keskittyy luottamukseen, mukavuuteen ja pitk\u00e4n aikav\u00e4lin ratkaisuihin. Tarvitsitpa sitten luotettavaa y\u00f6suojaa tai olitpa valmis aloittamaan aktiivisen hoidon, pesunkest\u00e4vien vedenpoistotuotteiden valikoimamme on suunniteltu tukemaan parempaa unta ja parempaa el\u00e4m\u00e4nlaatua. <\/p>\n<p>[\/et_pb_text][\/et_pb_column][\/et_pb_row][et_pb_row _builder_version=&#8221;4.27.6&#8243; _module_preset=&#8221;default&#8221; global_colors_info=&#8221;{}&#8221;][et_pb_column type=&#8221;4_4&#8243; _builder_version=&#8221;4.27.6&#8243; _module_preset=&#8221;default&#8221; global_colors_info=&#8221;{}&#8221;][et_pb_text _builder_version=&#8221;4.27.6&#8243; _module_preset=&#8221;default&#8221; header_2_text_color=&#8221;#D35917&#8243; header_3_text_color=&#8221;#072130&#8243; global_colors_info=&#8221;{}&#8221;]<\/p>\n<h3><b>Miksi valita pest\u00e4v\u00e4t vedenpoistotuotteet aikuisille?<\/b><\/h3>\n<h2><b>Luotettava suoja y\u00f6n yli<\/b><\/h2>\n<p>Monet aikuiset kokeilevat aluksi kertak\u00e4ytt\u00f6isi\u00e4 inkontinenssituotteita, mutta pest\u00e4v\u00e4t vaihtoehdot tarjoavat useita t\u00e4rkeit\u00e4 etuja. Uudelleenk\u00e4ytett\u00e4v\u00e4t y\u00f6pymisvaatteet on suunniteltu n\u00e4ytt\u00e4m\u00e4\u00e4n ja tuntumaan tavalliselta pyjamalta ja tarjoamaan samalla y\u00f6n yli tarvittavaa imukyky\u00e4. <\/p>\n<p>Toisin kuin vaippoja muistuttavat kertak\u00e4ytt\u00f6tuotteet, Pjama Protect -unipuvut tarjoavat huomaamattoman ja mukavan ratkaisun, joka integroituu luonnollisesti y\u00f6llisiin rutiineihisi.<\/p>\n<p>[\/et_pb_text][et_pb_text _builder_version=&#8221;4.27.6&#8243; _module_preset=&#8221;default&#8221; header_2_text_color=&#8221;#D35917&#8243; header_3_text_color=&#8221;#072130&#8243; custom_padding=&#8221;5px|5px||5px|false|false&#8221; border_radii=&#8221;on|5px|5px|5px|5px&#8221; border_width_all=&#8221;2px&#8221; border_color_all=&#8221;#D35917&#8243; global_colors_info=&#8221;{}&#8221;]<\/p>\n<p><strong><b>Pest\u00e4v\u00e4t vs kertak\u00e4ytt\u00f6iset Bedwetting-tuotteet<\/b><\/strong><\/p>\n<table>\n<tbody>\n<tr>\n<td><b>Ominaisuus<\/b><\/td>\n<td><b>Pjama pest\u00e4v\u00e4 unipuku<\/b><\/td>\n<td><b>Kertak\u00e4ytt\u00f6iset tuotteet<\/b><\/td>\n<\/tr>\n<tr>\n<td><span style=\"font-weight: 400;\">Ulkon\u00e4k\u00f6<\/span><\/td>\n<td><span style=\"font-weight: 400;\">N\u00e4ytt\u00e4\u00e4 tavallisilta pyjamahousuilta<\/span><\/td>\n<td><span style=\"font-weight: 400;\">Vaippatyylinen suoja<\/span><\/td>\n<\/tr>\n<tr>\n<td><span style=\"font-weight: 400;\">Comfort<\/span><\/td>\n<td><span style=\"font-weight: 400;\">Pehme\u00e4, hengitt\u00e4v\u00e4 unipukukangas<\/span><\/td>\n<td><span style=\"font-weight: 400;\">Muovipohjaiset materiaalit<\/span><\/td>\n<\/tr>\n<tr>\n<td><span style=\"font-weight: 400;\">Melu<\/span><\/td>\n<td><span style=\"font-weight: 400;\">Hiljainen ja \u00e4\u00e4net\u00f6n<\/span><\/td>\n<td><span style=\"font-weight: 400;\">Voi tuottaa rypist\u00e4vi\u00e4 \u00e4\u00e4ni\u00e4<\/span><\/td>\n<\/tr>\n<tr>\n<td><span style=\"font-weight: 400;\">Kest\u00e4v\u00e4 kehitys<\/span><\/td>\n<td><span style=\"font-weight: 400;\">Uudelleenk\u00e4ytett\u00e4viss\u00e4 jopa 100 pesukertaa<\/span><\/td>\n<td><span style=\"font-weight: 400;\">Kertak\u00e4ytt\u00f6inen j\u00e4te<\/span><\/td>\n<\/tr>\n<tr>\n<td><span style=\"font-weight: 400;\">Pitk\u00e4n aikav\u00e4lin kustannukset<\/span><\/td>\n<td><span style=\"font-weight: 400;\">Kustannustehokas pitk\u00e4ll\u00e4 aikav\u00e4lill\u00e4<\/span><\/td>\n<td><span style=\"font-weight: 400;\">Jatkuvat kuukausittaiset ostot<\/span><\/td>\n<\/tr>\n<tr>\n<td><span style=\"font-weight: 400;\">Luottamus<\/span><\/td>\n<td><span style=\"font-weight: 400;\">Huomaamaton ja yksityinen<\/span><\/td>\n<td><span style=\"font-weight: 400;\">Usein n\u00e4kyv\u00e4 tai tilaa viev\u00e4<\/span><\/td>\n<\/tr>\n<\/tbody>\n<\/table>\n<p>[\/et_pb_text][et_pb_text _builder_version=&#8221;4.27.6&#8243; _module_preset=&#8221;default&#8221; global_colors_info=&#8221;{}&#8221;]<\/p>\n<p>Monille aikuisille suurin hy\u00f6ty on harkintavalta. Koska Pjama-pyjamatuotteet n\u00e4ytt\u00e4v\u00e4t tavallisilta y\u00f6pymisvaatteilta, niiden avulla voit s\u00e4ilytt\u00e4\u00e4 yksityisyytesi riippumatta siit\u00e4, nukutko kotona, kumppanin luona tai matkoilla. <\/p>\n<p>[\/et_pb_text][\/et_pb_column][\/et_pb_row][et_pb_row _builder_version=&#8221;4.27.6&#8243; _module_preset=&#8221;default&#8221; global_colors_info=&#8221;{}&#8221;][et_pb_column type=&#8221;4_4&#8243; _builder_version=&#8221;4.27.6&#8243; _module_preset=&#8221;default&#8221; global_colors_info=&#8221;{}&#8221;][et_pb_text _builder_version=&#8221;4.27.6&#8243; _module_preset=&#8221;default&#8221; header_2_text_color=&#8221;#D35917&#8243; header_3_text_color=&#8221;#072130&#8243; global_colors_info=&#8221;{}&#8221;]<\/p>\n<h3><b>Bedwetting Protection for Everyday Life<\/b><\/h3>\n<h2><b>Hienovarainen suoja matkoille, kumppaneille ja y\u00f6pymisiin.<\/b><\/h2>\n<p>Luotettavien vedenpoistotuotteiden pit\u00e4isi mukautua todelliseen el\u00e4m\u00e4\u00e4n. Aikuiset tarvitsevat usein ratkaisuja, jotka toimivat eri tilanteissa her\u00e4tt\u00e4m\u00e4tt\u00e4 huomiota. <\/p>\n<p><strong>Kotona<br \/><\/strong>Monet aikuiset haluavat suojaa, jonka avulla he voivat nukkua mukavasti huolehtimatta lakanoiden vaihtamisesta tai kumppanin h\u00e4iritsemisest\u00e4. Pest\u00e4v\u00e4t univaatteet tarjoavat luotettavan imukyvyn y\u00f6n yli s\u00e4ilytt\u00e4en samalla normaalin pyjaman mukavuuden. <\/p>\n<p><strong>Matkustaminen ja y\u00f6pymiset<br \/><\/strong>Matkustaminen kertak\u00e4ytt\u00f6tuotteiden kanssa voi olla hankalaa ja tuntuvaa. Aikuisille tarkoitetut pest\u00e4v\u00e4t vedenpoistotuotteet tarjoavat huomaamattoman vaihtoehdon, joka mahtuu helposti matkatavaroihin ja n\u00e4ytt\u00e4\u00e4 tavalliselta unipuvulta. <\/p>\n<p><strong>Toipuminen tai tilap\u00e4iset olosuhteet<br \/><\/strong>Kastelua voi joskus esiinty\u00e4 leikkauksesta toipumisen, sairauden tai stressin aikana. N\u00e4iss\u00e4 tapauksissa uudelleenk\u00e4ytett\u00e4v\u00e4t unipuvut tarjoavat luotettavan suojan sitoutumatta pitk\u00e4aikaisiin kertak\u00e4ytt\u00f6tuotteisiin. <\/p>\n<p>[\/et_pb_text][\/et_pb_column][\/et_pb_row][et_pb_row _builder_version=&#8221;4.27.6&#8243; _module_preset=&#8221;default&#8221; global_colors_info=&#8221;{}&#8221;][et_pb_column type=&#8221;4_4&#8243; _builder_version=&#8221;4.27.6&#8243; _module_preset=&#8221;default&#8221; global_colors_info=&#8221;{}&#8221;][et_pb_text _builder_version=&#8221;4.27.6&#8243; _module_preset=&#8221;default&#8221; header_2_text_color=&#8221;#D35917&#8243; header_3_text_color=&#8221;#072130&#8243; global_colors_info=&#8221;{}&#8221;]<\/p>\n<h3><b>Mik\u00e4 aikuisten vedenpoistotuote sopii minulle?<\/b><\/h3>\n<h2><b>y\u00f6kasteluhousut aikuisille, y\u00f6kasteluh\u00e4lytin hoito tai molemmat?<\/b><\/h2>\n<p>Oikean ratkaisun valinta riippuu usein tavoitteistasi ja kastelun syyst\u00e4. Jotkut aikuiset haluavat ensisijaisesti huomaamattoman y\u00f6suojan, kun taas toiset etsiv\u00e4t pitk\u00e4aikaisia hoitovaihtoehtoja. <\/p>\n<p><strong><b>Huomaamattomaan suojaukseen<br \/><\/b><\/strong>Pjama Protect -y\u00f6vaatteet on suunniteltu pit\u00e4m\u00e4\u00e4n s\u00e4ngyn kuivana, mutta ne n\u00e4ytt\u00e4v\u00e4t ja tuntuvat tavallisilta pyjamahousuilta tai -shortseilta. N\u00e4iss\u00e4 vaatteissa yhdistyv\u00e4t imukykyiset kerrokset, hengitt\u00e4v\u00e4t kankaat ja vedenpit\u00e4v\u00e4 suojaus, jotka tarjoavat luotettavan suojan y\u00f6n yli. <\/p>\n<p>Ne sopivat erityisesti aikuisille, jotka haluavat pest\u00e4v\u00e4n vaihtoehdon kertak\u00e4ytt\u00f6tuotteille,<span style=\"font-weight: 400;\"> jotka pysyv\u00e4t mukavina y\u00f6st\u00e4 toiseen.<\/span><\/p>\n<p><strong><b>Huomaamattomaan suojaukseen<br \/><\/b><\/strong>Pjama DryGuardians -j\u00e4rjestelm\u00e4st\u00e4 voivat hy\u00f6ty\u00e4 aikuiset, jotka haluavat puuttua kastumisen perimm\u00e4iseen syyhyn. T\u00e4ss\u00e4 j\u00e4rjestelm\u00e4ss\u00e4 yhdistyv\u00e4t y\u00f6kasteluh\u00e4lytin, yhdistetyt alusvaatteet ja DryGuardians-hoitosovellus. <\/p>\n<p>Y\u00f6kasteluh\u00e4lytin toimii vahvistamalla aivojen reagointia virtsarakon signaaleihin unen aikana. Ajan my\u00f6t\u00e4 t\u00e4m\u00e4 voi auttaa kouluttamaan kehoa her\u00e4\u00e4m\u00e4\u00e4n ennen onnettomuutta. <\/p>\n<p>DryGuardians-j\u00e4rjestelm\u00e4n avulla aikuiset voivat seurata edistymist\u00e4, saada opastusta ja noudattaa j\u00e4sennelty\u00e4 ohjelmaa, jonka avulla saavutetaan kest\u00e4v\u00e4 kuivuus.<\/p>\n<p>[\/et_pb_text][\/et_pb_column][\/et_pb_row][et_pb_row _builder_version=&#8221;4.27.6&#8243; _module_preset=&#8221;default&#8221; global_colors_info=&#8221;{}&#8221;][et_pb_column type=&#8221;4_4&#8243; _builder_version=&#8221;4.27.6&#8243; _module_preset=&#8221;default&#8221; global_colors_info=&#8221;{}&#8221;][et_pb_text _builder_version=&#8221;4.27.6&#8243; _module_preset=&#8221;default&#8221; header_2_text_color=&#8221;#D35917&#8243; header_3_text_color=&#8221;#072130&#8243; global_colors_info=&#8221;{}&#8221;]<\/p>\n<h3><b>Aikuisille suunnitellut huomaamattomat vedenpoistoratkaisut<\/b><\/h3>\n<h2><b>Mukavat ja normaalin n\u00e4k\u00f6iset y\u00f6puvut<\/b><\/h2>\n<p>Kun etsit aikuisille tarkoitettuja vedenpoistotuotteita, harkintavalta ja mukavuus ovat usein t\u00e4rkeimpi\u00e4 tekij\u00f6it\u00e4. Aikuiset haluavat suojaa, joka sopii luontevasti heid\u00e4n el\u00e4m\u00e4ntyyliins\u00e4 tuntumatta l\u00e4\u00e4ketieteelliselt\u00e4 tai rajoittavalta. <\/p>\n<p>Pjama pest\u00e4v\u00e4t univaatteet on suunniteltu n\u00e4it\u00e4 tarpeita silm\u00e4ll\u00e4 pit\u00e4en. Vaatteissa k\u00e4ytet\u00e4\u00e4n pehmeit\u00e4, hengitt\u00e4vi\u00e4 materiaaleja ja imukykyisi\u00e4 kerroksia, jotka pit\u00e4v\u00e4t s\u00e4ngyn kuivana ja s\u00e4ilytt\u00e4v\u00e4t samalla tavallisten univaatteiden ulkon\u00e4\u00f6n ja tuntuman. Koska ne ovat uudelleenk\u00e4ytett\u00e4vi\u00e4 ja konepest\u00e4vi\u00e4, ne tarjoavat my\u00f6s kest\u00e4v\u00e4n ja kustannustehokkaan ratkaisun ajan my\u00f6t\u00e4.  <\/p>\n<p>Aikuisille, jotka haluavat lis\u00e4suojaa hoidon aikana, Pjama Protect -y\u00f6kastelushortsit ja -shortsit + Pjama DryGuardians -alushousut voidaan k\u00e4ytt\u00e4\u00e4 my\u00f6s DryGuardians-y\u00f6kasteluh\u00e4lytysj\u00e4rjestelm\u00e4n rinnalla, jolloin saadaan aikaan yhdistetty l\u00e4hestymistapa, joka tarjoaa sek\u00e4 suojaa ett\u00e4 edistyst\u00e4.<\/p>\n<p>[\/et_pb_text][\/et_pb_column][\/et_pb_row][et_pb_row _builder_version=&#8221;4.27.6&#8243; _module_preset=&#8221;default&#8221; global_colors_info=&#8221;{}&#8221;][et_pb_column type=&#8221;4_4&#8243; _builder_version=&#8221;4.27.6&#8243; _module_preset=&#8221;default&#8221; global_colors_info=&#8221;{}&#8221;][et_pb_text _builder_version=&#8221;4.27.6&#8243; _module_preset=&#8221;default&#8221; header_2_text_color=&#8221;#D35917&#8243; header_3_text_color=&#8221;#072130&#8243; global_colors_info=&#8221;{}&#8221;]<\/p>\n<h3><b>Nykyaikainen l\u00e4hestymistapa aikuisten kastelun hallintaan<\/b><\/h3>\n<h2><b>Harkintavalta, yksityisyys ja l\u00e4\u00e4ketieteellinen uskottavuus<\/b><\/h2>\n<p>Aikuisena s\u00e4ngyn kastelun kanssa el\u00e4minen voi tuntua erist\u00e4v\u00e4lt\u00e4, mutta tehokkaita ratkaisuja on saatavilla. Aikuisille tarkoitetuissa nykyp\u00e4iv\u00e4n vedenpoistotuotteissa yhdistyv\u00e4t mukavuus, harkintavalta ja innovatiiviset hoito- tai ilmoitusvaihtoehdot, jotka helpottavat itseluottamuksen palauttamista ja rauhallista unta. <\/p>\n<p>Pjama tarjoaa ratkaisuja, jotka on suunniteltu tukemaan matkaasi kohti parempaa unta, olipa kyseess\u00e4 sitten pitk\u00e4aikainen y\u00f6her\u00e4ily, tilap\u00e4iset y\u00f6lliset onnettomuudet tai hoito-ohjelman aloittaminen.<\/p>\n<p>Pest\u00e4v\u00e4n suojan, \u00e4lykk\u00e4\u00e4n hoitoteknologian ja huomaamattoman unipukumuotoilun ansiosta Pjama-vedeneritystuotteet auttavat aikuisia nukkumaan mukavasti ja luottavaisesti joka y\u00f6.<\/p>\n<p>[\/et_pb_text][\/et_pb_column][\/et_pb_row][et_pb_row _builder_version=&#8221;4.27.6&#8243; _module_preset=&#8221;default&#8221; global_colors_info=&#8221;{}&#8221;][et_pb_column type=&#8221;4_4&#8243; _builder_version=&#8221;4.27.6&#8243; _module_preset=&#8221;default&#8221; global_colors_info=&#8221;{}&#8221;][et_pb_button button_url=&#8221;@ET-DC@eyJkeW5hbWljIjp0cnVlLCJjb250ZW50IjoicG9zdF9saW5rX3VybF9wYWdlIiwic2V0dGluZ3MiOnsicG9zdF9pZCI6IjI2MjQ2In19@&#8221; button_text=&#8221;TAKAISIN VERKKOKAUPPAAN&#8221; button_alignment=&#8221;center&#8221; _builder_version=&#8221;4.27.4&#8243; _dynamic_attributes=&#8221;button_url&#8221; _module_preset=&#8221;default&#8221; custom_button=&#8221;on&#8221; button_border_radius=&#8221;7px&#8221; box_shadow_style=&#8221;preset3&#8243; box_shadow_color=&#8221;#1F448B&#8221; global_colors_info=&#8221;{}&#8221;][\/et_pb_button][\/et_pb_column][\/et_pb_row][\/et_pb_section]<\/p>\n","protected":false},"excerpt":{"rendered":"<p>Y\u00f6kasteluhousut, alusvaatteet ja h\u00e4lyttimet. Tee el\u00e4m\u00e4st\u00e4si helpompaa meid\u00e4n vedenpaisumustuotteillamme. <\/p>\n","protected":false},"author":33,"featured_media":28069,"parent":0,"menu_order":0,"comment_status":"closed","ping_status":"closed","template":"","meta":{"_et_pb_use_builder":"on","_et_pb_old_content":"","_et_gb_content_width":"","footnotes":""},"class_list":["post-23145","page","type-page","status-publish","has-post-thumbnail","hentry"],"_links":{"self":[{"href":"https:\/\/pjama.eu\/fi\/wp-json\/wp\/v2\/pages\/23145","targetHints":{"allow":["GET"]}}],"collection":[{"href":"https:\/\/pjama.eu\/fi\/wp-json\/wp\/v2\/pages"}],"about":[{"href":"https:\/\/pjama.eu\/fi\/wp-json\/wp\/v2\/types\/page"}],"author":[{"embeddable":true,"href":"https:\/\/pjama.eu\/fi\/wp-json\/wp\/v2\/users\/33"}],"replies":[{"embeddable":true,"href":"https:\/\/pjama.eu\/fi\/wp-json\/wp\/v2\/comments?post=23145"}],"version-history":[{"count":21,"href":"https:\/\/pjama.eu\/fi\/wp-json\/wp\/v2\/pages\/23145\/revisions"}],"predecessor-version":[{"id":32880,"href":"https:\/\/pjama.eu\/fi\/wp-json\/wp\/v2\/pages\/23145\/revisions\/32880"}],"wp:featuredmedia":[{"embeddable":true,"href":"https:\/\/pjama.eu\/fi\/wp-json\/wp\/v2\/media\/28069"}],"wp:attachment":[{"href":"https:\/\/pjama.eu\/fi\/wp-json\/wp\/v2\/media?parent=23145"}],"curies":[{"name":"wp","href":"https:\/\/api.w.org\/{rel}","templated":true}]}}