{"id":23151,"date":"2020-03-26T14:58:36","date_gmt":"2020-03-26T13:58:36","guid":{"rendered":"https:\/\/pjama.eu\/peruuttaminen-ja-palauttaminen\/"},"modified":"2026-02-27T14:15:03","modified_gmt":"2026-02-27T13:15:03","slug":"peruuttaminen-ja-palauttaminen","status":"publish","type":"page","link":"https:\/\/pjama.eu\/fi\/peruuttaminen-ja-palauttaminen\/","title":{"rendered":"Peruuttaminen ja palauttaminen"},"content":{"rendered":"<p>[et_pb_section fb_built=&#8221;1&#8243; custom_padding_last_edited=&#8221;on|phone&#8221; _builder_version=&#8221;4.27.4&#8243; background_color=&#8221;gcid-5eef58f4-760a-49fb-ad33-042d93415a96&#8243; background_enable_image=&#8221;off&#8221; background_position=&#8221;top_right&#8221; custom_padding=&#8221;100px||49px||false|false&#8221; custom_padding_tablet=&#8221;90px||0px||false|false&#8221; custom_padding_phone=&#8221;40px||0px||false|false&#8221; top_divider_color=&#8221;#61a2df&#8221; top_divider_height=&#8221;500px&#8221; bottom_divider_style=&#8221;asymmetric&#8221; bottom_divider_color=&#8221;#ffffff&#8221; da_disable_devices=&#8221;off|off|off&#8221; collapsed=&#8221;on&#8221; global_colors_info=&#8221;{%22gcid-5eef58f4-760a-49fb-ad33-042d93415a96%22:%91%22background_color%22%93}&#8221; da_is_popup=&#8221;off&#8221; da_exit_intent=&#8221;off&#8221; da_has_close=&#8221;on&#8221; da_alt_close=&#8221;off&#8221; da_dark_close=&#8221;off&#8221; da_not_modal=&#8221;on&#8221; da_is_singular=&#8221;off&#8221; da_with_loader=&#8221;off&#8221; da_has_shadow=&#8221;on&#8221;][et_pb_row _builder_version=&#8221;4.16&#8243; custom_margin=&#8221;|auto|60px|auto||&#8221; global_colors_info=&#8221;{}&#8221;][et_pb_column type=&#8221;4_4&#8243; _builder_version=&#8221;4.16&#8243; global_colors_info=&#8221;{}&#8221;][et_pb_heading title=&#8221;Pjama&#8221; _builder_version=&#8221;4.27.4&#8243; _module_preset=&#8221;default&#8221; title_text_color=&#8221;#D35917&#8243; title_font_size=&#8221;40px&#8221; title_font_size_tablet=&#8221;40px&#8221; title_font_size_phone=&#8221;25px&#8221; title_font_size_last_edited=&#8221;on|phone&#8221; global_colors_info=&#8221;{}&#8221;][\/et_pb_heading][et_pb_text _builder_version=&#8221;4.27.4&#8243; header_text_align=&#8221;left&#8221; header_font_size=&#8221;75px&#8221; text_orientation=&#8221;right&#8221; background_layout=&#8221;dark&#8221; custom_padding_tablet=&#8221;&#8221; custom_padding_phone=&#8221;0px||54px||false|false&#8221; custom_padding_last_edited=&#8221;on|phone&#8221; header_font_size_tablet=&#8221;75px&#8221; header_font_size_phone=&#8221;40px&#8221; header_font_size_last_edited=&#8221;on|phone&#8221; global_colors_info=&#8221;{}&#8221;]<\/p>\n<h1 class=\"hero\">takuu ja palautus<\/h1>\n<p>[\/et_pb_text][\/et_pb_column][\/et_pb_row][\/et_pb_section][et_pb_section fb_built=&#8221;1&#8243; _builder_version=&#8221;4.16&#8243; background_color=&#8221;rgba(255,255,255,0)&#8221; custom_margin_tablet=&#8221;-60px||||false|false&#8221; custom_margin_phone=&#8221;&#8221; custom_margin_last_edited=&#8221;on|phone&#8221; custom_padding=&#8221;0px||0px|||&#8221; da_disable_devices=&#8221;off|off|off&#8221; collapsed=&#8221;on&#8221; global_colors_info=&#8221;{}&#8221; da_is_popup=&#8221;off&#8221; da_exit_intent=&#8221;off&#8221; da_has_close=&#8221;on&#8221; da_alt_close=&#8221;off&#8221; da_dark_close=&#8221;off&#8221; da_not_modal=&#8221;on&#8221; da_is_singular=&#8221;off&#8221; da_with_loader=&#8221;off&#8221; da_has_shadow=&#8221;on&#8221;][et_pb_row custom_padding_last_edited=&#8221;on|desktop&#8221; _builder_version=&#8221;4.16&#8243; background_size=&#8221;initial&#8221; background_position=&#8221;top_left&#8221; background_repeat=&#8221;repeat&#8221; width=&#8221;65%&#8221; width_tablet=&#8221;80%&#8221; width_phone=&#8221;90%&#8221; width_last_edited=&#8221;on|desktop&#8221; custom_padding=&#8221;||60px|||&#8221; custom_padding_tablet=&#8221;||0px||false|false&#8221; custom_padding_phone=&#8221;&#8221; global_colors_info=&#8221;{}&#8221;][et_pb_column type=&#8221;4_4&#8243; _builder_version=&#8221;4.16&#8243; custom_padding=&#8221;|||&#8221; global_colors_info=&#8221;{}&#8221; custom_padding__hover=&#8221;|||&#8221;][et_pb_text _builder_version=&#8221;4.27.4&#8243; header_2_text_color=&#8221;gcid-5eef58f4-760a-49fb-ad33-042d93415a96&#8243; global_colors_info=&#8221;{%22gcid-5eef58f4-760a-49fb-ad33-042d93415a96%22:%91%22header_2_text_color%22%93}&#8221;]<\/p>\n<h2>OIKEUS OSTON PERUUTTAMISEEN JA TUOTTEEN (TUOTTEIDEN) PALAUTTAMISEEN<\/h2>\n<p>Sinulla on oikeus peruuttaa ostoksesi, jos meilt\u00e4 ostamasi tuote ei vastaa odotuksiasi. Kauppa ei ole valmis ennen kuin olet vastaanottanut ja hyv\u00e4ksynyt tuotteesi (tuotteesi). Olet t\u00e4ysin tyytyv\u00e4inen, muuten saat rahasi takaisin. Jos et ole tyytyv\u00e4inen, sinulla on 14 p\u00e4iv\u00e4\u00e4 aikaa siit\u00e4, kun olet vastaanottanut tuotteesi (tuotteesi). Sinulla on oikeus avata pakkaus tarkistaaksesi, ett\u00e4 tuote(t) ovat t\u00e4ydellisess\u00e4 kunnossa.    <\/p>\n<p>Palautuksen l\u00e4pik\u00e4yminen edellytt\u00e4\u00e4, ett\u00e4 tuote palautetaan samassa kunnossa ja alkuper\u00e4ispakkauksessa sek\u00e4 kaikki siihen liittyv\u00e4t k\u00e4ytt\u00f6ohjeet ja osat. Palautus tehd\u00e4\u00e4n samassa kuljetuslaatikossa, jossa se tuli tai vastaavassa. Kun k\u00e4yt\u00e4t edell\u00e4 mainittua oikeutta, saat tyydytt\u00e4v\u00e4n palautuksen j\u00e4lkeen meilt\u00e4 palautuksen (lukuun ottamatta maksettuja palautuspostikuluja) 30 p\u00e4iv\u00e4n kuluessa siit\u00e4, kun olemme vastaanottaneet tavarat.  <\/p>\n<h2>VAIHTO-OIKEUS<\/h2>\n<p>Asiakkaana sinulla on oikeus vaihtaa tuote(t) vastaavaan tuotteeseen 14 p\u00e4iv\u00e4n kuluessa tuotteen vastaanottamisesta, mutta vaihto-oikeus ei koske myynti- ja erikoistarjoustuotteita. Jotta palautus voidaan hyv\u00e4ksy\u00e4, tuote(t) on palautettava alkuper\u00e4isess\u00e4 kunnossaan ja alkuper\u00e4ispakkauksessaan sek\u00e4 kaikkien niihin liittyvien k\u00e4ytt\u00f6ohjeiden ja osien kanssa. Palautus on teht\u00e4v\u00e4 samassa k\u00e4\u00e4reess\u00e4 kuin se on vastaanotettu tai vastaavassa k\u00e4\u00e4reess\u00e4. Ostetun tuotteen (tuotteiden) vaihdon yhteydess\u00e4 me vastaamme palautusrahdin kustannuksista.   <\/p>\n<h2>VALITUKSET<\/h2>\n<p>Jos tuote(t) on vahingoittunut vastaanotettaessa tai jos saat v\u00e4\u00e4r\u00e4n tuotteen tai jos tuote(t) poikkeaa muulla tavoin sinun ja meid\u00e4n v\u00e4lisest\u00e4 sopimuksesta, sinulla on oikeus tehd\u00e4 valitus. Tuotetta koskevat valitukset on teht\u00e4v\u00e4 mahdollisimman pian. Kahden kuukauden kuluessa virheen havaitsemisesta tehty valitus katsotaan aina tehdyksi sallitun ajan kuluessa. Heti kun palautettu tuote on vastaanotettu edell\u00e4 kohdassa &#8221;Oikeus peruuttaa osto ja palauttaa tuote(t)&#8221; esitetyn mukaisesti, sinulle maksetaan hyvitys 30 p\u00e4iv\u00e4n kuluessa siit\u00e4, kun olemme vastaanottaneet valituksesi.   <\/p>\n<p>Oikeutesi tehd\u00e4 valitus ostetusta tuotteesta m\u00e4\u00e4r\u00e4ytyy sen maan lakien mukaan, josta olet tehnyt tilauksen. Oikeus tehd\u00e4 valitus ostetusta tuotteesta ei kuitenkaan koskaan ylit\u00e4 kahta vuotta. <\/p>\n<p><strong>Jos tarvitset lis\u00e4ohjeita valituksen tekemiseen, ota yhteytt\u00e4 asiakaspalveluumme s\u00e4hk\u00f6postitse osoitteeseen <a href=\"mailto:support@pjama.se\">support@pjama.se<\/a>.<\/strong><\/p>\n<p>Jos tuote on viallinen, viallinen tai jos olet saanut v\u00e4\u00e4r\u00e4n tuotteen, me vastaamme palautusrahdin kustannuksista.<\/p>\n<h2>VASTUU TAVAROIDEN PALAUTTAMISESTA<\/h2>\n<p>K\u00e4ytt\u00e4ess\u00e4si oston peruuttamisoikeutta, valitusoikeutta tai vaihto-oikeutta, olet vastuussa palautettavasta tuotteesta (tuotteista) palautusl\u00e4hetyksen aikana, ja olet siten velvollinen korvaamaan meille palautetun tuotteen (tuotteet), jos tuote (tuotteet) vahingoittuu (vahingoittuvat) tai katoaa (katoavat) palautusl\u00e4hetyksen aikana. Koska olet vastuussa palautetusta tuotteesta (tuotteista) siihen asti, kunnes olemme vastaanottaneet ne, suosittelemme, ett\u00e4 merkitset muistiin paketin seurantanumeron. <\/p>\n<p>[\/et_pb_text][et_pb_cta title=&#8221;ohjeet&#8221; button_url=&#8221;https:\/\/pjama.eu\/wp-content\/uploads\/F81-01-Return-form-FI-2025-1.pdf&#8221; url_new_window=&#8221;on&#8221; button_text=&#8221;Lataa ohjeet&#8221; _builder_version=&#8221;4.27.5&#8243; header_text_color=&#8221;#D35917&#8243; background_color=&#8221;gcid-5eef58f4-760a-49fb-ad33-042d93415a96&#8243; custom_margin=&#8221;||20px||false|false&#8221; custom_margin_tablet=&#8221;&#8221; custom_margin_phone=&#8221;||20px||false|false&#8221; custom_margin_last_edited=&#8221;on|phone&#8221; hover_enabled=&#8221;0&#8243; border_radii=&#8221;on|10px|10px|10px|10px&#8221; box_shadow_style=&#8221;preset1&#8243; global_colors_info=&#8221;{%22gcid-5eef58f4-760a-49fb-ad33-042d93415a96%22:%91%22background_color%22%93}&#8221; sticky_enabled=&#8221;0&#8243;]<\/p>\n<p><strong>Jos haluat peruuttaa, vaihtaa, palauttaa tai reklamoida, lataa ja lue ohjeet.<\/strong><\/p>\n<p>[\/et_pb_cta][\/et_pb_column][\/et_pb_row][\/et_pb_section][et_pb_section fb_built=&#8221;1&#8243; _builder_version=&#8221;4.27.4&#8243; background_enable_color=&#8221;off&#8221; custom_margin_tablet=&#8221;-60px||||false|false&#8221; custom_margin_phone=&#8221;&#8221; custom_margin_last_edited=&#8221;on|phone&#8221; custom_padding=&#8221;20px||||false|false&#8221; da_disable_devices=&#8221;off|off|off&#8221; collapsed=&#8221;on&#8221; global_colors_info=&#8221;{}&#8221; da_is_popup=&#8221;off&#8221; da_exit_intent=&#8221;off&#8221; da_has_close=&#8221;on&#8221; da_alt_close=&#8221;off&#8221; da_dark_close=&#8221;off&#8221; da_not_modal=&#8221;on&#8221; da_is_singular=&#8221;off&#8221; da_with_loader=&#8221;off&#8221; da_has_shadow=&#8221;on&#8221;][et_pb_row custom_padding_last_edited=&#8221;on|desktop&#8221; _builder_version=&#8221;4.16&#8243; background_size=&#8221;initial&#8221; background_position=&#8221;top_left&#8221; background_repeat=&#8221;repeat&#8221; width=&#8221;65%&#8221; width_tablet=&#8221;80%&#8221; width_phone=&#8221;90%&#8221; width_last_edited=&#8221;on|desktop&#8221; custom_padding=&#8221;||60px|||&#8221; custom_padding_tablet=&#8221;||0px||false|false&#8221; custom_padding_phone=&#8221;&#8221; global_colors_info=&#8221;{}&#8221;][et_pb_column type=&#8221;4_4&#8243; _builder_version=&#8221;4.16&#8243; custom_padding=&#8221;|||&#8221; global_colors_info=&#8221;{}&#8221; custom_padding__hover=&#8221;|||&#8221;][et_pb_text module_id=&#8221;delivery&#8221; _builder_version=&#8221;4.27.4&#8243; header_2_text_color=&#8221;gcid-5eef58f4-760a-49fb-ad33-042d93415a96&#8243; global_colors_info=&#8221;{%22gcid-5eef58f4-760a-49fb-ad33-042d93415a96%22:%91%22header_2_text_color%22%93}&#8221;]<\/p>\n<h2>TOIMITUS<\/h2>\n<p>Toimitus tapahtuu yleens\u00e4 10 ty\u00f6p\u00e4iv\u00e4n kuluessa. Jos toimitus viiv\u00e4styy, sinulla on oikeus peruuttaa ostoksesi maksutta, jos et hyv\u00e4ksy ehdotettua uutta toimitusp\u00e4iv\u00e4\u00e4. Maksunne palautetaan 30 p\u00e4iv\u00e4n kuluessa siit\u00e4, kun olemme vastaanottaneet oston peruutusilmoituksenne.  <\/p>\n<p>Sinulle ilmoitetaan tekstiviestill\u00e4 tai kirjeell\u00e4, kun tuote(t) on (ovat) noudettavissa. Veloitamme maksun paketeista, joita ei noudeta, kattaaksemme hallinto- ja rahtikulut (l\u00e4hetys sinne ja takaisin). Asiaa koskeva lasku l\u00e4hetet\u00e4\u00e4n 30 p\u00e4iv\u00e4n kuluessa siit\u00e4, kun noutamatta j\u00e4\u00e4nyt paketti on kirjattu meille.  <\/p>\n<h2>L\u00c4HETYS<\/h2>\n<p>Olemme vastuussa toimituksen aikana vahingoittuneista tai kadonneista tuotteista. Reklamaatiot, jotka koskevat l\u00e4hetyksen aikana vahingoittuneita tuotteita, on teht\u00e4v\u00e4 edell\u00e4 kohdassa &#8221;Reklamaatiot&#8221; esitetyn mukaisesti. <\/p>\n<h2>VASTUUVAPAUSLAUSEKE<\/h2>\n<p>Emme ota vastuuta mahdollisista paino- tai kirjoitusvirheist\u00e4, jotka liittyv\u00e4t hintoihin ja muihin toimittamiimme tietoihin.<\/p>\n<p>[\/et_pb_text][\/et_pb_column][\/et_pb_row][\/et_pb_section]<\/p>\n","protected":false},"excerpt":{"rendered":"<p>takuu ja palautusOIKEUS OSTON PERUUTTAMISEEN JA TUOTTEEN (TUOTTEIDEN) PALAUTTAMISEEN Sinulla on oikeus peruuttaa ostoksesi, jos meilt\u00e4 ostamasi tuote ei vastaa odotuksiasi. Kauppa ei ole valmis ennen kuin olet vastaanottanut ja hyv\u00e4ksynyt tuotteesi (tuotteesi). Olet t\u00e4ysin tyytyv\u00e4inen, muuten saat rahasi takaisin. Jos et ole tyytyv\u00e4inen, sinulla on 14 p\u00e4iv\u00e4\u00e4 aikaa siit\u00e4, kun olet vastaanottanut tuotteesi (tuotteesi). [&hellip;]<\/p>\n","protected":false},"author":1,"featured_media":0,"parent":0,"menu_order":0,"comment_status":"closed","ping_status":"closed","template":"","meta":{"_et_pb_use_builder":"on","_et_pb_old_content":"","_et_gb_content_width":"","footnotes":""},"class_list":["post-23151","page","type-page","status-publish","hentry"],"_links":{"self":[{"href":"https:\/\/pjama.eu\/fi\/wp-json\/wp\/v2\/pages\/23151","targetHints":{"allow":["GET"]}}],"collection":[{"href":"https:\/\/pjama.eu\/fi\/wp-json\/wp\/v2\/pages"}],"about":[{"href":"https:\/\/pjama.eu\/fi\/wp-json\/wp\/v2\/types\/page"}],"author":[{"embeddable":true,"href":"https:\/\/pjama.eu\/fi\/wp-json\/wp\/v2\/users\/1"}],"replies":[{"embeddable":true,"href":"https:\/\/pjama.eu\/fi\/wp-json\/wp\/v2\/comments?post=23151"}],"version-history":[{"count":10,"href":"https:\/\/pjama.eu\/fi\/wp-json\/wp\/v2\/pages\/23151\/revisions"}],"predecessor-version":[{"id":31609,"href":"https:\/\/pjama.eu\/fi\/wp-json\/wp\/v2\/pages\/23151\/revisions\/31609"}],"wp:attachment":[{"href":"https:\/\/pjama.eu\/fi\/wp-json\/wp\/v2\/media?parent=23151"}],"curies":[{"name":"wp","href":"https:\/\/api.w.org\/{rel}","templated":true}]}}