{"id":23179,"date":"2020-03-17T10:42:30","date_gmt":"2020-03-17T09:42:30","guid":{"rendered":"https:\/\/pjama.eu\/miten-pesta-ja-kuivata-pjama\/"},"modified":"2025-12-11T12:49:39","modified_gmt":"2025-12-11T11:49:39","slug":"miten-pesta-ja-kuivata-pjama","status":"publish","type":"page","link":"https:\/\/pjama.eu\/fi\/miten-pesta-ja-kuivata-pjama\/","title":{"rendered":"Miten pest\u00e4 ja kuivata pjama"},"content":{"rendered":"<p>[et_pb_section fb_built=&#8221;1&#8243; custom_padding_last_edited=&#8221;on|desktop&#8221; _builder_version=&#8221;4.27.4&#8243; background_color=&#8221;gcid-5eef58f4-760a-49fb-ad33-042d93415a96&#8243; height_tablet=&#8221;&#8221; height_phone=&#8221;auto&#8221; height_last_edited=&#8221;on|phone&#8221; custom_padding=&#8221;6%||6%||true|false&#8221; custom_padding_tablet=&#8221;&#8221; custom_padding_phone=&#8221;10%||7%||false|false&#8221; top_divider_arrangement_tablet=&#8221;&#8221; top_divider_arrangement_phone=&#8221;&#8221; top_divider_arrangement_last_edited=&#8221;on|phone&#8221; bottom_divider_style=&#8221;asymmetric&#8221; bottom_divider_color=&#8221;#ffffff&#8221; bottom_divider_height=&#8221;66px&#8221; bottom_divider_flip=&#8221;horizontal&#8221; bottom_divider_height_tablet=&#8221;55px&#8221; bottom_divider_height_phone=&#8221;33px&#8221; bottom_divider_height_last_edited=&#8221;on|phone&#8221; da_disable_devices=&#8221;off|off|off&#8221; collapsed=&#8221;off&#8221; global_colors_info=&#8221;{%22gcid-5eef58f4-760a-49fb-ad33-042d93415a96%22:%91%22background_color%22%93}&#8221; da_is_popup=&#8221;off&#8221; da_exit_intent=&#8221;off&#8221; da_has_close=&#8221;on&#8221; da_alt_close=&#8221;off&#8221; da_dark_close=&#8221;off&#8221; da_not_modal=&#8221;on&#8221; da_is_singular=&#8221;off&#8221; da_with_loader=&#8221;off&#8221; da_has_shadow=&#8221;on&#8221;][et_pb_row _builder_version=&#8221;4.27.4&#8243; _module_preset=&#8221;default&#8221; global_colors_info=&#8221;{}&#8221;][et_pb_column type=&#8221;4_4&#8243; _builder_version=&#8221;4.27.4&#8243; _module_preset=&#8221;default&#8221; global_colors_info=&#8221;{}&#8221;][et_pb_heading title=&#8221;Pjama HOITAMINEN&#8221; _builder_version=&#8221;4.27.4&#8243; _module_preset=&#8221;default&#8221; title_text_color=&#8221;#D35917&#8243; title_font_size=&#8221;40px&#8221; title_font_size_tablet=&#8221;40px&#8221; title_font_size_phone=&#8221;25px&#8221; title_font_size_last_edited=&#8221;on|phone&#8221; global_colors_info=&#8221;{}&#8221;][\/et_pb_heading][et_pb_heading title=&#8221;KUINKA PEST\u00c4 JA KUIVATA Pjama-VAATTEET&#8221; _builder_version=&#8221;4.27.4&#8243; _module_preset=&#8221;default&#8221; title_text_color=&#8221;#F8F8F8&#8243; title_font_size=&#8221;75px&#8221; title_font_size_tablet=&#8221;75px&#8221; title_font_size_phone=&#8221;40px&#8221; title_font_size_last_edited=&#8221;on|phone&#8221; global_colors_info=&#8221;{}&#8221;][\/et_pb_heading][\/et_pb_column][\/et_pb_row][\/et_pb_section][et_pb_section fb_built=&#8221;1&#8243; admin_label=&#8221;Sektion&#8221; _builder_version=&#8221;4.16&#8243; background_color=&#8221;#ffffff&#8221; custom_margin_tablet=&#8221;-60px||||false|false&#8221; custom_margin_last_edited=&#8221;off|desktop&#8221; custom_padding=&#8221;50px|||||&#8221; da_disable_devices=&#8221;off|off|off&#8221; collapsed=&#8221;off&#8221; global_colors_info=&#8221;{}&#8221; da_is_popup=&#8221;off&#8221; da_exit_intent=&#8221;off&#8221; da_has_close=&#8221;on&#8221; da_alt_close=&#8221;off&#8221; da_dark_close=&#8221;off&#8221; da_not_modal=&#8221;on&#8221; da_is_singular=&#8221;off&#8221; da_with_loader=&#8221;off&#8221; da_has_shadow=&#8221;on&#8221;][et_pb_row column_structure=&#8221;2_3,1_3&#8243; custom_padding_last_edited=&#8221;on|desktop&#8221; _builder_version=&#8221;4.16&#8243; background_size=&#8221;initial&#8221; background_position=&#8221;top_left&#8221; background_repeat=&#8221;repeat&#8221; custom_padding=&#8221;0px||60px|||&#8221; custom_padding_tablet=&#8221;||0px||false|false&#8221; custom_padding_phone=&#8221;&#8221; global_colors_info=&#8221;{}&#8221;][et_pb_column type=&#8221;2_3&#8243; _builder_version=&#8221;4.16&#8243; custom_padding=&#8221;|||&#8221; global_colors_info=&#8221;{}&#8221; custom_padding__hover=&#8221;|||&#8221;][et_pb_heading title=&#8221;Pjama housut ja shortsit&#8221; _builder_version=&#8221;4.27.4&#8243; _module_preset=&#8221;default&#8221; title_level=&#8221;h3&#8243; title_text_color=&#8221;gcid-5eef58f4-760a-49fb-ad33-042d93415a96&#8243; global_colors_info=&#8221;{%22gcid-5eef58f4-760a-49fb-ad33-042d93415a96%22:%91%22title_text_color%22%93}&#8221;][\/et_pb_heading][et_pb_heading title=&#8221;Helppo pest\u00e4, kest\u00e4v\u00e4 k\u00e4ytt\u00e4\u00e4&#8221; _builder_version=&#8221;4.27.4&#8243; _module_preset=&#8221;default&#8221; title_level=&#8221;h2&#8243; title_text_color=&#8221;#D35917&#8243; global_colors_info=&#8221;{}&#8221;][\/et_pb_heading][et_pb_text _builder_version=&#8221;4.27.4&#8243; header_2_text_color=&#8221;#61a2df&#8221; header_3_text_color=&#8221;gcid-5eef58f4-760a-49fb-ad33-042d93415a96&#8243; ul_font_size_tablet=&#8221;&#8221; ul_font_size_phone=&#8221;17px&#8221; ul_font_size_last_edited=&#8221;on|phone&#8221; global_colors_info=&#8221;{%22gcid-5eef58f4-760a-49fb-ad33-042d93415a96%22:%91%22header_3_text_color%22%93}&#8221;]<\/p>\n<h3>PESUOHJEET<\/h3>\n<p>Pyjamatuotteet ovat pest\u00e4vi\u00e4, uudelleenk\u00e4ytett\u00e4vi\u00e4 ja kest\u00e4vi\u00e4 &#8211; mutta pienell\u00e4 huolenpidolla p\u00e4\u00e4see pitk\u00e4lle.<br data-start=\"254\" data-end=\"257\">Pue housut jalkaan juuri ennen nukkumaanmenoa, jotta ne pysyv\u00e4t hyv\u00e4ss\u00e4 kunnossa. Niit\u00e4 ei ole tehty leikkiseikkailuihin tai hyppimiseen ennen nukkumaanmenoa. Ja kun on aika pest\u00e4 ne, n\u00e4in ne pest\u00e4\u00e4n:    <\/p>\n<ul>\n<li>Poista anturi ennen pesua.<\/li>\n<li>Pese samankaltaisilla v\u00e4reill\u00e4 v\u00e4rimuutosten v\u00e4ltt\u00e4miseksi.<\/li>\n<li>Pid\u00e4 ter\u00e4v\u00e4t esineet, kuten vetoketjut tai metalliosat, poissa pesusta.<\/li>\n<li>K\u00e4\u00e4nn\u00e4 vaate nurinp\u00e4in ennen pesua.<\/li>\n<li>Pesu enint\u00e4\u00e4n 60 \u00b0C:ssa.<\/li>\n<li>Viimeistele pesu korkealla linkous- ja kuivausohjelmalla.<\/li>\n<li>Kuivaa huoneenl\u00e4mm\u00f6ss\u00e4 tai ulkona; kuivausrummussa kuivattaessa pid\u00e4 l\u00e4mp\u00f6tila alle 60 \u00b0C:ssa.<\/li>\n<\/ul>\n<p><strong>V\u00e4lt\u00e4 n\u00e4it\u00e4:<\/strong><\/p>\n<ul>\n<li>Kemiallinen pesu &#8211; kemikaalit voivat vahingoittaa sek\u00e4 kangasta ett\u00e4 antureita.<\/li>\n<li>Kankaanpehmentimet &#8211; ne heikent\u00e4v\u00e4t imukyky\u00e4 ja voivat vahingoittaa anturin toimintaa.<\/li>\n<li>Valkaisuaineet &#8211; ne voivat vahingoittaa kankaan vedenpid\u00e4tysominaisuuksia.<\/li>\n<li>Silitys &#8211; kuumuus voi vahingoittaa kangasta tai tunnistinlankoja.<\/li>\n<\/ul>\n<p>Pjama imukykyisten materiaalien vuoksi kuivuminen voi kest\u00e4\u00e4 tavallista kauemmin. Korkean kierron jakso ja kuivaus sis\u00e4lt\u00e4 ulosp\u00e4in auttavat lyhent\u00e4m\u00e4\u00e4n kuivumisaikaa. <\/p>\n<p><a href=\"https:\/\/pjama.eu\/fi\/pjama-yokasteluhousut\/\">Pjaman ainutlaatuiset komponentit<\/a> johtavat pidempiin kuivumisaikoihin tavallisiin kankaisiin verrattuna. Noudattamalla n\u00e4it\u00e4 pesuohjeita varmistat, ett\u00e4 housut ja shortsit pysyv\u00e4t hyv\u00e4ss\u00e4 kunnossa ja s\u00e4ilytt\u00e4v\u00e4t toimivuutensa. <\/p>\n<p>[\/et_pb_text][\/et_pb_column][et_pb_column type=&#8221;1_3&#8243; _builder_version=&#8221;4.16&#8243; custom_padding=&#8221;|||&#8221; global_colors_info=&#8221;{}&#8221; custom_padding__hover=&#8221;|||&#8221;][et_pb_image src=&#8221;https:\/\/pjama.eu\/wp-content\/uploads\/Pjama_wash-1.png&#8221; alt=&#8221;Pjama pesu  &#8221; title_text=&#8221;Pjama_wash-1&#8243; _builder_version=&#8221;4.27.4&#8243; transform_scale_tablet=&#8221;&#8221; transform_scale_phone=&#8221;&#8221; transform_scale_last_edited=&#8221;on|desktop&#8221; transform_translate=&#8221;0px|-135px&#8221; transform_translate_tablet=&#8221;0px|0px&#8221; transform_translate_phone=&#8221;&#8221; transform_translate_last_edited=&#8221;on|desktop&#8221; transform_translate_linked=&#8221;off&#8221; transform_rotate_tablet=&#8221;&#8221; transform_rotate_phone=&#8221;&#8221; transform_rotate_last_edited=&#8221;on|desktop&#8221; transform_skew_tablet=&#8221;&#8221; transform_skew_phone=&#8221;&#8221; transform_skew_last_edited=&#8221;on|desktop&#8221; transform_origin_tablet=&#8221;&#8221; transform_origin_phone=&#8221;&#8221; transform_origin_last_edited=&#8221;on|desktop&#8221; transform_styles_last_edited=&#8221;on|desktop&#8221; width=&#8221;100%&#8221; width_tablet=&#8221;70%&#8221; width_phone=&#8221;60%&#8221; width_last_edited=&#8221;on|phone&#8221; module_alignment=&#8221;center&#8221; custom_margin_tablet=&#8221;||30px||false|false&#8221; custom_margin_phone=&#8221;||30px||false|false&#8221; custom_margin_last_edited=&#8221;on|desktop&#8221; transform_styles_tablet=&#8221;&#8221; transform_styles_phone=&#8221;&#8221; global_colors_info=&#8221;{}&#8221;][\/et_pb_image][\/et_pb_column][\/et_pb_row][et_pb_row column_structure=&#8221;1_4,1_4,1_4,1_4&#8243; _builder_version=&#8221;4.27.4&#8243; background_color=&#8221;gcid-5eef58f4-760a-49fb-ad33-042d93415a96&#8243; custom_margin=&#8221;||50px||false|false&#8221; border_radii=&#8221;on|6px|6px|6px|6px&#8221; global_colors_info=&#8221;{%22gcid-5eef58f4-760a-49fb-ad33-042d93415a96%22:%91%22background_color%22%93}&#8221;][et_pb_column type=&#8221;1_4&#8243; _builder_version=&#8221;4.16&#8243; global_colors_info=&#8221;{}&#8221;][et_pb_blurb title=&#8221;Max 60 \u00b0C&#8221; image=&#8221;https:\/\/pjama.eu\/wp-content\/uploads\/washing-machine-max60.svg&#8221; image_icon_width=&#8221;25%&#8221; _builder_version=&#8221;4.27.4&#8243; header_level=&#8221;h2&#8243; header_text_color=&#8221;#D35917&#8243; text_orientation=&#8221;center&#8221; background_layout=&#8221;dark&#8221; max_width_tablet=&#8221;&#8221; max_width_phone=&#8221;50%&#8221; max_width_last_edited=&#8221;on|phone&#8221; module_alignment=&#8221;center&#8221; image_max_width=&#8221;25%&#8221; global_colors_info=&#8221;{}&#8221;][\/et_pb_blurb][\/et_pb_column][et_pb_column type=&#8221;1_4&#8243; _builder_version=&#8221;4.16&#8243; global_colors_info=&#8221;{}&#8221;][et_pb_blurb title=&#8221;Max 60 \u00b0C&#8221; image=&#8221;https:\/\/pjama.eu\/wp-content\/uploads\/laundry-max60.svg&#8221; image_icon_width=&#8221;25%&#8221; _builder_version=&#8221;4.27.4&#8243; header_level=&#8221;h2&#8243; header_text_color=&#8221;#D35917&#8243; text_orientation=&#8221;center&#8221; background_layout=&#8221;dark&#8221; max_width_tablet=&#8221;&#8221; max_width_phone=&#8221;50%&#8221; max_width_last_edited=&#8221;on|phone&#8221; module_alignment=&#8221;center&#8221; image_max_width=&#8221;25%&#8221; global_colors_info=&#8221;{}&#8221;][\/et_pb_blurb][\/et_pb_column][et_pb_column type=&#8221;1_4&#8243; _builder_version=&#8221;4.16&#8243; global_colors_info=&#8221;{}&#8221;][et_pb_blurb title=&#8221;EI RAUDOITUSTA&#8221; image=&#8221;https:\/\/pjama.eu\/wp-content\/uploads\/dry.svg&#8221; image_icon_width=&#8221;25%&#8221; _builder_version=&#8221;4.27.4&#8243; header_level=&#8221;h2&#8243; header_text_color=&#8221;#D35917&#8243; text_orientation=&#8221;center&#8221; background_layout=&#8221;dark&#8221; max_width_tablet=&#8221;&#8221; max_width_phone=&#8221;50%&#8221; max_width_last_edited=&#8221;on|phone&#8221; module_alignment=&#8221;center&#8221; image_max_width=&#8221;25%&#8221; global_colors_info=&#8221;{}&#8221;][\/et_pb_blurb][\/et_pb_column][et_pb_column type=&#8221;1_4&#8243; _builder_version=&#8221;4.16&#8243; global_colors_info=&#8221;{}&#8221;][et_pb_blurb title=&#8221;PESU SIS\u00c4LT\u00c4 ULOS&#8221; image=&#8221;https:\/\/pjama.eu\/wp-content\/uploads\/pjama-icon-inside-out.svg&#8221; image_icon_width=&#8221;25%&#8221; _builder_version=&#8221;4.27.4&#8243; header_level=&#8221;h2&#8243; header_text_color=&#8221;#D35917&#8243; text_orientation=&#8221;center&#8221; background_layout=&#8221;dark&#8221; max_width_tablet=&#8221;&#8221; max_width_phone=&#8221;50%&#8221; max_width_last_edited=&#8221;on|phone&#8221; module_alignment=&#8221;center&#8221; image_max_width=&#8221;25%&#8221; global_colors_info=&#8221;{}&#8221;][\/et_pb_blurb][\/et_pb_column][\/et_pb_row][et_pb_row column_structure=&#8221;1_2,1_2&#8243; custom_padding_last_edited=&#8221;on|desktop&#8221; _builder_version=&#8221;4.16&#8243; background_size=&#8221;initial&#8221; background_position=&#8221;top_left&#8221; background_repeat=&#8221;repeat&#8221; custom_padding=&#8221;0px||60px|||&#8221; custom_padding_tablet=&#8221;||0px||false|false&#8221; custom_padding_phone=&#8221;&#8221; global_colors_info=&#8221;{}&#8221;][et_pb_column type=&#8221;1_2&#8243; _builder_version=&#8221;4.16&#8243; custom_padding=&#8221;|||&#8221; global_colors_info=&#8221;{}&#8221; custom_padding__hover=&#8221;|||&#8221;][et_pb_video src=&#8221;https:\/\/pjama.eu\/wp-content\/uploads\/Pjama-washing-and-drying-instructions.mp4&#8243; image_src=&#8221;https:\/\/pjama.eu\/wp-content\/uploads\/pjama_tvattrad.jpg&#8221; play_icon_color=&#8221;#F8F8F8&#8243; _builder_version=&#8221;4.27.4&#8243; hover_enabled=&#8221;0&#8243; border_radii=&#8221;on|10px|10px|10px|10px&#8221; global_colors_info=&#8221;{}&#8221; title_text=&#8221;Pjama washing and drying instructions&#8221; sticky_enabled=&#8221;0&#8243;][\/et_pb_video][\/et_pb_column][et_pb_column type=&#8221;1_2&#8243; _builder_version=&#8221;4.16&#8243; custom_padding=&#8221;|||&#8221; global_colors_info=&#8221;{}&#8221; custom_padding__hover=&#8221;|||&#8221;][et_pb_text _builder_version=&#8221;4.27.4&#8243; header_2_text_color=&#8221;#61a2df&#8221; header_3_text_color=&#8221;gcid-5eef58f4-760a-49fb-ad33-042d93415a96&#8243; ul_font_size_tablet=&#8221;&#8221; ul_font_size_phone=&#8221;17px&#8221; ul_font_size_last_edited=&#8221;on|phone&#8221; global_colors_info=&#8221;{%22gcid-5eef58f4-760a-49fb-ad33-042d93415a96%22:%91%22header_3_text_color%22%93}&#8221;]<\/p>\n<h3><b>KUIVATA PYJAMAHOUSUT TAI SHORTSIT.<\/b><span style=\"font-weight: 400\"><br \/><\/span><\/h3>\n<p>Pjama-vaatteet on valmistettu imukykyisist\u00e4 materiaaleista, joiden kuivuminen kest\u00e4\u00e4 luonnollisesti kauemmin.<br data-start=\"384\" data-end=\"387\">Kuivumisaika riippuu useista tekij\u00f6ist\u00e4, kuten ilmankosteudesta, huoneen l\u00e4mp\u00f6tilasta ja siit\u00e4, kuinka tehokas pesukoneesi linkousohjelma on.<\/p>\n<p data-start=\"521\" data-end=\"550\">Auttaa lyhent\u00e4m\u00e4\u00e4n kuivumisaikaa:<\/p>\n<ul>\n<li>K\u00e4\u00e4nn\u00e4 vaate nurinp\u00e4in, jotta vedenpit\u00e4v\u00e4 kerros ei pid\u00e4ttele kosteutta.<\/li>\n<li>P\u00e4\u00e4t\u00e4 pesu aina korkealla linkousvaiheella &#8211; t\u00e4m\u00e4 on yksi parhaista tavoista lyhent\u00e4\u00e4 kuivausaikaa.<\/li>\n<li>Kuivaa sis\u00e4lt\u00e4 ulosp\u00e4in huoneenl\u00e4mm\u00f6ss\u00e4 tai ulkona.<br \/>Jos k\u00e4yt\u00e4t kuivausrumpua, varmista, ett\u00e4 l\u00e4mp\u00f6tila ei ylit\u00e4 60 \u00b0C.<\/li>\n<\/ul>\n<p><strong>Vinkki:<\/strong> Kova linkous ja kuivaus nurinp\u00e4in tekev\u00e4t Pjamaa nopeammin k\u00e4ytt\u00f6valmiin.<\/p>\n<p>[\/et_pb_text][\/et_pb_column][\/et_pb_row][\/et_pb_section][et_pb_section fb_built=&#8221;1&#8243; _builder_version=&#8221;4.27.4&#8243; _module_preset=&#8221;default&#8221; da_disable_devices=&#8221;off|off|off&#8221; global_colors_info=&#8221;{}&#8221; da_is_popup=&#8221;off&#8221; da_exit_intent=&#8221;off&#8221; da_has_close=&#8221;on&#8221; da_alt_close=&#8221;off&#8221; da_dark_close=&#8221;off&#8221; da_not_modal=&#8221;on&#8221; da_is_singular=&#8221;off&#8221; da_with_loader=&#8221;off&#8221; da_has_shadow=&#8221;on&#8221;][et_pb_row column_structure=&#8221;3_5,2_5&#8243; _builder_version=&#8221;4.27.4&#8243; _module_preset=&#8221;default&#8221; global_colors_info=&#8221;{}&#8221;][et_pb_column type=&#8221;3_5&#8243; _builder_version=&#8221;4.27.4&#8243; _module_preset=&#8221;default&#8221; global_colors_info=&#8221;{}&#8221;][et_pb_heading title=&#8221;Pjama bokserit ja briefs-malli&#8221; _builder_version=&#8221;4.27.4&#8243; _module_preset=&#8221;default&#8221; title_text_color=&#8221;#D35917&#8243; global_colors_info=&#8221;{}&#8221;][\/et_pb_heading][et_pb_heading title=&#8221;YKSINKERTAINEN HOITO, NOPEA KUIVUMINEN&#8221; _builder_version=&#8221;4.27.4&#8243; _module_preset=&#8221;default&#8221; title_level=&#8221;h2&#8243; title_text_color=&#8221;gcid-5eef58f4-760a-49fb-ad33-042d93415a96&#8243; global_colors_info=&#8221;{%22gcid-5eef58f4-760a-49fb-ad33-042d93415a96%22:%91%22title_text_color%22%93}&#8221;][\/et_pb_heading][et_pb_text _builder_version=&#8221;4.27.4&#8243; header_2_text_color=&#8221;#61a2df&#8221; header_3_text_color=&#8221;gcid-5eef58f4-760a-49fb-ad33-042d93415a96&#8243; ul_font_size_tablet=&#8221;&#8221; ul_font_size_phone=&#8221;17px&#8221; ul_font_size_last_edited=&#8221;on|phone&#8221; global_colors_info=&#8221;{%22gcid-5eef58f4-760a-49fb-ad33-042d93415a96%22:%91%22header_3_text_color%22%93}&#8221;]<\/p>\n<h3>PESUOHJEET<\/h3>\n<p><span style=\"font-weight: 400\">Pjama DryGuardians Alushousut, joissa on <\/span>sis\u00e4\u00e4nrakennettu tunnistinlanka, on helppo pest\u00e4. Noudata n\u00e4it\u00e4 ohjeita niiden laadun s\u00e4ilytt\u00e4miseksi: <\/p>\n<ul>\n<li>Poista anturi ennen pesua.<\/li>\n<li>Pese samanv\u00e4risten vaatteiden kanssa.<\/li>\n<li>V\u00e4lt\u00e4 pesem\u00e4st\u00e4 esineit\u00e4, joissa on metalliosia.<\/li>\n<li>K\u00e4yt\u00e4 enint\u00e4\u00e4n 60 \u00b0C:n pesul\u00e4mp\u00f6tilaa.<\/li>\n<li>Ilmakuivaa huoneenl\u00e4mm\u00f6ss\u00e4 tai ulkona.<\/li>\n<li>Jos k\u00e4yt\u00e4t kuivausrumpua, pid\u00e4 l\u00e4mp\u00f6tila enint\u00e4\u00e4n 60 \u00b0C:ssa.<\/li>\n<\/ul>\n<p><strong>\u00c4l\u00e4:<\/strong><\/p>\n<ul>\n<li>Kemiallinen pesu &#8211; kemikaalit voivat vahingoittaa lankaa tai kangasta.<\/li>\n<li>K\u00e4yt\u00e4 kankaanpehmentimi\u00e4 &#8211; ne voivat vaikuttaa anturin suorituskykyyn.<\/li>\n<li>Silitysrauta &#8211; kuumuus voi pilata sis\u00e4\u00e4nrakennetun anturin kierteet.<\/li>\n<\/ul>\n<p>[\/et_pb_text][\/et_pb_column][et_pb_column type=&#8221;2_5&#8243; _builder_version=&#8221;4.27.4&#8243; _module_preset=&#8221;default&#8221; global_colors_info=&#8221;{}&#8221;][et_pb_image src=&#8221;https:\/\/pjama.eu\/wp-content\/uploads\/Pjama_boxersbriefs_bg-2.jpg&#8221; alt=&#8221;Vuodevaatteet alusvaatteet&#8221; title_text=&#8221;Pjama_boxersbriefs_bg (2)&#8221; _builder_version=&#8221;4.27.4&#8243; _module_preset=&#8221;default&#8221; min_height=&#8221;100px&#8221; custom_margin=&#8221;|||15px|false|false&#8221; global_colors_info=&#8221;{}&#8221;][\/et_pb_image][\/et_pb_column][\/et_pb_row][et_pb_row column_structure=&#8221;1_3,1_3,1_3&#8243; _builder_version=&#8221;4.27.4&#8243; background_color=&#8221;gcid-5eef58f4-760a-49fb-ad33-042d93415a96&#8243; custom_margin=&#8221;||50px||false|false&#8221; border_radii=&#8221;on|10px|10px|10px|10px&#8221; global_colors_info=&#8221;{%22gcid-5eef58f4-760a-49fb-ad33-042d93415a96%22:%91%22background_color%22%93}&#8221;][et_pb_column type=&#8221;1_3&#8243; _builder_version=&#8221;4.16&#8243; global_colors_info=&#8221;{}&#8221;][et_pb_blurb title=&#8221;Max 60 \u00b0C&#8221; image=&#8221;https:\/\/pjama.eu\/wp-content\/uploads\/washing-machine-max60.svg&#8221; image_icon_width=&#8221;25%&#8221; _builder_version=&#8221;4.27.4&#8243; header_level=&#8221;h2&#8243; header_text_color=&#8221;#D35917&#8243; text_orientation=&#8221;center&#8221; background_layout=&#8221;dark&#8221; max_width_tablet=&#8221;&#8221; max_width_phone=&#8221;50%&#8221; max_width_last_edited=&#8221;on|phone&#8221; module_alignment=&#8221;center&#8221; image_max_width=&#8221;25%&#8221; global_colors_info=&#8221;{}&#8221;][\/et_pb_blurb][\/et_pb_column][et_pb_column type=&#8221;1_3&#8243; _builder_version=&#8221;4.16&#8243; global_colors_info=&#8221;{}&#8221;][et_pb_blurb title=&#8221;Max 60 \u00b0C&#8221; image=&#8221;https:\/\/pjama.eu\/wp-content\/uploads\/laundry-max60.svg&#8221; image_icon_width=&#8221;25%&#8221; _builder_version=&#8221;4.27.4&#8243; header_level=&#8221;h2&#8243; header_text_color=&#8221;#D35917&#8243; text_orientation=&#8221;center&#8221; background_layout=&#8221;dark&#8221; max_width_tablet=&#8221;&#8221; max_width_phone=&#8221;50%&#8221; max_width_last_edited=&#8221;on|phone&#8221; module_alignment=&#8221;center&#8221; image_max_width=&#8221;25%&#8221; global_colors_info=&#8221;{}&#8221;][\/et_pb_blurb][\/et_pb_column][et_pb_column type=&#8221;1_3&#8243; _builder_version=&#8221;4.16&#8243; global_colors_info=&#8221;{}&#8221;][et_pb_blurb title=&#8221;EI RAUDOITUSTA&#8221; image=&#8221;https:\/\/pjama.eu\/wp-content\/uploads\/dry.svg&#8221; image_icon_width=&#8221;25%&#8221; _builder_version=&#8221;4.27.4&#8243; header_level=&#8221;h2&#8243; header_text_color=&#8221;#D35917&#8243; text_orientation=&#8221;center&#8221; background_layout=&#8221;dark&#8221; max_width_tablet=&#8221;&#8221; max_width_phone=&#8221;48%&#8221; max_width_last_edited=&#8221;on|phone&#8221; module_alignment=&#8221;center&#8221; image_max_width=&#8221;25%&#8221; global_colors_info=&#8221;{}&#8221;][\/et_pb_blurb][\/et_pb_column][\/et_pb_row][\/et_pb_section]<\/p>\n","protected":false},"excerpt":{"rendered":"<p>PESUOHJEET Pyjamatuotteet ovat pest\u00e4vi\u00e4, uudelleenk\u00e4ytett\u00e4vi\u00e4 ja kest\u00e4vi\u00e4 &#8211; mutta pienell\u00e4 huolenpidolla p\u00e4\u00e4see pitk\u00e4lle.Pue housut jalkaan juuri ennen nukkumaanmenoa, jotta ne pysyv\u00e4t hyv\u00e4ss\u00e4 kunnossa. Niit\u00e4 ei ole tehty leikkiseikkailuihin tai hyppimiseen ennen nukkumaanmenoa. Ja kun on aika pest\u00e4 ne, n\u00e4in ne pest\u00e4\u00e4n: Poista anturi ennen pesua. Pese samankaltaisilla v\u00e4reill\u00e4 v\u00e4rimuutosten v\u00e4ltt\u00e4miseksi. Pid\u00e4 ter\u00e4v\u00e4t esineet, kuten vetoketjut [&hellip;]<\/p>\n","protected":false},"author":1,"featured_media":19912,"parent":0,"menu_order":0,"comment_status":"closed","ping_status":"closed","template":"","meta":{"_et_pb_use_builder":"on","_et_pb_old_content":"","_et_gb_content_width":"","footnotes":""},"class_list":["post-23179","page","type-page","status-publish","has-post-thumbnail","hentry"],"_links":{"self":[{"href":"https:\/\/pjama.eu\/fi\/wp-json\/wp\/v2\/pages\/23179","targetHints":{"allow":["GET"]}}],"collection":[{"href":"https:\/\/pjama.eu\/fi\/wp-json\/wp\/v2\/pages"}],"about":[{"href":"https:\/\/pjama.eu\/fi\/wp-json\/wp\/v2\/types\/page"}],"author":[{"embeddable":true,"href":"https:\/\/pjama.eu\/fi\/wp-json\/wp\/v2\/users\/1"}],"replies":[{"embeddable":true,"href":"https:\/\/pjama.eu\/fi\/wp-json\/wp\/v2\/comments?post=23179"}],"version-history":[{"count":8,"href":"https:\/\/pjama.eu\/fi\/wp-json\/wp\/v2\/pages\/23179\/revisions"}],"predecessor-version":[{"id":29462,"href":"https:\/\/pjama.eu\/fi\/wp-json\/wp\/v2\/pages\/23179\/revisions\/29462"}],"wp:featuredmedia":[{"embeddable":true,"href":"https:\/\/pjama.eu\/fi\/wp-json\/wp\/v2\/media\/19912"}],"wp:attachment":[{"href":"https:\/\/pjama.eu\/fi\/wp-json\/wp\/v2\/media?parent=23179"}],"curies":[{"name":"wp","href":"https:\/\/api.w.org\/{rel}","templated":true}]}}