{"id":23187,"date":"2020-02-17T17:55:20","date_gmt":"2020-02-17T16:55:20","guid":{"rendered":"https:\/\/pjama.eu\/tietoa-pjama-tarinamme\/"},"modified":"2026-03-07T17:08:44","modified_gmt":"2026-03-07T16:08:44","slug":"tietoa-pjama-tarinamme","status":"publish","type":"page","link":"https:\/\/pjama.eu\/fi\/tietoa-pjama-tarinamme\/","title":{"rendered":"Tietoa Pjama &#8211; tarinamme"},"content":{"rendered":"<p>[et_pb_section fb_built=&#8221;1&#8243; custom_padding_last_edited=&#8221;on|phone&#8221; _builder_version=&#8221;4.27.4&#8243; use_background_color_gradient=&#8221;on&#8221; background_color_gradient_stops=&#8221;gcid-5eef58f4-760a-49fb-ad33-042d93415a96 0%|rgba(0,0,0,0.2) 100%&#8221; background_color_gradient_overlays_image=&#8221;on&#8221; background_color_gradient_start=&#8221;rgba(0,0,0,0.2)&#8221; background_color_gradient_end=&#8221;rgba(0,0,0,0.2)&#8221; background_image=&#8221;https:\/\/pjama.eu\/wp-content\/uploads\/pjama-happy-kids-looking-from-above-1.jpg&#8221; custom_padding=&#8221;7%||7%||true|false&#8221; custom_padding_tablet=&#8221;60px||60px||true|false&#8221; custom_padding_phone=&#8221;40px||40px||false|false&#8221; top_divider_color=&#8221;#61a2df&#8221; top_divider_height=&#8221;500px&#8221; bottom_divider_color=&#8221;#ffffff&#8221; bottom_divider_flip=&#8221;horizontal&#8221; bottom_divider_height_tablet=&#8221;58px&#8221; bottom_divider_height_phone=&#8221;32px&#8221; bottom_divider_height_last_edited=&#8221;on|phone&#8221; da_disable_devices=&#8221;off|off|off&#8221; collapsed=&#8221;off&#8221; global_colors_info=&#8221;{%22gcid-5eef58f4-760a-49fb-ad33-042d93415a96%22:%91%22background_color_gradient_stops%22%93}&#8221; da_is_popup=&#8221;off&#8221; da_exit_intent=&#8221;off&#8221; da_has_close=&#8221;on&#8221; da_alt_close=&#8221;off&#8221; da_dark_close=&#8221;off&#8221; da_not_modal=&#8221;on&#8221; da_is_singular=&#8221;off&#8221; da_with_loader=&#8221;off&#8221; da_has_shadow=&#8221;on&#8221;][et_pb_row column_structure=&#8221;3_4,1_4&#8243; custom_padding_last_edited=&#8221;on|phone&#8221; _builder_version=&#8221;4.27.4&#8243; custom_margin=&#8221;|auto|6px|auto||&#8221; custom_padding=&#8221;0px||0px|||&#8221; custom_padding_tablet=&#8221;0px||0px|||&#8221; custom_padding_phone=&#8221;26px||0px||false|false&#8221; global_colors_info=&#8221;{}&#8221;][et_pb_column type=&#8221;3_4&#8243; _builder_version=&#8221;4.16&#8243; global_colors_info=&#8221;{}&#8221;][et_pb_text _builder_version=&#8221;4.27.4&#8243; header_font_size=&#8221;75px&#8221; header_3_text_color=&#8221;#D35917&#8243; header_3_font_size=&#8221;40px&#8221; background_layout=&#8221;dark&#8221; header_font_size_tablet=&#8221;75px&#8221; header_font_size_phone=&#8221;40px&#8221; header_font_size_last_edited=&#8221;on|phone&#8221; header_3_font_size_tablet=&#8221;40px&#8221; header_3_font_size_phone=&#8221;25px&#8221; header_3_font_size_last_edited=&#8221;on|phone&#8221; text_orientation_tablet=&#8221;&#8221; text_orientation_phone=&#8221;left&#8221; text_orientation_last_edited=&#8221;on|desktop&#8221; text_text_shadow_style=&#8221;preset1&#8243; text_text_shadow_blur_strength=&#8221;0.5em&#8221; text_text_shadow_color=&#8221;rgba(0,0,0,0.15)&#8221; global_colors_info=&#8221;{}&#8221;]<\/p>\n<h3>MEIST\u00c4<\/h3>\n<h1 class=\"hero\">Annamme lapsille mahdollisuuden osallistua ja tuntea itsens\u00e4 osallisiksi.<\/h1>\n<p>[\/et_pb_text][\/et_pb_column][et_pb_column type=&#8221;1_4&#8243; _builder_version=&#8221;4.16&#8243; global_colors_info=&#8221;{}&#8221;][\/et_pb_column][\/et_pb_row][\/et_pb_section][et_pb_section fb_built=&#8221;1&#8243; custom_padding_last_edited=&#8221;on|desktop&#8221; _builder_version=&#8221;4.16&#8243; custom_padding=&#8221;60px||60px||true|false&#8221; custom_padding_tablet=&#8221;20px||20px||true|false&#8221; custom_padding_phone=&#8221;&#8221; da_disable_devices=&#8221;off|off|off&#8221; collapsed=&#8221;off&#8221; global_colors_info=&#8221;{}&#8221; da_is_popup=&#8221;off&#8221; da_exit_intent=&#8221;off&#8221; da_has_close=&#8221;on&#8221; da_alt_close=&#8221;off&#8221; da_dark_close=&#8221;off&#8221; da_not_modal=&#8221;on&#8221; da_is_singular=&#8221;off&#8221; da_with_loader=&#8221;off&#8221; da_has_shadow=&#8221;on&#8221;][et_pb_row column_structure=&#8221;3_4,1_4&#8243; custom_padding_last_edited=&#8221;on|desktop&#8221; _builder_version=&#8221;4.16&#8243; background_size=&#8221;initial&#8221; background_position=&#8221;top_left&#8221; background_repeat=&#8221;repeat&#8221; custom_padding=&#8221;0px||60px|||&#8221; custom_padding_tablet=&#8221;||0px||false|false&#8221; custom_padding_phone=&#8221;&#8221; global_colors_info=&#8221;{}&#8221;][et_pb_column type=&#8221;3_4&#8243; _builder_version=&#8221;4.16&#8243; custom_padding=&#8221;|||&#8221; global_colors_info=&#8221;{}&#8221; custom_padding__hover=&#8221;|||&#8221;][et_pb_text _builder_version=&#8221;4.27.5&#8243; text_font=&#8221;|&#8211;et_global_body_font_weight|||||||&#8221; header_2_text_color=&#8221;gcid-5eef58f4-760a-49fb-ad33-042d93415a96&#8243; global_colors_info=&#8221;{%22gcid-5eef58f4-760a-49fb-ad33-042d93415a96%22:%91%22header_2_text_color%22%93}&#8221;]<\/p>\n<h2>MISSIOMME<\/h2>\n<p>Uskomme, ett\u00e4 jokainen ansaitsee tuntea olonsa itsevarmaksi &#8211; s\u00e4ngyn kastumisesta riippumatta.<br \/>Pjaman teht\u00e4v\u00e4n\u00e4 on auttaa lapsia ja aikuisia osallistumaan t\u00e4ysipainoisesti el\u00e4m\u00e4\u00e4n &#8211; y\u00f6kyl\u00e4ilyihin, retkiin ja p\u00e4ivitt\u00e4isiin rutiineihin &#8211; ilman pelkoa tai h\u00e4pe\u00e4\u00e4.<\/p>\n<p>Kastelu on yleisemp\u00e4\u00e4 kuin useimmat ihmiset tiet\u00e4v\u00e4tk\u00e4\u00e4n, mutta silti se on edelleen monien perheiden hiljainen haaste.<br \/>Ty\u00f6mme perustuu empatiaan ja ymm\u00e4rrykseen. Haluamme poistaa leimautumisen, luoda luottamusta ja antaa perheille k\u00e4yt\u00e4nn\u00f6n ty\u00f6kaluja, jotka helpottavat el\u00e4m\u00e4\u00e4.<br \/>Luottamus, mukavuus ja osallisuus ovat kaiken toimintamme perusta. <\/p>\n<p>Olemme ylpeit\u00e4 voidessamme auttaa perheit\u00e4 ymp\u00e4ri maailmaa siirtym\u00e4\u00e4n huolista voimaantumiseen &#8211; yksi kuiva y\u00f6 kerrallaan.<\/p>\n<p>[\/et_pb_text][et_pb_text _builder_version=&#8221;4.27.5&#8243; text_font=&#8221;|&#8211;et_global_body_font_weight|||||||&#8221; header_2_text_color=&#8221;gcid-5eef58f4-760a-49fb-ad33-042d93415a96&#8243; custom_padding=&#8221;36px|||||&#8221; global_colors_info=&#8221;{%22gcid-5eef58f4-760a-49fb-ad33-042d93415a96%22:%91%22header_2_text_color%22%93}&#8221;]<\/p>\n<h2>MEID\u00c4N TARINAMME<\/h2>\n<p>&nbsp;<\/p>\n<p>Vuonna 2010 Torbj\u00f6rn G\u00e4rdenfors ja M\u00e5rten Bernstad l\u00e4htiv\u00e4t liikkeelle selke\u00e4st\u00e4 tavoitteesta: antaa kasteleville lapsille sama vapaus ja luottamus kuin kaikille muillekin.<\/p>\n<p>Pienest\u00e4 ruotsalaisesta ideasta tuli Pjama &#8211; tuotemerkki, joka on omistettu ihmisarvolle ja osallisuudelle.<br \/>Heid\u00e4n ensimm\u00e4inen innovaationsa, imukykyiset y\u00f6vaatteet, mahdollistivat sen, ett\u00e4 lapset voivat nukkua rauhassa kotona tai muualla ilman h\u00e4pe\u00e4\u00e4 tai rajoituksia.<\/p>\n<p>Kahdeksan vuotta my\u00f6hemmin yrityksen toiminta laajeni. Vuoteen 2018 menness\u00e4 Pjama oli alkanut tutkia, miten \u00e4lykk\u00e4\u00e4t tekstiilit ja kytketty teknologia voisivat hoitaa vuodekastelua, ei vain suojata silt\u00e4.<br \/>Tiimi teki tiivist\u00e4 yhteisty\u00f6t\u00e4 Ruotsin terveydenhuollon ja johtavien enureesin asiantuntijoiden kanssa ja kehitti vision kokonaisvaltaisesta, tietoon perustuvasta ratkaisusta, joka voisi muuttaa el\u00e4m\u00e4\u00e4. <\/p>\n<p>Pjama 10-vuotisp\u00e4iv\u00e4n\u00e4 t\u00e4m\u00e4 visio toteutui, kun Pjama DryGuardians lanseerattiin &#8211; yhdist\u00e4m\u00e4ll\u00e4 \u00e4lykk\u00e4\u00e4t kankaat, anturit ja digitaaliset ty\u00f6kalut tukemaan todellista edistyst\u00e4 kohti kuivia \u00f6it\u00e4.<br \/>Nyky\u00e4\u00e4n Johan Bergenholtz johtaa yhti\u00f6t\u00e4 toimitusjohtajana ja jatkaa innovaation ja tietoisuuden edist\u00e4mist\u00e4 yhteisty\u00f6ss\u00e4 terveydenhuollon ammattilaisten ja kumppaneiden kanssa maailmanlaajuisesti.<\/p>\n<p>Pienest\u00e4 ideasta Etel\u00e4-Ruotsissa Pjama on kasvanut kansainv\u00e4liseksi yritykseksi, joka palvelee tuhansia perheit\u00e4, klinikoita ja hoitajia ymp\u00e4ri maailmaa.<\/p>\n<p>&nbsp;<\/p>\n<p>[\/et_pb_text][\/et_pb_column][et_pb_column type=&#8221;1_4&#8243; _builder_version=&#8221;4.16&#8243; custom_padding=&#8221;|||&#8221; global_colors_info=&#8221;{}&#8221; custom_padding__hover=&#8221;|||&#8221;][et_pb_image src=&#8221;https:\/\/pjama.eu\/wp-content\/uploads\/speechbubble.svg&#8221; alt=&#8221;Tietoja Pjama-pyjameista&#8221; title_text=&#8221;puhekupla&#8221; align=&#8221;center&#8221; align_tablet=&#8221;&#8221; align_phone=&#8221;&#8221; align_last_edited=&#8221;on|desktop&#8221; _builder_version=&#8221;4.27.4&#8243; width=&#8221;100%&#8221; width_tablet=&#8221;85%&#8221; width_phone=&#8221;70%&#8221; width_last_edited=&#8221;on|phone&#8221; module_alignment=&#8221;center&#8221; custom_margin=&#8221;50px||||false|false&#8221; custom_margin_tablet=&#8221;20px||||false|false&#8221; custom_margin_phone=&#8221;20px||||false|false&#8221; custom_margin_last_edited=&#8221;on|desktop&#8221; global_colors_info=&#8221;{}&#8221;][\/et_pb_image][\/et_pb_column][\/et_pb_row][et_pb_row column_structure=&#8221;1_3,2_3&#8243; _builder_version=&#8221;4.22.1&#8243; background_size=&#8221;initial&#8221; background_position=&#8221;top_left&#8221; background_repeat=&#8221;repeat&#8221; custom_margin=&#8221;||40px||false|false&#8221; custom_padding=&#8221;||30px||false|false&#8221; global_colors_info=&#8221;{}&#8221;][et_pb_column type=&#8221;1_3&#8243; _builder_version=&#8221;4.16&#8243; custom_padding=&#8221;|||&#8221; global_colors_info=&#8221;{}&#8221; custom_padding__hover=&#8221;|||&#8221;][et_pb_image src=&#8221;https:\/\/pjama.eu\/wp-content\/uploads\/favicon.png&#8221; alt=&#8221;Tietoja Pjama-pyjameista&#8221; title_text=&#8221;favicon&#8221; show_bottom_space=&#8221;off&#8221; _builder_version=&#8221;4.27.4&#8243; width_tablet=&#8221;&#8221; width_phone=&#8221;100%&#8221; width_last_edited=&#8221;on|phone&#8221; max_width_tablet=&#8221;&#8221; max_width_phone=&#8221;&#8221; max_width_last_edited=&#8221;on|phone&#8221; module_alignment=&#8221;center&#8221; height_tablet=&#8221;&#8221; height_phone=&#8221;1000px&#8221; height_last_edited=&#8221;on|phone&#8221; max_height_tablet=&#8221;&#8221; max_height_phone=&#8221;202px&#8221; max_height_last_edited=&#8221;on|phone&#8221; global_colors_info=&#8221;{}&#8221;][\/et_pb_image][\/et_pb_column][et_pb_column type=&#8221;2_3&#8243; _builder_version=&#8221;4.16&#8243; custom_padding=&#8221;|||&#8221; global_colors_info=&#8221;{}&#8221; custom_padding__hover=&#8221;|||&#8221;][et_pb_text _builder_version=&#8221;4.27.5&#8243; text_font=&#8221;|&#8211;et_global_body_font_weight|||||||&#8221; header_2_text_color=&#8221;gcid-5eef58f4-760a-49fb-ad33-042d93415a96&#8243; custom_padding=&#8221;||0px||false|false&#8221; global_colors_info=&#8221;{%22gcid-5eef58f4-760a-49fb-ad33-042d93415a96%22:%91%22header_2_text_color%22%93}&#8221;]<\/p>\n<h2>MIT\u00c4 ME TEEMME<\/h2>\n<p>Tarjoamme korkealaatuisia <a href=\"https:\/\/pjama.eu\/fi\/pjama-yokasteluhousut\/\">suojaavia univaatteita (<\/a> Pjama Protect Sleepwear) tyt\u00f6ille, pojille, naisille ja miehille. Luomme \u00e4lykk\u00e4it\u00e4 hoitoratkaisuja, joissa k\u00e4ytet\u00e4\u00e4n Pjama <a href=\"https:\/\/pjama.eu\/fi\/pjama-hoito-housut\/\">DryGuardians -y\u00f6asuja lapsille,<\/a> itsen\u00e4ist\u00e4 <a href=\"https:\/\/pjama.eu\/fi\/pjama-dryguardians-yokasteluhalyttimet\/\">h\u00e4lytinanturia<\/a> ja <a href=\"https:\/\/pjama.eu\/fi\/dryguardians-app-auttaa-sinua-hoitamaan-kastelua-ilmaiseksi\/\">DryGuardians-sovellusta.<\/a> <\/p>\n<p>Sovelluksessa k\u00e4ytt\u00e4j\u00e4t voivat kirjata y\u00f6lliset tulokset, saada henkil\u00f6kohtaista palautetta ja seurata edistymist\u00e4\u00e4n ajan mittaan.<br \/>Terveydenhuollon ammattilaisille Pjama tarjoaa erityisen portaalin, jossa l\u00e4\u00e4k\u00e4rit voivat seurata hoitoa, mukauttaa suosituksia ja tukea potilaita et\u00e4n\u00e4.<\/p>\n<p>Tuotteemme ovat kest\u00e4vi\u00e4, pest\u00e4vi\u00e4 ja pitk\u00e4ik\u00e4isi\u00e4, mik\u00e4 v\u00e4hent\u00e4\u00e4 kertak\u00e4ytt\u00f6vaihtoehdoista syntyv\u00e4\u00e4 j\u00e4tett\u00e4 ja edist\u00e4\u00e4 vastuullista kulutusta.<br \/>Vuodesta 2014 l\u00e4htien Pjama on auttanut yli 30 000 ihmist\u00e4 hallitsemaan tai voittamaan vedenpoiston &#8211; mukavasti, itsevarmasti ja arvokkaasti.<\/p>\n<p>[\/et_pb_text][et_pb_text _builder_version=&#8221;4.27.5&#8243; text_font=&#8221;|&#8211;et_global_body_font_weight|||||||&#8221; header_2_text_color=&#8221;gcid-5eef58f4-760a-49fb-ad33-042d93415a96&#8243; custom_padding=&#8221;||0px||false|false&#8221; global_colors_info=&#8221;{%22gcid-5eef58f4-760a-49fb-ad33-042d93415a96%22:%91%22header_2_text_color%22%93}&#8221;]<\/p>\n<h2>MIKSI ME EROTUMME<\/h2>\n<p>Tarjoamme kokonaisratkaisun &#8211; emme vain tuotetta, vaan tukea, hoitoa ja opastusta alusta loppuun.<br \/>Suunnittelemamme tuotteet ovat huomaamattomia, mukavia ja tehokkaita &#8211; ne on tehty tuntumaan tavallisilta, korkealaatuisilta y\u00f6puvuilta ja suojaavat samalla s\u00e4nky\u00e4.<\/p>\n<p>Jokaisessa luomassamme tuotteessa yhdistyv\u00e4t k\u00e4ytt\u00e4j\u00e4kokemus, l\u00e4\u00e4ketieteellinen ymm\u00e4rrys ja kehittynyt teknologia. Kuuntelemme perheit\u00e4, teemme tiivist\u00e4 yhteisty\u00f6t\u00e4 terveydenhuollon asiantuntijoiden kanssa ja testaamme ratkaisumme tarkasti varmistaaksemme kest\u00e4v\u00e4n turvallisuuden ja luotettavan suorituskyvyn. <\/p>\n<p>Pjama Protect-valikoima kattaa kaikki tarpeet &#8211; suojasta ja hoidosta k\u00e4yt\u00e4nn\u00f6llisiin tarvikkeisiin, jotka yksinkertaistavat ja tukevat p\u00e4ivitt\u00e4isi\u00e4 rutiineja.<br \/>Teht\u00e4v\u00e4mme ulottuu kuivien \u00f6iden lis\u00e4ksi &#8211; pyrimme tuomaan luottamusta, itsen\u00e4isyytt\u00e4 ja osallisuutta jokaiselle vuodepesusta k\u00e4rsiv\u00e4lle henkil\u00f6lle.<\/p>\n<p>Kasvumme jatkuessa painopisteemme pysyy samana: autamme ihmisi\u00e4 kaikkialla maailmassa el\u00e4m\u00e4\u00e4n el\u00e4m\u00e4ns\u00e4 t\u00e4ysill\u00e4 &#8211; ilman rajoja, ilman h\u00e4pe\u00e4\u00e4 ja ilman keskeytyksi\u00e4.<\/p>\n<p>[\/et_pb_text][\/et_pb_column][\/et_pb_row][\/et_pb_section]<\/p>\n","protected":false},"excerpt":{"rendered":"<p>MEIST\u00c4 Annamme lapsille mahdollisuuden osallistua ja tuntea itsens\u00e4 osallisiksi.MISSIOMME Uskomme, ett\u00e4 jokainen ansaitsee tuntea olonsa itsevarmaksi &#8211; s\u00e4ngyn kastumisesta riippumatta.Pjaman teht\u00e4v\u00e4n\u00e4 on auttaa lapsia ja aikuisia osallistumaan t\u00e4ysipainoisesti el\u00e4m\u00e4\u00e4n &#8211; y\u00f6kyl\u00e4ilyihin, retkiin ja p\u00e4ivitt\u00e4isiin rutiineihin &#8211; ilman pelkoa tai h\u00e4pe\u00e4\u00e4. Kastelu on yleisemp\u00e4\u00e4 kuin useimmat ihmiset tiet\u00e4v\u00e4tk\u00e4\u00e4n, mutta silti se on edelleen monien perheiden hiljainen [&hellip;]<\/p>\n","protected":false},"author":1,"featured_media":28096,"parent":0,"menu_order":0,"comment_status":"closed","ping_status":"closed","template":"","meta":{"_et_pb_use_builder":"on","_et_pb_old_content":"<!-- wp:paragraph -->\r\n<p>This is an example page. It's different from a blog post because it will stay in one place and will show up in your site navigation (in most themes). Most people start with an About page that introduces them to potential site visitors. It might say something like this:<\/p>\r\n<!-- \/wp:paragraph --><!-- wp:quote -->\r\n<blockquote class=\"wp-block-quote\">\r\n<p>Hi there! I'm a bike messenger by day, aspiring actor by night, and this is my website. I live in Los Angeles, have a great dog named Jack, and I like pi\u00f1a coladas. (And gettin' caught in the rain.)<\/p>\r\n<\/blockquote>\r\n<!-- \/wp:quote --><!-- wp:paragraph -->\r\n<p>...or something like this:<\/p>\r\n<!-- \/wp:paragraph --><!-- wp:quote -->\r\n<blockquote class=\"wp-block-quote\">\r\n<p>The XYZ Doohickey Company was founded in 1971, and has been providing quality doohickeys to the public ever since. Located in Gotham City, XYZ employs over 2,000 people and does all kinds of awesome things for the Gotham community.<\/p>\r\n<\/blockquote>\r\n<!-- \/wp:quote --><!-- wp:paragraph -->\r\n<p>As a new WordPress user, you should go to <a href=\"https:\/\/pjama.eu\/wp-admin\/\">your dashboard<\/a> to delete this page and create new pages for your content. Have fun!<\/p>\r\n<!-- \/wp:paragraph -->","_et_gb_content_width":"","footnotes":""},"class_list":["post-23187","page","type-page","status-publish","has-post-thumbnail","hentry"],"_links":{"self":[{"href":"https:\/\/pjama.eu\/fi\/wp-json\/wp\/v2\/pages\/23187","targetHints":{"allow":["GET"]}}],"collection":[{"href":"https:\/\/pjama.eu\/fi\/wp-json\/wp\/v2\/pages"}],"about":[{"href":"https:\/\/pjama.eu\/fi\/wp-json\/wp\/v2\/types\/page"}],"author":[{"embeddable":true,"href":"https:\/\/pjama.eu\/fi\/wp-json\/wp\/v2\/users\/1"}],"replies":[{"embeddable":true,"href":"https:\/\/pjama.eu\/fi\/wp-json\/wp\/v2\/comments?post=23187"}],"version-history":[{"count":9,"href":"https:\/\/pjama.eu\/fi\/wp-json\/wp\/v2\/pages\/23187\/revisions"}],"predecessor-version":[{"id":32153,"href":"https:\/\/pjama.eu\/fi\/wp-json\/wp\/v2\/pages\/23187\/revisions\/32153"}],"wp:featuredmedia":[{"embeddable":true,"href":"https:\/\/pjama.eu\/fi\/wp-json\/wp\/v2\/media\/28096"}],"wp:attachment":[{"href":"https:\/\/pjama.eu\/fi\/wp-json\/wp\/v2\/media?parent=23187"}],"curies":[{"name":"wp","href":"https:\/\/api.w.org\/{rel}","templated":true}]}}