{"id":23311,"date":"2020-03-23T12:20:21","date_gmt":"2020-03-23T11:20:21","guid":{"rendered":"https:\/\/pjama.eu\/pjama-yokasteluhousut\/"},"modified":"2025-11-14T11:06:23","modified_gmt":"2025-11-14T10:06:23","slug":"pjama-yokasteluhousut","status":"publish","type":"page","link":"https:\/\/pjama.eu\/fi\/pjama-yokasteluhousut\/","title":{"rendered":"Pjama y\u00f6kasteluhousut"},"content":{"rendered":"<p>[et_pb_section fb_built=&#8221;1&#8243; custom_padding_last_edited=&#8221;on|tablet&#8221; _builder_version=&#8221;4.27.4&#8243; background_color=&#8221;gcid-5eef58f4-760a-49fb-ad33-042d93415a96&#8243; custom_padding=&#8221;7%||0%||false|false&#8221; custom_padding_tablet=&#8221;||7%||false|false&#8221; custom_padding_phone=&#8221;&#8221; top_divider_height_tablet=&#8221;&#8221; top_divider_height_phone=&#8221;&#8221; top_divider_height_last_edited=&#8221;on|tablet&#8221; bottom_divider_color=&#8221;rgba(0,0,0,0)&#8221; bottom_divider_height=&#8221;154px&#8221; bottom_divider_height_tablet=&#8221;202px&#8221; bottom_divider_height_phone=&#8221;&#8221; bottom_divider_height_last_edited=&#8221;on|desktop&#8221; da_disable_devices=&#8221;off|off|off&#8221; collapsed=&#8221;on&#8221; global_colors_info=&#8221;{%22gcid-5eef58f4-760a-49fb-ad33-042d93415a96%22:%91%22background_color%22%93}&#8221; da_is_popup=&#8221;off&#8221; da_exit_intent=&#8221;off&#8221; da_has_close=&#8221;on&#8221; da_alt_close=&#8221;off&#8221; da_dark_close=&#8221;off&#8221; da_not_modal=&#8221;on&#8221; da_is_singular=&#8221;off&#8221; da_with_loader=&#8221;off&#8221; da_has_shadow=&#8221;on&#8221;][et_pb_row _builder_version=&#8221;4.27.4&#8243; custom_margin=&#8221;10px|auto|-20px|auto|false|false&#8221; custom_margin_tablet=&#8221;10px|auto|-20px|auto|false|false&#8221; custom_margin_phone=&#8221;35px|auto|-20px|auto|false|false&#8221; custom_margin_last_edited=&#8221;on|phone&#8221; custom_padding=&#8221;0px||0px||false|false&#8221; global_colors_info=&#8221;{}&#8221;][et_pb_column type=&#8221;4_4&#8243; _builder_version=&#8221;4.16&#8243; global_colors_info=&#8221;{}&#8221;][et_pb_heading title=&#8221;Pjama Protect&#8221; _builder_version=&#8221;4.27.4&#8243; _module_preset=&#8221;default&#8221; title_text_color=&#8221;#D35917&#8243; title_font_size=&#8221;40px&#8221; global_colors_info=&#8221;{}&#8221;][\/et_pb_heading][et_pb_heading title=&#8221;Y\u00f6kasteluhousut &amp; y\u00f6kastelushortsit&#8221; _builder_version=&#8221;4.27.4&#8243; _module_preset=&#8221;default&#8221; title_text_color=&#8221;#F8F8F8&#8243; title_font_size=&#8221;75px&#8221; title_font_size_tablet=&#8221;74px&#8221; title_font_size_phone=&#8221;62px&#8221; title_font_size_last_edited=&#8221;on|phone&#8221; global_colors_info=&#8221;{}&#8221;][\/et_pb_heading][\/et_pb_column][\/et_pb_row][\/et_pb_section][et_pb_section fb_built=&#8221;1&#8243; custom_padding_last_edited=&#8221;on|phone&#8221; _builder_version=&#8221;4.27.4&#8243; _module_preset=&#8221;default&#8221; custom_padding_tablet=&#8221;&#8221; custom_padding_phone=&#8221;85px||||false|false&#8221; top_divider_style=&#8221;asymmetric&#8221; top_divider_color=&#8221;gcid-5eef58f4-760a-49fb-ad33-042d93415a96&#8243; da_disable_devices=&#8221;off|off|off&#8221; global_colors_info=&#8221;{%22gcid-5eef58f4-760a-49fb-ad33-042d93415a96%22:%91%22top_divider_color%22%93}&#8221; da_is_popup=&#8221;off&#8221; da_exit_intent=&#8221;off&#8221; da_has_close=&#8221;on&#8221; da_alt_close=&#8221;off&#8221; da_dark_close=&#8221;off&#8221; da_not_modal=&#8221;on&#8221; da_is_singular=&#8221;off&#8221; da_with_loader=&#8221;off&#8221; da_has_shadow=&#8221;on&#8221;][et_pb_row column_structure=&#8221;1_2,1_2&#8243; custom_padding_last_edited=&#8221;on|phone&#8221; _builder_version=&#8221;4.27.4&#8243; _module_preset=&#8221;default&#8221; custom_margin_tablet=&#8221;&#8221; custom_margin_phone=&#8221;0px||0px||false|false&#8221; custom_margin_last_edited=&#8221;on|phone&#8221; custom_padding=&#8221;75px||||false|false&#8221; custom_padding_tablet=&#8221;&#8221; custom_padding_phone=&#8221;0px||||false|false&#8221; global_colors_info=&#8221;{}&#8221;][et_pb_column type=&#8221;1_2&#8243; _builder_version=&#8221;4.27.4&#8243; _module_preset=&#8221;default&#8221; global_colors_info=&#8221;{}&#8221;][et_pb_image src=&#8221;https:\/\/pjama.eu\/wp-content\/uploads\/Pjama-Pants-Child-01-3.jpg&#8221; alt=&#8221;Pjama Pants&#8221; title_text=&#8221;Pjama-Housut-Lapsi-01 (3)&#8221; align=&#8221;center&#8221; _builder_version=&#8221;4.27.4&#8243; transform_scale=&#8221;135%|135%&#8221; transform_scale_tablet=&#8221;135%|135%&#8221; transform_scale_phone=&#8221;100%|100%&#8221; transform_scale_last_edited=&#8221;on|phone&#8221; transform_translate=&#8221;0px|52px&#8221; transform_translate_tablet=&#8221;0px|52px&#8221; transform_translate_phone=&#8221;0px|6px&#8221; transform_translate_last_edited=&#8221;on|phone&#8221; transform_rotate_tablet=&#8221;&#8221; transform_rotate_phone=&#8221;&#8221; transform_rotate_last_edited=&#8221;on|phone&#8221; transform_skew_tablet=&#8221;&#8221; transform_skew_phone=&#8221;&#8221; transform_skew_last_edited=&#8221;on|phone&#8221; transform_origin_tablet=&#8221;&#8221; transform_origin_phone=&#8221;&#8221; transform_origin_last_edited=&#8221;on|phone&#8221; transform_styles_last_edited=&#8221;on|phone&#8221; custom_margin=&#8221;||0px||false|false&#8221; custom_padding=&#8221;|5%|0px|5%|false|false&#8221; transform_styles_tablet=&#8221;&#8221; transform_styles_phone=&#8221;&#8221; global_colors_info=&#8221;{}&#8221;][\/et_pb_image][\/et_pb_column][et_pb_column type=&#8221;1_2&#8243; _builder_version=&#8221;4.27.4&#8243; _module_preset=&#8221;default&#8221; global_colors_info=&#8221;{}&#8221;][et_pb_text content_tablet=&#8221;<\/p>\n<h3><b>SUOJAA S\u00c4NKY\u00c4 Pjama housuilla ja shortsilla.<\/b><span><br \/><\/span><\/h3>\n<p><span>Kun k\u00e4yt\u00e4t Pjama Bedwetting Housuja tai Shortseja, sinun ei tarvitse vaihtaa vuodevaatteita, kun kastelet s\u00e4ngyn. Kastumisvaate suojaa lakanoita, pussilakanoita ja patjoja. <\/span><\/p>\n<p><span>Y\u00f6kasteluhousut mahdollistavat osallistumisen toimintaan, johon liittyy y\u00f6pyminen kodin ulkopuolella. K\u00e4yt\u00e4 t\u00e4t\u00e4 Pjama-asua jalkapalloleireill\u00e4, koulumatkoilla, y\u00f6kyl\u00e4ilyiss\u00e4 tai perheen matkoilla. Y\u00f6kasteluhousut ja -shortsit ovat huomaamattomat ja n\u00e4ytt\u00e4v\u00e4t tavallisilta pyjamahousuilta. Pjama-y\u00f6kasteluhousujen kanssa ei tarvita vaippoja tai s\u00e4ngynpeitteit\u00e4. Jos vahinko sattuu, voit helposti menn\u00e4 vessaan, siivota, pukea uudet Pjama-puvut p\u00e4\u00e4llesi ja menn\u00e4 takaisin nukkumaan.    <\/span><\/p>\n<p>&#8221; content_phone=&#8221;<\/p>\n<h3><b>SUOJAA S\u00c4NKY\u00c4 Pjama housuilla ja shortsilla.<\/b><span><br \/><\/span><\/h3>\n<p><span>Kun k\u00e4yt\u00e4t Pjama Bedwetting Housuja tai Shortseja, sinun ei tarvitse vaihtaa vuodevaatteita, kun kastelet s\u00e4ngyn. Kastumisvaate suojaa lakanoita, pussilakanoita ja patjoja. <\/span><\/p>\n<p><span>Y\u00f6kasteluhousut mahdollistavat osallistumisen toimintaan, johon liittyy y\u00f6pyminen kodin ulkopuolella. K\u00e4yt\u00e4 t\u00e4t\u00e4 Pjama-asua jalkapalloleireill\u00e4, koulumatkoilla, y\u00f6kyl\u00e4ilyiss\u00e4 tai perheen matkoilla. Y\u00f6kasteluhousut ja -shortsit ovat huomaamattomat ja n\u00e4ytt\u00e4v\u00e4t tavallisilta pyjamahousuilta. Pjama-y\u00f6kasteluhousujen kanssa ei tarvita vaippoja tai s\u00e4ngynpeitteit\u00e4. Jos vahinko sattuu, voit helposti menn\u00e4 vessaan, siivota, pukea uudet Pjama-puvut p\u00e4\u00e4llesi ja menn\u00e4 takaisin nukkumaan.    <\/span><\/p>\n<p>&#8221; content_last_edited=&#8221;on|phone&#8221; _builder_version=&#8221;4.27.4&#8243; text_font=&#8221;|&#8211;et_global_heading_font_weight|||||||&#8221; header_2_text_color=&#8221;#D35917&#8243; header_3_text_color=&#8221;gcid-5eef58f4-760a-49fb-ad33-042d93415a96&#8243; custom_padding=&#8221;|5%||5%|false|false&#8221; global_colors_info=&#8221;{%22gcid-5eef58f4-760a-49fb-ad33-042d93415a96%22:%91%22header_3_text_color%22%93}&#8221;]<\/p>\n<h3><b>HARJOITTELEVAT, LUOTETTAVAT PESUNPOISTOON SUOJAAVAT HOUSUT<\/b><\/h3>\n<h2><b>Y\u00d6 TOISENSA J\u00c4LKEEN<\/b><span style=\"font-weight: 400\"><br \/><\/span><\/h2>\n<p><span style=\"font-weight: 400\">Pjama Protect Pants &amp; Shortsit ovat alkuper\u00e4iset imukykyiset univaatteet, jotka on suunniteltu n\u00e4ytt\u00e4m\u00e4\u00e4n ja tuntumaan tavallisilta pyjamahousuilta. Huomaamattomat ja luotettavat, ne pit\u00e4v\u00e4t s\u00e4ngyn kuivana koko y\u00f6n ilman ylim\u00e4\u00e4r\u00e4isi\u00e4 suojia tai vaippoja. Pjama avulla lapset ja aikuiset, jotka k\u00e4rsiv\u00e4t vuodevedest\u00e4, voivat nukkua yst\u00e4vien luona, l\u00e4hte\u00e4 luottavaisin mielin koulumatkoille tai matkustaa &#8211; tiet\u00e4en, ettei kukaan huomaa ja ett\u00e4 s\u00e4nky pysyy kuivana. Konepest\u00e4v\u00e4 ja uudelleenk\u00e4ytett\u00e4v\u00e4 Pjama tarjoaa luotettavaa laatua ja mielenrauhaa y\u00f6st\u00e4 toiseen.   <\/span><\/p>\n<p>[\/et_pb_text][et_pb_button button_url=&#8221;https:\/\/pjama.eu\/fi\/yokasteluhousut\/&#8221; button_text=&#8221;OSTA T\u00c4ST\u00c4&#8221; button_alignment=&#8221;center&#8221; _builder_version=&#8221;4.27.4&#8243; _module_preset=&#8221;default&#8221; global_colors_info=&#8221;{}&#8221;][\/et_pb_button][\/et_pb_column][\/et_pb_row][\/et_pb_section][et_pb_section fb_built=&#8221;1&#8243; _builder_version=&#8221;4.27.4&#8243; background_enable_color=&#8221;off&#8221; custom_margin=&#8221;0px||0px||false|false&#8221; custom_margin_tablet=&#8221;-60px||||false|false&#8221; custom_margin_last_edited=&#8221;off|desktop&#8221; custom_padding=&#8221;120px||0px||false|false&#8221; top_divider_height=&#8221;150px&#8221; top_divider_height_tablet=&#8221;65px&#8221; top_divider_height_phone=&#8221;33px&#8221; top_divider_height_last_edited=&#8221;on|phone&#8221; da_disable_devices=&#8221;off|off|off&#8221; collapsed=&#8221;on&#8221; global_colors_info=&#8221;{}&#8221; da_is_popup=&#8221;off&#8221; da_exit_intent=&#8221;off&#8221; da_has_close=&#8221;on&#8221; da_alt_close=&#8221;off&#8221; da_dark_close=&#8221;off&#8221; da_not_modal=&#8221;on&#8221; da_is_singular=&#8221;off&#8221; da_with_loader=&#8221;off&#8221; da_has_shadow=&#8221;on&#8221;][et_pb_row custom_padding_last_edited=&#8221;on|phone&#8221; _builder_version=&#8221;4.27.4&#8243; background_color=&#8221;gcid-5e0c1a9d-15a3-49e1-abda-61e6fadfbe27&#8243; custom_margin=&#8221;40px||50px||false|false&#8221; custom_margin_tablet=&#8221;&#8221; custom_margin_phone=&#8221;-58px||20px||false|false&#8221; custom_margin_last_edited=&#8221;on|phone&#8221; custom_padding=&#8221;|10px||10px|false|true&#8221; custom_padding_tablet=&#8221;&#8221; custom_padding_phone=&#8221;|6px||6px|false|true&#8221; border_radii=&#8221;on|7px|7px|7px|7px&#8221; global_colors_info=&#8221;{%22gcid-5e0c1a9d-15a3-49e1-abda-61e6fadfbe27%22:%91%22background_color%22%93}&#8221;][et_pb_column type=&#8221;4_4&#8243; _builder_version=&#8221;4.16&#8243; global_colors_info=&#8221;{}&#8221;][et_pb_text _builder_version=&#8221;4.27.4&#8243; header_text_color=&#8221;#D35917&#8243; header_font_size=&#8221;33px&#8221; header_2_text_color=&#8221;#D35917&#8243; header_2_font_size=&#8221;40px&#8221; header_3_text_color=&#8221;#D35917&#8243; text_orientation=&#8221;center&#8221; background_layout=&#8221;dark&#8221; header_2_font_size_tablet=&#8221;40px&#8221; header_2_font_size_phone=&#8221;30px&#8221; header_2_font_size_last_edited=&#8221;on|phone&#8221; global_colors_info=&#8221;{}&#8221;]<\/p>\n<h2><b>Katso, miten Pjama Protect Housut &amp; Shortsit toimivat.  <\/b><\/h2>\n<p>[\/et_pb_text][et_pb_video src=&#8221;https:\/\/pjama.eu\/wp-content\/uploads\/Pjama-for-bedwetters-US.mp4&#8243; image_src=&#8221;https:\/\/pjama.eu\/wp-content\/uploads\/Pjama_bedwetting_use-1.jpg&#8221; play_icon_color=&#8221;#F8F8F8&#8243; thumbnail_overlay_color=&#8221;rgba(247,247,247,0.8)&#8221; _builder_version=&#8221;4.27.4&#8243; width=&#8221;70%&#8221; width_tablet=&#8221;90%&#8221; width_phone=&#8221;90%&#8221; width_last_edited=&#8221;on|desktop&#8221; module_alignment=&#8221;center&#8221; border_radii=&#8221;on|10px|10px|10px|10px&#8221; border_width_all=&#8221;3px&#8221; border_color_all=&#8221;#F8F8F8&#8243; box_shadow_style=&#8221;preset1&#8243; global_colors_info=&#8221;{}&#8221;][\/et_pb_video][et_pb_text _builder_version=&#8221;4.27.4&#8243; text_orientation=&#8221;center&#8221; background_layout=&#8221;dark&#8221; global_colors_info=&#8221;{}&#8221;]<\/p>\n<h3>Koska parempi y\u00f6 asia<\/h3>\n<p>[\/et_pb_text][et_pb_button button_url=&#8221;https:\/\/pjama.eu\/shop-pjama\/&#8221; button_text=&#8221;Osta se t\u00e4\u00e4lt\u00e4&#8221; button_alignment=&#8221;center&#8221; _builder_version=&#8221;4.27.4&#8243; custom_button=&#8221;on&#8221; button_text_color=&#8221;#ffffff&#8221; button_bg_color=&#8221;#61A2DF&#8221; button_use_icon=&#8221;off&#8221; global_colors_info=&#8221;{}&#8221; button_bg_color__hover_enabled=&#8221;on|hover&#8221; button_bg_color__hover=&#8221;rgba(31,68,139,0.8)&#8221; button_bg_enable_color__hover=&#8221;on&#8221;][\/et_pb_button][\/et_pb_column][\/et_pb_row][et_pb_row column_structure=&#8221;1_2,1_2&#8243; custom_padding_last_edited=&#8221;on|phone&#8221; _builder_version=&#8221;4.27.4&#8243; _module_preset=&#8221;default&#8221; custom_padding_tablet=&#8221;&#8221; custom_padding_phone=&#8221;40px||||false|false&#8221; global_colors_info=&#8221;{}&#8221;][et_pb_column type=&#8221;1_2&#8243; _builder_version=&#8221;4.27.4&#8243; _module_preset=&#8221;default&#8221; global_colors_info=&#8221;{}&#8221;][et_pb_image src=&#8221;https:\/\/pjama.eu\/wp-content\/uploads\/Pjama-byxor_shorts-1.jpeg&#8221; alt=&#8221;Pjama byxor_shorts&#8221; title_text=&#8221;Pjama byxor_shorts (1)&#8221; _builder_version=&#8221;4.27.4&#8243; _module_preset=&#8221;default&#8221; border_radii=&#8221;on|10px|10px|10px|10px&#8221; global_colors_info=&#8221;{}&#8221;][\/et_pb_image][et_pb_text _builder_version=&#8221;4.27.4&#8243; _module_preset=&#8221;default&#8221; text_font=&#8221;|&#8211;et_global_heading_font_weight|||||||&#8221; header_3_text_color=&#8221;gcid-5eef58f4-760a-49fb-ad33-042d93415a96&#8243; custom_margin_tablet=&#8221;&#8221; custom_margin_phone=&#8221;0px||||false|false&#8221; custom_margin_last_edited=&#8221;on|phone&#8221; custom_padding_tablet=&#8221;&#8221; custom_padding_phone=&#8221;0px||20px||false|false&#8221; custom_padding_last_edited=&#8221;on|phone&#8221; global_colors_info=&#8221;{%22gcid-5eef58f4-760a-49fb-ad33-042d93415a96%22:%91%22header_3_text_color%22%93}&#8221;]<\/p>\n<h3><b>SUOJATTUJA \u00d6IT\u00c4 VARTEN KOTONA TAI MATKOILLA<\/b><\/h3>\n<p>Pjama Protect -unipuvut ja Pjama DryGuardians Y\u00f6asu lapsille on suunniteltu lapsille, teini-ik\u00e4isille ja aikuisille, jotka kastuvat. Patentoidut, imukykyiset ja t\u00e4ysin pest\u00e4v\u00e4t vaatteet pit\u00e4v\u00e4t s\u00e4ngyn kuivana &#8211; y\u00f6st\u00e4 toiseen. <a href=\"https:\/\/pjama.eu\/bedwetting-pants\/\"><strong>Pjama Protect -univaatteet<\/strong><\/a> tarjoavat huomaamatonta suojaa ja mielenrauhaa, kun taas <a href=\"https:\/\/pjama.eu\/bedwetting-alarm\/\"><strong>Pjama DryGuardians Y\u00f6asu lapsille<\/strong><\/a> on my\u00f6s yhdistett\u00e4viss\u00e4 Pjama Y\u00f6kasteluh\u00e4lyttimeen ja DryGuardians-sovellukseen aktiivista hoitoa varten. <\/p>\n<p>Kun onnettomuus tapahtuu, sisempi kerros imee virtsan, kun taas ulkokangas pysyy kuivana. K\u00e4ytt\u00e4j\u00e4 tuntee sis\u00e4puolella lempe\u00e4n kosteuden &#8211; hienovaraista palautetta, joka tukee oppimisprosessia. Ajan mittaan t\u00e4m\u00e4 auttaa kehoa her\u00e4\u00e4m\u00e4\u00e4n ja ottamaan askeleita kohti vuodeveden kastelun voittamista.  <\/p>\n<p>[\/et_pb_text][\/et_pb_column][et_pb_column type=&#8221;1_2&#8243; _builder_version=&#8221;4.27.4&#8243; _module_preset=&#8221;default&#8221; global_colors_info=&#8221;{}&#8221;][et_pb_image src=&#8221;https:\/\/pjama.eu\/wp-content\/uploads\/pjama-bedvetting-poring-water-1-1.jpg&#8221; alt=&#8221;Pjama byxor shortsit materiaali&#8221; title_text=&#8221;pjama-s\u00e4ngynvuoto-poring-vesi-1 (1)&#8221; _builder_version=&#8221;4.27.4&#8243; _module_preset=&#8221;default&#8221; border_radii=&#8221;on|10px|10px|10px|10px&#8221; global_colors_info=&#8221;{}&#8221;][\/et_pb_image][et_pb_text _builder_version=&#8221;4.27.4&#8243; _module_preset=&#8221;default&#8221; text_font=&#8221;&#8211;et_global_body_font|&#8211;et_global_heading_font_weight|||||||&#8221; header_3_text_color=&#8221;gcid-5eef58f4-760a-49fb-ad33-042d93415a96&#8243; ul_font_size_tablet=&#8221;&#8221; ul_font_size_phone=&#8221;17px&#8221; ul_font_size_last_edited=&#8221;on|phone&#8221; global_colors_info=&#8221;{%22gcid-5eef58f4-760a-49fb-ad33-042d93415a96%22:%91%22header_3_text_color%22%93}&#8221;]<\/p>\n<h3>KORKEA LAATU &#8211; SUUNNITELTU MUKAVUUTTA JA LUOTETTAVUUTTA VARTEN<\/h3>\n<p>Pjama Protect- ja Pjama DryGuardians Y\u00f6asu lapsille on valmistettu pehme\u00e4st\u00e4 Tencel\u2122-levyst\u00e4, jossa on hengitt\u00e4v\u00e4, vedenpit\u00e4v\u00e4 kalvo ja eritt\u00e4tai imukykyisi\u00e4 kerroksia, jotka sulkevat nesteen. Kaikki kankaat ovat <span style=\"font-weight: 400\"> <a href=\"https:\/\/www.oeko-tex.com\/en\/our-standards\/oeko-tex-standard-100\" target=\"_blank\" rel=\"noopener\">\u00d6ko-Tex<\/a> <\/span>sertifioitu ja t\u00e4ytt\u00e4v\u00e4t korkeimmat turvallisuutta ja ihoyst\u00e4v\u00e4llisyytt\u00e4 koskevat vaatimukset. <\/p>\n<ul>\n<li data-start=\"517\" data-end=\"593\">Hydrofobinen kangas vy\u00f6t\u00e4r\u00f6ll\u00e4 ja hihansuissa pit\u00e4\u00e4 kosteuden siell\u00e4, minne se kuuluu.<\/li>\n<li data-start=\"596\" data-end=\"651\">Eritt\u00e4in imukykyinen materiaali keskeisill\u00e4 alueilla est\u00e4\u00e4 vuodot.<\/li>\n<li data-start=\"654\" data-end=\"710\">Ulkokerros, joka on sek\u00e4 vedenpit\u00e4v\u00e4 ett\u00e4 hengitt\u00e4v\u00e4.<\/li>\n<li data-start=\"713\" data-end=\"804\">Pehme\u00e4 sis\u00e4kangas, joka tuntuu hell\u00e4varaiselta ihoa vasten samalla kun se imee nestett\u00e4 huomaamattomasti.<\/li>\n<\/ul>\n<p data-start=\"806\" data-end=\"954\">Tuloksena on pyjama, joka n\u00e4ytt\u00e4\u00e4 ja tuntuu tavalliselta unipuvulta, mutta suojaa lapsia, teini-ik\u00e4isi\u00e4 ja aikuisia vedenpoistolta luotettavasti y\u00f6st\u00e4 toiseen.<\/p>\n<ul><\/ul>\n<p>[\/et_pb_text][\/et_pb_column][\/et_pb_row][\/et_pb_section][et_pb_section fb_built=&#8221;1&#8243; custom_padding_last_edited=&#8221;on|phone&#8221; _builder_version=&#8221;4.27.4&#8243; _module_preset=&#8221;default&#8221; background_color=&#8221;#FFFFFF&#8221; custom_padding_tablet=&#8221;&#8221; custom_padding_phone=&#8221;0px||0px||false|false&#8221; da_disable_devices=&#8221;off|off|off&#8221; global_colors_info=&#8221;{}&#8221; da_is_popup=&#8221;off&#8221; da_exit_intent=&#8221;off&#8221; da_has_close=&#8221;on&#8221; da_alt_close=&#8221;off&#8221; da_dark_close=&#8221;off&#8221; da_not_modal=&#8221;on&#8221; da_is_singular=&#8221;off&#8221; da_with_loader=&#8221;off&#8221; da_has_shadow=&#8221;on&#8221;][et_pb_row column_structure=&#8221;1_2,1_2&#8243; _builder_version=&#8221;4.27.4&#8243; _module_preset=&#8221;default&#8221; global_colors_info=&#8221;{}&#8221;][et_pb_column type=&#8221;1_2&#8243; _builder_version=&#8221;4.27.4&#8243; _module_preset=&#8221;default&#8221; global_colors_info=&#8221;{}&#8221;][et_pb_image src=&#8221;https:\/\/pjama.eu\/wp-content\/uploads\/Pjama-boy-jumping-7556-1.jpg&#8221; alt=&#8221;Pjama y\u00f6kasteluhousut&#8221; title_text=&#8221;Pjama-poika-hypp\u00e4\u00e4minen-7556 (1)&#8221; _builder_version=&#8221;4.27.4&#8243; width=&#8221;100%&#8221; custom_margin=&#8221;-10px||15px||false|false&#8221; custom_padding=&#8221;|5%||0%|false|false&#8221; border_radii=&#8221;on|10px|10px|10px|10px&#8221; global_colors_info=&#8221;{}&#8221;][\/et_pb_image][et_pb_text _builder_version=&#8221;4.27.4&#8243; _module_preset=&#8221;default&#8221; header_3_text_color=&#8221;gcid-5eef58f4-760a-49fb-ad33-042d93415a96&#8243; custom_margin_tablet=&#8221;&#8221; custom_margin_phone=&#8221;&#8221; custom_margin_last_edited=&#8221;on|phone&#8221; custom_padding_tablet=&#8221;&#8221; custom_padding_phone=&#8221;||40px||false|false&#8221; custom_padding_last_edited=&#8221;on|phone&#8221; global_colors_info=&#8221;{%22gcid-5eef58f4-760a-49fb-ad33-042d93415a96%22:%91%22header_3_text_color%22%93}&#8221;]<\/p>\n<h3>LAPSILLE<\/h3>\n<p><span style=\"font-weight: 400\">Pjama Protect- ja Pjama DryGuardians Y\u00f6asu lapsille on saatavana housuina ja shortseina useissa eri kooissa, jotka on r\u00e4\u00e4t\u00e4l\u00f6ity kasvaville lapsille. Pehme\u00e4t, huomaamattomat ja imukykyiset &#8211; ne pit\u00e4v\u00e4t s\u00e4ngyn kuivana ja onnettomuudet salassa, mik\u00e4 auttaa sek\u00e4 lapsia ett\u00e4 vanhempia nukkumaan helpommin. Konepest\u00e4v\u00e4t ja kuivausrumpuyst\u00e4v\u00e4lliset jokap\u00e4iv\u00e4ist\u00e4 mukavuutta ja kest\u00e4v\u00e4\u00e4 kest\u00e4vyytt\u00e4 varten.  <\/span><\/p>\n<p>[\/et_pb_text][\/et_pb_column][et_pb_column type=&#8221;1_2&#8243; _builder_version=&#8221;4.27.4&#8243; _module_preset=&#8221;default&#8221; global_colors_info=&#8221;{}&#8221;][et_pb_image src=&#8221;https:\/\/pjama.eu\/wp-content\/uploads\/Blue_shorts_adult-1-1.jpg&#8221; alt=&#8221;Y\u00f6kasteluhousut aikuinen&#8221; title_text=&#8221;Siniset_shortsit_aikuinen-1-1&#8243; _builder_version=&#8221;4.27.4&#8243; custom_margin=&#8221;-10px||15px||false|false&#8221; custom_padding=&#8221;|5%||0%|false|false&#8221; border_radii=&#8221;on|10px|10px|10px|10px&#8221; global_colors_info=&#8221;{}&#8221;][\/et_pb_image][et_pb_text _builder_version=&#8221;4.27.4&#8243; _module_preset=&#8221;default&#8221; header_3_text_color=&#8221;gcid-5eef58f4-760a-49fb-ad33-042d93415a96&#8243; global_colors_info=&#8221;{%22gcid-5eef58f4-760a-49fb-ad33-042d93415a96%22:%91%22header_3_text_color%22%93}&#8221;]<\/p>\n<h3>AIKUISILLE<\/h3>\n<p><span style=\"font-weight: 400\">Aikuisten Pjama-makuupuvut tarjoavat huomaamattoman ja luotettavan suojan &#8211; niin kotona kuin matkoilla. N\u00e4it\u00e4 imukykyisi\u00e4 housuja ja shortseja on saatavana eri kokoja, jotka istuvat mukavasti, ja ne pit\u00e4v\u00e4t s\u00e4ngyn kuivana koko y\u00f6n. Ne on helppo pest\u00e4 60 \u00b0C:ssa ja kuivata kuivausrummussa, ja niiss\u00e4 yhdistyv\u00e4t luotettava toimivuus, mukavuus ja mielenrauha.    <\/span><\/p>\n<p>[\/et_pb_text][\/et_pb_column][\/et_pb_row][et_pb_row column_structure=&#8221;1_2,1_2&#8243; _builder_version=&#8221;4.27.4&#8243; _module_preset=&#8221;default&#8221; global_colors_info=&#8221;{}&#8221;][et_pb_column type=&#8221;1_2&#8243; _builder_version=&#8221;4.27.4&#8243; _module_preset=&#8221;default&#8221; global_colors_info=&#8221;{}&#8221;][et_pb_image src=&#8221;https:\/\/pjama.eu\/wp-content\/uploads\/Pjama_how_it_works.png&#8221; title_text=&#8221;Pjama_how_it_works&#8221; _builder_version=&#8221;4.27.4&#8243; _module_preset=&#8221;default&#8221; global_colors_info=&#8221;{}&#8221;][\/et_pb_image][\/et_pb_column][et_pb_column type=&#8221;1_2&#8243; _builder_version=&#8221;4.27.4&#8243; _module_preset=&#8221;default&#8221; global_colors_info=&#8221;{}&#8221;][et_pb_text ol_position_tablet=&#8221;&#8221; ol_position_phone=&#8221;outside&#8221; ol_position_last_edited=&#8221;on|phone&#8221; ol_item_indent_tablet=&#8221;&#8221; ol_item_indent_phone=&#8221;0px&#8221; ol_item_indent_last_edited=&#8221;on|phone&#8221; module_class=&#8221;custom_bullets_wpcc custom_bullets_wpcc&#8211;point&#8221; _builder_version=&#8221;4.27.4&#8243; header_3_text_color=&#8221;gcid-5eef58f4-760a-49fb-ad33-042d93415a96&#8243; custom_margin=&#8221;||-50px||false|false&#8221; custom_padding=&#8221;|5%|0px|5%|false|false&#8221; ul_font_size_tablet=&#8221;&#8221; ul_font_size_phone=&#8221;17px&#8221; ul_font_size_last_edited=&#8221;on|phone&#8221; ol_font_size_tablet=&#8221;&#8221; ol_font_size_phone=&#8221;17px&#8221; ol_font_size_last_edited=&#8221;on|phone&#8221; ol_line_height_tablet=&#8221;&#8221; ol_line_height_phone=&#8221;1.1em&#8221; ol_line_height_last_edited=&#8221;on|phone&#8221; global_colors_info=&#8221;{%22gcid-5eef58f4-760a-49fb-ad33-042d93415a96%22:%91%22header_3_text_color%22%93}&#8221;]<\/p>\n<h3>TUOTTEEN OMINAISUUDET:<\/h3>\n<ul>\n<li style=\"font-weight: 400\"><span style=\"font-weight: 400\">Hienovarainen muotoilu &#8211; n\u00e4ytt\u00e4\u00e4 ja tuntuu tavalliselta unipuvulta.<\/span><\/li>\n<li style=\"font-weight: 400\"><span>Eritt\u00e4in imukykyinen materiaali kriittisill\u00e4 alueilla pit\u00e4\u00e4 s\u00e4ngyn kuivana.<\/span><\/li>\n<li style=\"font-weight: 400\"><span style=\"font-weight: 400\">Vett\u00e4 hylkiv\u00e4\u00e4 materiaalia vy\u00f6t\u00e4r\u00f6ll\u00e4 ja hihansuissa\/polven taitteissa.<\/span><\/li>\n<li style=\"font-weight: 400\">Ulompi vedenpit\u00e4v\u00e4 mutta hengitt\u00e4v\u00e4 kerros<\/li>\n<li style=\"font-weight: 400\">Pehme\u00e4 sis\u00e4kangas, hell\u00e4varainen ihoa vasten<\/li>\n<li style=\"font-weight: 400\">Konepest\u00e4v\u00e4 60\u00b0C:ssa ja kuivausrumpuyst\u00e4v\u00e4llinen.<\/li>\n<li style=\"font-weight: 400\">Saatavana lapsille ja aikuisille, housuina ja shortseina.<\/li>\n<li style=\"font-weight: 400\">V\u00e4ri: Sininen (Pjama Protect-sarja)<\/li>\n<\/ul>\n<p>[\/et_pb_text][\/et_pb_column][\/et_pb_row][\/et_pb_section]<\/p>\n","protected":false},"excerpt":{"rendered":"<p>HARJOITTELEVAT, LUOTETTAVAT PESUNPOISTOON SUOJAAVAT HOUSUT Y\u00d6 TOISENSA J\u00c4LKEEN Pjama Protect Pants &amp; Shortsit ovat alkuper\u00e4iset imukykyiset univaatteet, jotka on suunniteltu n\u00e4ytt\u00e4m\u00e4\u00e4n ja tuntumaan tavallisilta pyjamahousuilta. Huomaamattomat ja luotettavat, ne pit\u00e4v\u00e4t s\u00e4ngyn kuivana koko y\u00f6n ilman ylim\u00e4\u00e4r\u00e4isi\u00e4 suojia tai vaippoja. Pjama avulla lapset ja aikuiset, jotka k\u00e4rsiv\u00e4t vuodevedest\u00e4, voivat nukkua yst\u00e4vien luona, l\u00e4hte\u00e4 luottavaisin mielin koulumatkoille [&hellip;]<\/p>\n","protected":false},"author":1,"featured_media":31347,"parent":0,"menu_order":0,"comment_status":"closed","ping_status":"closed","template":"","meta":{"_et_pb_use_builder":"on","_et_pb_old_content":"","_et_gb_content_width":"","footnotes":""},"class_list":["post-23311","page","type-page","status-publish","has-post-thumbnail","hentry"],"_links":{"self":[{"href":"https:\/\/pjama.eu\/fi\/wp-json\/wp\/v2\/pages\/23311","targetHints":{"allow":["GET"]}}],"collection":[{"href":"https:\/\/pjama.eu\/fi\/wp-json\/wp\/v2\/pages"}],"about":[{"href":"https:\/\/pjama.eu\/fi\/wp-json\/wp\/v2\/types\/page"}],"author":[{"embeddable":true,"href":"https:\/\/pjama.eu\/fi\/wp-json\/wp\/v2\/users\/1"}],"replies":[{"embeddable":true,"href":"https:\/\/pjama.eu\/fi\/wp-json\/wp\/v2\/comments?post=23311"}],"version-history":[{"count":5,"href":"https:\/\/pjama.eu\/fi\/wp-json\/wp\/v2\/pages\/23311\/revisions"}],"predecessor-version":[{"id":26922,"href":"https:\/\/pjama.eu\/fi\/wp-json\/wp\/v2\/pages\/23311\/revisions\/26922"}],"wp:featuredmedia":[{"embeddable":true,"href":"https:\/\/pjama.eu\/fi\/wp-json\/wp\/v2\/media\/31347"}],"wp:attachment":[{"href":"https:\/\/pjama.eu\/fi\/wp-json\/wp\/v2\/media?parent=23311"}],"curies":[{"name":"wp","href":"https:\/\/api.w.org\/{rel}","templated":true}]}}