{"id":23392,"date":"2025-10-01T15:08:05","date_gmt":"2025-10-01T13:08:05","guid":{"rendered":"https:\/\/pjama.eu\/suojaava-vuodevaatteet\/"},"modified":"2025-11-04T13:39:13","modified_gmt":"2025-11-04T12:39:13","slug":"suojaava-vuodevaatteet","status":"publish","type":"page","link":"https:\/\/pjama.eu\/fi\/suojaava-vuodevaatteet\/","title":{"rendered":"Suojaava vuodevaatteet"},"content":{"rendered":"<p>[et_pb_section fb_built=&#8221;1&#8243; custom_padding_last_edited=&#8221;on|tablet&#8221; _builder_version=&#8221;4.27.4&#8243; background_color=&#8221;gcid-5eef58f4-760a-49fb-ad33-042d93415a96&#8243; custom_padding=&#8221;7%||0%||false|false&#8221; custom_padding_tablet=&#8221;||7%||false|false&#8221; custom_padding_phone=&#8221;&#8221; top_divider_height_tablet=&#8221;&#8221; top_divider_height_phone=&#8221;&#8221; top_divider_height_last_edited=&#8221;on|tablet&#8221; bottom_divider_color=&#8221;rgba(0,0,0,0)&#8221; bottom_divider_height=&#8221;154px&#8221; bottom_divider_height_tablet=&#8221;202px&#8221; bottom_divider_height_phone=&#8221;&#8221; bottom_divider_height_last_edited=&#8221;on|desktop&#8221; da_disable_devices=&#8221;off|off|off&#8221; collapsed=&#8221;on&#8221; global_colors_info=&#8221;{%22gcid-5eef58f4-760a-49fb-ad33-042d93415a96%22:%91%22background_color%22%93}&#8221; da_is_popup=&#8221;off&#8221; da_exit_intent=&#8221;off&#8221; da_has_close=&#8221;on&#8221; da_alt_close=&#8221;off&#8221; da_dark_close=&#8221;off&#8221; da_not_modal=&#8221;on&#8221; da_is_singular=&#8221;off&#8221; da_with_loader=&#8221;off&#8221; da_has_shadow=&#8221;on&#8221;][et_pb_row _builder_version=&#8221;4.22.1&#8243; custom_margin=&#8221;10px|auto|-20px|auto|false|false&#8221; custom_padding=&#8221;0px||0px||false|false&#8221; global_colors_info=&#8221;{}&#8221;][et_pb_column type=&#8221;4_4&#8243; _builder_version=&#8221;4.16&#8243; global_colors_info=&#8221;{}&#8221;][et_pb_text _builder_version=&#8221;4.27.4&#8243; header_text_color=&#8221;#D35917&#8243; header_font_size=&#8221;40px&#8221; header_3_font_size=&#8221;50px&#8221; background_layout=&#8221;dark&#8221; custom_margin=&#8221;15px||10px||false|false&#8221; custom_padding=&#8221;0px||0px||false|false&#8221; hover_enabled=&#8221;0&#8243; global_colors_info=&#8221;{}&#8221; sticky_enabled=&#8221;0&#8243; header_font_last_edited=&#8221;on|phone&#8221;]<\/p>\n<h1 class=\"hero\">Pjama Protect<\/h1>\n<h3 class=\"hero\">Suojaava vuodevaatteet<\/h3>\n<p>[\/et_pb_text][\/et_pb_column][\/et_pb_row][\/et_pb_section][et_pb_section fb_built=&#8221;1&#8243; _builder_version=&#8221;4.27.4&#8243; background_enable_color=&#8221;off&#8221; custom_margin=&#8221;0px||0px||false|false&#8221; custom_margin_tablet=&#8221;-60px||||false|false&#8221; custom_margin_last_edited=&#8221;off|desktop&#8221; custom_padding=&#8221;120px||0px||false|false&#8221; top_divider_style=&#8221;asymmetric&#8221; top_divider_color=&#8221;gcid-5eef58f4-760a-49fb-ad33-042d93415a96&#8243; top_divider_height=&#8221;150px&#8221; top_divider_height_tablet=&#8221;65px&#8221; top_divider_height_phone=&#8221;33px&#8221; top_divider_height_last_edited=&#8221;on|phone&#8221; da_disable_devices=&#8221;off|off|off&#8221; collapsed=&#8221;on&#8221; global_colors_info=&#8221;{%22gcid-5eef58f4-760a-49fb-ad33-042d93415a96%22:%91%22top_divider_color%22%93}&#8221; da_is_popup=&#8221;off&#8221; da_exit_intent=&#8221;off&#8221; da_has_close=&#8221;on&#8221; da_alt_close=&#8221;off&#8221; da_dark_close=&#8221;off&#8221; da_not_modal=&#8221;on&#8221; da_is_singular=&#8221;off&#8221; da_with_loader=&#8221;off&#8221; da_has_shadow=&#8221;on&#8221;][et_pb_row column_structure=&#8221;1_2,1_2&#8243; _builder_version=&#8221;4.27.4&#8243; _module_preset=&#8221;default&#8221; global_colors_info=&#8221;{}&#8221;][et_pb_column type=&#8221;1_2&#8243; _builder_version=&#8221;4.27.4&#8243; _module_preset=&#8221;default&#8221; global_colors_info=&#8221;{}&#8221;][et_pb_image src=&#8221;https:\/\/pjama.eu\/wp-content\/uploads\/Gosedjur-i-sang-1.jpg&#8221; alt=&#8221;Pjama vuodevaatteet&#8221; title_text=&#8221;Gosedjur-i-sang (1)&#8221; _builder_version=&#8221;4.27.4&#8243; _module_preset=&#8221;default&#8221; custom_margin_tablet=&#8221;&#8221; custom_margin_phone=&#8221;0px||||false|false&#8221; custom_margin_last_edited=&#8221;on|phone&#8221; border_radii=&#8221;on|10px|10px|10px|10px&#8221; global_colors_info=&#8221;{}&#8221;][\/et_pb_image][\/et_pb_column][et_pb_column type=&#8221;1_2&#8243; _builder_version=&#8221;4.27.4&#8243; _module_preset=&#8221;default&#8221; global_colors_info=&#8221;{}&#8221;][et_pb_text _builder_version=&#8221;4.27.4&#8243; text_font=&#8221;|&#8211;et_global_heading_font_weight|||||||&#8221; header_text_color=&#8221;gcid-5eef58f4-760a-49fb-ad33-042d93415a96&#8243; header_2_text_color=&#8221;#D35917&#8243; header_3_text_color=&#8221;gcid-5eef58f4-760a-49fb-ad33-042d93415a96&#8243; custom_padding=&#8221;|5%||5%|false|false&#8221; global_colors_info=&#8221;{%22gcid-5eef58f4-760a-49fb-ad33-042d93415a96%22:%91%22header_text_color%22,%22header_3_text_color%22%93}&#8221;]<\/p>\n<h3><span><strong>MUKAVAT LAKANAT, JOISSA ON SIS\u00c4\u00c4NRAKENNETTU SUOJA<\/strong><\/span><\/h3>\n<h2>SUOJAUS&amp;LEHTINEN 1:SS\u00c4<\/h2>\n<p><span>Pjama Protective Beddingiss\u00e4 yhdistyv\u00e4t mukavuus ja suojaus. Lakanat ja suojukset ovat pehme\u00e4t nukkua, ja vedenpit\u00e4v\u00e4 suojus est\u00e4\u00e4 nesteen p\u00e4\u00e4syn patjaan. Huomaamattomat, pest\u00e4v\u00e4t ja kest\u00e4v\u00e4t, ne tarjoavat luotettavan suojan y\u00f6 toisensa j\u00e4lkeen &#8211; ilman ylim\u00e4\u00e4r\u00e4ist\u00e4 vaivaa. T\u00e4ydelliset lapsille, aikuisille ja perheille, jotka haluavat mielenrauhaa ja h\u00e4iri\u00f6t\u00f6nt\u00e4 unta.   <\/span><\/p>\n<p>[\/et_pb_text][et_pb_button button_url=&#8221;https:\/\/pjama.eu\/fi\/yokasteluhousut\/&#8221; button_text=&#8221;OSTA T\u00c4ST\u00c4&#8221; button_alignment=&#8221;center&#8221; _builder_version=&#8221;4.27.4&#8243; _module_preset=&#8221;default&#8221; global_colors_info=&#8221;{}&#8221;][\/et_pb_button][\/et_pb_column][\/et_pb_row][\/et_pb_section][et_pb_section fb_built=&#8221;1&#8243; custom_padding_last_edited=&#8221;on|phone&#8221; _builder_version=&#8221;4.27.4&#8243; _module_preset=&#8221;default&#8221; background_color=&#8221;#FFFFFF&#8221; custom_padding_tablet=&#8221;&#8221; custom_padding_phone=&#8221;0px||0px||false|false&#8221; da_disable_devices=&#8221;off|off|off&#8221; global_colors_info=&#8221;{}&#8221; da_is_popup=&#8221;off&#8221; da_exit_intent=&#8221;off&#8221; da_has_close=&#8221;on&#8221; da_alt_close=&#8221;off&#8221; da_dark_close=&#8221;off&#8221; da_not_modal=&#8221;on&#8221; da_is_singular=&#8221;off&#8221; da_with_loader=&#8221;off&#8221; da_has_shadow=&#8221;on&#8221;][et_pb_row custom_padding_last_edited=&#8221;on|phone&#8221; _builder_version=&#8221;4.27.4&#8243; background_color=&#8221;gcid-5eef58f4-760a-49fb-ad33-042d93415a96&#8243; custom_margin=&#8221;40px||50px||false|false&#8221; custom_margin_tablet=&#8221;&#8221; custom_margin_phone=&#8221;-58px||20px||false|false&#8221; custom_margin_last_edited=&#8221;on|phone&#8221; custom_padding=&#8221;|10px||10px|false|true&#8221; custom_padding_tablet=&#8221;&#8221; custom_padding_phone=&#8221;|6px||6px|false|true&#8221; border_radii=&#8221;on|7px|7px|7px|7px&#8221; global_colors_info=&#8221;{%22gcid-5eef58f4-760a-49fb-ad33-042d93415a96%22:%91%22background_color%22%93}&#8221;][et_pb_column type=&#8221;4_4&#8243; _builder_version=&#8221;4.16&#8243; global_colors_info=&#8221;{}&#8221;][et_pb_heading title=&#8221;Katso, miten Pjama Protect -lakana ja Bedprotector toimii.&#8221; _builder_version=&#8221;4.27.4&#8243; _module_preset=&#8221;default&#8221; title_text_align=&#8221;center&#8221; title_text_color=&#8221;#D35917&#8243; title_font_size=&#8221;40px&#8221; global_colors_info=&#8221;{}&#8221;][\/et_pb_heading][et_pb_video src=&#8221;https:\/\/pjama.eu\/wp-content\/uploads\/Madrasskydd.mp4&#8243; image_src=&#8221;https:\/\/pjama.eu\/wp-content\/uploads\/Pjama_bedding2022-1.jpeg&#8221; thumbnail_overlay_color=&#8221;rgba(247,247,247,0.8)&#8221; _builder_version=&#8221;4.27.4&#8243; width=&#8221;70%&#8221; width_tablet=&#8221;90%&#8221; width_phone=&#8221;90%&#8221; width_last_edited=&#8221;on|desktop&#8221; module_alignment=&#8221;center&#8221; border_radii=&#8221;on|10px|10px|10px|10px&#8221; border_width_all=&#8221;4px&#8221; border_color_all=&#8221;#F8F8F8&#8243; box_shadow_style=&#8221;preset1&#8243; global_colors_info=&#8221;{}&#8221;][\/et_pb_video][et_pb_heading title=&#8221;Koska paremmilla \u00f6ill\u00e4 on v\u00e4li\u00e4&#8221; _builder_version=&#8221;4.27.4&#8243; _module_preset=&#8221;default&#8221; title_level=&#8221;h3&#8243; title_text_align=&#8221;center&#8221; title_text_color=&#8221;#F8F8F8&#8243; global_colors_info=&#8221;{}&#8221;][\/et_pb_heading][et_pb_button button_url=&#8221;https:\/\/pjama.eu\/fi\/yokasteluhousut\/&#8221; button_text=&#8221;Osta se t\u00e4\u00e4lt\u00e4&#8221; button_alignment=&#8221;center&#8221; _builder_version=&#8221;4.27.4&#8243; custom_button=&#8221;on&#8221; button_bg_color=&#8221;#61A2DF&#8221; button_use_icon=&#8221;off&#8221; global_colors_info=&#8221;{}&#8221; button_bg_color__hover_enabled=&#8221;on|hover&#8221; button_bg_color__hover=&#8221;rgba(31,68,139,0.8)&#8221; button_bg_enable_color__hover=&#8221;on&#8221;][\/et_pb_button][\/et_pb_column][\/et_pb_row][\/et_pb_section][et_pb_section fb_built=&#8221;1&#8243; _builder_version=&#8221;4.27.4&#8243; _module_preset=&#8221;default&#8221; da_disable_devices=&#8221;off|off|off&#8221; global_colors_info=&#8221;{}&#8221; da_is_popup=&#8221;off&#8221; da_exit_intent=&#8221;off&#8221; da_has_close=&#8221;on&#8221; da_alt_close=&#8221;off&#8221; da_dark_close=&#8221;off&#8221; da_not_modal=&#8221;on&#8221; da_is_singular=&#8221;off&#8221; da_with_loader=&#8221;off&#8221; da_has_shadow=&#8221;on&#8221;][et_pb_row column_structure=&#8221;1_4,1_4,1_4,1_4&#8243; _builder_version=&#8221;4.27.4&#8243; _module_preset=&#8221;default&#8221; global_colors_info=&#8221;{}&#8221;][et_pb_column type=&#8221;1_4&#8243; _builder_version=&#8221;4.27.4&#8243; _module_preset=&#8221;default&#8221; global_colors_info=&#8221;{}&#8221;][et_pb_image src=&#8221;https:\/\/pjama.eu\/wp-content\/uploads\/Kvalsterskydd-Baddmadrass-e1669386409554.jpeg&#8221; title_text=&#8221;Kvalsterskydd-Ba\u0308ddmadrass-e1669386409554&#8243; align_tablet=&#8221;&#8221; align_phone=&#8221;center&#8221; align_last_edited=&#8221;on|phone&#8221; _builder_version=&#8221;4.27.4&#8243; _module_preset=&#8221;default&#8221; border_radii=&#8221;on|10px|10px|10px|10px&#8221; global_colors_info=&#8221;{}&#8221;][\/et_pb_image][et_pb_text _builder_version=&#8221;4.27.4&#8243; _module_preset=&#8221;default&#8221; header_3_text_color=&#8221;gcid-5eef58f4-760a-49fb-ad33-042d93415a96&#8243; header_3_text_align_tablet=&#8221;&#8221; header_3_text_align_phone=&#8221;left&#8221; header_3_text_align_last_edited=&#8221;on|phone&#8221; global_colors_info=&#8221;{%22gcid-5eef58f4-760a-49fb-ad33-042d93415a96%22:%91%22header_3_text_color%22%93}&#8221;]<\/p>\n<h3>Lakana &amp; s\u00e4ngynsuoja (s\u00e4ngyn patja)<\/h3>\n<p>[\/et_pb_text][et_pb_text _builder_version=&#8221;4.27.4&#8243; _module_preset=&#8221;default&#8221; text_font=&#8221;|&#8211;et_global_heading_font_weight|||||||&#8221; global_colors_info=&#8221;{}&#8221;]<\/p>\n<p>Pehme\u00e4, imukykyinen ja vedenpit\u00e4v\u00e4 yhdess\u00e4. Valmistettu TENCEL\u2122-kuiduista, jotka ovat pehme\u00e4mpi\u00e4 kuin silkki, mukavan unen takaamiseksi &#8211; samalla kun kalvo est\u00e4\u00e4 kaiken nesteen p\u00e4\u00e4syn patjaan. <\/p>\n<p>[\/et_pb_text][\/et_pb_column][et_pb_column type=&#8221;1_4&#8243; _builder_version=&#8221;4.27.4&#8243; _module_preset=&#8221;default&#8221; global_colors_info=&#8221;{}&#8221;][et_pb_image src=&#8221;https:\/\/pjama.eu\/wp-content\/uploads\/Duvet-protector-312-scaled-e1694612711802-1-2.jpg&#8221; alt=&#8221;Vuodevaatteiden suojaus&#8221; title_text=&#8221;Duvet-protector-312-scaled-e1694612711802-1-2&#8243; align_tablet=&#8221;&#8221; align_phone=&#8221;center&#8221; align_last_edited=&#8221;on|phone&#8221; _builder_version=&#8221;4.27.4&#8243; _module_preset=&#8221;default&#8221; border_radii=&#8221;on|10px|10px|10px|10px&#8221; global_colors_info=&#8221;{}&#8221;][\/et_pb_image][et_pb_text _builder_version=&#8221;4.27.4&#8243; _module_preset=&#8221;default&#8221; header_3_text_color=&#8221;gcid-5eef58f4-760a-49fb-ad33-042d93415a96&#8243; global_colors_info=&#8221;{%22gcid-5eef58f4-760a-49fb-ad33-042d93415a96%22:%91%22header_3_text_color%22%93}&#8221;]<\/p>\n<h3>Pussilakana<\/h3>\n<p>[\/et_pb_text][et_pb_text _builder_version=&#8221;4.27.4&#8243; _module_preset=&#8221;default&#8221; text_font=&#8221;|&#8211;et_global_heading_font_weight|||||||&#8221; global_colors_info=&#8221;{}&#8221;]<\/p>\n<p>T\u00e4ydellinen pussilakanasuoja huomaamattomalla vetoketjulla. Est\u00e4\u00e4 nesteiden vuotamisen l\u00e4pi ja toimii my\u00f6s esteen\u00e4 p\u00f6lypunkkeja vastaan &#8211; ihanteellinen herkille nukkujille. <\/p>\n<p>[\/et_pb_text][\/et_pb_column][et_pb_column type=&#8221;1_4&#8243; _builder_version=&#8221;4.27.4&#8243; _module_preset=&#8221;default&#8221; global_colors_info=&#8221;{}&#8221;][et_pb_image src=&#8221;https:\/\/pjama.eu\/wp-content\/uploads\/Kvalsterskydd-Kudde-e1701444082895.jpg&#8221; alt=&#8221;TYYNYN JA TYYNYNP\u00c4\u00c4LLISEN SUOJAUS 1:SS\u00c4&#8221; title_text=&#8221;Kvalsterskydd Kudde&#8221; align_tablet=&#8221;&#8221; align_phone=&#8221;center&#8221; align_last_edited=&#8221;on|phone&#8221; _builder_version=&#8221;4.27.4&#8243; _module_preset=&#8221;default&#8221; border_radii=&#8221;on|10px|10px|10px|10px&#8221; global_colors_info=&#8221;{}&#8221;][\/et_pb_image][et_pb_text _builder_version=&#8221;4.27.4&#8243; _module_preset=&#8221;default&#8221; header_3_text_color=&#8221;gcid-5eef58f4-760a-49fb-ad33-042d93415a96&#8243; global_colors_info=&#8221;{%22gcid-5eef58f4-760a-49fb-ad33-042d93415a96%22:%91%22header_3_text_color%22%93}&#8221;]<\/p>\n<h3>Tyynyliina<\/h3>\n<p>[\/et_pb_text][et_pb_text _builder_version=&#8221;4.27.4&#8243; _module_preset=&#8221;default&#8221; text_font=&#8221;|&#8211;et_global_heading_font_weight|||||||&#8221; global_colors_info=&#8221;{}&#8221;]<\/p>\n<p>Pit\u00e4\u00e4 tyynyt kuivina, raikkaina ja allergiaturvallisina. Hengitt\u00e4v\u00e4 kangas est\u00e4\u00e4 kosteutta ja p\u00f6lypunkkeja, ja k\u00e4yt\u00e4nn\u00f6llisen vetoketjun ansiosta se peitt\u00e4\u00e4 kaiken. 100 % vapaa kemikaaleista.  <\/p>\n<p>[\/et_pb_text][\/et_pb_column][et_pb_column type=&#8221;1_4&#8243; _builder_version=&#8221;4.27.4&#8243; _module_preset=&#8221;default&#8221; global_colors_info=&#8221;{}&#8221;][et_pb_image src=&#8221;https:\/\/pjama.eu\/wp-content\/uploads\/Pjama_bedding2022-1.jpeg&#8221; alt=&#8221;Patjojen ja vuodevaatteiden suojaus&#8221; title_text=&#8221;Patjojen ja vuodevaatteiden suojaus&#8221; align_tablet=&#8221;&#8221; align_phone=&#8221;center&#8221; align_last_edited=&#8221;on|phone&#8221; _builder_version=&#8221;4.27.4&#8243; _module_preset=&#8221;default&#8221; border_radii=&#8221;on|10px|10px|10px|10px&#8221; global_colors_info=&#8221;{}&#8221;][\/et_pb_image][et_pb_text _builder_version=&#8221;4.27.4&#8243; _module_preset=&#8221;default&#8221; header_3_text_color=&#8221;gcid-5eef58f4-760a-49fb-ad33-042d93415a96&#8243; global_colors_info=&#8221;{%22gcid-5eef58f4-760a-49fb-ad33-042d93415a96%22:%91%22header_3_text_color%22%93}&#8221;]<\/p>\n<h3>Lakana &amp; s\u00e4ngynsuoja (Boxspring-patja)<\/h3>\n<p>[\/et_pb_text][et_pb_text _builder_version=&#8221;4.27.4&#8243; _module_preset=&#8221;default&#8221; text_font=&#8221;|&#8211;et_global_heading_font_weight|||||||&#8221; global_colors_info=&#8221;{}&#8221;]<\/p>\n<p>T\u00e4ydellinen lakanoiden ja laatikoiden suojaus yhdess\u00e4. Luonnollinen, hengitt\u00e4v\u00e4 kangas, joka on valmistettu TENCEL\u2122\/SMARTCEL\u2122-puukuiduista, pit\u00e4\u00e4 nesteet poissa ja on samalla pehme\u00e4 ja kemikaalivapaa. <\/p>\n<p>[\/et_pb_text][\/et_pb_column][\/et_pb_row][\/et_pb_section]<\/p>\n","protected":false},"excerpt":{"rendered":"<p>Pjama Protect Suojaava vuodevaatteetMUKAVAT LAKANAT, JOISSA ON SIS\u00c4\u00c4NRAKENNETTU SUOJA SUOJAUS&amp;LEHTINEN 1:SS\u00c4 Pjama Protective Beddingiss\u00e4 yhdistyv\u00e4t mukavuus ja suojaus. Lakanat ja suojukset ovat pehme\u00e4t nukkua, ja vedenpit\u00e4v\u00e4 suojus est\u00e4\u00e4 nesteen p\u00e4\u00e4syn patjaan. Huomaamattomat, pest\u00e4v\u00e4t ja kest\u00e4v\u00e4t, ne tarjoavat luotettavan suojan y\u00f6 toisensa j\u00e4lkeen &#8211; ilman ylim\u00e4\u00e4r\u00e4ist\u00e4 vaivaa. T\u00e4ydelliset lapsille, aikuisille ja perheille, jotka haluavat mielenrauhaa ja [&hellip;]<\/p>\n","protected":false},"author":33,"featured_media":0,"parent":0,"menu_order":0,"comment_status":"closed","ping_status":"closed","template":"","meta":{"_et_pb_use_builder":"on","_et_pb_old_content":"","_et_gb_content_width":"","footnotes":""},"class_list":["post-23392","page","type-page","status-publish","hentry"],"_links":{"self":[{"href":"https:\/\/pjama.eu\/fi\/wp-json\/wp\/v2\/pages\/23392","targetHints":{"allow":["GET"]}}],"collection":[{"href":"https:\/\/pjama.eu\/fi\/wp-json\/wp\/v2\/pages"}],"about":[{"href":"https:\/\/pjama.eu\/fi\/wp-json\/wp\/v2\/types\/page"}],"author":[{"embeddable":true,"href":"https:\/\/pjama.eu\/fi\/wp-json\/wp\/v2\/users\/33"}],"replies":[{"embeddable":true,"href":"https:\/\/pjama.eu\/fi\/wp-json\/wp\/v2\/comments?post=23392"}],"version-history":[{"count":1,"href":"https:\/\/pjama.eu\/fi\/wp-json\/wp\/v2\/pages\/23392\/revisions"}],"predecessor-version":[{"id":23400,"href":"https:\/\/pjama.eu\/fi\/wp-json\/wp\/v2\/pages\/23392\/revisions\/23400"}],"wp:attachment":[{"href":"https:\/\/pjama.eu\/fi\/wp-json\/wp\/v2\/media?parent=23392"}],"curies":[{"name":"wp","href":"https:\/\/api.w.org\/{rel}","templated":true}]}}