{"id":23414,"date":"2025-10-01T19:58:33","date_gmt":"2025-10-01T17:58:33","guid":{"rendered":"https:\/\/pjama.eu\/tarvikkeet\/"},"modified":"2025-11-04T13:39:14","modified_gmt":"2025-11-04T12:39:14","slug":"tarvikkeet","status":"publish","type":"page","link":"https:\/\/pjama.eu\/fi\/tarvikkeet\/","title":{"rendered":"Tarvikkeet"},"content":{"rendered":"<p>[et_pb_section fb_built=&#8221;1&#8243; custom_padding_last_edited=&#8221;on|tablet&#8221; _builder_version=&#8221;4.27.4&#8243; background_color=&#8221;gcid-5eef58f4-760a-49fb-ad33-042d93415a96&#8243; custom_padding=&#8221;7%||0%||false|false&#8221; custom_padding_tablet=&#8221;||7%||false|false&#8221; custom_padding_phone=&#8221;&#8221; top_divider_height_tablet=&#8221;&#8221; top_divider_height_phone=&#8221;&#8221; top_divider_height_last_edited=&#8221;on|tablet&#8221; bottom_divider_color=&#8221;rgba(0,0,0,0)&#8221; bottom_divider_height=&#8221;154px&#8221; bottom_divider_height_tablet=&#8221;202px&#8221; bottom_divider_height_phone=&#8221;&#8221; bottom_divider_height_last_edited=&#8221;on|desktop&#8221; da_disable_devices=&#8221;off|off|off&#8221; collapsed=&#8221;on&#8221; global_colors_info=&#8221;{%22gcid-5eef58f4-760a-49fb-ad33-042d93415a96%22:%91%22background_color%22%93}&#8221; da_is_popup=&#8221;off&#8221; da_exit_intent=&#8221;off&#8221; da_has_close=&#8221;on&#8221; da_alt_close=&#8221;off&#8221; da_dark_close=&#8221;off&#8221; da_not_modal=&#8221;on&#8221; da_is_singular=&#8221;off&#8221; da_with_loader=&#8221;off&#8221; da_has_shadow=&#8221;on&#8221;][et_pb_row _builder_version=&#8221;4.22.1&#8243; custom_margin=&#8221;10px|auto|-20px|auto|false|false&#8221; custom_padding=&#8221;0px||0px||false|false&#8221; global_colors_info=&#8221;{}&#8221;][et_pb_column type=&#8221;4_4&#8243; _builder_version=&#8221;4.16&#8243; global_colors_info=&#8221;{}&#8221;][et_pb_text _builder_version=&#8221;4.27.4&#8243; header_text_color=&#8221;#D35917&#8243; header_font_size=&#8221;40px&#8221; header_2_font_size=&#8221;75px&#8221; background_layout=&#8221;dark&#8221; custom_margin=&#8221;15px||10px||false|false&#8221; custom_padding=&#8221;0px||0px||false|false&#8221; header_font_size_tablet=&#8221;40px&#8221; header_font_size_phone=&#8221;25px&#8221; header_font_size_last_edited=&#8221;on|phone&#8221; header_2_font_size_tablet=&#8221;75px&#8221; header_2_font_size_phone=&#8221;40px&#8221; header_2_font_size_last_edited=&#8221;on|phone&#8221; global_colors_info=&#8221;{}&#8221;]<\/p>\n<h1 class=\"hero\">Tarvikkeet<\/h1>\n<h2 class=\"et_pb_module_heading\">Pjama V\u00e4risev\u00e4 h\u00e4lytyskello<\/h2>\n<p>[\/et_pb_text][\/et_pb_column][\/et_pb_row][\/et_pb_section][et_pb_section fb_built=&#8221;1&#8243; _builder_version=&#8221;4.27.4&#8243; background_enable_color=&#8221;off&#8221; custom_margin=&#8221;0px||0px||false|false&#8221; custom_margin_tablet=&#8221;-60px||||false|false&#8221; custom_margin_last_edited=&#8221;off|desktop&#8221; custom_padding=&#8221;120px||0px||false|false&#8221; top_divider_style=&#8221;asymmetric&#8221; top_divider_color=&#8221;gcid-5eef58f4-760a-49fb-ad33-042d93415a96&#8243; top_divider_height=&#8221;150px&#8221; top_divider_height_tablet=&#8221;65px&#8221; top_divider_height_phone=&#8221;33px&#8221; top_divider_height_last_edited=&#8221;on|phone&#8221; da_disable_devices=&#8221;off|off|off&#8221; collapsed=&#8221;on&#8221; global_colors_info=&#8221;{%22gcid-5eef58f4-760a-49fb-ad33-042d93415a96%22:%91%22top_divider_color%22%93}&#8221; da_is_popup=&#8221;off&#8221; da_exit_intent=&#8221;off&#8221; da_has_close=&#8221;on&#8221; da_alt_close=&#8221;off&#8221; da_dark_close=&#8221;off&#8221; da_not_modal=&#8221;on&#8221; da_is_singular=&#8221;off&#8221; da_with_loader=&#8221;off&#8221; da_has_shadow=&#8221;on&#8221;][et_pb_row column_structure=&#8221;1_2,1_2&#8243; _builder_version=&#8221;4.27.4&#8243; _module_preset=&#8221;default&#8221; global_colors_info=&#8221;{}&#8221;][et_pb_column type=&#8221;1_2&#8243; _builder_version=&#8221;4.27.4&#8243; _module_preset=&#8221;default&#8221; global_colors_info=&#8221;{}&#8221;][et_pb_image src=&#8221;https:\/\/pjama.eu\/wp-content\/uploads\/Pjama-Accessories-watch.jpg&#8221; alt=&#8221;Pjama tarvikkeet&#8221; title_text=&#8221;Pjama tarvikkeet katsella&#8221; _builder_version=&#8221;4.27.4&#8243; _module_preset=&#8221;default&#8221; transform_scale=&#8221;120%|120%&#8221; transform_scale_tablet=&#8221;120%|120%&#8221; transform_scale_phone=&#8221;100%|100%&#8221; transform_scale_last_edited=&#8221;on|phone&#8221; transform_translate=&#8221;31px|85px&#8221; transform_translate_tablet=&#8221;31px|85px&#8221; transform_translate_phone=&#8221;32px|-10px&#8221; transform_translate_last_edited=&#8221;on|phone&#8221; transform_rotate_tablet=&#8221;&#8221; transform_rotate_phone=&#8221;&#8221; transform_rotate_last_edited=&#8221;on|phone&#8221; transform_skew_tablet=&#8221;&#8221; transform_skew_phone=&#8221;&#8221; transform_skew_last_edited=&#8221;on|phone&#8221; transform_origin_tablet=&#8221;&#8221; transform_origin_phone=&#8221;&#8221; transform_origin_last_edited=&#8221;on|phone&#8221; transform_styles_last_edited=&#8221;on|phone&#8221; custom_margin_tablet=&#8221;&#8221; custom_margin_phone=&#8221;0px||||false|false&#8221; custom_margin_last_edited=&#8221;on|phone&#8221; transform_styles_tablet=&#8221;&#8221; transform_styles_phone=&#8221;&#8221; border_radii=&#8221;on|10px|10px|10px|10px&#8221; global_colors_info=&#8221;{}&#8221;][\/et_pb_image][\/et_pb_column][et_pb_column type=&#8221;1_2&#8243; _builder_version=&#8221;4.27.4&#8243; _module_preset=&#8221;default&#8221; global_colors_info=&#8221;{}&#8221;][et_pb_text _builder_version=&#8221;4.27.4&#8243; text_font=&#8221;|&#8211;et_global_heading_font_weight|||||||&#8221; header_text_color=&#8221;gcid-2352d280-fe84-43b1-a71e-f400c35a526a&#8221; header_2_text_color=&#8221;#D35917&#8243; header_3_text_color=&#8221;gcid-5eef58f4-760a-49fb-ad33-042d93415a96&#8243; custom_padding=&#8221;|5%||5%|false|false&#8221; global_colors_info=&#8221;{%22gcid-2352d280-fe84-43b1-a71e-f400c35a526a%22:%91%22header_text_color%22%93,%22gcid-5eef58f4-760a-49fb-ad33-042d93415a96%22:%91%22header_3_text_color%22%93}&#8221;]<\/p>\n<h3 style=\"text-align: center\"><span>LEMPE\u00c4T MUISTUTUKSET  <\/span><\/h3>\n<h2 style=\"text-align: center\"><span>P\u00c4IVITT\u00c4ISI\u00c4 RUTIINEJA VARTEN<\/span><\/h2>\n<p>Pjama v\u00e4risev\u00e4 h\u00e4lytyskello auttaa lapsia ja aikuisia muistamaan t\u00e4rkeit\u00e4 hetki\u00e4 p\u00e4iv\u00e4n aikana &#8211; kuten vessak\u00e4ynnit tai l\u00e4\u00e4kkeiden ottoajat. Huomaamattoman v\u00e4rin\u00e4n ansiosta se sopii erinomaisesti kouluun tai julkisiin tiloihin her\u00e4tt\u00e4m\u00e4tt\u00e4 huomiota.<br \/>Ladattava, helppo ohjelmoida ja mukava k\u00e4ytt\u00e4\u00e4, se on t\u00e4ydellinen lis\u00e4 Pjama DryGuardians -menetelm\u00e4\u00e4n. <\/p>\n<p>&nbsp;<\/p>\n<ul>\n<li>Digitaalinen LED-n\u00e4ytt\u00f6 &#8211; n\u00e4ytt\u00e4\u00e4 ajan aivan kuten tavallinen kello.<\/li>\n<li>Jopa 8 p\u00e4ivitt\u00e4ist\u00e4 h\u00e4lytyst\u00e4 &#8211; aseta muistutuksia WC-k\u00e4ynneist\u00e4, l\u00e4\u00e4kityksest\u00e4 tai rutiineista.<\/li>\n<li>Pehme\u00e4 silikonihihna &#8211; joustava, s\u00e4\u00e4dett\u00e4v\u00e4 ja mukava koko p\u00e4iv\u00e4n.<\/li>\n<li>Ladattavissa Micro USB:n kautta &#8211; nopea ja helppo lataus.<\/li>\n<li>Pitk\u00e4 akun kesto &#8211; kest\u00e4\u00e4 6-15 p\u00e4iv\u00e4\u00e4 t\u00e4ydell\u00e4 latauksella.<\/li>\n<\/ul>\n<p>[\/et_pb_text][et_pb_button button_url=&#8221;https:\/\/pjama.eu\/fi\/tarvikkeiden-kauppa\/&#8221; button_text=&#8221;OSTA T\u00c4ST\u00c4&#8221; button_alignment=&#8221;center&#8221; _builder_version=&#8221;4.27.4&#8243; _module_preset=&#8221;default&#8221; global_colors_info=&#8221;{}&#8221;][\/et_pb_button][\/et_pb_column][\/et_pb_row][\/et_pb_section][et_pb_section fb_built=&#8221;1&#8243; _builder_version=&#8221;4.27.4&#8243; _module_preset=&#8221;default&#8221; da_disable_devices=&#8221;off|off|off&#8221; global_colors_info=&#8221;{}&#8221; da_is_popup=&#8221;off&#8221; da_exit_intent=&#8221;off&#8221; da_has_close=&#8221;on&#8221; da_alt_close=&#8221;off&#8221; da_dark_close=&#8221;off&#8221; da_not_modal=&#8221;on&#8221; da_is_singular=&#8221;off&#8221; da_with_loader=&#8221;off&#8221; da_has_shadow=&#8221;on&#8221;][et_pb_row column_structure=&#8221;1_3,1_3,1_3&#8243; _builder_version=&#8221;4.27.4&#8243; _module_preset=&#8221;default&#8221; global_colors_info=&#8221;{}&#8221;][et_pb_column type=&#8221;1_3&#8243; _builder_version=&#8221;4.27.4&#8243; _module_preset=&#8221;default&#8221; global_colors_info=&#8221;{}&#8221;][et_pb_image src=&#8221;https:\/\/pjama.eu\/wp-content\/uploads\/Vibrerande-Alarm-klocka-mo\u0308rkbla\u030a.jpg&#8221; alt=&#8221;Kello, jossa on v\u00e4rin\u00e4h\u00e4lytys&#8221; title_text=&#8221;Vibrerande Alarm klocka klocka m\u00f6rkbl\u00e5&#8221; _builder_version=&#8221;4.27.4&#8243; _module_preset=&#8221;default&#8221; border_radii=&#8221;on|10px|10px|10px|10px&#8221; global_colors_info=&#8221;{}&#8221;][\/et_pb_image][et_pb_text _builder_version=&#8221;4.27.4&#8243; _module_preset=&#8221;default&#8221; header_3_text_color=&#8221;gcid-5eef58f4-760a-49fb-ad33-042d93415a96&#8243; global_colors_info=&#8221;{%22gcid-5eef58f4-760a-49fb-ad33-042d93415a96%22:%91%22header_3_text_color%22%93}&#8221;]<\/p>\n<h3>Pjama <span>V\u00e4risev\u00e4 h\u00e4lytyskello &#8211; sininen <\/span><\/h3>\n<p>[\/et_pb_text][et_pb_text _builder_version=&#8221;4.27.4&#8243; _module_preset=&#8221;default&#8221; global_colors_info=&#8221;{}&#8221;]<\/p>\n<p>Tyylik\u00e4s pjama v\u00e4risev\u00e4 h\u00e4lytyskello, joka muistuttaa sinua WC-k\u00e4ynneist\u00e4 tai p\u00e4ivitt\u00e4isist\u00e4 rutiineista.<br data-start=\"987\" data-end=\"990\">Kun muistutuksia ei en\u00e4\u00e4 tarvita, sit\u00e4 voidaan k\u00e4ytt\u00e4\u00e4 tavallisena rannekellona.<br data-start=\"1066\" data-end=\"1069\"><\/p>\n<p>[\/et_pb_text][\/et_pb_column][et_pb_column type=&#8221;1_3&#8243; _builder_version=&#8221;4.27.4&#8243; _module_preset=&#8221;default&#8221; global_colors_info=&#8221;{}&#8221;][et_pb_image src=&#8221;https:\/\/pjama.eu\/wp-content\/uploads\/Vibrerande-Alarm-klocka-rosa.jpg&#8221; alt=&#8221;Vuodevaatteiden suojaus&#8221; title_text=&#8221;Vibrerande Alarm klocka rosa Vibrerande Alarm klocka rosa&#8221; _builder_version=&#8221;4.27.4&#8243; _module_preset=&#8221;default&#8221; border_radii=&#8221;on|10px|10px|10px|10px&#8221; global_colors_info=&#8221;{}&#8221;][\/et_pb_image][et_pb_text _builder_version=&#8221;4.27.4&#8243; _module_preset=&#8221;default&#8221; header_3_text_color=&#8221;gcid-5eef58f4-760a-49fb-ad33-042d93415a96&#8243; global_colors_info=&#8221;{%22gcid-5eef58f4-760a-49fb-ad33-042d93415a96%22:%91%22header_3_text_color%22%93}&#8221;]<\/p>\n<h3>Pjama <span>V\u00e4risev\u00e4 h\u00e4lytyskello &#8211; vaaleanpunainen <\/span><\/h3>\n<p>[\/et_pb_text][et_pb_text _builder_version=&#8221;4.27.4&#8243; _module_preset=&#8221;default&#8221; global_colors_info=&#8221;{}&#8221;]<\/p>\n<p>Tyylik\u00e4s pjama v\u00e4risev\u00e4 h\u00e4lytyskello, joka muistuttaa sinua WC-k\u00e4ynneist\u00e4 tai p\u00e4ivitt\u00e4isist\u00e4 rutiineista.<br data-start=\"987\" data-end=\"990\">Kun muistutuksia ei en\u00e4\u00e4 tarvita, sit\u00e4 voidaan k\u00e4ytt\u00e4\u00e4 tavallisena rannekellona.<\/p>\n<p>[\/et_pb_text][\/et_pb_column][et_pb_column type=&#8221;1_3&#8243; _builder_version=&#8221;4.27.4&#8243; _module_preset=&#8221;default&#8221; global_colors_info=&#8221;{}&#8221;][et_pb_image src=&#8221;https:\/\/pjama.eu\/wp-content\/uploads\/Vibrerande-Alarm-klocka-svart.jpg&#8221; alt=&#8221;TYYNYN JA TYYNYNP\u00c4\u00c4LLISEN SUOJAUS 1:SS\u00c4&#8221; title_text=&#8221;Vibrerande Alarm klocka svart Vibrerande Alarm klocka svart&#8221; _builder_version=&#8221;4.27.4&#8243; _module_preset=&#8221;default&#8221; border_radii=&#8221;on|10px|10px|10px|10px&#8221; global_colors_info=&#8221;{}&#8221;][\/et_pb_image][et_pb_text _builder_version=&#8221;4.27.4&#8243; _module_preset=&#8221;default&#8221; header_3_text_color=&#8221;gcid-5eef58f4-760a-49fb-ad33-042d93415a96&#8243; global_colors_info=&#8221;{%22gcid-5eef58f4-760a-49fb-ad33-042d93415a96%22:%91%22header_3_text_color%22%93}&#8221;]<\/p>\n<h3><span>Pjama V\u00e4risev\u00e4 h\u00e4lytyskello &#8211; musta<\/span><\/h3>\n<p>[\/et_pb_text][et_pb_text _builder_version=&#8221;4.27.4&#8243; _module_preset=&#8221;default&#8221; global_colors_info=&#8221;{}&#8221;]<\/p>\n<p>Tyylik\u00e4s pjama v\u00e4risev\u00e4 h\u00e4lytyskello, joka muistuttaa sinua WC-k\u00e4ynneist\u00e4 tai p\u00e4ivitt\u00e4isist\u00e4 rutiineista.<br data-start=\"987\" data-end=\"990\">Kun muistutuksia ei en\u00e4\u00e4 tarvita, sit\u00e4 voidaan k\u00e4ytt\u00e4\u00e4 tavallisena rannekellona.<\/p>\n<p>[\/et_pb_text][\/et_pb_column][\/et_pb_row][\/et_pb_section][et_pb_section fb_built=&#8221;1&#8243; _builder_version=&#8221;4.27.4&#8243; _module_preset=&#8221;default&#8221; background_color=&#8221;gcid-5eef58f4-760a-49fb-ad33-042d93415a96&#8243; da_disable_devices=&#8221;off|off|off&#8221; global_colors_info=&#8221;{%22gcid-5eef58f4-760a-49fb-ad33-042d93415a96%22:%91%22background_color%22%93}&#8221; da_is_popup=&#8221;off&#8221; da_exit_intent=&#8221;off&#8221; da_has_close=&#8221;on&#8221; da_alt_close=&#8221;off&#8221; da_dark_close=&#8221;off&#8221; da_not_modal=&#8221;on&#8221; da_is_singular=&#8221;off&#8221; da_with_loader=&#8221;off&#8221; da_has_shadow=&#8221;on&#8221;][et_pb_row _builder_version=&#8221;4.22.1&#8243; custom_margin=&#8221;10px|auto|-20px|auto|false|false&#8221; custom_padding=&#8221;0px||0px||false|false&#8221; global_colors_info=&#8221;{}&#8221;][et_pb_column type=&#8221;4_4&#8243; _builder_version=&#8221;4.16&#8243; global_colors_info=&#8221;{}&#8221;][et_pb_text _builder_version=&#8221;4.27.4&#8243; header_text_color=&#8221;#D35917&#8243; header_font_size=&#8221;40px&#8221; header_2_font_size=&#8221;75px&#8221; background_layout=&#8221;dark&#8221; custom_margin=&#8221;15px||10px||false|false&#8221; custom_padding=&#8221;0px||0px||false|false&#8221; header_font_size_tablet=&#8221;40px&#8221; header_font_size_phone=&#8221;25px&#8221; header_font_size_last_edited=&#8221;on|phone&#8221; header_2_font_size_tablet=&#8221;75px&#8221; header_2_font_size_phone=&#8221;40px&#8221; header_2_font_size_last_edited=&#8221;on|phone&#8221; global_colors_info=&#8221;{}&#8221;]<\/p>\n<h1 class=\"hero\">Tarvikkeet<\/h1>\n<h2>Vedenpit\u00e4v\u00e4 ja pest\u00e4v\u00e4 Pjama-laukku<\/h2>\n<p>[\/et_pb_text][\/et_pb_column][\/et_pb_row][\/et_pb_section][et_pb_section fb_built=&#8221;1&#8243; _builder_version=&#8221;4.27.4&#8243; _module_preset=&#8221;default&#8221; background_color=&#8221;gcid-2352d280-fe84-43b1-a71e-f400c35a526a&#8221; top_divider_style=&#8221;asymmetric&#8221; top_divider_color=&#8221;gcid-5eef58f4-760a-49fb-ad33-042d93415a96&#8243; da_disable_devices=&#8221;off|off|off&#8221; global_colors_info=&#8221;{%22gcid-5eef58f4-760a-49fb-ad33-042d93415a96%22:%91%22top_divider_color%22%93}&#8221; da_is_popup=&#8221;off&#8221; da_exit_intent=&#8221;off&#8221; da_has_close=&#8221;on&#8221; da_alt_close=&#8221;off&#8221; da_dark_close=&#8221;off&#8221; da_not_modal=&#8221;on&#8221; da_is_singular=&#8221;off&#8221; da_with_loader=&#8221;off&#8221; da_has_shadow=&#8221;on&#8221;][et_pb_row _builder_version=&#8221;4.27.4&#8243; _module_preset=&#8221;default&#8221; global_colors_info=&#8221;{}&#8221;][et_pb_column type=&#8221;4_4&#8243; _builder_version=&#8221;4.27.4&#8243; _module_preset=&#8221;default&#8221; global_colors_info=&#8221;{}&#8221;][\/et_pb_column][\/et_pb_row][et_pb_row column_structure=&#8221;2_5,3_5&#8243; _builder_version=&#8221;4.27.4&#8243; _module_preset=&#8221;default&#8221; global_colors_info=&#8221;{}&#8221;][et_pb_column type=&#8221;2_5&#8243; _builder_version=&#8221;4.27.4&#8243; _module_preset=&#8221;default&#8221; global_colors_info=&#8221;{}&#8221;][et_pb_image src=&#8221;https:\/\/pjama.eu\/wp-content\/uploads\/Accessories-bag-e1694758915793-2.jpg&#8221; alt=&#8221;Pjama-asusteet&#8221; title_text=&#8221;Accessories-bag-e1694758915793-2&#8243; _builder_version=&#8221;4.27.4&#8243; _module_preset=&#8221;default&#8221; border_radii=&#8221;on|10px|10px|10px|10px&#8221; global_colors_info=&#8221;{}&#8221;][\/et_pb_image][\/et_pb_column][et_pb_column type=&#8221;3_5&#8243; _builder_version=&#8221;4.27.4&#8243; _module_preset=&#8221;default&#8221; global_colors_info=&#8221;{}&#8221;][et_pb_text _builder_version=&#8221;4.27.4&#8243; _module_preset=&#8221;default&#8221; header_2_text_color=&#8221;#D35917&#8243; header_3_text_color=&#8221;gcid-5eef58f4-760a-49fb-ad33-042d93415a96&#8243; global_colors_info=&#8221;{%22gcid-5eef58f4-760a-49fb-ad33-042d93415a96%22:%91%22header_3_text_color%22%93}&#8221;]<\/p>\n<h3><strong data-start=\"1212\" data-end=\"1259\">Hienovarainen ja k\u00e4yt\u00e4nn\u00f6llinen  <\/strong><\/h3>\n<h2><strong data-start=\"1212\" data-end=\"1259\">suojaus tien p\u00e4\u00e4ll\u00e4<\/strong><\/h2>\n<p>[\/et_pb_text][et_pb_text _builder_version=&#8221;4.27.4&#8243; _module_preset=&#8221;default&#8221; global_colors_info=&#8221;{}&#8221;]<\/p>\n<p>T\u00e4ydellinen Pjama-univaatteiden tai m\u00e4rkien vaatteiden kuljettamiseen matkoilla, koululeireill\u00e4 tai y\u00f6kyl\u00e4ilyiss\u00e4. Valmistettu vedenpit\u00e4v\u00e4st\u00e4 materiaalista, joka pit\u00e4\u00e4 kosteuden ja hajun kurissa. Pesukelpoinen jopa 90\u00b0C:ssa, kest\u00e4v\u00e4 ja suunniteltu toistuvaan k\u00e4ytt\u00f6\u00f6n.<br data-start=\"592\" data-end=\"595\">Laukku toimitetaan ilman painatusta, mik\u00e4 antaa hienovaraisemman ja huomaamattomamman ilmeen &#8211; huolettomuutta Pjaman kanssa!  <\/p>\n<p>[\/et_pb_text][et_pb_button button_url=&#8221;https:\/\/pjama.eu\/fi\/tarvikkeiden-kauppa\/&#8221; button_text=&#8221;K\u00c4Y VERKKOKAUPASSAMME&#8221; button_alignment=&#8221;center&#8221; _builder_version=&#8221;4.27.4&#8243; custom_button=&#8221;on&#8221; button_bg_color=&#8221;#61A2DF&#8221; button_use_icon=&#8221;off&#8221; global_colors_info=&#8221;{}&#8221; button_bg_color__hover_enabled=&#8221;on|hover&#8221; button_bg_color__hover=&#8221;rgba(31,68,139,0.8)&#8221; button_bg_enable_color__hover=&#8221;on&#8221;][\/et_pb_button][\/et_pb_column][\/et_pb_row][\/et_pb_section]<\/p>\n","protected":false},"excerpt":{"rendered":"<p>Tarvikkeet Pjama V\u00e4risev\u00e4 h\u00e4lytyskelloLEMPE\u00c4T MUISTUTUKSET P\u00c4IVITT\u00c4ISI\u00c4 RUTIINEJA VARTEN Pjama v\u00e4risev\u00e4 h\u00e4lytyskello auttaa lapsia ja aikuisia muistamaan t\u00e4rkeit\u00e4 hetki\u00e4 p\u00e4iv\u00e4n aikana &#8211; kuten vessak\u00e4ynnit tai l\u00e4\u00e4kkeiden ottoajat. Huomaamattoman v\u00e4rin\u00e4n ansiosta se sopii erinomaisesti kouluun tai julkisiin tiloihin her\u00e4tt\u00e4m\u00e4tt\u00e4 huomiota.Ladattava, helppo ohjelmoida ja mukava k\u00e4ytt\u00e4\u00e4, se on t\u00e4ydellinen lis\u00e4 Pjama DryGuardians -menetelm\u00e4\u00e4n. &nbsp; Digitaalinen LED-n\u00e4ytt\u00f6 &#8211; n\u00e4ytt\u00e4\u00e4 [&hellip;]<\/p>\n","protected":false},"author":33,"featured_media":27845,"parent":0,"menu_order":0,"comment_status":"closed","ping_status":"closed","template":"","meta":{"_et_pb_use_builder":"on","_et_pb_old_content":"","_et_gb_content_width":"","footnotes":""},"class_list":["post-23414","page","type-page","status-publish","has-post-thumbnail","hentry"],"_links":{"self":[{"href":"https:\/\/pjama.eu\/fi\/wp-json\/wp\/v2\/pages\/23414","targetHints":{"allow":["GET"]}}],"collection":[{"href":"https:\/\/pjama.eu\/fi\/wp-json\/wp\/v2\/pages"}],"about":[{"href":"https:\/\/pjama.eu\/fi\/wp-json\/wp\/v2\/types\/page"}],"author":[{"embeddable":true,"href":"https:\/\/pjama.eu\/fi\/wp-json\/wp\/v2\/users\/33"}],"replies":[{"embeddable":true,"href":"https:\/\/pjama.eu\/fi\/wp-json\/wp\/v2\/comments?post=23414"}],"version-history":[{"count":1,"href":"https:\/\/pjama.eu\/fi\/wp-json\/wp\/v2\/pages\/23414\/revisions"}],"predecessor-version":[{"id":23418,"href":"https:\/\/pjama.eu\/fi\/wp-json\/wp\/v2\/pages\/23414\/revisions\/23418"}],"wp:featuredmedia":[{"embeddable":true,"href":"https:\/\/pjama.eu\/fi\/wp-json\/wp\/v2\/media\/27845"}],"wp:attachment":[{"href":"https:\/\/pjama.eu\/fi\/wp-json\/wp\/v2\/media?parent=23414"}],"curies":[{"name":"wp","href":"https:\/\/api.w.org\/{rel}","templated":true}]}}