{"id":26288,"date":"2025-11-13T14:12:49","date_gmt":"2025-11-13T13:12:49","guid":{"rendered":"https:\/\/pjama.eu\/pjama-bedwetting-shop\/"},"modified":"2026-03-13T12:01:34","modified_gmt":"2026-03-13T11:01:34","slug":"pjama-bedwetting-shop","status":"publish","type":"page","link":"https:\/\/pjama.eu\/fi\/pjama-bedwetting-shop\/","title":{"rendered":"Pjama Bedwetting Shop"},"content":{"rendered":"<p>[et_pb_section fb_built=&#8221;1&#8243; _builder_version=&#8221;4.27.4&#8243; background_enable_color=&#8221;off&#8221; background_enable_image=&#8221;off&#8221; background_size=&#8221;initial&#8221; background_position=&#8221;top_center&#8221; custom_margin=&#8221;||70px||false|false&#8221; custom_padding=&#8221;50px||50px||true|false&#8221; da_disable_devices=&#8221;off|off|off&#8221; global_colors_info=&#8221;{}&#8221; da_is_popup=&#8221;off&#8221; da_exit_intent=&#8221;off&#8221; da_has_close=&#8221;on&#8221; da_alt_close=&#8221;off&#8221; da_dark_close=&#8221;off&#8221; da_not_modal=&#8221;on&#8221; da_is_singular=&#8221;off&#8221; da_with_loader=&#8221;off&#8221; da_has_shadow=&#8221;on&#8221;][et_pb_row custom_padding_last_edited=&#8221;on|phone&#8221; _builder_version=&#8221;4.27.5&#8243; custom_margin_tablet=&#8221;&#8221; custom_margin_phone=&#8221;0px||0px||false|false&#8221; custom_margin_last_edited=&#8221;on|phone&#8221; custom_padding=&#8221;||0px|||&#8221; custom_padding_tablet=&#8221;||0px|||&#8221; custom_padding_phone=&#8221;10px||0px||false|false&#8221; global_colors_info=&#8221;{}&#8221;][et_pb_column type=&#8221;4_4&#8243; _builder_version=&#8221;4.16&#8243; global_colors_info=&#8221;{}&#8221;][et_pb_heading title=&#8221;TERVETULOA&#8221; _builder_version=&#8221;4.27.5&#8243; _module_preset=&#8221;default&#8221; title_level=&#8221;h3&#8243; title_text_align=&#8221;center&#8221; title_text_color=&#8221;gcid-5eef58f4-760a-49fb-ad33-042d93415a96&#8243; custom_margin_tablet=&#8221;&#8221; custom_margin_phone=&#8221;||0px||false|false&#8221; custom_margin_last_edited=&#8221;on|phone&#8221; global_colors_info=&#8221;{%22gcid-5eef58f4-760a-49fb-ad33-042d93415a96%22:%91%22title_text_color%22%93}&#8221;][\/et_pb_heading][et_pb_heading title=&#8221;Pjama BEDWETTING SHOP&#8221; _builder_version=&#8221;4.27.5&#8243; _module_preset=&#8221;default&#8221; title_text_align=&#8221;center&#8221; title_text_color=&#8221;#D35917&#8243; custom_margin=&#8221;||0px||false|false&#8221; custom_margin_tablet=&#8221;||0px||false|false&#8221; custom_margin_phone=&#8221;||-20px||false|false&#8221; custom_margin_last_edited=&#8221;on|desktop&#8221; custom_padding=&#8221;||0px||false|false&#8221; custom_padding_tablet=&#8221;||0px||false|false&#8221; custom_padding_phone=&#8221;||0px||false|false&#8221; custom_padding_last_edited=&#8221;on|phone&#8221; global_colors_info=&#8221;{}&#8221;][\/et_pb_heading][\/et_pb_column][\/et_pb_row][\/et_pb_section][et_pb_section fb_built=&#8221;1&#8243; _builder_version=&#8221;4.27.4&#8243; _module_preset=&#8221;default&#8221; background_color=&#8221;gcid-5eef58f4-760a-49fb-ad33-042d93415a96&#8243; custom_margin=&#8221;||-90px||false|false&#8221; custom_padding=&#8221;||0px||false|false&#8221; da_disable_devices=&#8221;off|off|off&#8221; global_colors_info=&#8221;{%22gcid-5eef58f4-760a-49fb-ad33-042d93415a96%22:%91%22background_color%22%93}&#8221; da_is_popup=&#8221;off&#8221; da_exit_intent=&#8221;off&#8221; da_has_close=&#8221;on&#8221; da_alt_close=&#8221;off&#8221; da_dark_close=&#8221;off&#8221; da_not_modal=&#8221;on&#8221; da_is_singular=&#8221;off&#8221; da_with_loader=&#8221;off&#8221; da_has_shadow=&#8221;on&#8221;][et_pb_row column_structure=&#8221;1_4,1_4,1_4,1_4&#8243; _builder_version=&#8221;4.27.4&#8243; _module_preset=&#8221;default&#8221; transform_translate=&#8221;0px|-140px&#8221; global_colors_info=&#8221;{}&#8221;][et_pb_column type=&#8221;1_4&#8243; _builder_version=&#8221;4.27.4&#8243; _module_preset=&#8221;default&#8221; global_colors_info=&#8221;{}&#8221;][et_pb_blurb title=&#8221;Pjama Protect&#8221; url=&#8221;https:\/\/pjama.eu\/fi\/yokasteluhousut\/&#8221; image=&#8221;https:\/\/pjama.eu\/wp-content\/uploads\/Pjama_shorts_2.jpeg&#8221; alt=&#8221;Tietoja Pjama Bedwetting&#8221; _builder_version=&#8221;4.27.4&#8243; _module_preset=&#8221;default&#8221; header_text_align=&#8221;center&#8221; header_text_color=&#8221;#D35917&#8243; header_font_size=&#8221;25px&#8221; body_text_align=&#8221;center&#8221; body_text_color=&#8221;#F8F8F8&#8243; body_font_size=&#8221;16px&#8221; border_radii_image=&#8221;on|10px|10px|10px|10px&#8221; border_width_all_image=&#8221;4px&#8221; border_color_all_image=&#8221;#F8F8F8&#8243; global_colors_info=&#8221;{}&#8221;]<\/p>\n<p><span>Luotettavat imukykyiset ratkaisut, jotka pit\u00e4v\u00e4t s\u00e4ngyn kuivana ja tapaturmat yksityisin\u00e4.<br \/>Kun hoito ei ole t\u00e4rkeint\u00e4, mutta mielenrauha on.<\/span><\/p>\n<p>[\/et_pb_blurb][\/et_pb_column][et_pb_column type=&#8221;1_4&#8243; _builder_version=&#8221;4.27.4&#8243; _module_preset=&#8221;default&#8221; global_colors_info=&#8221;{}&#8221;][et_pb_blurb title=&#8221;Pjama DryGuardians&#8221; url=&#8221;https:\/\/pjama.eu\/fi\/yokasteluhalytin\/&#8221; image=&#8221;https:\/\/pjama.eu\/wp-content\/uploads\/Bedwetting-Treatment-e1694759000209-1-2.jpg&#8221; alt=&#8221;Tietoja Pjama Bedwetting&#8221; _builder_version=&#8221;4.27.4&#8243; _module_preset=&#8221;default&#8221; header_text_align=&#8221;center&#8221; header_text_color=&#8221;#D35917&#8243; header_font_size=&#8221;25px&#8221; body_text_align=&#8221;center&#8221; body_text_color=&#8221;#F8F8F8&#8243; body_font_size=&#8221;16px&#8221; border_radii_image=&#8221;on|10px|10px|10px|10px&#8221; border_width_all_image=&#8221;4px&#8221; border_color_all_image=&#8221;#F8F8F8&#8243; global_colors_info=&#8221;{}&#8221;]<\/p>\n<p><span>\u00c4lykk\u00e4\u00e4t unipuvut, joissa on anturit ja h\u00e4lytys &#8211; kliinisesti testattu auttamaan lapsia ja aikuisia voittamaan vuodekastelun. Niille, jotka etsiv\u00e4t pysyv\u00e4\u00e4 kuivuutta, eiv\u00e4t vain suojaa. <\/span><\/p>\n<p>[\/et_pb_blurb][\/et_pb_column][et_pb_column type=&#8221;1_4&#8243; _builder_version=&#8221;4.27.4&#8243; _module_preset=&#8221;default&#8221; global_colors_info=&#8221;{}&#8221;][et_pb_blurb title=&#8221;LIS\u00c4VARUSTEET &amp; TUKI P\u00c4IVISIN&#8221; url=&#8221;https:\/\/pjama.eu\/fi\/tarvikkeiden-kauppa\/&#8221; image=&#8221;https:\/\/pjama.eu\/wp-content\/uploads\/Pjama_accessories.png&#8221; alt=&#8221;Pjama-asusteet&#8221; _builder_version=&#8221;4.27.4&#8243; _module_preset=&#8221;default&#8221; header_text_align=&#8221;center&#8221; header_text_color=&#8221;#D35917&#8243; header_font_size=&#8221;25px&#8221; body_text_align=&#8221;center&#8221; body_text_color=&#8221;#F8F8F8&#8243; body_font_size=&#8221;16px&#8221; transform_scale_tablet=&#8221;&#8221; transform_scale_phone=&#8221;90%|90%&#8221; transform_scale_last_edited=&#8221;on|phone&#8221; transform_translate_tablet=&#8221;&#8221; transform_translate_phone=&#8221;&#8221; transform_translate_last_edited=&#8221;on|phone&#8221; transform_rotate_tablet=&#8221;&#8221; transform_rotate_phone=&#8221;&#8221; transform_rotate_last_edited=&#8221;on|phone&#8221; transform_skew_tablet=&#8221;&#8221; transform_skew_phone=&#8221;&#8221; transform_skew_last_edited=&#8221;on|phone&#8221; transform_origin_tablet=&#8221;&#8221; transform_origin_phone=&#8221;&#8221; transform_origin_last_edited=&#8221;on|phone&#8221; transform_styles_last_edited=&#8221;on|phone&#8221; transform_styles_tablet=&#8221;&#8221; transform_styles_phone=&#8221;&#8221; border_radii_image=&#8221;on|10px|10px|10px|10px&#8221; border_width_all_image=&#8221;4px&#8221; border_color_all_image=&#8221;#F8F8F8&#8243; global_colors_info=&#8221;{}&#8221;]<\/p>\n<p>K\u00e4yt\u00e4nn\u00f6lliset lis\u00e4laitteet, jotka helpottavat jokap\u00e4iv\u00e4ist\u00e4 el\u00e4m\u00e4\u00e4 &#8211; vedenpit\u00e4vist\u00e4 laukuista ja pjama v\u00e4risevist\u00e4 h\u00e4lytyskelloista huomaamattomiin alusvaatteisiin, jotka suojaavat p\u00e4ivisin.<\/p>\n<p>&nbsp;<\/p>\n<p>[\/et_pb_blurb][\/et_pb_column][et_pb_column type=&#8221;1_4&#8243; _builder_version=&#8221;4.27.4&#8243; _module_preset=&#8221;default&#8221; global_colors_info=&#8221;{}&#8221;][et_pb_blurb title=&#8221;Pjama AIKUISILLE&#8221; url=&#8221;https:\/\/pjama.eu\/fi\/bedwetting-shop-aikuiset\/&#8221; image=&#8221;https:\/\/pjama.eu\/wp-content\/uploads\/Blue_shorts_adult-1-e1694786458678-2.png&#8221; alt=&#8221;Aikuisten kastelu vuoteeseen&#8221; _builder_version=&#8221;4.27.4&#8243; _module_preset=&#8221;default&#8221; header_text_align=&#8221;center&#8221; header_text_color=&#8221;#D35917&#8243; header_font_size=&#8221;25px&#8221; body_text_align=&#8221;center&#8221; body_text_color=&#8221;#F8F8F8&#8243; body_font_size=&#8221;16px&#8221; border_radii_image=&#8221;on|10px|10px|10px|10px&#8221; border_width_all_image=&#8221;4px&#8221; border_color_all_image=&#8221;#F8F8F8&#8243; global_colors_info=&#8221;{}&#8221;]<\/p>\n<p><span>Huomaamattomat imukykyiset univaatteet, jotka pit\u00e4v\u00e4t s\u00e4ngyn kuivana kotona tai matkoilla.<br data-start=\"646\" data-end=\"649\">Luottamusta ja mukavuutta enureesin<em data-start=\"649\" data-end=\"706\"> kanssa<\/em> el\u00e4ville aikuisille.<\/span><\/p>\n<p>[\/et_pb_blurb][\/et_pb_column][\/et_pb_row][\/et_pb_section][et_pb_section fb_built=&#8221;1&#8243; _builder_version=&#8221;4.16&#8243; background_color=&#8221;#f8f8f8&#8243; background_enable_image=&#8221;off&#8221; custom_padding=&#8221;0px|||||&#8221; da_disable_devices=&#8221;off|off|off&#8221; global_colors_info=&#8221;{}&#8221; da_is_popup=&#8221;off&#8221; da_exit_intent=&#8221;off&#8221; da_has_close=&#8221;on&#8221; da_alt_close=&#8221;off&#8221; da_dark_close=&#8221;off&#8221; da_not_modal=&#8221;on&#8221; da_is_singular=&#8221;off&#8221; da_with_loader=&#8221;off&#8221; da_has_shadow=&#8221;on&#8221;][et_pb_row _builder_version=&#8221;4.27.5&#8243; _module_preset=&#8221;default&#8221; global_colors_info=&#8221;{}&#8221;][et_pb_column type=&#8221;4_4&#8243; _builder_version=&#8221;4.27.5&#8243; _module_preset=&#8221;default&#8221; global_colors_info=&#8221;{}&#8221;][et_pb_heading title=&#8221;Tehokkaat Bedwetting tuotteet &amp; uudelleenk\u00e4ytett\u00e4v\u00e4t ratkaisut&#8221; _builder_version=&#8221;4.27.5&#8243; _module_preset=&#8221;default&#8221; title_text_align=&#8221;center&#8221; title_text_color=&#8221;#072130&#8243; global_colors_info=&#8221;{}&#8221;][\/et_pb_heading][\/et_pb_column][\/et_pb_row][\/et_pb_section]<\/p>\n","protected":false},"excerpt":{"rendered":"<p>Luotettavat imukykyiset ratkaisut, jotka pit\u00e4v\u00e4t s\u00e4ngyn kuivana ja tapaturmat yksityisin\u00e4.Kun hoito ei ole t\u00e4rkeint\u00e4, mutta mielenrauha on.\u00c4lykk\u00e4\u00e4t unipuvut, joissa on anturit ja h\u00e4lytys &#8211; kliinisesti testattu auttamaan lapsia ja aikuisia voittamaan vuodekastelun. Niille, jotka etsiv\u00e4t pysyv\u00e4\u00e4 kuivuutta, eiv\u00e4t vain suojaa. K\u00e4yt\u00e4nn\u00f6lliset lis\u00e4laitteet, jotka helpottavat jokap\u00e4iv\u00e4ist\u00e4 el\u00e4m\u00e4\u00e4 &#8211; vedenpit\u00e4vist\u00e4 laukuista ja pjama v\u00e4risevist\u00e4 h\u00e4lytyskelloista huomaamattomiin alusvaatteisiin, [&hellip;]<\/p>\n","protected":false},"author":33,"featured_media":31072,"parent":0,"menu_order":0,"comment_status":"closed","ping_status":"closed","template":"","meta":{"_et_pb_use_builder":"on","_et_pb_old_content":"","_et_gb_content_width":"","footnotes":""},"class_list":["post-26288","page","type-page","status-publish","has-post-thumbnail","hentry"],"_links":{"self":[{"href":"https:\/\/pjama.eu\/fi\/wp-json\/wp\/v2\/pages\/26288","targetHints":{"allow":["GET"]}}],"collection":[{"href":"https:\/\/pjama.eu\/fi\/wp-json\/wp\/v2\/pages"}],"about":[{"href":"https:\/\/pjama.eu\/fi\/wp-json\/wp\/v2\/types\/page"}],"author":[{"embeddable":true,"href":"https:\/\/pjama.eu\/fi\/wp-json\/wp\/v2\/users\/33"}],"replies":[{"embeddable":true,"href":"https:\/\/pjama.eu\/fi\/wp-json\/wp\/v2\/comments?post=26288"}],"version-history":[{"count":10,"href":"https:\/\/pjama.eu\/fi\/wp-json\/wp\/v2\/pages\/26288\/revisions"}],"predecessor-version":[{"id":33092,"href":"https:\/\/pjama.eu\/fi\/wp-json\/wp\/v2\/pages\/26288\/revisions\/33092"}],"wp:featuredmedia":[{"embeddable":true,"href":"https:\/\/pjama.eu\/fi\/wp-json\/wp\/v2\/media\/31072"}],"wp:attachment":[{"href":"https:\/\/pjama.eu\/fi\/wp-json\/wp\/v2\/media?parent=26288"}],"curies":[{"name":"wp","href":"https:\/\/api.w.org\/{rel}","templated":true}]}}