{"id":23198,"date":"2023-12-01T08:27:50","date_gmt":"2023-12-01T07:27:50","guid":{"rendered":"https:\/\/pjama.eu\/product\/pjama-protect-lakana-ja-sangyn-suojus-boxspring-patjalle\/"},"modified":"2025-12-13T11:38:06","modified_gmt":"2025-12-13T10:38:06","slug":"pjama-protect-lakana-ja-sangyn-suojus-boxspring-patjalle","status":"publish","type":"product","link":"https:\/\/pjama.eu\/fi\/tuote\/pjama-protect-lakana-ja-sangyn-suojus-boxspring-patjalle\/","title":{"rendered":"Pjama Protect lakana ja s\u00e4ngyn suojus Boxspring-patjalle"},"content":{"rendered":"<h4>Korkealaatuinen s\u00e4ngynsuoja ja lakana yhdess\u00e4 &#8211; Boxspring-patjalle<\/h4>\n<p><strong><br \/>\nPjama Protect -lakana ja s\u00e4ngynsuoja Boxspring-patjalle on valmistettu<br \/>\nTencel-kuiduista, jotka ovat pehme\u00e4mpi\u00e4 kuin silkki, joten voit nukkua suoraan sen p\u00e4\u00e4ll\u00e4 ilman<br \/>\nlakanaa.<br \/>\n<\/strong><\/p>\n<h5>Vedenpit\u00e4v\u00e4<\/h5>\n<p>Hieno polyuretaanikalvo est\u00e4\u00e4 nesteiden tunkeutumisen patjaan<br \/>\nja toimii samalla p\u00f6lyesteen\u00e4. Se suojaa my\u00f6s patjan sivuja. <\/p>\n<h5>P\u00f6lyeste<\/h5>\n<p>Hienon polyuretaanikalvon ansiosta kangas toimii p\u00f6lyesteen\u00e4,<br \/>\nest\u00e4\u00e4 hengitystieallergioita aiheuttavien p\u00f6lypunkkien hengitt\u00e4misen.<br \/>\nEi sis\u00e4ll\u00e4 kemiallisia k\u00e4sittelyj\u00e4.<\/p>\n<h5>Hengitt\u00e4v\u00e4<\/h5>\n<p>Kangas est\u00e4\u00e4 nesteiden vuotamisen l\u00e4pi ja on silti t\u00e4ysin hengitt\u00e4v\u00e4.<\/p>\n<h5>Luonnollinen<\/h5>\n<p>Kangaspinta on 100-prosenttisesti luonnollinen, puukuidusta valmistettu: TENCEL\u2122 \/ SMARTCEL\u2122.<br \/>\nEi sis\u00e4ll\u00e4 kemiallisia k\u00e4sittelyj\u00e4.<\/p>\n<h5>Hiljainen<\/h5>\n<p>T\u00e4ysin huomaamaton kangas: huomaamaton ja \u00e4\u00e4net\u00f6n.<\/p>\n<h5>Antibakteerinen<\/h5>\n<p>TENCEL\u2122 Lyocell-kuitujen, joilla on erinomainen kosteudenhallinta, ja SMARTCEL\u2122-kuitujen,<br \/>\n, joilla on t\u00e4rkeit\u00e4 antibakteerisia ominaisuuksia, ansiosta bakteerien kasvu estyy.<\/p>\n<h5>Helppohoitoisuus<\/h5>\n<p>Konepest\u00e4v\u00e4 60\u00b0C:ssa ja kuivausrumpukuivauksessa alhaisella l\u00e4mm\u00f6ll\u00e4.<\/p>\n<h5>Bi-elastinen<\/h5>\n<p>Se mukautuu t\u00e4ydellisesti patjaan, jota se suojaa. Sopii kaikkiin patjojen paksuuksiin. <\/p>\n<h5>Kosmeettinen vaikutus<\/h5>\n<p>Sinkkioksidi on hyv\u00e4ksi iholle ja tukee ihon luonnollista uusiutumista.<\/p>\n","protected":false},"excerpt":{"rendered":"<h4><span data-sheets-root=\"1\">Lakana ja s\u00e4ngynsuoja samassa tuotteessa &#8211; laatikkojousipatjoille.<\/span><\/h4>\n<p><strong><br \/>\nPjama Protect -lakana ja s\u00e4ngynsuoja Boxspring-patjalle on valmistettu<br \/>\nTencel-kuiduista, jotka ovat pehme\u00e4mpi\u00e4 kuin silkki, joten voit nukkua suoraan sen p\u00e4\u00e4ll\u00e4 ilman<br \/>\nlakanaa.<br \/>\n<\/strong><\/p>\n<p>Vuoteemme altistuvat p\u00e4ivitt\u00e4in useille haitallisille tekij\u00f6ille. S\u00e4ngynsuojamme suojaavat s\u00e4nky\u00e4si muun muassa seuraavilta asioilta: <\/p>\n<ul>\n<li>Kosteus &#8211; Ihminen menett\u00e4\u00e4 joka y\u00f6 jopa 0,5 litraa vett\u00e4 haihtumalla.<\/li>\n<li>Inkontinenssivuodot &#8211; Eri el\u00e4m\u00e4nvaiheissa voi esiinty\u00e4 vuodekastelua tai m\u00e4rk\u00e4vuotoa.<\/li>\n<li>Lika ja nesteet &#8211; Ruoasta, lemmikkiel\u00e4imist\u00e4 ja muista l\u00e4hteist\u00e4.<\/li>\n<li>P\u00f6lypunkit ja allergeenit.<\/li>\n<\/ul>\n<p>Hieno polyuretaanikalvo est\u00e4\u00e4 nesteiden tunkeutumisen patjaan<br \/>\nja toimii samalla p\u00f6lyesteen\u00e4, mik\u00e4 est\u00e4\u00e4 p\u00f6lypunkkien hengitt\u00e4misen<br \/>\nja auttaa allergioissa. Se suojaa my\u00f6s patjan sivuja.<br \/>\nSuojat ovat korkealaatuisia, ja ne on luokiteltu l\u00e4\u00e4ketieteellisiksi<br \/>\nteknisiksi tuotteiksi. <\/p>\n<p>Jos sin\u00e4 tai lapsesi k\u00e4rsii vuodekastelusta,<br \/>\n<em>enureesi,<\/em> voit lukea siit\u00e4 lis\u00e4\u00e4.<br \/>\n<a href=\"https:\/\/pjama.eu\/fi\/mika-on-enuresis\/\">t\u00e4\u00e4ll\u00e4.<\/a><\/p>\n","protected":false},"featured_media":22882,"template":"","meta":{"_et_pb_use_builder":"on","_et_pb_old_content":"<h3 style=\"color:#d35917\">High-Quality Bed Protection and Sheet in One - For Boxspring Mattress<\/h3>\r\n<strong>\r\nThe Pjama Protect Sheet and Bed Protector for Boxspring Mattress is made from Tencel fibers, softer than silk, allowing you to sleep directly on it without needing a sheet. <\/strong>\r\n<h4 style=\"color:#072130\">Waterproof<\/h4>\r\nThe fine polyurethane membrane prevents liquids from penetrating the mattress while acting as a barrier for dust. It also protects the sides of the mattress.\r\n<h4 style=\"color:#072130\">Dust Barrier<\/h4>\r\nDue to the fine polyurethane membrane, the fabric functions as a barrier for dust, preventing the inhalation of dust mites that cause respiratory allergies. Free from chemical treatments.\r\n<h4 style=\"color:#072130\">Breathable<\/h4>\r\nThe fabric prevents liquids from seeping through while still being completely breathable.\r\n<h4 style=\"color:#072130\">Natural<\/h4>\r\nThe fabric surface is 100% natural, made from wood fibers: TENCEL\u2122 \/ SMARTCEL\u2122. Free from chemical treatments.\r\n<h4 style=\"color:#072130\">Silent<\/h4>\r\nCompletely discreet fabric: imperceptible and silent.\r\n<h4 style=\"color:#072130\">Antibacterial<\/h4>\r\nThanks to TENCEL\u2122 Lyocell fibers, with excellent moisture control, and SMARTCEL\u2122 fibers, which have important antibacterial properties, bacterial growth is prevented.\r\n<h4 style=\"color:#072130\">Easy Care<\/h4>\r\nMachine washable at 60\u00b0C and tumble dry on low heat.\r\n<h4 style=\"color:#072130\">Bi-elastic<\/h4>\r\nIt adapts perfectly to the mattress it protects. Fits all mattress thicknesses.\r\n<h4 style=\"color:#072130\">Cosmetic Effect<\/h4>\r\nZinc oxide is good for your skin and supports the natural regenera","_et_gb_content_width":""},"product_brand":[],"product_cat":[224,222,225],"product_tag":[],"class_list":{"0":"post-23198","1":"product","2":"type-product","3":"status-publish","4":"has-post-thumbnail","6":"product_cat-patjojen-ja-vuodevaatteiden-suojaus-2","7":"product_cat-lapset","8":"product_cat-pjamaprotect_2025","9":"product_shipping_class-eu","10":"pa_size-105-x-200-x-45-cm","11":"pa_size-120-x-200-x-45-cm","12":"pa_size-140-x-200-x-45-cm","13":"pa_size-160-x-200-x-45-cm","14":"pa_size-180-x-200-x-45-cm","15":"pa_size-90-x-200-x-45-cm","17":"first","18":"instock","19":"taxable","20":"shipping-taxable","21":"purchasable","22":"product-type-variable"},"composite_virtual":false,"composite_layout":"","composite_add_to_cart_form_location":"","composite_editable_in_cart":false,"composite_sold_individually_context":"","composite_shop_price_calc":"","composite_components":[],"composite_scenarios":[],"_links":{"self":[{"href":"https:\/\/pjama.eu\/fi\/wp-json\/wp\/v2\/product\/23198","targetHints":{"allow":["GET"]}}],"collection":[{"href":"https:\/\/pjama.eu\/fi\/wp-json\/wp\/v2\/product"}],"about":[{"href":"https:\/\/pjama.eu\/fi\/wp-json\/wp\/v2\/types\/product"}],"wp:featuredmedia":[{"embeddable":true,"href":"https:\/\/pjama.eu\/fi\/wp-json\/wp\/v2\/media\/22882"}],"wp:attachment":[{"href":"https:\/\/pjama.eu\/fi\/wp-json\/wp\/v2\/media?parent=23198"}],"wp:term":[{"taxonomy":"product_brand","embeddable":true,"href":"https:\/\/pjama.eu\/fi\/wp-json\/wp\/v2\/product_brand?post=23198"},{"taxonomy":"product_cat","embeddable":true,"href":"https:\/\/pjama.eu\/fi\/wp-json\/wp\/v2\/product_cat?post=23198"},{"taxonomy":"product_tag","embeddable":true,"href":"https:\/\/pjama.eu\/fi\/wp-json\/wp\/v2\/product_tag?post=23198"}],"curies":[{"name":"wp","href":"https:\/\/api.w.org\/{rel}","templated":true}]}}