{"id":23207,"date":"2023-12-01T14:09:29","date_gmt":"2023-12-01T13:09:29","guid":{"rendered":"https:\/\/pjama.eu\/product\/pjama-protect-tyynyliina\/"},"modified":"2025-12-13T11:36:40","modified_gmt":"2025-12-13T10:36:40","slug":"pjama-protect-tyynyliina","status":"publish","type":"product","link":"https:\/\/pjama.eu\/fi\/tuote\/pjama-protect-tyynyliina\/","title":{"rendered":"Pjama Protect tyynyliina"},"content":{"rendered":"<h4>Tyynyn ja tyynyliinan suojaus yhdess\u00e4!<\/h4>\n<p><strong>Pjama Protect -tyynynp\u00e4\u00e4llinen on valmistettu Tencel-kuiduista, jotka ovat pehme\u00e4mpi\u00e4 kuin silkki ja tekev\u00e4t tyynyst\u00e4si unen unta.<\/strong><\/p>\n<p> <strong> Vedenpit\u00e4v\u00e4 <\/strong><br \/>\nHieno polyuretaanikalvo est\u00e4\u00e4 nesteiden tunkeutumisen tyynyyn ja toimii samalla p\u00f6lyesteen\u00e4. Se ymp\u00e4r\u00f6i koko tyynyn, jonka sivulla on vetoketju. <\/p>\n<p> <strong> P\u00f6lyeste <\/strong><br \/>\nHienon polyuretaanikalvon ansiosta kangas toimii p\u00f6lyesteen\u00e4 ja est\u00e4\u00e4 hengitystieallergioita aiheuttavien p\u00f6lypunkkien hengitt\u00e4misen. Ei sis\u00e4ll\u00e4 kemiallisia k\u00e4sittelyj\u00e4. <\/p>\n<p> <strong> Hengitt\u00e4v\u00e4 <\/strong><br \/>\nKangas est\u00e4\u00e4 nesteiden vuotamisen l\u00e4pi ja on silti t\u00e4ysin hengitt\u00e4v\u00e4.<\/p>\n<p> <strong> Luonnollinen <\/strong><br \/>\nKangaspinta on 100 % luonnollista, puukuidusta valmistettua kangasta: TENCEL\u2122 \/ SMARTCEL\u2122. Vapaa kemiallisista k\u00e4sittelyist\u00e4. <\/p>\n<p> <strong> Silent <\/strong><br \/>\nT\u00e4ysin huomaamaton kangas: huomaamaton ja \u00e4\u00e4net\u00f6n.<\/p>\n<p> <strong> Antibakteerinen <\/strong><br \/>\nTENCEL\u2122 Lyocell-kuitujen, joilla on erinomainen kosteudenhallinta, ja SMARTCEL\u2122-kuitujen, joilla on t\u00e4rkeit\u00e4 antibakteerisia ominaisuuksia, ansiosta bakteerien kasvu estyy.<\/p>\n<p> <strong> Helppohoitoisuus <\/strong><br \/>\nKonepesu 60 \u00b0C:ssa ja rumpukuivaus alhaisella l\u00e4mm\u00f6ll\u00e4.<\/p>\n<p> <strong> Bi-elastinen <\/strong><br \/>\nSe mukautuu t\u00e4ydellisesti tyynyyn, jota se suojaa.<\/p>\n<p> <strong> Kosmeettinen vaikutus <\/strong><br \/>\nSinkkioksidi on hyv\u00e4ksi iholle ja tukee ihosolujen luonnollista uusiutumista.<\/p>\n<p> <strong> Hajunvalvonta <\/strong><br \/>\nTENCEL\u2122- ja SMARTCEL\u2122-kuidut est\u00e4v\u00e4t bakteerien ja sienten kasvun aiheuttamia hajuja.<\/p>\n<p> <strong> Ymp\u00e4rist\u00f6yst\u00e4v\u00e4llinen <\/strong><br \/>\nSek\u00e4 kankaan ett\u00e4 valmiin tuotteen valmistusprosessi on ymp\u00e4rist\u00f6yst\u00e4v\u00e4llinen.<\/p>\n","protected":false},"excerpt":{"rendered":"<h4><span data-sheets-root=\"1\">Suojaava tyynyliina hengitt\u00e4v\u00e4ll\u00e4 kalvolla varustettuna<\/span><\/h4>\n<p><strong>Pjama Protect -tyynynp\u00e4\u00e4llinen on valmistettu Tencel-kuiduista, jotka ovat pehme\u00e4mpi\u00e4 kuin silkki ja tekev\u00e4t tyynyst\u00e4si unen unta.<\/strong><\/p>\n<p>S\u00e4ngyt ja tyynyt altistuvat p\u00e4ivitt\u00e4in monille haitallisille tekij\u00f6ille. Tyynynp\u00e4\u00e4llisemme suojaavat tyyny\u00e4si esimerkiksi seuraavilta asioilta: <\/p>\n<p>&#8211; Kosteus &#8211; Ihminen menett\u00e4\u00e4 joka y\u00f6 jopa 0,5 litraa vett\u00e4 haihtumalla.<br \/>\n&#8211; Inkontinenssivuodot &#8211; Eri el\u00e4m\u00e4nvaiheissa voi esiinty\u00e4 vuodekastelua tai m\u00e4rk\u00e4vuotoa.<br \/>\n&#8211; Lika ja nesteet &#8211; Ruoasta, lemmikkiel\u00e4imist\u00e4 ja muista l\u00e4hteist\u00e4.<br \/>\n&#8211; P\u00f6lypunkit ja allergeenit.<\/p>\n<p>Hieno polyuretaanikalvo est\u00e4\u00e4 nesteiden tunkeutumisen tyynyyn ja toimii samalla p\u00f6lyesteen\u00e4, mik\u00e4 est\u00e4\u00e4 p\u00f6lypunkkien hengitt\u00e4misen ja auttaa allergioissa. Se suojaa koko tyyny\u00e4, joka suljetaan sivussa olevalla vetoketjulla. Suojat ovat korkealaatuisia, ja ne on luokiteltu l\u00e4\u00e4ketieteellisiksi teknisiksi tuotteiksi.  <\/p>\n<p>Jos sin\u00e4 tai lapsesi k\u00e4rsii vuodekastelusta <em>,<\/em> voit lukea siit\u00e4 lis\u00e4\u00e4 <a href=\"https:\/\/pjama.eu\/fi\/mika-on-enuresis\/\">t\u00e4\u00e4lt\u00e4.<\/a><\/p>\n","protected":false},"featured_media":23210,"template":"","meta":{"_et_pb_use_builder":"","_et_pb_old_content":"","_et_gb_content_width":""},"product_brand":[],"product_cat":[224,222,225],"product_tag":[],"class_list":{"0":"post-23207","1":"product","2":"type-product","3":"status-publish","4":"has-post-thumbnail","6":"product_cat-patjojen-ja-vuodevaatteiden-suojaus-2","7":"product_cat-lapset","8":"product_cat-pjamaprotect_2025","9":"product_shipping_class-eu","10":"pa_size-55-x-35-cm","11":"pa_size-55-x-60-cm","13":"first","14":"instock","15":"taxable","16":"shipping-taxable","17":"purchasable","18":"product-type-variable"},"composite_virtual":false,"composite_layout":"","composite_add_to_cart_form_location":"","composite_editable_in_cart":false,"composite_sold_individually_context":"","composite_shop_price_calc":"","composite_components":[],"composite_scenarios":[],"_links":{"self":[{"href":"https:\/\/pjama.eu\/fi\/wp-json\/wp\/v2\/product\/23207","targetHints":{"allow":["GET"]}}],"collection":[{"href":"https:\/\/pjama.eu\/fi\/wp-json\/wp\/v2\/product"}],"about":[{"href":"https:\/\/pjama.eu\/fi\/wp-json\/wp\/v2\/types\/product"}],"wp:featuredmedia":[{"embeddable":true,"href":"https:\/\/pjama.eu\/fi\/wp-json\/wp\/v2\/media\/23210"}],"wp:attachment":[{"href":"https:\/\/pjama.eu\/fi\/wp-json\/wp\/v2\/media?parent=23207"}],"wp:term":[{"taxonomy":"product_brand","embeddable":true,"href":"https:\/\/pjama.eu\/fi\/wp-json\/wp\/v2\/product_brand?post=23207"},{"taxonomy":"product_cat","embeddable":true,"href":"https:\/\/pjama.eu\/fi\/wp-json\/wp\/v2\/product_cat?post=23207"},{"taxonomy":"product_tag","embeddable":true,"href":"https:\/\/pjama.eu\/fi\/wp-json\/wp\/v2\/product_tag?post=23207"}],"curies":[{"name":"wp","href":"https:\/\/api.w.org\/{rel}","templated":true}]}}