{"id":23208,"date":"2021-02-01T11:50:10","date_gmt":"2021-02-01T10:50:10","guid":{"rendered":"https:\/\/pjama.eu\/product\/pjama-dryguardians-alusvaate-ja-halytinsarja-briefs\/"},"modified":"2025-12-14T17:38:08","modified_gmt":"2025-12-14T16:38:08","slug":"pjama-dryguardians-alusvaate-ja-halytinsarja-briefs","status":"publish","type":"product","link":"https:\/\/pjama.eu\/fi\/tuote\/pjama-dryguardians-alusvaate-ja-halytinsarja-briefs\/","title":{"rendered":"Pjama DryGuardians &#8211; Alushousut ja h\u00e4lytinsarja &#8211; Briefs"},"content":{"rendered":"<h3>Pjama DryGuardians &#8211; Alushousut ja h\u00e4lytinsarja &#8211; Briefs &#8211; Tehokas h\u00e4lytyshoito kasteluun<\/h3>\n<p>Pjama DryGuardians &#8211; Alusvaate- ja h\u00e4lytinsarja &#8211; Briefs on t\u00e4ydellinen ratkaisu tyt\u00f6ille, jotka k\u00e4rsiv\u00e4t y\u00f6kastelusta (y\u00f6llisest\u00e4 enureesista). Yhdess\u00e4 DryGuardians-sovelluksemme kanssa saat tehokasta ja mukavaa hoitoa vuodepesulle. N\u00e4iss\u00e4 s\u00e4ngyn kastelun briefs-mallissa on sis\u00e4\u00e4nommellut anturijohdot, jotka havaitsevat nopeasti kosteuden ja aktivoivat y\u00f6kasteluh\u00e4lytin auttaakseen lasta her\u00e4\u00e4m\u00e4\u00e4n ja keskeytt\u00e4m\u00e4\u00e4n virtsaamisen. DryGuardians-hoitopalvelu analysoi vuodevedostustapaukset ja antaa henkil\u00f6kohtaisia vinkkej\u00e4, neuvoja ja ennusteita matkan varrella.   <\/p>\n<p>Lataa DryGuardians-sovellus <a href=\"https:\/\/play.google.com\/store\/apps\/details?id=com.pjama&amp;gl=fi&amp;hl=FI\" target=\"_blank\" rel=\"noopener\">Google Playsta tai<\/a> <a href=\"https:\/\/apps.apple.com\/fi\/app\/pjama\/id1498084664?mt=8&amp;l=fi\" target=\"_blank\" rel=\"noopener\">App Storesta seurataksesi<\/a> edistymist\u00e4 ja saadaksesi r\u00e4\u00e4t\u00e4l\u00f6ity\u00e4 ohjausta koko y\u00f6llisen enureesin hoidon ajan.<\/p>\n<h4>Ominaisuudet<\/h4>\n<p>Y\u00f6kasteluh\u00e4lytin on suunniteltu auttamaan sek\u00e4 lapsia ett\u00e4 aikuisia, jotka k\u00e4rsiv\u00e4t kastumisesta, ja se toimii ensilinjan hoitona enureesiin. Pjama vaatteisiin kiinnitetty anturi on yhdistetty h\u00e4lytysyksikk\u00f6\u00f6n, joka aktivoituu kosteuskosketuksesta. T\u00e4m\u00e4 h\u00e4lytinhoito enureesiin toimii keskeytt\u00e4m\u00e4ll\u00e4 v\u00e4litt\u00f6m\u00e4sti vuodepesun ja kouluttamalla aivot reagoimaan kehon signaaleihin.  <\/p>\n<p>Pjama DryGuardians &#8211; alusvaate- ja h\u00e4lytinsarja &#8211; Briefs on suunniteltu erityisesti tytt\u00f6jen anatomiaa ja virtsavirran kosketuspistett\u00e4 varten. Briefs-mallissa on vy\u00f6t\u00e4r\u00f6ll\u00e4 kaksi pient\u00e4 nappia, joihin on helppo kiinnitt\u00e4\u00e4 y\u00f6kasteluh\u00e4lyttimen anturi. Sis\u00e4\u00e4nommellut anturijohdot haarojen ymp\u00e4rille mahdollistavat sen, ett\u00e4 h\u00e4lytysj\u00e4rjestelm\u00e4 havaitsee kosteuden ja aktivoi nopeasti y\u00f6kasteluh\u00e4lytin, mik\u00e4 auttaa hoitamaan y\u00f6llist\u00e4 enureesia tehokkaasti ja turvallisesti.  <\/p>\n<p>Pjama DryGuardians &#8211; alusvaate- ja h\u00e4lytinsarja &#8211; briefs &#8211; Pjama DryGuardians -alushousuissa olevat sis\u00e4\u00e4nommellut anturijohdot lis\u00e4\u00e4v\u00e4t kohdealuetta ja takaavat luotettavamman tunnistuksen. K\u00e4yt\u00e4nn\u00f6ss\u00e4 t\u00e4m\u00e4 tarkoittaa sit\u00e4, ett\u00e4 riippumatta siit\u00e4, mihin virtsa osuu tai miten lapsesi nukkuu, h\u00e4lytin havaitsee luotettavasti vuodepesun. Erityisesti sel\u00e4ll\u00e4\u00e4n nukkuville tyt\u00f6ille t\u00e4m\u00e4 on erityisen hy\u00f6dyllist\u00e4, sill\u00e4 alue, johon virtsa ensimm\u00e4isen kerran osuu, voi vaihdella.  <\/p>\n<h4>K\u00e4ytt\u00f6<\/h4>\n<p>Kastelunestohousut ovat yht\u00e4 mukavat kuin tavalliset alusvaatteet, joten ne sopivat erinomaisesti kastelunestosta k\u00e4rsiville lapsille. Pjama DryGuardians &#8211; Alusvaate- ja h\u00e4lytinsarja &#8211; Briefs &#8211; ei ime nestett\u00e4. Hoito keskittyy tavan katkaisemiseen virtsata s\u00e4nkyyn.  <\/p>\n<p>Paketti sis\u00e4lt\u00e4\u00e4:<\/p>\n<ul>\n<li>2 x Pjama DryGuardians Alushousut &#8211; briefs-malli<\/li>\n<li>1 x Pjama DryGuardians &#8211; T\u00e4ydellinen h\u00e4lytyssarja (anturi ja \u00e4\u00e4niyksikk\u00f6)<\/li>\n<\/ul>\n<p>Napsauta anturi yksinkertaisesti s\u00e4nkyyn kastuvan briefs-mallisi etuvy\u00f6t\u00e4r\u00f6lle ja k\u00e4ynnist\u00e4 y\u00f6kasteluh\u00e4lytin aloittaaksesi hoidon! Aseta y\u00f6kasteluh\u00e4lytin s\u00e4ngyn viereen.<br \/>\nJos lapsi virtsaa, hoitoon ommeltuun herk\u00e4t anturijohdot reagoivat nopeasti ja aktivoivat h\u00e4lytyksen. Lapsi voi helposti pys\u00e4ytt\u00e4\u00e4 h\u00e4lytyksen painamalla h\u00e4lytysyksik\u00f6n yl\u00e4osassa olevaa ON\/OFF-painiketta ja siirty\u00e4 sitten kylpyhuoneeseen virtsaamaan loppuun.  <\/p>\n<p>Jos haluat k\u00e4ytt\u00e4\u00e4 y\u00f6kasteluh\u00e4lytint\u00e4 \u00e4lypuhelimella ja k\u00e4ytt\u00e4\u00e4 hoitopalvelua, lataa DryGuardians-sovellus. H\u00e4lytin muodostaa automaattisesti yhteyden DryGuardians-sovellukseen, kun se on avoinna puhelimessa. <\/p>\n<h4>Anturin hoito<\/h4>\n<p><span style=\"font-weight: 400;\">Parhaan suorituskyvyn saavuttamiseksi irrota ja kuivaa anturi aina k\u00e4yt\u00f6n j\u00e4lkeen.<\/span><span style=\"font-weight: 400;\"><br \/>\n<\/span><span style=\"font-weight: 400;\">V\u00e4lt\u00e4 j\u00e4tt\u00e4m\u00e4st\u00e4 sit\u00e4 kiinni m\u00e4rk\u00e4\u00e4n vaatteeseen &#8211; t\u00e4m\u00e4 est\u00e4\u00e4 korroosiota ja pident\u00e4\u00e4 akun k\u00e4ytt\u00f6ik\u00e4\u00e4.<\/span><\/p>\n<h4>Ominaisuudet ja hy\u00f6dyt Pjama DryGuardians &#8211; alushousut ja h\u00e4lytinsarja &#8211; Briefs<\/h4>\n<ul>\n<li><strong>Tehokas hoito:<\/strong> Auttaa lasten y\u00f6lliseen enureesiin.<\/li>\n<li><strong>Suunniteltu y\u00f6n yli k\u00e4ytett\u00e4v\u00e4ksi:<\/strong> K\u00e4yt\u00e4 \u00e4lypuhelinta ja DryGuardians-sovellusta huomaamatonta hoitoa varten.<\/li>\n<li><strong>USB-lataus:<\/strong> H\u00e4lytyslaite latautuu helposti USB-laturilla.<\/li>\n<li><strong>Langaton j\u00e4rjestelm\u00e4:<\/strong> H\u00e4lytysyksikk\u00f6 voidaan sijoittaa enint\u00e4\u00e4n 10 metrin p\u00e4\u00e4h\u00e4n anturista.<\/li>\n<li><strong>Ilmoitukset vanhemmille:<\/strong> Yhdist\u00e4 y\u00f6kasteluh\u00e4lytin vanhempien matkapuhelimeen, jotta saat ilmoituksia vuodoista.<\/li>\n<li><strong>Luotettava havaitseminen:<\/strong> Suuri kohdealue, joka on mukautettu virtsavirtaan.<\/li>\n<li><strong>Mukava ja pehme\u00e4:<\/strong> Valmistettu korkealaatuisista, \u00d6ko-Tex-sertifioiduista kankaista, jotka ovat turvallisia ja hell\u00e4varaisia lasten iholle.<\/li>\n<li><strong>Kest\u00e4v\u00e4:<\/strong> Konepest\u00e4v\u00e4 60 \u00b0C:ssa ja kuivausrumpukuivaus.<\/li>\n<\/ul>\n<p><span style=\"color: #666666; font-size: 14px;\">Muista irrottaa Pjama-anturi y\u00f6kasteluh\u00e4lytint\u00e4 varten, kun sit\u00e4 ei k\u00e4ytet\u00e4 ja ennen pesua.<\/span><\/p>\n<h4>DryGuardians-sovellus ja bedwetting-klinikka<\/h4>\n<p>DryGuardians-sovelluksen avulla voit helposti seurata edistymist\u00e4 s\u00e4ngyn kastelun ja y\u00f6llisen y\u00f6kastelun hoidossa. DryGuardians tarjoaa yhteisty\u00f6ss\u00e4 ruotsalaisen terveydenhuollon kanssa kehitettyj\u00e4 ennusteita ja suosituksia, jotka on r\u00e4\u00e4t\u00e4l\u00f6ity hoitosi edistymisen mukaan ja varmistavat, ett\u00e4 se on optimoitu juuri sinun tilanteeseesi. Kirjaa kaikki tapaturmat ja tarkastele trendej\u00e4 ajan mittaan, mik\u00e4 voi auttaa sinua tai lastasi pysym\u00e4\u00e4n motivoituneena. Ker\u00e4tyt tiedot ovat my\u00f6s arvokkaita jaettavaksi l\u00e4\u00e4k\u00e4reiden kanssa, kun tarvitaan lis\u00e4neuvoja.   <\/p>\n<ul>\n<li>K\u00e4yt\u00e4 sovellusta \u00e4\u00e4niyksikk\u00f6n\u00e4 y\u00f6kasteluh\u00e4lyttimelle ja valitse erilaisia h\u00e4lytyssignaaleja.<\/li>\n<li>Kirjaa \u00f6iset tulokset kalenteriin, jotta voit seurata edistymist\u00e4 ja saada henkil\u00f6kohtaisia vinkkej\u00e4.<\/li>\n<li>Saat henkil\u00f6kohtaisia neuvoja ja tukea enureesin hoidon aikana.<\/li>\n<li>Aseta p\u00e4iv\u00e4h\u00e4lytykset, jotka muistuttavat sinua tai lastasi k\u00e4ym\u00e4\u00e4n vessassa p\u00e4iv\u00e4n aikana.<\/li>\n<\/ul>\n<p>DryGuardians-sovellus on ladattavissa ilmaiseksi <a href=\"https:\/\/play.google.com\/store\/apps\/details?id=com.pjama&amp;gl=fi&amp;hl=FI\" target=\"_blank\" rel=\"noopener\">Google Playsta tai<\/a> <a href=\"https:\/\/apps.apple.com\/fi\/app\/pjama\/id1498084664?mt=8&amp;l=fi\" target=\"_blank\" rel=\"noopener\">App Storesta.<\/a> Lue lis\u00e4\u00e4 bedwetting-klinikastamme ja siit\u00e4, miten voimme auttaa sinua tai lastasi <a href=\"https:\/\/pjama.eu\/fi\/\">verkkosivuillamme.<\/a><\/p>\n<h4>Hoitoprosessi &#8211; motivaatio ja k\u00e4rsiv\u00e4llisyys ovat avainasemassa<\/h4>\n<p>Y\u00f6llisen enureesin hoito vaatii motivaatiota ja k\u00e4rsiv\u00e4llisyytt\u00e4 erityisesti ensimm\u00e4isten viikkojen aikana. Sek\u00e4 lasten ett\u00e4 vanhempien on t\u00e4rke\u00e4\u00e4 asettaa realistisia tavoitteita ja juhlia edistyst\u00e4. Muista, ett\u00e4 kuiva s\u00e4nky ilman apuv\u00e4lineit\u00e4 on tavoite, ja matkaa voidaan helpottaa DryGuardians for Girlsin kaltaisilla v\u00e4lineill\u00e4.  <\/p>\n<p>Vanhempana voit pit\u00e4\u00e4 lapsesi motivoituneena antamalla positiivista palautetta ja kehuja. <g id=\"gid_0\">DryGuardians App -sovelluksen avulla voit saada vinkkej\u00e4 ja neuvoja ,<\/g> jotka on r\u00e4\u00e4t\u00e4l\u00f6ity hoidon edistymisen mukaan. T\u00e4m\u00e4 on turvallinen ja tehokas tie parempaan arkeen enureesista k\u00e4rsiville lapsille ja aikuisille.  <\/p>\n<p>\u00a9 2024 Pjama.<\/p>\n","protected":false},"excerpt":{"rendered":"<h3>Pjama DryGuardians &#8211; Alushousut ja h\u00e4lytinsarja &#8211; Briefs<\/h3>\n<p>Pjama DryGuardians &#8211; alusvaate- ja h\u00e4lytinsarja &#8211; Briefs on t\u00e4ydellinen palvelu, joka tarjoaa tehokasta ja turvallista hoitoa enureesiin (vuodekasteluun).<\/p>\n<ul>\n<li>Sis\u00e4lt\u00e4\u00e4 2 x Pjama DryGuardians &#8211; Alushousut &#8211; briefs-malli ja 1 x Pjama DryGuardians Y\u00f6kasteluh\u00e4lytinpaketti (anturi ja \u00e4\u00e4niyksikk\u00f6).<\/li>\n<li>Suuri kohdealue, joka mahdollistaa turvallisen ja nopean reagoinnin kasteluun.<\/li>\n<li>Yht\u00e4 pehme\u00e4t ja mukavat kuin tavalliset alusvaatteet.<\/li>\n<li>Konepest\u00e4v\u00e4 60 \u00b0C:ssa ja kuivausrumpukuivaus.<\/li>\n<\/ul>\n<p>Lataa DryGuardians-sovellus, joka on ilmainen hoitopalvelu vuodekastelua varten, Google <a href=\"https:\/\/play.google.com\/store\/apps\/details?id=com.pjama&amp;gl=fi&amp;hl=FI\">Playsta tai App Storesta<\/a> <a href=\"https:\/\/apps.apple.com\/fi\/app\/pjama\/id1498084664?mt=8&amp;l=fi\">.<\/a><\/p>\n","protected":false},"featured_media":31184,"template":"","meta":{"_et_pb_use_builder":"off","_et_pb_old_content":"<h3>BEDWETTING ALARM WITH UNISEX BRIEFS UNDERWEAR- STARTER KIT<\/h3>\r\nPjama Bedwetting Alarm with Unisex Briefs Underwear-Starter Kit is a complete product for treatment of bedwetting. The Pjama Bedwetting Alarm also connects to smartphone. Download the app from <a href=\"https:\/\/play.google.com\/store\/apps\/details?id=com.pjama\">Google Play<\/a> or <a href=\"https:\/\/apps.apple.com\/us\/app\/pjama\/id1498084664\">App Store<\/a>.\r\n\r\nPjama Treatment Unisex Briefs underwear has sewn-in sensor threads, adapted for both boys and girls, to which you easily connect the Pjama Bedwetting Alarm. The Pjama Bedwetting Alarm includes 1 Pjama Sensor and 1 Pjama Speaker.\r\n\r\nFor treatment, you simply connect the Pjama Sensor to 2 small buttons by the waist of the Pjama Treatment Unisex Briefs underwear which in turn wirelessly communicates with the bedwetting alarm unit or your smartphone.\r\nSuitable for laundry in the washing machine at 60 degrees and tumble dry.\r\n\r\nWearing Pjama Treatment Unisex Briefs underwear are as nice as wearing any other underwear, while being able to connect to a sensitive bedwetting alarm system.\r\n<h4>The Product includes:<\/h4>\r\n2 x Pjama Treatment Unisecx Briefs Underwear\r\n1 x Pjama Bedwetting Alarm (Sensor and Speaker)\r\n<h4>MATERIAL<\/h4>\r\nThe Pjama Treatment Unisex Briefs are made of fabrics that are Oeko-Tex certified.\r\n<h4>WASHING<\/h4>\r\nWash and tumble dry product at maximum 60 degrees.\r\nPlease note that when you use Pjama Bedwetting Alarm with the product, be sure to snap off the small Pjama Sensor for Bedwetting Alarm connected to the briefs before washing.\r\n<h4>FOLLOW YOUR DEVELOPMENT WITH THE PJAMA APP AND PJAMA BEDWETTING CLINIC<\/h4>\r\nThe Pjama App includes several functionalities; you get access to the alarm function and can set different alarm signals, in the calendar you can log the progress and success, you can find general tips and advice to assist with the bedwetting treatment. It is also possible to set day alarms for the children who suffer from leakage even during the day. The Pjama app is free to download from <a href=\"https:\/\/play.google.com\/store\/apps\/details?id=com.pjama\">Google Play<\/a> or <a href=\"https:\/\/apps.apple.com\/us\/app\/pjama\/id1498084664\">App Store<\/a>.\r\n\r\nPjama Bedwetting Clinic gives you customized tips and advice during bedwetting treatment.\r\nDo not forget to record the outcome of the night in the Pjama App so that you can keep track of your, or your child's, progress.\r\n\r\nRead more about the Pjama App and <a href=\"https:\/\/pjama.eu\/bedwetting-clinic\/\">Bedwetting Clinic on our website.<\/a>\r\n<h4>TREATMENT IS A PROCESS WHERE MOTIVATION IS THE KEY<\/h4>\r\nPatience is the key! For a faster and long-term improvement, patience and motivation is needed. If you are a new Pjama user, it is good if you have your ultimate goal in mind - a dry bed without aids. If your end goal feels far away, you can set smaller goals along the way.\r\nAnd never forget that you will get through this!","_et_gb_content_width":""},"product_brand":[],"product_cat":[238,222,236,237],"product_tag":[],"class_list":{"0":"post-23208","1":"product","2":"type-product","3":"status-publish","4":"has-post-thumbnail","6":"product_cat-yokasteluhalytin","7":"product_cat-lapset","8":"product_cat-pjama-hoito","9":"product_cat-pjamadryguardians_2025","10":"product_shipping_class-eu","11":"pa_size-ika-10-12","12":"pa_size-ika-5-6","13":"pa_size-ika-6-8","14":"pa_size-ika-8-10","15":"pa_size-pieni","17":"first","18":"instock","19":"taxable","20":"shipping-taxable","21":"purchasable","22":"product-type-composite"},"composite_virtual":false,"composite_layout":"single","composite_add_to_cart_form_location":"default","composite_editable_in_cart":false,"composite_sold_individually_context":"product","composite_shop_price_calc":"min_max","composite_components":[{"id":"1743166762","title":"Pjama Bedwetting Alarm","description":"<p>Y\u00f6kasteluh\u00e4lytin kaiuttimella ja anturilla.<\/p>\n","query_type":"product_ids","query_ids":[23216],"default_option_id":23216,"thumbnail_id":6376,"thumbnail_src":"https:\/\/pjama.eu\/wp-content\/uploads\/Pjama-alarm-600x400-1-300x300-1.jpeg","quantity_min":1,"quantity_max":1,"priced_individually":true,"shipped_individually":false,"optional":false,"discount":"","options_style":"dropdowns","pagination_style":"classic","display_prices":"absolute","show_sorting_options":false,"show_filtering_options":false,"attribute_filter_ids":[],"select_action":"view","product_title_visible":false,"product_descr_visible":false,"product_price_visible":true,"product_thumb_visible":true,"subtotal_visible_product":false,"subtotal_visible_cart":true,"subtotal_visible_orders":true},{"id":"1743166763","title":"Hoito Briefs","description":"<p>Bedwetting hoito alusvaatteet. Ei imukykyinen. <\/p>\n","query_type":"product_ids","query_ids":[23233],"default_option_id":23233,"thumbnail_id":3729,"thumbnail_src":"https:\/\/pjama.eu\/wp-content\/uploads\/hipster-only.jpg","quantity_min":2,"quantity_max":6,"priced_individually":true,"shipped_individually":false,"optional":false,"discount":"","options_style":"dropdowns","pagination_style":"classic","display_prices":"absolute","show_sorting_options":false,"show_filtering_options":false,"attribute_filter_ids":[],"select_action":"view","product_title_visible":false,"product_descr_visible":false,"product_price_visible":true,"product_thumb_visible":true,"subtotal_visible_product":false,"subtotal_visible_cart":true,"subtotal_visible_orders":true}],"composite_scenarios":[],"_links":{"self":[{"href":"https:\/\/pjama.eu\/fi\/wp-json\/wp\/v2\/product\/23208","targetHints":{"allow":["GET"]}}],"collection":[{"href":"https:\/\/pjama.eu\/fi\/wp-json\/wp\/v2\/product"}],"about":[{"href":"https:\/\/pjama.eu\/fi\/wp-json\/wp\/v2\/types\/product"}],"wp:featuredmedia":[{"embeddable":true,"href":"https:\/\/pjama.eu\/fi\/wp-json\/wp\/v2\/media\/31184"}],"wp:attachment":[{"href":"https:\/\/pjama.eu\/fi\/wp-json\/wp\/v2\/media?parent=23208"}],"wp:term":[{"taxonomy":"product_brand","embeddable":true,"href":"https:\/\/pjama.eu\/fi\/wp-json\/wp\/v2\/product_brand?post=23208"},{"taxonomy":"product_cat","embeddable":true,"href":"https:\/\/pjama.eu\/fi\/wp-json\/wp\/v2\/product_cat?post=23208"},{"taxonomy":"product_tag","embeddable":true,"href":"https:\/\/pjama.eu\/fi\/wp-json\/wp\/v2\/product_tag?post=23208"}],"curies":[{"name":"wp","href":"https:\/\/api.w.org\/{rel}","templated":true}]}}